{"id":1016,"date":"2021-10-24T23:10:56","date_gmt":"2021-10-24T21:10:56","guid":{"rendered":"https:\/\/ag-frisch.com\/?page_id=1016"},"modified":"2023-05-02T09:25:08","modified_gmt":"2023-05-02T07:25:08","slug":"seefracht-aus-china","status":"publish","type":"page","link":"https:\/\/ag-frisch.com\/de\/seefracht-aus-china\/","title":{"rendered":"Seefracht"},"content":{"rendered":"<p>[et_pb_section fb_built=&#8221;1&#8243; _builder_version=&#8221;4.16&#8243; _module_preset=&#8221;default&#8221; global_colors_info=&#8221;{}&#8221;][et_pb_row _builder_version=&#8221;4.16&#8243; _module_preset=&#8221;default&#8221; global_colors_info=&#8221;{}&#8221;][et_pb_column type=&#8221;4_4&#8243; _builder_version=&#8221;4.16&#8243; _module_preset=&#8221;default&#8221; global_colors_info=&#8221;{}&#8221;][et_pb_cta title=&#8221;Seefracht aus China&#8221; button_url=&#8221;https:\/\/ag-frisch.com\/de\/buchung\/&#8221; button_text=&#8221;Jetzt vom Profi verschiffen lassen&#8221; _builder_version=&#8221;4.18.1&#8243; _module_preset=&#8221;default&#8221; link_option_url=&#8221;https:\/\/ag-frisch.com\/de\/buchung\/&#8221; global_colors_info=&#8221;{}&#8221;]<\/p>\n<p>Wir verschiffen Ihre Ware per Seefracht aus China in die EU, z. B. nach Hamburg, Rotterdam oder Antwerpen.<\/p>\n<p>[\/et_pb_cta][et_pb_text _builder_version=&#8221;4.16&#8243; _module_preset=&#8221;default&#8221; global_colors_info=&#8221;{}&#8221;]<\/p>\n<h1>Seefracht aus China<\/h1>\n<p><strong>Der Standard-Versandweg f\u00fcr die meisten G\u00fcter<\/strong><\/p>\n<p>Die meisten G\u00fcter, die aus China nach Deutschland gesendet werden, kommen \u00fcber den Seeweg. Der Vorteil dieser Transportoption liegt in dem au\u00dferordentlich geringen Preis. Gegen\u00fcber Bahn- oder gar Luftfracht sind hier erhebliche Ersparnisse m\u00f6glich. Nachteilig ist je nach Produkt die relativ lange Transportzeit von Seefracht aus China. F\u00fcr die Lieferung mittels Seecontainer aus China sollten Sie sich entscheiden, wenn Sie:<\/p>\n<ul>\n<li>gro\u00dfe Mengen zu versenden haben<\/li>\n<li>den g\u00fcnstigsten Preis f\u00fcr den Versand wollen<\/li>\n<li>auf Ihre Ware 4-6 Wochen warten k\u00f6nnen<\/li>\n<\/ul>\n<p>Der Versandweg der Seefracht aus China ist ein bew\u00e4hrter Weg, der besonders gut handhabbar und kalkulierbar ist.<\/p>\n<p>&nbsp;<\/p>\n<p><strong>Versand gro\u00dfer Mengen per Seecontainer aus China<\/strong><\/p>\n<p>Wenn Sie gro\u00dfe Mengen von Artikeln oder sperriges Gut importieren, ist der Containertransport aus China mittels Seeweg in den meisten F\u00e4llen die beste Wahl. Die Seefracht lohnt sich ne nach Anbieter schon ab 100 Kilogramm (FOB \u2013 bis an Bord) oder 200 Kilogramm (EXW \u2013 ab Werk), beziehungsweise 0,5 und 1 Kubikmeter. Sollten Sie kleinere Sendungen\/St\u00fcckzahlen oder beispielsweise Erstmuster versenden wollen, empfehlen wir die Luftfracht oder direkt den Expressversand aus China.<\/p>\n<p>&nbsp;<\/p>\n<p><strong>Dauer des Versands per Seefracht aus China<\/strong><\/p>\n<p>Ein Schiff ben\u00f6tigt eine gewisse Zeit, um \u00fcber den Seeweg vom Pazifischen \u00fcber den Indischen Ozean, durch den Suezkanal und schlie\u00dflich \u00fcber Mittelmeer und Atlantik nach Europa zu gelangen. Vier bis sechs Wochen Transportzeit sind realistisch \u2013 es sind nun einmal gewaltige Strecken zu \u00fcberwinden. Diese Zeiten k\u00f6nnen etwas nach oben oder unten abweichen, \u00fcblicherweise bewegen sich die Fristen aber in diesem Rahmen.<\/p>\n<p>In letzter Zeit wird auch die Nordostpassage durch die Arktis erwogen. M\u00f6glicherweise werden sich die Transportzeiten f\u00fcr die Seefracht aus China noch erheblich, rund zwei Wochen, verk\u00fcrzen \u2013 doch das ist noch Zukunftsmusik, die wir unseren Kunden derzeit nicht standardm\u00e4\u00dfig anbieten.<\/p>\n<p>&nbsp;<\/p>\n<p><strong>Klarer Vorteil des Seewegs: niedrige Kosten<\/strong><\/p>\n<p>Express- und Luftfracht sind am teuersten, doch auch der Transport per Bahnfracht schl\u00e4gt noch mit dreimal so hohen Kosten wie per Schiff zu Buche. Der Containertransport aus China \u00fcber den Seeweg ist die g\u00fcnstigste M\u00f6glichkeit, Waren aus China nach Deutschland zu versenden. Neben anderen Faktoren \u2013 wie der relativen Unabh\u00e4ngigkeit von politischen Blockaden auf dem Festland \u2013 ist der Seeweg daher die am h\u00e4ufigsten gew\u00e4hlte Transportmethode.<\/p>\n<p>&nbsp;<\/p>\n<p><strong>Zuladungen, Sammelgut und LCL (St\u00fcckgut) per Seefracht aus China<\/strong><\/p>\n<p>Die Agentur Frisch l\u00e4sst von praktisch jedem chinesischen Haupthafen w\u00f6chentlich einen Sammelcontainer nach Deutschland transportieren. Das bietet Ihnen die M\u00f6glichkeit, Ihre St\u00fcckgutsendungen in unserem Seecontainer aus China beizuladen. Mit dieser Option der LCL-Fracht (Less than Container Load) sparen Sie viel Geld.<\/p>\n<p>Auch k\u00f6nnen Sie von uns Ihre Waren von verschiedenen Herstellern aus China einsammeln und in einem Container verschiffen lassen.<\/p>\n<p>&nbsp;<\/p>\n<p><strong>Agentur Frisch \u2013 Ihr Logistikdienstleister f\u00fcr den Containertransport aus China<\/strong><\/p>\n<p>Aufgrund unserer umfangreichen Erfahrungen im China-Import und allen verbundenen Leistungen k\u00f6nnen wir f\u00fcr Sie in einem Beratungsgespr\u00e4ch den besten Transportweg ermitteln. Damit zusammenh\u00e4ngend finden und empfehlen wir Ihnen auch die besten Dienstleister f\u00fcr die verschiedenen Transportabschnitte.<\/p>\n<p>Weitere Leistungen der Agentur Frisch umfassen:<\/p>\n<ul>\n<li>Vorlauf ggf. bei EXW (vom Lieferanten bis zum Hafen in China)<\/li>\n<li>Verschiffung von Seefrachtcontainern (20FCL\/ 40FCL und 40HQ)<\/li>\n<li>Verschiffung von St\u00fcckgut (LCL) aus China<\/li>\n<li>Sammelcontainer Ihrer Waren von verschiedenen Lieferanten aus China<\/li>\n<li>Eindeckung der Transportversicherung<\/li>\n<li>Verzollung im Hafen in Europa\/Deutschland (z. B. Rotterdam\/Hamburg)<\/li>\n<li>Anlieferung innerhalb der EU z. B. per Bahn oder Lkw<\/li>\n<\/ul>\n<p>&nbsp;<\/p>\n<p><strong>Sprechen Sie uns an \u2013 wir freuen uns darauf, unsere Expertise in den Dienst Ihres Containertransports aus China zu stellen!<\/strong>[\/et_pb_text][\/et_pb_column][\/et_pb_row][et_pb_row _builder_version=&#8221;4.16&#8243; _module_preset=&#8221;default&#8221; global_colors_info=&#8221;{}&#8221;][et_pb_column type=&#8221;4_4&#8243; _builder_version=&#8221;4.16&#8243; _module_preset=&#8221;default&#8221; global_colors_info=&#8221;{}&#8221;][\/et_pb_column][\/et_pb_row][\/et_pb_section][et_pb_section fb_built=&#8221;1&#8243; admin_label=&#8221;Testimonials&#8221; _builder_version=&#8221;4.16&#8243; use_background_color_gradient=&#8221;on&#8221; background_color_gradient_stops=&#8221;rgba(0,106,156,0.85) 0%|rgba(0,106,156,0.85) 100%&#8221; background_color_gradient_start=&#8221;rgba(0,106,156,0.85)&#8221; background_color_gradient_end=&#8221;rgba(0,106,156,0.85)&#8221; custom_padding=&#8221;90px||60px|&#8221; animation_style=&#8221;fold&#8221; animation_direction=&#8221;bottom&#8221; animation_intensity_fold=&#8221;4%&#8221; global_colors_info=&#8221;{}&#8221;][et_pb_row _builder_version=&#8221;4.16&#8243; background_size=&#8221;initial&#8221; background_position=&#8221;top_left&#8221; background_repeat=&#8221;repeat&#8221; custom_width_px=&#8221;710px&#8221; locked=&#8221;off&#8221; global_colors_info=&#8221;{}&#8221;][et_pb_column type=&#8221;4_4&#8243; _builder_version=&#8221;4.16&#8243; background_position=&#8221;top_left&#8221; custom_padding=&#8221;|||&#8221; global_colors_info=&#8221;{}&#8221; custom_padding__hover=&#8221;|||&#8221;][et_pb_text admin_label=&#8221;Testimonials Section Title&#8221; _builder_version=&#8221;4.16&#8243; header_font=&#8221;Montserrat||||&#8221; header_font_size=&#8221;36px&#8221; background_size=&#8221;initial&#8221; background_position=&#8221;top_left&#8221; background_repeat=&#8221;repeat&#8221; text_orientation=&#8221;center&#8221; background_layout=&#8221;dark&#8221; max_width=&#8221;710px&#8221; module_alignment=&#8221;center&#8221; animation_style=&#8221;fold&#8221; animation_direction=&#8221;bottom&#8221; animation_intensity_fold=&#8221;20%&#8221; global_colors_info=&#8221;{}&#8221;]<\/p>\n<h1>\u00dcber 5000 zufriedene Kunden.<\/h1>\n<p>&nbsp;<\/p>\n<p>[\/et_pb_text][et_pb_divider color=&#8221;#ffffff&#8221; divider_weight=&#8221;3px&#8221; disabled_on=&#8221;off|off|off&#8221; _builder_version=&#8221;4.16&#8243; background_color_gradient_direction=&#8221;90deg&#8221; max_width=&#8221;100px&#8221; module_alignment=&#8221;center&#8221; height=&#8221;5px&#8221; custom_margin=&#8221;||20px|&#8221; custom_padding=&#8221;||20px|&#8221; animation_style=&#8221;slide&#8221; animation_direction=&#8221;bottom&#8221; saved_tabs=&#8221;all&#8221; locked=&#8221;off&#8221; global_colors_info=&#8221;{}&#8221;][\/et_pb_divider][\/et_pb_column][\/et_pb_row][et_pb_row column_structure=&#8221;1_2,1_2&#8243; _builder_version=&#8221;4.18.1&#8243; _module_preset=&#8221;default&#8221; global_colors_info=&#8221;{}&#8221;][et_pb_column type=&#8221;1_2&#8243; _builder_version=&#8221;4.18.1&#8243; _module_preset=&#8221;default&#8221; global_colors_info=&#8221;{}&#8221;][et_pb_testimonial author=&#8221;Marco&#8221; portrait_url=&#8221;https:\/\/ag-frisch.com\/wp-content\/uploads\/2021\/08\/Harald.png&#8221; quote_icon=&#8221;off&#8221; _builder_version=&#8221;4.18.1&#8243; _module_preset=&#8221;default&#8221; body_font_size=&#8221;16px&#8221; use_background_color=&#8221;off&#8221; background_layout=&#8221;dark&#8221; global_colors_info=&#8221;{}&#8221;]Ich habe die Agentur Frisch beauftragt ein gr\u00f6\u00dferes M\u00f6belst\u00fcck in China produzieren zu lassen um es dann folglich nach Deutschland zu \u00fcberf\u00fchren. Per Mail erfolgte die ganze Zeit \u00fcber eine reibungslose Kommunikation! Sehr schnelle und zuverl\u00e4ssige Antworten vermittelten mir st\u00e4ndig die Sicherheiten, die bei so einen Unterfangen unerl\u00e4sslich sind. Jederzeit wurde mir durch den B\u00fcrokratiedschungel geholfen und dabei wurden keine Formulare vergessen oder falsch ausgef\u00fcllt. Sehr lobenswert!<a href=\"&lt;div class=&quot;pe-richsnippets&quot;&gt;&amp;nbsp;&lt;\/div&gt; &lt;script type=&quot;text\/javascript&quot; src=&quot;https:\/\/www.provenexpert.com\/widget\/richsnippet.js?u=1NUA0VwZ4RUZ5tmAi5zA4RaplNKAlWwZ&amp;v=2&quot; async&gt;&lt;\/script&gt; &lt;div style=&quot;text-align: justify;&quot;&gt;&lt;br \/&gt;\"><\/a><\/p>\n<div class=\"brow ratingBarMargin\">\n<div class=\"ratingBar\">\n<div class=\"brow\">\n<div class=\"pe-richsnippets\">&nbsp;<\/div>\n<p><script type=\"text\/javascript\" src=\"https:\/\/www.provenexpert.com\/widget\/richsnippet.js?u=1NUA0VwZ4RUZ5tmAi5zA4RaplNKAlWwZ&#038;v=2\" async><\/script><\/p>\n<div style=\"text-align: justify;\"><\/p>\n<div class=\"col-lg-9 col-md-8 col-xs-10 mt20 mb20\">\n<div class=\"col-xs-12 surveyNameForRating\"><\/div>\n<\/div>\n<\/div>\n<\/div>\n<\/div>\n<\/div>\n<p>[\/et_pb_testimonial][\/et_pb_column][et_pb_column type=&#8221;1_2&#8243; _builder_version=&#8221;4.18.1&#8243; _module_preset=&#8221;default&#8221; global_colors_info=&#8221;{}&#8221;][et_pb_testimonial author=&#8221;Simone L.&#8221; portrait_url=&#8221;https:\/\/ag-frisch.com\/wp-content\/uploads\/2021\/08\/Harald.png&#8221; quote_icon=&#8221;off&#8221; _builder_version=&#8221;4.18.1&#8243; _module_preset=&#8221;default&#8221; body_font_size=&#8221;16px&#8221; use_background_color=&#8221;off&#8221; background_layout=&#8221;dark&#8221; global_colors_info=&#8221;{}&#8221;]<\/p>\n<p>Alles Top. Besser geht nicht. Beratung und Durchf\u00fchrung kann man nicht besser machen. Wir sind nach mehreren Bestellungen bei diesem Unternehmen mehr als zufrieden und setzen die Zusammenarbeit fort.<\/p>\n<div class=\"brow ratingBarMargin\">\n<div class=\"ratingBar\">\n<div class=\"brow\">\n<div class=\"pe-richsnippets\">\u00a0<\/div>\n<p>\n<script type=\"text\/javascript\" src=\"https:\/\/www.provenexpert.com\/widget\/richsnippet.js?u=1NUA0VwZ4RUZ5tmAi5zA4RaplNKAlWwZ&amp;v=2\" async=\"\"><\/script>\n<\/p>\n<div style=\"text-align: justify;\">\n<p>&nbsp;<\/p>\n<div class=\"col-lg-9 col-md-8 col-xs-10 mt20 mb20\">\n<div class=\"col-xs-12 surveyNameForRating\"><\/div>\n<\/div>\n<\/div>\n<\/div>\n<\/div>\n<\/div>\n<p>[\/et_pb_testimonial][\/et_pb_column][\/et_pb_row][et_pb_row _builder_version=&#8221;4.16&#8243; background_size=&#8221;initial&#8221; background_position=&#8221;top_left&#8221; background_repeat=&#8221;repeat&#8221; custom_padding=&#8221;50px|0px|30px|0px&#8221; custom_css_main_element=&#8221;text-align: center;&#8221; global_colors_info=&#8221;{}&#8221;][et_pb_column type=&#8221;4_4&#8243; _builder_version=&#8221;4.16&#8243; custom_padding=&#8221;|||&#8221; global_colors_info=&#8221;{}&#8221; custom_padding__hover=&#8221;|||&#8221;][et_pb_button button_url=&#8221;https:\/\/www.provenexpert.com\/de-de\/agentur-frisch-international-consulting-gmbh-und-co-kg\/&#8221; button_text=&#8221;MEHR BEWERTUNGEN&#8221; button_alignment=&#8221;left&#8221; admin_label=&#8221;Testimonial Button&#8221; _builder_version=&#8221;4.16&#8243; custom_button=&#8221;on&#8221; button_text_size=&#8221;18px&#8221; button_text_color=&#8221;#ffffff&#8221; button_bg_color=&#8221;#6eba01&#8243; button_border_width=&#8221;2px&#8221; button_border_color=&#8221;#6eba01&#8243; button_border_radius=&#8221;0px&#8221; button_letter_spacing=&#8221;2px&#8221; button_font=&#8221;Montserrat|||on|&#8221; button_use_icon=&#8221;off&#8221; animation_style=&#8221;fold&#8221; animation_direction=&#8221;bottom&#8221; button_text_color_hover=&#8221;#ffffff&#8221; button_border_color_hover=&#8221;#ffffff&#8221; button_border_radius_hover=&#8221;0px&#8221; button_letter_spacing_hover=&#8221;2px&#8221; button_bg_color_hover=&#8221;rgba(255,255,255,0)&#8221; locked=&#8221;off&#8221; global_colors_info=&#8221;{}&#8221; button_text_size__hover_enabled=&#8221;off&#8221; button_one_text_size__hover_enabled=&#8221;off&#8221; button_two_text_size__hover_enabled=&#8221;off&#8221; button_text_color__hover_enabled=&#8221;on&#8221; button_text_color__hover=&#8221;#ffffff&#8221; button_one_text_color__hover_enabled=&#8221;off&#8221; button_two_text_color__hover_enabled=&#8221;off&#8221; button_border_width__hover_enabled=&#8221;off&#8221; button_one_border_width__hover_enabled=&#8221;off&#8221; button_two_border_width__hover_enabled=&#8221;off&#8221; button_border_color__hover_enabled=&#8221;on&#8221; button_border_color__hover=&#8221;#ffffff&#8221; button_one_border_color__hover_enabled=&#8221;off&#8221; button_two_border_color__hover_enabled=&#8221;off&#8221; button_border_radius__hover_enabled=&#8221;on&#8221; button_border_radius__hover=&#8221;0px&#8221; button_one_border_radius__hover_enabled=&#8221;off&#8221; button_two_border_radius__hover_enabled=&#8221;off&#8221; button_letter_spacing__hover_enabled=&#8221;on&#8221; button_letter_spacing__hover=&#8221;2px&#8221; button_one_letter_spacing__hover_enabled=&#8221;off&#8221; button_two_letter_spacing__hover_enabled=&#8221;off&#8221; button_bg_color__hover_enabled=&#8221;on&#8221; button_bg_color__hover=&#8221;rgba(255,255,255,0)&#8221; button_one_bg_color__hover_enabled=&#8221;off&#8221; button_two_bg_color__hover_enabled=&#8221;off&#8221;][\/et_pb_button][\/et_pb_column][\/et_pb_row][\/et_pb_section]<\/p>\n","protected":false},"excerpt":{"rendered":"<p>Wir verschiffen Ihre Ware per Seefracht aus China in die EU, z. B. nach Hamburg, Rotterdam oder Antwerpen.Seefracht aus China Der Standard-Versandweg f\u00fcr die meisten G\u00fcter Die meisten G\u00fcter, die aus China nach Deutschland gesendet werden, kommen \u00fcber den Seeweg. Der Vorteil dieser Transportoption liegt in dem au\u00dferordentlich geringen Preis. Gegen\u00fcber Bahn- oder gar Luftfracht [&hellip;]<\/p>\n","protected":false},"author":2,"featured_media":0,"parent":0,"menu_order":0,"comment_status":"closed","ping_status":"closed","template":"","meta":{"_et_pb_use_builder":"on","_et_pb_old_content":"","_et_gb_content_width":"","footnotes":""},"class_list":["post-1016","page","type-page","status-publish","hentry"],"yoast_head":"<!-- This site is optimized with the Yoast SEO plugin v27.2 - https:\/\/yoast.com\/product\/yoast-seo-wordpress\/ -->\n<title>Seefracht aus China: Im Seecontainer aus China importieren<\/title>\n<meta name=\"description\" content=\"Seefracht aus China \u25ba Versand gro\u00dfer Mengen per Seecontainer aus China \u25ba Ware sicher auf Seeweg importieren \u25ba Jetzt von Experten beraten lassen!\" \/>\n<meta name=\"robots\" content=\"index, follow, max-snippet:-1, max-image-preview:large, max-video-preview:-1\" \/>\n<link rel=\"canonical\" href=\"https:\/\/ag-frisch.com\/de\/seefracht-aus-china\/\" \/>\n<meta property=\"og:locale\" content=\"de_DE\" \/>\n<meta property=\"og:type\" content=\"article\" \/>\n<meta property=\"og:title\" content=\"Seefracht aus China: Im Seecontainer aus China importieren\" \/>\n<meta property=\"og:description\" content=\"Seefracht aus China \u25ba Versand gro\u00dfer Mengen per Seecontainer aus China \u25ba Ware sicher auf Seeweg importieren \u25ba Jetzt von Experten beraten lassen!\" \/>\n<meta property=\"og:url\" content=\"https:\/\/ag-frisch.com\/de\/seefracht-aus-china\/\" \/>\n<meta property=\"og:site_name\" content=\"China Import Beratung f\u00fcr den Einkauf aus China\" \/>\n<meta property=\"article:publisher\" content=\"https:\/\/www.facebook.com\/China.Import\" \/>\n<meta property=\"article:modified_time\" content=\"2023-05-02T07:25:08+00:00\" \/>\n<meta name=\"twitter:card\" content=\"summary_large_image\" \/>\n<meta name=\"twitter:site\" content=\"@agenturfrisch\" \/>\n<meta name=\"twitter:label1\" content=\"Gesch\u00e4tzte Lesezeit\" \/>\n\t<meta name=\"twitter:data1\" content=\"8\u00a0Minuten\" \/>\n<script type=\"application\/ld+json\" class=\"yoast-schema-graph\">{\"@context\":\"https:\/\/schema.org\",\"@graph\":[{\"@type\":\"WebPage\",\"@id\":\"https:\/\/ag-frisch.com\/de\/seefracht-aus-china\/\",\"url\":\"https:\/\/ag-frisch.com\/de\/seefracht-aus-china\/\",\"name\":\"Seefracht aus China: Im Seecontainer aus China importieren\",\"isPartOf\":{\"@id\":\"https:\/\/ag-frisch.com\/de\/#website\"},\"datePublished\":\"2021-10-24T21:10:56+00:00\",\"dateModified\":\"2023-05-02T07:25:08+00:00\",\"description\":\"Seefracht aus China \u25ba Versand gro\u00dfer Mengen per Seecontainer aus China \u25ba Ware sicher auf Seeweg importieren \u25ba Jetzt von Experten beraten lassen!\",\"breadcrumb\":{\"@id\":\"https:\/\/ag-frisch.com\/de\/seefracht-aus-china\/#breadcrumb\"},\"inLanguage\":\"de\",\"potentialAction\":[{\"@type\":\"ReadAction\",\"target\":[\"https:\/\/ag-frisch.com\/de\/seefracht-aus-china\/\"]}]},{\"@type\":\"BreadcrumbList\",\"@id\":\"https:\/\/ag-frisch.com\/de\/seefracht-aus-china\/#breadcrumb\",\"itemListElement\":[{\"@type\":\"ListItem\",\"position\":1,\"name\":\"Startseite\",\"item\":\"https:\/\/ag-frisch.com\/de\/\"},{\"@type\":\"ListItem\",\"position\":2,\"name\":\"Seefracht\"}]},{\"@type\":\"WebSite\",\"@id\":\"https:\/\/ag-frisch.com\/de\/#website\",\"url\":\"https:\/\/ag-frisch.com\/de\/\",\"name\":\"China Import Beratung f\u00fcr den Einkauf aus China\",\"description\":\"China Import &amp; Export Beratung - Der Dienstleister Ihres Vertrauens f\u00fcr Ihren China Import\",\"publisher\":{\"@id\":\"https:\/\/ag-frisch.com\/de\/#organization\"},\"potentialAction\":[{\"@type\":\"SearchAction\",\"target\":{\"@type\":\"EntryPoint\",\"urlTemplate\":\"https:\/\/ag-frisch.com\/de\/?s={search_term_string}\"},\"query-input\":{\"@type\":\"PropertyValueSpecification\",\"valueRequired\":true,\"valueName\":\"search_term_string\"}}],\"inLanguage\":\"de\"},{\"@type\":\"Organization\",\"@id\":\"https:\/\/ag-frisch.com\/de\/#organization\",\"name\":\"Agentur Frisch International Consulting GmbH & Co. KG\",\"url\":\"https:\/\/ag-frisch.com\/de\/\",\"logo\":{\"@type\":\"ImageObject\",\"inLanguage\":\"de\",\"@id\":\"https:\/\/ag-frisch.com\/de\/#\/schema\/logo\/image\/\",\"url\":\"https:\/\/ag-frisch.com\/wp-content\/uploads\/2021\/08\/ag_logo_rgb_300_small.png\",\"contentUrl\":\"https:\/\/ag-frisch.com\/wp-content\/uploads\/2021\/08\/ag_logo_rgb_300_small.png\",\"width\":153,\"height\":102,\"caption\":\"Agentur Frisch International Consulting GmbH & Co. KG\"},\"image\":{\"@id\":\"https:\/\/ag-frisch.com\/de\/#\/schema\/logo\/image\/\"},\"sameAs\":[\"https:\/\/www.facebook.com\/China.Import\",\"https:\/\/x.com\/agenturfrisch\"]}]}<\/script>\n<!-- \/ Yoast SEO plugin. -->","yoast_head_json":{"title":"Seefracht aus China: Im Seecontainer aus China importieren","description":"Seefracht aus China \u25ba Versand gro\u00dfer Mengen per Seecontainer aus China \u25ba Ware sicher auf Seeweg importieren \u25ba Jetzt von Experten beraten lassen!","robots":{"index":"index","follow":"follow","max-snippet":"max-snippet:-1","max-image-preview":"max-image-preview:large","max-video-preview":"max-video-preview:-1"},"canonical":"https:\/\/ag-frisch.com\/de\/seefracht-aus-china\/","og_locale":"de_DE","og_type":"article","og_title":"Seefracht aus China: Im Seecontainer aus China importieren","og_description":"Seefracht aus China \u25ba Versand gro\u00dfer Mengen per Seecontainer aus China \u25ba Ware sicher auf Seeweg importieren \u25ba Jetzt von Experten beraten lassen!","og_url":"https:\/\/ag-frisch.com\/de\/seefracht-aus-china\/","og_site_name":"China Import Beratung f\u00fcr den Einkauf aus China","article_publisher":"https:\/\/www.facebook.com\/China.Import","article_modified_time":"2023-05-02T07:25:08+00:00","twitter_card":"summary_large_image","twitter_site":"@agenturfrisch","twitter_misc":{"Gesch\u00e4tzte Lesezeit":"8\u00a0Minuten"},"schema":{"@context":"https:\/\/schema.org","@graph":[{"@type":"WebPage","@id":"https:\/\/ag-frisch.com\/de\/seefracht-aus-china\/","url":"https:\/\/ag-frisch.com\/de\/seefracht-aus-china\/","name":"Seefracht aus China: Im Seecontainer aus China importieren","isPartOf":{"@id":"https:\/\/ag-frisch.com\/de\/#website"},"datePublished":"2021-10-24T21:10:56+00:00","dateModified":"2023-05-02T07:25:08+00:00","description":"Seefracht aus China \u25ba Versand gro\u00dfer Mengen per Seecontainer aus China \u25ba Ware sicher auf Seeweg importieren \u25ba Jetzt von Experten beraten lassen!","breadcrumb":{"@id":"https:\/\/ag-frisch.com\/de\/seefracht-aus-china\/#breadcrumb"},"inLanguage":"de","potentialAction":[{"@type":"ReadAction","target":["https:\/\/ag-frisch.com\/de\/seefracht-aus-china\/"]}]},{"@type":"BreadcrumbList","@id":"https:\/\/ag-frisch.com\/de\/seefracht-aus-china\/#breadcrumb","itemListElement":[{"@type":"ListItem","position":1,"name":"Startseite","item":"https:\/\/ag-frisch.com\/de\/"},{"@type":"ListItem","position":2,"name":"Seefracht"}]},{"@type":"WebSite","@id":"https:\/\/ag-frisch.com\/de\/#website","url":"https:\/\/ag-frisch.com\/de\/","name":"China Import Beratung f\u00fcr den Einkauf aus China","description":"China Import &amp; Export Beratung - Der Dienstleister Ihres Vertrauens f\u00fcr Ihren China Import","publisher":{"@id":"https:\/\/ag-frisch.com\/de\/#organization"},"potentialAction":[{"@type":"SearchAction","target":{"@type":"EntryPoint","urlTemplate":"https:\/\/ag-frisch.com\/de\/?s={search_term_string}"},"query-input":{"@type":"PropertyValueSpecification","valueRequired":true,"valueName":"search_term_string"}}],"inLanguage":"de"},{"@type":"Organization","@id":"https:\/\/ag-frisch.com\/de\/#organization","name":"Agentur Frisch International Consulting GmbH & Co. KG","url":"https:\/\/ag-frisch.com\/de\/","logo":{"@type":"ImageObject","inLanguage":"de","@id":"https:\/\/ag-frisch.com\/de\/#\/schema\/logo\/image\/","url":"https:\/\/ag-frisch.com\/wp-content\/uploads\/2021\/08\/ag_logo_rgb_300_small.png","contentUrl":"https:\/\/ag-frisch.com\/wp-content\/uploads\/2021\/08\/ag_logo_rgb_300_small.png","width":153,"height":102,"caption":"Agentur Frisch International Consulting GmbH & Co. KG"},"image":{"@id":"https:\/\/ag-frisch.com\/de\/#\/schema\/logo\/image\/"},"sameAs":["https:\/\/www.facebook.com\/China.Import","https:\/\/x.com\/agenturfrisch"]}]}},"_links":{"self":[{"href":"https:\/\/ag-frisch.com\/de\/wp-json\/wp\/v2\/pages\/1016","targetHints":{"allow":["GET"]}}],"collection":[{"href":"https:\/\/ag-frisch.com\/de\/wp-json\/wp\/v2\/pages"}],"about":[{"href":"https:\/\/ag-frisch.com\/de\/wp-json\/wp\/v2\/types\/page"}],"author":[{"embeddable":true,"href":"https:\/\/ag-frisch.com\/de\/wp-json\/wp\/v2\/users\/2"}],"replies":[{"embeddable":true,"href":"https:\/\/ag-frisch.com\/de\/wp-json\/wp\/v2\/comments?post=1016"}],"version-history":[{"count":0,"href":"https:\/\/ag-frisch.com\/de\/wp-json\/wp\/v2\/pages\/1016\/revisions"}],"wp:attachment":[{"href":"https:\/\/ag-frisch.com\/de\/wp-json\/wp\/v2\/media?parent=1016"}],"curies":[{"name":"wp","href":"https:\/\/api.w.org\/{rel}","templated":true}]}}