{"id":1058,"date":"2021-10-25T21:52:18","date_gmt":"2021-10-25T19:52:18","guid":{"rendered":"https:\/\/ag-frisch.com\/?page_id=1058"},"modified":"2024-08-22T08:07:38","modified_gmt":"2024-08-22T06:07:38","slug":"wareninspektion-in-china","status":"publish","type":"page","link":"https:\/\/ag-frisch.com\/de\/wareninspektion-in-china\/","title":{"rendered":"Wareninspektion"},"content":{"rendered":"<p>[et_pb_section fb_built=&#8221;1&#8243; _builder_version=&#8221;4.16&#8243; _module_preset=&#8221;default&#8221; global_colors_info=&#8221;{}&#8221;][et_pb_row _builder_version=&#8221;4.16&#8243; _module_preset=&#8221;default&#8221; global_colors_info=&#8221;{}&#8221;][et_pb_column type=&#8221;4_4&#8243; _builder_version=&#8221;4.16&#8243; _module_preset=&#8221;default&#8221; global_colors_info=&#8221;{}&#8221;][et_pb_cta title=&#8221;Wareninspektion in China&#8221; button_url=&#8221;\/inspektion-buchen\/&#8221; button_text=&#8221;Jetzt Inspektion in China buchen&#8221; _builder_version=&#8221;4.18.1&#8243; _module_preset=&#8221;default&#8221; global_colors_info=&#8221;{}&#8221;]<\/p>\n<p>Durch die Wareninspektion in China gehen Sie bei der Produktqualit\u00e4t sicher, bevor die Ware China verl\u00e4sst.<\/p>\n<p>[\/et_pb_cta][et_pb_text _builder_version=&#8221;4.16&#8243; _module_preset=&#8221;default&#8221; global_colors_info=&#8221;{}&#8221;]<\/p>\n<h1>Wareninspektion in China<\/h1>\n<p>Bei der Wareninspektion wird die Ware nach der Fertigstellung der Artikel gebucht, sobald die Ware fertig verpackt ist. Damit soll sichergestellt werden, dass die\u00a0 Ware nach den Vorgaben des K\u00e4ufers gefertigt wurde und das die produzierte Menge den Vorgaben des K\u00e4ufers entsprechen. Inspektionen bieten wir in insbesondere in China, Taiwan, Vietnam, S\u00fcdkorea und Indien an. Der Inspekteur entnimmt der Ware Proben und pr\u00fcft diese augenscheinlich nach der Gesamterscheinung, Qualit\u00e4t, Abmessungen, Farbe, Verpackung und weitere wichtige Produktdetails, vorrangig Details die Sie bei der Inspektionsbuchung als besonders wichtig angegeben haben.\u00a0<\/p>\n<p>\u00a0Standardm\u00e4\u00dfig umfasst die Wareninspektion:\u00a0<\/p>\n<ul>\n<li>\n<p><strong>Stichprobenartige Qualit\u00e4tskontrolle<\/strong>: Stichprobenartige \u00dcberpr\u00fcfung basierend auf dem AQL (Acceptable Quality Level) Standard. Hierbei werden zuf\u00e4llig ausgew\u00e4hlte Produkte aus der gesamten Charge gepr\u00fcft, um eine repr\u00e4sentative Bewertung der Qualit\u00e4t sicherzustellen.<\/p>\n<\/li>\n<li>\n<p><strong>Pr\u00fcfkriterien<\/strong>:<\/p>\n<ul>\n<li><strong>Visuelle Inspektion<\/strong>: \u00dcberpr\u00fcfung auf Materialfehler, korrekte Verarbeitung und Vollst\u00e4ndigkeit jeder Komponente.<\/li>\n<li><strong>Funktionspr\u00fcfung<\/strong>: Test der Aufbau- und Abbau-Mechanismen, um sicherzustellen, dass alle beweglichen Teile korrekt funktionieren.<\/li>\n<li><strong>Verpackungs\u00fcberpr\u00fcfung<\/strong>: Sicherstellung, dass die Verpackung ausreichend ist, um Transportsch\u00e4den zu vermeiden und die Anforderungen des Ziellandmarktes erf\u00fcllt.<\/li>\n<\/ul>\n<\/li>\n<li>\n<p><strong>Dokumentation und Reporting<\/strong>: Alle Ergebnisse der Inspektion werden in einem detaillierten Bericht festgehalten, der Fotodokumentationen der festgestellten M\u00e4ngel, eine \u00dcbersicht der gepr\u00fcften Mengen und detaillierte Beschreibungen aller festgestellten Probleme umfasst.<\/p>\n<\/li>\n<li>\n<p><strong>Abschlussbewertung und Freigabe<\/strong>: Nach Abschluss der Inspektion wird eine Endbewertung erstellt, die bestimmt, ob die Sendung die Qualit\u00e4tsstandards erf\u00fcllt und zur Verschiffung freigegeben werden kann.<\/p>\n<\/li>\n<\/ul>\n<p>&nbsp;<\/p>\n<h2>Pr\u00fcfung nach AQL<\/h2>\n<p>Produktqualit\u00e4t: Die Qualit\u00e4t des Endprodukts wird unter Ber\u00fccksichtigung der Acceptable Quality Limit (AQL) \u00fcberpr\u00fcft. Sofern dem Inspekteur ein Muster zugeschickt wurde, vergleicht der Inspekteur die Qualit\u00e4t anhand des Musters, ansonsten ist er von Ihren genauen Beschreibungen dazu abh\u00e4ngig. Wichtig ist bei der Inspektion auch die Beurteilung der Versandverpackung um Transportsch\u00e4den zu vermeiden. Weitere wichtige Details wie z. B. Funktionen, technische Eigenschaften und Handhabung k\u00f6nnen nach Ihren Vorgaben gepr\u00fcft werden, sofern es in der\u00a0 Fabrik die dazu m\u00f6glicherweise notwendigen Testger\u00e4te verf\u00fcgt. Selbstverst\u00e4ndlich geh\u00f6rt auch die Pr\u00fcfung der Etikettierung zum Umfang einer Wareninspektion, denn eine falsche Beschriftung von Produkt und\/ oder Verpackung kann zu Abmahnungen,\u00a0 Geldstrafen, R\u00fcckrufen oder schlechte Zuordnungsm\u00f6glichkeit der Ware f\u00fchren.\u00a0<\/p>\n<p>&nbsp;<\/p>\n<h2>Eine Wareninspektion vor Verschiffung der Waren aus China ist unerl\u00e4sslich<\/h2>\n<p>&nbsp;<\/p>\n<p>In fast allen L\u00e4ndern gibt es aufgrund der Globalisierung auch Produkte die aus anderen Teilen der Erde stammen \u2013 auch in Deutschland. Nachdem Deutschland dieses Jahr den Titel \u201eExportweltmeister\u201c an China abtreten musste, fragt man sich wie es mit der Qualit\u00e4t der im Ausland hergestellten Produkte grade auch aufgrund des starken<span>\u00a0<\/span><strong>Importes aus China<\/strong><span>\u00a0<\/span>ausschaut.<\/p>\n<p><strong>Waren aus China<\/strong><span>\u00a0<\/span>oder anderen asiatischen L\u00e4ndern sind in Deutschland aufgrund des g\u00fcnstigen Preises sehr beliebt, jedoch auch als Qualitativ minderwertig bekannt was jedoch nur teils richtig ist. Produkte aus China k\u00f6nnen ebenfalls hochwertig sein, wobei der Anteil im Vergleich zu Deutschland geringer ist. Aber warum ist die Qualit\u00e4t im Durchschnitt schlechter als in anderen L\u00e4ndern?<\/p>\n<p>Firmen verlegen Ihre Produktionen oft in diese Regionen \u2013 insbesondere nach China \u2013 da aufgrund fehlender Gesetzte, Umweltbestimmungen und geringen Lohnkosten Waren sehr g\u00fcnstig produziert werden k\u00f6nnen. Leider wird oft zus\u00e4tzlich an Material und Maschinen gespart um den Gewinn noch weiter zu steigern. Zudem m\u00fcssen Mitarbeiter oft unter starken Zeitdruck arbeiten, sodass Teile nicht gr\u00fcndlich verbaut und \u00fcberpr\u00fcft werden k\u00f6nnen und Waren meist ohne Pr\u00fcfung auf Funktion die Fabrik verlassen.<\/p>\n<p>Die in China gefertigten Produkte werden dann per Schiff nach Deutschland und in andere L\u00e4nder gebracht und k\u00f6nnen dort trotz Transport und Zollkosten zu einem sehr g\u00fcnstigen Preis verkauft werden. Im Vergleich zu China gibt es in Deutschland viele Richtlinien welche bei der Herstellung von Waren beachtet werden m\u00fcssen. Zus\u00e4tzlich sind die Lohnkosten f\u00fcr Arbeiter in Deutschland \u00fcber das 5-fache h\u00f6her. Zudem unterliegen hergestellte Produkte strengen<span>\u00a0<\/span><strong>Qualit\u00e4tskontrollen<\/strong>, welche den Verbraucher sch\u00fctzen sollen und es schwer machen minderwertige Waren zu produzieren. All diese Faktoren sind f\u00fcr die Vergleichsweise hohen Preise verantwortlich.<\/p>\n<p>Sind Waren aus China also schlecht? Diese Frage l\u00e4sst sich eindeutig mit Nein beantworten. Auch in China gibt es Firmen die sehr hochwertige Produkte herstellen, genau wie es in Deutschland Produkte in verschiedenen Preis\/Qualit\u00e4tsklassen gibt. Warum sind Qualit\u00e4tsprodukte aus China in Deutschland nicht so bekannt? Qualitativ hochwertige Waren werden in Deutschland erwartet und da qualitativ hochwertige Ware zumeist im Auftrag gro\u00dfer ausl\u00e4ndischer Markenfirmen hergestellt wird (OEM) wird kein Gedanke daran verschwendet, dass es sich dabei ebenfalls um Waren aus China handelt. Viele kleinere Importeure hingegen vernachl\u00e4ssigen das Thema<span>\u00a0<\/span><strong>Quali\u00e4tssicherung<span>\u00a0<\/span><\/strong>oder wollen so wenig f\u00fcr die Waren bezahlen, dass die Hersteller nur minderwertige Materialien verwenden k\u00f6nnen.<\/p>\n<p>China ist, auch wenn es nicht sehr gel\u00e4ufig ist auf einem technisch hohen Stand, was beispielsweise sehr gut an der Autoindustrie zu erkennen ist. In Importierten Modellen steckt oft viel Technik die in diesen Regionen der Welt gefertigt wird was f\u00fcr den Kunden jedoch kaum ersichtlich ist. Im Allgemein kann man heutzutage als Verbraucher nicht mehr wissen, wo das Produkt was ich kaufe gefertigt wurde. Auf den Verpackungen steht zwar der Fertigungsort, jedoch wei\u00df der Kunde nicht ob trotz einem \u201eMade in Germany\u201c Siegel einzelne Teile im Ausland hergestellt wurden.<\/p>\n<p>Durch eine eigene<span>\u00a0<\/span><strong>Qualit\u00e4tssicherung in China<\/strong><span>\u00a0<\/span>kann man das Risiko in der Qualit\u00e4t der eigenen Impote aus China erheblich minimieren. Daher ist es unerl\u00e4sslich selbst Qualit\u00e4tskontrollen und<span>\u00a0<\/span><a title=\"Wareninspektion in China\" href=\"http:\/\/www.wareninspektion.de\/\">Wareninspektionen<\/a><span>\u00a0<\/span>durchzuf\u00fchren, wenn man Produkte aus China importiert.<\/p>\n<p>[\/et_pb_text][\/et_pb_column][\/et_pb_row][\/et_pb_section][et_pb_section fb_built=&#8221;1&#8243; admin_label=&#8221;Testimonials&#8221; _builder_version=&#8221;4.16&#8243; use_background_color_gradient=&#8221;on&#8221; background_color_gradient_stops=&#8221;rgba(0,106,156,0.85) 0%|rgba(0,106,156,0.85) 100%&#8221; background_color_gradient_start=&#8221;rgba(0,106,156,0.85)&#8221; background_color_gradient_end=&#8221;rgba(0,106,156,0.85)&#8221; custom_padding=&#8221;90px||60px|&#8221; animation_style=&#8221;fold&#8221; animation_direction=&#8221;bottom&#8221; animation_intensity_fold=&#8221;4%&#8221; global_colors_info=&#8221;{}&#8221;][et_pb_row _builder_version=&#8221;4.16&#8243; background_size=&#8221;initial&#8221; background_position=&#8221;top_left&#8221; background_repeat=&#8221;repeat&#8221; custom_width_px=&#8221;710px&#8221; locked=&#8221;off&#8221; global_colors_info=&#8221;{}&#8221;][et_pb_column type=&#8221;4_4&#8243; _builder_version=&#8221;4.16&#8243; background_position=&#8221;top_left&#8221; custom_padding=&#8221;|||&#8221; global_colors_info=&#8221;{}&#8221; custom_padding__hover=&#8221;|||&#8221;][et_pb_text admin_label=&#8221;Testimonials Section Title&#8221; _builder_version=&#8221;4.16&#8243; header_font=&#8221;Montserrat||||&#8221; header_font_size=&#8221;36px&#8221; background_size=&#8221;initial&#8221; background_position=&#8221;top_left&#8221; background_repeat=&#8221;repeat&#8221; text_orientation=&#8221;center&#8221; background_layout=&#8221;dark&#8221; max_width=&#8221;710px&#8221; module_alignment=&#8221;center&#8221; animation_style=&#8221;fold&#8221; animation_direction=&#8221;bottom&#8221; animation_intensity_fold=&#8221;20%&#8221; global_colors_info=&#8221;{}&#8221;]<\/p>\n<h1>\u00dcber 5000 zufriedene Kunden.<\/h1>\n<p>&nbsp;<\/p>\n<p>[\/et_pb_text][et_pb_divider color=&#8221;#ffffff&#8221; divider_weight=&#8221;3px&#8221; disabled_on=&#8221;off|off|off&#8221; _builder_version=&#8221;4.16&#8243; background_color_gradient_direction=&#8221;90deg&#8221; max_width=&#8221;100px&#8221; module_alignment=&#8221;center&#8221; height=&#8221;5px&#8221; custom_margin=&#8221;||20px|&#8221; custom_padding=&#8221;||20px|&#8221; animation_style=&#8221;slide&#8221; animation_direction=&#8221;bottom&#8221; saved_tabs=&#8221;all&#8221; locked=&#8221;off&#8221; global_colors_info=&#8221;{}&#8221;][\/et_pb_divider][\/et_pb_column][\/et_pb_row][et_pb_row column_structure=&#8221;1_2,1_2&#8243; _builder_version=&#8221;4.18.1&#8243; _module_preset=&#8221;default&#8221; global_colors_info=&#8221;{}&#8221;][et_pb_column type=&#8221;1_2&#8243; _builder_version=&#8221;4.18.1&#8243; _module_preset=&#8221;default&#8221; global_colors_info=&#8221;{}&#8221;][et_pb_testimonial author=&#8221;Marco&#8221; portrait_url=&#8221;https:\/\/ag-frisch.com\/wp-content\/uploads\/2021\/08\/Harald.png&#8221; quote_icon=&#8221;off&#8221; _builder_version=&#8221;4.18.1&#8243; _module_preset=&#8221;default&#8221; body_font_size=&#8221;16px&#8221; use_background_color=&#8221;off&#8221; background_layout=&#8221;dark&#8221; global_colors_info=&#8221;{}&#8221;]Ich habe die Agentur Frisch beauftragt ein gr\u00f6\u00dferes M\u00f6belst\u00fcck in China produzieren zu lassen um es dann folglich nach Deutschland zu \u00fcberf\u00fchren. Per Mail erfolgte die ganze Zeit \u00fcber eine reibungslose Kommunikation! Sehr schnelle und zuverl\u00e4ssige Antworten vermittelten mir st\u00e4ndig die Sicherheiten, die bei so einen Unterfangen unerl\u00e4sslich sind. Jederzeit wurde mir durch den B\u00fcrokratiedschungel geholfen und dabei wurden keine Formulare vergessen oder falsch ausgef\u00fcllt. Sehr lobenswert!<a href=\"&lt;div class=&quot;pe-richsnippets&quot;&gt;&amp;nbsp;&lt;\/div&gt; &lt;script type=&quot;text\/javascript&quot; src=&quot;https:\/\/www.provenexpert.com\/widget\/richsnippet.js?u=1NUA0VwZ4RUZ5tmAi5zA4RaplNKAlWwZ&amp;v=2&quot; async&gt;&lt;\/script&gt; &lt;div style=&quot;text-align: justify;&quot;&gt;&lt;br \/&gt;\"><\/a><\/p>\n<div class=\"brow ratingBarMargin\">\n<div class=\"ratingBar\">\n<div class=\"brow\">\n<div class=\"pe-richsnippets\">&nbsp;<\/div>\n<p><script type=\"text\/javascript\" src=\"https:\/\/www.provenexpert.com\/widget\/richsnippet.js?u=1NUA0VwZ4RUZ5tmAi5zA4RaplNKAlWwZ&#038;v=2\" async><\/script><\/p>\n<div style=\"text-align: justify;\"><\/p>\n<div class=\"col-lg-9 col-md-8 col-xs-10 mt20 mb20\">\n<div class=\"col-xs-12 surveyNameForRating\"><\/div>\n<\/div>\n<\/div>\n<\/div>\n<\/div>\n<\/div>\n<p>[\/et_pb_testimonial][\/et_pb_column][et_pb_column type=&#8221;1_2&#8243; _builder_version=&#8221;4.18.1&#8243; _module_preset=&#8221;default&#8221; global_colors_info=&#8221;{}&#8221;][et_pb_testimonial author=&#8221;Simone L.&#8221; portrait_url=&#8221;https:\/\/ag-frisch.com\/wp-content\/uploads\/2021\/08\/Harald.png&#8221; quote_icon=&#8221;off&#8221; _builder_version=&#8221;4.18.1&#8243; _module_preset=&#8221;default&#8221; body_font_size=&#8221;16px&#8221; use_background_color=&#8221;off&#8221; background_layout=&#8221;dark&#8221; global_colors_info=&#8221;{}&#8221;]<\/p>\n<p>Alles Top. Besser geht nicht. Beratung und Durchf\u00fchrung kann man nicht besser machen. Wir sind nach mehreren Bestellungen bei diesem Unternehmen mehr als zufrieden und setzen die Zusammenarbeit fort.<\/p>\n<div class=\"brow ratingBarMargin\">\n<div class=\"ratingBar\">\n<div class=\"brow\">\n<div class=\"pe-richsnippets\">\u00a0<\/div>\n<p>\n<script type=\"text\/javascript\" src=\"https:\/\/www.provenexpert.com\/widget\/richsnippet.js?u=1NUA0VwZ4RUZ5tmAi5zA4RaplNKAlWwZ&amp;v=2\" async=\"\"><\/script>\n<\/p>\n<div style=\"text-align: justify;\">\n<p>&nbsp;<\/p>\n<div class=\"col-lg-9 col-md-8 col-xs-10 mt20 mb20\">\n<div class=\"col-xs-12 surveyNameForRating\"><\/div>\n<\/div>\n<\/div>\n<\/div>\n<\/div>\n<\/div>\n<p>[\/et_pb_testimonial][\/et_pb_column][\/et_pb_row][et_pb_row _builder_version=&#8221;4.16&#8243; background_size=&#8221;initial&#8221; background_position=&#8221;top_left&#8221; background_repeat=&#8221;repeat&#8221; custom_padding=&#8221;50px|0px|30px|0px&#8221; custom_css_main_element=&#8221;text-align: center;&#8221; global_colors_info=&#8221;{}&#8221;][et_pb_column type=&#8221;4_4&#8243; _builder_version=&#8221;4.16&#8243; custom_padding=&#8221;|||&#8221; global_colors_info=&#8221;{}&#8221; custom_padding__hover=&#8221;|||&#8221;][et_pb_button button_url=&#8221;https:\/\/www.provenexpert.com\/de-de\/agentur-frisch-international-consulting-gmbh-und-co-kg\/&#8221; button_text=&#8221;MEHR BEWERTUNGEN&#8221; button_alignment=&#8221;left&#8221; admin_label=&#8221;Testimonial Button&#8221; _builder_version=&#8221;4.16&#8243; custom_button=&#8221;on&#8221; button_text_size=&#8221;18px&#8221; button_text_color=&#8221;#ffffff&#8221; button_bg_color=&#8221;#6eba01&#8243; button_border_width=&#8221;2px&#8221; button_border_color=&#8221;#6eba01&#8243; button_border_radius=&#8221;0px&#8221; button_letter_spacing=&#8221;2px&#8221; button_font=&#8221;Montserrat|||on|&#8221; button_use_icon=&#8221;off&#8221; animation_style=&#8221;fold&#8221; animation_direction=&#8221;bottom&#8221; button_text_color_hover=&#8221;#ffffff&#8221; button_border_color_hover=&#8221;#ffffff&#8221; button_border_radius_hover=&#8221;0px&#8221; button_letter_spacing_hover=&#8221;2px&#8221; button_bg_color_hover=&#8221;rgba(255,255,255,0)&#8221; locked=&#8221;off&#8221; global_colors_info=&#8221;{}&#8221; button_text_size__hover_enabled=&#8221;off&#8221; button_one_text_size__hover_enabled=&#8221;off&#8221; button_two_text_size__hover_enabled=&#8221;off&#8221; button_text_color__hover_enabled=&#8221;on&#8221; button_text_color__hover=&#8221;#ffffff&#8221; button_one_text_color__hover_enabled=&#8221;off&#8221; button_two_text_color__hover_enabled=&#8221;off&#8221; button_border_width__hover_enabled=&#8221;off&#8221; button_one_border_width__hover_enabled=&#8221;off&#8221; button_two_border_width__hover_enabled=&#8221;off&#8221; button_border_color__hover_enabled=&#8221;on&#8221; button_border_color__hover=&#8221;#ffffff&#8221; button_one_border_color__hover_enabled=&#8221;off&#8221; button_two_border_color__hover_enabled=&#8221;off&#8221; button_border_radius__hover_enabled=&#8221;on&#8221; button_border_radius__hover=&#8221;0px&#8221; button_one_border_radius__hover_enabled=&#8221;off&#8221; button_two_border_radius__hover_enabled=&#8221;off&#8221; button_letter_spacing__hover_enabled=&#8221;on&#8221; button_letter_spacing__hover=&#8221;2px&#8221; button_one_letter_spacing__hover_enabled=&#8221;off&#8221; button_two_letter_spacing__hover_enabled=&#8221;off&#8221; button_bg_color__hover_enabled=&#8221;on&#8221; button_bg_color__hover=&#8221;rgba(255,255,255,0)&#8221; button_one_bg_color__hover_enabled=&#8221;off&#8221; button_two_bg_color__hover_enabled=&#8221;off&#8221;][\/et_pb_button][\/et_pb_column][\/et_pb_row][\/et_pb_section]<\/p>\n","protected":false},"excerpt":{"rendered":"<p>Durch die Wareninspektion in China gehen Sie bei der Produktqualit\u00e4t sicher, bevor die Ware China verl\u00e4sst.Wareninspektion in China Bei der Wareninspektion wird die Ware nach der Fertigstellung der Artikel gebucht, sobald die Ware fertig verpackt ist. Damit soll sichergestellt werden, dass die\u00a0 Ware nach den Vorgaben des K\u00e4ufers gefertigt wurde und das die produzierte Menge [&hellip;]<\/p>\n","protected":false},"author":2,"featured_media":0,"parent":0,"menu_order":0,"comment_status":"closed","ping_status":"closed","template":"","meta":{"_et_pb_use_builder":"on","_et_pb_old_content":"","_et_gb_content_width":"","footnotes":""},"class_list":["post-1058","page","type-page","status-publish","hentry"],"yoast_head":"<!-- This site is optimized with the Yoast SEO plugin v27.2 - https:\/\/yoast.com\/product\/yoast-seo-wordpress\/ -->\n<title>Wareninspektion in China | Produkt-Pr\u00fcfungen nach AQL<\/title>\n<meta name=\"description\" content=\"Wareninspektionen in China \u25ba unter Ber\u00fccksichtigung des Acceptable Quality Limit (AQL) \u25ba Kontrollen direkt vor Ort realisieren \u25ba Jetzt beraten lassen!\" \/>\n<meta name=\"robots\" content=\"index, follow, max-snippet:-1, max-image-preview:large, max-video-preview:-1\" \/>\n<link rel=\"canonical\" href=\"https:\/\/ag-frisch.com\/de\/wareninspektion-in-china\/\" \/>\n<meta property=\"og:locale\" content=\"de_DE\" \/>\n<meta property=\"og:type\" content=\"article\" \/>\n<meta property=\"og:title\" content=\"Wareninspektion in China | Produkt-Pr\u00fcfungen nach AQL\" \/>\n<meta property=\"og:description\" content=\"Wareninspektionen in China \u25ba unter Ber\u00fccksichtigung des Acceptable Quality Limit (AQL) \u25ba Kontrollen direkt vor Ort realisieren \u25ba Jetzt beraten lassen!\" \/>\n<meta property=\"og:url\" content=\"https:\/\/ag-frisch.com\/de\/wareninspektion-in-china\/\" \/>\n<meta property=\"og:site_name\" content=\"China Import Beratung f\u00fcr den Einkauf aus China\" \/>\n<meta property=\"article:publisher\" content=\"https:\/\/www.facebook.com\/China.Import\" \/>\n<meta property=\"article:modified_time\" content=\"2024-08-22T06:07:38+00:00\" \/>\n<meta name=\"twitter:card\" content=\"summary_large_image\" \/>\n<meta name=\"twitter:site\" content=\"@agenturfrisch\" \/>\n<meta name=\"twitter:label1\" content=\"Gesch\u00e4tzte Lesezeit\" \/>\n\t<meta name=\"twitter:data1\" content=\"9\u00a0Minuten\" \/>\n<script type=\"application\/ld+json\" class=\"yoast-schema-graph\">{\"@context\":\"https:\/\/schema.org\",\"@graph\":[{\"@type\":\"WebPage\",\"@id\":\"https:\/\/ag-frisch.com\/de\/wareninspektion-in-china\/\",\"url\":\"https:\/\/ag-frisch.com\/de\/wareninspektion-in-china\/\",\"name\":\"Wareninspektion in China | Produkt-Pr\u00fcfungen nach AQL\",\"isPartOf\":{\"@id\":\"https:\/\/ag-frisch.com\/de\/#website\"},\"datePublished\":\"2021-10-25T19:52:18+00:00\",\"dateModified\":\"2024-08-22T06:07:38+00:00\",\"description\":\"Wareninspektionen in China \u25ba unter Ber\u00fccksichtigung des Acceptable Quality Limit (AQL) \u25ba Kontrollen direkt vor Ort realisieren \u25ba Jetzt beraten lassen!\",\"breadcrumb\":{\"@id\":\"https:\/\/ag-frisch.com\/de\/wareninspektion-in-china\/#breadcrumb\"},\"inLanguage\":\"de\",\"potentialAction\":[{\"@type\":\"ReadAction\",\"target\":[\"https:\/\/ag-frisch.com\/de\/wareninspektion-in-china\/\"]}]},{\"@type\":\"BreadcrumbList\",\"@id\":\"https:\/\/ag-frisch.com\/de\/wareninspektion-in-china\/#breadcrumb\",\"itemListElement\":[{\"@type\":\"ListItem\",\"position\":1,\"name\":\"Startseite\",\"item\":\"https:\/\/ag-frisch.com\/de\/\"},{\"@type\":\"ListItem\",\"position\":2,\"name\":\"Wareninspektion\"}]},{\"@type\":\"WebSite\",\"@id\":\"https:\/\/ag-frisch.com\/de\/#website\",\"url\":\"https:\/\/ag-frisch.com\/de\/\",\"name\":\"China Import Beratung f\u00fcr den Einkauf aus China\",\"description\":\"China Import &amp; Export Beratung - Der Dienstleister Ihres Vertrauens f\u00fcr Ihren China Import\",\"publisher\":{\"@id\":\"https:\/\/ag-frisch.com\/de\/#organization\"},\"potentialAction\":[{\"@type\":\"SearchAction\",\"target\":{\"@type\":\"EntryPoint\",\"urlTemplate\":\"https:\/\/ag-frisch.com\/de\/?s={search_term_string}\"},\"query-input\":{\"@type\":\"PropertyValueSpecification\",\"valueRequired\":true,\"valueName\":\"search_term_string\"}}],\"inLanguage\":\"de\"},{\"@type\":\"Organization\",\"@id\":\"https:\/\/ag-frisch.com\/de\/#organization\",\"name\":\"Agentur Frisch International Consulting GmbH & Co. KG\",\"url\":\"https:\/\/ag-frisch.com\/de\/\",\"logo\":{\"@type\":\"ImageObject\",\"inLanguage\":\"de\",\"@id\":\"https:\/\/ag-frisch.com\/de\/#\/schema\/logo\/image\/\",\"url\":\"https:\/\/ag-frisch.com\/wp-content\/uploads\/2021\/08\/ag_logo_rgb_300_small.png\",\"contentUrl\":\"https:\/\/ag-frisch.com\/wp-content\/uploads\/2021\/08\/ag_logo_rgb_300_small.png\",\"width\":153,\"height\":102,\"caption\":\"Agentur Frisch International Consulting GmbH & Co. KG\"},\"image\":{\"@id\":\"https:\/\/ag-frisch.com\/de\/#\/schema\/logo\/image\/\"},\"sameAs\":[\"https:\/\/www.facebook.com\/China.Import\",\"https:\/\/x.com\/agenturfrisch\"]}]}<\/script>\n<!-- \/ Yoast SEO plugin. -->","yoast_head_json":{"title":"Wareninspektion in China | Produkt-Pr\u00fcfungen nach AQL","description":"Wareninspektionen in China \u25ba unter Ber\u00fccksichtigung des Acceptable Quality Limit (AQL) \u25ba Kontrollen direkt vor Ort realisieren \u25ba Jetzt beraten lassen!","robots":{"index":"index","follow":"follow","max-snippet":"max-snippet:-1","max-image-preview":"max-image-preview:large","max-video-preview":"max-video-preview:-1"},"canonical":"https:\/\/ag-frisch.com\/de\/wareninspektion-in-china\/","og_locale":"de_DE","og_type":"article","og_title":"Wareninspektion in China | Produkt-Pr\u00fcfungen nach AQL","og_description":"Wareninspektionen in China \u25ba unter Ber\u00fccksichtigung des Acceptable Quality Limit (AQL) \u25ba Kontrollen direkt vor Ort realisieren \u25ba Jetzt beraten lassen!","og_url":"https:\/\/ag-frisch.com\/de\/wareninspektion-in-china\/","og_site_name":"China Import Beratung f\u00fcr den Einkauf aus China","article_publisher":"https:\/\/www.facebook.com\/China.Import","article_modified_time":"2024-08-22T06:07:38+00:00","twitter_card":"summary_large_image","twitter_site":"@agenturfrisch","twitter_misc":{"Gesch\u00e4tzte Lesezeit":"9\u00a0Minuten"},"schema":{"@context":"https:\/\/schema.org","@graph":[{"@type":"WebPage","@id":"https:\/\/ag-frisch.com\/de\/wareninspektion-in-china\/","url":"https:\/\/ag-frisch.com\/de\/wareninspektion-in-china\/","name":"Wareninspektion in China | Produkt-Pr\u00fcfungen nach AQL","isPartOf":{"@id":"https:\/\/ag-frisch.com\/de\/#website"},"datePublished":"2021-10-25T19:52:18+00:00","dateModified":"2024-08-22T06:07:38+00:00","description":"Wareninspektionen in China \u25ba unter Ber\u00fccksichtigung des Acceptable Quality Limit (AQL) \u25ba Kontrollen direkt vor Ort realisieren \u25ba Jetzt beraten lassen!","breadcrumb":{"@id":"https:\/\/ag-frisch.com\/de\/wareninspektion-in-china\/#breadcrumb"},"inLanguage":"de","potentialAction":[{"@type":"ReadAction","target":["https:\/\/ag-frisch.com\/de\/wareninspektion-in-china\/"]}]},{"@type":"BreadcrumbList","@id":"https:\/\/ag-frisch.com\/de\/wareninspektion-in-china\/#breadcrumb","itemListElement":[{"@type":"ListItem","position":1,"name":"Startseite","item":"https:\/\/ag-frisch.com\/de\/"},{"@type":"ListItem","position":2,"name":"Wareninspektion"}]},{"@type":"WebSite","@id":"https:\/\/ag-frisch.com\/de\/#website","url":"https:\/\/ag-frisch.com\/de\/","name":"China Import Beratung f\u00fcr den Einkauf aus China","description":"China Import &amp; Export Beratung - Der Dienstleister Ihres Vertrauens f\u00fcr Ihren China Import","publisher":{"@id":"https:\/\/ag-frisch.com\/de\/#organization"},"potentialAction":[{"@type":"SearchAction","target":{"@type":"EntryPoint","urlTemplate":"https:\/\/ag-frisch.com\/de\/?s={search_term_string}"},"query-input":{"@type":"PropertyValueSpecification","valueRequired":true,"valueName":"search_term_string"}}],"inLanguage":"de"},{"@type":"Organization","@id":"https:\/\/ag-frisch.com\/de\/#organization","name":"Agentur Frisch International Consulting GmbH & Co. KG","url":"https:\/\/ag-frisch.com\/de\/","logo":{"@type":"ImageObject","inLanguage":"de","@id":"https:\/\/ag-frisch.com\/de\/#\/schema\/logo\/image\/","url":"https:\/\/ag-frisch.com\/wp-content\/uploads\/2021\/08\/ag_logo_rgb_300_small.png","contentUrl":"https:\/\/ag-frisch.com\/wp-content\/uploads\/2021\/08\/ag_logo_rgb_300_small.png","width":153,"height":102,"caption":"Agentur Frisch International Consulting GmbH & Co. KG"},"image":{"@id":"https:\/\/ag-frisch.com\/de\/#\/schema\/logo\/image\/"},"sameAs":["https:\/\/www.facebook.com\/China.Import","https:\/\/x.com\/agenturfrisch"]}]}},"_links":{"self":[{"href":"https:\/\/ag-frisch.com\/de\/wp-json\/wp\/v2\/pages\/1058","targetHints":{"allow":["GET"]}}],"collection":[{"href":"https:\/\/ag-frisch.com\/de\/wp-json\/wp\/v2\/pages"}],"about":[{"href":"https:\/\/ag-frisch.com\/de\/wp-json\/wp\/v2\/types\/page"}],"author":[{"embeddable":true,"href":"https:\/\/ag-frisch.com\/de\/wp-json\/wp\/v2\/users\/2"}],"replies":[{"embeddable":true,"href":"https:\/\/ag-frisch.com\/de\/wp-json\/wp\/v2\/comments?post=1058"}],"version-history":[{"count":1,"href":"https:\/\/ag-frisch.com\/de\/wp-json\/wp\/v2\/pages\/1058\/revisions"}],"predecessor-version":[{"id":19487,"href":"https:\/\/ag-frisch.com\/de\/wp-json\/wp\/v2\/pages\/1058\/revisions\/19487"}],"wp:attachment":[{"href":"https:\/\/ag-frisch.com\/de\/wp-json\/wp\/v2\/media?parent=1058"}],"curies":[{"name":"wp","href":"https:\/\/api.w.org\/{rel}","templated":true}]}}