{"id":1214,"date":"2021-11-07T11:00:34","date_gmt":"2021-11-07T10:00:34","guid":{"rendered":"https:\/\/ag-frisch.com\/?page_id=1214"},"modified":"2021-11-07T11:02:07","modified_gmt":"2021-11-07T10:02:07","slug":"einkauf-in-china","status":"publish","type":"page","link":"https:\/\/ag-frisch.com\/de\/einkauf-in-china\/","title":{"rendered":"Einkauf in China"},"content":{"rendered":"<p>[et_pb_section fb_built=&#8221;1&#8243; _builder_version=&#8221;4.9.10&#8243; _module_preset=&#8221;default&#8221;][et_pb_row _builder_version=&#8221;4.9.10&#8243; _module_preset=&#8221;default&#8221;][et_pb_column _builder_version=&#8221;4.9.10&#8243; _module_preset=&#8221;default&#8221; type=&#8221;4_4&#8243;][et_pb_text _builder_version=&#8221;4.9.10&#8243; _module_preset=&#8221;default&#8221; hover_enabled=&#8221;0&#8243; sticky_enabled=&#8221;0&#8243;]<\/p>\n<div class=\"et_post_meta_wrapper\">\n<h1 class=\"entry-title\">Einkauf aus China \u2013 zahlt es sich aus?<\/h1>\n<\/div>\n<div class=\"entry-content\">\n<p>Mit China als eine f\u00fchrende aber auch gigantische Handelswirtschaft, kann es leicht sein, dass Ihnen schon alleine der Gedanke in einen Gro\u00dfeinkauf von China einzusteigen, Kopfzerbrechen macht. Verzweifeln Sie aber nicht und geben Sie Ihr Vorhaben nicht auf, bevor es begonnen hat. Sicherlich der<span>\u00a0<\/span><a href=\"http:\/\/www.ag-frisch.de\/\">Einkauf von China<\/a><span>\u00a0<\/span>ist kein Klacks. Alles ist zu weit weg, wahrscheinlich sprechen Sie die Sprache nicht, kennen nicht die Br\u00e4uche und waren Sie einmal in China, dann wissen Sie, China ist eine ziemlich andere Welt als Deutschland.<br \/>Hier haben wir eine Art Roadmap f\u00fcr Sie zusammengestellt; Dinge die Sie beachten und Dinge die Sie, bei Ihren<span>\u00a0<\/span><a href=\"http:\/\/www.ag-frisch.de\/\">Einkauf aus China<\/a>, besser unterlassen sollten.<br \/>Wie der Name Gro\u00dfhandel schon andeutet, hier handelt es sich um eine Handelsweise, wo der H\u00e4ndler seine Produkte von Regal anbietet, verglichen mit Produkten, die hergestellt wurden f\u00fcr den Besteller.<br \/>Chinas Gro\u00dfhandel zentriert sich gr\u00f6\u00dftenteils auf den inl\u00e4ndischen Handel. Ihr erster Schritt muss daher sein, dass Sie einen H\u00e4ndler finden, der auf den internationalen Handel zielt. In Yiwu, der Provinz von Zhejiang, finden Sie eine Unmenge von ausgezeichneten Gro\u00dfh\u00e4ndlern, die zu fast allen Teilen der Welt exportieren. Bei den meisten k\u00f6nnen Sie einfach in das Warenhaus gehen und die Produkte f\u00fcr Ihren<span>\u00a0<\/span><a href=\"http:\/\/www.ag-frisch.de\/\">Einkauf von China<\/a><span>\u00a0<\/span>erstmals begutachten. Das einzige Problem dabei ist, dass Produkte, die in westliche L\u00e4nder importiert werden, m\u00fcssen einem gewissen Standard entsprechen. Die Tatsache jedoch ist, nur wenige Produkte Chinesischer Gro\u00dfh\u00e4ndler \u00fcbereinstimmen mit den Deutschen Normen. Nicht-konforme Produkte zu importieren ist illegal. Sie k\u00f6nnen zu einem R\u00fcckzug des Produkts gezwungen werden oder sogar einen gerichtlichen Prozess verwickelt werden, f\u00fcr den Sie alleine die Kosten tragen.<br \/>Prinzipiell kann man jedoch sagen, der<span>\u00a0<\/span><a href=\"http:\/\/www.ag-frisch.de\/\">Einkauf von China<\/a>, durch einen Gro\u00dfh\u00e4ndler zahlt sich nur dann aus, wenn Sie breitere Palette von Produkten, jeweils in relativ kleinen Mengen einkaufen.<br \/>So, wie wird\u2019s gemacht? Hier sind 8 Schritte, die Ihnen dabei helfen werden, einen lukrativen<span>\u00a0<\/span><a href=\"http:\/\/www.ag-frisch.de\/\">Einkauf in China<\/a><span>\u00a0<\/span>zu machen.<\/p>\n<ol>\n<li><strong>Finden Sie den richtigen Gro\u00dfh\u00e4ndler:<\/strong><br \/>Dies ist offensichtlich die Grundlage f\u00fcr Ihr China Import Unternehmen. Das Finden und \u00dcberpr\u00fcfen von f\u00fchrenden Anbietern kann ein komplizierter und verwirrender Prozess sein. Halten Sie sich vor Augen, Chinesische Produkte sind gr\u00f6\u00dftenteils f\u00fcr den inl\u00e4ndischen Handel hergestellt und entsprechen m\u00f6glicherweise nicht dem Deutschen Standard.<\/li>\n<li><strong>Machen Sie sich vertraut und verstehen Sie das Versand Verfahren.<br \/><\/strong>Dazu geh\u00f6ren Name und Anschrift des Ausf\u00fchrers und des Empf\u00e4ngers, Ort und Datum der Ausstellung, Rechnungsnummer, Angabe \u00fcber die Bef\u00f6rderung, Ursprungsland, Marke, Nummern und Anzahl der Packst\u00fccke, genaue Warenbezeichnung, Brutto- und Nettogewichte, Einzelpreise und Gesamtbetrag, Lieferungs- und Zahlungsbedingungen, alle Frachtpapiere, Verpackung, Versicherung \u2013 und das sind nur einige der Dinge, die Sie bei Ihrem Einkauf von China beachten m\u00fcssen.<\/li>\n<li><strong>Verstehen Sie Einfuhrz\u00f6lle, Steuern und Geb\u00fchren:<\/strong><span>\u00a0<\/span>Alle Produkte die Sie von China importieren, unterliegen Einfuhrabgaben, sowie Steuern und anderen Abschl\u00e4gen. Sie sind f\u00fcr alle anfallenden Spesen haftbar.<\/li>\n<li><strong>Passen Sie Ihr Produkt einer bestimmten Zielgruppe an:<\/strong><span>\u00a0<\/span>Dazu geh\u00f6rt ein Produkt-Spezifikationen-Dokument zu entwerfen. Hierher geh\u00f6ren Angaben \u00fcber die Materialien, Farben und andere Funktionen Ihres Produktes.<\/li>\n<li><strong>Musterbestellungen und Perfektionieren Ihres Produktes:<\/strong><span>\u00a0<\/span>Sind Sie sich erst mal im Klaren \u00fcber Ihre Produktqualit\u00e4t und Auftragsbedingungen, z. B. die Anzahl von Revisionen, dann erh\u00f6hen sich Ihre Chancen drastisch, dass Ihre Produktherstellung f\u00fcr einen<span>\u00a0<\/span><a href=\"http:\/\/www.ag-frisch.de\/\">Einkauf von China<\/a><span>\u00a0<\/span>erfolgreich wird.<\/li>\n<li><strong>Legen Sie mit einem Kaufvertrag eine solide Grundlage f\u00fcr eine Vorbestellung<\/strong>: Ein guter Verkaufsvertrag versichert Ihren Einkauf von China gegen korrekten Versand, Bezahlung und sp\u00e4te Liefertermine.<\/li>\n<li><strong>Bezahlen Sie Ihre Lieferanten und vermeiden Sie Betrug:<\/strong><span>\u00a0<\/span>Erkundigen Sie sich reichlich \u00fcber alle m\u00f6glichen Zahlungsbedingungen; welche Zahlungsbedingungen sie akzeptieren und welche Sie nicht akzeptieren sollten. Lassen Sie sich beraten, wie Sie sich vor Betrug sch\u00fctzen k\u00f6nnen. \u2013 Sie haben kaum eine rechtliche Standfestigkeit im Ausland.<\/li>\n<li><strong>Vermeiden Sie besch\u00e4digte oder defekte Waren durch Qualit\u00e4tskontrolle<\/strong>: Auch hier m\u00fcssen Sie sich genauestens \u00fcber alle Regeln und Vorschriften informieren. Grunds\u00e4tzlich, was Sie wollen ist ein \u00f6rtlicher, unparteiischer, Chinesischer Qualit\u00e4ts\u00fcberpr\u00fcfer. Diesen k\u00f6nnen Sie gegen Bezahlung mit der Qualit\u00e4ts\u00fcberpr\u00fcfung Ihrer Waren beauftragen.<\/li>\n<\/ol>\n<p>Wie Sie sehen, es ist ein Dschungel von B\u00fcrokratie den Sie hier betreten. Das sollte Sie jedoch nicht von Ihrem Einkauf von China abhalten. Eines der wichtigsten Dinge dabei ist, dass Sie die korrekte Information und Hilfe f\u00fcr Ihren<span>\u00a0<\/span><a href=\"http:\/\/www.ag-frisch.de\/\">Einkauf aus China<\/a><span>\u00a0<\/span>dort erhalten, wo Sie es brauchen.<br \/>Der chinesische Handelsmarkt, als eine f\u00fchrende Weltwirtschaft bietet eine reiche Palette der verschiedensten Produkte zu relativ guten Preisen. Der Vorteil f\u00fcr Ihren<span>\u00a0<\/span><a href=\"http:\/\/www.ag-frisch.de\/\">Einkauf von China<\/a><span>\u00a0<\/span>liegt darin, dass, Sie sobald Sie den geeigneten, international orientierten Gro\u00dfh\u00e4ndler finden, Sie nicht gro\u00dfe Mengen kaufen m\u00fcssen. Die Vielfalt auf den chinesischen Markt macht es leicht, auch geringer Mengen von den verschiedensten Produkten zu kaufen. \u2013 Im Vergleich zum inl\u00e4ndischen Markt, wo der Mindest-St\u00fcck-Betrag bei 10,000 liegt.<br \/>F\u00fcr mehr Information f\u00fcr Ihren<span>\u00a0<\/span><a href=\"http:\/\/www.ag-frisch.de\/\">Einkauf in China<\/a><span>\u00a0<\/span>richten Sie sich bitte an:<span>\u00a0<\/span><a href=\"mailto:info@ag-frisch.de\">info@ag-frisch.de<\/a><\/p>\n<\/div>\n<p>[\/et_pb_text][\/et_pb_column][\/et_pb_row][\/et_pb_section]<\/p>\n","protected":false},"excerpt":{"rendered":"<p>Einkauf aus China \u2013 zahlt es sich aus? Mit China als eine f\u00fchrende aber auch gigantische Handelswirtschaft, kann es leicht sein, dass Ihnen schon alleine der Gedanke in einen Gro\u00dfeinkauf von China einzusteigen, Kopfzerbrechen macht. Verzweifeln Sie aber nicht und geben Sie Ihr Vorhaben nicht auf, bevor es begonnen hat. Sicherlich der\u00a0Einkauf von China\u00a0ist kein [&hellip;]<\/p>\n","protected":false},"author":2,"featured_media":0,"parent":0,"menu_order":0,"comment_status":"closed","ping_status":"closed","template":"","meta":{"_et_pb_use_builder":"on","_et_pb_old_content":"","_et_gb_content_width":"","footnotes":""},"class_list":["post-1214","page","type-page","status-publish","hentry"],"yoast_head":"<!-- This site is optimized with the Yoast SEO plugin v27.4 - https:\/\/yoast.com\/product\/yoast-seo-wordpress\/ -->\n<title>Einkauf in China - China Import Beratung f\u00fcr den Einkauf aus China<\/title>\n<meta name=\"robots\" content=\"index, follow, max-snippet:-1, max-image-preview:large, max-video-preview:-1\" \/>\n<link rel=\"canonical\" href=\"https:\/\/ag-frisch.com\/de\/einkauf-in-china\/\" \/>\n<meta property=\"og:locale\" content=\"de_DE\" \/>\n<meta property=\"og:type\" content=\"article\" \/>\n<meta property=\"og:title\" content=\"Einkauf in China - China Import Beratung f\u00fcr den Einkauf aus China\" \/>\n<meta property=\"og:description\" content=\"Einkauf aus China \u2013 zahlt es sich aus? Mit China als eine f\u00fchrende aber auch gigantische Handelswirtschaft, kann es leicht sein, dass Ihnen schon alleine der Gedanke in einen Gro\u00dfeinkauf von China einzusteigen, Kopfzerbrechen macht. Verzweifeln Sie aber nicht und geben Sie Ihr Vorhaben nicht auf, bevor es begonnen hat. Sicherlich der\u00a0Einkauf von China\u00a0ist kein [&hellip;]\" \/>\n<meta property=\"og:url\" content=\"https:\/\/ag-frisch.com\/de\/einkauf-in-china\/\" \/>\n<meta property=\"og:site_name\" content=\"China Import Beratung f\u00fcr den Einkauf aus China\" \/>\n<meta property=\"article:publisher\" content=\"https:\/\/www.facebook.com\/China.Import\" \/>\n<meta property=\"article:modified_time\" content=\"2021-11-07T10:02:07+00:00\" \/>\n<meta name=\"twitter:card\" content=\"summary_large_image\" \/>\n<meta name=\"twitter:site\" content=\"@agenturfrisch\" \/>\n<meta name=\"twitter:label1\" content=\"Gesch\u00e4tzte Lesezeit\" \/>\n\t<meta name=\"twitter:data1\" content=\"5\u00a0Minuten\" \/>\n<script type=\"application\/ld+json\" class=\"yoast-schema-graph\">{\"@context\":\"https:\\\/\\\/schema.org\",\"@graph\":[{\"@type\":\"WebPage\",\"@id\":\"https:\\\/\\\/ag-frisch.com\\\/de\\\/einkauf-in-china\\\/\",\"url\":\"https:\\\/\\\/ag-frisch.com\\\/de\\\/einkauf-in-china\\\/\",\"name\":\"Einkauf in China - China Import Beratung f\u00fcr den Einkauf aus China\",\"isPartOf\":{\"@id\":\"https:\\\/\\\/ag-frisch.com\\\/de\\\/#website\"},\"datePublished\":\"2021-11-07T10:00:34+00:00\",\"dateModified\":\"2021-11-07T10:02:07+00:00\",\"breadcrumb\":{\"@id\":\"https:\\\/\\\/ag-frisch.com\\\/de\\\/einkauf-in-china\\\/#breadcrumb\"},\"inLanguage\":\"de\",\"potentialAction\":[{\"@type\":\"ReadAction\",\"target\":[\"https:\\\/\\\/ag-frisch.com\\\/de\\\/einkauf-in-china\\\/\"]}]},{\"@type\":\"BreadcrumbList\",\"@id\":\"https:\\\/\\\/ag-frisch.com\\\/de\\\/einkauf-in-china\\\/#breadcrumb\",\"itemListElement\":[{\"@type\":\"ListItem\",\"position\":1,\"name\":\"Startseite\",\"item\":\"https:\\\/\\\/ag-frisch.com\\\/de\\\/\"},{\"@type\":\"ListItem\",\"position\":2,\"name\":\"Einkauf in China\"}]},{\"@type\":\"WebSite\",\"@id\":\"https:\\\/\\\/ag-frisch.com\\\/de\\\/#website\",\"url\":\"https:\\\/\\\/ag-frisch.com\\\/de\\\/\",\"name\":\"China Import Beratung f\u00fcr den Einkauf aus China\",\"description\":\"China Import &amp; Export Beratung - Der Dienstleister Ihres Vertrauens f\u00fcr Ihren China Import\",\"publisher\":{\"@id\":\"https:\\\/\\\/ag-frisch.com\\\/de\\\/#organization\"},\"potentialAction\":[{\"@type\":\"SearchAction\",\"target\":{\"@type\":\"EntryPoint\",\"urlTemplate\":\"https:\\\/\\\/ag-frisch.com\\\/de\\\/?s={search_term_string}\"},\"query-input\":{\"@type\":\"PropertyValueSpecification\",\"valueRequired\":true,\"valueName\":\"search_term_string\"}}],\"inLanguage\":\"de\"},{\"@type\":\"Organization\",\"@id\":\"https:\\\/\\\/ag-frisch.com\\\/de\\\/#organization\",\"name\":\"Agentur Frisch International Consulting GmbH & Co. KG\",\"url\":\"https:\\\/\\\/ag-frisch.com\\\/de\\\/\",\"logo\":{\"@type\":\"ImageObject\",\"inLanguage\":\"de\",\"@id\":\"https:\\\/\\\/ag-frisch.com\\\/de\\\/#\\\/schema\\\/logo\\\/image\\\/\",\"url\":\"https:\\\/\\\/ag-frisch.com\\\/wp-content\\\/uploads\\\/2021\\\/08\\\/ag_logo_rgb_300_small.png\",\"contentUrl\":\"https:\\\/\\\/ag-frisch.com\\\/wp-content\\\/uploads\\\/2021\\\/08\\\/ag_logo_rgb_300_small.png\",\"width\":153,\"height\":102,\"caption\":\"Agentur Frisch International Consulting GmbH & Co. KG\"},\"image\":{\"@id\":\"https:\\\/\\\/ag-frisch.com\\\/de\\\/#\\\/schema\\\/logo\\\/image\\\/\"},\"sameAs\":[\"https:\\\/\\\/www.facebook.com\\\/China.Import\",\"https:\\\/\\\/x.com\\\/agenturfrisch\"]}]}<\/script>\n<!-- \/ Yoast SEO plugin. -->","yoast_head_json":{"title":"Einkauf in China - China Import Beratung f\u00fcr den Einkauf aus China","robots":{"index":"index","follow":"follow","max-snippet":"max-snippet:-1","max-image-preview":"max-image-preview:large","max-video-preview":"max-video-preview:-1"},"canonical":"https:\/\/ag-frisch.com\/de\/einkauf-in-china\/","og_locale":"de_DE","og_type":"article","og_title":"Einkauf in China - China Import Beratung f\u00fcr den Einkauf aus China","og_description":"Einkauf aus China \u2013 zahlt es sich aus? Mit China als eine f\u00fchrende aber auch gigantische Handelswirtschaft, kann es leicht sein, dass Ihnen schon alleine der Gedanke in einen Gro\u00dfeinkauf von China einzusteigen, Kopfzerbrechen macht. Verzweifeln Sie aber nicht und geben Sie Ihr Vorhaben nicht auf, bevor es begonnen hat. Sicherlich der\u00a0Einkauf von China\u00a0ist kein [&hellip;]","og_url":"https:\/\/ag-frisch.com\/de\/einkauf-in-china\/","og_site_name":"China Import Beratung f\u00fcr den Einkauf aus China","article_publisher":"https:\/\/www.facebook.com\/China.Import","article_modified_time":"2021-11-07T10:02:07+00:00","twitter_card":"summary_large_image","twitter_site":"@agenturfrisch","twitter_misc":{"Gesch\u00e4tzte Lesezeit":"5\u00a0Minuten"},"schema":{"@context":"https:\/\/schema.org","@graph":[{"@type":"WebPage","@id":"https:\/\/ag-frisch.com\/de\/einkauf-in-china\/","url":"https:\/\/ag-frisch.com\/de\/einkauf-in-china\/","name":"Einkauf in China - China Import Beratung f\u00fcr den Einkauf aus China","isPartOf":{"@id":"https:\/\/ag-frisch.com\/de\/#website"},"datePublished":"2021-11-07T10:00:34+00:00","dateModified":"2021-11-07T10:02:07+00:00","breadcrumb":{"@id":"https:\/\/ag-frisch.com\/de\/einkauf-in-china\/#breadcrumb"},"inLanguage":"de","potentialAction":[{"@type":"ReadAction","target":["https:\/\/ag-frisch.com\/de\/einkauf-in-china\/"]}]},{"@type":"BreadcrumbList","@id":"https:\/\/ag-frisch.com\/de\/einkauf-in-china\/#breadcrumb","itemListElement":[{"@type":"ListItem","position":1,"name":"Startseite","item":"https:\/\/ag-frisch.com\/de\/"},{"@type":"ListItem","position":2,"name":"Einkauf in China"}]},{"@type":"WebSite","@id":"https:\/\/ag-frisch.com\/de\/#website","url":"https:\/\/ag-frisch.com\/de\/","name":"China Import Beratung f\u00fcr den Einkauf aus China","description":"China Import &amp; Export Beratung - Der Dienstleister Ihres Vertrauens f\u00fcr Ihren China Import","publisher":{"@id":"https:\/\/ag-frisch.com\/de\/#organization"},"potentialAction":[{"@type":"SearchAction","target":{"@type":"EntryPoint","urlTemplate":"https:\/\/ag-frisch.com\/de\/?s={search_term_string}"},"query-input":{"@type":"PropertyValueSpecification","valueRequired":true,"valueName":"search_term_string"}}],"inLanguage":"de"},{"@type":"Organization","@id":"https:\/\/ag-frisch.com\/de\/#organization","name":"Agentur Frisch International Consulting GmbH & Co. KG","url":"https:\/\/ag-frisch.com\/de\/","logo":{"@type":"ImageObject","inLanguage":"de","@id":"https:\/\/ag-frisch.com\/de\/#\/schema\/logo\/image\/","url":"https:\/\/ag-frisch.com\/wp-content\/uploads\/2021\/08\/ag_logo_rgb_300_small.png","contentUrl":"https:\/\/ag-frisch.com\/wp-content\/uploads\/2021\/08\/ag_logo_rgb_300_small.png","width":153,"height":102,"caption":"Agentur Frisch International Consulting GmbH & Co. KG"},"image":{"@id":"https:\/\/ag-frisch.com\/de\/#\/schema\/logo\/image\/"},"sameAs":["https:\/\/www.facebook.com\/China.Import","https:\/\/x.com\/agenturfrisch"]}]}},"_links":{"self":[{"href":"https:\/\/ag-frisch.com\/de\/wp-json\/wp\/v2\/pages\/1214","targetHints":{"allow":["GET"]}}],"collection":[{"href":"https:\/\/ag-frisch.com\/de\/wp-json\/wp\/v2\/pages"}],"about":[{"href":"https:\/\/ag-frisch.com\/de\/wp-json\/wp\/v2\/types\/page"}],"author":[{"embeddable":true,"href":"https:\/\/ag-frisch.com\/de\/wp-json\/wp\/v2\/users\/2"}],"replies":[{"embeddable":true,"href":"https:\/\/ag-frisch.com\/de\/wp-json\/wp\/v2\/comments?post=1214"}],"version-history":[{"count":0,"href":"https:\/\/ag-frisch.com\/de\/wp-json\/wp\/v2\/pages\/1214\/revisions"}],"wp:attachment":[{"href":"https:\/\/ag-frisch.com\/de\/wp-json\/wp\/v2\/media?parent=1214"}],"curies":[{"name":"wp","href":"https:\/\/api.w.org\/{rel}","templated":true}]}}