{"id":1227,"date":"2021-11-07T19:17:03","date_gmt":"2021-11-07T18:17:03","guid":{"rendered":"https:\/\/ag-frisch.com\/?page_id=1227"},"modified":"2023-01-11T16:58:26","modified_gmt":"2023-01-11T15:58:26","slug":"einfuhr-aus-china","status":"publish","type":"page","link":"https:\/\/ag-frisch.com\/de\/einfuhr-aus-china\/","title":{"rendered":"Einfuhr aus  China"},"content":{"rendered":"<p>[et_pb_section fb_built=&#8221;1&#8243; _builder_version=&#8221;4.16&#8243; _module_preset=&#8221;default&#8221; global_colors_info=&#8221;{}&#8221;][et_pb_row _builder_version=&#8221;4.16&#8243; _module_preset=&#8221;default&#8221; global_colors_info=&#8221;{}&#8221;][et_pb_column type=&#8221;4_4&#8243; _builder_version=&#8221;4.16&#8243; _module_preset=&#8221;default&#8221; global_colors_info=&#8221;{}&#8221;][et_pb_cta title=&#8221;Einfuhr aus China&#8221; button_url=&#8221;\/kontakt\/&#8221; button_text=&#8221;Jetzt mit dem Experten f\u00fcr Einfuhr aus China sprechen&#8221; _builder_version=&#8221;4.18.1&#8243; _module_preset=&#8221;default&#8221; global_colors_info=&#8221;{}&#8221;]<\/p>\n<p>Bei der Einfuhr aus China unterst\u00fctzt SIe der Experte der Agentur Frisch f\u00fcr Einfuhr und Verzollung.\u00a0<\/p>\n<p>[\/et_pb_cta][et_pb_text _builder_version=&#8221;4.16&#8243; _module_preset=&#8221;default&#8221; global_colors_info=&#8221;{}&#8221;]<\/p>\n<div class=\"et_post_meta_wrapper\">\n<h1 class=\"entry-title\">China Import \u2013 Infos &amp; Vorschriften bei der Einfuhr<\/h1>\n<\/div>\n<div class=\"entry-content\">\n<p>Die EU (dazu geh\u00f6rt auch Deutschland) ist ein Wirtschaftsgebiet f\u00fcr diesen zum Schutz einheitliche Regeln gelten. Der G\u00fcterverkehr auch beim<span>\u00a0<\/span><strong>China Import<\/strong><span>\u00a0<\/span>ist zwar grunds\u00e4tzlich frei, jedoch gibt es Vorschriften die beim China Import zu beachten sind.\u00a0 Diese Regeln gelten grunds\u00e4tzlich f\u00fcr jeden Warenverkehr aus EU-Nichtl\u00e4ndern, Warenverkehr zwischen\u00a0 EU-L\u00e4ndern oder innerhalb der Bundesrepublik Deutschland werden von uns hier nicht als Import bezeichnet, da dies auch rechtlich sehr unterschiedlich behandelt wird.<\/p>\n<p>F\u00fcr dei Einfuhr in die EU wird grunds\u00e4tzlich die sogenannte EORI Nummer ben\u00f6tigt. Diese muss bei der Zollbeh\u00f6rde beantragt werden. Mehr Informationen zur EORI Nummer finden Sie auf www.zoll.de.<br \/>F\u00fcr die Einfuhrabgaben gibt es einen sogenannten TARIC Code. Mi dem Taric Code in Kombination mit dem Ursprungland der Ware (z. B. China) ergibt sich die jeweilige Zollabgabe prozentual vom Warenwert. Nebem dem \u201enormalen\u201c Einfuhrzoll, gibt es auch noch Antidumpingz\u00f6lle (z. B. bei Fahrr\u00e4dern oder Porzellan wenn wir beim<span>\u00a0<\/span><strong>China Import<\/strong><span>\u00a0<\/span>bleiben). Die Zolls\u00e4tze gelten aber jeweils in der gesamten EU, da spielt es keine Rolle ob man die Ware z. B. \u00fcber den Hamburger Hafen oder \u00fcber den Hafen Rotterdam kommen l\u00e4sst. Bei Agrarwaren gib es zudem noch die Agrarz\u00f6lle.<br \/>Teilweise gibt es noch Zollpr\u00e4ferenzen, die bei Vorlage der Ursprungsurkunde f\u00fcr bestimmte Herkungsl\u00e4nder in Anspruch genommen werden k\u00f6nnen, so etwas gibt es z. B. bei Kleidung aus Bangladesch, so dass die eigentlichen Z\u00f6lle wesentlich geringer sind, um den Import aus z. B. Entwicklungsl\u00e4ndern zu f\u00f6rdern.<br \/>Bei jeder Einfuhr f\u00e4llt auch die Einfuhrumsatzsteuer an, dies entspricht der Umsatzsteuer mit einem Regelsatz von 19 % (Stand 29.05.2016). Somit f\u00e4llt die Umsatzsteuer als Auslage immer an, egal ob die Ware im Inland oder im Drittland erworben wird. Die Umsatzsteuer ist allerdings f\u00fcr den Unternehmer nur ein durchlaufender Posten wenn er umsatzsteuerabzugsberechtigt ist, so dass die Umsatzsteuer f\u00fcr ihn eine Forderung gegen\u00fcber der Finanzbeh\u00f6rden darstellt.<br \/>F\u00fcr bestimmte Waren gibt es noch zus\u00e4tzliche Steuern, die direkt bei der Einfuhr erhoben werden k\u00f6nnen, dazu geh\u00f6ren u. a. die Kaffeesteuer, die Alkoholsteuer und die Zigarettensteuer.<\/p>\n<p>F\u00fcr die Zollanmeldung werden folgende Dokumente ben\u00f6tigt:<br \/>1 Einfuhrzollanmeldung &amp; Zollwertanmeldung<br \/>Unter www.internetzollanmeldung.de gibt es ein elektronisches Formular, welches vor der Einfuhr eingereicht werden sollte. Bei Express-Sendungen (z. B. per DHL\/ Fedex\/ TNT) reichen die Express-Dienstleister die Erkl\u00e4rungen in Ihrem Namen automatisch kostenpflichtig ein, wenn Sie die Erkl\u00e4rung nicht bereits selbst eingereicht haben. Bei Seefracht wird dies zumeist von den Spediteuren f\u00fcr Sie erledigt. Wenn Sie das erste mal eine Zollanmeldung ausf\u00fcllen, beachten Sie unbedingt das Merkblatt, was Sie dem Online-System entnehmen k\u00f6nnen.<br \/>Die Zollwertanmeldung muss in der Regel bei Einfuhren von Waren \u00fcber 15 000 Euro zus\u00e4tzlich abgegeben werden und dient zur besseren \u00dcberpr\u00fcfung des Zollwerts f\u00fcr die Zollbeh\u00f6rde.\u00a0 Es empfiehlt sich im Vorfeld einen Antrag auf eine verbindliche Zollauskunft zu stellen (Vordruck 307), dann ist die Zollbeh\u00f6rde auf bestimmte Zeit auch daran gebunden und Sie haben bei der Einfuhr mehr Rechtssicherheit.<br \/>Die Einfuhrumsatzsteuer kann ggf. gespart werden, wir empfehlen einen eigenen Antrag auf ein Aufschubkonto zu stellen.\u00a0 Dazu\u00a0 m\u00fcssen die Antr\u00e4ge<span>\u00a0<\/span><a title=\"0590\" href=\"https:\/\/chinaimportdotnet.files.wordpress.com\/2016\/05\/0590.pdf\">0590<\/a>und<span>\u00a0<\/span><a title=\"0580\" href=\"https:\/\/chinaimportdotnet.files.wordpress.com\/2016\/05\/0580.pdf\">0580<\/a>ausgef\u00fcllt und bei der Zollbeh\u00f6rde eingesendet werden.<br \/>2. Rechnung (im englischen auch Commercial Invoice) &amp; Warenbeschreibung<br \/>Damit der Zollwert festgelegt werden kann, ben\u00f6tigen Sie selbst bei Mustern und Geschenken immer eine Rechnung. Die Rechnung muss alle handels\u00fcblichen Angaben erhalten, die genaue Warenbezeichnung, Warenmenge (mit Incoterms), zudem muss aus der Rechnung das Land des Absenders, das Ursprungsland und das Land des Empf\u00e4ngers ersichtlich sein. Es empfiehlt sich immer noch eine Packliste vom Absender erstellen zu lassen, damit auch die St\u00fcckzahlen, Kartonzusammenstellungen, das Gewicht etc. deutlich nachvollziehbar sind. Es empfiehlt sich auch immer ein Zusatzblatt mit einer ausf\u00fchrlichen Warenbeschreibung mit einzureichen. Allgemeine Angaben die oft auf der Rechnung zu finden sind wie \u201eElektronikartikel\u201c oder \u201eLebensmittel\u201c reichen der Zollbeh\u00f6rde nicht aus, um einen Zollwert festzulegen oder zu pr\u00fcfen. Eher zutreffend w\u00e4re \u201eKleid f\u00fcr Frauen, L\u00e4nge 80cm aus 30 % Cotton und 70 % Polyester mit einem Gewicht pro m2 von 100 Gramm und einem Gesamtgewicht von 250 Gramm\u201c.<br \/>3. Warenverkehrsbescheinigung bzw. Form A<br \/>Damit eine Zollpr\u00e4ferenz geltend gemacht werden kann, muss ein sogenanntes Form A (Herkunfsurkunde) vorgelegt werden. Beim China Import gibt es allerdings nur noch wenige Produkte f\u00fcr die Zollpr\u00e4ferenzen noch m\u00f6glich sind.<br \/>4. Einfuhrgenehmigung<br \/>Wird f\u00fcr Produkte ben\u00f6tigt f\u00fcr die es bestimmte Einfuhrbeschr\u00e4nkungen bzw. Einfuhrkontrollen gibt. Normalerweise ist keine Einfuhrgenehmigung notwendig, f\u00fcr Waren wo dies vorgeschrieben sein sollte, wird auf der EZT-Online aber auch ausdr\u00fccklich darauf hingewiesen.<br \/>Als Importeur wird der Importeur in der Regel vom Spediteur bei der Ankunft der Ware benachrichtigt. Die Dokumente m\u00fcssen sp\u00e4testens dann f\u00fcr die Zollbeh\u00f6rde eingericht werden. Dies kann auch ein Vertreter (z. B. die Spedition selbst oder eine Zoll-Agentur) f\u00fcr den Importeur im Auftrag erledigen. In der Regel werden die Einfuhrabgaben dann an den Transporteur (z. B. die Spedition oder an den Expressdienst) in Vorkasse oder auf Rechnung beglichen. Es besteht aber auch die M\u00f6glichkeit bei der Zollbeh\u00f6rde ein sogenanntes Umsatzsteueraufschubkonto bzw. Zollaufschubkonto zu beantragen, dann werden die Angaben jeweils am 15. des Folgemonats automatisch vom Konto des Importeurs eingezogen.<br \/><a href=\"http:\/\/www.ag-frisch.de\/\"><\/a><br \/><strong>Wichtig ist es zu beachten, dass Sendungen vom Hafen und der Zollbeh\u00f6rde je Absender separat betrachtet werden, d. h. die Kosten f\u00fcr Verzollung und die Hafengeb\u00fchren fallen jeweils je Sendung an. Bleiben Sendungen am Hafen stehen (z. b. aufgrund fehlender Dokumente oder Verz\u00f6gerungen in der Zollabwicklung), fallen ab dem dritten Tag im Hafen erhebliche Zusatzgeb\u00fchren an, die eine Spedition leider nicht beeinflussen kann.\u00a0<\/strong><\/p>\n<\/div>\n<p>[\/et_pb_text][\/et_pb_column][\/et_pb_row][\/et_pb_section][et_pb_section fb_built=&#8221;1&#8243; admin_label=&#8221;Testimonials&#8221; _builder_version=&#8221;4.16&#8243; use_background_color_gradient=&#8221;on&#8221; background_color_gradient_stops=&#8221;rgba(0,106,156,0.85) 0%|rgba(0,106,156,0.85) 100%&#8221; background_color_gradient_start=&#8221;rgba(0,106,156,0.85)&#8221; background_color_gradient_end=&#8221;rgba(0,106,156,0.85)&#8221; custom_padding=&#8221;90px||60px|&#8221; animation_style=&#8221;fold&#8221; animation_direction=&#8221;bottom&#8221; animation_intensity_fold=&#8221;4%&#8221; global_colors_info=&#8221;{}&#8221;][et_pb_row _builder_version=&#8221;4.16&#8243; background_size=&#8221;initial&#8221; background_position=&#8221;top_left&#8221; background_repeat=&#8221;repeat&#8221; custom_width_px=&#8221;710px&#8221; locked=&#8221;off&#8221; global_colors_info=&#8221;{}&#8221;][et_pb_column type=&#8221;4_4&#8243; _builder_version=&#8221;4.16&#8243; background_position=&#8221;top_left&#8221; custom_padding=&#8221;|||&#8221; global_colors_info=&#8221;{}&#8221; custom_padding__hover=&#8221;|||&#8221;][et_pb_text admin_label=&#8221;Testimonials Section Title&#8221; _builder_version=&#8221;4.16&#8243; header_font=&#8221;Montserrat||||&#8221; header_font_size=&#8221;36px&#8221; background_size=&#8221;initial&#8221; background_position=&#8221;top_left&#8221; background_repeat=&#8221;repeat&#8221; text_orientation=&#8221;center&#8221; background_layout=&#8221;dark&#8221; max_width=&#8221;710px&#8221; module_alignment=&#8221;center&#8221; animation_style=&#8221;fold&#8221; animation_direction=&#8221;bottom&#8221; animation_intensity_fold=&#8221;20%&#8221; global_colors_info=&#8221;{}&#8221;]<\/p>\n<h1>\u00dcber 5000 zufriedene Kunden.<\/h1>\n<p>&nbsp;<\/p>\n<p>[\/et_pb_text][et_pb_divider color=&#8221;#ffffff&#8221; divider_weight=&#8221;3px&#8221; disabled_on=&#8221;off|off|off&#8221; _builder_version=&#8221;4.16&#8243; background_color_gradient_direction=&#8221;90deg&#8221; max_width=&#8221;100px&#8221; module_alignment=&#8221;center&#8221; height=&#8221;5px&#8221; custom_margin=&#8221;||20px|&#8221; custom_padding=&#8221;||20px|&#8221; animation_style=&#8221;slide&#8221; animation_direction=&#8221;bottom&#8221; saved_tabs=&#8221;all&#8221; locked=&#8221;off&#8221; global_colors_info=&#8221;{}&#8221;][\/et_pb_divider][\/et_pb_column][\/et_pb_row][et_pb_row column_structure=&#8221;1_2,1_2&#8243; _builder_version=&#8221;4.18.1&#8243; _module_preset=&#8221;default&#8221; global_colors_info=&#8221;{}&#8221;][et_pb_column type=&#8221;1_2&#8243; _builder_version=&#8221;4.18.1&#8243; _module_preset=&#8221;default&#8221; global_colors_info=&#8221;{}&#8221;][et_pb_testimonial author=&#8221;Marco&#8221; portrait_url=&#8221;https:\/\/ag-frisch.com\/wp-content\/uploads\/2021\/08\/Harald.png&#8221; quote_icon=&#8221;off&#8221; _builder_version=&#8221;4.18.1&#8243; _module_preset=&#8221;default&#8221; body_font_size=&#8221;16px&#8221; use_background_color=&#8221;off&#8221; background_layout=&#8221;dark&#8221; global_colors_info=&#8221;{}&#8221;]Ich habe die Agentur Frisch beauftragt ein gr\u00f6\u00dferes M\u00f6belst\u00fcck in China produzieren zu lassen um es dann folglich nach Deutschland zu \u00fcberf\u00fchren. Per Mail erfolgte die ganze Zeit \u00fcber eine reibungslose Kommunikation! Sehr schnelle und zuverl\u00e4ssige Antworten vermittelten mir st\u00e4ndig die Sicherheiten, die bei so einen Unterfangen unerl\u00e4sslich sind. Jederzeit wurde mir durch den B\u00fcrokratiedschungel geholfen und dabei wurden keine Formulare vergessen oder falsch ausgef\u00fcllt. Sehr lobenswert!<a href=\"&lt;div class=&quot;pe-richsnippets&quot;&gt;&amp;nbsp;&lt;\/div&gt; &lt;script type=&quot;text\/javascript&quot; src=&quot;https:\/\/www.provenexpert.com\/widget\/richsnippet.js?u=1NUA0VwZ4RUZ5tmAi5zA4RaplNKAlWwZ&amp;v=2&quot; async&gt;&lt;\/script&gt; &lt;div style=&quot;text-align: justify;&quot;&gt;&lt;br \/&gt;\"><\/a><\/p>\n<div class=\"brow ratingBarMargin\">\n<div class=\"ratingBar\">\n<div class=\"brow\">\n<div class=\"pe-richsnippets\">&nbsp;<\/div>\n<p><script type=\"text\/javascript\" src=\"https:\/\/www.provenexpert.com\/widget\/richsnippet.js?u=1NUA0VwZ4RUZ5tmAi5zA4RaplNKAlWwZ&#038;v=2\" async><\/script><\/p>\n<div style=\"text-align: justify;\"><\/p>\n<div class=\"col-lg-9 col-md-8 col-xs-10 mt20 mb20\">\n<div class=\"col-xs-12 surveyNameForRating\"><\/div>\n<\/div>\n<\/div>\n<\/div>\n<\/div>\n<\/div>\n<p>[\/et_pb_testimonial][\/et_pb_column][et_pb_column type=&#8221;1_2&#8243; _builder_version=&#8221;4.18.1&#8243; _module_preset=&#8221;default&#8221; global_colors_info=&#8221;{}&#8221;][et_pb_testimonial author=&#8221;Simone L.&#8221; portrait_url=&#8221;https:\/\/ag-frisch.com\/wp-content\/uploads\/2021\/08\/Harald.png&#8221; quote_icon=&#8221;off&#8221; _builder_version=&#8221;4.18.1&#8243; _module_preset=&#8221;default&#8221; body_font_size=&#8221;16px&#8221; use_background_color=&#8221;off&#8221; background_layout=&#8221;dark&#8221; global_colors_info=&#8221;{}&#8221;]<\/p>\n<p>Alles Top. Besser geht nicht. Beratung und Durchf\u00fchrung kann man nicht besser machen. Wir sind nach mehreren Bestellungen bei diesem Unternehmen mehr als zufrieden und setzen die Zusammenarbeit fort.<\/p>\n<div class=\"brow ratingBarMargin\">\n<div class=\"ratingBar\">\n<div class=\"brow\">\n<div class=\"pe-richsnippets\">\u00a0<\/div>\n<p>\n<script type=\"text\/javascript\" src=\"https:\/\/www.provenexpert.com\/widget\/richsnippet.js?u=1NUA0VwZ4RUZ5tmAi5zA4RaplNKAlWwZ&amp;v=2\" async=\"\"><\/script>\n<\/p>\n<div style=\"text-align: justify;\">\n<p>&nbsp;<\/p>\n<div class=\"col-lg-9 col-md-8 col-xs-10 mt20 mb20\">\n<div class=\"col-xs-12 surveyNameForRating\"><\/div>\n<\/div>\n<\/div>\n<\/div>\n<\/div>\n<\/div>\n<p>[\/et_pb_testimonial][\/et_pb_column][\/et_pb_row][et_pb_row _builder_version=&#8221;4.16&#8243; background_size=&#8221;initial&#8221; background_position=&#8221;top_left&#8221; background_repeat=&#8221;repeat&#8221; custom_padding=&#8221;50px|0px|30px|0px&#8221; custom_css_main_element=&#8221;text-align: center;&#8221; global_colors_info=&#8221;{}&#8221;][et_pb_column type=&#8221;4_4&#8243; _builder_version=&#8221;4.16&#8243; custom_padding=&#8221;|||&#8221; global_colors_info=&#8221;{}&#8221; custom_padding__hover=&#8221;|||&#8221;][et_pb_button button_url=&#8221;https:\/\/www.provenexpert.com\/de-de\/agentur-frisch-international-consulting-gmbh-und-co-kg\/&#8221; button_text=&#8221;MEHR BEWERTUNGEN&#8221; button_alignment=&#8221;left&#8221; admin_label=&#8221;Testimonial Button&#8221; _builder_version=&#8221;4.16&#8243; custom_button=&#8221;on&#8221; button_text_size=&#8221;18px&#8221; button_text_color=&#8221;#ffffff&#8221; button_bg_color=&#8221;#6eba01&#8243; button_border_width=&#8221;2px&#8221; button_border_color=&#8221;#6eba01&#8243; button_border_radius=&#8221;0px&#8221; button_letter_spacing=&#8221;2px&#8221; button_font=&#8221;Montserrat|||on|&#8221; button_use_icon=&#8221;off&#8221; animation_style=&#8221;fold&#8221; animation_direction=&#8221;bottom&#8221; button_text_color_hover=&#8221;#ffffff&#8221; button_border_color_hover=&#8221;#ffffff&#8221; button_border_radius_hover=&#8221;0px&#8221; button_letter_spacing_hover=&#8221;2px&#8221; button_bg_color_hover=&#8221;rgba(255,255,255,0)&#8221; locked=&#8221;off&#8221; global_colors_info=&#8221;{}&#8221; button_text_size__hover_enabled=&#8221;off&#8221; button_one_text_size__hover_enabled=&#8221;off&#8221; button_two_text_size__hover_enabled=&#8221;off&#8221; button_text_color__hover_enabled=&#8221;on&#8221; button_text_color__hover=&#8221;#ffffff&#8221; button_one_text_color__hover_enabled=&#8221;off&#8221; button_two_text_color__hover_enabled=&#8221;off&#8221; button_border_width__hover_enabled=&#8221;off&#8221; button_one_border_width__hover_enabled=&#8221;off&#8221; button_two_border_width__hover_enabled=&#8221;off&#8221; button_border_color__hover_enabled=&#8221;on&#8221; button_border_color__hover=&#8221;#ffffff&#8221; button_one_border_color__hover_enabled=&#8221;off&#8221; button_two_border_color__hover_enabled=&#8221;off&#8221; button_border_radius__hover_enabled=&#8221;on&#8221; button_border_radius__hover=&#8221;0px&#8221; button_one_border_radius__hover_enabled=&#8221;off&#8221; button_two_border_radius__hover_enabled=&#8221;off&#8221; button_letter_spacing__hover_enabled=&#8221;on&#8221; button_letter_spacing__hover=&#8221;2px&#8221; button_one_letter_spacing__hover_enabled=&#8221;off&#8221; button_two_letter_spacing__hover_enabled=&#8221;off&#8221; button_bg_color__hover_enabled=&#8221;on&#8221; button_bg_color__hover=&#8221;rgba(255,255,255,0)&#8221; button_one_bg_color__hover_enabled=&#8221;off&#8221; button_two_bg_color__hover_enabled=&#8221;off&#8221;][\/et_pb_button][\/et_pb_column][\/et_pb_row][\/et_pb_section]<\/p>\n","protected":false},"excerpt":{"rendered":"<p>Bei der Einfuhr aus China unterst\u00fctzt SIe der Experte der Agentur Frisch f\u00fcr Einfuhr und Verzollung.\u00a0 China Import \u2013 Infos &amp; Vorschriften bei der Einfuhr Die EU (dazu geh\u00f6rt auch Deutschland) ist ein Wirtschaftsgebiet f\u00fcr diesen zum Schutz einheitliche Regeln gelten. Der G\u00fcterverkehr auch beim\u00a0China Import\u00a0ist zwar grunds\u00e4tzlich frei, jedoch gibt es Vorschriften die beim [&hellip;]<\/p>\n","protected":false},"author":2,"featured_media":0,"parent":0,"menu_order":0,"comment_status":"closed","ping_status":"closed","template":"","meta":{"_et_pb_use_builder":"on","_et_pb_old_content":"","_et_gb_content_width":"","footnotes":""},"class_list":["post-1227","page","type-page","status-publish","hentry"],"yoast_head":"<!-- This site is optimized with the Yoast SEO plugin v27.4 - https:\/\/yoast.com\/product\/yoast-seo-wordpress\/ -->\n<title>Einfuhr von Ware aus China in das Rechtsgebiet der EU<\/title>\n<meta name=\"description\" content=\"Einfuhr aus China \u25bb Rechtssicher aus China einf\u00fchren\u2713 Konformit\u00e4tsverfahren\u2713 alle notwendigen Zertifizierungen\u2713 Verzollung\u25bb Kontakt zum Profi\" \/>\n<meta name=\"robots\" content=\"index, follow, max-snippet:-1, max-image-preview:large, max-video-preview:-1\" \/>\n<link rel=\"canonical\" href=\"https:\/\/ag-frisch.com\/de\/einfuhr-aus-china\/\" \/>\n<meta property=\"og:locale\" content=\"de_DE\" \/>\n<meta property=\"og:type\" content=\"article\" \/>\n<meta property=\"og:title\" content=\"Einfuhr von Ware aus China in das Rechtsgebiet der EU\" \/>\n<meta property=\"og:description\" content=\"Einfuhr aus China \u25bb Rechtssicher aus China einf\u00fchren\u2713 Konformit\u00e4tsverfahren\u2713 alle notwendigen Zertifizierungen\u2713 Verzollung\u25bb Kontakt zum Profi\" \/>\n<meta property=\"og:url\" content=\"https:\/\/ag-frisch.com\/de\/einfuhr-aus-china\/\" \/>\n<meta property=\"og:site_name\" content=\"China Import Beratung f\u00fcr den Einkauf aus China\" \/>\n<meta property=\"article:publisher\" content=\"https:\/\/www.facebook.com\/China.Import\" \/>\n<meta property=\"article:modified_time\" content=\"2023-01-11T15:58:26+00:00\" \/>\n<meta name=\"twitter:card\" content=\"summary_large_image\" \/>\n<meta name=\"twitter:site\" content=\"@agenturfrisch\" \/>\n<meta name=\"twitter:label1\" content=\"Gesch\u00e4tzte Lesezeit\" \/>\n\t<meta name=\"twitter:data1\" content=\"9\u00a0Minuten\" \/>\n<script type=\"application\/ld+json\" class=\"yoast-schema-graph\">{\"@context\":\"https:\\\/\\\/schema.org\",\"@graph\":[{\"@type\":\"WebPage\",\"@id\":\"https:\\\/\\\/ag-frisch.com\\\/de\\\/einfuhr-aus-china\\\/\",\"url\":\"https:\\\/\\\/ag-frisch.com\\\/de\\\/einfuhr-aus-china\\\/\",\"name\":\"Einfuhr von Ware aus China in das Rechtsgebiet der EU\",\"isPartOf\":{\"@id\":\"https:\\\/\\\/ag-frisch.com\\\/de\\\/#website\"},\"datePublished\":\"2021-11-07T18:17:03+00:00\",\"dateModified\":\"2023-01-11T15:58:26+00:00\",\"description\":\"Einfuhr aus China \u25bb Rechtssicher aus China einf\u00fchren\u2713 Konformit\u00e4tsverfahren\u2713 alle notwendigen Zertifizierungen\u2713 Verzollung\u25bb Kontakt zum Profi\",\"breadcrumb\":{\"@id\":\"https:\\\/\\\/ag-frisch.com\\\/de\\\/einfuhr-aus-china\\\/#breadcrumb\"},\"inLanguage\":\"de\",\"potentialAction\":[{\"@type\":\"ReadAction\",\"target\":[\"https:\\\/\\\/ag-frisch.com\\\/de\\\/einfuhr-aus-china\\\/\"]}]},{\"@type\":\"BreadcrumbList\",\"@id\":\"https:\\\/\\\/ag-frisch.com\\\/de\\\/einfuhr-aus-china\\\/#breadcrumb\",\"itemListElement\":[{\"@type\":\"ListItem\",\"position\":1,\"name\":\"Startseite\",\"item\":\"https:\\\/\\\/ag-frisch.com\\\/de\\\/\"},{\"@type\":\"ListItem\",\"position\":2,\"name\":\"Einfuhr aus China\"}]},{\"@type\":\"WebSite\",\"@id\":\"https:\\\/\\\/ag-frisch.com\\\/de\\\/#website\",\"url\":\"https:\\\/\\\/ag-frisch.com\\\/de\\\/\",\"name\":\"China Import Beratung f\u00fcr den Einkauf aus China\",\"description\":\"China Import &amp; Export Beratung - Der Dienstleister Ihres Vertrauens f\u00fcr Ihren China Import\",\"publisher\":{\"@id\":\"https:\\\/\\\/ag-frisch.com\\\/de\\\/#organization\"},\"potentialAction\":[{\"@type\":\"SearchAction\",\"target\":{\"@type\":\"EntryPoint\",\"urlTemplate\":\"https:\\\/\\\/ag-frisch.com\\\/de\\\/?s={search_term_string}\"},\"query-input\":{\"@type\":\"PropertyValueSpecification\",\"valueRequired\":true,\"valueName\":\"search_term_string\"}}],\"inLanguage\":\"de\"},{\"@type\":\"Organization\",\"@id\":\"https:\\\/\\\/ag-frisch.com\\\/de\\\/#organization\",\"name\":\"Agentur Frisch International Consulting GmbH & Co. KG\",\"url\":\"https:\\\/\\\/ag-frisch.com\\\/de\\\/\",\"logo\":{\"@type\":\"ImageObject\",\"inLanguage\":\"de\",\"@id\":\"https:\\\/\\\/ag-frisch.com\\\/de\\\/#\\\/schema\\\/logo\\\/image\\\/\",\"url\":\"https:\\\/\\\/ag-frisch.com\\\/wp-content\\\/uploads\\\/2021\\\/08\\\/ag_logo_rgb_300_small.png\",\"contentUrl\":\"https:\\\/\\\/ag-frisch.com\\\/wp-content\\\/uploads\\\/2021\\\/08\\\/ag_logo_rgb_300_small.png\",\"width\":153,\"height\":102,\"caption\":\"Agentur Frisch International Consulting GmbH & Co. KG\"},\"image\":{\"@id\":\"https:\\\/\\\/ag-frisch.com\\\/de\\\/#\\\/schema\\\/logo\\\/image\\\/\"},\"sameAs\":[\"https:\\\/\\\/www.facebook.com\\\/China.Import\",\"https:\\\/\\\/x.com\\\/agenturfrisch\"]}]}<\/script>\n<!-- \/ Yoast SEO plugin. -->","yoast_head_json":{"title":"Einfuhr von Ware aus China in das Rechtsgebiet der EU","description":"Einfuhr aus China \u25bb Rechtssicher aus China einf\u00fchren\u2713 Konformit\u00e4tsverfahren\u2713 alle notwendigen Zertifizierungen\u2713 Verzollung\u25bb Kontakt zum Profi","robots":{"index":"index","follow":"follow","max-snippet":"max-snippet:-1","max-image-preview":"max-image-preview:large","max-video-preview":"max-video-preview:-1"},"canonical":"https:\/\/ag-frisch.com\/de\/einfuhr-aus-china\/","og_locale":"de_DE","og_type":"article","og_title":"Einfuhr von Ware aus China in das Rechtsgebiet der EU","og_description":"Einfuhr aus China \u25bb Rechtssicher aus China einf\u00fchren\u2713 Konformit\u00e4tsverfahren\u2713 alle notwendigen Zertifizierungen\u2713 Verzollung\u25bb Kontakt zum Profi","og_url":"https:\/\/ag-frisch.com\/de\/einfuhr-aus-china\/","og_site_name":"China Import Beratung f\u00fcr den Einkauf aus China","article_publisher":"https:\/\/www.facebook.com\/China.Import","article_modified_time":"2023-01-11T15:58:26+00:00","twitter_card":"summary_large_image","twitter_site":"@agenturfrisch","twitter_misc":{"Gesch\u00e4tzte Lesezeit":"9\u00a0Minuten"},"schema":{"@context":"https:\/\/schema.org","@graph":[{"@type":"WebPage","@id":"https:\/\/ag-frisch.com\/de\/einfuhr-aus-china\/","url":"https:\/\/ag-frisch.com\/de\/einfuhr-aus-china\/","name":"Einfuhr von Ware aus China in das Rechtsgebiet der EU","isPartOf":{"@id":"https:\/\/ag-frisch.com\/de\/#website"},"datePublished":"2021-11-07T18:17:03+00:00","dateModified":"2023-01-11T15:58:26+00:00","description":"Einfuhr aus China \u25bb Rechtssicher aus China einf\u00fchren\u2713 Konformit\u00e4tsverfahren\u2713 alle notwendigen Zertifizierungen\u2713 Verzollung\u25bb Kontakt zum Profi","breadcrumb":{"@id":"https:\/\/ag-frisch.com\/de\/einfuhr-aus-china\/#breadcrumb"},"inLanguage":"de","potentialAction":[{"@type":"ReadAction","target":["https:\/\/ag-frisch.com\/de\/einfuhr-aus-china\/"]}]},{"@type":"BreadcrumbList","@id":"https:\/\/ag-frisch.com\/de\/einfuhr-aus-china\/#breadcrumb","itemListElement":[{"@type":"ListItem","position":1,"name":"Startseite","item":"https:\/\/ag-frisch.com\/de\/"},{"@type":"ListItem","position":2,"name":"Einfuhr aus China"}]},{"@type":"WebSite","@id":"https:\/\/ag-frisch.com\/de\/#website","url":"https:\/\/ag-frisch.com\/de\/","name":"China Import Beratung f\u00fcr den Einkauf aus China","description":"China Import &amp; Export Beratung - Der Dienstleister Ihres Vertrauens f\u00fcr Ihren China Import","publisher":{"@id":"https:\/\/ag-frisch.com\/de\/#organization"},"potentialAction":[{"@type":"SearchAction","target":{"@type":"EntryPoint","urlTemplate":"https:\/\/ag-frisch.com\/de\/?s={search_term_string}"},"query-input":{"@type":"PropertyValueSpecification","valueRequired":true,"valueName":"search_term_string"}}],"inLanguage":"de"},{"@type":"Organization","@id":"https:\/\/ag-frisch.com\/de\/#organization","name":"Agentur Frisch International Consulting GmbH & Co. KG","url":"https:\/\/ag-frisch.com\/de\/","logo":{"@type":"ImageObject","inLanguage":"de","@id":"https:\/\/ag-frisch.com\/de\/#\/schema\/logo\/image\/","url":"https:\/\/ag-frisch.com\/wp-content\/uploads\/2021\/08\/ag_logo_rgb_300_small.png","contentUrl":"https:\/\/ag-frisch.com\/wp-content\/uploads\/2021\/08\/ag_logo_rgb_300_small.png","width":153,"height":102,"caption":"Agentur Frisch International Consulting GmbH & Co. KG"},"image":{"@id":"https:\/\/ag-frisch.com\/de\/#\/schema\/logo\/image\/"},"sameAs":["https:\/\/www.facebook.com\/China.Import","https:\/\/x.com\/agenturfrisch"]}]}},"_links":{"self":[{"href":"https:\/\/ag-frisch.com\/de\/wp-json\/wp\/v2\/pages\/1227","targetHints":{"allow":["GET"]}}],"collection":[{"href":"https:\/\/ag-frisch.com\/de\/wp-json\/wp\/v2\/pages"}],"about":[{"href":"https:\/\/ag-frisch.com\/de\/wp-json\/wp\/v2\/types\/page"}],"author":[{"embeddable":true,"href":"https:\/\/ag-frisch.com\/de\/wp-json\/wp\/v2\/users\/2"}],"replies":[{"embeddable":true,"href":"https:\/\/ag-frisch.com\/de\/wp-json\/wp\/v2\/comments?post=1227"}],"version-history":[{"count":0,"href":"https:\/\/ag-frisch.com\/de\/wp-json\/wp\/v2\/pages\/1227\/revisions"}],"wp:attachment":[{"href":"https:\/\/ag-frisch.com\/de\/wp-json\/wp\/v2\/media?parent=1227"}],"curies":[{"name":"wp","href":"https:\/\/api.w.org\/{rel}","templated":true}]}}