{"id":1263,"date":"2021-11-07T20:09:10","date_gmt":"2021-11-07T19:09:10","guid":{"rendered":"https:\/\/ag-frisch.com\/?page_id=1263"},"modified":"2021-11-07T20:09:24","modified_gmt":"2021-11-07T19:09:24","slug":"china-import-risiken-2","status":"publish","type":"page","link":"https:\/\/ag-frisch.com\/de\/china-import-risiken-2\/","title":{"rendered":"China Import  Risiken"},"content":{"rendered":"<p>[et_pb_section fb_built=&#8221;1&#8243; _builder_version=&#8221;4.9.10&#8243; _module_preset=&#8221;default&#8221;][et_pb_row _builder_version=&#8221;4.9.10&#8243; _module_preset=&#8221;default&#8221;][et_pb_column _builder_version=&#8221;4.9.10&#8243; _module_preset=&#8221;default&#8221; type=&#8221;4_4&#8243;][et_pb_text _builder_version=&#8221;4.9.10&#8243; _module_preset=&#8221;default&#8221; hover_enabled=&#8221;0&#8243; sticky_enabled=&#8221;0&#8243;]<\/p>\n<div class=\"et_post_meta_wrapper\">\n<h1 class=\"entry-title\">Beim Einkauf in China gibt es diverse Risiken<\/h1>\n<p>&nbsp;<\/p>\n<\/div>\n<div class=\"entry-content\">\n<h2><strong>Risiken beim Einkauf in China<\/strong><\/h2>\n<div id=\"textpreview\">Die Volksrepublik China ist die gr\u00f6sste Volkswirtschaft der Welt und eine aufstrebende Nation. Seit drei Jahrzehnten entwickelt sich China zu einer Wirtschaftsmacht. Die niedrigen Produktionskosten und immer effektiver werdenden Produktionsprozesse machen das Land f\u00fcr ausl\u00e4ndische Investoren und Handeltreibende sehr interessant. Jedoch sollte man sich \u00fcber einige Dinge im Klaren sein, wenn man in Gesch\u00e4ftsbeziehungen mit chinesischen Firmen steckt. Das Wertesystem der Chinesen unterscheidet sich stark von dem der Europ\u00e4er. Auch die Denk- und Handlungsweisen der Chinesen unterscheidet sich stark von denen der Europ\u00e4er. Und zuletzt sollten sich Unternehmer, die in Handelsbeziehungen zu chinesischen Unternehmen stehen oder es vorhaben, dar\u00fcber im Klaren sein, dass die Chinesen dazu neigen strategisch vorzugehen.<\/div>\n<div><\/div>\n<div><\/div>\n<div><\/div>\n<div><a href=\"http:\/\/www.ag-frisch.de\/\"><img decoding=\"async\" alt=\"http:\/\/www.ag-frisch.de\/mastercontents\/kantfiles\/Neues%20Bild.PNG\" src=\"http:\/\/www.ag-frisch.de\/mastercontents\/kantfiles\/Neues%20Bild.PNG\" \/><\/a><\/div>\n<div><\/div>\n<div><\/div>\n<div><\/div>\n<div><\/div>\n<div><\/div>\n<div><strong>Risiko beim Einkauf in China<\/strong><br \/>Die chinesiche Wirtschaft ist stark von Eigendynamik gepr\u00e4gt und ist f\u00fcr viele westliche Gesch\u00e4ftsleute, deshalb undurchsichtig und chaotisch. Viele Unternehmen, die in China einkaufen, berichten immer wieder von neuen Schwierigkeiten beim Kauf von chinesischen Unternehmen.<\/div>\n<div>Vertr\u00e4ge haben in China nicht dieselbe Stellung wie in Europa, die Vertragsvereinbarungen werden st\u00e4ndig gebrochen, um \u00fcber bestimmte Punkte des Vertrags wieder neu zu verhandeln. Au\u00dferdem ist die wirtschaftliche Lage vieler chinesischer Unternehmen sehr instabil, was dazu f\u00fchrt, dass \u00fcber Nacht Firmen schlie\u00dfen und die Verbindlichkeiten nicht gezahlt werden. In einem solchen Fall ist es f\u00fcr eine europ\u00e4ische Firma sehr schwierig seine Forderungen in China geltend zu machen.<br \/>Es sollte auch mit pl\u00f6tzlichen Lohnsteigerungen gerechnet werden, da die chinesische Wirtschaft sich sehr schnell entwickelt, werden auch die Produktionsprozesse st\u00e4ndig optimiert, was auch dazu f\u00fchrt, dass die L\u00f6hne \u00fcberproportional steigen. Das wiederum schl\u00e4gt sich auf die Verkaufspreise der G\u00fcter nieder.<\/div>\n<div><\/div>\n<div><\/div>\n<div><\/div>\n<div><strong>Der Einkauf in China kann sehr problematisch und risikoreich sein<\/strong><\/div>\n<div>Ein weiteres Problem ist, dass Qualit\u00e4tsstandards nicht immer eingehalten werden. Die Qualit\u00e4t eines Produktes kann stark schwanken, was dazu f\u00fchrt, dass sich Eink\u00e4ufer fragen m\u00fcssen, ob sie f\u00fcr das Gut in ihrem Heimatmarkt \u00fcberhaupt Abnehmer finden k\u00f6nnen.<\/div>\n<div>Es ist notwendig eigene Qualit\u00e4tskontrollen am Produktionsstandort zu machen, um sicherzustellen, dass auch die vereinbarten Qualit\u00e4tsstandards eingehalten werden.<\/div>\n<div>Auch der Transport der Waren von China ist sehr risikoreich, da Sicherheitsstandards nicht eingehalten werden, ist es nicht selten, dass die G\u00fcter beim Transport besch\u00e4digt werden. Ein weiteres Risiko beim Einkauf in China ist, dass m\u00f6glicherweise gef\u00e4lschte Ware bezogen wird, was als Versto\u00df gegen das Urheberrecht mit hohen Bu\u00dfgeldern bestraft wird.<br \/>Es ist also unbedingt zu empfehlen, dass bei Gesch\u00e4ften mit chinesischen Firmen, die jeweilige Firma genau unter die Lupe genommen werden sollte.<\/div>\n<div><\/div>\n<div><\/div>\n<div><strong>Risiken beim Import chinesischer Ware<\/strong><br \/>Die Preise<span>\u00a0<\/span><strong>chinesischer Waren<\/strong><span>\u00a0<\/span>sind oftmals sehr verlockend. Gerade dabei sollte man sich als Interessent die Frage stellen, wo der Haken ist. Sp\u00e4testens beim und vor allem nach dem Kauf solcher Produkte wird oftmals erkannt, dass doch nicht die gew\u00fcnschte Qualit\u00e4t geliefert wird. Dies kann prinzipiell zwei Gr\u00fcnde haben, zum einen kann durch den langen Transportweg die Ware besch\u00e4digt werden und zum anderen kann auch die Firma die Teile nicht in der gew\u00fcnschten Qualit\u00e4t bauen.<\/div>\n<div><\/div>\n<div>\n<p>Prinzipiell gibt es drei verschiedene M\u00f6glichkeiten<span>\u00a0<\/span><strong>Waren aus China nach Deutschland<\/strong><span>\u00a0<\/span>zu transportieren, von denen sich jedoch in der Regel nur zwei eingesetzt werden. Weder der Landweg, noch der Transport mittels Flugzeug sind dabei die \u00fcblichen Methoden. Ein Gro\u00dfteil aller G\u00fcter, die von China nach Europa transportiert werden, wird mit Hilfe von Containerschiffen gemacht. Anders hingegen ist es bei kleinen und handlichen Ladungen, die bei einem Paketdienst aufgegeben werden k\u00f6nnen. Dabei bestehen Angebote ab sechs Euro pro Volumenkilogramm. M\u00f6chte man aber f\u00fcr sein Unternehmen gr\u00f6\u00dfere Mengen in China bestellen f\u00fchrt kein Weg an der Containerverschiffung vorbei. Diese Kosten m\u00fcssen nat\u00fcrlich bei der Preiskalkulation ber\u00fccksichtigt werden. Auch die Zollkosten bei Ankunft der Ware in Deutschland d\u00fcrfen nicht au\u00dfer Acht gelassen werden. Der<strong><span>\u00a0<\/span>Transport der Waren aus China<\/strong><span>\u00a0<\/span>ist jedoch nicht das Einzige, die f\u00fcr einen Unerfahrenen zu Schwierigkeiten f\u00fchren kann.<\/p>\n<p>Beachtenswertes beim Vertrag und Ware<br \/>Nicht nur die B\u00fcrokratie in Deutschland, sondern auch in China k\u00f6nnte zu gr\u00f6\u00dferen Problemen f\u00fchren. Bereits beim Vertragsabschluss kommt es zu der ersten Begegnung. Nicht jeder Hersteller und<strong><span>\u00a0<\/span>Lieferant in China<\/strong><span>\u00a0<\/span>hat die Berechtigung direkt einen Vertrag mit ausl\u00e4ndischen Unternehmen zu schlie\u00dfen. Wird dennoch eine Zusammenarbeit angestrebt, ist es notwendig einen Import-Export-Agent einzuschalten, welcher ebenso als chinesischer Agent bezeichnet wird. Ein weiterer empfehlenswerter Punkt ist die \u00dcberpr\u00fcfung der Bonit\u00e4t des Lieferanten, um sicher gehen zu k\u00f6nnen, dass die besprochenen Waren produziert und verschickt werden. Dabei ist es f\u00fcr den eigenen Schutz notwendig, dass auf die Art der Produkte und insbesondere die Lizenz geachtet wird. Immer wieder kommt es vor, dass in China Waren hergestellt werden, bei denen die Produkte namhafter Hersteller nachgemacht werden. Der Import und ebenso der Verkauf dieser Waren sind in Europa illegal und k\u00f6nnen zu hohen Strafen f\u00fchren. Auch die Qualit\u00e4t der chinesischen Unternehmen weist gro\u00dfe Schwankungen auf. So kann man f\u00fcr einen g\u00fcnstigen Preis hochwertige Produkte erwerben, welche eine lange Haltbarkeit aufweisen, aber ebenso in diesem Punkt einen Reinfall erleben. Um diesen zu verhindern, sollte man im Vertrag, der grunds\u00e4tzlich schriftlich erfolgen sollte, diesen und noch weitere Punkte auff\u00fchren, um Missverst\u00e4ndnisse zu vermeiden und eine klare Absprache zu haben. So sollten die Punkte Preis der Ware, Menge, Qualit\u00e4t, eventuell Material, Termin, Versand, Bezeichnung der Ware und vor allem die Vertragspartner aufgef\u00fchrt werden. Erst wenn dieser rechtsg\u00fcltig unterschrieben ist kann man sich darauf st\u00fctzen. Laut chinesischem Recht ist nur der Gesch\u00e4ftsf\u00fchrer eines Unternehmens dazu berechtigt. Durch diesen Vertrag bekommt auch das europ\u00e4ische Unternehmen eine Sicherheit, falls es zu Verst\u00f6\u00dfen der Absprache kommt. Wer sich mit diesen ganzen Dingen \u00fcberfordert f\u00fchlt, kann auch eine Importagentur einschalten. Diese haben viel Erfahrung und k\u00f6nnen einen Unerfahrenen gut unterst\u00fctzen. Das investierte Geld lohnt sich in der Regel, da die Risiken f\u00fcr einen<span>\u00a0<\/span><strong>Import aus China<\/strong><span>\u00a0<\/span>deutlich reduziert werden k\u00f6nnen.<\/p>\n<p>&nbsp;<\/p>\n<\/div>\n<div>\n<p><strong>Dokumente f\u00fcr den Import aus China<\/strong><br \/>Nicht alles kann auf den Vertrag abgew\u00e4lzt werden. So sollte man als Importeur die Pflichten ernst nehmen. Dazu geh\u00f6rt unter anderem die Lizenz REACH. Diese Verordnung gilt seit Mitte 2007 und gew\u00e4hrleistet den sicheren Umgang mit chemikalischen Stoffen, sodass Mensch und Umwelt nicht belastet werden. Hier muss aufgepasst werden, dass bei einem Import nicht gegen die geltenden Rechte versto\u00dfen wird. Eine weitere Lizenz ist SISVEL, auf die man insbesondere im Bereich Elektronik und Technik trifft. Bei einigen Produkten ist diese vorgeschrieben. Dabei besteht die M\u00f6glichkeit ausschlie\u00dflich Ware von Unternehmen mit eine SISVEL Lizenz zu bestellen oder selbst eine solche Lizenz zu beantragen. Hierf\u00fcr ist nicht der Hersteller sonder der Importeur verantwortlich. Das gilt f\u00fcr Gro\u00dfh\u00e4ndler sowie auch f\u00fcr kleine Ebayh\u00e4ndler. Wird diese Lizenz verletzt, so kann es richtig teuer werden. Ein weiteres Dokument, ohne welches eine Einfuhr in die EU nicht m\u00f6glich w\u00e4re, ist die CE Kennzeichnung. Diese muss man sich f\u00fcr alle Produkte geben lassen, die bestellt und geliefert werden. Es best\u00e4tigt, dass bei den besagten Produkten alle Richtlinien und Vorschriften eingehalten wurden, die die EU stellt. Es kann allerdings nicht mit einem Pr\u00fcfsigel gleich gestellt werden, da es sich um reines Verwaltungssigel handelt. Ist die Ware im Zollhafen angekommen, bekommt man eine EORI Nummer, die nur in Deutschland und \u00d6sterreich vom Zoll vergeben wird. In anderen L\u00e4ndern wird dies von anderen Beh\u00f6rden \u00fcbernommen. Die EORI Nummer, was Economic Operators Registration and Identification bedeutet, ist der Nachfolger der Zollnummer, die nur innerhalb eines Landes zugeordnet werden konnte. Wer sich nicht mit den ganzen Lizenzen und Verordnungen nicht selbst herumschlagen m\u00f6chte, sollte besser einen Profi damit beauftragen. Importeure die sich auf Waren aus China spezialisiert haben, k\u00f6nnen dies in der Regel deutlich besser managen, als man selbst. Dies ist allemal besser, als dann sp\u00e4ter eine Klage wegen falschen Dokumenten zu bekommen, die das hundertfache wie eine Importfirma kostet.<\/p>\n<p><strong>Mehrkosten beim Import aus China und deren Vermeidung<\/strong><br \/>Es gibt mehrere Ursachen die zu Mehrkosten beim<span>\u00a0<\/span><strong>Import aus China<\/strong><span>\u00a0<\/span>f\u00fchren k\u00f6nnen. Nur wenn diese umgangen werden, kann wirklich von den g\u00fcnstigen Preisen der chinesischen Ware profitiert werden. Neben den Kosten, die f\u00fcr die \u00fcblichen Dokumente anfallen, entstehen erfahrungsgem\u00e4\u00df die meisten Kosten durch Nacharbeiten, die durch schlechte Verarbeitung in Deutschland vorgenommen werden m\u00fcssen. Solche Kosten k\u00f6nnten problemlos vermieden werden, wenn ein eigener Mitarbeiter oder daf\u00fcr beauftragter Supervisor eine endg\u00fcltige \u00dcberpr\u00fcfung vornimmt, bevor die Verladung vorgenommen wird. Diese sorgen zum einen f\u00fcr eine fristgerechte Fertigstellung und Versand, um eine ordnungsgem\u00e4\u00dfe Qualit\u00e4t, die Einhaltung der Richtlinien und Vereinbarung und kl\u00e4ren dabei s\u00e4mtliche Fragen, die im Namen des Importeurs auftauchen. Diese sollten auch dann beauftragt werden, wenn bereits ein Prototyp angesehen oder eine l\u00e4ngere Zusammenarbeit zu verzeichnen ist. Die Probleme, die bei einem Import auftreten k\u00f6nnen, sind auch den Versicherungsunternehmen bekannt, weshalb auch diese Produkte daf\u00fcr anbieten. Die Kosten f\u00fcr die Versicherung sollten bei der Kalkulation beim Weiterverkauf mit einbezogen werden, um keinen Verlust verzeichnen zu m\u00fcssen.<\/p>\n<\/div>\n<div><\/div>\n<div><b>Gewerblicher<\/b><b><span>\u00a0<\/span>Rechtsschutz<\/b><b><span>\u00a0<\/span>f\u00fcr<\/b><b><span>\u00a0<\/span>mehr<\/b><b><span>\u00a0<\/span>Sicherheit<\/b><b><span>\u00a0<\/span>bei<\/b><b><span>\u00a0<\/span>Importen<\/b><br \/>Der internationale Handel hat in den letzten Jahren ungemein stark an Bedeutung gewonnen \u2013 und das nicht nur f\u00fcr gro\u00dfe und mittlere, sondern auch f\u00fcr kleine Unternehmen. Es gibt zunehmend mehr Selbst\u00e4ndige, die im Importgesch\u00e4ft t\u00e4tig sind. Preiswert werden Waren aus dem Ausland importiert, um sie anschlie\u00dfend mit gutem Gewinn auf dem deutschen Markt zu ver\u00e4u\u00dfern.<\/div>\n<div>Doch gerade kleine Unternehmen und Einzelk\u00e4mpfer tun sich hierbei nicht immer leicht. Der Handel mit Partnern aus dem Ausland setzt eine Menge Erfahrung, Verhandlungsgeschick und vor allem auch Rechtskenntnisse voraus. Vor allem bei den Rechtskenntnissen mangelt es h\u00e4ufig, was zur Folge hat, dass kleinere Unternehmen manchmal enorme Risiken eingehen, ohne sich dessen bewusst zu sein. Oft verlaufen die Gesch\u00e4fts dennoch reibungslos, doch manchmal kommt es auch zu Schwierigkeiten.<\/div>\n<div>Bei Schwierigkeiten stellt sich die Frage nach der Vorgehensweise. Gro\u00dfe Unternehmen haben eigene Rechtsabteilungen oder k\u00f6nnen sich teure Fachanw\u00e4lte leisten. Kleine Unternehmen und Selbst\u00e4ndige haben diese M\u00f6glichkeiten hingegen nicht bzw. will die Einschaltung eines kostspieligen Anwalts gut \u00fcberlegt sein, zumal sich ein solcher Rechtsstreit \u00fcber einen sehr langen Zeitraum erschrecken kann.<\/div>\n<div>Angesichts dieses Risikos empfiehlt es sich, gezielt Vorsorge zu leisten. Mit einer Rechtsschutzversicherung ist dies m\u00f6glich. Am Markt werden n\u00e4mlich<span>\u00a0<\/span><a title=\"Spezielle Rechtsschutztarife f\u00fcr Selbst\u00e4ndige\" href=\"https:\/\/www.humboldt-forum-recht.de\/rechtsschutzversicherungen-fuer-selbststaendige-und-freiberufler\/\" target=\"_blank\" rel=\"noopener\"><strong>spezielle Rechtsschutztarife f\u00fcr Selbst\u00e4ndige<\/strong><\/a><span>\u00a0<\/span>und kleine Unternehmen angeboten. Viele der Versicherungen sind sogar als praktische Paketl\u00f6sungen mit breitem Leistungsumfang konzipiert. Der Abschluss entsprechender Tarife gilt als vergleichsweise kostspielig.<\/div>\n<div>Bei der Auswahl gilt es jedoch genau hinzusehen bzw. sich mit den Tarifen der einzelnen Rechtsschutzversicherer n\u00e4her zu besch\u00e4ftigen. Diese Ma\u00dfnahme ist ungemein wichtig, denn nur so l\u00e4sst sich sicherstellen, dass eine ausreichende Absicherung gew\u00e4hrleistet ist bzw. auch bei internationalen Rechtsstreitigkeiten die Kosten\u00fcbernahme durch den Versicherer gew\u00e4hrleistet ist. Sofern man keinen geeigneten Tarif findet, bietet es sich sogar an, einen Schutz individuell konzipieren zu lassen. Zunehmend mehr Versicherer bieten diese M\u00f6glichkeit auch f\u00fcr kleine Unternehmen an.<\/div>\n<\/div>\n<p>[\/et_pb_text][\/et_pb_column][\/et_pb_row][\/et_pb_section]<\/p>\n","protected":false},"excerpt":{"rendered":"<p>Beim Einkauf in China gibt es diverse Risiken &nbsp; Risiken beim Einkauf in China Die Volksrepublik China ist die gr\u00f6sste Volkswirtschaft der Welt und eine aufstrebende Nation. Seit drei Jahrzehnten entwickelt sich China zu einer Wirtschaftsmacht. Die niedrigen Produktionskosten und immer effektiver werdenden Produktionsprozesse machen das Land f\u00fcr ausl\u00e4ndische Investoren und Handeltreibende sehr interessant. Jedoch [&hellip;]<\/p>\n","protected":false},"author":2,"featured_media":0,"parent":0,"menu_order":0,"comment_status":"closed","ping_status":"closed","template":"","meta":{"_et_pb_use_builder":"on","_et_pb_old_content":"","_et_gb_content_width":"","footnotes":""},"class_list":["post-1263","page","type-page","status-publish","hentry"],"yoast_head":"<!-- This site is optimized with the Yoast SEO plugin v27.4 - https:\/\/yoast.com\/product\/yoast-seo-wordpress\/ -->\n<title>China Import Risiken - China Import Beratung f\u00fcr den Einkauf aus China<\/title>\n<meta name=\"robots\" content=\"index, follow, max-snippet:-1, max-image-preview:large, max-video-preview:-1\" \/>\n<link rel=\"canonical\" href=\"https:\/\/ag-frisch.com\/de\/china-import-risiken-2\/\" \/>\n<meta property=\"og:locale\" content=\"de_DE\" \/>\n<meta property=\"og:type\" content=\"article\" \/>\n<meta property=\"og:title\" content=\"China Import Risiken - China Import Beratung f\u00fcr den Einkauf aus China\" \/>\n<meta property=\"og:description\" content=\"Beim Einkauf in China gibt es diverse Risiken &nbsp; Risiken beim Einkauf in China Die Volksrepublik China ist die gr\u00f6sste Volkswirtschaft der Welt und eine aufstrebende Nation. Seit drei Jahrzehnten entwickelt sich China zu einer Wirtschaftsmacht. Die niedrigen Produktionskosten und immer effektiver werdenden Produktionsprozesse machen das Land f\u00fcr ausl\u00e4ndische Investoren und Handeltreibende sehr interessant. Jedoch [&hellip;]\" \/>\n<meta property=\"og:url\" content=\"https:\/\/ag-frisch.com\/de\/china-import-risiken-2\/\" \/>\n<meta property=\"og:site_name\" content=\"China Import Beratung f\u00fcr den Einkauf aus China\" \/>\n<meta property=\"article:publisher\" content=\"https:\/\/www.facebook.com\/China.Import\" \/>\n<meta property=\"article:modified_time\" content=\"2021-11-07T19:09:24+00:00\" \/>\n<meta property=\"og:image\" content=\"http:\/\/www.ag-frisch.de\/mastercontents\/kantfiles\/Neues%20Bild.PNG\" \/>\n<meta name=\"twitter:card\" content=\"summary_large_image\" \/>\n<meta name=\"twitter:site\" content=\"@agenturfrisch\" \/>\n<meta name=\"twitter:label1\" content=\"Gesch\u00e4tzte Lesezeit\" \/>\n\t<meta name=\"twitter:data1\" content=\"10\u00a0Minuten\" \/>\n<script type=\"application\/ld+json\" class=\"yoast-schema-graph\">{\"@context\":\"https:\\\/\\\/schema.org\",\"@graph\":[{\"@type\":\"WebPage\",\"@id\":\"https:\\\/\\\/ag-frisch.com\\\/de\\\/china-import-risiken-2\\\/\",\"url\":\"https:\\\/\\\/ag-frisch.com\\\/de\\\/china-import-risiken-2\\\/\",\"name\":\"China Import Risiken - China Import Beratung f\u00fcr den Einkauf aus China\",\"isPartOf\":{\"@id\":\"https:\\\/\\\/ag-frisch.com\\\/de\\\/#website\"},\"primaryImageOfPage\":{\"@id\":\"https:\\\/\\\/ag-frisch.com\\\/de\\\/china-import-risiken-2\\\/#primaryimage\"},\"image\":{\"@id\":\"https:\\\/\\\/ag-frisch.com\\\/de\\\/china-import-risiken-2\\\/#primaryimage\"},\"thumbnailUrl\":\"http:\\\/\\\/www.ag-frisch.de\\\/mastercontents\\\/kantfiles\\\/Neues%20Bild.PNG\",\"datePublished\":\"2021-11-07T19:09:10+00:00\",\"dateModified\":\"2021-11-07T19:09:24+00:00\",\"breadcrumb\":{\"@id\":\"https:\\\/\\\/ag-frisch.com\\\/de\\\/china-import-risiken-2\\\/#breadcrumb\"},\"inLanguage\":\"de\",\"potentialAction\":[{\"@type\":\"ReadAction\",\"target\":[\"https:\\\/\\\/ag-frisch.com\\\/de\\\/china-import-risiken-2\\\/\"]}]},{\"@type\":\"ImageObject\",\"inLanguage\":\"de\",\"@id\":\"https:\\\/\\\/ag-frisch.com\\\/de\\\/china-import-risiken-2\\\/#primaryimage\",\"url\":\"http:\\\/\\\/www.ag-frisch.de\\\/mastercontents\\\/kantfiles\\\/Neues%20Bild.PNG\",\"contentUrl\":\"http:\\\/\\\/www.ag-frisch.de\\\/mastercontents\\\/kantfiles\\\/Neues%20Bild.PNG\"},{\"@type\":\"BreadcrumbList\",\"@id\":\"https:\\\/\\\/ag-frisch.com\\\/de\\\/china-import-risiken-2\\\/#breadcrumb\",\"itemListElement\":[{\"@type\":\"ListItem\",\"position\":1,\"name\":\"Startseite\",\"item\":\"https:\\\/\\\/ag-frisch.com\\\/de\\\/\"},{\"@type\":\"ListItem\",\"position\":2,\"name\":\"China Import Risiken\"}]},{\"@type\":\"WebSite\",\"@id\":\"https:\\\/\\\/ag-frisch.com\\\/de\\\/#website\",\"url\":\"https:\\\/\\\/ag-frisch.com\\\/de\\\/\",\"name\":\"China Import Beratung f\u00fcr den Einkauf aus China\",\"description\":\"China Import &amp; Export Beratung - Der Dienstleister Ihres Vertrauens f\u00fcr Ihren China Import\",\"publisher\":{\"@id\":\"https:\\\/\\\/ag-frisch.com\\\/de\\\/#organization\"},\"potentialAction\":[{\"@type\":\"SearchAction\",\"target\":{\"@type\":\"EntryPoint\",\"urlTemplate\":\"https:\\\/\\\/ag-frisch.com\\\/de\\\/?s={search_term_string}\"},\"query-input\":{\"@type\":\"PropertyValueSpecification\",\"valueRequired\":true,\"valueName\":\"search_term_string\"}}],\"inLanguage\":\"de\"},{\"@type\":\"Organization\",\"@id\":\"https:\\\/\\\/ag-frisch.com\\\/de\\\/#organization\",\"name\":\"Agentur Frisch International Consulting GmbH & Co. KG\",\"url\":\"https:\\\/\\\/ag-frisch.com\\\/de\\\/\",\"logo\":{\"@type\":\"ImageObject\",\"inLanguage\":\"de\",\"@id\":\"https:\\\/\\\/ag-frisch.com\\\/de\\\/#\\\/schema\\\/logo\\\/image\\\/\",\"url\":\"https:\\\/\\\/ag-frisch.com\\\/wp-content\\\/uploads\\\/2021\\\/08\\\/ag_logo_rgb_300_small.png\",\"contentUrl\":\"https:\\\/\\\/ag-frisch.com\\\/wp-content\\\/uploads\\\/2021\\\/08\\\/ag_logo_rgb_300_small.png\",\"width\":153,\"height\":102,\"caption\":\"Agentur Frisch International Consulting GmbH & Co. KG\"},\"image\":{\"@id\":\"https:\\\/\\\/ag-frisch.com\\\/de\\\/#\\\/schema\\\/logo\\\/image\\\/\"},\"sameAs\":[\"https:\\\/\\\/www.facebook.com\\\/China.Import\",\"https:\\\/\\\/x.com\\\/agenturfrisch\"]}]}<\/script>\n<!-- \/ Yoast SEO plugin. -->","yoast_head_json":{"title":"China Import Risiken - China Import Beratung f\u00fcr den Einkauf aus China","robots":{"index":"index","follow":"follow","max-snippet":"max-snippet:-1","max-image-preview":"max-image-preview:large","max-video-preview":"max-video-preview:-1"},"canonical":"https:\/\/ag-frisch.com\/de\/china-import-risiken-2\/","og_locale":"de_DE","og_type":"article","og_title":"China Import Risiken - China Import Beratung f\u00fcr den Einkauf aus China","og_description":"Beim Einkauf in China gibt es diverse Risiken &nbsp; Risiken beim Einkauf in China Die Volksrepublik China ist die gr\u00f6sste Volkswirtschaft der Welt und eine aufstrebende Nation. Seit drei Jahrzehnten entwickelt sich China zu einer Wirtschaftsmacht. Die niedrigen Produktionskosten und immer effektiver werdenden Produktionsprozesse machen das Land f\u00fcr ausl\u00e4ndische Investoren und Handeltreibende sehr interessant. Jedoch [&hellip;]","og_url":"https:\/\/ag-frisch.com\/de\/china-import-risiken-2\/","og_site_name":"China Import Beratung f\u00fcr den Einkauf aus China","article_publisher":"https:\/\/www.facebook.com\/China.Import","article_modified_time":"2021-11-07T19:09:24+00:00","og_image":[{"url":"http:\/\/www.ag-frisch.de\/mastercontents\/kantfiles\/Neues%20Bild.PNG","type":"","width":"","height":""}],"twitter_card":"summary_large_image","twitter_site":"@agenturfrisch","twitter_misc":{"Gesch\u00e4tzte Lesezeit":"10\u00a0Minuten"},"schema":{"@context":"https:\/\/schema.org","@graph":[{"@type":"WebPage","@id":"https:\/\/ag-frisch.com\/de\/china-import-risiken-2\/","url":"https:\/\/ag-frisch.com\/de\/china-import-risiken-2\/","name":"China Import Risiken - China Import Beratung f\u00fcr den Einkauf aus China","isPartOf":{"@id":"https:\/\/ag-frisch.com\/de\/#website"},"primaryImageOfPage":{"@id":"https:\/\/ag-frisch.com\/de\/china-import-risiken-2\/#primaryimage"},"image":{"@id":"https:\/\/ag-frisch.com\/de\/china-import-risiken-2\/#primaryimage"},"thumbnailUrl":"http:\/\/www.ag-frisch.de\/mastercontents\/kantfiles\/Neues%20Bild.PNG","datePublished":"2021-11-07T19:09:10+00:00","dateModified":"2021-11-07T19:09:24+00:00","breadcrumb":{"@id":"https:\/\/ag-frisch.com\/de\/china-import-risiken-2\/#breadcrumb"},"inLanguage":"de","potentialAction":[{"@type":"ReadAction","target":["https:\/\/ag-frisch.com\/de\/china-import-risiken-2\/"]}]},{"@type":"ImageObject","inLanguage":"de","@id":"https:\/\/ag-frisch.com\/de\/china-import-risiken-2\/#primaryimage","url":"http:\/\/www.ag-frisch.de\/mastercontents\/kantfiles\/Neues%20Bild.PNG","contentUrl":"http:\/\/www.ag-frisch.de\/mastercontents\/kantfiles\/Neues%20Bild.PNG"},{"@type":"BreadcrumbList","@id":"https:\/\/ag-frisch.com\/de\/china-import-risiken-2\/#breadcrumb","itemListElement":[{"@type":"ListItem","position":1,"name":"Startseite","item":"https:\/\/ag-frisch.com\/de\/"},{"@type":"ListItem","position":2,"name":"China Import Risiken"}]},{"@type":"WebSite","@id":"https:\/\/ag-frisch.com\/de\/#website","url":"https:\/\/ag-frisch.com\/de\/","name":"China Import Beratung f\u00fcr den Einkauf aus China","description":"China Import &amp; Export Beratung - Der Dienstleister Ihres Vertrauens f\u00fcr Ihren China Import","publisher":{"@id":"https:\/\/ag-frisch.com\/de\/#organization"},"potentialAction":[{"@type":"SearchAction","target":{"@type":"EntryPoint","urlTemplate":"https:\/\/ag-frisch.com\/de\/?s={search_term_string}"},"query-input":{"@type":"PropertyValueSpecification","valueRequired":true,"valueName":"search_term_string"}}],"inLanguage":"de"},{"@type":"Organization","@id":"https:\/\/ag-frisch.com\/de\/#organization","name":"Agentur Frisch International Consulting GmbH & Co. KG","url":"https:\/\/ag-frisch.com\/de\/","logo":{"@type":"ImageObject","inLanguage":"de","@id":"https:\/\/ag-frisch.com\/de\/#\/schema\/logo\/image\/","url":"https:\/\/ag-frisch.com\/wp-content\/uploads\/2021\/08\/ag_logo_rgb_300_small.png","contentUrl":"https:\/\/ag-frisch.com\/wp-content\/uploads\/2021\/08\/ag_logo_rgb_300_small.png","width":153,"height":102,"caption":"Agentur Frisch International Consulting GmbH & Co. KG"},"image":{"@id":"https:\/\/ag-frisch.com\/de\/#\/schema\/logo\/image\/"},"sameAs":["https:\/\/www.facebook.com\/China.Import","https:\/\/x.com\/agenturfrisch"]}]}},"_links":{"self":[{"href":"https:\/\/ag-frisch.com\/de\/wp-json\/wp\/v2\/pages\/1263","targetHints":{"allow":["GET"]}}],"collection":[{"href":"https:\/\/ag-frisch.com\/de\/wp-json\/wp\/v2\/pages"}],"about":[{"href":"https:\/\/ag-frisch.com\/de\/wp-json\/wp\/v2\/types\/page"}],"author":[{"embeddable":true,"href":"https:\/\/ag-frisch.com\/de\/wp-json\/wp\/v2\/users\/2"}],"replies":[{"embeddable":true,"href":"https:\/\/ag-frisch.com\/de\/wp-json\/wp\/v2\/comments?post=1263"}],"version-history":[{"count":0,"href":"https:\/\/ag-frisch.com\/de\/wp-json\/wp\/v2\/pages\/1263\/revisions"}],"wp:attachment":[{"href":"https:\/\/ag-frisch.com\/de\/wp-json\/wp\/v2\/media?parent=1263"}],"curies":[{"name":"wp","href":"https:\/\/api.w.org\/{rel}","templated":true}]}}