{"id":1284,"date":"2021-11-07T20:59:49","date_gmt":"2021-11-07T19:59:49","guid":{"rendered":"https:\/\/ag-frisch.com\/?page_id=1284"},"modified":"2023-01-11T14:18:40","modified_gmt":"2023-01-11T13:18:40","slug":"lfgb-pruefung-china","status":"publish","type":"page","link":"https:\/\/ag-frisch.com\/de\/lfgb-pruefung-china\/","title":{"rendered":"lfgb-pr\u00fcfung"},"content":{"rendered":"<p>[et_pb_section fb_built=&#8221;1&#8243; _builder_version=&#8221;4.16&#8243; _module_preset=&#8221;default&#8221; global_colors_info=&#8221;{}&#8221;][et_pb_row _builder_version=&#8221;4.16&#8243; _module_preset=&#8221;default&#8221; global_colors_info=&#8221;{}&#8221;][et_pb_column type=&#8221;4_4&#8243; _builder_version=&#8221;4.16&#8243; _module_preset=&#8221;default&#8221; global_colors_info=&#8221;{}&#8221;][et_pb_cta title=&#8221;LFGB Pr\u00fcfung direkt in China durchf\u00fchren lassen&#8221; button_url=&#8221;\/kontakt\/&#8221; button_text=&#8221;Jetzt direkt anfragen&#8221; _builder_version=&#8221;4.16&#8243; _module_preset=&#8221;default&#8221; global_colors_info=&#8221;{}&#8221;]<\/p>\n<p>Wir unterst\u00fctzen Sie bei der LFGB Konformit\u00e4t Ihrer Produkte aus China.\u00a0<\/p>\n<p>[\/et_pb_cta][et_pb_text _builder_version=&#8221;4.18.1&#8243; _module_preset=&#8221;default&#8221; hover_enabled=&#8221;0&#8243; global_colors_info=&#8221;{}&#8221; sticky_enabled=&#8221;0&#8243;]<\/p>\n<h1>LFGB-Pr\u00fcfung: Einhaltung und Pr\u00fcfung beim Import aus China<\/h1>\n<h2>LFGB Testlabor in China<\/h2>\n<p><strong>LFGB \u2013 Lebensmittel- und Futtermittelgesetzbuch<\/strong><\/p>\n<p><strong>Einhaltung des LFGB bei Produkten aus China <\/strong><\/p>\n<p>Seit 2005 gilt das Lebensmittel- und Futtermittelgesetzbuch (LFGB) f\u00fcr alles, was in Deutschland an Lebensmitteln und Futtermitteln, aber auch an sicherheitsrelevanten Bedarfsgegenst\u00e4nden verkauft wird. Ausschlaggebend f\u00fcr die Erfassung von Bedarfsgegenst\u00e4nden durch das LFGB ist, wie viel und wie lange Kontakt des Produktes mit Lebensmitteln besteht.<\/p>\n<p>Produkte, die vom LFGB erfasst werden, sind zum Beispiel:<\/p>\n<ul>\n<li>Geschirr, Tassen, Besteck<\/li>\n<li>Salz- und Pfefferstreuer<\/li>\n<li>Obstschalen<\/li>\n<li>Schneidbretter<\/li>\n<\/ul>\n<p>Neben den Waren, die mit Lebensmitteln in Kontakt kommen, z\u00e4hlen auch Gegenst\u00e4nde unter das LFGB, die mit dem menschlichen K\u00f6rper (Haut, Haare, insbesondere auch Schleimh\u00e4ute) in Ber\u00fchrung stehen. Dies sind beispielsweise:<\/p>\n<ul>\n<li>Bettw\u00e4sche<\/li>\n<li>Babysauger (Nuckel)<\/li>\n<li>Pfeifen<\/li>\n<li>Zahnb\u00fcrsten<\/li>\n<\/ul>\n<p>Hintergrund des LFGB ist die Sicherheit von Menschen und Tieren. Verbraucher haben ein Recht darauf, gepr\u00fcft ungiftige Waren zu erhalten. Dies soll Sch\u00e4den vorbeugen und den globalen Warenverkehr sicherer gestalten.<\/p>\n<p><strong>Die Einhaltung des LFGB bei Produkten aus China ist eine verpflichtende Leistung. Eine entsprechende Pr\u00fcfung ist notwendig.<\/strong><\/p>\n<p>Um die Einhaltung des LFGB bei Produkten aus China zu gew\u00e4hrleisten, sollte eine LFGB-Pr\u00fcfung in China durchgef\u00fchrt werden.<\/p>\n<p>&nbsp;<\/p>\n<p><strong>LFGB-Pr\u00fcfung in China durch unsere Testlabore<\/strong><\/p>\n<p>Die Tochterfirma der Agentur Frisch, BEIDE Compliance Laboratory, unterh\u00e4lt eigene Pr\u00fcflabore in China. So stellen wir sicher, dass den Pr\u00fcfzertifikaten zu trauen ist. Verl\u00e4sst man sich auf unseri\u00f6se oder unsichere Quellen, kann dies schnell zu erheblichen Problemen bei der Einfuhr nach Deutschland f\u00fchren. Auch teure R\u00fcckrufaktionen lassen sich vermeiden, wenn man seri\u00f6se und verl\u00e4ssliche LFGB-Pr\u00fcfungen in China durchf\u00fchren l\u00e4sst.<\/p>\n<p>BEIDE Compliance Laboratory verf\u00fcgt \u00fcber hochprofessionelle, unabh\u00e4ngig gepr\u00fcfte Labore, in denen wir LFGB-Pr\u00fcfungen in China nach deutschem Standard vornehmen k\u00f6nnen. Bei diesen Tests ermitteln wir die Schadstoffbelastung Ihrer Produkte. Ausgehend von der EU-Liste der gef\u00e4hrlichen, verbotenen oder beschr\u00e4nkten Stoffe pr\u00fcfen wir Ihre Produkte auf Unbedenklichkeit. Die BEIDE Compliance Laboratory ist ein qualifiziertes LFGB-Testlabor in China und ist berechtigt, nach vorgenommener Pr\u00fcfung entsprechende Pr\u00fcfzertifikate auszustellen.<\/p>\n<p><strong>Durchf\u00fchrung der Pr\u00fcfung im BEIDE LFGB-Testlabor in China gibt Ihnen die Sicherheit, zertifiziert EU-konforme Waren einzuf\u00fchren.<\/strong><\/p>\n<p>Auf Wunsch erhalten Sie von uns zudem die Vorlage einer Konformit\u00e4tserkl\u00e4rung, die Sie f\u00fcr die Einfuhr nach Deutschland ben\u00f6tigen.<\/p>\n<p>&nbsp;<\/p>\n<p><strong>Sicherheit bei der Einhaltung des LFGB bei Produkten aus China<\/strong><\/p>\n<p>Vertrauen ist gut, Kontrolle ist besser \u2013 als Ihr Full-Service-Dienstleister im China-Import k\u00f6nnen Sie sich auf die Qualit\u00e4t unserer Leistung verlassen. Wir f\u00fchren f\u00fcr Sie den gesamten Import-Prozess durch. Bei Schwierigkeiten k\u00f6nnen wir daher besonders schnell reagieren, und wir handeln verantwortungsbewusst in jedem Schritt der Import-Leistung. Unsere BEIDE LFGB-Testlabore in China sind ein Teil dieses erstklassigen Service. Wir f\u00fchren die LFGB-Pr\u00fcfungen in China selbst durch und k\u00f6nnen deswegen f\u00fcr deren Qualit\u00e4t b\u00fcrgen. Mit uns erwarten Sie keine \u00dcberraschungen beim Zoll und beh\u00f6rdlichen Pr\u00fcfungen.<\/p>\n<p>&nbsp;<\/p>\n<p><strong>F\u00e4llt mein Import unter die Einhaltung des LFGB bei Produkten aus China?<\/strong><\/p>\n<p>Wenn Sie diese Frage nicht sicher beantworten k\u00f6nnen, ermitteln wir gern f\u00fcr Sie, ob Ihr Produkt eine LFGB-Pr\u00fcfung erhalten muss. Denn leider ist der Sachverhalt nicht immer v\u00f6llig eindeutig. Die Rechtsexperten der Agentur Frisch kennen das Gesetz und die aktuellen Gerichtsurteile und k\u00f6nnen daher klare Aussagen dar\u00fcber treffen, ob f\u00fcr Ihren Import die Einhaltung des LFGB bei Produkten aus China relevant ist.<\/p>\n<p>&nbsp;<\/p>\n<p><strong>Legen Sie die LFGB-Pr\u00fcfung in China in unsere H\u00e4nde!<\/strong><\/p>\n<p>[\/et_pb_text][\/et_pb_column][\/et_pb_row][\/et_pb_section][et_pb_section fb_built=&#8221;1&#8243; admin_label=&#8221;Testimonials&#8221; _builder_version=&#8221;4.16&#8243; use_background_color_gradient=&#8221;on&#8221; background_color_gradient_stops=&#8221;rgba(0,106,156,0.85) 0%|rgba(0,106,156,0.85) 100%&#8221; background_color_gradient_start=&#8221;rgba(0,106,156,0.85)&#8221; background_color_gradient_end=&#8221;rgba(0,106,156,0.85)&#8221; custom_padding=&#8221;90px||60px|&#8221; animation_style=&#8221;fold&#8221; animation_direction=&#8221;bottom&#8221; animation_intensity_fold=&#8221;4%&#8221; global_colors_info=&#8221;{}&#8221;][et_pb_row _builder_version=&#8221;4.16&#8243; background_size=&#8221;initial&#8221; background_position=&#8221;top_left&#8221; background_repeat=&#8221;repeat&#8221; custom_width_px=&#8221;710px&#8221; locked=&#8221;off&#8221; global_colors_info=&#8221;{}&#8221;][et_pb_column type=&#8221;4_4&#8243; _builder_version=&#8221;4.16&#8243; background_position=&#8221;top_left&#8221; custom_padding=&#8221;|||&#8221; global_colors_info=&#8221;{}&#8221; custom_padding__hover=&#8221;|||&#8221;][et_pb_text admin_label=&#8221;Testimonials Section Title&#8221; _builder_version=&#8221;4.16&#8243; header_font=&#8221;Montserrat||||&#8221; header_font_size=&#8221;36px&#8221; background_size=&#8221;initial&#8221; background_position=&#8221;top_left&#8221; background_repeat=&#8221;repeat&#8221; text_orientation=&#8221;center&#8221; background_layout=&#8221;dark&#8221; max_width=&#8221;710px&#8221; module_alignment=&#8221;center&#8221; animation_style=&#8221;fold&#8221; animation_direction=&#8221;bottom&#8221; animation_intensity_fold=&#8221;20%&#8221; global_colors_info=&#8221;{}&#8221;]<\/p>\n<h1>\u00dcber 5000 zufriedene Kunden.<\/h1>\n<p>&nbsp;<\/p>\n<p>[\/et_pb_text][et_pb_divider color=&#8221;#ffffff&#8221; divider_weight=&#8221;3px&#8221; disabled_on=&#8221;off|off|off&#8221; _builder_version=&#8221;4.16&#8243; background_color_gradient_direction=&#8221;90deg&#8221; max_width=&#8221;100px&#8221; module_alignment=&#8221;center&#8221; height=&#8221;5px&#8221; custom_margin=&#8221;||20px|&#8221; custom_padding=&#8221;||20px|&#8221; animation_style=&#8221;slide&#8221; animation_direction=&#8221;bottom&#8221; saved_tabs=&#8221;all&#8221; locked=&#8221;off&#8221; global_colors_info=&#8221;{}&#8221;][\/et_pb_divider][\/et_pb_column][\/et_pb_row][et_pb_row column_structure=&#8221;1_2,1_2&#8243; _builder_version=&#8221;4.18.1&#8243; _module_preset=&#8221;default&#8221; global_colors_info=&#8221;{}&#8221;][et_pb_column type=&#8221;1_2&#8243; _builder_version=&#8221;4.18.1&#8243; _module_preset=&#8221;default&#8221; global_colors_info=&#8221;{}&#8221;][et_pb_testimonial author=&#8221;Marco&#8221; portrait_url=&#8221;https:\/\/ag-frisch.com\/wp-content\/uploads\/2021\/08\/Harald.png&#8221; quote_icon=&#8221;off&#8221; _builder_version=&#8221;4.18.1&#8243; _module_preset=&#8221;default&#8221; body_font_size=&#8221;16px&#8221; use_background_color=&#8221;off&#8221; background_layout=&#8221;dark&#8221; global_colors_info=&#8221;{}&#8221;]Ich habe die Agentur Frisch beauftragt ein gr\u00f6\u00dferes M\u00f6belst\u00fcck in China produzieren zu lassen um es dann folglich nach Deutschland zu \u00fcberf\u00fchren. Per Mail erfolgte die ganze Zeit \u00fcber eine reibungslose Kommunikation! Sehr schnelle und zuverl\u00e4ssige Antworten vermittelten mir st\u00e4ndig die Sicherheiten, die bei so einen Unterfangen unerl\u00e4sslich sind. Jederzeit wurde mir durch den B\u00fcrokratiedschungel geholfen und dabei wurden keine Formulare vergessen oder falsch ausgef\u00fcllt. Sehr lobenswert!<a href=\"&lt;div class=&quot;pe-richsnippets&quot;&gt;&amp;nbsp;&lt;\/div&gt; &lt;script type=&quot;text\/javascript&quot; src=&quot;https:\/\/www.provenexpert.com\/widget\/richsnippet.js?u=1NUA0VwZ4RUZ5tmAi5zA4RaplNKAlWwZ&amp;v=2&quot; async&gt;&lt;\/script&gt; &lt;div style=&quot;text-align: justify;&quot;&gt;&lt;br \/&gt;\"><\/a><\/p>\n<div class=\"brow ratingBarMargin\">\n<div class=\"ratingBar\">\n<div class=\"brow\">\n<div class=\"pe-richsnippets\">&nbsp;<\/div>\n<p><script type=\"text\/javascript\" src=\"https:\/\/www.provenexpert.com\/widget\/richsnippet.js?u=1NUA0VwZ4RUZ5tmAi5zA4RaplNKAlWwZ&#038;v=2\" async><\/script><\/p>\n<div style=\"text-align: justify;\"><\/p>\n<div class=\"col-lg-9 col-md-8 col-xs-10 mt20 mb20\">\n<div class=\"col-xs-12 surveyNameForRating\"><\/div>\n<\/div>\n<\/div>\n<\/div>\n<\/div>\n<\/div>\n<p>[\/et_pb_testimonial][\/et_pb_column][et_pb_column type=&#8221;1_2&#8243; _builder_version=&#8221;4.18.1&#8243; _module_preset=&#8221;default&#8221; global_colors_info=&#8221;{}&#8221;][et_pb_testimonial author=&#8221;Simone L.&#8221; portrait_url=&#8221;https:\/\/ag-frisch.com\/wp-content\/uploads\/2021\/08\/Harald.png&#8221; quote_icon=&#8221;off&#8221; _builder_version=&#8221;4.18.1&#8243; _module_preset=&#8221;default&#8221; body_font_size=&#8221;16px&#8221; use_background_color=&#8221;off&#8221; background_layout=&#8221;dark&#8221; global_colors_info=&#8221;{}&#8221;]<\/p>\n<p>Alles Top. Besser geht nicht. Beratung und Durchf\u00fchrung kann man nicht besser machen. Wir sind nach mehreren Bestellungen bei diesem Unternehmen mehr als zufrieden und setzen die Zusammenarbeit fort.<\/p>\n<div class=\"brow ratingBarMargin\">\n<div class=\"ratingBar\">\n<div class=\"brow\">\n<div class=\"pe-richsnippets\">\u00a0<\/div>\n<p>\n<script type=\"text\/javascript\" src=\"https:\/\/www.provenexpert.com\/widget\/richsnippet.js?u=1NUA0VwZ4RUZ5tmAi5zA4RaplNKAlWwZ&amp;v=2\" async=\"\"><\/script>\n<\/p>\n<div style=\"text-align: justify;\">\n<p>&nbsp;<\/p>\n<div class=\"col-lg-9 col-md-8 col-xs-10 mt20 mb20\">\n<div class=\"col-xs-12 surveyNameForRating\"><\/div>\n<\/div>\n<\/div>\n<\/div>\n<\/div>\n<\/div>\n<p>[\/et_pb_testimonial][\/et_pb_column][\/et_pb_row][et_pb_row _builder_version=&#8221;4.16&#8243; background_size=&#8221;initial&#8221; background_position=&#8221;top_left&#8221; background_repeat=&#8221;repeat&#8221; custom_padding=&#8221;50px|0px|30px|0px&#8221; custom_css_main_element=&#8221;text-align: center;&#8221; global_colors_info=&#8221;{}&#8221;][et_pb_column type=&#8221;4_4&#8243; _builder_version=&#8221;4.16&#8243; custom_padding=&#8221;|||&#8221; global_colors_info=&#8221;{}&#8221; custom_padding__hover=&#8221;|||&#8221;][et_pb_button button_url=&#8221;https:\/\/www.provenexpert.com\/de-de\/agentur-frisch-international-consulting-gmbh-und-co-kg\/&#8221; button_text=&#8221;MEHR BEWERTUNGEN&#8221; button_alignment=&#8221;left&#8221; admin_label=&#8221;Testimonial Button&#8221; _builder_version=&#8221;4.16&#8243; custom_button=&#8221;on&#8221; button_text_size=&#8221;18px&#8221; button_text_color=&#8221;#ffffff&#8221; button_bg_color=&#8221;#6eba01&#8243; button_border_width=&#8221;2px&#8221; button_border_color=&#8221;#6eba01&#8243; button_border_radius=&#8221;0px&#8221; button_letter_spacing=&#8221;2px&#8221; button_font=&#8221;Montserrat|||on|&#8221; button_use_icon=&#8221;off&#8221; animation_style=&#8221;fold&#8221; animation_direction=&#8221;bottom&#8221; button_text_color_hover=&#8221;#ffffff&#8221; button_border_color_hover=&#8221;#ffffff&#8221; button_border_radius_hover=&#8221;0px&#8221; button_letter_spacing_hover=&#8221;2px&#8221; button_bg_color_hover=&#8221;rgba(255,255,255,0)&#8221; locked=&#8221;off&#8221; global_colors_info=&#8221;{}&#8221; button_text_size__hover_enabled=&#8221;off&#8221; button_one_text_size__hover_enabled=&#8221;off&#8221; button_two_text_size__hover_enabled=&#8221;off&#8221; button_text_color__hover_enabled=&#8221;on&#8221; button_text_color__hover=&#8221;#ffffff&#8221; button_one_text_color__hover_enabled=&#8221;off&#8221; button_two_text_color__hover_enabled=&#8221;off&#8221; button_border_width__hover_enabled=&#8221;off&#8221; button_one_border_width__hover_enabled=&#8221;off&#8221; button_two_border_width__hover_enabled=&#8221;off&#8221; button_border_color__hover_enabled=&#8221;on&#8221; button_border_color__hover=&#8221;#ffffff&#8221; button_one_border_color__hover_enabled=&#8221;off&#8221; button_two_border_color__hover_enabled=&#8221;off&#8221; button_border_radius__hover_enabled=&#8221;on&#8221; button_border_radius__hover=&#8221;0px&#8221; button_one_border_radius__hover_enabled=&#8221;off&#8221; button_two_border_radius__hover_enabled=&#8221;off&#8221; button_letter_spacing__hover_enabled=&#8221;on&#8221; button_letter_spacing__hover=&#8221;2px&#8221; button_one_letter_spacing__hover_enabled=&#8221;off&#8221; button_two_letter_spacing__hover_enabled=&#8221;off&#8221; button_bg_color__hover_enabled=&#8221;on&#8221; button_bg_color__hover=&#8221;rgba(255,255,255,0)&#8221; button_one_bg_color__hover_enabled=&#8221;off&#8221; button_two_bg_color__hover_enabled=&#8221;off&#8221;][\/et_pb_button][\/et_pb_column][\/et_pb_row][\/et_pb_section]<\/p>\n","protected":false},"excerpt":{"rendered":"<p>Wir unterst\u00fctzen Sie bei der LFGB Konformit\u00e4t Ihrer Produkte aus China.\u00a0LFGB-Pr\u00fcfung: Einhaltung und Pr\u00fcfung beim Import aus China LFGB Testlabor in China LFGB \u2013 Lebensmittel- und Futtermittelgesetzbuch Einhaltung des LFGB bei Produkten aus China Seit 2005 gilt das Lebensmittel- und Futtermittelgesetzbuch (LFGB) f\u00fcr alles, was in Deutschland an Lebensmitteln und Futtermitteln, aber auch an sicherheitsrelevanten [&hellip;]<\/p>\n","protected":false},"author":2,"featured_media":0,"parent":0,"menu_order":0,"comment_status":"closed","ping_status":"closed","template":"","meta":{"_et_pb_use_builder":"on","_et_pb_old_content":"","_et_gb_content_width":"","footnotes":""},"class_list":["post-1284","page","type-page","status-publish","hentry"],"yoast_head":"<!-- This site is optimized with the Yoast SEO plugin v27.4 - https:\/\/yoast.com\/product\/yoast-seo-wordpress\/ -->\n<title>LFGB-Pr\u00fcfung: Einhaltung und Pr\u00fcfung bei der Einfuhr aus China<\/title>\n<meta name=\"description\" content=\"LFGB-Pr\u00fcfung durch eigene Testlabore \u25ba Sicherer Import durch Pr\u00fcfung und Einhaltung des LFGB \u25ba Jetzt von Experten beraten lassen!\" \/>\n<meta name=\"robots\" content=\"index, follow, max-snippet:-1, max-image-preview:large, max-video-preview:-1\" \/>\n<link rel=\"canonical\" href=\"https:\/\/ag-frisch.com\/de\/lfgb-pruefung-china\/\" \/>\n<meta property=\"og:locale\" content=\"de_DE\" \/>\n<meta property=\"og:type\" content=\"article\" \/>\n<meta property=\"og:title\" content=\"LFGB-Pr\u00fcfung: Einhaltung und Pr\u00fcfung bei der Einfuhr aus China\" \/>\n<meta property=\"og:description\" content=\"LFGB-Pr\u00fcfung durch eigene Testlabore \u25ba Sicherer Import durch Pr\u00fcfung und Einhaltung des LFGB \u25ba Jetzt von Experten beraten lassen!\" \/>\n<meta property=\"og:url\" content=\"https:\/\/ag-frisch.com\/de\/lfgb-pruefung-china\/\" \/>\n<meta property=\"og:site_name\" content=\"China Import Beratung f\u00fcr den Einkauf aus China\" \/>\n<meta property=\"article:publisher\" content=\"https:\/\/www.facebook.com\/China.Import\" \/>\n<meta property=\"article:modified_time\" content=\"2023-01-11T13:18:40+00:00\" \/>\n<meta name=\"twitter:card\" content=\"summary_large_image\" \/>\n<meta name=\"twitter:site\" content=\"@agenturfrisch\" \/>\n<meta name=\"twitter:label1\" content=\"Gesch\u00e4tzte Lesezeit\" \/>\n\t<meta name=\"twitter:data1\" content=\"7\u00a0Minuten\" \/>\n<script type=\"application\/ld+json\" class=\"yoast-schema-graph\">{\"@context\":\"https:\\\/\\\/schema.org\",\"@graph\":[{\"@type\":\"WebPage\",\"@id\":\"https:\\\/\\\/ag-frisch.com\\\/de\\\/lfgb-pruefung-china\\\/\",\"url\":\"https:\\\/\\\/ag-frisch.com\\\/de\\\/lfgb-pruefung-china\\\/\",\"name\":\"LFGB-Pr\u00fcfung: Einhaltung und Pr\u00fcfung bei der Einfuhr aus China\",\"isPartOf\":{\"@id\":\"https:\\\/\\\/ag-frisch.com\\\/de\\\/#website\"},\"datePublished\":\"2021-11-07T19:59:49+00:00\",\"dateModified\":\"2023-01-11T13:18:40+00:00\",\"description\":\"LFGB-Pr\u00fcfung durch eigene Testlabore \u25ba Sicherer Import durch Pr\u00fcfung und Einhaltung des LFGB \u25ba Jetzt von Experten beraten lassen!\",\"breadcrumb\":{\"@id\":\"https:\\\/\\\/ag-frisch.com\\\/de\\\/lfgb-pruefung-china\\\/#breadcrumb\"},\"inLanguage\":\"de\",\"potentialAction\":[{\"@type\":\"ReadAction\",\"target\":[\"https:\\\/\\\/ag-frisch.com\\\/de\\\/lfgb-pruefung-china\\\/\"]}]},{\"@type\":\"BreadcrumbList\",\"@id\":\"https:\\\/\\\/ag-frisch.com\\\/de\\\/lfgb-pruefung-china\\\/#breadcrumb\",\"itemListElement\":[{\"@type\":\"ListItem\",\"position\":1,\"name\":\"Startseite\",\"item\":\"https:\\\/\\\/ag-frisch.com\\\/de\\\/\"},{\"@type\":\"ListItem\",\"position\":2,\"name\":\"lfgb-pr\u00fcfung\"}]},{\"@type\":\"WebSite\",\"@id\":\"https:\\\/\\\/ag-frisch.com\\\/de\\\/#website\",\"url\":\"https:\\\/\\\/ag-frisch.com\\\/de\\\/\",\"name\":\"China Import Beratung f\u00fcr den Einkauf aus China\",\"description\":\"China Import &amp; Export Beratung - Der Dienstleister Ihres Vertrauens f\u00fcr Ihren China Import\",\"publisher\":{\"@id\":\"https:\\\/\\\/ag-frisch.com\\\/de\\\/#organization\"},\"potentialAction\":[{\"@type\":\"SearchAction\",\"target\":{\"@type\":\"EntryPoint\",\"urlTemplate\":\"https:\\\/\\\/ag-frisch.com\\\/de\\\/?s={search_term_string}\"},\"query-input\":{\"@type\":\"PropertyValueSpecification\",\"valueRequired\":true,\"valueName\":\"search_term_string\"}}],\"inLanguage\":\"de\"},{\"@type\":\"Organization\",\"@id\":\"https:\\\/\\\/ag-frisch.com\\\/de\\\/#organization\",\"name\":\"Agentur Frisch International Consulting GmbH & Co. KG\",\"url\":\"https:\\\/\\\/ag-frisch.com\\\/de\\\/\",\"logo\":{\"@type\":\"ImageObject\",\"inLanguage\":\"de\",\"@id\":\"https:\\\/\\\/ag-frisch.com\\\/de\\\/#\\\/schema\\\/logo\\\/image\\\/\",\"url\":\"https:\\\/\\\/ag-frisch.com\\\/wp-content\\\/uploads\\\/2021\\\/08\\\/ag_logo_rgb_300_small.png\",\"contentUrl\":\"https:\\\/\\\/ag-frisch.com\\\/wp-content\\\/uploads\\\/2021\\\/08\\\/ag_logo_rgb_300_small.png\",\"width\":153,\"height\":102,\"caption\":\"Agentur Frisch International Consulting GmbH & Co. KG\"},\"image\":{\"@id\":\"https:\\\/\\\/ag-frisch.com\\\/de\\\/#\\\/schema\\\/logo\\\/image\\\/\"},\"sameAs\":[\"https:\\\/\\\/www.facebook.com\\\/China.Import\",\"https:\\\/\\\/x.com\\\/agenturfrisch\"]}]}<\/script>\n<!-- \/ Yoast SEO plugin. -->","yoast_head_json":{"title":"LFGB-Pr\u00fcfung: Einhaltung und Pr\u00fcfung bei der Einfuhr aus China","description":"LFGB-Pr\u00fcfung durch eigene Testlabore \u25ba Sicherer Import durch Pr\u00fcfung und Einhaltung des LFGB \u25ba Jetzt von Experten beraten lassen!","robots":{"index":"index","follow":"follow","max-snippet":"max-snippet:-1","max-image-preview":"max-image-preview:large","max-video-preview":"max-video-preview:-1"},"canonical":"https:\/\/ag-frisch.com\/de\/lfgb-pruefung-china\/","og_locale":"de_DE","og_type":"article","og_title":"LFGB-Pr\u00fcfung: Einhaltung und Pr\u00fcfung bei der Einfuhr aus China","og_description":"LFGB-Pr\u00fcfung durch eigene Testlabore \u25ba Sicherer Import durch Pr\u00fcfung und Einhaltung des LFGB \u25ba Jetzt von Experten beraten lassen!","og_url":"https:\/\/ag-frisch.com\/de\/lfgb-pruefung-china\/","og_site_name":"China Import Beratung f\u00fcr den Einkauf aus China","article_publisher":"https:\/\/www.facebook.com\/China.Import","article_modified_time":"2023-01-11T13:18:40+00:00","twitter_card":"summary_large_image","twitter_site":"@agenturfrisch","twitter_misc":{"Gesch\u00e4tzte Lesezeit":"7\u00a0Minuten"},"schema":{"@context":"https:\/\/schema.org","@graph":[{"@type":"WebPage","@id":"https:\/\/ag-frisch.com\/de\/lfgb-pruefung-china\/","url":"https:\/\/ag-frisch.com\/de\/lfgb-pruefung-china\/","name":"LFGB-Pr\u00fcfung: Einhaltung und Pr\u00fcfung bei der Einfuhr aus China","isPartOf":{"@id":"https:\/\/ag-frisch.com\/de\/#website"},"datePublished":"2021-11-07T19:59:49+00:00","dateModified":"2023-01-11T13:18:40+00:00","description":"LFGB-Pr\u00fcfung durch eigene Testlabore \u25ba Sicherer Import durch Pr\u00fcfung und Einhaltung des LFGB \u25ba Jetzt von Experten beraten lassen!","breadcrumb":{"@id":"https:\/\/ag-frisch.com\/de\/lfgb-pruefung-china\/#breadcrumb"},"inLanguage":"de","potentialAction":[{"@type":"ReadAction","target":["https:\/\/ag-frisch.com\/de\/lfgb-pruefung-china\/"]}]},{"@type":"BreadcrumbList","@id":"https:\/\/ag-frisch.com\/de\/lfgb-pruefung-china\/#breadcrumb","itemListElement":[{"@type":"ListItem","position":1,"name":"Startseite","item":"https:\/\/ag-frisch.com\/de\/"},{"@type":"ListItem","position":2,"name":"lfgb-pr\u00fcfung"}]},{"@type":"WebSite","@id":"https:\/\/ag-frisch.com\/de\/#website","url":"https:\/\/ag-frisch.com\/de\/","name":"China Import Beratung f\u00fcr den Einkauf aus China","description":"China Import &amp; Export Beratung - Der Dienstleister Ihres Vertrauens f\u00fcr Ihren China Import","publisher":{"@id":"https:\/\/ag-frisch.com\/de\/#organization"},"potentialAction":[{"@type":"SearchAction","target":{"@type":"EntryPoint","urlTemplate":"https:\/\/ag-frisch.com\/de\/?s={search_term_string}"},"query-input":{"@type":"PropertyValueSpecification","valueRequired":true,"valueName":"search_term_string"}}],"inLanguage":"de"},{"@type":"Organization","@id":"https:\/\/ag-frisch.com\/de\/#organization","name":"Agentur Frisch International Consulting GmbH & Co. KG","url":"https:\/\/ag-frisch.com\/de\/","logo":{"@type":"ImageObject","inLanguage":"de","@id":"https:\/\/ag-frisch.com\/de\/#\/schema\/logo\/image\/","url":"https:\/\/ag-frisch.com\/wp-content\/uploads\/2021\/08\/ag_logo_rgb_300_small.png","contentUrl":"https:\/\/ag-frisch.com\/wp-content\/uploads\/2021\/08\/ag_logo_rgb_300_small.png","width":153,"height":102,"caption":"Agentur Frisch International Consulting GmbH & Co. KG"},"image":{"@id":"https:\/\/ag-frisch.com\/de\/#\/schema\/logo\/image\/"},"sameAs":["https:\/\/www.facebook.com\/China.Import","https:\/\/x.com\/agenturfrisch"]}]}},"_links":{"self":[{"href":"https:\/\/ag-frisch.com\/de\/wp-json\/wp\/v2\/pages\/1284","targetHints":{"allow":["GET"]}}],"collection":[{"href":"https:\/\/ag-frisch.com\/de\/wp-json\/wp\/v2\/pages"}],"about":[{"href":"https:\/\/ag-frisch.com\/de\/wp-json\/wp\/v2\/types\/page"}],"author":[{"embeddable":true,"href":"https:\/\/ag-frisch.com\/de\/wp-json\/wp\/v2\/users\/2"}],"replies":[{"embeddable":true,"href":"https:\/\/ag-frisch.com\/de\/wp-json\/wp\/v2\/comments?post=1284"}],"version-history":[{"count":0,"href":"https:\/\/ag-frisch.com\/de\/wp-json\/wp\/v2\/pages\/1284\/revisions"}],"wp:attachment":[{"href":"https:\/\/ag-frisch.com\/de\/wp-json\/wp\/v2\/media?parent=1284"}],"curies":[{"name":"wp","href":"https:\/\/api.w.org\/{rel}","templated":true}]}}