{"id":150,"date":"2021-08-30T11:17:31","date_gmt":"2021-08-30T09:17:31","guid":{"rendered":"https:\/\/ag-frisch.com\/?page_id=150"},"modified":"2026-02-18T22:54:43","modified_gmt":"2026-02-18T21:54:43","slug":"agb","status":"publish","type":"page","link":"https:\/\/ag-frisch.com\/de\/agb\/","title":{"rendered":"AGBs"},"content":{"rendered":"<p>[et_pb_section fb_built=&#8221;1&#8243; admin_label=&#8221;section&#8221; _builder_version=&#8221;4.16&#8243; global_colors_info=&#8221;{}&#8221;][et_pb_row admin_label=&#8221;row&#8221; _builder_version=&#8221;4.18.1&#8243; background_size=&#8221;initial&#8221; background_position=&#8221;top_left&#8221; background_repeat=&#8221;repeat&#8221; global_colors_info=&#8221;{}&#8221;][et_pb_column type=&#8221;4_4&#8243; _builder_version=&#8221;4.16&#8243; custom_padding=&#8221;|||&#8221; global_colors_info=&#8221;{}&#8221; custom_padding__hover=&#8221;|||&#8221;][et_pb_text admin_label=&#8221;Text&#8221; _builder_version=&#8221;4.18.1&#8243; background_size=&#8221;initial&#8221; background_position=&#8221;top_left&#8221; background_repeat=&#8221;repeat&#8221; global_colors_info=&#8221;{}&#8221;]<\/p>\n<h1><\/h1>\n<h1>\u00a0Agentur Frisch: Unsere AGB<\/h1>\n<p>zwischen dem Auftraggeber<\/p>\n<p>&#8211; nachfolgend Unternehmen genannt &#8211;<\/p>\n<p>und<\/p>\n<p>Agentur Frisch International Consulting GmbH &amp; Co. KG<br \/>&#8211; nachfolgend Handelsvertreter genannt \u2013<\/p>\n<p><a href=\"https:\/\/ag-frisch.com\/handelsvertreter-agb\/\"><strong>AGB bei Handelsvertreter Vertr\u00e4gen (Alle Vertr\u00e4ge die nach Provisionsbasis abgerechnet werden oder mit Pauschalen bei gebuchten Importpaketen).\u00a0<\/strong><\/a><\/p>\n<p>\u00fcbereinstimmend mit den grundlegenden Bedingungen des HGB \u00a7 84 ff., siehe auch die G\u00fcltigkeit f\u00fcr den Einkaufsmittler;\u00a0 W. Kohlhammer Seite 107 Abschnitt b. Nur wenn explizit keine dauerhafte Zusammenarbeit vereinbart ist oder die Provision nach und nach bis auf Null sinken soll, dann gilt Maklerrecht.<\/p>\n<p><a href=\"https:\/\/ag-frisch.com\/berater-agb\"><strong>AGB bei Beratungen (werden auf Stundenbasis abgerechnet).\u00a0<\/strong><\/a><\/p>\n<p><a href=\"https:\/\/www.dslv.org\/fileadmin\/Redaktion\/PDFs\/07_Publikationen\/ADSp\/DSLV-ADSp-2017.pdf\"><strong>AGB bei Logistik Vertr\u00e4gen\/ Versand und Lager (abweichende Bedingungen siehe nachfolgend)<\/strong><\/a><\/p>\n<p><strong>Zusatzvereinbarungen der Agentur Frisch bei Transportauftr\u00e4gen zus\u00e4tzlich oder abweichend von den Allgemeinen Spediteurs AGB:<\/strong><\/p>\n<p>1. Bei Transportauftr\u00e4gen ist die Rechnungsstellung sp\u00e4testens zwei Wochen nach Beauftragung und die Zahlung ist dann meistens sofort, ansonsten innerhalb von zwei Wochen f\u00e4llig. Wenn Leistungen im Drittland (z. B. China) erbracht sind wie Vorlauf und Hauptlauf (z. B. Seefracht, Bahnfracht), dann sind die Leistungen bis zur Zollgrenze gem\u00e4\u00df \u00a7 4.3 UStG Umsatzsteuerfrei, da der Empf\u00e4nger auf den Betrag bei der Zollanmeldung Einfuhrumsatzsteuer zahlt, dies ist vom Empf\u00e4nger entsprechend anzumelden, wenn daf\u00fcr nicht die Agentur Frisch beauftragt ist. Die Agentur Frisch vermittelt die Leistungen, entweder werden die Frachtkosten direkt von der vermittelten Spedition an das Unternehmen in Rechnung gestellt, in\u00a0 Ausnahmef\u00e4llen kann dies auch die Agentur Frisch in Rechnung stellen. Der Frachtf\u00fchrer geht aus dem Frachtbrief hervor. Das Unternehmen hat die Rechnung umgehend zu zahlen, der Zustelltermin wird direkt nach Erhalt des Zahlungsbelegs avisiert. Da die Rechnungsstellung mit Zollanmeldung erfolgen kann, kann eine verz\u00f6gerte Zahlung die Zustellung verz\u00f6gern. Sofern das Finanzamt es verlangt, hat das Unternehmen die Verzollung und Einfuhr nachzuweisen, ansonsten ist der Handelsvertreter berechtigt, die Umsatzsteuer nachtr\u00e4glich in Rechnung zu stellen. Die F\u00e4lligkeit entsteht erst dann, wenn der Handelsvertreter Kenntnis dar\u00fcber bekommen hat, dass die Einfuhr\/ Verzollung nicht nachweisen kann.\u00a0<\/p>\n<p>2. Logistik-Preis bezieht sich bei Vollcontainern f\u00fcr Container-Anlieferung (Nachlauf) per Bahn, wenn der Container entladen werden muss, eine Hebeb\u00fchne mitgebracht werden muss und dann die Zustellung per Direkt-Lkw erfolgen muss, bitte ich um dringenden vorherigen Hinweis, da wir dann anders kalkulieren m\u00fcssen. Grunds\u00e4tzlich wird beim Frachtangebot vom Standard ausgegangen (Anlieferung bei einer Lagerhalle mit Rampe, vorhandener Gabelstapler und ausreichendes Personal des Empf\u00e4ngers f\u00fcr die Entladung). Alle zus\u00e4tzlichen Kosten wegen aufwendigerer Anlieferung z. B. enge Einfahrten, fehlende Rampe, fehlender Gabelstapler oder fehlendes Personal, gehen zu Kosten des Empf\u00e4ngers und werden zus\u00e4tzlich in Rechnung gestellt. Wenn die Bahn ausgebucht sein sollte, muss auf Direkt Lkw umgebucht werden, wodurch h\u00f6here Kosten entstehen, Lagerkosten und Direkt Lkw Kosten werden nach Auslage berechnet und gehen zu Lasten des Auftraggebers. Drop Off Kosten erfahren wir erst bei R\u00fcckgabe des Containers, so dass wir diese nicht mit anbieten k\u00f6nnen. Diese betragen in der Regel zwischen 75 und 225 Euro; Sofern der Container vor Ort lokal abgegeben werden kann (in 95 % aller F\u00e4lle), werden von uns aber 1:1 ohne jeglichen Aufschlag an das Unternehmen weiter gegeben. Sollte die Reederei den Container wider Erwartens nicht zur\u00fccknehmen, wird der R\u00fccktransport (Rundlauf) berechnet.\u00a0<\/p>\n<p>3. Die Angebote bei Frachten beziehen sich immer auf das Abfahrdatum des Schiffs bzw. Abflugdatum des Flugzeugs, wenn Sie z. B. am 30. eines Monats einen Auftrag erteilen auf ein Angebot mit G\u00fcltigkeit bis 31. des Monats, dann ist die Abfahrt bis zum Ablauf der G\u00fcltigkeits des Angebots nicht mehr machbar. Es gilt hier <strong>nicht<\/strong> das Datum an dem Sie das Angebot angenommen haben. Die Angebote sind Netto, auf alle Positionen die nicht internationaler Versand sind, kommen Umsatzsteuer hinzu, zudem kann je nach der steuerlichen und zollrechtlichen Situation des Unternehmens Zollgeb\u00fchren und Einfuhrumsatzsteuer hinzukommen, die vom Handelsvertreter oder dessen Partner an das Unternehmen weiterbelastet wird. Da Einfuhrumsatzsteuer und Zollgeb\u00fchren nicht vom Handelsvertreter oder Spediteur erhoben wird, ist das auch kein Bestandteil des Angebots des Handelsvertreters f\u00fcr den Versand. Der Unternehmer informiert sich dementsprechend bei der Zollbeh\u00f6rde und\/ oder seinem Steuerberater bzw. Finanzamt.\u00a0<\/p>\n<p>4. Zus\u00e4tzliche Transportversicherung mit 100 % Deckung auch bei Nichtverschulden der Agentur Frisch nach Auslage (ca. 4 bis 8 Promille vom Warenwert, mind. 20 Euro).\u00a0 Wird die Ware eingelagert, tr\u00e4gt das Unternehmen die Lagerkosten. Wenn das Unternehmen keine Versicherung bei dem Handelsvertreter beantragt, hat er selbst f\u00fcr eine Versicherung zu sorgen und die Versicherungsbestimmungen mit der Agentur Frisch abzustimmen. In dem Fall haftet die Agentur Frisch nur bei Vorsatz\u00a0 und grober Fahrl\u00e4ssigkeit.\u00a0\u00a0<\/p>\n<p>5. 1. Bei Ware die l\u00e4nger als zwei Monate lagert, ist die Agentur Frisch berechtigt ein Lager zu mieten, um Kapazit\u00e4tsengp\u00e4sse zu vermeiden, dadurch entsteht eine K\u00fcndigungsfrist von 6 Monaten zum Monatsende falls die gesamte Ware komplett wieder abgeholt werden soll. Es k\u00f6nnen von der Agentur Frisch max. 10 Paletten pro Woche je Unternehmen versandfertig gemacht werden. Insbesondere wenn die Ware urspr\u00fcnglich kommissioniert werden soll (Einzelversand an Endkunden) ist der Aufwand die Ware wieder in Kartons zu verpacken, die Kartons zu palettieren und abholbereit zu stellen, ein sehr hoher Aufwand, so dass der hohe Aufwand wie auch die Lagerkosten bis zum Ende der K\u00fcndigungsfrist vom Unternehmen zu tragen sind.\u00a0<\/p>\n<p>5. 2. Alle Ausf\u00fchrungen beim Transport und Lagern werden nach Anweisungen des Unternehmens durchgef\u00fchrt, der Handelsvertreter muss diese Anweisungen weder \u00fcberpr\u00fcfen noch hinterfragen.\u00a0 Das Unternehmen tr\u00e4gt die Haftung f\u00fcr die auf seinen Wunsch ausgef\u00fchrten Leistungen (z. B. Umpacken, Auswahl der Frachtart etc.).<\/p>\n<p>6. Beim Weitertransport wird der Transportweg gem\u00e4\u00df Laufzeitwunsch ausgew\u00e4hlt (Express Premium = 1 bis 2 Tage, Express Economy = 3 bis 10 Tage, Luftfracht 7 bis 16 Tage, Bahn 16 bis 30 Tage, See = 30 bis 60 Tage, Lkw je nach Entfernung ab drei Tage).\u00a0 Der Auftraggeber hat daf\u00fcr zu sorgen, dass die Verpackung ausreichend f\u00fcr die Transportart ist bzw. gibt der Agentur Frisch vorab alle Anweisungen, wenn die Ware umgepackt werden muss.<\/p>\n<p>7. Notwendige Materialien (Kartonage, Klebeband) hat das Unternehmen zur Verf\u00fcgung zu stellen bzw. wenn der Handelsvertreter es zur Verf\u00fcgung stellt, die Kosten hierf\u00fcr zu \u00fcbernehmen.<\/p>\n<p>8. Lagerkosten &amp; Standgeld z. B. weil Wartezeit auf die Bahn, Lkw oder bei der Entladung entstehen bzw. bei der Zollbeh\u00f6rde sowie Kosten die durch eine Zollbeschau und sonstigen beh\u00f6rdlichen Ma\u00dfnahmen entstehen, gehen zu Lasten des Auftraggebers. Das Unternehmen ist \u00fcber m\u00f6glichst entstehende Kosten durch Lagerung und Wartezeiten durch die vertragliche Vereinbarung informiert und muss nicht nochmal dar\u00fcber informiert oder darauf hingewiesen werden, da dies im betrieblichen Ablauf oft auch nicht m\u00f6glich ist. Die Lagerkosten fallen auch ohne Verschulden des K\u00e4ufers an, da die Lagerkosten aufgrund seiner Ware entstehen und somit auf die Ware gehen. Gr\u00fcnde k\u00f6nnen auch Verz\u00f6gerungen in der Verzollung oder eine versp\u00e4tete Zahlung des K\u00e4ufers sein.\u00a0<\/p>\n<p>9.\u00a0 Die Ware die unpalettiert im Container gestaut wurde (bei LCL &#8211; St\u00fcckgut) wird im Hamburger Hafen generell palettiert. Daher k\u00f6nnen wir die Nachlaufkosten nur aufgrund der Kartonabmessungen sch\u00e4tzen. Abgerechnet wird schlussendlich nach Lademeter anhand der im Hafen palettierten Ware.<\/p>\n<p>10. Wenn Containerschiffe\/ Bahnen\/ Lkw ausgebucht sind, ist es dem Spediteur erlaubt auf ein anderes Schiff\/ Bahn\/ Lkw umzubuchen um Wartezeiten und Lagerkosten zu vermeiden. Dabei wird ohne dass der Spediteur das Unternehmen erst dar\u00fcber informieren muss, eine Toleranz zum urspr\u00fcnglichen Preisangebot von +\/- 10 % vereinbart.\u00a0 Bei h\u00f6heren entstehenden Kosten, muss der Spediteur erst die Genehmigung vom Unternehmen einholen.<\/p>\n<p>11. 1. Der Spediteur darf auch ohne Terminabsprache zu \u00fcblichen \u00d6ffnungszeiten von 8 bis 17 Uhr beim Unternehmen zustellen.\u00a0 Angek\u00fcndigte Lieferzeiten sind nicht verbindlich da diese oft nicht beeinflu\u00dft werden k\u00f6nnen und abh\u00e4ngig vom Ablauf im Hafen, von der Verkehrslage oder auch von weiteren Faktoren wie Streiks oder Katastrophen sind. Wenn das Empfangslager die Ware zu \u00fcblichen \u00d6ffnungszeiten nicht annehmen kann, entstehen Standgelder bis zu dem Zeitpunkt zu dem das Unternehmen die Ware in Empfang nehmen und entladen kann. Das Unternehmen genehmigt dies ausdr\u00fccklich mit Vertragsabschluss. Das Unternehmen hat in der Regel 2 Stunden freie Entladezeit. \u00dcbliche Standgelder f\u00fcr Zeiten dar\u00fcber hinaus sind bei 75 bis 125 Euro je halbe Stunde.<\/p>\n<p>11.2.\u00a0Ersichtliche Sch\u00e4den m\u00fcssen bei Anlieferung auf der Ablieferquittung vermerkt sein, ansonsten entfallen jegliche Haftungen! (f\u00fcr nicht ersichtliche Sch\u00e4den gilt dies nicht)<\/p>\n<p>12. Bei Bahnfrachten liefert der Lieferant bei FOB bis zum Erf\u00fcllungshafen, der Transport vom Erf\u00fcllungshafen zum Ort des Bahnhofs f\u00e4llt in der Regel f\u00fcr den\u00a0 Empf\u00e4nger an.\u00a0<\/p>\n<p>13. Die Spediteure arbeiten in der Regel auf Grundlage der allgemeinen Spediteurs AGB sofern diese Sitz in Deutschland haben (Link oben)<\/p>\n<p>[\/et_pb_text][\/et_pb_column][\/et_pb_row][et_pb_row _builder_version=&#8221;4.18.1&#8243; _module_preset=&#8221;default&#8221; global_colors_info=&#8221;{}&#8221;][et_pb_column type=&#8221;4_4&#8243; _builder_version=&#8221;4.18.1&#8243; _module_preset=&#8221;default&#8221; global_colors_info=&#8221;{}&#8221;][et_pb_text _builder_version=&#8221;4.18.1&#8243; _module_preset=&#8221;default&#8221; custom_padding=&#8221;||2px|||&#8221; global_colors_info=&#8221;{}&#8221;]<\/p>\n<p><a href=\"https:\/\/ag-frisch.com\/de\/satzung\/\"><strong>Satzung des Vereins der lauteren Importeure e. V.<\/strong><\/a><\/p>\n<p>[\/et_pb_text][\/et_pb_column][\/et_pb_row][\/et_pb_section]<\/p>\n","protected":false},"excerpt":{"rendered":"<p>\u00a0Agentur Frisch: Unsere AGB zwischen dem Auftraggeber &#8211; nachfolgend Unternehmen genannt &#8211; und Agentur Frisch International Consulting GmbH &amp; Co. KG- nachfolgend Handelsvertreter genannt \u2013 AGB bei Handelsvertreter Vertr\u00e4gen (Alle Vertr\u00e4ge die nach Provisionsbasis abgerechnet werden oder mit Pauschalen bei gebuchten Importpaketen).\u00a0 \u00fcbereinstimmend mit den grundlegenden Bedingungen des HGB \u00a7 84 ff., siehe auch die [&hellip;]<\/p>\n","protected":false},"author":6,"featured_media":0,"parent":0,"menu_order":0,"comment_status":"closed","ping_status":"closed","template":"","meta":{"_et_pb_use_builder":"on","_et_pb_old_content":"<h1><strong>Unsere AGB<\/strong><\/h1>\r\n\u00a0\r\n\r\nzwischen dem Auftraggeber\r\n\r\n- nachfolgend Unternehmen genannt -\r\n\r\nund\r\n\r\nAgentur Frisch International Consulting GmbH & Co. KG\r\n- nachfolgend Handelsvertreter genannt \u2013\r\n\r\n<a href=\"https:\/\/ag-frisch.com\/handelsvertreter-agb\/\"><strong>AGB bei Handelsvertreter Vertr\u00e4gen<\/strong><\/a>\r\n\r\n\u00fcbereinstimmend mit den grundlegenden Bedingungen des HGB \u00a7 84 ff., siehe auch die G\u00fcltigkeit f\u00fcr den Einkaufsmittler;\u00a0 W. Kohlhammer Seite 107 Abschnitt b.\r\n\r\n<a href=\"https:\/\/ag-frisch.com\/berater-agb\"><strong>AGB bei Beratungen<\/strong><\/a>\r\n\r\n<a href=\"https:\/\/transportrecht.org\/wp-content\/uploads\/logistik_agb.pdf\"><strong>AGB bei Logistik Vertr\u00e4gen\/ Versand und Lager<\/strong><\/a>\r\n\r\n1. Achtung bei Transportauftr\u00e4gen ist die Rechnungsstellung ca. zwei Wochen nach Beauftragung und die Zahlung ist dann innerhalb von zwei Wochen f\u00e4llig.\r\n\r\n2. Logistik-Preis bezieht sich bei Vollcontainern f\u00fcr Container-Anlieferung per Bahn, wenn der Container entladen werden muss, eine Hebeb\u00fchne mitgebracht werden muss und dann die Zustellung per Lkw erfolgen muss, bitte ich um dringenden vorherigen Hinweis, da wir dann anders kalkulieren m\u00fcssen.\r\n\r\n3. Die Angebote bei Frachten beziehen sich immer auf das Abfahrdatum des Schiffs bzw. Abflugdatum des Flugzeugs, wenn Sie z. B. am 30. eines Monats einen Auftrag erteilen auf ein Angebot mit G\u00fcltigkeit bis 31. des Monats, dann ist die Abfahrt bis zum Ablauf der G\u00fcltigkeits des Angebots nicht mehr machbar. Es gilt hier <strong>nicht<\/strong> das Datum an dem Sie das Angebot angenommen haben.\r\n\r\n4. Transportversicherung nach Auslage (ca. 3 bis 5 Promille vom Warenwert, mind. 20 Euro).\r\n\r\n5. Ansonsten gelten die Allgemeinen Spediteurs AGB (Link oben)","_et_gb_content_width":"","footnotes":""},"class_list":["post-150","page","type-page","status-publish","hentry"],"yoast_head":"<!-- This site is optimized with the Yoast SEO plugin v27.2 - https:\/\/yoast.com\/product\/yoast-seo-wordpress\/ -->\n<title>Die AGB der Agentur Frisch in Berlin<\/title>\n<meta name=\"description\" content=\"Lesen Sie hier die Allgemeinen Gesch\u00e4ftsbedingungen der Agentur Frisch International Consulting GmbH &amp; Co. KG \u25ba Jetzt mehr erfahren!\" \/>\n<meta name=\"robots\" content=\"index, follow, max-snippet:-1, max-image-preview:large, max-video-preview:-1\" \/>\n<link rel=\"canonical\" href=\"https:\/\/ag-frisch.com\/de\/agb\/\" \/>\n<meta property=\"og:locale\" content=\"de_DE\" \/>\n<meta property=\"og:type\" content=\"article\" \/>\n<meta property=\"og:title\" content=\"Die AGB der Agentur Frisch in Berlin\" \/>\n<meta property=\"og:description\" content=\"Lesen Sie hier die Allgemeinen Gesch\u00e4ftsbedingungen der Agentur Frisch International Consulting GmbH &amp; Co. KG \u25ba Jetzt mehr erfahren!\" \/>\n<meta property=\"og:url\" content=\"https:\/\/ag-frisch.com\/de\/agb\/\" \/>\n<meta property=\"og:site_name\" content=\"China Import Beratung f\u00fcr den Einkauf aus China\" \/>\n<meta property=\"article:publisher\" content=\"https:\/\/www.facebook.com\/China.Import\" \/>\n<meta property=\"article:modified_time\" content=\"2026-02-18T21:54:43+00:00\" \/>\n<meta name=\"twitter:card\" content=\"summary_large_image\" \/>\n<meta name=\"twitter:site\" content=\"@agenturfrisch\" \/>\n<meta name=\"twitter:label1\" content=\"Gesch\u00e4tzte Lesezeit\" \/>\n\t<meta name=\"twitter:data1\" content=\"1\u00a0Minute\" \/>\n<script type=\"application\/ld+json\" class=\"yoast-schema-graph\">{\"@context\":\"https:\/\/schema.org\",\"@graph\":[{\"@type\":\"WebPage\",\"@id\":\"https:\/\/ag-frisch.com\/de\/agb\/\",\"url\":\"https:\/\/ag-frisch.com\/de\/agb\/\",\"name\":\"Die AGB der Agentur Frisch in Berlin\",\"isPartOf\":{\"@id\":\"https:\/\/ag-frisch.com\/de\/#website\"},\"datePublished\":\"2021-08-30T09:17:31+00:00\",\"dateModified\":\"2026-02-18T21:54:43+00:00\",\"description\":\"Lesen Sie hier die Allgemeinen Gesch\u00e4ftsbedingungen der Agentur Frisch International Consulting GmbH & Co. KG \u25ba Jetzt mehr erfahren!\",\"breadcrumb\":{\"@id\":\"https:\/\/ag-frisch.com\/de\/agb\/#breadcrumb\"},\"inLanguage\":\"de\",\"potentialAction\":[{\"@type\":\"ReadAction\",\"target\":[\"https:\/\/ag-frisch.com\/de\/agb\/\"]}]},{\"@type\":\"BreadcrumbList\",\"@id\":\"https:\/\/ag-frisch.com\/de\/agb\/#breadcrumb\",\"itemListElement\":[{\"@type\":\"ListItem\",\"position\":1,\"name\":\"Startseite\",\"item\":\"https:\/\/ag-frisch.com\/de\/\"},{\"@type\":\"ListItem\",\"position\":2,\"name\":\"AGBs\"}]},{\"@type\":\"WebSite\",\"@id\":\"https:\/\/ag-frisch.com\/de\/#website\",\"url\":\"https:\/\/ag-frisch.com\/de\/\",\"name\":\"China Import Beratung f\u00fcr den Einkauf aus China\",\"description\":\"China Import &amp; Export Beratung - Der Dienstleister Ihres Vertrauens f\u00fcr Ihren China Import\",\"publisher\":{\"@id\":\"https:\/\/ag-frisch.com\/de\/#organization\"},\"potentialAction\":[{\"@type\":\"SearchAction\",\"target\":{\"@type\":\"EntryPoint\",\"urlTemplate\":\"https:\/\/ag-frisch.com\/de\/?s={search_term_string}\"},\"query-input\":{\"@type\":\"PropertyValueSpecification\",\"valueRequired\":true,\"valueName\":\"search_term_string\"}}],\"inLanguage\":\"de\"},{\"@type\":\"Organization\",\"@id\":\"https:\/\/ag-frisch.com\/de\/#organization\",\"name\":\"Agentur Frisch International Consulting GmbH & Co. KG\",\"url\":\"https:\/\/ag-frisch.com\/de\/\",\"logo\":{\"@type\":\"ImageObject\",\"inLanguage\":\"de\",\"@id\":\"https:\/\/ag-frisch.com\/de\/#\/schema\/logo\/image\/\",\"url\":\"https:\/\/ag-frisch.com\/wp-content\/uploads\/2021\/08\/ag_logo_rgb_300_small.png\",\"contentUrl\":\"https:\/\/ag-frisch.com\/wp-content\/uploads\/2021\/08\/ag_logo_rgb_300_small.png\",\"width\":153,\"height\":102,\"caption\":\"Agentur Frisch International Consulting GmbH & Co. KG\"},\"image\":{\"@id\":\"https:\/\/ag-frisch.com\/de\/#\/schema\/logo\/image\/\"},\"sameAs\":[\"https:\/\/www.facebook.com\/China.Import\",\"https:\/\/x.com\/agenturfrisch\"]}]}<\/script>\n<!-- \/ Yoast SEO plugin. -->","yoast_head_json":{"title":"Die AGB der Agentur Frisch in Berlin","description":"Lesen Sie hier die Allgemeinen Gesch\u00e4ftsbedingungen der Agentur Frisch International Consulting GmbH & Co. KG \u25ba Jetzt mehr erfahren!","robots":{"index":"index","follow":"follow","max-snippet":"max-snippet:-1","max-image-preview":"max-image-preview:large","max-video-preview":"max-video-preview:-1"},"canonical":"https:\/\/ag-frisch.com\/de\/agb\/","og_locale":"de_DE","og_type":"article","og_title":"Die AGB der Agentur Frisch in Berlin","og_description":"Lesen Sie hier die Allgemeinen Gesch\u00e4ftsbedingungen der Agentur Frisch International Consulting GmbH & Co. KG \u25ba Jetzt mehr erfahren!","og_url":"https:\/\/ag-frisch.com\/de\/agb\/","og_site_name":"China Import Beratung f\u00fcr den Einkauf aus China","article_publisher":"https:\/\/www.facebook.com\/China.Import","article_modified_time":"2026-02-18T21:54:43+00:00","twitter_card":"summary_large_image","twitter_site":"@agenturfrisch","twitter_misc":{"Gesch\u00e4tzte Lesezeit":"1\u00a0Minute"},"schema":{"@context":"https:\/\/schema.org","@graph":[{"@type":"WebPage","@id":"https:\/\/ag-frisch.com\/de\/agb\/","url":"https:\/\/ag-frisch.com\/de\/agb\/","name":"Die AGB der Agentur Frisch in Berlin","isPartOf":{"@id":"https:\/\/ag-frisch.com\/de\/#website"},"datePublished":"2021-08-30T09:17:31+00:00","dateModified":"2026-02-18T21:54:43+00:00","description":"Lesen Sie hier die Allgemeinen Gesch\u00e4ftsbedingungen der Agentur Frisch International Consulting GmbH & Co. KG \u25ba Jetzt mehr erfahren!","breadcrumb":{"@id":"https:\/\/ag-frisch.com\/de\/agb\/#breadcrumb"},"inLanguage":"de","potentialAction":[{"@type":"ReadAction","target":["https:\/\/ag-frisch.com\/de\/agb\/"]}]},{"@type":"BreadcrumbList","@id":"https:\/\/ag-frisch.com\/de\/agb\/#breadcrumb","itemListElement":[{"@type":"ListItem","position":1,"name":"Startseite","item":"https:\/\/ag-frisch.com\/de\/"},{"@type":"ListItem","position":2,"name":"AGBs"}]},{"@type":"WebSite","@id":"https:\/\/ag-frisch.com\/de\/#website","url":"https:\/\/ag-frisch.com\/de\/","name":"China Import Beratung f\u00fcr den Einkauf aus China","description":"China Import &amp; Export Beratung - Der Dienstleister Ihres Vertrauens f\u00fcr Ihren China Import","publisher":{"@id":"https:\/\/ag-frisch.com\/de\/#organization"},"potentialAction":[{"@type":"SearchAction","target":{"@type":"EntryPoint","urlTemplate":"https:\/\/ag-frisch.com\/de\/?s={search_term_string}"},"query-input":{"@type":"PropertyValueSpecification","valueRequired":true,"valueName":"search_term_string"}}],"inLanguage":"de"},{"@type":"Organization","@id":"https:\/\/ag-frisch.com\/de\/#organization","name":"Agentur Frisch International Consulting GmbH & Co. KG","url":"https:\/\/ag-frisch.com\/de\/","logo":{"@type":"ImageObject","inLanguage":"de","@id":"https:\/\/ag-frisch.com\/de\/#\/schema\/logo\/image\/","url":"https:\/\/ag-frisch.com\/wp-content\/uploads\/2021\/08\/ag_logo_rgb_300_small.png","contentUrl":"https:\/\/ag-frisch.com\/wp-content\/uploads\/2021\/08\/ag_logo_rgb_300_small.png","width":153,"height":102,"caption":"Agentur Frisch International Consulting GmbH & Co. KG"},"image":{"@id":"https:\/\/ag-frisch.com\/de\/#\/schema\/logo\/image\/"},"sameAs":["https:\/\/www.facebook.com\/China.Import","https:\/\/x.com\/agenturfrisch"]}]}},"_links":{"self":[{"href":"https:\/\/ag-frisch.com\/de\/wp-json\/wp\/v2\/pages\/150","targetHints":{"allow":["GET"]}}],"collection":[{"href":"https:\/\/ag-frisch.com\/de\/wp-json\/wp\/v2\/pages"}],"about":[{"href":"https:\/\/ag-frisch.com\/de\/wp-json\/wp\/v2\/types\/page"}],"author":[{"embeddable":true,"href":"https:\/\/ag-frisch.com\/de\/wp-json\/wp\/v2\/users\/6"}],"replies":[{"embeddable":true,"href":"https:\/\/ag-frisch.com\/de\/wp-json\/wp\/v2\/comments?post=150"}],"version-history":[{"count":19,"href":"https:\/\/ag-frisch.com\/de\/wp-json\/wp\/v2\/pages\/150\/revisions"}],"predecessor-version":[{"id":21282,"href":"https:\/\/ag-frisch.com\/de\/wp-json\/wp\/v2\/pages\/150\/revisions\/21282"}],"wp:attachment":[{"href":"https:\/\/ag-frisch.com\/de\/wp-json\/wp\/v2\/media?parent=150"}],"curies":[{"name":"wp","href":"https:\/\/api.w.org\/{rel}","templated":true}]}}