{"id":15962,"date":"2023-01-29T16:24:36","date_gmt":"2023-01-29T15:24:36","guid":{"rendered":"https:\/\/ag-frisch.com\/?page_id=15962"},"modified":"2023-05-11T11:56:07","modified_gmt":"2023-05-11T09:56:07","slug":"sammelversand-aus-china","status":"publish","type":"page","link":"https:\/\/ag-frisch.com\/de\/sammelversand-aus-china\/","title":{"rendered":"Sammelversand aus China"},"content":{"rendered":"<p>[et_pb_section fb_built=&#8221;1&#8243; _builder_version=&#8221;4.18.1&#8243; _module_preset=&#8221;default&#8221; global_colors_info=&#8221;{}&#8221;][et_pb_row _builder_version=&#8221;4.18.1&#8243; _module_preset=&#8221;default&#8221; global_colors_info=&#8221;{}&#8221;][et_pb_column type=&#8221;4_4&#8243; _builder_version=&#8221;4.18.1&#8243; _module_preset=&#8221;default&#8221; global_colors_info=&#8221;{}&#8221;][et_pb_text _builder_version=&#8221;4.18.1&#8243; _module_preset=&#8221;default&#8221; global_colors_info=&#8221;{}&#8221;]<\/p>\n<h1><strong>Versand von Ware unterschiedlicher Lieferanten aus China zu einer oder mehreren Adressen in Deutschland<\/strong><\/h1>\n<p>[\/et_pb_text][\/et_pb_column][\/et_pb_row][et_pb_row _builder_version=&#8221;4.18.1&#8243; _module_preset=&#8221;default&#8221; global_colors_info=&#8221;{}&#8221;][et_pb_column type=&#8221;4_4&#8243; _builder_version=&#8221;4.18.1&#8243; _module_preset=&#8221;default&#8221; global_colors_info=&#8221;{}&#8221;][et_pb_text disabled_on=&#8221;on|on|on&#8221; _builder_version=&#8221;4.18.1&#8243; _module_preset=&#8221;default&#8221; hover_enabled=&#8221;0&#8243; disabled=&#8221;on&#8221; global_colors_info=&#8221;{}&#8221; sticky_enabled=&#8221;0&#8243;]<\/p>\n<p>Wir unterst\u00fctzen Sie beim Versand von Ware von mehreren Lieferanten aus China. Dies k\u00f6nnen Mustersendungen sein, die wir in China f\u00fcr Sie sammeln sollen aber auch gr\u00f6\u00dfere Sendungen die wir in einen Container f\u00fcr Sie in China b\u00fcndeln sollen.\u00a0<\/p>\n<p><strong>Kurzanweisung f\u00fcr den Sammelversand von Mustern:\u00a0<\/strong><\/p>\n<p>1. Bitte lassen Sie die Muster an unser Lager in China schicken (dazu schicken Sie dem Lieferanten unsere PDF Kurzanweisung, <a href=\"https:\/\/agfrisch-my.sharepoint.com\/:b:\/g\/personal\/david_ag-frisch_de\/EZLnkhLZaaZLrxU31V7mUQUBNryU35yko9VBf38VSXnYpg?e=iGBr2D\">Downloadlink<\/a>)<\/p>\n<p>2. F\u00fcllen Sie das Formular f\u00fcr den Sammelversand von kleinen Mustern aus und tragen Sie auch die Tracking-Nummern ein, mit denen die Lieferanten die Muster in unser B\u00fcro geschickt haben.\u00a0 Formular f\u00fcr den Sammelversand von kleinen Mustern <a href=\"https:\/\/agfrisch-my.sharepoint.com\/:x:\/g\/personal\/david_ag-frisch_de\/EULfZrf1VZRJitVaP1pqQ5wB9dAhTo838n8FGtTfJFBU5Q?e=E3rhJF\">hier downloaden<\/a><\/p>\n<p>3. Schicken Sie uns die Excel-Tabelle an <strong>logistik@ag-frisch.de<\/strong><\/p>\n<p>4. Sie erhalten ein Angebot \u00fcber die Versandkosten, sobald Sie diese best\u00e4tigt haben, schicken wir die Sendung an Sie raus.\u00a0<\/p>\n<p>&nbsp;<\/p>\n<p><strong>Kurzanweisung f\u00fcr den Sammelversand von Seefrachtsendungen<\/strong><\/p>\n<p>\u00a01. Bitte holen Sie die Versandinformationen von Ihren Lieferanten ein und f\u00fcllen das Formular f\u00fcr den Sammelversand von Seefracht-Sendungen aus. Das Formular <a href=\"https:\/\/agfrisch-my.sharepoint.com\/:x:\/g\/personal\/david_ag-frisch_de\/EaHEDHHtWtlHuoq0i7sfcgYBWO1oCFw7isAr_YRZlG6KYQ?e=27Rd9s\">hier downloaden<\/a>.\u00a0<\/p>\n<p>2. Schicken Sie uns die Excel-Tabelle an <strong>logistik@ag-frisch.de<\/strong><\/p>\n<p>3. Sie erhalten Vorschl\u00e4ge und Kosten von uns f\u00fcr den Sammelversand, sobald Sie dies best\u00e4tigt haben oder unsere Vorschl\u00e4ge annehmen, k\u00fcmmern wir uns um den Sammelversand und nehmen Kontakt zu Ihren Lieferanten auf.\u00a0<strong><\/strong><\/p>\n<p>&nbsp;<\/p>\n<p>&nbsp;<\/p>\n<p>&nbsp;<\/p>\n<p>&nbsp;<\/p>\n<p>&nbsp;<\/p>\n<p>[\/et_pb_text][wpforms_selector form_id=&#8221;16645&#8243; _builder_version=&#8221;4.18.1&#8243; _module_preset=&#8221;default&#8221; global_colors_info=&#8221;{}&#8221;][\/wpforms_selector][\/et_pb_column][\/et_pb_row][\/et_pb_section]<\/p>\n","protected":false},"excerpt":{"rendered":"<p>Versand von Ware unterschiedlicher Lieferanten aus China zu einer oder mehreren Adressen in DeutschlandWir unterst\u00fctzen Sie beim Versand von Ware von mehreren Lieferanten aus China. Dies k\u00f6nnen Mustersendungen sein, die wir in China f\u00fcr Sie sammeln sollen aber auch gr\u00f6\u00dfere Sendungen die wir in einen Container f\u00fcr Sie in China b\u00fcndeln sollen.\u00a0 Kurzanweisung f\u00fcr den [&hellip;]<\/p>\n","protected":false},"author":2,"featured_media":0,"parent":0,"menu_order":0,"comment_status":"closed","ping_status":"closed","template":"","meta":{"_et_pb_use_builder":"on","_et_pb_old_content":"","_et_gb_content_width":"","footnotes":""},"class_list":["post-15962","page","type-page","status-publish","hentry"],"yoast_head":"<!-- This site is optimized with the Yoast SEO plugin v27.2 - https:\/\/yoast.com\/product\/yoast-seo-wordpress\/ -->\n<title>Sammelversand aus China - China Import Beratung f\u00fcr den Einkauf aus China<\/title>\n<meta name=\"description\" content=\"Die AG Frisch Agentur unterst\u00fctzt Sie beim Versand von Ware von mehreren Lieferanten aus China - ob Muster- oder Container-Sendungen\" \/>\n<meta name=\"robots\" content=\"index, follow, max-snippet:-1, max-image-preview:large, max-video-preview:-1\" \/>\n<link rel=\"canonical\" href=\"https:\/\/ag-frisch.com\/de\/sammelversand-aus-china\/\" \/>\n<meta property=\"og:locale\" content=\"de_DE\" \/>\n<meta property=\"og:type\" content=\"article\" \/>\n<meta property=\"og:title\" content=\"Sammelversand aus China - China Import Beratung f\u00fcr den Einkauf aus China\" \/>\n<meta property=\"og:description\" content=\"Die AG Frisch Agentur unterst\u00fctzt Sie beim Versand von Ware von mehreren Lieferanten aus China - ob Muster- oder Container-Sendungen\" \/>\n<meta property=\"og:url\" content=\"https:\/\/ag-frisch.com\/de\/sammelversand-aus-china\/\" \/>\n<meta property=\"og:site_name\" content=\"China Import Beratung f\u00fcr den Einkauf aus China\" \/>\n<meta property=\"article:publisher\" content=\"https:\/\/www.facebook.com\/China.Import\" \/>\n<meta property=\"article:modified_time\" content=\"2023-05-11T09:56:07+00:00\" \/>\n<meta name=\"twitter:card\" content=\"summary_large_image\" \/>\n<meta name=\"twitter:site\" content=\"@agenturfrisch\" \/>\n<meta name=\"twitter:label1\" content=\"Gesch\u00e4tzte Lesezeit\" \/>\n\t<meta name=\"twitter:data1\" content=\"2\u00a0Minuten\" \/>\n<script type=\"application\/ld+json\" class=\"yoast-schema-graph\">{\"@context\":\"https:\/\/schema.org\",\"@graph\":[{\"@type\":\"WebPage\",\"@id\":\"https:\/\/ag-frisch.com\/de\/sammelversand-aus-china\/\",\"url\":\"https:\/\/ag-frisch.com\/de\/sammelversand-aus-china\/\",\"name\":\"Sammelversand aus China - China Import Beratung f\u00fcr den Einkauf aus China\",\"isPartOf\":{\"@id\":\"https:\/\/ag-frisch.com\/de\/#website\"},\"datePublished\":\"2023-01-29T15:24:36+00:00\",\"dateModified\":\"2023-05-11T09:56:07+00:00\",\"description\":\"Die AG Frisch Agentur unterst\u00fctzt Sie beim Versand von Ware von mehreren Lieferanten aus China - ob Muster- oder Container-Sendungen\",\"breadcrumb\":{\"@id\":\"https:\/\/ag-frisch.com\/de\/sammelversand-aus-china\/#breadcrumb\"},\"inLanguage\":\"de\",\"potentialAction\":[{\"@type\":\"ReadAction\",\"target\":[\"https:\/\/ag-frisch.com\/de\/sammelversand-aus-china\/\"]}]},{\"@type\":\"BreadcrumbList\",\"@id\":\"https:\/\/ag-frisch.com\/de\/sammelversand-aus-china\/#breadcrumb\",\"itemListElement\":[{\"@type\":\"ListItem\",\"position\":1,\"name\":\"Startseite\",\"item\":\"https:\/\/ag-frisch.com\/de\/\"},{\"@type\":\"ListItem\",\"position\":2,\"name\":\"Sammelversand aus China\"}]},{\"@type\":\"WebSite\",\"@id\":\"https:\/\/ag-frisch.com\/de\/#website\",\"url\":\"https:\/\/ag-frisch.com\/de\/\",\"name\":\"China Import Beratung f\u00fcr den Einkauf aus China\",\"description\":\"China Import &amp; Export Beratung - Der Dienstleister Ihres Vertrauens f\u00fcr Ihren China Import\",\"publisher\":{\"@id\":\"https:\/\/ag-frisch.com\/de\/#organization\"},\"potentialAction\":[{\"@type\":\"SearchAction\",\"target\":{\"@type\":\"EntryPoint\",\"urlTemplate\":\"https:\/\/ag-frisch.com\/de\/?s={search_term_string}\"},\"query-input\":{\"@type\":\"PropertyValueSpecification\",\"valueRequired\":true,\"valueName\":\"search_term_string\"}}],\"inLanguage\":\"de\"},{\"@type\":\"Organization\",\"@id\":\"https:\/\/ag-frisch.com\/de\/#organization\",\"name\":\"Agentur Frisch International Consulting GmbH & Co. KG\",\"url\":\"https:\/\/ag-frisch.com\/de\/\",\"logo\":{\"@type\":\"ImageObject\",\"inLanguage\":\"de\",\"@id\":\"https:\/\/ag-frisch.com\/de\/#\/schema\/logo\/image\/\",\"url\":\"https:\/\/ag-frisch.com\/wp-content\/uploads\/2021\/08\/ag_logo_rgb_300_small.png\",\"contentUrl\":\"https:\/\/ag-frisch.com\/wp-content\/uploads\/2021\/08\/ag_logo_rgb_300_small.png\",\"width\":153,\"height\":102,\"caption\":\"Agentur Frisch International Consulting GmbH & Co. KG\"},\"image\":{\"@id\":\"https:\/\/ag-frisch.com\/de\/#\/schema\/logo\/image\/\"},\"sameAs\":[\"https:\/\/www.facebook.com\/China.Import\",\"https:\/\/x.com\/agenturfrisch\"]}]}<\/script>\n<!-- \/ Yoast SEO plugin. -->","yoast_head_json":{"title":"Sammelversand aus China - China Import Beratung f\u00fcr den Einkauf aus China","description":"Die AG Frisch Agentur unterst\u00fctzt Sie beim Versand von Ware von mehreren Lieferanten aus China - ob Muster- oder Container-Sendungen","robots":{"index":"index","follow":"follow","max-snippet":"max-snippet:-1","max-image-preview":"max-image-preview:large","max-video-preview":"max-video-preview:-1"},"canonical":"https:\/\/ag-frisch.com\/de\/sammelversand-aus-china\/","og_locale":"de_DE","og_type":"article","og_title":"Sammelversand aus China - China Import Beratung f\u00fcr den Einkauf aus China","og_description":"Die AG Frisch Agentur unterst\u00fctzt Sie beim Versand von Ware von mehreren Lieferanten aus China - ob Muster- oder Container-Sendungen","og_url":"https:\/\/ag-frisch.com\/de\/sammelversand-aus-china\/","og_site_name":"China Import Beratung f\u00fcr den Einkauf aus China","article_publisher":"https:\/\/www.facebook.com\/China.Import","article_modified_time":"2023-05-11T09:56:07+00:00","twitter_card":"summary_large_image","twitter_site":"@agenturfrisch","twitter_misc":{"Gesch\u00e4tzte Lesezeit":"2\u00a0Minuten"},"schema":{"@context":"https:\/\/schema.org","@graph":[{"@type":"WebPage","@id":"https:\/\/ag-frisch.com\/de\/sammelversand-aus-china\/","url":"https:\/\/ag-frisch.com\/de\/sammelversand-aus-china\/","name":"Sammelversand aus China - China Import Beratung f\u00fcr den Einkauf aus China","isPartOf":{"@id":"https:\/\/ag-frisch.com\/de\/#website"},"datePublished":"2023-01-29T15:24:36+00:00","dateModified":"2023-05-11T09:56:07+00:00","description":"Die AG Frisch Agentur unterst\u00fctzt Sie beim Versand von Ware von mehreren Lieferanten aus China - ob Muster- oder Container-Sendungen","breadcrumb":{"@id":"https:\/\/ag-frisch.com\/de\/sammelversand-aus-china\/#breadcrumb"},"inLanguage":"de","potentialAction":[{"@type":"ReadAction","target":["https:\/\/ag-frisch.com\/de\/sammelversand-aus-china\/"]}]},{"@type":"BreadcrumbList","@id":"https:\/\/ag-frisch.com\/de\/sammelversand-aus-china\/#breadcrumb","itemListElement":[{"@type":"ListItem","position":1,"name":"Startseite","item":"https:\/\/ag-frisch.com\/de\/"},{"@type":"ListItem","position":2,"name":"Sammelversand aus China"}]},{"@type":"WebSite","@id":"https:\/\/ag-frisch.com\/de\/#website","url":"https:\/\/ag-frisch.com\/de\/","name":"China Import Beratung f\u00fcr den Einkauf aus China","description":"China Import &amp; Export Beratung - Der Dienstleister Ihres Vertrauens f\u00fcr Ihren China Import","publisher":{"@id":"https:\/\/ag-frisch.com\/de\/#organization"},"potentialAction":[{"@type":"SearchAction","target":{"@type":"EntryPoint","urlTemplate":"https:\/\/ag-frisch.com\/de\/?s={search_term_string}"},"query-input":{"@type":"PropertyValueSpecification","valueRequired":true,"valueName":"search_term_string"}}],"inLanguage":"de"},{"@type":"Organization","@id":"https:\/\/ag-frisch.com\/de\/#organization","name":"Agentur Frisch International Consulting GmbH & Co. KG","url":"https:\/\/ag-frisch.com\/de\/","logo":{"@type":"ImageObject","inLanguage":"de","@id":"https:\/\/ag-frisch.com\/de\/#\/schema\/logo\/image\/","url":"https:\/\/ag-frisch.com\/wp-content\/uploads\/2021\/08\/ag_logo_rgb_300_small.png","contentUrl":"https:\/\/ag-frisch.com\/wp-content\/uploads\/2021\/08\/ag_logo_rgb_300_small.png","width":153,"height":102,"caption":"Agentur Frisch International Consulting GmbH & Co. KG"},"image":{"@id":"https:\/\/ag-frisch.com\/de\/#\/schema\/logo\/image\/"},"sameAs":["https:\/\/www.facebook.com\/China.Import","https:\/\/x.com\/agenturfrisch"]}]}},"_links":{"self":[{"href":"https:\/\/ag-frisch.com\/de\/wp-json\/wp\/v2\/pages\/15962","targetHints":{"allow":["GET"]}}],"collection":[{"href":"https:\/\/ag-frisch.com\/de\/wp-json\/wp\/v2\/pages"}],"about":[{"href":"https:\/\/ag-frisch.com\/de\/wp-json\/wp\/v2\/types\/page"}],"author":[{"embeddable":true,"href":"https:\/\/ag-frisch.com\/de\/wp-json\/wp\/v2\/users\/2"}],"replies":[{"embeddable":true,"href":"https:\/\/ag-frisch.com\/de\/wp-json\/wp\/v2\/comments?post=15962"}],"version-history":[{"count":0,"href":"https:\/\/ag-frisch.com\/de\/wp-json\/wp\/v2\/pages\/15962\/revisions"}],"wp:attachment":[{"href":"https:\/\/ag-frisch.com\/de\/wp-json\/wp\/v2\/media?parent=15962"}],"curies":[{"name":"wp","href":"https:\/\/api.w.org\/{rel}","templated":true}]}}