{"id":16611,"date":"2023-04-19T23:03:17","date_gmt":"2023-04-19T21:03:17","guid":{"rendered":"https:\/\/ag-frisch.com\/?page_id=16611"},"modified":"2025-05-25T07:57:51","modified_gmt":"2025-05-25T05:57:51","slug":"david-frisch","status":"publish","type":"page","link":"https:\/\/ag-frisch.com\/de\/david-frisch\/","title":{"rendered":"David Frisch"},"content":{"rendered":"<p>[et_pb_section fb_built=&#8221;1&#8243; admin_label=&#8221;section&#8221; _builder_version=&#8221;4.16&#8243; custom_padding=&#8221;||50px|||&#8221; global_colors_info=&#8221;{}&#8221;][et_pb_row _builder_version=&#8221;4.27.2&#8243; _module_preset=&#8221;default&#8221; global_colors_info=&#8221;{}&#8221;][et_pb_column type=&#8221;4_4&#8243; _builder_version=&#8221;4.27.2&#8243; _module_preset=&#8221;default&#8221; global_colors_info=&#8221;{}&#8221;][et_pb_text _builder_version=&#8221;4.27.2&#8243; _module_preset=&#8221;default&#8221; hover_enabled=&#8221;0&#8243; global_colors_info=&#8221;{}&#8221; sticky_enabled=&#8221;0&#8243;]<\/p>\n<h1 id=\"firstHeading\" class=\"firstHeading mw-first-heading\"><span class=\"mw-page-title-main\">\u00a0David Frisch (China Import Experte)<\/span><\/h1>\n<div id=\"bodyContent\" class=\"vector-body\">\n<div id=\"contentSub\">\n<div id=\"mw-content-subtitle\"><img loading=\"lazy\" decoding=\"async\" class=\"wp-image-20718 alignnone size-medium\" src=\"https:\/\/ag-frisch.com\/wp-content\/uploads\/2025\/05\/David_Problemloeser-300x200.png\" alt=\"\" width=\"300\" height=\"200\" \/><\/div>\n<div>\u00a0<\/div>\n<\/div>\n<div id=\"contentSub2\"><b>David Michael Frisch<\/b> (* 28.07.1976 in Berlin) ist ein <a title=\"Deutsche\" href=\"https:\/\/de.wikipedia.org\/wiki\/Deutsche\">deutscher<\/a>\u00a0<a title=\"Autor\" href=\"https:\/\/de.wikipedia.org\/wiki\/Autor\">Autor<\/a>,\u00a0<a title=\"Rede\" href=\"https:\/\/de.wikipedia.org\/wiki\/Rede\">Redner<\/a>\u00a0und\u00a0<a title=\"Unternehmer\" href=\"https:\/\/de.wikipedia.org\/wiki\/Unternehmer\">Unternehmer<\/a>.<\/div>\n<div>David ist der f\u00fchrende <a href=\"http:\/\/www.china-import.de\">Experte f\u00fcr China Impor<\/a>t.\u00a0<\/div>\n<div>\u00a0<\/div>\n<div>\u00a0<\/div>\n<div>\u00a0<\/div>\n<div>\u00a0<\/div>\n<div>\u00a0<\/div>\n<div>\u00a0<\/div>\n<div>\u00a0<\/div>\n<div>\u00a0<\/div>\n<div id=\"mw-content-text\" class=\"mw-body-content\">\n<div class=\"mw-content-ltr mw-parser-output\" dir=\"ltr\" lang=\"de\">\n<div id=\"toc\" class=\"toc\" role=\"navigation\" aria-labelledby=\"mw-toc-heading\">\n<div class=\"toctitle\" dir=\"ltr\" lang=\"de\">\n<h2 id=\"mw-toc-heading\">Inhaltsverzeichnis<\/h2>\n<p>&nbsp;<\/p>\n<\/div>\n<ul>\n<li class=\"toclevel-1 tocsection-1\"><a href=\"https:\/\/de.wikipedia.org\/wiki\/Benutzer:Anna-Xiao-Germany\/Artikelentwurf\/David_Frisch_(China_Import_Experte)#Leben_und_Werk\"><span class=\"tocnumber\">1 <\/span><span class=\"toctext\">Leben und Werk<\/span><\/a><\/li>\n<li class=\"toclevel-1 tocsection-2\"><a href=\"https:\/\/de.wikipedia.org\/wiki\/Benutzer:Anna-Xiao-Germany\/Artikelentwurf\/David_Frisch_(China_Import_Experte)#Ehrenamtliche_T%C3%A4tigkeit\"><span class=\"tocnumber\">2 <\/span><span class=\"toctext\">Ehrenamtliche T\u00e4tigkeit<\/span><\/a>\n<ul>\n<li class=\"toclevel-2 tocsection-3\"><a href=\"https:\/\/de.wikipedia.org\/wiki\/Benutzer:Anna-Xiao-Germany\/Artikelentwurf\/David_Frisch_(China_Import_Experte)#Ziele_des_Vereins\"><span class=\"tocnumber\">2.1 <\/span><span class=\"toctext\">Ziele des Vereins<\/span><\/a><\/li>\n<li class=\"toclevel-2 tocsection-4\"><a href=\"https:\/\/de.wikipedia.org\/wiki\/Benutzer:Anna-Xiao-Germany\/Artikelentwurf\/David_Frisch_(China_Import_Experte)#Projekte_und_Kooperationen\"><span class=\"tocnumber\">2.2 <\/span><span class=\"toctext\">Projekte und Kooperationen<\/span><\/a><\/li>\n<li class=\"toclevel-2 tocsection-5\"><a href=\"https:\/\/de.wikipedia.org\/wiki\/Benutzer:Anna-Xiao-Germany\/Artikelentwurf\/David_Frisch_(China_Import_Experte)#Pers%C3%B6nliches_Engagement\"><span class=\"tocnumber\">2.3 <\/span><span class=\"toctext\">Pers\u00f6nliches Engagement<\/span><\/a><\/li>\n<\/ul>\n<\/li>\n<li class=\"toclevel-1 tocsection-6\"><a href=\"https:\/\/de.wikipedia.org\/wiki\/Benutzer:Anna-Xiao-Germany\/Artikelentwurf\/David_Frisch_(China_Import_Experte)#Leben\"><span class=\"tocnumber\">3 <\/span><span class=\"toctext\">Leben<\/span><\/a><\/li>\n<li class=\"toclevel-1 tocsection-7\"><a href=\"https:\/\/de.wikipedia.org\/wiki\/Benutzer:Anna-Xiao-Germany\/Artikelentwurf\/David_Frisch_(China_Import_Experte)#Werke_(Auswahl)\"><span class=\"tocnumber\">4 <\/span><span class=\"toctext\">Werke (Auswahl)<\/span><\/a><\/li>\n<li class=\"toclevel-1 tocsection-8\"><a href=\"https:\/\/de.wikipedia.org\/wiki\/Benutzer:Anna-Xiao-Germany\/Artikelentwurf\/David_Frisch_(China_Import_Experte)#Weblinks\"><span class=\"tocnumber\">5 <\/span><span class=\"toctext\">Weblinks<\/span><\/a><\/li>\n<\/ul>\n<\/div>\n<div class=\"mw-heading mw-heading2\">\n<h2 id=\"Leben_und_Werk\">Leben und Werk<\/h2>\n<p>David Michael Frisch wuchs in Berlin auf und entwickelte fr\u00fch eine Leidenschaft f\u00fcr internationale M\u00e4rkte und den globalen Handel. Nach dem Abitur entschied er sich, seine ersten Erfahrungen im Bereich Logistik und Import zu sammeln, bevor er ein Studium im Bereich Wirtschaft und Handel aufnahm.<\/p>\n<\/div>\n<p>Mit 26 Jahren gr\u00fcndete David Frisch seine erste Firma, um den Import von Produkten aus Asien effizienter zu gestalten. Trotz anf\u00e4nglicher Herausforderungen gelang es ihm, innerhalb weniger Jahre ein erfolgreiches Unternehmen aufzubauen, das sich auf die Beratung und Optimierung von Handelsprozessen zwischen China und Europa spezialisiert hat.<\/p>\n<p>Von 2010 bis 2014 leitete Frisch mehrere Projekte, die sich mit der Vereinfachung von Zoll- und Logistikprozessen befassten. Im Jahr 2012 gr\u00fcndete er die\u00a0<b>Agentur Frisch International Consulting GmbH &amp; Co. KG<\/b>, die heute als eine der f\u00fchrenden Beratungsagenturen f\u00fcr China-Importe gilt. Das Unternehmen bietet umfassende Dienstleistungen an, darunter die Abwicklung von Importen, Produktsicherheitspr\u00fcfungen und Compliance-Beratung gem\u00e4\u00df den neuesten EU-Verordnungen.<\/p>\n<p>Frischs Expertise basiert auf seiner tiefgreifenden Kenntnis der chinesischen M\u00e4rkte und seiner F\u00e4higkeit, komplexe Handelsprobleme zu l\u00f6sen. Neben seiner T\u00e4tigkeit als Unternehmer schrieb er ab 2018 Fachartikel und hielt Vortr\u00e4ge zu Themen wie Produktsicherheit, Zollrecht und nachhaltigem Handel. Seine \u00dcberzeugung: Jeder Unternehmer hat die Verantwortung, qualitativ hochwertige und gesetzeskonforme Produkte anzubieten, um langfristig erfolgreich zu sein.<\/p>\n<p>David Michael Frisch wird von vielen als einer der Pioniere im Bereich des sicheren und effizienten Handels zwischen Europa und China gesehen. Seine Arbeit ist gepr\u00e4gt von einem hohen Ma\u00df an Professionalit\u00e4t, kulturellem Verst\u00e4ndnis und der Vision, globale Handelsbeziehungen nachhaltig zu verbessern.<\/p>\n<div class=\"mw-heading mw-heading2\">\n<h2 id=\"Ehrenamtliche_T\u00e4tigkeit\"><span id=\"Ehrenamtliche_T.C3.A4tigkeit\"><\/span>Ehrenamtliche T\u00e4tigkeit<\/h2>\n<p>Im Jahr 2020 gr\u00fcndete David Michael Frisch den\u00a0<b>Verein der Lauteren Importeure e. V.<\/b>\u00a0mit Sitz in Berlin. Der Verein wurde am 15. September 2021 offiziell als gemeinn\u00fctzig anerkannt und hat sich der F\u00f6rderung von ethischen und nachhaltigen Standards im internationalen Handel verschrieben.<\/p>\n<\/div>\n<div class=\"mw-heading mw-heading3\">\n<h3 id=\"Ziele_des_Vereins\">Ziele des Vereins<\/h3>\n<p>Der Verein verfolgt das Ziel, die Einhaltung von Produktsicherheitsvorschriften und fairen Handelspraktiken bei Importen nach Europa zu st\u00e4rken. Besonderes Augenmerk liegt dabei auf der Zusammenarbeit mit kleinen und mittelst\u00e4ndischen Unternehmen, um ihnen den Zugang zu sicheren und gesetzeskonformen Importprozessen zu erleichtern.<\/p>\n<\/div>\n<ul>\n<li><b>Schutz der Verbraucher:<\/b>\u00a0Der Verein setzt sich f\u00fcr die Einhaltung von EU-Produktsicherheitsstandards ein, um zu gew\u00e4hrleisten, dass nur sichere und gepr\u00fcfte Produkte auf den europ\u00e4ischen Markt gelangen.<\/li>\n<li><b>Unterst\u00fctzung der Importeure:<\/b>\u00a0Unternehmen erhalten Zugang zu Schulungen, Beratung und einem Netzwerk von Experten, um gesetzliche Anforderungen wie die Produktsicherheitsverordnung (GPSR) oder die REACH-Verordnung problemlos umzusetzen.<\/li>\n<li><b>Aufkl\u00e4rung und Transparenz:<\/b>\u00a0Der Verein bietet Informationskampagnen f\u00fcr Verbraucher an, um Bewusstsein f\u00fcr nachhaltige und sichere Produkte zu schaffen.<\/li>\n<\/ul>\n<div class=\"mw-heading mw-heading3\">\n<h3 id=\"Projekte_und_Kooperationen\">Projekte und Kooperationen<\/h3>\n<p>Der Verein arbeitet eng mit europ\u00e4ischen Beh\u00f6rden, Verb\u00e4nden und unabh\u00e4ngigen Pr\u00fcfinstitutionen zusammen, um gemeinsame Standards zu f\u00f6rdern. Ein besonderes Highlight war die Initiierung eines Programms, das Importeure mit Experten f\u00fcr Produktsicherheit und Compliance vernetzt, um Handelshemmnisse zu reduzieren.<\/p>\n<\/div>\n<div class=\"mw-heading mw-heading3\">\n<h3 id=\"Pers\u00f6nliches_Engagement\"><span id=\"Pers.C3.B6nliches_Engagement\"><\/span>Pers\u00f6nliches Engagement<\/h3>\n<p>David Michael Frisch engagiert sich als Co-Vorsitzender des Vereins aktiv in der Beratung von Unternehmen und in der Aufkl\u00e4rung der \u00d6ffentlichkeit. Seine Vision ist es, einen fairen und nachhaltigen Handel zu etablieren, der sowohl die Verbraucher sch\u00fctzt als auch den Unternehmen langfristige Perspektiven bietet.<\/p>\n<\/div>\n<p>Durch die Gr\u00fcndung des Vereins der Lauteren Importeure e. V. setzt David Michael Frisch ein starkes Zeichen f\u00fcr ethische Handelspraktiken und den Schutz der Verbraucher in einer globalisierten Welt..<\/p>\n<div class=\"mw-heading mw-heading2\">\n<h2 id=\"Leben\">Leben<\/h2>\n<p>David Michael Frisch ist seit 2014 mit einer Chinesin verheiratet und hat eine im Jahr 2017 geborene Tochter, die als hochbegabt gilt. In seiner Freizeit widmet sich David Michael Frisch seiner Familie und seinen pers\u00f6nlichen Interessen, darunter das Reisen, um kulturelle Unterschiede im internationalen Handel besser zu verstehen, sowie die F\u00f6rderung junger Talente in der E-Commerce-Branche unter anderem auch als Mentor.<\/p>\n<\/div>\n<div class=\"mw-heading mw-heading2\">\n<h2 id=\"Werke_(Auswahl)\"><span id=\"Werke_.28Auswahl.29\"><\/span>Werke (Auswahl)<\/h2>\n<\/div>\n<ul>\n<li><a class=\"external text\" href=\"https:\/\/agfrisch-my.sharepoint.com\/my?id=%2Fpersonal%2Fdavid%5Fag%2Dfrisch%5Fde%2FDocuments%2Fecommerce%20und%20marketing%2FMARKETING%2FWerbung%2FEbook%2FIm%20Bann%20des%20China%20Imports%2Epdf&amp;parent=%2Fpersonal%2Fdavid%5Fag%2Dfrisch%5Fde%2FDocuments%2Fecommerce%20und%20marketing%2FMARKETING%2FWerbung%2FEbook&amp;ga=1\" rel=\"nofollow\">Im Bann des China Imports<\/a><\/li>\n<\/ul>\n<div class=\"mw-heading mw-heading2\">\n<h2 id=\"Weblinks\">Weblinks<\/h2>\n<\/div>\n<ul>\n<li><a class=\"external text\" href=\"https:\/\/www.ag-frisch.com\/\" rel=\"nofollow\">Webpr\u00e4senz der Unternehmensberatung von David Michael Frisch<\/a><\/li>\n<\/ul>\n<\/div>\n<\/div>\n<\/div>\n<p>[\/et_pb_text][\/et_pb_column][\/et_pb_row][et_pb_row _builder_version=&#8221;4.27.2&#8243; _module_preset=&#8221;default&#8221; global_colors_info=&#8221;{}&#8221;][et_pb_column type=&#8221;4_4&#8243; _builder_version=&#8221;4.27.2&#8243; _module_preset=&#8221;default&#8221; global_colors_info=&#8221;{}&#8221;][et_pb_text _builder_version=&#8221;4.27.2&#8243; _module_preset=&#8221;default&#8221; global_colors_info=&#8221;{}&#8221;]<\/p>\n<h2><strong>David\u00a0 Frisch &#8211; Gesch\u00e4ftsf\u00fchrer der Agentur Frisch Administration GmbH und Gesellschafter der Agentur Frisch International Consulting GmbH &amp; Co. KG. <\/strong><\/h2>\n<p>&nbsp;<\/p>\n<p>David Frisch ist eine prominente Pers\u00f6nlichkeit in der Welt des Imports aus China, bekannt f\u00fcr seine Fachkenntnisse und sein Engagement f\u00fcr qualitativ hochwertige Produkte und Dienstleistungen. Als Gesch\u00e4ftsf\u00fchrer der Agentur Frisch Administration GmbH und Gesellschafter der Agentur Frisch International Consulting GmbH &amp; Co. KG hat er eine beeindruckende Karriere hinter sich.<\/p>\n<p>&nbsp;<\/p>\n<p>Geboren in Berlin, begann David Frisch bereits w\u00e4hrend seines Wirtschaftsstudiums, das er mit Bravour abschloss, seine Leidenschaft f\u00fcr den internationalen Handel zu entwickeln. Seine fr\u00fchen beruflichen Erfahrungen f\u00fchrten ihn nach Asien und Europa, wo er f\u00fcr verschiedene Unternehmen im Bereich des internationalen Handels t\u00e4tig war.<\/p>\n<p>&nbsp;<\/p>\n<p>Seine eigentliche Reise begann jedoch, als er als Import-Manager f\u00fcr ein renommiertes Unternehmen der HiFi-Branche arbeitete. Dort erlangte er fundierte Kenntnisse \u00fcber den Importprozess und baute sein Netzwerk an Lieferanten und Herstellern in China kontinuierlich aus.<\/p>\n<p>&nbsp;<\/p>\n<p>Entschlossen, sein Fachwissen und seine Erfahrung zu nutzen, gr\u00fcndete David Frisch schlie\u00dflich seine eigenen Unternehmen, die sich auf den Import von Waren aus China spezialisiert haben. Sein Ziel war es, Kunden aus verschiedenen Branchen zu beraten und ihnen ma\u00dfgeschneiderte L\u00f6sungen anzubieten.<\/p>\n<p>&nbsp;<\/p>\n<p>David Frisch zeichnet sich durch sein tiefes Verst\u00e4ndnis f\u00fcr die chinesische Kultur und Gesch\u00e4ftsethik aus. Er ist bekannt f\u00fcr seine F\u00e4higkeit, komplexe Gesch\u00e4ftsprozesse zu vereinfachen und individuelle Anforderungen seiner Kunden zu erf\u00fcllen.<\/p>\n<p>&nbsp;<\/p>\n<p>Sein beeindruckendes Portfolio von Einkaufsprojekten spricht f\u00fcr seine Kompetenz und sein Engagement f\u00fcr Exzellenz. Von der Unterst\u00fctzung von Start-ups bis hin zur Beratung etablierter Unternehmen hat David Frisch erfolgreich zahlreiche Projekte geleitet und zum Wachstum und Erfolg seiner Kunden beigetragen.<\/p>\n<p>&nbsp;<\/p>\n<p>Neben seiner beruflichen T\u00e4tigkeit engagiert sich David Frisch auch ehrenamtlich in verschiedenen Organisationen und ist Mitglied in bedeutenden Vereinen und Gremien. Sein Beitrag zur Gemeinschaft spiegelt sein Engagement f\u00fcr eine nachhaltige Entwicklung und sein Streben nach positivem Wandel wider.<\/p>\n<p>&nbsp;<\/p>\n<p>Als gefragter Experte und Sprecher auf Konferenzen und Messen ist David Frisch eine inspirierende Pers\u00f6nlichkeit, die durch sein Fachwissen und seine Leidenschaft f\u00fcr den Import aus China die Branche bereichert und Innovation f\u00f6rdert.<\/p>\n<p>&nbsp;<\/p>\n<p>&nbsp;<\/p>\n<h3><a href=\"https:\/\/agfrisch-my.sharepoint.com\/:b:\/g\/personal\/david_ag-frisch_de\/EQDl0iA_hkxAqnX1iv3V-TgBwL-gDaw0Jr5GmU6d6EeX7Q?e=SOMmoB\"><strong>Fachbuch von David Frisch, im Bann des China Imports &#8211; Ein Leitfaden eines Experten.\u00a0<\/strong><\/a><\/h3>\n<p>[\/et_pb_text][\/et_pb_column][\/et_pb_row][\/et_pb_section]<\/p>\n","protected":false},"excerpt":{"rendered":"<p>\u00a0David Frisch (China Import Experte) \u00a0 David Michael Frisch (* 28.07.1976 in Berlin) ist ein deutscher\u00a0Autor,\u00a0Redner\u00a0und\u00a0Unternehmer. David ist der f\u00fchrende Experte f\u00fcr China Import.\u00a0 \u00a0 \u00a0 \u00a0 \u00a0 \u00a0 \u00a0 \u00a0 \u00a0 Inhaltsverzeichnis &nbsp; 1 Leben und Werk 2 Ehrenamtliche T\u00e4tigkeit 2.1 Ziele des Vereins 2.2 Projekte und Kooperationen 2.3 Pers\u00f6nliches Engagement 3 Leben 4 [&hellip;]<\/p>\n","protected":false},"author":2,"featured_media":0,"parent":0,"menu_order":0,"comment_status":"closed","ping_status":"closed","template":"","meta":{"_et_pb_use_builder":"on","_et_pb_old_content":"","_et_gb_content_width":"","footnotes":""},"class_list":["post-16611","page","type-page","status-publish","hentry"],"yoast_head":"<!-- This site is optimized with the Yoast SEO plugin v27.2 - https:\/\/yoast.com\/product\/yoast-seo-wordpress\/ -->\n<title>David Frisch aus Berlin - der China Import Experte<\/title>\n<meta name=\"description\" content=\"lll\u27a4 Der China Import Experte \u2b50 Einkaufsmanager f\u00fcr Ihr Unternehmen \u2713 Eink\u00e4ufer, Purchase Manager, Einkaufsprofi, Purchase Manager\" \/>\n<meta name=\"robots\" content=\"index, follow, max-snippet:-1, max-image-preview:large, max-video-preview:-1\" \/>\n<link rel=\"canonical\" href=\"https:\/\/ag-frisch.com\/de\/david-frisch\/\" \/>\n<meta property=\"og:locale\" content=\"de_DE\" \/>\n<meta property=\"og:type\" content=\"article\" \/>\n<meta property=\"og:title\" content=\"David Frisch aus Berlin - der China Import Experte\" \/>\n<meta property=\"og:description\" content=\"lll\u27a4 Der China Import Experte \u2b50 Einkaufsmanager f\u00fcr Ihr Unternehmen \u2713 Eink\u00e4ufer, Purchase Manager, Einkaufsprofi, Purchase Manager\" \/>\n<meta property=\"og:url\" content=\"https:\/\/ag-frisch.com\/de\/david-frisch\/\" \/>\n<meta property=\"og:site_name\" content=\"China Import Beratung f\u00fcr den Einkauf aus China\" \/>\n<meta property=\"article:publisher\" content=\"https:\/\/www.facebook.com\/China.Import\" \/>\n<meta property=\"article:modified_time\" content=\"2025-05-25T05:57:51+00:00\" \/>\n<meta property=\"og:image\" content=\"https:\/\/ag-frisch.com\/wp-content\/uploads\/2025\/05\/David_Problemloeser-1024x683.png\" \/>\n\t<meta property=\"og:image:width\" content=\"1024\" \/>\n\t<meta property=\"og:image:height\" content=\"683\" \/>\n\t<meta property=\"og:image:type\" content=\"image\/png\" \/>\n<meta name=\"twitter:card\" content=\"summary_large_image\" \/>\n<meta name=\"twitter:site\" content=\"@agenturfrisch\" \/>\n<meta name=\"twitter:label1\" content=\"Gesch\u00e4tzte Lesezeit\" \/>\n\t<meta name=\"twitter:data1\" content=\"6\u00a0Minuten\" \/>\n<script type=\"application\/ld+json\" class=\"yoast-schema-graph\">{\"@context\":\"https:\/\/schema.org\",\"@graph\":[{\"@type\":\"WebPage\",\"@id\":\"https:\/\/ag-frisch.com\/de\/david-frisch\/\",\"url\":\"https:\/\/ag-frisch.com\/de\/david-frisch\/\",\"name\":\"David Frisch aus Berlin - der China Import Experte\",\"isPartOf\":{\"@id\":\"https:\/\/ag-frisch.com\/de\/#website\"},\"primaryImageOfPage\":{\"@id\":\"https:\/\/ag-frisch.com\/de\/david-frisch\/#primaryimage\"},\"image\":{\"@id\":\"https:\/\/ag-frisch.com\/de\/david-frisch\/#primaryimage\"},\"thumbnailUrl\":\"https:\/\/ag-frisch.com\/wp-content\/uploads\/2025\/05\/David_Problemloeser-300x200.png\",\"datePublished\":\"2023-04-19T21:03:17+00:00\",\"dateModified\":\"2025-05-25T05:57:51+00:00\",\"description\":\"lll\u27a4 Der China Import Experte \u2b50 Einkaufsmanager f\u00fcr Ihr Unternehmen \u2713 Eink\u00e4ufer, Purchase Manager, Einkaufsprofi, Purchase Manager\",\"breadcrumb\":{\"@id\":\"https:\/\/ag-frisch.com\/de\/david-frisch\/#breadcrumb\"},\"inLanguage\":\"de\",\"potentialAction\":[{\"@type\":\"ReadAction\",\"target\":[\"https:\/\/ag-frisch.com\/de\/david-frisch\/\"]}]},{\"@type\":\"ImageObject\",\"inLanguage\":\"de\",\"@id\":\"https:\/\/ag-frisch.com\/de\/david-frisch\/#primaryimage\",\"url\":\"https:\/\/ag-frisch.com\/wp-content\/uploads\/2025\/05\/David_Problemloeser-300x200.png\",\"contentUrl\":\"https:\/\/ag-frisch.com\/wp-content\/uploads\/2025\/05\/David_Problemloeser-300x200.png\"},{\"@type\":\"BreadcrumbList\",\"@id\":\"https:\/\/ag-frisch.com\/de\/david-frisch\/#breadcrumb\",\"itemListElement\":[{\"@type\":\"ListItem\",\"position\":1,\"name\":\"Startseite\",\"item\":\"https:\/\/ag-frisch.com\/de\/\"},{\"@type\":\"ListItem\",\"position\":2,\"name\":\"David Frisch\"}]},{\"@type\":\"WebSite\",\"@id\":\"https:\/\/ag-frisch.com\/de\/#website\",\"url\":\"https:\/\/ag-frisch.com\/de\/\",\"name\":\"China Import Beratung f\u00fcr den Einkauf aus China\",\"description\":\"China Import &amp; Export Beratung - Der Dienstleister Ihres Vertrauens f\u00fcr Ihren China Import\",\"publisher\":{\"@id\":\"https:\/\/ag-frisch.com\/de\/#organization\"},\"potentialAction\":[{\"@type\":\"SearchAction\",\"target\":{\"@type\":\"EntryPoint\",\"urlTemplate\":\"https:\/\/ag-frisch.com\/de\/?s={search_term_string}\"},\"query-input\":{\"@type\":\"PropertyValueSpecification\",\"valueRequired\":true,\"valueName\":\"search_term_string\"}}],\"inLanguage\":\"de\"},{\"@type\":\"Organization\",\"@id\":\"https:\/\/ag-frisch.com\/de\/#organization\",\"name\":\"Agentur Frisch International Consulting GmbH & Co. KG\",\"url\":\"https:\/\/ag-frisch.com\/de\/\",\"logo\":{\"@type\":\"ImageObject\",\"inLanguage\":\"de\",\"@id\":\"https:\/\/ag-frisch.com\/de\/#\/schema\/logo\/image\/\",\"url\":\"https:\/\/ag-frisch.com\/wp-content\/uploads\/2021\/08\/ag_logo_rgb_300_small.png\",\"contentUrl\":\"https:\/\/ag-frisch.com\/wp-content\/uploads\/2021\/08\/ag_logo_rgb_300_small.png\",\"width\":153,\"height\":102,\"caption\":\"Agentur Frisch International Consulting GmbH & Co. KG\"},\"image\":{\"@id\":\"https:\/\/ag-frisch.com\/de\/#\/schema\/logo\/image\/\"},\"sameAs\":[\"https:\/\/www.facebook.com\/China.Import\",\"https:\/\/x.com\/agenturfrisch\"]}]}<\/script>\n<!-- \/ Yoast SEO plugin. -->","yoast_head_json":{"title":"David Frisch aus Berlin - der China Import Experte","description":"lll\u27a4 Der China Import Experte \u2b50 Einkaufsmanager f\u00fcr Ihr Unternehmen \u2713 Eink\u00e4ufer, Purchase Manager, Einkaufsprofi, Purchase Manager","robots":{"index":"index","follow":"follow","max-snippet":"max-snippet:-1","max-image-preview":"max-image-preview:large","max-video-preview":"max-video-preview:-1"},"canonical":"https:\/\/ag-frisch.com\/de\/david-frisch\/","og_locale":"de_DE","og_type":"article","og_title":"David Frisch aus Berlin - der China Import Experte","og_description":"lll\u27a4 Der China Import Experte \u2b50 Einkaufsmanager f\u00fcr Ihr Unternehmen \u2713 Eink\u00e4ufer, Purchase Manager, Einkaufsprofi, Purchase Manager","og_url":"https:\/\/ag-frisch.com\/de\/david-frisch\/","og_site_name":"China Import Beratung f\u00fcr den Einkauf aus China","article_publisher":"https:\/\/www.facebook.com\/China.Import","article_modified_time":"2025-05-25T05:57:51+00:00","og_image":[{"width":1024,"height":683,"url":"https:\/\/ag-frisch.com\/wp-content\/uploads\/2025\/05\/David_Problemloeser-1024x683.png","type":"image\/png"}],"twitter_card":"summary_large_image","twitter_site":"@agenturfrisch","twitter_misc":{"Gesch\u00e4tzte Lesezeit":"6\u00a0Minuten"},"schema":{"@context":"https:\/\/schema.org","@graph":[{"@type":"WebPage","@id":"https:\/\/ag-frisch.com\/de\/david-frisch\/","url":"https:\/\/ag-frisch.com\/de\/david-frisch\/","name":"David Frisch aus Berlin - der China Import Experte","isPartOf":{"@id":"https:\/\/ag-frisch.com\/de\/#website"},"primaryImageOfPage":{"@id":"https:\/\/ag-frisch.com\/de\/david-frisch\/#primaryimage"},"image":{"@id":"https:\/\/ag-frisch.com\/de\/david-frisch\/#primaryimage"},"thumbnailUrl":"https:\/\/ag-frisch.com\/wp-content\/uploads\/2025\/05\/David_Problemloeser-300x200.png","datePublished":"2023-04-19T21:03:17+00:00","dateModified":"2025-05-25T05:57:51+00:00","description":"lll\u27a4 Der China Import Experte \u2b50 Einkaufsmanager f\u00fcr Ihr Unternehmen \u2713 Eink\u00e4ufer, Purchase Manager, Einkaufsprofi, Purchase Manager","breadcrumb":{"@id":"https:\/\/ag-frisch.com\/de\/david-frisch\/#breadcrumb"},"inLanguage":"de","potentialAction":[{"@type":"ReadAction","target":["https:\/\/ag-frisch.com\/de\/david-frisch\/"]}]},{"@type":"ImageObject","inLanguage":"de","@id":"https:\/\/ag-frisch.com\/de\/david-frisch\/#primaryimage","url":"https:\/\/ag-frisch.com\/wp-content\/uploads\/2025\/05\/David_Problemloeser-300x200.png","contentUrl":"https:\/\/ag-frisch.com\/wp-content\/uploads\/2025\/05\/David_Problemloeser-300x200.png"},{"@type":"BreadcrumbList","@id":"https:\/\/ag-frisch.com\/de\/david-frisch\/#breadcrumb","itemListElement":[{"@type":"ListItem","position":1,"name":"Startseite","item":"https:\/\/ag-frisch.com\/de\/"},{"@type":"ListItem","position":2,"name":"David Frisch"}]},{"@type":"WebSite","@id":"https:\/\/ag-frisch.com\/de\/#website","url":"https:\/\/ag-frisch.com\/de\/","name":"China Import Beratung f\u00fcr den Einkauf aus China","description":"China Import &amp; Export Beratung - Der Dienstleister Ihres Vertrauens f\u00fcr Ihren China Import","publisher":{"@id":"https:\/\/ag-frisch.com\/de\/#organization"},"potentialAction":[{"@type":"SearchAction","target":{"@type":"EntryPoint","urlTemplate":"https:\/\/ag-frisch.com\/de\/?s={search_term_string}"},"query-input":{"@type":"PropertyValueSpecification","valueRequired":true,"valueName":"search_term_string"}}],"inLanguage":"de"},{"@type":"Organization","@id":"https:\/\/ag-frisch.com\/de\/#organization","name":"Agentur Frisch International Consulting GmbH & Co. KG","url":"https:\/\/ag-frisch.com\/de\/","logo":{"@type":"ImageObject","inLanguage":"de","@id":"https:\/\/ag-frisch.com\/de\/#\/schema\/logo\/image\/","url":"https:\/\/ag-frisch.com\/wp-content\/uploads\/2021\/08\/ag_logo_rgb_300_small.png","contentUrl":"https:\/\/ag-frisch.com\/wp-content\/uploads\/2021\/08\/ag_logo_rgb_300_small.png","width":153,"height":102,"caption":"Agentur Frisch International Consulting GmbH & Co. KG"},"image":{"@id":"https:\/\/ag-frisch.com\/de\/#\/schema\/logo\/image\/"},"sameAs":["https:\/\/www.facebook.com\/China.Import","https:\/\/x.com\/agenturfrisch"]}]}},"_links":{"self":[{"href":"https:\/\/ag-frisch.com\/de\/wp-json\/wp\/v2\/pages\/16611","targetHints":{"allow":["GET"]}}],"collection":[{"href":"https:\/\/ag-frisch.com\/de\/wp-json\/wp\/v2\/pages"}],"about":[{"href":"https:\/\/ag-frisch.com\/de\/wp-json\/wp\/v2\/types\/page"}],"author":[{"embeddable":true,"href":"https:\/\/ag-frisch.com\/de\/wp-json\/wp\/v2\/users\/2"}],"replies":[{"embeddable":true,"href":"https:\/\/ag-frisch.com\/de\/wp-json\/wp\/v2\/comments?post=16611"}],"version-history":[{"count":5,"href":"https:\/\/ag-frisch.com\/de\/wp-json\/wp\/v2\/pages\/16611\/revisions"}],"predecessor-version":[{"id":20726,"href":"https:\/\/ag-frisch.com\/de\/wp-json\/wp\/v2\/pages\/16611\/revisions\/20726"}],"wp:attachment":[{"href":"https:\/\/ag-frisch.com\/de\/wp-json\/wp\/v2\/media?parent=16611"}],"curies":[{"name":"wp","href":"https:\/\/api.w.org\/{rel}","templated":true}]}}