{"id":16636,"date":"2023-04-21T05:57:23","date_gmt":"2023-04-21T03:57:23","guid":{"rendered":"https:\/\/ag-frisch.com\/?page_id=16636"},"modified":"2023-04-21T05:57:34","modified_gmt":"2023-04-21T03:57:34","slug":"mina","status":"publish","type":"page","link":"https:\/\/ag-frisch.com\/de\/mina\/","title":{"rendered":"Mina"},"content":{"rendered":"<p>[et_pb_section fb_built=&#8221;1&#8243; theme_builder_area=&#8221;post_content&#8221; _builder_version=&#8221;4.18.1&#8243; _module_preset=&#8221;default&#8221;][et_pb_row _builder_version=&#8221;4.18.1&#8243; _module_preset=&#8221;default&#8221; theme_builder_area=&#8221;post_content&#8221;][et_pb_column _builder_version=&#8221;4.18.1&#8243; _module_preset=&#8221;default&#8221; type=&#8221;4_4&#8243; theme_builder_area=&#8221;post_content&#8221;][et_pb_text _builder_version=&#8221;4.18.1&#8243; _module_preset=&#8221;default&#8221; theme_builder_area=&#8221;post_content&#8221; hover_enabled=&#8221;0&#8243; sticky_enabled=&#8221;0&#8243;]<\/p>\n<p>Mina wurde in Ghana geboren und wuchs dort auf. Schon in ihrer Kindheit zeigte sie gro\u00dfes Interesse an verschiedenen Kulturen und L\u00e4ndern. Sie liebte es, \u00fcber verschiedene Orte zu lesen und sich \u00fcber ihre Geschichte und Geographie zu informieren. Ihr Wunsch, die Welt zu erkunden und verschiedene Kulturen kennenzulernen, f\u00fchrte sie schlie\u00dflich dazu, eine Karriere im Bereich des internationalen Handels anzustreben.<\/p>\n<p>Nach dem Abschluss ihres Studiums in Wirtschaftswissenschaften an einer renommierten Universit\u00e4t in Ghana begann Mina ihre Karriere in einer Handelsagentur in Accra. Dort sammelte sie wertvolle Erfahrungen im Bereich des internationalen Handels und der Logistik. Mina zeigte schnell ihr Talent f\u00fcr den Handel und wurde bald eine der wichtigsten Mitarbeiterinnen der Agentur.<\/p>\n<p>Ihre F\u00e4higkeiten blieben nicht unbemerkt und sie wurde von der renommierten Agentur Frisch, die auf den Import von Waren aus China spezialisiert ist, entdeckt. Mina z\u00f6gerte nicht lange und nahm das Angebot an, nach Deutschland zu ziehen, um dort als Expertin f\u00fcr den Import von Waren aus China zu arbeiten.<\/p>\n<p>In Deutschland angekommen, begann Mina ihre Arbeit bei der Agentur Frisch und zeigte schnell ihr K\u00f6nnen und ihre Fachkenntnisse. Sie war in der Lage, Beziehungen zu verschiedenen chinesischen Lieferanten aufzubauen und Vertr\u00e4ge f\u00fcr den Import von Waren zu verhandeln. Ihre F\u00e4higkeit, die Bed\u00fcrfnisse der Kunden zu verstehen und effektive L\u00f6sungen anzubieten, machte sie schnell zu einer der gefragtesten Mitarbeiterinnen bei der Agentur Frisch.<\/p>\n<p>Heute ist Mina eine angesehene Expertin f\u00fcr den Import von Waren aus China und hat sich einen Ruf als zuverl\u00e4ssige und kompetente Beraterin aufgebaut. Sie arbeitet eng mit Kunden zusammen, um sicherzustellen, dass ihre Bed\u00fcrfnisse erf\u00fcllt werden, und ber\u00e4t sie bei der Auswahl der besten Produkte und Lieferanten.<\/p>\n<p>Mina ist stolz darauf, ihre Kenntnisse und F\u00e4higkeiten in den Dienst von Kunden zu stellen, die in einem globalen Markt t\u00e4tig sind. Sie ist ein Vorbild f\u00fcr junge Menschen in Ghana und auf der ganzen Welt, die eine Karriere im internationalen Handel anstreben.<\/p>\n<p>[\/et_pb_text][\/et_pb_column][\/et_pb_row][\/et_pb_section]<\/p>\n","protected":false},"excerpt":{"rendered":"<p>Mina wurde in Ghana geboren und wuchs dort auf. Schon in ihrer Kindheit zeigte sie gro\u00dfes Interesse an verschiedenen Kulturen und L\u00e4ndern. Sie liebte es, \u00fcber verschiedene Orte zu lesen und sich \u00fcber ihre Geschichte und Geographie zu informieren. Ihr Wunsch, die Welt zu erkunden und verschiedene Kulturen kennenzulernen, f\u00fchrte sie schlie\u00dflich dazu, eine Karriere [&hellip;]<\/p>\n","protected":false},"author":2,"featured_media":0,"parent":0,"menu_order":0,"comment_status":"closed","ping_status":"closed","template":"","meta":{"_et_pb_use_builder":"on","_et_pb_old_content":"","_et_gb_content_width":"","footnotes":""},"class_list":["post-16636","page","type-page","status-publish","hentry"],"yoast_head":"<!-- This site is optimized with the Yoast SEO plugin v27.4 - https:\/\/yoast.com\/product\/yoast-seo-wordpress\/ -->\n<title>Mina - China Import Beratung f\u00fcr den Einkauf aus China<\/title>\n<meta name=\"robots\" content=\"index, follow, max-snippet:-1, max-image-preview:large, max-video-preview:-1\" \/>\n<link rel=\"canonical\" href=\"https:\/\/ag-frisch.com\/de\/mina\/\" \/>\n<meta property=\"og:locale\" content=\"de_DE\" \/>\n<meta property=\"og:type\" content=\"article\" \/>\n<meta property=\"og:title\" content=\"Mina - China Import Beratung f\u00fcr den Einkauf aus China\" \/>\n<meta property=\"og:description\" content=\"Mina wurde in Ghana geboren und wuchs dort auf. Schon in ihrer Kindheit zeigte sie gro\u00dfes Interesse an verschiedenen Kulturen und L\u00e4ndern. Sie liebte es, \u00fcber verschiedene Orte zu lesen und sich \u00fcber ihre Geschichte und Geographie zu informieren. Ihr Wunsch, die Welt zu erkunden und verschiedene Kulturen kennenzulernen, f\u00fchrte sie schlie\u00dflich dazu, eine Karriere [&hellip;]\" \/>\n<meta property=\"og:url\" content=\"https:\/\/ag-frisch.com\/de\/mina\/\" \/>\n<meta property=\"og:site_name\" content=\"China Import Beratung f\u00fcr den Einkauf aus China\" \/>\n<meta property=\"article:publisher\" content=\"https:\/\/www.facebook.com\/China.Import\" \/>\n<meta property=\"article:modified_time\" content=\"2023-04-21T03:57:34+00:00\" \/>\n<meta name=\"twitter:card\" content=\"summary_large_image\" \/>\n<meta name=\"twitter:site\" content=\"@agenturfrisch\" \/>\n<meta name=\"twitter:label1\" content=\"Gesch\u00e4tzte Lesezeit\" \/>\n\t<meta name=\"twitter:data1\" content=\"2\u00a0Minuten\" \/>\n<script type=\"application\/ld+json\" class=\"yoast-schema-graph\">{\"@context\":\"https:\\\/\\\/schema.org\",\"@graph\":[{\"@type\":\"WebPage\",\"@id\":\"https:\\\/\\\/ag-frisch.com\\\/de\\\/mina\\\/\",\"url\":\"https:\\\/\\\/ag-frisch.com\\\/de\\\/mina\\\/\",\"name\":\"Mina - China Import Beratung f\u00fcr den Einkauf aus China\",\"isPartOf\":{\"@id\":\"https:\\\/\\\/ag-frisch.com\\\/de\\\/#website\"},\"datePublished\":\"2023-04-21T03:57:23+00:00\",\"dateModified\":\"2023-04-21T03:57:34+00:00\",\"breadcrumb\":{\"@id\":\"https:\\\/\\\/ag-frisch.com\\\/de\\\/mina\\\/#breadcrumb\"},\"inLanguage\":\"de\",\"potentialAction\":[{\"@type\":\"ReadAction\",\"target\":[\"https:\\\/\\\/ag-frisch.com\\\/de\\\/mina\\\/\"]}]},{\"@type\":\"BreadcrumbList\",\"@id\":\"https:\\\/\\\/ag-frisch.com\\\/de\\\/mina\\\/#breadcrumb\",\"itemListElement\":[{\"@type\":\"ListItem\",\"position\":1,\"name\":\"Startseite\",\"item\":\"https:\\\/\\\/ag-frisch.com\\\/de\\\/\"},{\"@type\":\"ListItem\",\"position\":2,\"name\":\"Mina\"}]},{\"@type\":\"WebSite\",\"@id\":\"https:\\\/\\\/ag-frisch.com\\\/de\\\/#website\",\"url\":\"https:\\\/\\\/ag-frisch.com\\\/de\\\/\",\"name\":\"China Import Beratung f\u00fcr den Einkauf aus China\",\"description\":\"China Import &amp; Export Beratung - Der Dienstleister Ihres Vertrauens f\u00fcr Ihren China Import\",\"publisher\":{\"@id\":\"https:\\\/\\\/ag-frisch.com\\\/de\\\/#organization\"},\"potentialAction\":[{\"@type\":\"SearchAction\",\"target\":{\"@type\":\"EntryPoint\",\"urlTemplate\":\"https:\\\/\\\/ag-frisch.com\\\/de\\\/?s={search_term_string}\"},\"query-input\":{\"@type\":\"PropertyValueSpecification\",\"valueRequired\":true,\"valueName\":\"search_term_string\"}}],\"inLanguage\":\"de\"},{\"@type\":\"Organization\",\"@id\":\"https:\\\/\\\/ag-frisch.com\\\/de\\\/#organization\",\"name\":\"Agentur Frisch International Consulting GmbH & Co. KG\",\"url\":\"https:\\\/\\\/ag-frisch.com\\\/de\\\/\",\"logo\":{\"@type\":\"ImageObject\",\"inLanguage\":\"de\",\"@id\":\"https:\\\/\\\/ag-frisch.com\\\/de\\\/#\\\/schema\\\/logo\\\/image\\\/\",\"url\":\"https:\\\/\\\/ag-frisch.com\\\/wp-content\\\/uploads\\\/2021\\\/08\\\/ag_logo_rgb_300_small.png\",\"contentUrl\":\"https:\\\/\\\/ag-frisch.com\\\/wp-content\\\/uploads\\\/2021\\\/08\\\/ag_logo_rgb_300_small.png\",\"width\":153,\"height\":102,\"caption\":\"Agentur Frisch International Consulting GmbH & Co. KG\"},\"image\":{\"@id\":\"https:\\\/\\\/ag-frisch.com\\\/de\\\/#\\\/schema\\\/logo\\\/image\\\/\"},\"sameAs\":[\"https:\\\/\\\/www.facebook.com\\\/China.Import\",\"https:\\\/\\\/x.com\\\/agenturfrisch\"]}]}<\/script>\n<!-- \/ Yoast SEO plugin. -->","yoast_head_json":{"title":"Mina - China Import Beratung f\u00fcr den Einkauf aus China","robots":{"index":"index","follow":"follow","max-snippet":"max-snippet:-1","max-image-preview":"max-image-preview:large","max-video-preview":"max-video-preview:-1"},"canonical":"https:\/\/ag-frisch.com\/de\/mina\/","og_locale":"de_DE","og_type":"article","og_title":"Mina - China Import Beratung f\u00fcr den Einkauf aus China","og_description":"Mina wurde in Ghana geboren und wuchs dort auf. Schon in ihrer Kindheit zeigte sie gro\u00dfes Interesse an verschiedenen Kulturen und L\u00e4ndern. Sie liebte es, \u00fcber verschiedene Orte zu lesen und sich \u00fcber ihre Geschichte und Geographie zu informieren. Ihr Wunsch, die Welt zu erkunden und verschiedene Kulturen kennenzulernen, f\u00fchrte sie schlie\u00dflich dazu, eine Karriere [&hellip;]","og_url":"https:\/\/ag-frisch.com\/de\/mina\/","og_site_name":"China Import Beratung f\u00fcr den Einkauf aus China","article_publisher":"https:\/\/www.facebook.com\/China.Import","article_modified_time":"2023-04-21T03:57:34+00:00","twitter_card":"summary_large_image","twitter_site":"@agenturfrisch","twitter_misc":{"Gesch\u00e4tzte Lesezeit":"2\u00a0Minuten"},"schema":{"@context":"https:\/\/schema.org","@graph":[{"@type":"WebPage","@id":"https:\/\/ag-frisch.com\/de\/mina\/","url":"https:\/\/ag-frisch.com\/de\/mina\/","name":"Mina - China Import Beratung f\u00fcr den Einkauf aus China","isPartOf":{"@id":"https:\/\/ag-frisch.com\/de\/#website"},"datePublished":"2023-04-21T03:57:23+00:00","dateModified":"2023-04-21T03:57:34+00:00","breadcrumb":{"@id":"https:\/\/ag-frisch.com\/de\/mina\/#breadcrumb"},"inLanguage":"de","potentialAction":[{"@type":"ReadAction","target":["https:\/\/ag-frisch.com\/de\/mina\/"]}]},{"@type":"BreadcrumbList","@id":"https:\/\/ag-frisch.com\/de\/mina\/#breadcrumb","itemListElement":[{"@type":"ListItem","position":1,"name":"Startseite","item":"https:\/\/ag-frisch.com\/de\/"},{"@type":"ListItem","position":2,"name":"Mina"}]},{"@type":"WebSite","@id":"https:\/\/ag-frisch.com\/de\/#website","url":"https:\/\/ag-frisch.com\/de\/","name":"China Import Beratung f\u00fcr den Einkauf aus China","description":"China Import &amp; Export Beratung - Der Dienstleister Ihres Vertrauens f\u00fcr Ihren China Import","publisher":{"@id":"https:\/\/ag-frisch.com\/de\/#organization"},"potentialAction":[{"@type":"SearchAction","target":{"@type":"EntryPoint","urlTemplate":"https:\/\/ag-frisch.com\/de\/?s={search_term_string}"},"query-input":{"@type":"PropertyValueSpecification","valueRequired":true,"valueName":"search_term_string"}}],"inLanguage":"de"},{"@type":"Organization","@id":"https:\/\/ag-frisch.com\/de\/#organization","name":"Agentur Frisch International Consulting GmbH & Co. KG","url":"https:\/\/ag-frisch.com\/de\/","logo":{"@type":"ImageObject","inLanguage":"de","@id":"https:\/\/ag-frisch.com\/de\/#\/schema\/logo\/image\/","url":"https:\/\/ag-frisch.com\/wp-content\/uploads\/2021\/08\/ag_logo_rgb_300_small.png","contentUrl":"https:\/\/ag-frisch.com\/wp-content\/uploads\/2021\/08\/ag_logo_rgb_300_small.png","width":153,"height":102,"caption":"Agentur Frisch International Consulting GmbH & Co. KG"},"image":{"@id":"https:\/\/ag-frisch.com\/de\/#\/schema\/logo\/image\/"},"sameAs":["https:\/\/www.facebook.com\/China.Import","https:\/\/x.com\/agenturfrisch"]}]}},"_links":{"self":[{"href":"https:\/\/ag-frisch.com\/de\/wp-json\/wp\/v2\/pages\/16636","targetHints":{"allow":["GET"]}}],"collection":[{"href":"https:\/\/ag-frisch.com\/de\/wp-json\/wp\/v2\/pages"}],"about":[{"href":"https:\/\/ag-frisch.com\/de\/wp-json\/wp\/v2\/types\/page"}],"author":[{"embeddable":true,"href":"https:\/\/ag-frisch.com\/de\/wp-json\/wp\/v2\/users\/2"}],"replies":[{"embeddable":true,"href":"https:\/\/ag-frisch.com\/de\/wp-json\/wp\/v2\/comments?post=16636"}],"version-history":[{"count":0,"href":"https:\/\/ag-frisch.com\/de\/wp-json\/wp\/v2\/pages\/16636\/revisions"}],"wp:attachment":[{"href":"https:\/\/ag-frisch.com\/de\/wp-json\/wp\/v2\/media?parent=16636"}],"curies":[{"name":"wp","href":"https:\/\/api.w.org\/{rel}","templated":true}]}}