{"id":17206,"date":"2023-07-16T08:56:11","date_gmt":"2023-07-16T06:56:11","guid":{"rendered":"https:\/\/ag-frisch.com\/?page_id=17206"},"modified":"2023-07-16T08:57:23","modified_gmt":"2023-07-16T06:57:23","slug":"holzspielzeug-aus-china-importieren","status":"publish","type":"page","link":"https:\/\/ag-frisch.com\/de\/holzspielzeug-aus-china-importieren\/","title":{"rendered":"\/holzspielzeug-aus-china-importieren"},"content":{"rendered":"<p>[et_pb_section fb_built=&#8221;1&#8243; _builder_version=&#8221;4.18.1&#8243; _module_preset=&#8221;default&#8221; custom_padding=&#8221;||62px|||&#8221; global_colors_info=&#8221;{}&#8221;][et_pb_row _builder_version=&#8221;4.18.1&#8243; _module_preset=&#8221;default&#8221; global_colors_info=&#8221;{}&#8221;][et_pb_column type=&#8221;4_4&#8243; _builder_version=&#8221;4.18.1&#8243; _module_preset=&#8221;default&#8221; global_colors_info=&#8221;{}&#8221;][et_pb_cta title=&#8221;Holz-Spielzeug aus China importieren&#8221; button_url=&#8221;\/kontakt\/&#8221; button_text=&#8221;Jetzt vom Profi importieren lassen!&#8221; _builder_version=&#8221;4.18.1&#8243; _module_preset=&#8221;default&#8221; global_colors_info=&#8221;{}&#8221;]<\/p>\n<p>Die Agentur Frisch unterst\u00fctzt Sie beim Einkauf von Holz-Spielzeug aus China von den ersten Anfragen, \u00fcber Konformit\u00e4tsverfahren und Qualit\u00e4tssicherung bis zur Anlieferung.\u00a0<\/p>\n<p>[\/et_pb_cta][\/et_pb_column][\/et_pb_row][et_pb_row _builder_version=&#8221;4.18.1&#8243; _module_preset=&#8221;default&#8221; global_colors_info=&#8221;{}&#8221;][et_pb_column type=&#8221;4_4&#8243; _builder_version=&#8221;4.18.1&#8243; _module_preset=&#8221;default&#8221; global_colors_info=&#8221;{}&#8221;][et_pb_text _builder_version=&#8221;4.18.1&#8243; _module_preset=&#8221;default&#8221; hover_enabled=&#8221;0&#8243; inline_fonts=&#8221;Arial&#8221; global_colors_info=&#8221;{}&#8221; sticky_enabled=&#8221;0&#8243;]<\/p>\n<h1><span style=\"font-family: Arial; font-weight: normal;\"><strong>Produktion von Holzspielzeug in China<\/strong><\/span><\/h1>\n<p>Der Markt f\u00fcr Holzspielzeug ist in den letzten Jahren immer weiter gewachsen: Der Wunsch nach nat\u00fcrlichen Rohstoffen, gerade im Kinderbereich, ist hoch. Doch damit einher gehen auch spezielle Anforderungen. Die verwendeten H\u00f6lzer und Zusatzstoffe m\u00fcssen gesundheitlich unbedenklich sein und den strengen deutschen Standards gerecht werden. Damit es beim Import von Holzspielzeug aus China nicht zu Problemen kommt, sorgt die Agentur Frisch im Vorfeld daf\u00fcr, dass Ihr Auftrag reibungslos erf\u00fcllt werden kann.<\/p>\n<p>&nbsp;<\/p>\n<h4><strong>Holzspielzeug aus China \u2013 eine gro\u00dfe Palette<\/strong><\/h4>\n<p>Die Zeiten, in denen \u201eMade in China\u201c mit billigen Plastikartikeln assoziiert wurde, sind zum Gl\u00fcck mittlerweile vorbei. Auch Spielzeug aus Holz wird aus China importiert, von einfachen Geschenkartikeln bis zu hochwertigsten komplexen Aufbauten. Die Agentur Frisch realisiert zum Beispiel den Import von solchem Holzspielzeug aus China f\u00fcr Sie:<\/p>\n<ul>\n<li>Holzbausteine im Set, bunt oder einfarbig<\/li>\n<li>Spielfahrzeuge aus Holz (Bagger, Flugzeuge, Autos\u2026)<\/li>\n<li>Roller, Laufr\u00e4der und Dreir\u00e4der aus Holz<\/li>\n<li>h\u00f6lzerne Nachziehtiere<\/li>\n<li>Murmelbahnen aus Holz<\/li>\n<li>Wanduhren f\u00fcrs Kinderzimmer<\/li>\n<li>Deko-Artikel, Spardosen und mehr<\/li>\n<li>Babyspielzeug aus Holz<\/li>\n<\/ul>\n<p>&nbsp;<\/p>\n<h3><strong>Unbedenkliches Holzspielzeug mit dem richtigen Partner<\/strong><\/h3>\n<h3>Die Hersteller, mit denen wir zusammenarbeiten, fertigen nachweislich und zuverl\u00e4ssig Holzspielzeug von hoher Qualit\u00e4t in China. Das \u00fcber sie bezogene Holzspielzeug ist frei von Giftstoffen und chemischen R\u00fcckst\u00e4nden, die f\u00fcr Kinder gef\u00e4hrlich werden k\u00f6nnten und auch beim Verkauf f\u00fcr Probleme sorgen. Wir verlassen uns dabei zum einen auf unsere seri\u00f6sen Produzenten, zum anderen f\u00fchren wir auch Tests in unseren hauseigenen Laboren durch. So k\u00f6nnen wir sichergehen, dass das von uns importierte Holzspielzeug aus China auch wirklich einwandfrei und f\u00fcr den deutschen\/europ\u00e4ischen Markt zugelassen ist.<\/h3>\n<p>&nbsp;<\/p>\n<h3><strong>Produktkonformit\u00e4t bei Holzspielzeug aus China<\/strong><\/h3>\n<p>In der Verordnung \u00fcber die Sicherheit von Spielzeug sind die Anforderungen festgelegt, die in Deutschland verkauftes Kinderspielzeug erf\u00fcllen muss. Bei dieser Verordnung handelt es sich um die Zweite Verordnung zum Produktsicherheitsgesetz und erfasst alle Erzeugnisse, die f\u00fcr das Bespielen durch Kinder bis zu 14 Jahren produziert sind. Unerl\u00e4sslich ist auch hier die CE-Kennzeichnung:<\/p>\n<ul>\n<li><strong>CE-Kennzeichnung<\/strong><\/li>\n<\/ul>\n<p>Mit der CE-Kennzeichnung best\u00e4tigt der Hersteller, bzw. sein Bevollm\u00e4chtigter, dass das Spielzeug in \u00dcbereinstimmung mit den europ\u00e4ischen Normen hergestellt und identisch mit dem gepr\u00fcften und freigegebenen Baumuster ist. Die CE-Kennzeichnung muss gut sichtbar angebracht sein.<\/p>\n<p>Weitere Unterlagen m\u00fcssen f\u00fcr den Import von Holzspielzeug aus China zwingend vorhanden und jederzeit vorzeigbar sein:<\/p>\n<ul>\n<li>Anschriften der Herstellungs- und Lagerorte des Spielzeugs<\/li>\n<li>Angaben \u00fcber Entwurf und Herstellung des Spielzeugs<\/li>\n<li>Angaben \u00fcber die Mittel, durch welche die \u00dcbereinstimmung mit den europ\u00e4ischen harmonisierten Normen bei der Herstellung des Spielzeugs sichergestellt wird<\/li>\n<li>gegebenenfalls die Baumusterpr\u00fcfbescheinigung<\/li>\n<\/ul>\n<p>Hier sollte zwingend besonders ordentlich vorgegangen werden, denn im Falle einer \u00dcberpr\u00fcfung durch den Zoll (Zollbeschau) drohen sonst erhebliche Verz\u00f6gerungen bis hin zu kompletten Ausf\u00e4llen.<\/p>\n<p>&nbsp;<\/p>\n<p><strong>Mit einem Profi durch den Spielzeug-Import<\/strong><\/p>\n<p>Die Agentur Frisch ist seit vielen Jahren im Bereich China-Import aktiv und kennt die Gesetzeslage ebenso wie die verschiedensten Phasen und Prozesse. Wir verf\u00fcgen zudem \u00fcber wichtige Kontakte und zuverl\u00e4ssige Partner in China. Auch mit dem Bereich des Spielzeug- und Holzspielzeugimports sind wir bestens vertraut.<\/p>\n<p>Wir k\u00f6nnen Sie professionell und verl\u00e4sslich durch das Importverfahren f\u00fchren, sodass Sie sich auf Ihr Kerngesch\u00e4ft, den Verkauf in Deutschland, k\u00fcmmern k\u00f6nnen.<\/p>\n<p>&nbsp;<\/p>\n<p><strong>Legen Sie Ihr Holzspielzeug-Importgesch\u00e4ft vertrauensvoll in unsere H\u00e4nde.<\/strong><\/p>\n<p>&nbsp;<\/p>\n<p>&nbsp;<\/p>\n<p>[\/et_pb_text][\/et_pb_column][\/et_pb_row][\/et_pb_section][et_pb_section fb_built=&#8221;1&#8243; admin_label=&#8221;Testimonials&#8221; _builder_version=&#8221;4.16&#8243; use_background_color_gradient=&#8221;on&#8221; background_color_gradient_stops=&#8221;rgba(0,106,156,0.85) 0%|rgba(0,106,156,0.85) 100%&#8221; background_color_gradient_start=&#8221;rgba(0,106,156,0.85)&#8221; background_color_gradient_end=&#8221;rgba(0,106,156,0.85)&#8221; custom_padding=&#8221;90px||60px|&#8221; animation_style=&#8221;fold&#8221; animation_direction=&#8221;bottom&#8221; animation_intensity_fold=&#8221;4%&#8221; global_colors_info=&#8221;{}&#8221;][et_pb_row _builder_version=&#8221;4.16&#8243; background_size=&#8221;initial&#8221; background_position=&#8221;top_left&#8221; background_repeat=&#8221;repeat&#8221; custom_width_px=&#8221;710px&#8221; locked=&#8221;off&#8221; global_colors_info=&#8221;{}&#8221;][et_pb_column type=&#8221;4_4&#8243; _builder_version=&#8221;4.16&#8243; background_position=&#8221;top_left&#8221; custom_padding=&#8221;|||&#8221; global_colors_info=&#8221;{}&#8221; custom_padding__hover=&#8221;|||&#8221;][et_pb_text admin_label=&#8221;Testimonials Section Title&#8221; _builder_version=&#8221;4.16&#8243; header_font=&#8221;Montserrat||||&#8221; header_font_size=&#8221;36px&#8221; background_size=&#8221;initial&#8221; background_position=&#8221;top_left&#8221; background_repeat=&#8221;repeat&#8221; text_orientation=&#8221;center&#8221; background_layout=&#8221;dark&#8221; max_width=&#8221;710px&#8221; module_alignment=&#8221;center&#8221; animation_style=&#8221;fold&#8221; animation_direction=&#8221;bottom&#8221; animation_intensity_fold=&#8221;20%&#8221; global_colors_info=&#8221;{}&#8221;]<\/p>\n<h1>\u00dcber 5000 zufriedene Kunden.<\/h1>\n<p>&nbsp;<\/p>\n<p>[\/et_pb_text][et_pb_divider color=&#8221;#ffffff&#8221; divider_weight=&#8221;3px&#8221; disabled_on=&#8221;off|off|off&#8221; _builder_version=&#8221;4.16&#8243; background_color_gradient_direction=&#8221;90deg&#8221; max_width=&#8221;100px&#8221; module_alignment=&#8221;center&#8221; height=&#8221;5px&#8221; custom_margin=&#8221;||20px|&#8221; custom_padding=&#8221;||20px|&#8221; animation_style=&#8221;slide&#8221; animation_direction=&#8221;bottom&#8221; saved_tabs=&#8221;all&#8221; locked=&#8221;off&#8221; global_colors_info=&#8221;{}&#8221;][\/et_pb_divider][\/et_pb_column][\/et_pb_row][et_pb_row column_structure=&#8221;1_2,1_2&#8243; _builder_version=&#8221;4.18.1&#8243; _module_preset=&#8221;default&#8221; global_colors_info=&#8221;{}&#8221;][et_pb_column type=&#8221;1_2&#8243; _builder_version=&#8221;4.18.1&#8243; _module_preset=&#8221;default&#8221; global_colors_info=&#8221;{}&#8221;][et_pb_testimonial author=&#8221;Marco&#8221; portrait_url=&#8221;https:\/\/ag-frisch.com\/wp-content\/uploads\/2021\/08\/Harald.png&#8221; quote_icon=&#8221;off&#8221; _builder_version=&#8221;4.18.1&#8243; _module_preset=&#8221;default&#8221; body_font_size=&#8221;16px&#8221; use_background_color=&#8221;off&#8221; background_layout=&#8221;dark&#8221; global_colors_info=&#8221;{}&#8221;]Ich habe die Agentur Frisch beauftragt ein gr\u00f6\u00dferes M\u00f6belst\u00fcck in China produzieren zu lassen um es dann folglich nach Deutschland zu \u00fcberf\u00fchren. Per Mail erfolgte die ganze Zeit \u00fcber eine reibungslose Kommunikation! Sehr schnelle und zuverl\u00e4ssige Antworten vermittelten mir st\u00e4ndig die Sicherheiten, die bei so einen Unterfangen unerl\u00e4sslich sind. Jederzeit wurde mir durch den B\u00fcrokratiedschungel geholfen und dabei wurden keine Formulare vergessen oder falsch ausgef\u00fcllt. Sehr lobenswert!<a href=\"&lt;div class=&quot;pe-richsnippets&quot;&gt;&amp;nbsp;&lt;\/div&gt; &lt;script type=&quot;text\/javascript&quot; src=&quot;https:\/\/www.provenexpert.com\/widget\/richsnippet.js?u=1NUA0VwZ4RUZ5tmAi5zA4RaplNKAlWwZ&amp;v=2&quot; async&gt;&lt;\/script&gt; &lt;div style=&quot;text-align: justify;&quot;&gt;&lt;br \/&gt;\"><\/a><\/p>\n<div class=\"brow ratingBarMargin\">\n<div class=\"ratingBar\">\n<div class=\"brow\">\n<div class=\"pe-richsnippets\">&nbsp;<\/div>\n<p><script type=\"text\/javascript\" src=\"https:\/\/www.provenexpert.com\/widget\/richsnippet.js?u=1NUA0VwZ4RUZ5tmAi5zA4RaplNKAlWwZ&#038;v=2\" async><\/script><\/p>\n<div style=\"text-align: justify;\"><\/p>\n<div class=\"col-lg-9 col-md-8 col-xs-10 mt20 mb20\">\n<div class=\"col-xs-12 surveyNameForRating\"><\/div>\n<\/div>\n<\/div>\n<\/div>\n<\/div>\n<\/div>\n<p>[\/et_pb_testimonial][\/et_pb_column][et_pb_column type=&#8221;1_2&#8243; _builder_version=&#8221;4.18.1&#8243; _module_preset=&#8221;default&#8221; global_colors_info=&#8221;{}&#8221;][et_pb_testimonial author=&#8221;Simone L.&#8221; portrait_url=&#8221;https:\/\/ag-frisch.com\/wp-content\/uploads\/2021\/08\/Harald.png&#8221; quote_icon=&#8221;off&#8221; _builder_version=&#8221;4.18.1&#8243; _module_preset=&#8221;default&#8221; body_font_size=&#8221;16px&#8221; use_background_color=&#8221;off&#8221; background_layout=&#8221;dark&#8221; global_colors_info=&#8221;{}&#8221;]<\/p>\n<p>Alles Top. Besser geht nicht. Beratung und Durchf\u00fchrung kann man nicht besser machen. Wir sind nach mehreren Bestellungen bei diesem Unternehmen mehr als zufrieden und setzen die Zusammenarbeit fort.<\/p>\n<div class=\"brow ratingBarMargin\">\n<div class=\"ratingBar\">\n<div class=\"brow\">\n<div class=\"pe-richsnippets\">\u00a0<\/div>\n<p>\n<script type=\"text\/javascript\" src=\"https:\/\/www.provenexpert.com\/widget\/richsnippet.js?u=1NUA0VwZ4RUZ5tmAi5zA4RaplNKAlWwZ&amp;v=2\" async=\"\"><\/script>\n<\/p>\n<div style=\"text-align: justify;\">\n<p>&nbsp;<\/p>\n<div class=\"col-lg-9 col-md-8 col-xs-10 mt20 mb20\">\n<div class=\"col-xs-12 surveyNameForRating\"><\/div>\n<\/div>\n<\/div>\n<\/div>\n<\/div>\n<\/div>\n<p>[\/et_pb_testimonial][\/et_pb_column][\/et_pb_row][et_pb_row _builder_version=&#8221;4.16&#8243; background_size=&#8221;initial&#8221; background_position=&#8221;top_left&#8221; background_repeat=&#8221;repeat&#8221; custom_padding=&#8221;50px|0px|30px|0px&#8221; custom_css_main_element=&#8221;text-align: center;&#8221; global_colors_info=&#8221;{}&#8221;][et_pb_column type=&#8221;4_4&#8243; _builder_version=&#8221;4.16&#8243; custom_padding=&#8221;|||&#8221; global_colors_info=&#8221;{}&#8221; custom_padding__hover=&#8221;|||&#8221;][et_pb_button button_url=&#8221;https:\/\/www.provenexpert.com\/de-de\/agentur-frisch-international-consulting-gmbh-und-co-kg\/&#8221; button_text=&#8221;MEHR BEWERTUNGEN&#8221; button_alignment=&#8221;left&#8221; admin_label=&#8221;Testimonial Button&#8221; _builder_version=&#8221;4.16&#8243; custom_button=&#8221;on&#8221; button_text_size=&#8221;18px&#8221; button_text_color=&#8221;#ffffff&#8221; button_bg_color=&#8221;#6eba01&#8243; button_border_width=&#8221;2px&#8221; button_border_color=&#8221;#6eba01&#8243; button_border_radius=&#8221;0px&#8221; button_letter_spacing=&#8221;2px&#8221; button_font=&#8221;Montserrat|||on|&#8221; button_use_icon=&#8221;off&#8221; animation_style=&#8221;fold&#8221; animation_direction=&#8221;bottom&#8221; button_text_color_hover=&#8221;#ffffff&#8221; button_border_color_hover=&#8221;#ffffff&#8221; button_border_radius_hover=&#8221;0px&#8221; button_letter_spacing_hover=&#8221;2px&#8221; button_bg_color_hover=&#8221;rgba(255,255,255,0)&#8221; locked=&#8221;off&#8221; global_colors_info=&#8221;{}&#8221; button_text_size__hover_enabled=&#8221;off&#8221; button_one_text_size__hover_enabled=&#8221;off&#8221; button_two_text_size__hover_enabled=&#8221;off&#8221; button_text_color__hover_enabled=&#8221;on&#8221; button_text_color__hover=&#8221;#ffffff&#8221; button_one_text_color__hover_enabled=&#8221;off&#8221; button_two_text_color__hover_enabled=&#8221;off&#8221; button_border_width__hover_enabled=&#8221;off&#8221; button_one_border_width__hover_enabled=&#8221;off&#8221; button_two_border_width__hover_enabled=&#8221;off&#8221; button_border_color__hover_enabled=&#8221;on&#8221; button_border_color__hover=&#8221;#ffffff&#8221; button_one_border_color__hover_enabled=&#8221;off&#8221; button_two_border_color__hover_enabled=&#8221;off&#8221; button_border_radius__hover_enabled=&#8221;on&#8221; button_border_radius__hover=&#8221;0px&#8221; button_one_border_radius__hover_enabled=&#8221;off&#8221; button_two_border_radius__hover_enabled=&#8221;off&#8221; button_letter_spacing__hover_enabled=&#8221;on&#8221; button_letter_spacing__hover=&#8221;2px&#8221; button_one_letter_spacing__hover_enabled=&#8221;off&#8221; button_two_letter_spacing__hover_enabled=&#8221;off&#8221; button_bg_color__hover_enabled=&#8221;on&#8221; button_bg_color__hover=&#8221;rgba(255,255,255,0)&#8221; button_one_bg_color__hover_enabled=&#8221;off&#8221; button_two_bg_color__hover_enabled=&#8221;off&#8221;][\/et_pb_button][\/et_pb_column][\/et_pb_row][\/et_pb_section]<\/p>\n","protected":false},"excerpt":{"rendered":"<p>Die Agentur Frisch unterst\u00fctzt Sie beim Einkauf von Holz-Spielzeug aus China von den ersten Anfragen, \u00fcber Konformit\u00e4tsverfahren und Qualit\u00e4tssicherung bis zur Anlieferung.\u00a0Produktion von Holzspielzeug in China Der Markt f\u00fcr Holzspielzeug ist in den letzten Jahren immer weiter gewachsen: Der Wunsch nach nat\u00fcrlichen Rohstoffen, gerade im Kinderbereich, ist hoch. Doch damit einher gehen auch spezielle Anforderungen. [&hellip;]<\/p>\n","protected":false},"author":2,"featured_media":0,"parent":0,"menu_order":0,"comment_status":"closed","ping_status":"closed","template":"","meta":{"_et_pb_use_builder":"on","_et_pb_old_content":"","_et_gb_content_width":"","footnotes":""},"class_list":["post-17206","page","type-page","status-publish","hentry"],"yoast_head":"<!-- This site is optimized with the Yoast SEO plugin v27.2 - https:\/\/yoast.com\/product\/yoast-seo-wordpress\/ -->\n<title>Holzspielzeug aus China importieren<\/title>\n<meta name=\"description\" content=\"Holzspielzeug aus China importieren \u25bb Holzbausteine\u2713 Spielfahrzeuge \u2713 Roller \u2713 Murmelbahnen \u2713 Kinder Wanduhren \u2713 Jetzt beraten lassen!\" \/>\n<meta name=\"robots\" content=\"index, follow, max-snippet:-1, max-image-preview:large, max-video-preview:-1\" \/>\n<link rel=\"canonical\" href=\"https:\/\/ag-frisch.com\/de\/holzspielzeug-aus-china-importieren\/\" \/>\n<meta property=\"og:locale\" content=\"de_DE\" \/>\n<meta property=\"og:type\" content=\"article\" \/>\n<meta property=\"og:title\" content=\"Holzspielzeug aus China importieren\" \/>\n<meta property=\"og:description\" content=\"Holzspielzeug aus China importieren \u25bb Holzbausteine\u2713 Spielfahrzeuge \u2713 Roller \u2713 Murmelbahnen \u2713 Kinder Wanduhren \u2713 Jetzt beraten lassen!\" \/>\n<meta property=\"og:url\" content=\"https:\/\/ag-frisch.com\/de\/holzspielzeug-aus-china-importieren\/\" \/>\n<meta property=\"og:site_name\" content=\"China Import Beratung f\u00fcr den Einkauf aus China\" \/>\n<meta property=\"article:publisher\" content=\"https:\/\/www.facebook.com\/China.Import\" \/>\n<meta property=\"article:modified_time\" content=\"2023-07-16T06:57:23+00:00\" \/>\n<meta name=\"twitter:card\" content=\"summary_large_image\" \/>\n<meta name=\"twitter:site\" content=\"@agenturfrisch\" \/>\n<meta name=\"twitter:label1\" content=\"Gesch\u00e4tzte Lesezeit\" \/>\n\t<meta name=\"twitter:data1\" content=\"7\u00a0Minuten\" \/>\n<script type=\"application\/ld+json\" class=\"yoast-schema-graph\">{\"@context\":\"https:\/\/schema.org\",\"@graph\":[{\"@type\":\"WebPage\",\"@id\":\"https:\/\/ag-frisch.com\/de\/holzspielzeug-aus-china-importieren\/\",\"url\":\"https:\/\/ag-frisch.com\/de\/holzspielzeug-aus-china-importieren\/\",\"name\":\"Holzspielzeug aus China importieren\",\"isPartOf\":{\"@id\":\"https:\/\/ag-frisch.com\/de\/#website\"},\"datePublished\":\"2023-07-16T06:56:11+00:00\",\"dateModified\":\"2023-07-16T06:57:23+00:00\",\"description\":\"Holzspielzeug aus China importieren \u25bb Holzbausteine\u2713 Spielfahrzeuge \u2713 Roller \u2713 Murmelbahnen \u2713 Kinder Wanduhren \u2713 Jetzt beraten lassen!\",\"breadcrumb\":{\"@id\":\"https:\/\/ag-frisch.com\/de\/holzspielzeug-aus-china-importieren\/#breadcrumb\"},\"inLanguage\":\"de\",\"potentialAction\":[{\"@type\":\"ReadAction\",\"target\":[\"https:\/\/ag-frisch.com\/de\/holzspielzeug-aus-china-importieren\/\"]}]},{\"@type\":\"BreadcrumbList\",\"@id\":\"https:\/\/ag-frisch.com\/de\/holzspielzeug-aus-china-importieren\/#breadcrumb\",\"itemListElement\":[{\"@type\":\"ListItem\",\"position\":1,\"name\":\"Startseite\",\"item\":\"https:\/\/ag-frisch.com\/de\/\"},{\"@type\":\"ListItem\",\"position\":2,\"name\":\"\/holzspielzeug-aus-china-importieren\"}]},{\"@type\":\"WebSite\",\"@id\":\"https:\/\/ag-frisch.com\/de\/#website\",\"url\":\"https:\/\/ag-frisch.com\/de\/\",\"name\":\"China Import Beratung f\u00fcr den Einkauf aus China\",\"description\":\"China Import &amp; Export Beratung - Der Dienstleister Ihres Vertrauens f\u00fcr Ihren China Import\",\"publisher\":{\"@id\":\"https:\/\/ag-frisch.com\/de\/#organization\"},\"potentialAction\":[{\"@type\":\"SearchAction\",\"target\":{\"@type\":\"EntryPoint\",\"urlTemplate\":\"https:\/\/ag-frisch.com\/de\/?s={search_term_string}\"},\"query-input\":{\"@type\":\"PropertyValueSpecification\",\"valueRequired\":true,\"valueName\":\"search_term_string\"}}],\"inLanguage\":\"de\"},{\"@type\":\"Organization\",\"@id\":\"https:\/\/ag-frisch.com\/de\/#organization\",\"name\":\"Agentur Frisch International Consulting GmbH & Co. KG\",\"url\":\"https:\/\/ag-frisch.com\/de\/\",\"logo\":{\"@type\":\"ImageObject\",\"inLanguage\":\"de\",\"@id\":\"https:\/\/ag-frisch.com\/de\/#\/schema\/logo\/image\/\",\"url\":\"https:\/\/ag-frisch.com\/wp-content\/uploads\/2021\/08\/ag_logo_rgb_300_small.png\",\"contentUrl\":\"https:\/\/ag-frisch.com\/wp-content\/uploads\/2021\/08\/ag_logo_rgb_300_small.png\",\"width\":153,\"height\":102,\"caption\":\"Agentur Frisch International Consulting GmbH & Co. KG\"},\"image\":{\"@id\":\"https:\/\/ag-frisch.com\/de\/#\/schema\/logo\/image\/\"},\"sameAs\":[\"https:\/\/www.facebook.com\/China.Import\",\"https:\/\/x.com\/agenturfrisch\"]}]}<\/script>\n<!-- \/ Yoast SEO plugin. -->","yoast_head_json":{"title":"Holzspielzeug aus China importieren","description":"Holzspielzeug aus China importieren \u25bb Holzbausteine\u2713 Spielfahrzeuge \u2713 Roller \u2713 Murmelbahnen \u2713 Kinder Wanduhren \u2713 Jetzt beraten lassen!","robots":{"index":"index","follow":"follow","max-snippet":"max-snippet:-1","max-image-preview":"max-image-preview:large","max-video-preview":"max-video-preview:-1"},"canonical":"https:\/\/ag-frisch.com\/de\/holzspielzeug-aus-china-importieren\/","og_locale":"de_DE","og_type":"article","og_title":"Holzspielzeug aus China importieren","og_description":"Holzspielzeug aus China importieren \u25bb Holzbausteine\u2713 Spielfahrzeuge \u2713 Roller \u2713 Murmelbahnen \u2713 Kinder Wanduhren \u2713 Jetzt beraten lassen!","og_url":"https:\/\/ag-frisch.com\/de\/holzspielzeug-aus-china-importieren\/","og_site_name":"China Import Beratung f\u00fcr den Einkauf aus China","article_publisher":"https:\/\/www.facebook.com\/China.Import","article_modified_time":"2023-07-16T06:57:23+00:00","twitter_card":"summary_large_image","twitter_site":"@agenturfrisch","twitter_misc":{"Gesch\u00e4tzte Lesezeit":"7\u00a0Minuten"},"schema":{"@context":"https:\/\/schema.org","@graph":[{"@type":"WebPage","@id":"https:\/\/ag-frisch.com\/de\/holzspielzeug-aus-china-importieren\/","url":"https:\/\/ag-frisch.com\/de\/holzspielzeug-aus-china-importieren\/","name":"Holzspielzeug aus China importieren","isPartOf":{"@id":"https:\/\/ag-frisch.com\/de\/#website"},"datePublished":"2023-07-16T06:56:11+00:00","dateModified":"2023-07-16T06:57:23+00:00","description":"Holzspielzeug aus China importieren \u25bb Holzbausteine\u2713 Spielfahrzeuge \u2713 Roller \u2713 Murmelbahnen \u2713 Kinder Wanduhren \u2713 Jetzt beraten lassen!","breadcrumb":{"@id":"https:\/\/ag-frisch.com\/de\/holzspielzeug-aus-china-importieren\/#breadcrumb"},"inLanguage":"de","potentialAction":[{"@type":"ReadAction","target":["https:\/\/ag-frisch.com\/de\/holzspielzeug-aus-china-importieren\/"]}]},{"@type":"BreadcrumbList","@id":"https:\/\/ag-frisch.com\/de\/holzspielzeug-aus-china-importieren\/#breadcrumb","itemListElement":[{"@type":"ListItem","position":1,"name":"Startseite","item":"https:\/\/ag-frisch.com\/de\/"},{"@type":"ListItem","position":2,"name":"\/holzspielzeug-aus-china-importieren"}]},{"@type":"WebSite","@id":"https:\/\/ag-frisch.com\/de\/#website","url":"https:\/\/ag-frisch.com\/de\/","name":"China Import Beratung f\u00fcr den Einkauf aus China","description":"China Import &amp; Export Beratung - Der Dienstleister Ihres Vertrauens f\u00fcr Ihren China Import","publisher":{"@id":"https:\/\/ag-frisch.com\/de\/#organization"},"potentialAction":[{"@type":"SearchAction","target":{"@type":"EntryPoint","urlTemplate":"https:\/\/ag-frisch.com\/de\/?s={search_term_string}"},"query-input":{"@type":"PropertyValueSpecification","valueRequired":true,"valueName":"search_term_string"}}],"inLanguage":"de"},{"@type":"Organization","@id":"https:\/\/ag-frisch.com\/de\/#organization","name":"Agentur Frisch International Consulting GmbH & Co. KG","url":"https:\/\/ag-frisch.com\/de\/","logo":{"@type":"ImageObject","inLanguage":"de","@id":"https:\/\/ag-frisch.com\/de\/#\/schema\/logo\/image\/","url":"https:\/\/ag-frisch.com\/wp-content\/uploads\/2021\/08\/ag_logo_rgb_300_small.png","contentUrl":"https:\/\/ag-frisch.com\/wp-content\/uploads\/2021\/08\/ag_logo_rgb_300_small.png","width":153,"height":102,"caption":"Agentur Frisch International Consulting GmbH & Co. KG"},"image":{"@id":"https:\/\/ag-frisch.com\/de\/#\/schema\/logo\/image\/"},"sameAs":["https:\/\/www.facebook.com\/China.Import","https:\/\/x.com\/agenturfrisch"]}]}},"_links":{"self":[{"href":"https:\/\/ag-frisch.com\/de\/wp-json\/wp\/v2\/pages\/17206","targetHints":{"allow":["GET"]}}],"collection":[{"href":"https:\/\/ag-frisch.com\/de\/wp-json\/wp\/v2\/pages"}],"about":[{"href":"https:\/\/ag-frisch.com\/de\/wp-json\/wp\/v2\/types\/page"}],"author":[{"embeddable":true,"href":"https:\/\/ag-frisch.com\/de\/wp-json\/wp\/v2\/users\/2"}],"replies":[{"embeddable":true,"href":"https:\/\/ag-frisch.com\/de\/wp-json\/wp\/v2\/comments?post=17206"}],"version-history":[{"count":0,"href":"https:\/\/ag-frisch.com\/de\/wp-json\/wp\/v2\/pages\/17206\/revisions"}],"wp:attachment":[{"href":"https:\/\/ag-frisch.com\/de\/wp-json\/wp\/v2\/media?parent=17206"}],"curies":[{"name":"wp","href":"https:\/\/api.w.org\/{rel}","templated":true}]}}