{"id":17987,"date":"2024-03-10T08:07:57","date_gmt":"2024-03-10T07:07:57","guid":{"rendered":"https:\/\/ag-frisch.com\/?page_id=17987"},"modified":"2025-05-02T06:36:13","modified_gmt":"2025-05-02T04:36:13","slug":"rippa-kleinbagger-aus-china","status":"publish","type":"page","link":"https:\/\/ag-frisch.com\/de\/rippa-kleinbagger-aus-china\/","title":{"rendered":"Rippa Kleinbagger aus China"},"content":{"rendered":"<p>[et_pb_section fb_built=&#8221;1&#8243; _builder_version=&#8221;4.18.1&#8243; _module_preset=&#8221;default&#8221; global_colors_info=&#8221;{}&#8221;][et_pb_row _builder_version=&#8221;4.18.1&#8243; _module_preset=&#8221;default&#8221; custom_padding=&#8221;||27px|||&#8221; global_colors_info=&#8221;{}&#8221;][et_pb_column type=&#8221;4_4&#8243; _builder_version=&#8221;4.18.1&#8243; _module_preset=&#8221;default&#8221; global_colors_info=&#8221;{}&#8221;][et_pb_cta title=&#8221;Probleme bei der Einfuhr von Kleinbaggern der Firma Rippa?&#8221; button_url=&#8221;\/kontakt\/&#8221; button_text=&#8221;Konformit\u00e4tsverfahren beim Profi beauftragen&#8221; _builder_version=&#8221;4.18.1&#8243; _module_preset=&#8221;default&#8221; global_colors_info=&#8221;{}&#8221;]<\/p>\n<p>Die Agentur Frisch unterst\u00fctzt Sie bei der konformen Einfuhr von Produkten aus China<\/p>\n<p>[\/et_pb_cta][et_pb_text _builder_version=&#8221;4.27.2&#8243; _module_preset=&#8221;default&#8221; custom_padding=&#8221;||11px|||&#8221; hover_enabled=&#8221;0&#8243; global_colors_info=&#8221;{}&#8221; sticky_enabled=&#8221;0&#8243;]<\/p>\n<h2><strong>Rippa Kleinbagger und Radlader aus China<\/strong><\/h2>\n<p>Wir haben fast t\u00e4glich Anrufe oder Emails von Kunden, die einen Kleinbagger oder Radlader aus China bestellt haben. Leider stellt sich bei der Einfuhr heraus, dass die Maschine nicht konform ist und schnell werden die Unterlagen vom Zoll an die Produktsicherheitsbeh\u00f6rde \u00fcbergeben.<\/p>\n<h3><strong>Rippa Machinery Group &#8211; Keine guten Karten bei der Einfuhr der Bagger<\/strong><\/h3>\n<p>Sehr gut bekannt is tuns mittlerweile die Firma Rippa, die es leider bei der Umsetzung der EU\u00a0 Gesetze, Richtlinien und Verordnungen nicht sehr ernst nimmt obwohl Rippa es k\u00f6nnte. Bevor Sie einen Bagger von der Firma Rippa importieren m\u00f6chten oder wenn Ihre Maschine bereits in der Zollpr\u00fcfung oder in der Pr\u00fcfung durch die Produktsicherheitsbeh\u00f6rde ist, treten Sie mit uns in Kontakt, wir k\u00f6nnen das Bestm\u00f6gliche f\u00fcr Sie herausholen.<\/p>\n<p>Beispielf\u00e4lle:<\/p>\n<h4><strong>1. Pr\u00fcfung des Rippa Baggers durch die Produktsicherheitsbeh\u00f6rde<\/strong><\/h4>\n<p>&nbsp;<\/p>\n<p>Der Kunde kam auf uns zu, da die Produktsicherheitsbeh\u00f6rde festgestellt hat, dass der Bagger nicht konform ist. Der Kunde hat sich an uns gewandt um die Unterlagen zu pr\u00fcfen und die Konformit\u00e4t des Baggers sicherzustellen. Nach mehreren Gespr\u00e4chen mit der Produktsicherheitsbeh\u00f6rde, wurde der aktiven Veredelung zugestimmt. So konnten wir die technischen Dokumente zusammenstellen, den Bagger entsprechend der Normen pr\u00fcfen lassen, uns um die richtige Produktkennzeichnung k\u00fcmmern und den Bagger in ein neues Zollverfahren \u00fcberf\u00fchren.\u00a0 In dem Fall hatte der Kunde Gl\u00fcck, nach langen Gespr\u00e4chen mit Rippa konnten alle technischen Unterlagen zusammengestellt werden, so dass der aktiven Veredelung nichts im Wege stand.<\/p>\n<p>&nbsp;<\/p>\n<h4><strong>2. Qualit\u00e4tsprobleme bei der Firma Rippa in China.<\/strong><\/h4>\n<p>&nbsp;<\/p>\n<p>Der Kunde wandte sich schon an uns, um die Qualit\u00e4t der Maschine vor der Verschiffung pr\u00fcfen zu lassen. Hatte allerdings 30 % des Baggers bereits angezahlt. Bei der Inspektion stellten sich gravierende Fehler heraus (z. B. fehlende Anschnallgurte, Diesel\u00f6ffnung in der Kabine, Kratzer- und Roststellen, mangelhafte Typenschilder und Warnhinweise etc.). In dem Zusammenhang haben wir auch die technischen Dokumente zusammengestellt und uns um die Nacharbeiten im Werk des Herstellers gek\u00fcmmert, bis der Kleinbagger tats\u00e4chlich verladen und sich auf dem Weg zum Kunden in Deutschland machen konnte. Leider war es auch in dem Fall m\u00fchsam alle notwendigen Unterlagen von Rippa zusammenzubekommen, die dem Importeur f\u00fcr einen rechtssicheren Import vorliegen m\u00fcssen, nach langen Verhandlungen lagen uns dazu alle Unterlagen vor, so dass der Bagger erfolgreich an den Kunden ausgeliefert werden konnte.<\/p>\n<p>&nbsp;<\/p>\n<h4><strong>3. R\u00fcckversand eines Kleinbaggers von Rippa nach China<\/strong><\/h4>\n<p>&nbsp;<\/p>\n<p>In zwei F\u00e4llen wandten sich die Kunden an uns, da\u00a0 Sie Probleme wegen der Nicht-Konformit\u00e4t der Bagger von Rippa mit der Produktsicherheitsbeh\u00f6rde haben. Nach Pr\u00fcfung der Pr\u00fcfungsbescheide und nach Diskussionen mit Rippa musste in diesen F\u00e4llen festgestellt werden, dass die Bagger in der EU nicht einfuhrf\u00e4hig sind. Es besteht nur die M\u00f6glichkeit den Kleinbagger kostenpflichtig vernichten zu lassen oder den Bagger in ein Nicht-EU-Land auszuf\u00fchren bzw. den Bagger nach China zur\u00fcckzuschicken. Von letzterem raten wir ab, da es eher unwahrscheinlich ist, dass der Verk\u00e4ufer das Geld erstattet und ein hohes Risiko besteht, dass der Bagger in China nicht einf\u00fchrt werden darf, da der Bagger zwar in\u00a0 China produziert wurde, allerdings wieder aus dem Ausland (nun aus Deutschland) kommt und f\u00fcr Maschinen aus dem Ausland strenge Registrierungspflichten bestehen\u00a0 sowie die Einhaltung der CCC Richtlinie notwendig ist. Beide Kunden haben sich entgegen unserem Rat entschieden den Bagger an Rippa zur\u00fcckzuschicken.<\/p>\n<p>&nbsp;<\/p>\n<h4><strong>4. R\u00fcckzahlung durch die Firma Rippa.<\/strong><\/h4>\n<p>In einem Fall wurde der Kleinbagger aufgrund fehlender CCC Erf\u00fcllung und fehlender Registrierung in China von der chinesischen\u00a0 Beh\u00f6rde beschlagnahmt und konnte nur durch unsere Verhandlungen vor der Vernichtung gerettet werden, nach einigen Verhandlungen und unserem Mahnverfahren hat der Kunde seine komplette Zahlung am 14.03.2024 zur\u00fcck erhalten. In einem anderen Fall hat Rippa zwar den Kleinbagger zur\u00fcckerhalten, die Kontaktperson unseres Kunden brach dann aber den Kontakt zu unserem Kunden ab, war auch telefonisch nicht mehr erreichbar und eine R\u00fcckzahlung ist auch nach Monaten nicht erfolgt. Nach unseren Verhandlungen und unserem Mahnverfahren hat der Kunde seine Zahlung am 12.04.2024 auf sein Konto zur\u00fcck erhalten.<\/p>\n<p>&nbsp;<\/p>\n<h4><a href=\"https:\/\/ag-frisch.com\/de\/?p=20595&amp;preview=true\"><strong>Ausfuhr des Rippa Baggers nach Afrika<\/strong><\/a><\/h4>\n<p>&nbsp;<\/p>\n<p><strong>Kontaktieren Sie uns:<\/strong><\/p>\n<p>Erfahren Sie mehr dar\u00fcber, wie wir Ihnen bei der Bew\u00e4ltigung von Herausforderungen im internationalen Handel helfen k\u00f6nnen. Kontaktieren Sie uns f\u00fcr eine individuelle Beratung und finden Sie gemeinsam mit uns L\u00f6sungen, die Ihrem Unternehmen langfristigen Erfolg sichern.<\/p>\n<p>&nbsp;<\/p>\n<p>[\/et_pb_text][\/et_pb_column][\/et_pb_row][et_pb_row _builder_version=&#8221;4.18.1&#8243; _module_preset=&#8221;default&#8221; global_colors_info=&#8221;{}&#8221;][et_pb_column type=&#8221;4_4&#8243; _builder_version=&#8221;4.18.1&#8243; _module_preset=&#8221;default&#8221; global_colors_info=&#8221;{}&#8221;][\/et_pb_column][\/et_pb_row][\/et_pb_section][et_pb_section fb_built=&#8221;1&#8243; admin_label=&#8221;Testimonials&#8221; _builder_version=&#8221;4.16&#8243; use_background_color_gradient=&#8221;on&#8221; background_color_gradient_stops=&#8221;rgba(0,106,156,0.85) 0%|rgba(0,106,156,0.85) 100%&#8221; background_color_gradient_start=&#8221;rgba(0,106,156,0.85)&#8221; background_color_gradient_end=&#8221;rgba(0,106,156,0.85)&#8221; custom_padding=&#8221;90px||60px|&#8221; animation_style=&#8221;fold&#8221; animation_direction=&#8221;bottom&#8221; animation_intensity_fold=&#8221;4%&#8221; global_colors_info=&#8221;{}&#8221;][et_pb_row _builder_version=&#8221;4.16&#8243; background_size=&#8221;initial&#8221; background_position=&#8221;top_left&#8221; background_repeat=&#8221;repeat&#8221; custom_width_px=&#8221;710px&#8221; locked=&#8221;off&#8221; global_colors_info=&#8221;{}&#8221;][et_pb_column type=&#8221;4_4&#8243; _builder_version=&#8221;4.16&#8243; background_position=&#8221;top_left&#8221; custom_padding=&#8221;|||&#8221; global_colors_info=&#8221;{}&#8221; custom_padding__hover=&#8221;|||&#8221;][et_pb_text admin_label=&#8221;Testimonials Section Title&#8221; _builder_version=&#8221;4.16&#8243; header_font=&#8221;Montserrat||||&#8221; header_font_size=&#8221;36px&#8221; background_size=&#8221;initial&#8221; background_position=&#8221;top_left&#8221; background_repeat=&#8221;repeat&#8221; text_orientation=&#8221;center&#8221; background_layout=&#8221;dark&#8221; max_width=&#8221;710px&#8221; module_alignment=&#8221;center&#8221; animation_style=&#8221;fold&#8221; animation_direction=&#8221;bottom&#8221; animation_intensity_fold=&#8221;20%&#8221; global_colors_info=&#8221;{}&#8221;]<\/p>\n<h1>\u00dcber 5000 zufriedene Kunden.<\/h1>\n<p>&nbsp;<\/p>\n<p>[\/et_pb_text][et_pb_divider color=&#8221;#ffffff&#8221; divider_weight=&#8221;3px&#8221; disabled_on=&#8221;off|off|off&#8221; _builder_version=&#8221;4.16&#8243; background_color_gradient_direction=&#8221;90deg&#8221; max_width=&#8221;100px&#8221; module_alignment=&#8221;center&#8221; height=&#8221;5px&#8221; custom_margin=&#8221;||20px|&#8221; custom_padding=&#8221;||20px|&#8221; animation_style=&#8221;slide&#8221; animation_direction=&#8221;bottom&#8221; saved_tabs=&#8221;all&#8221; locked=&#8221;off&#8221; global_colors_info=&#8221;{}&#8221;][\/et_pb_divider][\/et_pb_column][\/et_pb_row][et_pb_row column_structure=&#8221;1_2,1_2&#8243; _builder_version=&#8221;4.16&#8243; background_size=&#8221;initial&#8221; background_position=&#8221;top_left&#8221; background_repeat=&#8221;repeat&#8221; global_colors_info=&#8221;{}&#8221;][et_pb_column type=&#8221;1_2&#8243; _builder_version=&#8221;4.16&#8243; custom_padding=&#8221;|||&#8221; global_colors_info=&#8221;{}&#8221; custom_padding__hover=&#8221;|||&#8221;][et_pb_testimonial author=&#8221;Bewertung auf Provenexpert&#8221; portrait_url=&#8221;https:\/\/ag-frisch.com\/wp-content\/uploads\/2021\/08\/Harald.png&#8221; quote_icon=&#8221;off&#8221; admin_label=&#8221;Testimonial 01&#8243; _builder_version=&#8221;4.16&#8243; body_font=&#8221;||||&#8221; body_font_size=&#8221;16px&#8221; use_background_color=&#8221;off&#8221; background_size=&#8221;initial&#8221; background_position=&#8221;top_left&#8221; background_repeat=&#8221;repeat&#8221; background_layout=&#8221;dark&#8221; animation_style=&#8221;fold&#8221; animation_direction=&#8221;right&#8221; animation_intensity_fold=&#8221;20%&#8221; global_colors_info=&#8221;{}&#8221;]Ich habe die Agentur Frisch beauftragt ein gr\u00f6\u00dferes M\u00f6belst\u00fcck in China produzieren zu lassen um es dann folglich nach Deutschland zu \u00fcberf\u00fchren. Per Mail erfolgte die ganze Zeit \u00fcber eine reibungslose Kommunikation! Sehr schnelle und zuverl\u00e4ssige Antworten vermittelten mir st\u00e4ndig die Sicherheiten, die bei so einen Unterfangen unerl\u00e4sslich sind. Jederzeit wurde mir durch den B\u00fcrokratiedschungel geholfen und dabei wurden keine Formulare vergessen oder falsch ausgef\u00fcllt. Sehr lobenswert!<a href=\"&lt;div class=&quot;pe-richsnippets&quot;&gt;&amp;nbsp;&lt;\/div&gt; &lt;script type=&quot;text\/javascript&quot; src=&quot;https:\/\/www.provenexpert.com\/widget\/richsnippet.js?u=1NUA0VwZ4RUZ5tmAi5zA4RaplNKAlWwZ&amp;v=2&quot; async&gt;&lt;\/script&gt; &lt;div style=&quot;text-align: justify;&quot;&gt;&lt;br \/&gt;\"><\/a><\/p>\n<div class=\"brow ratingBarMargin\">\n<div class=\"ratingBar\">\n<div class=\"brow\">\n<div class=\"pe-richsnippets\">&nbsp;<\/div>\n<p><script type=\"text\/javascript\" src=\"https:\/\/www.provenexpert.com\/widget\/richsnippet.js?u=1NUA0VwZ4RUZ5tmAi5zA4RaplNKAlWwZ&#038;v=2\" async><\/script><\/p>\n<div style=\"text-align: justify;\"><\/p>\n<div class=\"col-lg-9 col-md-8 col-xs-10 mt20 mb20\">\n<div class=\"col-xs-12 surveyNameForRating\"><\/div>\n<\/div>\n<\/div>\n<\/div>\n<\/div>\n<p>[\/et_pb_testimonial][\/et_pb_column][et_pb_column type=&#8221;1_2&#8243; _builder_version=&#8221;4.16&#8243; custom_padding=&#8221;|||&#8221; global_colors_info=&#8221;{}&#8221; custom_padding__hover=&#8221;|||&#8221;][et_pb_testimonial author=&#8221;Bewertung auf Provenexpert&#8221; portrait_url=&#8221;https:\/\/ag-frisch.com\/wp-content\/uploads\/2021\/08\/Harald.png&#8221; quote_icon=&#8221;off&#8221; admin_label=&#8221;Testimonial 01&#8243; _builder_version=&#8221;4.16&#8243; body_font=&#8221;||||&#8221; body_font_size=&#8221;16px&#8221; use_background_color=&#8221;off&#8221; background_size=&#8221;initial&#8221; background_position=&#8221;top_left&#8221; background_repeat=&#8221;repeat&#8221; background_layout=&#8221;dark&#8221; animation_style=&#8221;fold&#8221; animation_direction=&#8221;right&#8221; animation_intensity_fold=&#8221;20%&#8221; global_colors_info=&#8221;{}&#8221;]<\/p>\n<p><span>Alles Top. Besser geht nicht. Beratung und Durchf\u00fchrung kann man nicht besser machen. Wir sind nach mehreren Bestellungen bei diesem Unternehmen mehr als zufrieden und setzen die Zusammenarbeit fort.<\/span><\/p>\n<div class=\"brow ratingBarMargin\">\n<div class=\"ratingBar\">\n<div class=\"brow\">\n<div class=\"pe-richsnippets\">\u00a0<\/div>\n<p>\n<script type=\"text\/javascript\" src=\"https:\/\/www.provenexpert.com\/widget\/richsnippet.js?u=1NUA0VwZ4RUZ5tmAi5zA4RaplNKAlWwZ&amp;v=2\" async=\"\"><\/script>\n<\/p>\n<div style=\"text-align: justify;\">\n<p>&nbsp;<\/p>\n<div class=\"col-lg-9 col-md-8 col-xs-10 mt20 mb20\">\n<div class=\"col-xs-12 surveyNameForRating\"><\/div>\n<\/div>\n<\/div>\n<\/div>\n<\/div>\n<\/div>\n<p>[\/et_pb_testimonial][\/et_pb_column][\/et_pb_row][et_pb_row _builder_version=&#8221;4.16&#8243; background_size=&#8221;initial&#8221; background_position=&#8221;top_left&#8221; background_repeat=&#8221;repeat&#8221; custom_padding=&#8221;50px|0px|30px|0px&#8221; custom_css_main_element=&#8221;text-align: center;&#8221; global_colors_info=&#8221;{}&#8221;][et_pb_column type=&#8221;4_4&#8243; _builder_version=&#8221;4.16&#8243; custom_padding=&#8221;|||&#8221; global_colors_info=&#8221;{}&#8221; custom_padding__hover=&#8221;|||&#8221;][et_pb_button button_url=&#8221;https:\/\/www.provenexpert.com\/de-de\/agentur-frisch-international-consulting-gmbh-und-co-kg\/&#8221; button_text=&#8221;MEHR BEWERTUNGEN&#8221; button_alignment=&#8221;left&#8221; admin_label=&#8221;Testimonial Button&#8221; _builder_version=&#8221;4.16&#8243; custom_button=&#8221;on&#8221; button_text_size=&#8221;18px&#8221; button_text_color=&#8221;#ffffff&#8221; button_bg_color=&#8221;#6eba01&#8243; button_border_width=&#8221;2px&#8221; button_border_color=&#8221;#6eba01&#8243; button_border_radius=&#8221;0px&#8221; button_letter_spacing=&#8221;2px&#8221; button_font=&#8221;Montserrat|||on|&#8221; button_use_icon=&#8221;off&#8221; animation_style=&#8221;fold&#8221; animation_direction=&#8221;bottom&#8221; button_text_color_hover=&#8221;#ffffff&#8221; button_border_color_hover=&#8221;#ffffff&#8221; button_border_radius_hover=&#8221;0px&#8221; button_letter_spacing_hover=&#8221;2px&#8221; button_bg_color_hover=&#8221;rgba(255,255,255,0)&#8221; locked=&#8221;off&#8221; global_colors_info=&#8221;{}&#8221; button_text_size__hover_enabled=&#8221;off&#8221; button_one_text_size__hover_enabled=&#8221;off&#8221; button_two_text_size__hover_enabled=&#8221;off&#8221; button_text_color__hover_enabled=&#8221;on&#8221; button_text_color__hover=&#8221;#ffffff&#8221; button_one_text_color__hover_enabled=&#8221;off&#8221; button_two_text_color__hover_enabled=&#8221;off&#8221; button_border_width__hover_enabled=&#8221;off&#8221; button_one_border_width__hover_enabled=&#8221;off&#8221; button_two_border_width__hover_enabled=&#8221;off&#8221; button_border_color__hover_enabled=&#8221;on&#8221; button_border_color__hover=&#8221;#ffffff&#8221; button_one_border_color__hover_enabled=&#8221;off&#8221; button_two_border_color__hover_enabled=&#8221;off&#8221; button_border_radius__hover_enabled=&#8221;on&#8221; button_border_radius__hover=&#8221;0px&#8221; button_one_border_radius__hover_enabled=&#8221;off&#8221; button_two_border_radius__hover_enabled=&#8221;off&#8221; button_letter_spacing__hover_enabled=&#8221;on&#8221; button_letter_spacing__hover=&#8221;2px&#8221; button_one_letter_spacing__hover_enabled=&#8221;off&#8221; button_two_letter_spacing__hover_enabled=&#8221;off&#8221; button_bg_color__hover_enabled=&#8221;on&#8221; button_bg_color__hover=&#8221;rgba(255,255,255,0)&#8221; button_one_bg_color__hover_enabled=&#8221;off&#8221; button_two_bg_color__hover_enabled=&#8221;off&#8221;][\/et_pb_button][\/et_pb_column][\/et_pb_row][\/et_pb_section]<\/p>\n","protected":false},"excerpt":{"rendered":"<p>Die Agentur Frisch unterst\u00fctzt Sie bei der konformen Einfuhr von Produkten aus ChinaRippa Kleinbagger und Radlader aus China Wir haben fast t\u00e4glich Anrufe oder Emails von Kunden, die einen Kleinbagger oder Radlader aus China bestellt haben. Leider stellt sich bei der Einfuhr heraus, dass die Maschine nicht konform ist und schnell werden die Unterlagen vom [&hellip;]<\/p>\n","protected":false},"author":2,"featured_media":0,"parent":0,"menu_order":0,"comment_status":"closed","ping_status":"closed","template":"","meta":{"_et_pb_use_builder":"on","_et_pb_old_content":"","_et_gb_content_width":"","footnotes":""},"class_list":["post-17987","page","type-page","status-publish","hentry"],"yoast_head":"<!-- This site is optimized with the Yoast SEO plugin v27.2 - https:\/\/yoast.com\/product\/yoast-seo-wordpress\/ -->\n<title>Rippa Kleinbagger aus China - China Import Beratung f\u00fcr den Einkauf aus China<\/title>\n<meta name=\"description\" content=\"Rippa Kleinbagger tauchen immer wieder auf, wenn es um Vernichtung von nicht konformen Baggern aus China geht, gehen Sie keine Risiken ein!\" \/>\n<meta name=\"robots\" content=\"index, follow, max-snippet:-1, max-image-preview:large, max-video-preview:-1\" \/>\n<link rel=\"canonical\" href=\"https:\/\/ag-frisch.com\/de\/rippa-kleinbagger-aus-china\/\" \/>\n<meta property=\"og:locale\" content=\"de_DE\" \/>\n<meta property=\"og:type\" content=\"article\" \/>\n<meta property=\"og:title\" content=\"Rippa Kleinbagger aus China - China Import Beratung f\u00fcr den Einkauf aus China\" \/>\n<meta property=\"og:description\" content=\"Rippa Kleinbagger tauchen immer wieder auf, wenn es um Vernichtung von nicht konformen Baggern aus China geht, gehen Sie keine Risiken ein!\" \/>\n<meta property=\"og:url\" content=\"https:\/\/ag-frisch.com\/de\/rippa-kleinbagger-aus-china\/\" \/>\n<meta property=\"og:site_name\" content=\"China Import Beratung f\u00fcr den Einkauf aus China\" \/>\n<meta property=\"article:publisher\" content=\"https:\/\/www.facebook.com\/China.Import\" \/>\n<meta property=\"article:modified_time\" content=\"2025-05-02T04:36:13+00:00\" \/>\n<meta name=\"twitter:card\" content=\"summary_large_image\" \/>\n<meta name=\"twitter:site\" content=\"@agenturfrisch\" \/>\n<meta name=\"twitter:label1\" content=\"Gesch\u00e4tzte Lesezeit\" \/>\n\t<meta name=\"twitter:data1\" content=\"9\u00a0Minuten\" \/>\n<script type=\"application\/ld+json\" class=\"yoast-schema-graph\">{\"@context\":\"https:\/\/schema.org\",\"@graph\":[{\"@type\":\"WebPage\",\"@id\":\"https:\/\/ag-frisch.com\/de\/rippa-kleinbagger-aus-china\/\",\"url\":\"https:\/\/ag-frisch.com\/de\/rippa-kleinbagger-aus-china\/\",\"name\":\"Rippa Kleinbagger aus China - China Import Beratung f\u00fcr den Einkauf aus China\",\"isPartOf\":{\"@id\":\"https:\/\/ag-frisch.com\/de\/#website\"},\"datePublished\":\"2024-03-10T07:07:57+00:00\",\"dateModified\":\"2025-05-02T04:36:13+00:00\",\"description\":\"Rippa Kleinbagger tauchen immer wieder auf, wenn es um Vernichtung von nicht konformen Baggern aus China geht, gehen Sie keine Risiken ein!\",\"breadcrumb\":{\"@id\":\"https:\/\/ag-frisch.com\/de\/rippa-kleinbagger-aus-china\/#breadcrumb\"},\"inLanguage\":\"de\",\"potentialAction\":[{\"@type\":\"ReadAction\",\"target\":[\"https:\/\/ag-frisch.com\/de\/rippa-kleinbagger-aus-china\/\"]}]},{\"@type\":\"BreadcrumbList\",\"@id\":\"https:\/\/ag-frisch.com\/de\/rippa-kleinbagger-aus-china\/#breadcrumb\",\"itemListElement\":[{\"@type\":\"ListItem\",\"position\":1,\"name\":\"Startseite\",\"item\":\"https:\/\/ag-frisch.com\/de\/\"},{\"@type\":\"ListItem\",\"position\":2,\"name\":\"Rippa Kleinbagger aus China\"}]},{\"@type\":\"WebSite\",\"@id\":\"https:\/\/ag-frisch.com\/de\/#website\",\"url\":\"https:\/\/ag-frisch.com\/de\/\",\"name\":\"China Import Beratung f\u00fcr den Einkauf aus China\",\"description\":\"China Import &amp; Export Beratung - Der Dienstleister Ihres Vertrauens f\u00fcr Ihren China Import\",\"publisher\":{\"@id\":\"https:\/\/ag-frisch.com\/de\/#organization\"},\"potentialAction\":[{\"@type\":\"SearchAction\",\"target\":{\"@type\":\"EntryPoint\",\"urlTemplate\":\"https:\/\/ag-frisch.com\/de\/?s={search_term_string}\"},\"query-input\":{\"@type\":\"PropertyValueSpecification\",\"valueRequired\":true,\"valueName\":\"search_term_string\"}}],\"inLanguage\":\"de\"},{\"@type\":\"Organization\",\"@id\":\"https:\/\/ag-frisch.com\/de\/#organization\",\"name\":\"Agentur Frisch International Consulting GmbH & Co. KG\",\"url\":\"https:\/\/ag-frisch.com\/de\/\",\"logo\":{\"@type\":\"ImageObject\",\"inLanguage\":\"de\",\"@id\":\"https:\/\/ag-frisch.com\/de\/#\/schema\/logo\/image\/\",\"url\":\"https:\/\/ag-frisch.com\/wp-content\/uploads\/2021\/08\/ag_logo_rgb_300_small.png\",\"contentUrl\":\"https:\/\/ag-frisch.com\/wp-content\/uploads\/2021\/08\/ag_logo_rgb_300_small.png\",\"width\":153,\"height\":102,\"caption\":\"Agentur Frisch International Consulting GmbH & Co. KG\"},\"image\":{\"@id\":\"https:\/\/ag-frisch.com\/de\/#\/schema\/logo\/image\/\"},\"sameAs\":[\"https:\/\/www.facebook.com\/China.Import\",\"https:\/\/x.com\/agenturfrisch\"]}]}<\/script>\n<!-- \/ Yoast SEO plugin. -->","yoast_head_json":{"title":"Rippa Kleinbagger aus China - China Import Beratung f\u00fcr den Einkauf aus China","description":"Rippa Kleinbagger tauchen immer wieder auf, wenn es um Vernichtung von nicht konformen Baggern aus China geht, gehen Sie keine Risiken ein!","robots":{"index":"index","follow":"follow","max-snippet":"max-snippet:-1","max-image-preview":"max-image-preview:large","max-video-preview":"max-video-preview:-1"},"canonical":"https:\/\/ag-frisch.com\/de\/rippa-kleinbagger-aus-china\/","og_locale":"de_DE","og_type":"article","og_title":"Rippa Kleinbagger aus China - China Import Beratung f\u00fcr den Einkauf aus China","og_description":"Rippa Kleinbagger tauchen immer wieder auf, wenn es um Vernichtung von nicht konformen Baggern aus China geht, gehen Sie keine Risiken ein!","og_url":"https:\/\/ag-frisch.com\/de\/rippa-kleinbagger-aus-china\/","og_site_name":"China Import Beratung f\u00fcr den Einkauf aus China","article_publisher":"https:\/\/www.facebook.com\/China.Import","article_modified_time":"2025-05-02T04:36:13+00:00","twitter_card":"summary_large_image","twitter_site":"@agenturfrisch","twitter_misc":{"Gesch\u00e4tzte Lesezeit":"9\u00a0Minuten"},"schema":{"@context":"https:\/\/schema.org","@graph":[{"@type":"WebPage","@id":"https:\/\/ag-frisch.com\/de\/rippa-kleinbagger-aus-china\/","url":"https:\/\/ag-frisch.com\/de\/rippa-kleinbagger-aus-china\/","name":"Rippa Kleinbagger aus China - China Import Beratung f\u00fcr den Einkauf aus China","isPartOf":{"@id":"https:\/\/ag-frisch.com\/de\/#website"},"datePublished":"2024-03-10T07:07:57+00:00","dateModified":"2025-05-02T04:36:13+00:00","description":"Rippa Kleinbagger tauchen immer wieder auf, wenn es um Vernichtung von nicht konformen Baggern aus China geht, gehen Sie keine Risiken ein!","breadcrumb":{"@id":"https:\/\/ag-frisch.com\/de\/rippa-kleinbagger-aus-china\/#breadcrumb"},"inLanguage":"de","potentialAction":[{"@type":"ReadAction","target":["https:\/\/ag-frisch.com\/de\/rippa-kleinbagger-aus-china\/"]}]},{"@type":"BreadcrumbList","@id":"https:\/\/ag-frisch.com\/de\/rippa-kleinbagger-aus-china\/#breadcrumb","itemListElement":[{"@type":"ListItem","position":1,"name":"Startseite","item":"https:\/\/ag-frisch.com\/de\/"},{"@type":"ListItem","position":2,"name":"Rippa Kleinbagger aus China"}]},{"@type":"WebSite","@id":"https:\/\/ag-frisch.com\/de\/#website","url":"https:\/\/ag-frisch.com\/de\/","name":"China Import Beratung f\u00fcr den Einkauf aus China","description":"China Import &amp; Export Beratung - Der Dienstleister Ihres Vertrauens f\u00fcr Ihren China Import","publisher":{"@id":"https:\/\/ag-frisch.com\/de\/#organization"},"potentialAction":[{"@type":"SearchAction","target":{"@type":"EntryPoint","urlTemplate":"https:\/\/ag-frisch.com\/de\/?s={search_term_string}"},"query-input":{"@type":"PropertyValueSpecification","valueRequired":true,"valueName":"search_term_string"}}],"inLanguage":"de"},{"@type":"Organization","@id":"https:\/\/ag-frisch.com\/de\/#organization","name":"Agentur Frisch International Consulting GmbH & Co. KG","url":"https:\/\/ag-frisch.com\/de\/","logo":{"@type":"ImageObject","inLanguage":"de","@id":"https:\/\/ag-frisch.com\/de\/#\/schema\/logo\/image\/","url":"https:\/\/ag-frisch.com\/wp-content\/uploads\/2021\/08\/ag_logo_rgb_300_small.png","contentUrl":"https:\/\/ag-frisch.com\/wp-content\/uploads\/2021\/08\/ag_logo_rgb_300_small.png","width":153,"height":102,"caption":"Agentur Frisch International Consulting GmbH & Co. KG"},"image":{"@id":"https:\/\/ag-frisch.com\/de\/#\/schema\/logo\/image\/"},"sameAs":["https:\/\/www.facebook.com\/China.Import","https:\/\/x.com\/agenturfrisch"]}]}},"_links":{"self":[{"href":"https:\/\/ag-frisch.com\/de\/wp-json\/wp\/v2\/pages\/17987","targetHints":{"allow":["GET"]}}],"collection":[{"href":"https:\/\/ag-frisch.com\/de\/wp-json\/wp\/v2\/pages"}],"about":[{"href":"https:\/\/ag-frisch.com\/de\/wp-json\/wp\/v2\/types\/page"}],"author":[{"embeddable":true,"href":"https:\/\/ag-frisch.com\/de\/wp-json\/wp\/v2\/users\/2"}],"replies":[{"embeddable":true,"href":"https:\/\/ag-frisch.com\/de\/wp-json\/wp\/v2\/comments?post=17987"}],"version-history":[{"count":8,"href":"https:\/\/ag-frisch.com\/de\/wp-json\/wp\/v2\/pages\/17987\/revisions"}],"predecessor-version":[{"id":20605,"href":"https:\/\/ag-frisch.com\/de\/wp-json\/wp\/v2\/pages\/17987\/revisions\/20605"}],"wp:attachment":[{"href":"https:\/\/ag-frisch.com\/de\/wp-json\/wp\/v2\/media?parent=17987"}],"curies":[{"name":"wp","href":"https:\/\/api.w.org\/{rel}","templated":true}]}}