{"id":18182,"date":"2024-04-10T15:57:22","date_gmt":"2024-04-10T13:57:22","guid":{"rendered":"https:\/\/ag-frisch.com\/?page_id=18182"},"modified":"2025-11-11T13:11:22","modified_gmt":"2025-11-11T12:11:22","slug":"china-import-blog","status":"publish","type":"page","link":"https:\/\/ag-frisch.com\/de\/china-import-blog\/","title":{"rendered":"China Import Blog"},"content":{"rendered":"<p>[et_pb_section fb_built=&#8221;1&#8243; _builder_version=&#8221;4.18.1&#8243; _module_preset=&#8221;default&#8221; background_color=&#8221;#f4f4f4&#8243; global_colors_info=&#8221;{}&#8221;][et_pb_row _builder_version=&#8221;4.18.1&#8243; _module_preset=&#8221;default&#8221; global_colors_info=&#8221;{}&#8221;][et_pb_column type=&#8221;4_4&#8243; _builder_version=&#8221;4.18.1&#8243; _module_preset=&#8221;default&#8221; global_colors_info=&#8221;{}&#8221;][et_pb_text _builder_version=&#8221;4.18.1&#8243; _module_preset=&#8221;default&#8221; hover_enabled=&#8221;0&#8243; global_colors_info=&#8221;{}&#8221; sticky_enabled=&#8221;0&#8243;]<\/p>\n<h1>China-Import Blog: Was beim China-Import zu beachten ist!<\/h1>\n<p>Herzlich Willkommen bei unserem Blog \u00fcber\u00a0China Import. Gerne berichten wir hier \u00fcber Erfahrungen und Chancen aber auch \u00fcber das Risiko beim\u00a0Import aus China. Wer\u00a0aus China importieren\u00a0m\u00f6chte, sollte sich dabei bestens informieren, denn der\u00a0Import aus China\u00a0bringt nicht nur viele Vorteile, sondern auch viele Gefahren mit sich, die man aber auch stark minimieren kann \u2013 wenn man weiss wie es in der Volksrepublik China l\u00e4uft.<\/p>\n<p>Die Rolle Chinas ist in unserer Wirtschaft eine Entscheidende. Nicht nur deshalb haben wir aus unserem Hobby einen Beruf gemacht.\u00a0 Die Volksrepublik China ist f\u00fcr uns voller Reize und Herausforderungen. St\u00e4dte wie Shanghai und Peking sind mittlerweile unsere zweite Heimat. Als Experte f\u00fcr den Au\u00dfenhandel spezialisiert auf den\u00a0Import Export\u00a0hat sich\u00a0 David Frisch von der Agentur Frisch besonders auf den China Import spezialisiert. Dieser Blog d\u00fcrfte Ihnen von Nutzen sein, wenn Sie\u00a0aus China importieren\u00a0m\u00f6chten bzw. allgemein f\u00fcr weitere Informationen zum Import Export bzw. der Internationalen Beschaffung. Im Vordergrund steht aber der Beschaffungsmarkt China, da die Beschaffung aus China jeden Eink\u00e4ufer vor besondere Herausforderungen stellt.<br \/>\n[\/et_pb_text][\/et_pb_column][\/et_pb_row][et_pb_row column_structure=&#8221;3_4,1_4&#8243; _builder_version=&#8221;4.18.1&#8243; _module_preset=&#8221;default&#8221; global_colors_info=&#8221;{}&#8221;][et_pb_column type=&#8221;3_4&#8243; _builder_version=&#8221;4.18.1&#8243; _module_preset=&#8221;default&#8221; global_colors_info=&#8221;{}&#8221;][et_pb_blog posts_number=&#8221;5&#8243; include_categories=&#8221;120,121,145&#8243; meta_date=&#8221;j. F Y&#8221; _builder_version=&#8221;4.27.4&#8243; _module_preset=&#8221;default&#8221; background_color=&#8221;#FFFFFF&#8221; custom_padding=&#8221;20px|20px|20px|20px|false|false&#8221; hover_enabled=&#8221;0&#8243; border_width_bottom_fullwidth=&#8221;2px&#8221; global_colors_info=&#8221;{}&#8221; sticky_enabled=&#8221;0&#8243;][\/et_pb_blog][\/et_pb_column][et_pb_column type=&#8221;1_4&#8243; _builder_version=&#8221;4.18.1&#8243; _module_preset=&#8221;default&#8221; global_colors_info=&#8221;{}&#8221;][et_pb_text _builder_version=&#8221;4.18.1&#8243; _module_preset=&#8221;default&#8221; text_text_color=&#8221;#FFFFFF&#8221; text_font_size=&#8221;20px&#8221; text_line_height=&#8221;1.5em&#8221; background_color=&#8221;#006a9c&#8221; custom_padding=&#8221;10px|10px|10px|10px|false|false&#8221; global_colors_info=&#8221;{}&#8221;]<\/p>\n<p>Blog \u00dcbersicht<\/p>\n<p>[\/et_pb_text][et_pb_sidebar orientation=&#8221;right&#8221; area=&#8221;et_pb_widget_area_3&#8243; _builder_version=&#8221;4.18.1&#8243; _module_preset=&#8221;default&#8221; global_colors_info=&#8221;{}&#8221;][\/et_pb_sidebar][et_pb_text _builder_version=&#8221;4.18.1&#8243; _module_preset=&#8221;default&#8221; text_text_color=&#8221;#FFFFFF&#8221; text_font_size=&#8221;20px&#8221; text_line_height=&#8221;1.5em&#8221; background_color=&#8221;#006a9c&#8221; custom_padding=&#8221;10px|10px|10px|10px|false|false&#8221; global_colors_info=&#8221;{}&#8221;]<\/p>\n<p>Blog Kategorien<\/p>\n<p>[\/et_pb_text][et_pb_sidebar orientation=&#8221;right&#8221; area=&#8221;et_pb_widget_area_1&#8243; _builder_version=&#8221;4.18.1&#8243; _module_preset=&#8221;default&#8221; global_colors_info=&#8221;{}&#8221;][\/et_pb_sidebar][et_pb_text _builder_version=&#8221;4.18.1&#8243; _module_preset=&#8221;default&#8221; text_text_color=&#8221;#FFFFFF&#8221; text_font_size=&#8221;20px&#8221; text_line_height=&#8221;1.5em&#8221; background_color=&#8221;#006a9c&#8221; custom_padding=&#8221;10px|10px|10px|10px|false|false&#8221; global_colors_info=&#8221;{}&#8221;]<\/p>\n<p>Neueste Beitr\u00e4ge<\/p>\n<p>[\/et_pb_text][et_pb_sidebar orientation=&#8221;right&#8221; area=&#8221;et_pb_widget_area_2&#8243; _builder_version=&#8221;4.18.1&#8243; _module_preset=&#8221;default&#8221; border_color_bottom=&#8221;#006a9c&#8221; global_colors_info=&#8221;{}&#8221;][\/et_pb_sidebar][et_pb_text _builder_version=&#8221;4.18.1&#8243; _module_preset=&#8221;default&#8221; text_text_color=&#8221;#FFFFFF&#8221; text_font_size=&#8221;20px&#8221; text_line_height=&#8221;1.5em&#8221; background_color=&#8221;#006a9c&#8221; custom_padding=&#8221;10px|10px|10px|10px|false|false&#8221; global_colors_info=&#8221;{}&#8221;]<\/p>\n<p>Infos &amp; Formulare<\/p>\n<p>[\/et_pb_text][et_pb_sidebar orientation=&#8221;right&#8221; _builder_version=&#8221;4.18.1&#8243; _module_preset=&#8221;default&#8221; global_colors_info=&#8221;{}&#8221;][\/et_pb_sidebar][\/et_pb_column][\/et_pb_row][\/et_pb_section]<\/p>\n","protected":false},"excerpt":{"rendered":"<p>China-Import Blog: Was beim China-Import zu beachten ist! Herzlich Willkommen bei unserem Blog \u00fcber\u00a0China Import. Gerne berichten wir hier \u00fcber Erfahrungen und Chancen aber auch \u00fcber das Risiko beim\u00a0Import aus China. Wer\u00a0aus China importieren\u00a0m\u00f6chte, sollte sich dabei bestens informieren, denn der\u00a0Import aus China\u00a0bringt nicht nur viele Vorteile, sondern auch viele Gefahren mit sich, die man [&hellip;]<\/p>\n","protected":false},"author":6,"featured_media":0,"parent":0,"menu_order":0,"comment_status":"closed","ping_status":"closed","template":"","meta":{"_et_pb_use_builder":"on","_et_pb_old_content":"","_et_gb_content_width":"","footnotes":""},"class_list":["post-18182","page","type-page","status-publish","hentry"],"yoast_head":"<!-- This site is optimized with the Yoast SEO plugin v27.2 - https:\/\/yoast.com\/product\/yoast-seo-wordpress\/ -->\n<title>China Import - der Blog der China Import Profis der Agentur Frisch<\/title>\n<meta name=\"description\" content=\"Wissenswertes f\u00fcr Ihren China-Import \u25ba Fachwissen \u00fcber wichtige Import-Themen \u25ba Infomaterial f\u00fcr Importe aus weiteren Drittl\u00e4ndern \u25ba Jetzt informieren!\" \/>\n<meta name=\"robots\" content=\"index, follow, max-snippet:-1, max-image-preview:large, max-video-preview:-1\" \/>\n<link rel=\"canonical\" href=\"https:\/\/ag-frisch.com\/de\/china-import-blog\/\" \/>\n<meta property=\"og:locale\" content=\"de_DE\" \/>\n<meta property=\"og:type\" content=\"article\" \/>\n<meta property=\"og:title\" content=\"China Import - der Blog der China Import Profis der Agentur Frisch\" \/>\n<meta property=\"og:description\" content=\"Wissenswertes f\u00fcr Ihren China-Import \u25ba Fachwissen \u00fcber wichtige Import-Themen \u25ba Infomaterial f\u00fcr Importe aus weiteren Drittl\u00e4ndern \u25ba Jetzt informieren!\" \/>\n<meta property=\"og:url\" content=\"https:\/\/ag-frisch.com\/de\/china-import-blog\/\" \/>\n<meta property=\"og:site_name\" content=\"China Import Beratung f\u00fcr den Einkauf aus China\" \/>\n<meta property=\"article:publisher\" content=\"https:\/\/www.facebook.com\/China.Import\" \/>\n<meta property=\"article:modified_time\" content=\"2025-11-11T12:11:22+00:00\" \/>\n<meta name=\"twitter:card\" content=\"summary_large_image\" \/>\n<meta name=\"twitter:site\" content=\"@agenturfrisch\" \/>\n<meta name=\"twitter:label1\" content=\"Gesch\u00e4tzte Lesezeit\" \/>\n\t<meta name=\"twitter:data1\" content=\"3\u00a0Minuten\" \/>\n<script type=\"application\/ld+json\" class=\"yoast-schema-graph\">{\"@context\":\"https:\/\/schema.org\",\"@graph\":[{\"@type\":\"WebPage\",\"@id\":\"https:\/\/ag-frisch.com\/de\/china-import-blog\/\",\"url\":\"https:\/\/ag-frisch.com\/de\/china-import-blog\/\",\"name\":\"China Import - der Blog der China Import Profis der Agentur Frisch\",\"isPartOf\":{\"@id\":\"https:\/\/ag-frisch.com\/de\/#website\"},\"datePublished\":\"2024-04-10T13:57:22+00:00\",\"dateModified\":\"2025-11-11T12:11:22+00:00\",\"description\":\"Wissenswertes f\u00fcr Ihren China-Import \u25ba Fachwissen \u00fcber wichtige Import-Themen \u25ba Infomaterial f\u00fcr Importe aus weiteren Drittl\u00e4ndern \u25ba Jetzt informieren!\",\"breadcrumb\":{\"@id\":\"https:\/\/ag-frisch.com\/de\/china-import-blog\/#breadcrumb\"},\"inLanguage\":\"de\",\"potentialAction\":[{\"@type\":\"ReadAction\",\"target\":[\"https:\/\/ag-frisch.com\/de\/china-import-blog\/\"]}]},{\"@type\":\"BreadcrumbList\",\"@id\":\"https:\/\/ag-frisch.com\/de\/china-import-blog\/#breadcrumb\",\"itemListElement\":[{\"@type\":\"ListItem\",\"position\":1,\"name\":\"Startseite\",\"item\":\"https:\/\/ag-frisch.com\/de\/\"},{\"@type\":\"ListItem\",\"position\":2,\"name\":\"China Import Blog\"}]},{\"@type\":\"WebSite\",\"@id\":\"https:\/\/ag-frisch.com\/de\/#website\",\"url\":\"https:\/\/ag-frisch.com\/de\/\",\"name\":\"China Import Beratung f\u00fcr den Einkauf aus China\",\"description\":\"China Import &amp; Export Beratung - Der Dienstleister Ihres Vertrauens f\u00fcr Ihren China Import\",\"publisher\":{\"@id\":\"https:\/\/ag-frisch.com\/de\/#organization\"},\"potentialAction\":[{\"@type\":\"SearchAction\",\"target\":{\"@type\":\"EntryPoint\",\"urlTemplate\":\"https:\/\/ag-frisch.com\/de\/?s={search_term_string}\"},\"query-input\":{\"@type\":\"PropertyValueSpecification\",\"valueRequired\":true,\"valueName\":\"search_term_string\"}}],\"inLanguage\":\"de\"},{\"@type\":\"Organization\",\"@id\":\"https:\/\/ag-frisch.com\/de\/#organization\",\"name\":\"Agentur Frisch International Consulting GmbH & Co. KG\",\"url\":\"https:\/\/ag-frisch.com\/de\/\",\"logo\":{\"@type\":\"ImageObject\",\"inLanguage\":\"de\",\"@id\":\"https:\/\/ag-frisch.com\/de\/#\/schema\/logo\/image\/\",\"url\":\"https:\/\/ag-frisch.com\/wp-content\/uploads\/2021\/08\/ag_logo_rgb_300_small.png\",\"contentUrl\":\"https:\/\/ag-frisch.com\/wp-content\/uploads\/2021\/08\/ag_logo_rgb_300_small.png\",\"width\":153,\"height\":102,\"caption\":\"Agentur Frisch International Consulting GmbH & Co. KG\"},\"image\":{\"@id\":\"https:\/\/ag-frisch.com\/de\/#\/schema\/logo\/image\/\"},\"sameAs\":[\"https:\/\/www.facebook.com\/China.Import\",\"https:\/\/x.com\/agenturfrisch\"]}]}<\/script>\n<!-- \/ Yoast SEO plugin. -->","yoast_head_json":{"title":"China Import - der Blog der China Import Profis der Agentur Frisch","description":"Wissenswertes f\u00fcr Ihren China-Import \u25ba Fachwissen \u00fcber wichtige Import-Themen \u25ba Infomaterial f\u00fcr Importe aus weiteren Drittl\u00e4ndern \u25ba Jetzt informieren!","robots":{"index":"index","follow":"follow","max-snippet":"max-snippet:-1","max-image-preview":"max-image-preview:large","max-video-preview":"max-video-preview:-1"},"canonical":"https:\/\/ag-frisch.com\/de\/china-import-blog\/","og_locale":"de_DE","og_type":"article","og_title":"China Import - der Blog der China Import Profis der Agentur Frisch","og_description":"Wissenswertes f\u00fcr Ihren China-Import \u25ba Fachwissen \u00fcber wichtige Import-Themen \u25ba Infomaterial f\u00fcr Importe aus weiteren Drittl\u00e4ndern \u25ba Jetzt informieren!","og_url":"https:\/\/ag-frisch.com\/de\/china-import-blog\/","og_site_name":"China Import Beratung f\u00fcr den Einkauf aus China","article_publisher":"https:\/\/www.facebook.com\/China.Import","article_modified_time":"2025-11-11T12:11:22+00:00","twitter_card":"summary_large_image","twitter_site":"@agenturfrisch","twitter_misc":{"Gesch\u00e4tzte Lesezeit":"3\u00a0Minuten"},"schema":{"@context":"https:\/\/schema.org","@graph":[{"@type":"WebPage","@id":"https:\/\/ag-frisch.com\/de\/china-import-blog\/","url":"https:\/\/ag-frisch.com\/de\/china-import-blog\/","name":"China Import - der Blog der China Import Profis der Agentur Frisch","isPartOf":{"@id":"https:\/\/ag-frisch.com\/de\/#website"},"datePublished":"2024-04-10T13:57:22+00:00","dateModified":"2025-11-11T12:11:22+00:00","description":"Wissenswertes f\u00fcr Ihren China-Import \u25ba Fachwissen \u00fcber wichtige Import-Themen \u25ba Infomaterial f\u00fcr Importe aus weiteren Drittl\u00e4ndern \u25ba Jetzt informieren!","breadcrumb":{"@id":"https:\/\/ag-frisch.com\/de\/china-import-blog\/#breadcrumb"},"inLanguage":"de","potentialAction":[{"@type":"ReadAction","target":["https:\/\/ag-frisch.com\/de\/china-import-blog\/"]}]},{"@type":"BreadcrumbList","@id":"https:\/\/ag-frisch.com\/de\/china-import-blog\/#breadcrumb","itemListElement":[{"@type":"ListItem","position":1,"name":"Startseite","item":"https:\/\/ag-frisch.com\/de\/"},{"@type":"ListItem","position":2,"name":"China Import Blog"}]},{"@type":"WebSite","@id":"https:\/\/ag-frisch.com\/de\/#website","url":"https:\/\/ag-frisch.com\/de\/","name":"China Import Beratung f\u00fcr den Einkauf aus China","description":"China Import &amp; Export Beratung - Der Dienstleister Ihres Vertrauens f\u00fcr Ihren China Import","publisher":{"@id":"https:\/\/ag-frisch.com\/de\/#organization"},"potentialAction":[{"@type":"SearchAction","target":{"@type":"EntryPoint","urlTemplate":"https:\/\/ag-frisch.com\/de\/?s={search_term_string}"},"query-input":{"@type":"PropertyValueSpecification","valueRequired":true,"valueName":"search_term_string"}}],"inLanguage":"de"},{"@type":"Organization","@id":"https:\/\/ag-frisch.com\/de\/#organization","name":"Agentur Frisch International Consulting GmbH & Co. KG","url":"https:\/\/ag-frisch.com\/de\/","logo":{"@type":"ImageObject","inLanguage":"de","@id":"https:\/\/ag-frisch.com\/de\/#\/schema\/logo\/image\/","url":"https:\/\/ag-frisch.com\/wp-content\/uploads\/2021\/08\/ag_logo_rgb_300_small.png","contentUrl":"https:\/\/ag-frisch.com\/wp-content\/uploads\/2021\/08\/ag_logo_rgb_300_small.png","width":153,"height":102,"caption":"Agentur Frisch International Consulting GmbH & Co. KG"},"image":{"@id":"https:\/\/ag-frisch.com\/de\/#\/schema\/logo\/image\/"},"sameAs":["https:\/\/www.facebook.com\/China.Import","https:\/\/x.com\/agenturfrisch"]}]}},"_links":{"self":[{"href":"https:\/\/ag-frisch.com\/de\/wp-json\/wp\/v2\/pages\/18182","targetHints":{"allow":["GET"]}}],"collection":[{"href":"https:\/\/ag-frisch.com\/de\/wp-json\/wp\/v2\/pages"}],"about":[{"href":"https:\/\/ag-frisch.com\/de\/wp-json\/wp\/v2\/types\/page"}],"author":[{"embeddable":true,"href":"https:\/\/ag-frisch.com\/de\/wp-json\/wp\/v2\/users\/6"}],"replies":[{"embeddable":true,"href":"https:\/\/ag-frisch.com\/de\/wp-json\/wp\/v2\/comments?post=18182"}],"version-history":[{"count":35,"href":"https:\/\/ag-frisch.com\/de\/wp-json\/wp\/v2\/pages\/18182\/revisions"}],"predecessor-version":[{"id":21180,"href":"https:\/\/ag-frisch.com\/de\/wp-json\/wp\/v2\/pages\/18182\/revisions\/21180"}],"wp:attachment":[{"href":"https:\/\/ag-frisch.com\/de\/wp-json\/wp\/v2\/media?parent=18182"}],"curies":[{"name":"wp","href":"https:\/\/api.w.org\/{rel}","templated":true}]}}