{"id":18370,"date":"2024-04-12T22:55:43","date_gmt":"2024-04-12T20:55:43","guid":{"rendered":"https:\/\/ag-frisch.com\/?page_id=18370"},"modified":"2024-04-12T23:08:48","modified_gmt":"2024-04-12T21:08:48","slug":"automaten-aus-china-importieren","status":"publish","type":"page","link":"https:\/\/ag-frisch.com\/de\/automaten-aus-china-importieren\/","title":{"rendered":"Automaten aus China importieren"},"content":{"rendered":"<p>[et_pb_section fb_built=&#8221;1&#8243; _builder_version=&#8221;4.16&#8243; _module_preset=&#8221;default&#8221; global_colors_info=&#8221;{}&#8221;][et_pb_row _builder_version=&#8221;4.18.1&#8243; _module_preset=&#8221;default&#8221; global_colors_info=&#8221;{}&#8221;][et_pb_column type=&#8221;4_4&#8243; _builder_version=&#8221;4.16&#8243; _module_preset=&#8221;default&#8221; global_colors_info=&#8221;{}&#8221;][et_pb_cta title=&#8221;Automaten aus China importieren&#8221; button_url=&#8221;\/kontakt\/&#8221; button_text=&#8221;Jetzt vom Profi beraten lassen!&#8221; _builder_version=&#8221;4.16&#8243; _module_preset=&#8221;default&#8221; global_colors_info=&#8221;{}&#8221;]<\/p>\n<p>Mit Unterst\u00fctzung der Agentur Frisch importieren Sie Automaten unter Einhaltung aller EU Regularien.\u00a0<\/p>\n<p>[\/et_pb_cta][et_pb_text _builder_version=&#8221;4.18.1&#8243; _module_preset=&#8221;default&#8221; custom_padding=&#8221;0px|||||&#8221; global_colors_info=&#8221;{}&#8221;]<\/p>\n<p><strong>Der Import von Automaten aus China: Chancen und Herausforderungen auf dem deutschen Markt<\/strong><\/p>\n<p>In den letzten Jahren hat der Import von Automaten, die Snacks, Getr\u00e4nke, Pizza, Pommes und andere Produkte verkaufen, aus China f\u00fcr deutsche Unternehmen an Bedeutung gewonnen. Diese Automaten bieten eine bequeme M\u00f6glichkeit f\u00fcr Verbraucher, ihre Lieblingsprodukte schnell und einfach zu erhalten. Doch w\u00e4hrend der Markt f\u00fcr Automaten in Deutschland w\u00e4chst, bringen Importeure verschiedene Herausforderungen mit sich. In diesem Artikel werfen wir einen genaueren Blick auf den Import von Automaten aus China.\u00a0<\/p>\n<p><strong>Der wachsende Markt f\u00fcr Automaten in Deutschland<\/strong><\/p>\n<p>Der Markt f\u00fcr Automaten in Deutschland bleibt stark und bietet weiterhin betr\u00e4chtliches Wachstumspotenzial. Dies ist auf verschiedene Faktoren zur\u00fcckzuf\u00fchren:<\/p>\n<ol>\n<li><strong>Ver\u00e4ndernde Verbrauchergewohnheiten<\/strong>: Verbraucher suchen zunehmend nach bequemen M\u00f6glichkeiten, ihre Lieblingssnacks und Getr\u00e4nke zu kaufen. Automaten bieten eine schnelle und einfache L\u00f6sung, die den Bed\u00fcrfnissen moderner Verbraucher gerecht wird.<\/li>\n<li><strong>Steigende Nachfrage nach Snacks und Getr\u00e4nken unterwegs<\/strong>: In einer hektischen Welt, in der Menschen st\u00e4ndig unterwegs sind, steigt die Nachfrage nach Snacks und Getr\u00e4nken, die auch unterwegs erh\u00e4ltlich sind. Automaten sind an verschiedenen Standorten wie Bahnh\u00f6fen, Flugh\u00e4fen, Einkaufszentren und Universit\u00e4ten zu finden und k\u00f6nnen diese Nachfrage effektiv bedienen.<\/li>\n<li><strong>Innovative Technologie<\/strong>: Fortschritte in der Technologie haben die Funktionalit\u00e4t und Vielseitigkeit von Automaten verbessert. Moderne Automaten k\u00f6nnen eine Vielzahl von Produkten verkaufen, einschlie\u00dflich frischer Lebensmittel wie Pizza und Pommes, was ihr Potenzial auf dem Markt weiter steigert.<\/li>\n<\/ol>\n<p><strong>Die Rolle der China Import Agentur Frisch<\/strong><\/p>\n<p>Die Agentur Frisch spielt eine entscheidende Rolle bei der Unterst\u00fctzung von Importeuren, die Automaten aus China importieren m\u00f6chten. Die Agentur bietet eine Vielzahl von Dienstleistungen, darunter:<\/p>\n<ol>\n<li><strong>Lieferantenrecherche und -auswahl<\/strong>: Die Agentur Frisch verf\u00fcgt \u00fcber umfangreiche Kenntnisse des chinesischen Marktes und kann dabei helfen, zuverl\u00e4ssige Lieferanten f\u00fcr Automaten zu finden und auszuw\u00e4hlen, die den Anforderungen der Importeure entsprechen.<\/li>\n<li><strong>Qualit\u00e4tskontrolle<\/strong>: Qualit\u00e4tssicherung ist entscheidend, um sicherzustellen, dass importierte Automaten den Standards entsprechen. Die Agentur Frisch kann Qualit\u00e4tskontrollen vor Ort durchf\u00fchren und sicherstellen, dass die gelieferten Produkte den vereinbarten Spezifikationen entsprechen.<\/li>\n<li><strong>Logistik und Versandabwicklung<\/strong>: Der Import von Automaten aus China erfordert eine sorgf\u00e4ltige Planung und Koordination der Logistik und des Versands. Die Agentur Frisch kann bei der Organisation von Transport, Zollabwicklung und Lieferung unterst\u00fctzen, um einen reibungslosen Importprozess zu gew\u00e4hrleisten.<\/li>\n<\/ol>\n<p><strong>Referenzen von Kundenprojekten<\/strong><\/p>\n<p>Einige erfolgreiche Kundenprojekte, bei denen die Agentur Frisch bei der Einfuhr von Automaten aus China geholfen hat, sind:<\/p>\n<ol>\n<li><strong>Referenz 1<\/strong>: Import von 500 Snackautomaten f\u00fcr den Einsatz in Schulen und Universit\u00e4ten in Deutschland.<\/li>\n<li><strong>Referenz 2<\/strong>: Import von 300 Getr\u00e4nkeautomaten f\u00fcr den Einsatz in \u00f6ffentlichen Verkehrsbereichen wie Bahnh\u00f6fen und Flugh\u00e4fen.<\/li>\n<li><strong>Referenz 3<\/strong>: Import von \u00fcber 50 Pizzaautomaten f\u00fcr den Einsatz in Einkaufszentren und Freizeiteinrichtungen in ganz Deutschland.<\/li>\n<li><strong>Referenz 4<\/strong>: Einkauf von \u00fcber 500 Snack- und Getr\u00e4nkeautomaten f\u00fcr Parkh\u00e4user und Firmen.\u00a0<\/li>\n<\/ol>\n<p><strong>Schlussfolgerung<\/strong><\/p>\n<p>Der Import von Automaten aus China bietet deutschen Unternehmen attraktive M\u00f6glichkeiten, von den wachsenden Verbraucherbed\u00fcrfnissen und der fortschreitenden Technologie zu profitieren. Mit Unterst\u00fctzung von der Agentur Frisch k\u00f6nnen Importeure die Herausforderungen bew\u00e4ltigen und erfolgreich Automaten auf dem deutschen Markt einf\u00fchren, um von den Chancen zu profitieren, die dieser lukrative Sektor bietet.<\/p>\n<p>&nbsp;<\/p>\n<p>&nbsp;<\/p>\n<p>[\/et_pb_text][\/et_pb_column][\/et_pb_row][\/et_pb_section][et_pb_section fb_built=&#8221;1&#8243; admin_label=&#8221;Testimonials&#8221; _builder_version=&#8221;4.16&#8243; use_background_color_gradient=&#8221;on&#8221; background_color_gradient_stops=&#8221;rgba(0,106,156,0.85) 0%|rgba(0,106,156,0.85) 100%&#8221; background_color_gradient_start=&#8221;rgba(0,106,156,0.85)&#8221; background_color_gradient_end=&#8221;rgba(0,106,156,0.85)&#8221; custom_padding=&#8221;90px||60px|&#8221; animation_style=&#8221;fold&#8221; animation_direction=&#8221;bottom&#8221; animation_intensity_fold=&#8221;4%&#8221; global_colors_info=&#8221;{}&#8221;][et_pb_row _builder_version=&#8221;4.16&#8243; background_size=&#8221;initial&#8221; background_position=&#8221;top_left&#8221; background_repeat=&#8221;repeat&#8221; custom_width_px=&#8221;710px&#8221; locked=&#8221;off&#8221; global_colors_info=&#8221;{}&#8221;][et_pb_column type=&#8221;4_4&#8243; _builder_version=&#8221;4.16&#8243; background_position=&#8221;top_left&#8221; custom_padding=&#8221;|||&#8221; global_colors_info=&#8221;{}&#8221; custom_padding__hover=&#8221;|||&#8221;][et_pb_text admin_label=&#8221;Testimonials Section Title&#8221; _builder_version=&#8221;4.16&#8243; header_font=&#8221;Montserrat||||&#8221; header_font_size=&#8221;36px&#8221; background_size=&#8221;initial&#8221; background_position=&#8221;top_left&#8221; background_repeat=&#8221;repeat&#8221; text_orientation=&#8221;center&#8221; background_layout=&#8221;dark&#8221; max_width=&#8221;710px&#8221; module_alignment=&#8221;center&#8221; animation_style=&#8221;fold&#8221; animation_direction=&#8221;bottom&#8221; animation_intensity_fold=&#8221;20%&#8221; global_colors_info=&#8221;{}&#8221;]<\/p>\n<h1>\u00dcber 5000 zufriedene Kunden.<\/h1>\n<p>&nbsp;<\/p>\n<p>[\/et_pb_text][et_pb_divider color=&#8221;#ffffff&#8221; divider_weight=&#8221;3px&#8221; disabled_on=&#8221;off|off|off&#8221; _builder_version=&#8221;4.16&#8243; background_color_gradient_direction=&#8221;90deg&#8221; max_width=&#8221;100px&#8221; module_alignment=&#8221;center&#8221; height=&#8221;5px&#8221; custom_margin=&#8221;||20px|&#8221; custom_padding=&#8221;||20px|&#8221; animation_style=&#8221;slide&#8221; animation_direction=&#8221;bottom&#8221; saved_tabs=&#8221;all&#8221; locked=&#8221;off&#8221; global_colors_info=&#8221;{}&#8221;][\/et_pb_divider][\/et_pb_column][\/et_pb_row][et_pb_row column_structure=&#8221;1_2,1_2&#8243; _builder_version=&#8221;4.18.1&#8243; _module_preset=&#8221;default&#8221; global_colors_info=&#8221;{}&#8221;][et_pb_column type=&#8221;1_2&#8243; _builder_version=&#8221;4.18.1&#8243; _module_preset=&#8221;default&#8221; global_colors_info=&#8221;{}&#8221;][et_pb_testimonial author=&#8221;Marco&#8221; portrait_url=&#8221;https:\/\/ag-frisch.com\/wp-content\/uploads\/2021\/08\/Harald.png&#8221; quote_icon=&#8221;off&#8221; _builder_version=&#8221;4.18.1&#8243; _module_preset=&#8221;default&#8221; body_font_size=&#8221;16px&#8221; use_background_color=&#8221;off&#8221; background_layout=&#8221;dark&#8221; global_colors_info=&#8221;{}&#8221;]Ich habe die Agentur Frisch beauftragt ein gr\u00f6\u00dferes M\u00f6belst\u00fcck in China produzieren zu lassen um es dann folglich nach Deutschland zu \u00fcberf\u00fchren. Per Mail erfolgte die ganze Zeit \u00fcber eine reibungslose Kommunikation! Sehr schnelle und zuverl\u00e4ssige Antworten vermittelten mir st\u00e4ndig die Sicherheiten, die bei so einen Unterfangen unerl\u00e4sslich sind. Jederzeit wurde mir durch den B\u00fcrokratiedschungel geholfen und dabei wurden keine Formulare vergessen oder falsch ausgef\u00fcllt. Sehr lobenswert!<a href=\"&lt;div class=&quot;pe-richsnippets&quot;&gt;&amp;nbsp;&lt;\/div&gt; &lt;script type=&quot;text\/javascript&quot; src=&quot;https:\/\/www.provenexpert.com\/widget\/richsnippet.js?u=1NUA0VwZ4RUZ5tmAi5zA4RaplNKAlWwZ&amp;v=2&quot; async&gt;&lt;\/script&gt; &lt;div style=&quot;text-align: justify;&quot;&gt;&lt;br \/&gt;\"><\/a><\/p>\n<div class=\"brow ratingBarMargin\">\n<div class=\"ratingBar\">\n<div class=\"brow\">\n<div class=\"pe-richsnippets\">&nbsp;<\/div>\n<p><script type=\"text\/javascript\" src=\"https:\/\/www.provenexpert.com\/widget\/richsnippet.js?u=1NUA0VwZ4RUZ5tmAi5zA4RaplNKAlWwZ&#038;v=2\" async><\/script><\/p>\n<div style=\"text-align: justify;\"><\/p>\n<div class=\"col-lg-9 col-md-8 col-xs-10 mt20 mb20\">\n<div class=\"col-xs-12 surveyNameForRating\"><\/div>\n<\/div>\n<\/div>\n<\/div>\n<\/div>\n<\/div>\n<p>[\/et_pb_testimonial][\/et_pb_column][et_pb_column type=&#8221;1_2&#8243; _builder_version=&#8221;4.18.1&#8243; _module_preset=&#8221;default&#8221; global_colors_info=&#8221;{}&#8221;][et_pb_testimonial author=&#8221;Simone L.&#8221; portrait_url=&#8221;https:\/\/ag-frisch.com\/wp-content\/uploads\/2021\/08\/Harald.png&#8221; quote_icon=&#8221;off&#8221; _builder_version=&#8221;4.18.1&#8243; _module_preset=&#8221;default&#8221; body_font_size=&#8221;16px&#8221; use_background_color=&#8221;off&#8221; background_layout=&#8221;dark&#8221; global_colors_info=&#8221;{}&#8221;]<\/p>\n<p>Alles Top. Besser geht nicht. Beratung und Durchf\u00fchrung kann man nicht besser machen. Wir sind nach mehreren Bestellungen bei diesem Unternehmen mehr als zufrieden und setzen die Zusammenarbeit fort.<\/p>\n<div class=\"brow ratingBarMargin\">\n<div class=\"ratingBar\">\n<div class=\"brow\">\n<div class=\"pe-richsnippets\">\u00a0<\/div>\n<p>\n<script type=\"text\/javascript\" src=\"https:\/\/www.provenexpert.com\/widget\/richsnippet.js?u=1NUA0VwZ4RUZ5tmAi5zA4RaplNKAlWwZ&amp;v=2\" async=\"\"><\/script>\n<\/p>\n<div style=\"text-align: justify;\">\n<p>&nbsp;<\/p>\n<div class=\"col-lg-9 col-md-8 col-xs-10 mt20 mb20\">\n<div class=\"col-xs-12 surveyNameForRating\"><\/div>\n<\/div>\n<\/div>\n<\/div>\n<\/div>\n<\/div>\n<p>[\/et_pb_testimonial][\/et_pb_column][\/et_pb_row][et_pb_row _builder_version=&#8221;4.16&#8243; background_size=&#8221;initial&#8221; background_position=&#8221;top_left&#8221; background_repeat=&#8221;repeat&#8221; custom_padding=&#8221;50px|0px|30px|0px&#8221; custom_css_main_element=&#8221;text-align: center;&#8221; global_colors_info=&#8221;{}&#8221;][et_pb_column type=&#8221;4_4&#8243; _builder_version=&#8221;4.16&#8243; custom_padding=&#8221;|||&#8221; global_colors_info=&#8221;{}&#8221; custom_padding__hover=&#8221;|||&#8221;][et_pb_button button_url=&#8221;https:\/\/www.provenexpert.com\/de-de\/agentur-frisch-international-consulting-gmbh-und-co-kg\/&#8221; button_text=&#8221;MEHR BEWERTUNGEN&#8221; button_alignment=&#8221;left&#8221; admin_label=&#8221;Testimonial Button&#8221; _builder_version=&#8221;4.16&#8243; custom_button=&#8221;on&#8221; button_text_size=&#8221;18px&#8221; button_text_color=&#8221;#ffffff&#8221; button_bg_color=&#8221;#6eba01&#8243; button_border_width=&#8221;2px&#8221; button_border_color=&#8221;#6eba01&#8243; button_border_radius=&#8221;0px&#8221; button_letter_spacing=&#8221;2px&#8221; button_font=&#8221;Montserrat|||on|&#8221; button_use_icon=&#8221;off&#8221; animation_style=&#8221;fold&#8221; animation_direction=&#8221;bottom&#8221; button_text_color_hover=&#8221;#ffffff&#8221; button_border_color_hover=&#8221;#ffffff&#8221; button_border_radius_hover=&#8221;0px&#8221; button_letter_spacing_hover=&#8221;2px&#8221; button_bg_color_hover=&#8221;rgba(255,255,255,0)&#8221; locked=&#8221;off&#8221; global_colors_info=&#8221;{}&#8221; button_text_size__hover_enabled=&#8221;off&#8221; button_one_text_size__hover_enabled=&#8221;off&#8221; button_two_text_size__hover_enabled=&#8221;off&#8221; button_text_color__hover_enabled=&#8221;on&#8221; button_text_color__hover=&#8221;#ffffff&#8221; button_one_text_color__hover_enabled=&#8221;off&#8221; button_two_text_color__hover_enabled=&#8221;off&#8221; button_border_width__hover_enabled=&#8221;off&#8221; button_one_border_width__hover_enabled=&#8221;off&#8221; button_two_border_width__hover_enabled=&#8221;off&#8221; button_border_color__hover_enabled=&#8221;on&#8221; button_border_color__hover=&#8221;#ffffff&#8221; button_one_border_color__hover_enabled=&#8221;off&#8221; button_two_border_color__hover_enabled=&#8221;off&#8221; button_border_radius__hover_enabled=&#8221;on&#8221; button_border_radius__hover=&#8221;0px&#8221; button_one_border_radius__hover_enabled=&#8221;off&#8221; button_two_border_radius__hover_enabled=&#8221;off&#8221; button_letter_spacing__hover_enabled=&#8221;on&#8221; button_letter_spacing__hover=&#8221;2px&#8221; button_one_letter_spacing__hover_enabled=&#8221;off&#8221; button_two_letter_spacing__hover_enabled=&#8221;off&#8221; button_bg_color__hover_enabled=&#8221;on&#8221; button_bg_color__hover=&#8221;rgba(255,255,255,0)&#8221; button_one_bg_color__hover_enabled=&#8221;off&#8221; button_two_bg_color__hover_enabled=&#8221;off&#8221;][\/et_pb_button][\/et_pb_column][\/et_pb_row][\/et_pb_section]<\/p>\n","protected":false},"excerpt":{"rendered":"<p>Mit Unterst\u00fctzung der Agentur Frisch importieren Sie Automaten unter Einhaltung aller EU Regularien.\u00a0Der Import von Automaten aus China: Chancen und Herausforderungen auf dem deutschen Markt In den letzten Jahren hat der Import von Automaten, die Snacks, Getr\u00e4nke, Pizza, Pommes und andere Produkte verkaufen, aus China f\u00fcr deutsche Unternehmen an Bedeutung gewonnen. Diese Automaten bieten eine [&hellip;]<\/p>\n","protected":false},"author":2,"featured_media":0,"parent":0,"menu_order":0,"comment_status":"closed","ping_status":"closed","template":"","meta":{"_et_pb_use_builder":"on","_et_pb_old_content":"","_et_gb_content_width":"","footnotes":""},"class_list":["post-18370","page","type-page","status-publish","hentry"],"yoast_head":"<!-- This site is optimized with the Yoast SEO plugin v27.2 - https:\/\/yoast.com\/product\/yoast-seo-wordpress\/ -->\n<title>Automaten aus China importieren<\/title>\n<meta name=\"description\" content=\"Automaten aus China \u25bb Maschinenrichtlinie\u2713 BDSG\u2713 Hygiene-Verordnung\u2713 \u25bb Jetzt den Experten fragen!\" \/>\n<meta name=\"robots\" content=\"index, follow, max-snippet:-1, max-image-preview:large, max-video-preview:-1\" \/>\n<link rel=\"canonical\" href=\"https:\/\/ag-frisch.com\/de\/automaten-aus-china-importieren\/\" \/>\n<meta property=\"og:locale\" content=\"de_DE\" \/>\n<meta property=\"og:type\" content=\"article\" \/>\n<meta property=\"og:title\" content=\"Automaten aus China importieren\" \/>\n<meta property=\"og:description\" content=\"Automaten aus China \u25bb Maschinenrichtlinie\u2713 BDSG\u2713 Hygiene-Verordnung\u2713 \u25bb Jetzt den Experten fragen!\" \/>\n<meta property=\"og:url\" content=\"https:\/\/ag-frisch.com\/de\/automaten-aus-china-importieren\/\" \/>\n<meta property=\"og:site_name\" content=\"China Import Beratung f\u00fcr den Einkauf aus China\" \/>\n<meta property=\"article:publisher\" content=\"https:\/\/www.facebook.com\/China.Import\" \/>\n<meta property=\"article:modified_time\" content=\"2024-04-12T21:08:48+00:00\" \/>\n<meta name=\"twitter:card\" content=\"summary_large_image\" \/>\n<meta name=\"twitter:site\" content=\"@agenturfrisch\" \/>\n<meta name=\"twitter:label1\" content=\"Gesch\u00e4tzte Lesezeit\" \/>\n\t<meta name=\"twitter:data1\" content=\"7\u00a0Minuten\" \/>\n<script type=\"application\/ld+json\" class=\"yoast-schema-graph\">{\"@context\":\"https:\/\/schema.org\",\"@graph\":[{\"@type\":\"WebPage\",\"@id\":\"https:\/\/ag-frisch.com\/de\/automaten-aus-china-importieren\/\",\"url\":\"https:\/\/ag-frisch.com\/de\/automaten-aus-china-importieren\/\",\"name\":\"Automaten aus China importieren\",\"isPartOf\":{\"@id\":\"https:\/\/ag-frisch.com\/de\/#website\"},\"datePublished\":\"2024-04-12T20:55:43+00:00\",\"dateModified\":\"2024-04-12T21:08:48+00:00\",\"description\":\"Automaten aus China \u25bb Maschinenrichtlinie\u2713 BDSG\u2713 Hygiene-Verordnung\u2713 \u25bb Jetzt den Experten fragen!\",\"breadcrumb\":{\"@id\":\"https:\/\/ag-frisch.com\/de\/automaten-aus-china-importieren\/#breadcrumb\"},\"inLanguage\":\"de\",\"potentialAction\":[{\"@type\":\"ReadAction\",\"target\":[\"https:\/\/ag-frisch.com\/de\/automaten-aus-china-importieren\/\"]}]},{\"@type\":\"BreadcrumbList\",\"@id\":\"https:\/\/ag-frisch.com\/de\/automaten-aus-china-importieren\/#breadcrumb\",\"itemListElement\":[{\"@type\":\"ListItem\",\"position\":1,\"name\":\"Startseite\",\"item\":\"https:\/\/ag-frisch.com\/de\/\"},{\"@type\":\"ListItem\",\"position\":2,\"name\":\"Automaten aus China importieren\"}]},{\"@type\":\"WebSite\",\"@id\":\"https:\/\/ag-frisch.com\/de\/#website\",\"url\":\"https:\/\/ag-frisch.com\/de\/\",\"name\":\"China Import Beratung f\u00fcr den Einkauf aus China\",\"description\":\"China Import &amp; Export Beratung - Der Dienstleister Ihres Vertrauens f\u00fcr Ihren China Import\",\"publisher\":{\"@id\":\"https:\/\/ag-frisch.com\/de\/#organization\"},\"potentialAction\":[{\"@type\":\"SearchAction\",\"target\":{\"@type\":\"EntryPoint\",\"urlTemplate\":\"https:\/\/ag-frisch.com\/de\/?s={search_term_string}\"},\"query-input\":{\"@type\":\"PropertyValueSpecification\",\"valueRequired\":true,\"valueName\":\"search_term_string\"}}],\"inLanguage\":\"de\"},{\"@type\":\"Organization\",\"@id\":\"https:\/\/ag-frisch.com\/de\/#organization\",\"name\":\"Agentur Frisch International Consulting GmbH & Co. KG\",\"url\":\"https:\/\/ag-frisch.com\/de\/\",\"logo\":{\"@type\":\"ImageObject\",\"inLanguage\":\"de\",\"@id\":\"https:\/\/ag-frisch.com\/de\/#\/schema\/logo\/image\/\",\"url\":\"https:\/\/ag-frisch.com\/wp-content\/uploads\/2021\/08\/ag_logo_rgb_300_small.png\",\"contentUrl\":\"https:\/\/ag-frisch.com\/wp-content\/uploads\/2021\/08\/ag_logo_rgb_300_small.png\",\"width\":153,\"height\":102,\"caption\":\"Agentur Frisch International Consulting GmbH & Co. KG\"},\"image\":{\"@id\":\"https:\/\/ag-frisch.com\/de\/#\/schema\/logo\/image\/\"},\"sameAs\":[\"https:\/\/www.facebook.com\/China.Import\",\"https:\/\/x.com\/agenturfrisch\"]}]}<\/script>\n<!-- \/ Yoast SEO plugin. -->","yoast_head_json":{"title":"Automaten aus China importieren","description":"Automaten aus China \u25bb Maschinenrichtlinie\u2713 BDSG\u2713 Hygiene-Verordnung\u2713 \u25bb Jetzt den Experten fragen!","robots":{"index":"index","follow":"follow","max-snippet":"max-snippet:-1","max-image-preview":"max-image-preview:large","max-video-preview":"max-video-preview:-1"},"canonical":"https:\/\/ag-frisch.com\/de\/automaten-aus-china-importieren\/","og_locale":"de_DE","og_type":"article","og_title":"Automaten aus China importieren","og_description":"Automaten aus China \u25bb Maschinenrichtlinie\u2713 BDSG\u2713 Hygiene-Verordnung\u2713 \u25bb Jetzt den Experten fragen!","og_url":"https:\/\/ag-frisch.com\/de\/automaten-aus-china-importieren\/","og_site_name":"China Import Beratung f\u00fcr den Einkauf aus China","article_publisher":"https:\/\/www.facebook.com\/China.Import","article_modified_time":"2024-04-12T21:08:48+00:00","twitter_card":"summary_large_image","twitter_site":"@agenturfrisch","twitter_misc":{"Gesch\u00e4tzte Lesezeit":"7\u00a0Minuten"},"schema":{"@context":"https:\/\/schema.org","@graph":[{"@type":"WebPage","@id":"https:\/\/ag-frisch.com\/de\/automaten-aus-china-importieren\/","url":"https:\/\/ag-frisch.com\/de\/automaten-aus-china-importieren\/","name":"Automaten aus China importieren","isPartOf":{"@id":"https:\/\/ag-frisch.com\/de\/#website"},"datePublished":"2024-04-12T20:55:43+00:00","dateModified":"2024-04-12T21:08:48+00:00","description":"Automaten aus China \u25bb Maschinenrichtlinie\u2713 BDSG\u2713 Hygiene-Verordnung\u2713 \u25bb Jetzt den Experten fragen!","breadcrumb":{"@id":"https:\/\/ag-frisch.com\/de\/automaten-aus-china-importieren\/#breadcrumb"},"inLanguage":"de","potentialAction":[{"@type":"ReadAction","target":["https:\/\/ag-frisch.com\/de\/automaten-aus-china-importieren\/"]}]},{"@type":"BreadcrumbList","@id":"https:\/\/ag-frisch.com\/de\/automaten-aus-china-importieren\/#breadcrumb","itemListElement":[{"@type":"ListItem","position":1,"name":"Startseite","item":"https:\/\/ag-frisch.com\/de\/"},{"@type":"ListItem","position":2,"name":"Automaten aus China importieren"}]},{"@type":"WebSite","@id":"https:\/\/ag-frisch.com\/de\/#website","url":"https:\/\/ag-frisch.com\/de\/","name":"China Import Beratung f\u00fcr den Einkauf aus China","description":"China Import &amp; Export Beratung - Der Dienstleister Ihres Vertrauens f\u00fcr Ihren China Import","publisher":{"@id":"https:\/\/ag-frisch.com\/de\/#organization"},"potentialAction":[{"@type":"SearchAction","target":{"@type":"EntryPoint","urlTemplate":"https:\/\/ag-frisch.com\/de\/?s={search_term_string}"},"query-input":{"@type":"PropertyValueSpecification","valueRequired":true,"valueName":"search_term_string"}}],"inLanguage":"de"},{"@type":"Organization","@id":"https:\/\/ag-frisch.com\/de\/#organization","name":"Agentur Frisch International Consulting GmbH & Co. KG","url":"https:\/\/ag-frisch.com\/de\/","logo":{"@type":"ImageObject","inLanguage":"de","@id":"https:\/\/ag-frisch.com\/de\/#\/schema\/logo\/image\/","url":"https:\/\/ag-frisch.com\/wp-content\/uploads\/2021\/08\/ag_logo_rgb_300_small.png","contentUrl":"https:\/\/ag-frisch.com\/wp-content\/uploads\/2021\/08\/ag_logo_rgb_300_small.png","width":153,"height":102,"caption":"Agentur Frisch International Consulting GmbH & Co. KG"},"image":{"@id":"https:\/\/ag-frisch.com\/de\/#\/schema\/logo\/image\/"},"sameAs":["https:\/\/www.facebook.com\/China.Import","https:\/\/x.com\/agenturfrisch"]}]}},"_links":{"self":[{"href":"https:\/\/ag-frisch.com\/de\/wp-json\/wp\/v2\/pages\/18370","targetHints":{"allow":["GET"]}}],"collection":[{"href":"https:\/\/ag-frisch.com\/de\/wp-json\/wp\/v2\/pages"}],"about":[{"href":"https:\/\/ag-frisch.com\/de\/wp-json\/wp\/v2\/types\/page"}],"author":[{"embeddable":true,"href":"https:\/\/ag-frisch.com\/de\/wp-json\/wp\/v2\/users\/2"}],"replies":[{"embeddable":true,"href":"https:\/\/ag-frisch.com\/de\/wp-json\/wp\/v2\/comments?post=18370"}],"version-history":[{"count":3,"href":"https:\/\/ag-frisch.com\/de\/wp-json\/wp\/v2\/pages\/18370\/revisions"}],"predecessor-version":[{"id":18378,"href":"https:\/\/ag-frisch.com\/de\/wp-json\/wp\/v2\/pages\/18370\/revisions\/18378"}],"wp:attachment":[{"href":"https:\/\/ag-frisch.com\/de\/wp-json\/wp\/v2\/media?parent=18370"}],"curies":[{"name":"wp","href":"https:\/\/api.w.org\/{rel}","templated":true}]}}