{"id":19385,"date":"2024-07-13T20:14:07","date_gmt":"2024-07-13T18:14:07","guid":{"rendered":"https:\/\/ag-frisch.com\/?page_id=19385"},"modified":"2024-07-13T20:14:07","modified_gmt":"2024-07-13T18:14:07","slug":"satzung","status":"publish","type":"page","link":"https:\/\/ag-frisch.com\/de\/satzung\/","title":{"rendered":"Satzung"},"content":{"rendered":"<p align=\"center\"><b>SATZUNG<\/b><\/p>\n<p align=\"center\"><b>Verein der lauteren Importeure e. V.<\/b><b><\/b><\/p>\n<p>&nbsp;<\/p>\n<p>&nbsp;<\/p>\n<p align=\"center\"><b>\u00a71<\/b><\/p>\n<p>&nbsp;<\/p>\n<p>1.\u00a0\u00a0\u00a0\u00a0\u00a0\u00a0\u00a0\u00a0\u00a0Der Verein f\u00fchrt den Namen Verein der lauteren Importeure e. V.<\/p>\n<p><b>\u00a0<\/b><\/p>\n<p>2.\u00a0\u00a0\u00a0\u00a0\u00a0\u00a0\u00a0\u00a0\u00a0Sein Sitz ist in 15732 Schulzendorf<\/p>\n<p>&nbsp;<\/p>\n<p>&nbsp;<\/p>\n<p>3.\u00a0\u00a0\u00a0\u00a0\u00a0\u00a0\u00a0\u00a0\u00a0Das Gesch\u00e4ftsjahr ist das Kalenderjahr.<\/p>\n<p>&nbsp;<\/p>\n<p>4.\u00a0\u00a0\u00a0\u00a0\u00a0\u00a0\u00a0\u00a0\u00a0Gr\u00fcndungsdatum ist der 20.06.2020, Neufassung der Satzung ist am 24.05.2021 festgelegt worden. Weitere Satzungs\u00e4nderung vom 27.08.2021.<\/p>\n<p>&nbsp;<\/p>\n<p>&nbsp;<\/p>\n<p>5.\u00a0\u00a0\u00a0\u00a0\u00a0\u00a0\u00a0\u00a0\u00a0Der Verein verfolgt ausschlie\u00dflich und unmittelbar gemeinn\u00fctzige Zwecke im Sinne des Abschnitts \u201eSteuerbeg\u00fcnstigte Zwecke\u201c der Abgabenordnung.<\/p>\n<p>&nbsp;<\/p>\n<p>Zweck der K\u00f6rperschaft ist<\/p>\n<p>&nbsp;<\/p>\n<p>a)\u00a0\u00a0\u00a0\u00a0F\u00f6rderung der Berufsbildung gem\u00e4\u00df \u00a7 52 Abs. 2 AO<\/p>\n<p>&nbsp;<\/p>\n<p>Der Satzungszweck wird verwirklicht insbesondere durch die Durchf\u00fchrung von Lehrg\u00e4ngen u. a. zu den Themen Verbraucherschutz und menschenw\u00fcrdige Produktion in Entwicklungsl\u00e4ndern, Ausbildung von Betriebsr\u00e4ten, Betriebsratmitarbeitern und Sozial Auditeuren in Produktionsbetrieben deutscher Hersteller in Asien.<\/p>\n<p>&nbsp;<\/p>\n<p>b)\u00a0\u00a0\u00a0\u00a0F\u00f6rderung des Katastrophenschutzes und Rettung aus Lebensgefahren gem\u00e4\u00df \u00a7 52 Abs. 2 AO in Asien (insbesondere Volksrepublik China, Republik China, Hong Kong, Vietnam, S\u00fcdkorea und Indien.<\/p>\n<p>&nbsp;<\/p>\n<p>Der Satzungszweck wird verwirklicht, indem bei Katastrophen in den zuvor genannten L\u00e4ndern die Botschaft des entsprechenden Landes finanzielle Unterst\u00fctzungen vom Verein erh\u00e4lt.<\/p>\n<p>&nbsp;<\/p>\n<p>c)\u00a0\u00a0\u00a0\u00a0\u00a0F\u00f6rderung der Entwicklungszusammenarbeit sowie die F\u00f6rderung internationaler Gesinnung, der Toleranz und V\u00f6lkerverst\u00e4ndigung haupts\u00e4chlich zwischen den in b) genannten L\u00e4ndern und der Bundesrepublik Deutschland gem\u00e4\u00df \u00a7 52 Abs. 2 AO.<\/p>\n<p>&nbsp;<\/p>\n<p>Der Satzungszweck wird verwirklicht insbesondere durch Netzwerktreffen in Deutschland und in den unter b) genannten Herkunftsl\u00e4ndern mit Teilnehmern aus den Herkunftsl\u00e4ndern und Teilnehmern aus Deutschland. Dabei werden insbesondere Themen zur Entwicklungszusammenarbeit, internationaler Gesinnung, Toleranz und V\u00f6lkerverst\u00e4ndigung thematisiert.<\/p>\n<p>&nbsp;<\/p>\n<p>d)\u00a0\u00a0\u00a0\u00a0Schutz der Verbraucher zu nicht konformen Produkten und Beratung von Unternehmen zur Einfuhr konformer Produkte in den EU Markt gem\u00e4\u00df \u00a7 52 Abs. 2 AO (Verbraucherschutz).<\/p>\n<p>&nbsp;<\/p>\n<p>Der Satzungszweck wird verwirklicht insbesondere durch das Angebot einer kostenfreien Beratung f\u00fcr Verbraucher, kostenfreie au\u00dfergerichtliche Schlichtung zwischen\u00a0 Verbraucher und Hersteller im Bezug auf den Verbraucherschutzes sowie kostenfreie Beratung von Unternehmen im Bezug auf Verbraucherschutzregeln beim Vertrieb von Produkten in der EU. Der Verein wird uneinsichtige Unternehmen die kontinuierlich gegen Marktregeln versto\u00dfen die Verbraucherrechte gef\u00e4hrden abmahnen, wenn dies dem Verbraucherschutz dient.<\/p>\n<p>&nbsp;<\/p>\n<p>&nbsp;<\/p>\n<p align=\"center\"><b>\u00a7 2<\/b><\/p>\n<p>Der Verein ist selbstlos t\u00e4tig und verfolgt nicht in erster Linie eigenwirtschaftliche Zwecke..<\/p>\n<p>&nbsp;<\/p>\n<p><b>\u00a0\u00a0\u00a0\u00a0\u00a0\u00a0 \u00a73<\/b><\/p>\n<p>Mittel aus dem Verein d\u00fcrfen nur f\u00fcr die satzungsm\u00e4\u00dfigen Zwecke verwendet werden. Die Mitglieder erhalten keine Zuwendungen aus Mitteln der K\u00f6rperschaft.<\/p>\n<p>&nbsp;<\/p>\n<p>&nbsp;<\/p>\n<p align=\"center\"><b>\u00a74<\/b><\/p>\n<p>&nbsp;<\/p>\n<p>Es darf keine Person durch Ausgaben, die dem Zweck des Vereins fremd sind oder durch unverh\u00e4ltnism\u00e4\u00dfig hohe Verg\u00fctungen beg\u00fcnstigt werden.<\/p>\n<p>.<\/p>\n<p>&nbsp;<\/p>\n<p>&nbsp;<\/p>\n<p align=\"center\"><b>\u00a75<\/b><\/p>\n<p align=\"center\">\n<p>Organe und Aussch\u00fcsse\u00a0des Vereins sind<\/p>\n<p>&nbsp;<\/p>\n<p>\u2013\u00a0\u00a0\u00a0\u00a0\u00a0\u00a0\u00a0\u00a0\u00a0\u00a0\u00a0der Vorstand (\u00a7 6)<\/p>\n<p>\u2013\u00a0\u00a0\u00a0\u00a0\u00a0\u00a0\u00a0\u00a0\u00a0\u00a0\u00a0die Mitgliederversammlung\u00a0(\u00a7 7)<\/p>\n<p align=\"center\"><b>\u00a76<\/b><\/p>\n<p>&nbsp;<\/p>\n<p>&nbsp;<\/p>\n<p>&nbsp;<\/p>\n<p>1.\u00a0\u00a0\u00a0\u00a0\u00a0\u00a0 Der\u00a0Vorstand\u00a0besteht\u00a0aus\u00a0mindestens\u00a0zwei\u00a0Mitgliedern,\u00a0die\u00a0von\u00a0der\u00a0Mitgliederversammlung\u00a0aus\u00a0den ordentlichen Mitgliedern\u00a0in geheimer\u00a0Abstimmung\u00a0f\u00fcr die\u00a0Dauer\u00a0von\u00a0drei\u00a0Jahren pers\u00f6nlich\u00a0gew\u00e4hlt werden. Der\u00a0Vorstand hat\u00a0das\u00a0Recht, Vorschl\u00e4ge\u00a0zur\u00a0Wahl zu machen. Wiederwahl ist zul\u00e4ssig.<\/p>\n<p>2.\u00a0\u00a0\u00a0\u00a0\u00a0\u00a0 Der\u00a0Vorstand\u00a0tritt\u00a0sein\u00a0Amt\u00a0an\u00a0nach\u00a0Beendigung\u00a0der\u00a0Mitgliederversammlung,\u00a0auf\u00a0der\u00a0er\u00a0gew\u00e4hlt wurde,\u00a0und\u00a0bleibt\u00a0bis\u00a0zum Ende der\u00a0n\u00e4chsten\u00a0Mitgliederversammlung\u00a0im Amt,\u00a0auf\u00a0der\u00a0ein neuer Vorstand gew\u00e4hlt wird. Der\u00a0Vorstand\u00a0w\u00e4hlt\u00a0aus\u00a0seiner\u00a0Mitte\u00a0den\u00a0Pr\u00e4sidenten,\u00a0dessen\u00a0Wiederwahl\u00a0zul\u00e4ssig\u00a0ist, sowie einen\u00a0Stellvertreter, den Vize-Pr\u00e4sident.\u00a0Diese Vorstandsmitglieder\u00a0bilden das\u00a0Pr\u00e4sidium.\u00a0 Der Pr\u00e4sident \u00fcbernimmt zudem die Position des Schatzmeisters.<\/p>\n<p>3.\u00a0\u00a0\u00a0\u00a0\u00a0\u00a0 Vorstand\u00a0im\u00a0Sinne\u00a0von\u00a0\u00a7\u00a026\u00a0BGB\u00a0sind\u00a0der\u00a0Pr\u00e4sident, und der Vize-Pr\u00e4sident. Jedes\u00a0dieser Vorstandsmitglieder\u00a0ist\u00a0alleinvertretungsberechtigt.<\/p>\n<p>4.\u00a0\u00a0\u00a0\u00a0\u00a0\u00a0\u00a0 Dem\u00a0Vorstand\u00a0obliegt\u00a0die\u00a0Leitung\u00a0des\u00a0Vereins,\u00a0die\u00a0Ausf\u00fchrung\u00a0der\u00a0Beschl\u00fcsse\u00a0der\u00a0Mitgliederversammlungen und\u00a0die\u00a0Verwaltung\u00a0des\u00a0Vereinsverm\u00f6gens<\/p>\n<p>5.\u00a0\u00a0\u00a0\u00a0 Vorstandssitzungen\u00a0\u00a0werden\u00a0\u00a0im\u00a0\u00a0Auftrage\u00a0\u00a0des\u00a0\u00a0Pr\u00e4sidenten,\u00a0\u00a0im\u00a0\u00a0Verhinderungsfalle\u00a0\u00a0im\u00a0\u00a0Auftrage seines\u00a0Stellvertreters schriftlich\u00a0einberufen.\u00a0Zeitpunkt,\u00a0Ort\u00a0und\u00a0Tagesordung\u00a0der\u00a0Sitzung\u00a0sind rechtzeitig\u00a0bekanntzumachen.\u00a0Der\u00a0Vorstand ist\u00a0beschlussf\u00e4hig,\u00a0wenn mindestens\u00a0zwei\u00a0seiner\u00a0Mitglieder\u00a0anwesend sind..<\/p>\n<p>4.\u00a0\u00a0\u00a0\u00a0\u00a0Der\u00a0Vorstand\u00a0fasst,\u00a0soweit\u00a0die\u00a0Satzung\u00a0nichts\u00a0anderes\u00a0vorschreibt,\u00a0seine\u00a0Beschl\u00fcsse\u00a0mit\u00a0einfacher<\/p>\n<p>5.\u00a0\u00a0\u00a0\u00a0\u00a0Stimmenmehrheit.\u00a0\u00a0Bei Stimmengleichheit\u00a0\u00a0gibt\u00a0\u00a0die\u00a0 Stimme\u00a0\u00a0des\u00a0Sitzungsvorsitzenden\u00a0\u00a0den\u00a0Aus- schlag.<\/p>\n<p>6.\u00a0\u00a0\u00a0\u00a0\u00a0Die Vorstandsmitglieder\u00a0k\u00f6nnen ihre\u00a0Rechte\u00a0auf den\u00a0Vorstandssitzungen\u00a0nur\u00a0pers\u00f6nlich aus\u00fcben.<\/p>\n<p>7.\u00a0\u00a0\u00a0\u00a0\u00a0\u00dcber\u00a0jede\u00a0Vorstandssitzung\u00a0wird\u00a0Protokoll\u00a0gef\u00fchrt.\u00a0Die\u00a0Protokolle\u00a0sind\u00a0vom\u00a0Sitzungsleiter\u00a0und\u00a0vom<\/p>\n<p>Protokollf\u00fchrer zu unterzeichnen.<\/p>\n<p>8.\u00a0\u00a0\u00a0\u00a0\u00a0. Der Vorstand arbeitet gem. \u00a7 27 Abs. 3 S. 2 BGB unentgeltlich. Er kann aber seine Aufwendungen erstattet erhalten, \u00a7 27 Abs. 3 S. 1 i.V.m. \u00a7 670 BGB.<\/p>\n<p>9.\u00a0\u00a0\u00a0\u00a0\u00a0Der Vorstand kann w\u00e4hrend der laufenden Wahlperiode abgew\u00e4hlt werden, wenn ein wichtiger Grund vorliegt und die Mehrheit der Mitglieder daf\u00fcr stimmt.\u00a0 Wichtig Gr\u00fcnde sind z. B. wichtige Pflichtverletzungen oder die Unf\u00e4higkeit die Gesch\u00e4fte des Vereins zu leiten.<\/p>\n<p>&nbsp;<\/p>\n<p>&nbsp;<\/p>\n<p align=\"center\"><b>\u00a77<\/b><\/p>\n<p>&nbsp;<\/p>\n<p>1.\u00a0\u00a0\u00a0\u00a0\u00a0\u00a0\u00a0Die\u00a0Mitgliederversammlung\u00a0dient\u00a0zur\u00a0Unterrichtung\u00a0und\u00a0Aussprache\u00a0\u00fcber\u00a0T\u00e4tigkeit\u00a0und\u00a0finanzielle<\/p>\n<p>Lage\u00a0des Vereins. Sie beschlie\u00dft \u00fcber\u00a0grunds\u00e4tzliche\u00a0Fragen des Vereins, insbesondere \u00fcber:<\/p>\n<p>&nbsp;<\/p>\n<p>a)\u00a0\u00a0\u00a0\u00a0Entgegennahme des\u00a0Jahresberichtes\u00a0und der Abrechnung,<\/p>\n<p>b)\u00a0\u00a0\u00a0\u00a0Entlastung\u00a0des Vorstandes,<\/p>\n<p>c)\u00a0\u00a0\u00a0 Genehmigung\u00a0des\u00a0Haushaltsvoranschlages,\u00a0der\u00a0m\u00f6glichst\u00a0fr\u00fchzeitig\u00a0im\u00a0Jahr\u00a0durch\u00a0den\u00a0Vorstand\u00a0zu\u00a0billigen\u00a0ist\u00a0und\u00a0bis\u00a0zur\u00a0Genehmigung\u00a0durch\u00a0die\u00a0Mitgliederversammlung\u00a0als\u00a0vorl\u00e4ufiger<\/p>\n<p>Wirtschaftsplan dient,<\/p>\n<p>d)\u00a0\u00a0\u00a0\u00a0Wahl\u00a0des Vorstandes\u00a0und\u00a0Best\u00e4tigung\u00a0der Zuwahl von Vorstandsmitgliedern,<\/p>\n<p>e)\u00a0\u00a0\u00a0\u00a0\u00a0Satzungs\u00e4nderungen,<\/p>\n<p>f)\u00a0\u00a0\u00a0\u00a0H\u00f6he der Beitr\u00e4ge,<\/p>\n<p>g)\u00a0\u00a0\u00a0\u00a0\u00a0Antr\u00e4ge,<\/p>\n<p>h)\u00a0\u00a0\u00a0\u00a0\u00a0Aufl\u00f6sung des Vereins.<\/p>\n<p>&nbsp;<\/p>\n<p>2.- Ordentliche\u00a0und\u00a0au\u00dferordentliche\u00a0Mitgliederversammlungen\u00a0werden\u00a0aufgrund\u00a0eines\u00a0Vorstandsbeschlusses\u00a0vom Pr\u00e4sident oder Vize-Pr\u00e4sident schriftlich unter\u00a0Angabe\u00a0von\u00a0Zeitpunkt,\u00a0Ort\u00a0und\u00a0Tagesordnung\u00a0unter Wahrung einer\u00a0Frist von mindestens\u00a0drei\u00a0Wochen einberufen.<\/p>\n<p>3.\u00a0\u00a0\u00a0\u00a0\u00a0Mitgliederversammlungen k\u00f6nnen auch mittels Telekommunikationsmittel (z. B. Online-Konferenzen) stattfinden.<\/p>\n<p>4.\u00a0\u00a0\u00a0\u00a0\u00a0\u00a0 Ordentliche\u00a0Mitgliederversammlungen\u00a0finden\u00a0mindestens\u00a0einmal\u00a0im\u00a0Jahr\u00a0statt.\u00a0Au\u00dferordentliche Mitgliederversammlungen\u00a0werden\u00a0nach\u00a0Bedarf,\u00a0oder\u00a0wenn\u00a0mindestens\u00a010 %\u00a0ordentliche\u00a0Mitglieder die\u00a0Einberufung\u00a0durch\u00a0einen\u00a0begr\u00fcndeten,\u00a0schriftlichen\u00a0Auftrag\u00a0verlangen,\u00a0einberufen;<\/p>\n<p>5.\u00a0\u00a0\u00a0\u00a0\u00a0\u00a0 Die\u00a0Mitgliederversammlung\u00a0beschlie\u00dft\u00a0\u00fcber\u00a0Satzungs\u00e4nderungen\u00a0und\u00a0die\u00a0Aufl\u00f6sung\u00a0des\u00a0Vereins mit\u00a0Dreiviertel-Mehrheit,\u00a0Bei Stimmengleichheit gilt der\u00a0Antrag als abgelehnt.<\/p>\n<p>6.\u00a0\u00a0\u00a0\u00a0\u00a0\u00a0 Antr\u00e4ge\u00a0zur\u00a0Tagesordnung\u00a0und\u00a0auf\u00a0\u00c4nderung\u00a0der\u00a0Satzung\u00a0m\u00fcssen\u00a0mindestens\u00a0zwei\u00a0Wochen\u00a0vor dem Versammlungstage\u00a0in der\u00a0Gesch\u00e4ftsstelle schriftlich eingereicht werden.<\/p>\n<p>7.\u00a0\u00a0\u00a0\u00a0\u00a0\u00a0\u00a0Abwesende\u00a0Mitglieder\u00a0k\u00f6nnen\u00a0sich\u00a0nicht vertreten lassen.<\/p>\n<p>8.\u00a0\u00a0\u00a0\u00a0\u00a0\u00a0 Die\u00a0Mitgliederversammlung\u00a0ist\u00a0ohne\u00a0R\u00fccksicht\u00a0auf\u00a0die\u00a0Zahl\u00a0der\u00a0erschienenen\u00a0und\u00a0vertretenen ordentlichen\u00a0Mitglieder\u00a0beschlu\u00dff\u00e4hig;<\/p>\n<p>9.\u00a0\u00a0\u00a0\u00a0\u00a0\u00a0 \u00dcber\u00a0jede\u00a0Mitgliederversammlung\u00a0wird\u00a0Protokoll\u00a0gef\u00fchrt.\u00a0Die\u00a0Protokolle\u00a0sind\u00a0vom\u00a0Versammlungleiter und von\u00a0dem von ihm\u00a0zu ernennenden Protokollf\u00fchrer zu unterzeichnen.<\/p>\n<p>10. Mitglieder die f\u00fcr den Verein t\u00e4tig werden, d\u00fcrfen mit sogenannten Ehrenamts-Pauschalen oder \u00dcbungsleiterpauschalen verg\u00fctet werden.<b><\/b><\/p>\n<p>&nbsp;<\/p>\n<p>&nbsp;<\/p>\n<p align=\"center\"><b>\u00a78<\/b><\/p>\n<p>&nbsp;<\/p>\n<p>1.\u00a0\u00a0\u00a0\u00a0\u00a0\u00a0 \u00dcber\u00a0die\u00a0Aufl\u00f6sung\u00a0des\u00a0Vereins\u00a0beschlie\u00dft\u00a0die\u00a0Mitgliederversammlung\u00a0aufgrund\u00a0eines\u00a0Antrages des\u00a0Vorstandes\u00a0oder auf\u00a0schriftlichen Antrag\u00a0von mindestens\u00a0Dreiviertel der\u00a0ordentlichen\u00a0Mitglieder.\u00a0Der Antrag\u00a0\u00a0der\u00a0 ordentlichen\u00a0 Mitglieder\u00a0\u00a0auf\u00a0\u00a0Aufl\u00f6sung\u00a0 des\u00a0\u00a0Vereins\u00a0\u00a0muss\u00a0\u00a0in\u00a0\u00a0der\u00a0\u00a0Gesch\u00e4ftsstelle schriftlich eingereicht werden; er bedarf\u00a0einer Begr\u00fcndung.<\/p>\n<p>2.\u00a0\u00a0\u00a0\u00a0\u00a0\u00a0 Der\u00a0\u00a0Vorstand\u00a0\u00a0kann\u00a0\u00a0eine\u00a0\u00a0au\u00dferordentliche\u00a0\u00a0Mitgliederversammlung\u00a0\u00a0zum\u00a0\u00a0Zwecke\u00a0\u00a0der\u00a0\u00a0Abstimmung \u00fcber\u00a0die\u00a0Aufl\u00f6sung\u00a0des\u00a0Vereins einberufen;\u00a0er\u00a0ist dazu\u00a0innerhalb\u00a0von\u00a02 Monaten\u00a0ver- pflichtet,\u00a0wenn die\u00a0ordentlichen\u00a0Mitglieder dies\u00a0beantragt haben.<\/p>\n<p>3.\u00a0\u00a0\u00a0\u00a0\u00a0\u00a0 Die\u00a0Mitgliederversammlung\u00a0ist\u00a0beschlussf\u00e4hig,\u00a0wenn\u00a0mindestens\u00a0die\u00a0H\u00e4lfte\u00a0der\u00a0stimmberechtigten Mitglieder\u00a0anwesend\u00a0oder\u00a0vertreten\u00a0sind.\u00a0Ist\u00a0die\u00a0Mitgliederversammlung\u00a0nicht\u00a0beschlussf\u00e4hig, so\u00a0ist innerhalb\u00a0eines\u00a0Monats\u00a0eine\u00a0zweite\u00a0Mitgliederversammlung\u00a0einzuberufen,\u00a0die\u00a0ohne\u00a0R\u00fccksicht\u00a0auf<\/p>\n<p>die Zahl der\u00a0erschienenen\u00a0Mitglieder beschlussf\u00e4hig ist.<\/p>\n<p>4.\u00a0\u00a0\u00a0\u00a0\u00a0Bei\u00a0Aufl\u00f6sung\u00a0des\u00a0Vereins\u00a0oder\u00a0bei\u00a0Wegfall\u00a0steuerbeg\u00fcnstigter\u00a0Zwecke\u00a0wird\u00a0das\u00a0Vereinsverm\u00f6gen dem<\/p>\n<p>Gesellschaft f\u00fcr Deutsch-Chinesische Freundschaft Berlin e.V.<\/p>\n<p>Innsbrucker Str. 3<br \/>\n10825 Berlin<\/p>\n<p>bzw. deren\u00a0Rechtsnachfolger,\u00a0zugef\u00fchrt, die es\u00a0unmittelbar\u00a0und ausschlie\u00dflich\u00a0f\u00fcr\u00a0gemeinn\u00fctzige Zwecke zu verwenden haben.<\/p>\n<p>5.\u00a0\u00a0\u00a0\u00a0\u00a0Die Mitglieder haben\u00a0bei Aufl\u00f6sung des\u00a0Vereins kein\u00a0Anrecht auf\u00a0das Vereinsverm\u00f6gen.<\/p>\n","protected":false},"excerpt":{"rendered":"<p>SATZUNG Verein der lauteren Importeure e. V. &nbsp; &nbsp; \u00a71 &nbsp; 1.\u00a0\u00a0\u00a0\u00a0\u00a0\u00a0\u00a0\u00a0\u00a0Der Verein f\u00fchrt den Namen Verein der lauteren Importeure e. V. \u00a0 2.\u00a0\u00a0\u00a0\u00a0\u00a0\u00a0\u00a0\u00a0\u00a0Sein Sitz ist in 15732 Schulzendorf &nbsp; &nbsp; 3.\u00a0\u00a0\u00a0\u00a0\u00a0\u00a0\u00a0\u00a0\u00a0Das Gesch\u00e4ftsjahr ist das Kalenderjahr. &nbsp; 4.\u00a0\u00a0\u00a0\u00a0\u00a0\u00a0\u00a0\u00a0\u00a0Gr\u00fcndungsdatum ist der 20.06.2020, Neufassung der Satzung ist am 24.05.2021 festgelegt worden. Weitere Satzungs\u00e4nderung vom 27.08.2021. &nbsp; &nbsp; [&hellip;]<\/p>\n","protected":false},"author":2,"featured_media":0,"parent":0,"menu_order":0,"comment_status":"closed","ping_status":"closed","template":"","meta":{"_et_pb_use_builder":"","_et_pb_old_content":"","_et_gb_content_width":"","footnotes":""},"class_list":["post-19385","page","type-page","status-publish","hentry"],"yoast_head":"<!-- This site is optimized with the Yoast SEO plugin v27.4 - https:\/\/yoast.com\/product\/yoast-seo-wordpress\/ -->\n<title>Satzung - China Import Beratung f\u00fcr den Einkauf aus China<\/title>\n<meta name=\"robots\" content=\"index, follow, max-snippet:-1, max-image-preview:large, max-video-preview:-1\" \/>\n<link rel=\"canonical\" href=\"https:\/\/ag-frisch.com\/de\/satzung\/\" \/>\n<meta property=\"og:locale\" content=\"de_DE\" \/>\n<meta property=\"og:type\" content=\"article\" \/>\n<meta property=\"og:title\" content=\"Satzung - China Import Beratung f\u00fcr den Einkauf aus China\" \/>\n<meta property=\"og:description\" content=\"SATZUNG Verein der lauteren Importeure e. V. &nbsp; &nbsp; \u00a71 &nbsp; 1.\u00a0\u00a0\u00a0\u00a0\u00a0\u00a0\u00a0\u00a0\u00a0Der Verein f\u00fchrt den Namen Verein der lauteren Importeure e. V. \u00a0 2.\u00a0\u00a0\u00a0\u00a0\u00a0\u00a0\u00a0\u00a0\u00a0Sein Sitz ist in 15732 Schulzendorf &nbsp; &nbsp; 3.\u00a0\u00a0\u00a0\u00a0\u00a0\u00a0\u00a0\u00a0\u00a0Das Gesch\u00e4ftsjahr ist das Kalenderjahr. &nbsp; 4.\u00a0\u00a0\u00a0\u00a0\u00a0\u00a0\u00a0\u00a0\u00a0Gr\u00fcndungsdatum ist der 20.06.2020, Neufassung der Satzung ist am 24.05.2021 festgelegt worden. Weitere Satzungs\u00e4nderung vom 27.08.2021. &nbsp; &nbsp; [&hellip;]\" \/>\n<meta property=\"og:url\" content=\"https:\/\/ag-frisch.com\/de\/satzung\/\" \/>\n<meta property=\"og:site_name\" content=\"China Import Beratung f\u00fcr den Einkauf aus China\" \/>\n<meta property=\"article:publisher\" content=\"https:\/\/www.facebook.com\/China.Import\" \/>\n<meta name=\"twitter:card\" content=\"summary_large_image\" \/>\n<meta name=\"twitter:site\" content=\"@agenturfrisch\" \/>\n<meta name=\"twitter:label1\" content=\"Gesch\u00e4tzte Lesezeit\" \/>\n\t<meta name=\"twitter:data1\" content=\"6\u00a0Minuten\" \/>\n<script type=\"application\/ld+json\" class=\"yoast-schema-graph\">{\"@context\":\"https:\\\/\\\/schema.org\",\"@graph\":[{\"@type\":\"WebPage\",\"@id\":\"https:\\\/\\\/ag-frisch.com\\\/de\\\/satzung\\\/\",\"url\":\"https:\\\/\\\/ag-frisch.com\\\/de\\\/satzung\\\/\",\"name\":\"Satzung - China Import Beratung f\u00fcr den Einkauf aus China\",\"isPartOf\":{\"@id\":\"https:\\\/\\\/ag-frisch.com\\\/de\\\/#website\"},\"datePublished\":\"2024-07-13T18:14:07+00:00\",\"breadcrumb\":{\"@id\":\"https:\\\/\\\/ag-frisch.com\\\/de\\\/satzung\\\/#breadcrumb\"},\"inLanguage\":\"de\",\"potentialAction\":[{\"@type\":\"ReadAction\",\"target\":[\"https:\\\/\\\/ag-frisch.com\\\/de\\\/satzung\\\/\"]}]},{\"@type\":\"BreadcrumbList\",\"@id\":\"https:\\\/\\\/ag-frisch.com\\\/de\\\/satzung\\\/#breadcrumb\",\"itemListElement\":[{\"@type\":\"ListItem\",\"position\":1,\"name\":\"Startseite\",\"item\":\"https:\\\/\\\/ag-frisch.com\\\/de\\\/\"},{\"@type\":\"ListItem\",\"position\":2,\"name\":\"Satzung\"}]},{\"@type\":\"WebSite\",\"@id\":\"https:\\\/\\\/ag-frisch.com\\\/de\\\/#website\",\"url\":\"https:\\\/\\\/ag-frisch.com\\\/de\\\/\",\"name\":\"China Import Beratung f\u00fcr den Einkauf aus China\",\"description\":\"China Import &amp; Export Beratung - Der Dienstleister Ihres Vertrauens f\u00fcr Ihren China Import\",\"publisher\":{\"@id\":\"https:\\\/\\\/ag-frisch.com\\\/de\\\/#organization\"},\"potentialAction\":[{\"@type\":\"SearchAction\",\"target\":{\"@type\":\"EntryPoint\",\"urlTemplate\":\"https:\\\/\\\/ag-frisch.com\\\/de\\\/?s={search_term_string}\"},\"query-input\":{\"@type\":\"PropertyValueSpecification\",\"valueRequired\":true,\"valueName\":\"search_term_string\"}}],\"inLanguage\":\"de\"},{\"@type\":\"Organization\",\"@id\":\"https:\\\/\\\/ag-frisch.com\\\/de\\\/#organization\",\"name\":\"Agentur Frisch International Consulting GmbH & Co. KG\",\"url\":\"https:\\\/\\\/ag-frisch.com\\\/de\\\/\",\"logo\":{\"@type\":\"ImageObject\",\"inLanguage\":\"de\",\"@id\":\"https:\\\/\\\/ag-frisch.com\\\/de\\\/#\\\/schema\\\/logo\\\/image\\\/\",\"url\":\"https:\\\/\\\/ag-frisch.com\\\/wp-content\\\/uploads\\\/2021\\\/08\\\/ag_logo_rgb_300_small.png\",\"contentUrl\":\"https:\\\/\\\/ag-frisch.com\\\/wp-content\\\/uploads\\\/2021\\\/08\\\/ag_logo_rgb_300_small.png\",\"width\":153,\"height\":102,\"caption\":\"Agentur Frisch International Consulting GmbH & Co. KG\"},\"image\":{\"@id\":\"https:\\\/\\\/ag-frisch.com\\\/de\\\/#\\\/schema\\\/logo\\\/image\\\/\"},\"sameAs\":[\"https:\\\/\\\/www.facebook.com\\\/China.Import\",\"https:\\\/\\\/x.com\\\/agenturfrisch\"]}]}<\/script>\n<!-- \/ Yoast SEO plugin. -->","yoast_head_json":{"title":"Satzung - China Import Beratung f\u00fcr den Einkauf aus China","robots":{"index":"index","follow":"follow","max-snippet":"max-snippet:-1","max-image-preview":"max-image-preview:large","max-video-preview":"max-video-preview:-1"},"canonical":"https:\/\/ag-frisch.com\/de\/satzung\/","og_locale":"de_DE","og_type":"article","og_title":"Satzung - China Import Beratung f\u00fcr den Einkauf aus China","og_description":"SATZUNG Verein der lauteren Importeure e. V. &nbsp; &nbsp; \u00a71 &nbsp; 1.\u00a0\u00a0\u00a0\u00a0\u00a0\u00a0\u00a0\u00a0\u00a0Der Verein f\u00fchrt den Namen Verein der lauteren Importeure e. V. \u00a0 2.\u00a0\u00a0\u00a0\u00a0\u00a0\u00a0\u00a0\u00a0\u00a0Sein Sitz ist in 15732 Schulzendorf &nbsp; &nbsp; 3.\u00a0\u00a0\u00a0\u00a0\u00a0\u00a0\u00a0\u00a0\u00a0Das Gesch\u00e4ftsjahr ist das Kalenderjahr. &nbsp; 4.\u00a0\u00a0\u00a0\u00a0\u00a0\u00a0\u00a0\u00a0\u00a0Gr\u00fcndungsdatum ist der 20.06.2020, Neufassung der Satzung ist am 24.05.2021 festgelegt worden. Weitere Satzungs\u00e4nderung vom 27.08.2021. &nbsp; &nbsp; [&hellip;]","og_url":"https:\/\/ag-frisch.com\/de\/satzung\/","og_site_name":"China Import Beratung f\u00fcr den Einkauf aus China","article_publisher":"https:\/\/www.facebook.com\/China.Import","twitter_card":"summary_large_image","twitter_site":"@agenturfrisch","twitter_misc":{"Gesch\u00e4tzte Lesezeit":"6\u00a0Minuten"},"schema":{"@context":"https:\/\/schema.org","@graph":[{"@type":"WebPage","@id":"https:\/\/ag-frisch.com\/de\/satzung\/","url":"https:\/\/ag-frisch.com\/de\/satzung\/","name":"Satzung - China Import Beratung f\u00fcr den Einkauf aus China","isPartOf":{"@id":"https:\/\/ag-frisch.com\/de\/#website"},"datePublished":"2024-07-13T18:14:07+00:00","breadcrumb":{"@id":"https:\/\/ag-frisch.com\/de\/satzung\/#breadcrumb"},"inLanguage":"de","potentialAction":[{"@type":"ReadAction","target":["https:\/\/ag-frisch.com\/de\/satzung\/"]}]},{"@type":"BreadcrumbList","@id":"https:\/\/ag-frisch.com\/de\/satzung\/#breadcrumb","itemListElement":[{"@type":"ListItem","position":1,"name":"Startseite","item":"https:\/\/ag-frisch.com\/de\/"},{"@type":"ListItem","position":2,"name":"Satzung"}]},{"@type":"WebSite","@id":"https:\/\/ag-frisch.com\/de\/#website","url":"https:\/\/ag-frisch.com\/de\/","name":"China Import Beratung f\u00fcr den Einkauf aus China","description":"China Import &amp; Export Beratung - Der Dienstleister Ihres Vertrauens f\u00fcr Ihren China Import","publisher":{"@id":"https:\/\/ag-frisch.com\/de\/#organization"},"potentialAction":[{"@type":"SearchAction","target":{"@type":"EntryPoint","urlTemplate":"https:\/\/ag-frisch.com\/de\/?s={search_term_string}"},"query-input":{"@type":"PropertyValueSpecification","valueRequired":true,"valueName":"search_term_string"}}],"inLanguage":"de"},{"@type":"Organization","@id":"https:\/\/ag-frisch.com\/de\/#organization","name":"Agentur Frisch International Consulting GmbH & Co. KG","url":"https:\/\/ag-frisch.com\/de\/","logo":{"@type":"ImageObject","inLanguage":"de","@id":"https:\/\/ag-frisch.com\/de\/#\/schema\/logo\/image\/","url":"https:\/\/ag-frisch.com\/wp-content\/uploads\/2021\/08\/ag_logo_rgb_300_small.png","contentUrl":"https:\/\/ag-frisch.com\/wp-content\/uploads\/2021\/08\/ag_logo_rgb_300_small.png","width":153,"height":102,"caption":"Agentur Frisch International Consulting GmbH & Co. KG"},"image":{"@id":"https:\/\/ag-frisch.com\/de\/#\/schema\/logo\/image\/"},"sameAs":["https:\/\/www.facebook.com\/China.Import","https:\/\/x.com\/agenturfrisch"]}]}},"_links":{"self":[{"href":"https:\/\/ag-frisch.com\/de\/wp-json\/wp\/v2\/pages\/19385","targetHints":{"allow":["GET"]}}],"collection":[{"href":"https:\/\/ag-frisch.com\/de\/wp-json\/wp\/v2\/pages"}],"about":[{"href":"https:\/\/ag-frisch.com\/de\/wp-json\/wp\/v2\/types\/page"}],"author":[{"embeddable":true,"href":"https:\/\/ag-frisch.com\/de\/wp-json\/wp\/v2\/users\/2"}],"replies":[{"embeddable":true,"href":"https:\/\/ag-frisch.com\/de\/wp-json\/wp\/v2\/comments?post=19385"}],"version-history":[{"count":1,"href":"https:\/\/ag-frisch.com\/de\/wp-json\/wp\/v2\/pages\/19385\/revisions"}],"predecessor-version":[{"id":19386,"href":"https:\/\/ag-frisch.com\/de\/wp-json\/wp\/v2\/pages\/19385\/revisions\/19386"}],"wp:attachment":[{"href":"https:\/\/ag-frisch.com\/de\/wp-json\/wp\/v2\/media?parent=19385"}],"curies":[{"name":"wp","href":"https:\/\/api.w.org\/{rel}","templated":true}]}}