{"id":19641,"date":"2024-09-12T07:39:31","date_gmt":"2024-09-12T05:39:31","guid":{"rendered":"https:\/\/ag-frisch.com\/?page_id=19641"},"modified":"2024-09-12T07:46:55","modified_gmt":"2024-09-12T05:46:55","slug":"auswertung-inspektionsbericht","status":"publish","type":"page","link":"https:\/\/ag-frisch.com\/de\/auswertung-inspektionsbericht\/","title":{"rendered":"Auswertung-inspektionsbericht"},"content":{"rendered":"<p>[et_pb_section fb_built=&#8221;1&#8243; _builder_version=&#8221;4.18.1&#8243; _module_preset=&#8221;default&#8221; global_colors_info=&#8221;{}&#8221;][et_pb_row _builder_version=&#8221;4.18.1&#8243; _module_preset=&#8221;default&#8221; global_colors_info=&#8221;{}&#8221;][et_pb_column type=&#8221;4_4&#8243; _builder_version=&#8221;4.18.1&#8243; _module_preset=&#8221;default&#8221; global_colors_info=&#8221;{}&#8221;][et_pb_text _builder_version=&#8221;4.18.1&#8243; _module_preset=&#8221;default&#8221; hover_enabled=&#8221;0&#8243; global_colors_info=&#8221;{}&#8221; sticky_enabled=&#8221;0&#8243;]<\/p>\n<h3><strong>Die Auswertung eines Inspektionsberichts und die zu erwartende M\u00e4ngelquote: Was Verk\u00e4ufer wissen sollten<\/strong><\/h3>\n<p>Wenn Sie ein Produkt auf den Markt bringen oder bereits verkaufen, ist die Qualit\u00e4tssicherung ein zentraler Punkt, um R\u00fccksendungen und unzufriedene Kunden zu vermeiden. Inspektionsberichte spielen hierbei eine entscheidende Rolle, da sie die tats\u00e4chlichen M\u00e4ngel und die Gesamtqualit\u00e4t eines Produkts bewerten. Doch die Inspektionsergebnisse sind nur ein Teil des Puzzles. Um die zu erwartende R\u00fccksendequote realistisch einsch\u00e4tzen zu k\u00f6nnen, m\u00fcssen auch andere Faktoren ber\u00fccksichtigt werden, wie zum Beispiel Kundenr\u00fccksendungen aufgrund von &#8220;Nichtgefallen&#8221; oder falschen Produktversprechungen.<\/p>\n<h3>Ein Blick auf die M\u00e4ngelquote bei der Inspektion<\/h3>\n<p>Stellen wir uns vor, in einem Inspektionsbericht werden bei 6 % der gepr\u00fcften Produkte M\u00e4ngel festgestellt. Diese M\u00e4ngel k\u00f6nnen technische Defekte, Verarbeitungsfehler oder andere Qualit\u00e4tsprobleme umfassen. Das bedeutet, dass bereits 6 % der ausgelieferten Produkte mit hoher Wahrscheinlichkeit zur\u00fcckgesendet werden, weil sie nicht den Qualit\u00e4tsanforderungen entsprechen.<\/p>\n<h3>Die durchschnittliche Retourenquote bei Amazon<\/h3>\n<p>Zus\u00e4tzlich zu den durch M\u00e4ngel verursachten R\u00fccksendungen, gibt es bei Plattformen wie Amazon eine durchschnittliche R\u00fccksendequote, die schlicht und einfach auf dem &#8220;Nichtgefallen&#8221; des Produkts beruht. Bei Amazon liegt diese Quote im Durchschnitt bei etwa 5 %. Diese R\u00fccksendungen entstehen h\u00e4ufig unabh\u00e4ngig von der tats\u00e4chlichen Produktqualit\u00e4t, sondern sind auf subjektive Faktoren wie falsche Erwartungen des Kunden oder Unzufriedenheit mit der Handhabung zur\u00fcckzuf\u00fchren.<\/p>\n<h3>Nicht erf\u00fcllte Qualit\u00e4tsversprechen und irref\u00fchrende Angaben<\/h3>\n<p>Ein weiterer Punkt, der oft vernachl\u00e4ssigt wird, ist die Rolle der Produktbeschreibung und der versprochenen Qualit\u00e4t. Wenn in der Produktbeschreibung beispielsweise ein &#8220;Premium-Produkt&#8221; beworben wird, das den hohen Erwartungen der Kunden nicht gerecht wird, k\u00f6nnen weitere R\u00fccksendungen folgen. Diese k\u00f6nnen leicht nochmals etwa 5 % ausmachen, insbesondere wenn die Angaben in der Produktbeschreibung \u00fcbertrieben oder falsch sind. Hier ist es entscheidend, dass die Produktbeschreibung sorgf\u00e4ltig \u00fcberpr\u00fcft und \u00fcberarbeitet wird, um unrealistische Versprechungen zu vermeiden.<\/p>\n<h3>Die Gesamtr\u00fccklaufquote: Ein Beispiel<\/h3>\n<p>Schauen wir uns nun das Gesamtszenario an. Bei einem Inspektionsbericht, der eine M\u00e4ngelquote von 6 % aufzeigt, und einer allgemeinen R\u00fccksendequote bei Amazon von 5 % wegen Nichtgefallens, ergibt sich bereits eine R\u00fccklaufquote von <strong>11 %<\/strong>.<\/p>\n<p>Wenn wir dann noch die M\u00f6glichkeit von weiteren 5 % R\u00fccksendungen aufgrund eines nicht erf\u00fcllten Qualit\u00e4tsversprechens oder anderer irref\u00fchrender Angaben in der Produktbeschreibung hinzunehmen, kommen wir zu einer potenziellen R\u00fccksendequote von <strong>16 %<\/strong>.<\/p>\n<h3>Fazit: R\u00fccksendequote richtig einsch\u00e4tzen und Produktbeschreibung optimieren<\/h3>\n<p>Um die tats\u00e4chliche R\u00fccksendequote zu minimieren, ist es wichtig, alle Faktoren zu ber\u00fccksichtigen. Ein sorgf\u00e4ltiger Inspektionsprozess kann helfen, technische M\u00e4ngel zu identifizieren, aber auch die Produktbeschreibung und das Versprechen an den Kunden sollten realistisch sein. Nur so kann sichergestellt werden, dass die Kundenerwartungen erf\u00fcllt werden und die R\u00fccksendequote nicht unn\u00f6tig ansteigt.<\/p>\n<p>Stellen Sie sicher, dass Sie Ihre Produktqualit\u00e4t und Ihr Verkaufsversprechen in Einklang bringen, und minimieren Sie so langfristig R\u00fccksendungen und unzufriedene Kunden.<\/p>\n<p>&nbsp;<\/p>\n<p>[\/et_pb_text][\/et_pb_column][\/et_pb_row][\/et_pb_section]<\/p>\n","protected":false},"excerpt":{"rendered":"<p>Die Auswertung eines Inspektionsberichts und die zu erwartende M\u00e4ngelquote: Was Verk\u00e4ufer wissen sollten Wenn Sie ein Produkt auf den Markt bringen oder bereits verkaufen, ist die Qualit\u00e4tssicherung ein zentraler Punkt, um R\u00fccksendungen und unzufriedene Kunden zu vermeiden. Inspektionsberichte spielen hierbei eine entscheidende Rolle, da sie die tats\u00e4chlichen M\u00e4ngel und die Gesamtqualit\u00e4t eines Produkts bewerten. Doch [&hellip;]<\/p>\n","protected":false},"author":2,"featured_media":0,"parent":0,"menu_order":0,"comment_status":"closed","ping_status":"closed","template":"","meta":{"_et_pb_use_builder":"on","_et_pb_old_content":"","_et_gb_content_width":"","footnotes":""},"class_list":["post-19641","page","type-page","status-publish","hentry"],"yoast_head":"<!-- This site is optimized with the Yoast SEO plugin v27.2 - https:\/\/yoast.com\/product\/yoast-seo-wordpress\/ -->\n<title>Auswertung des Inspektionsberichts bei Inspektion in China<\/title>\n<meta name=\"description\" content=\"Inspektionsbericht aus China \u25bb Auswertung eines Inspektionsberichtes aus China \u2713 Retourenquote f\u00fcr Ware aus China\u2713 \u25bb Jetzt Report pr\u00fcfen\" \/>\n<meta name=\"robots\" content=\"index, follow, max-snippet:-1, max-image-preview:large, max-video-preview:-1\" \/>\n<link rel=\"canonical\" href=\"https:\/\/ag-frisch.com\/de\/auswertung-inspektionsbericht\/\" \/>\n<meta property=\"og:locale\" content=\"de_DE\" \/>\n<meta property=\"og:type\" content=\"article\" \/>\n<meta property=\"og:title\" content=\"Auswertung des Inspektionsberichts bei Inspektion in China\" \/>\n<meta property=\"og:description\" content=\"Inspektionsbericht aus China \u25bb Auswertung eines Inspektionsberichtes aus China \u2713 Retourenquote f\u00fcr Ware aus China\u2713 \u25bb Jetzt Report pr\u00fcfen\" \/>\n<meta property=\"og:url\" content=\"https:\/\/ag-frisch.com\/de\/auswertung-inspektionsbericht\/\" \/>\n<meta property=\"og:site_name\" content=\"China Import Beratung f\u00fcr den Einkauf aus China\" \/>\n<meta property=\"article:publisher\" content=\"https:\/\/www.facebook.com\/China.Import\" \/>\n<meta property=\"article:modified_time\" content=\"2024-09-12T05:46:55+00:00\" \/>\n<meta name=\"twitter:card\" content=\"summary_large_image\" \/>\n<meta name=\"twitter:site\" content=\"@agenturfrisch\" \/>\n<meta name=\"twitter:label1\" content=\"Gesch\u00e4tzte Lesezeit\" \/>\n\t<meta name=\"twitter:data1\" content=\"3\u00a0Minuten\" \/>\n<script type=\"application\/ld+json\" class=\"yoast-schema-graph\">{\"@context\":\"https:\/\/schema.org\",\"@graph\":[{\"@type\":\"WebPage\",\"@id\":\"https:\/\/ag-frisch.com\/de\/auswertung-inspektionsbericht\/\",\"url\":\"https:\/\/ag-frisch.com\/de\/auswertung-inspektionsbericht\/\",\"name\":\"Auswertung des Inspektionsberichts bei Inspektion in China\",\"isPartOf\":{\"@id\":\"https:\/\/ag-frisch.com\/de\/#website\"},\"datePublished\":\"2024-09-12T05:39:31+00:00\",\"dateModified\":\"2024-09-12T05:46:55+00:00\",\"description\":\"Inspektionsbericht aus China \u25bb Auswertung eines Inspektionsberichtes aus China \u2713 Retourenquote f\u00fcr Ware aus China\u2713 \u25bb Jetzt Report pr\u00fcfen\",\"breadcrumb\":{\"@id\":\"https:\/\/ag-frisch.com\/de\/auswertung-inspektionsbericht\/#breadcrumb\"},\"inLanguage\":\"de\",\"potentialAction\":[{\"@type\":\"ReadAction\",\"target\":[\"https:\/\/ag-frisch.com\/de\/auswertung-inspektionsbericht\/\"]}]},{\"@type\":\"BreadcrumbList\",\"@id\":\"https:\/\/ag-frisch.com\/de\/auswertung-inspektionsbericht\/#breadcrumb\",\"itemListElement\":[{\"@type\":\"ListItem\",\"position\":1,\"name\":\"Startseite\",\"item\":\"https:\/\/ag-frisch.com\/de\/\"},{\"@type\":\"ListItem\",\"position\":2,\"name\":\"Auswertung-inspektionsbericht\"}]},{\"@type\":\"WebSite\",\"@id\":\"https:\/\/ag-frisch.com\/de\/#website\",\"url\":\"https:\/\/ag-frisch.com\/de\/\",\"name\":\"China Import Beratung f\u00fcr den Einkauf aus China\",\"description\":\"China Import &amp; Export Beratung - Der Dienstleister Ihres Vertrauens f\u00fcr Ihren China Import\",\"publisher\":{\"@id\":\"https:\/\/ag-frisch.com\/de\/#organization\"},\"potentialAction\":[{\"@type\":\"SearchAction\",\"target\":{\"@type\":\"EntryPoint\",\"urlTemplate\":\"https:\/\/ag-frisch.com\/de\/?s={search_term_string}\"},\"query-input\":{\"@type\":\"PropertyValueSpecification\",\"valueRequired\":true,\"valueName\":\"search_term_string\"}}],\"inLanguage\":\"de\"},{\"@type\":\"Organization\",\"@id\":\"https:\/\/ag-frisch.com\/de\/#organization\",\"name\":\"Agentur Frisch International Consulting GmbH & Co. KG\",\"url\":\"https:\/\/ag-frisch.com\/de\/\",\"logo\":{\"@type\":\"ImageObject\",\"inLanguage\":\"de\",\"@id\":\"https:\/\/ag-frisch.com\/de\/#\/schema\/logo\/image\/\",\"url\":\"https:\/\/ag-frisch.com\/wp-content\/uploads\/2021\/08\/ag_logo_rgb_300_small.png\",\"contentUrl\":\"https:\/\/ag-frisch.com\/wp-content\/uploads\/2021\/08\/ag_logo_rgb_300_small.png\",\"width\":153,\"height\":102,\"caption\":\"Agentur Frisch International Consulting GmbH & Co. KG\"},\"image\":{\"@id\":\"https:\/\/ag-frisch.com\/de\/#\/schema\/logo\/image\/\"},\"sameAs\":[\"https:\/\/www.facebook.com\/China.Import\",\"https:\/\/x.com\/agenturfrisch\"]}]}<\/script>\n<!-- \/ Yoast SEO plugin. -->","yoast_head_json":{"title":"Auswertung des Inspektionsberichts bei Inspektion in China","description":"Inspektionsbericht aus China \u25bb Auswertung eines Inspektionsberichtes aus China \u2713 Retourenquote f\u00fcr Ware aus China\u2713 \u25bb Jetzt Report pr\u00fcfen","robots":{"index":"index","follow":"follow","max-snippet":"max-snippet:-1","max-image-preview":"max-image-preview:large","max-video-preview":"max-video-preview:-1"},"canonical":"https:\/\/ag-frisch.com\/de\/auswertung-inspektionsbericht\/","og_locale":"de_DE","og_type":"article","og_title":"Auswertung des Inspektionsberichts bei Inspektion in China","og_description":"Inspektionsbericht aus China \u25bb Auswertung eines Inspektionsberichtes aus China \u2713 Retourenquote f\u00fcr Ware aus China\u2713 \u25bb Jetzt Report pr\u00fcfen","og_url":"https:\/\/ag-frisch.com\/de\/auswertung-inspektionsbericht\/","og_site_name":"China Import Beratung f\u00fcr den Einkauf aus China","article_publisher":"https:\/\/www.facebook.com\/China.Import","article_modified_time":"2024-09-12T05:46:55+00:00","twitter_card":"summary_large_image","twitter_site":"@agenturfrisch","twitter_misc":{"Gesch\u00e4tzte Lesezeit":"3\u00a0Minuten"},"schema":{"@context":"https:\/\/schema.org","@graph":[{"@type":"WebPage","@id":"https:\/\/ag-frisch.com\/de\/auswertung-inspektionsbericht\/","url":"https:\/\/ag-frisch.com\/de\/auswertung-inspektionsbericht\/","name":"Auswertung des Inspektionsberichts bei Inspektion in China","isPartOf":{"@id":"https:\/\/ag-frisch.com\/de\/#website"},"datePublished":"2024-09-12T05:39:31+00:00","dateModified":"2024-09-12T05:46:55+00:00","description":"Inspektionsbericht aus China \u25bb Auswertung eines Inspektionsberichtes aus China \u2713 Retourenquote f\u00fcr Ware aus China\u2713 \u25bb Jetzt Report pr\u00fcfen","breadcrumb":{"@id":"https:\/\/ag-frisch.com\/de\/auswertung-inspektionsbericht\/#breadcrumb"},"inLanguage":"de","potentialAction":[{"@type":"ReadAction","target":["https:\/\/ag-frisch.com\/de\/auswertung-inspektionsbericht\/"]}]},{"@type":"BreadcrumbList","@id":"https:\/\/ag-frisch.com\/de\/auswertung-inspektionsbericht\/#breadcrumb","itemListElement":[{"@type":"ListItem","position":1,"name":"Startseite","item":"https:\/\/ag-frisch.com\/de\/"},{"@type":"ListItem","position":2,"name":"Auswertung-inspektionsbericht"}]},{"@type":"WebSite","@id":"https:\/\/ag-frisch.com\/de\/#website","url":"https:\/\/ag-frisch.com\/de\/","name":"China Import Beratung f\u00fcr den Einkauf aus China","description":"China Import &amp; Export Beratung - Der Dienstleister Ihres Vertrauens f\u00fcr Ihren China Import","publisher":{"@id":"https:\/\/ag-frisch.com\/de\/#organization"},"potentialAction":[{"@type":"SearchAction","target":{"@type":"EntryPoint","urlTemplate":"https:\/\/ag-frisch.com\/de\/?s={search_term_string}"},"query-input":{"@type":"PropertyValueSpecification","valueRequired":true,"valueName":"search_term_string"}}],"inLanguage":"de"},{"@type":"Organization","@id":"https:\/\/ag-frisch.com\/de\/#organization","name":"Agentur Frisch International Consulting GmbH & Co. KG","url":"https:\/\/ag-frisch.com\/de\/","logo":{"@type":"ImageObject","inLanguage":"de","@id":"https:\/\/ag-frisch.com\/de\/#\/schema\/logo\/image\/","url":"https:\/\/ag-frisch.com\/wp-content\/uploads\/2021\/08\/ag_logo_rgb_300_small.png","contentUrl":"https:\/\/ag-frisch.com\/wp-content\/uploads\/2021\/08\/ag_logo_rgb_300_small.png","width":153,"height":102,"caption":"Agentur Frisch International Consulting GmbH & Co. KG"},"image":{"@id":"https:\/\/ag-frisch.com\/de\/#\/schema\/logo\/image\/"},"sameAs":["https:\/\/www.facebook.com\/China.Import","https:\/\/x.com\/agenturfrisch"]}]}},"_links":{"self":[{"href":"https:\/\/ag-frisch.com\/de\/wp-json\/wp\/v2\/pages\/19641","targetHints":{"allow":["GET"]}}],"collection":[{"href":"https:\/\/ag-frisch.com\/de\/wp-json\/wp\/v2\/pages"}],"about":[{"href":"https:\/\/ag-frisch.com\/de\/wp-json\/wp\/v2\/types\/page"}],"author":[{"embeddable":true,"href":"https:\/\/ag-frisch.com\/de\/wp-json\/wp\/v2\/users\/2"}],"replies":[{"embeddable":true,"href":"https:\/\/ag-frisch.com\/de\/wp-json\/wp\/v2\/comments?post=19641"}],"version-history":[{"count":5,"href":"https:\/\/ag-frisch.com\/de\/wp-json\/wp\/v2\/pages\/19641\/revisions"}],"predecessor-version":[{"id":19651,"href":"https:\/\/ag-frisch.com\/de\/wp-json\/wp\/v2\/pages\/19641\/revisions\/19651"}],"wp:attachment":[{"href":"https:\/\/ag-frisch.com\/de\/wp-json\/wp\/v2\/media?parent=19641"}],"curies":[{"name":"wp","href":"https:\/\/api.w.org\/{rel}","templated":true}]}}