{"id":2011,"date":"2022-04-28T14:02:02","date_gmt":"2022-04-28T12:02:02","guid":{"rendered":"https:\/\/ag-frisch.com\/?page_id=2011"},"modified":"2023-01-11T10:15:39","modified_gmt":"2023-01-11T09:15:39","slug":"fahrzeug-auto-motorrad-teile-import-china","status":"publish","type":"page","link":"https:\/\/ag-frisch.com\/de\/fahrzeug-auto-motorrad-teile-import-china\/","title":{"rendered":"Autos-und-Motorraeder"},"content":{"rendered":"<p>[et_pb_section fb_built=&#8221;1&#8243; _builder_version=&#8221;4.16&#8243; _module_preset=&#8221;default&#8221; global_colors_info=&#8221;{}&#8221;][et_pb_row _builder_version=&#8221;4.18.1&#8243; _module_preset=&#8221;default&#8221; global_colors_info=&#8221;{}&#8221;][et_pb_column type=&#8221;4_4&#8243; _builder_version=&#8221;4.18.1&#8243; _module_preset=&#8221;default&#8221; global_colors_info=&#8221;{}&#8221;][et_pb_cta title=&#8221;Autoteile, E-Bikes und Fahrr\u00e4der aus China importieren&#8221; button_url=&#8221;\/kontakt\/&#8221; button_text=&#8221;Jetzt Profis beauftragen&#8221; _builder_version=&#8221;4.18.1&#8243; _module_preset=&#8221;default&#8221; global_colors_info=&#8221;{}&#8221;]<\/p>\n<p>Wir unterst\u00fctzen Sie beim Einkauf von Autoteilen, E-Bikes und Fahrr\u00e4dern von der ersten Anfrage, der Lieferantensuche in China \u00fcber Musterbestellungen, Vertragsgestaltung, Konformit\u00e4tsverfahren, Qualit\u00e4tssicherung in China bis zur Logisik und Anlieferung.\u00a0<\/p>\n<p>[\/et_pb_cta][\/et_pb_column][\/et_pb_row][et_pb_row _builder_version=&#8221;4.16&#8243; _module_preset=&#8221;default&#8221; global_colors_info=&#8221;{}&#8221;][et_pb_column type=&#8221;4_4&#8243; _builder_version=&#8221;4.16&#8243; _module_preset=&#8221;default&#8221; global_colors_info=&#8221;{}&#8221;][et_pb_text _builder_version=&#8221;4.18.1&#8243; _module_preset=&#8221;default&#8221; custom_padding=&#8221;0px||1px|||&#8221; hover_enabled=&#8221;0&#8243; global_colors_info=&#8221;{}&#8221; sticky_enabled=&#8221;0&#8243;]<\/p>\n<h1>Fahrzeug-Import aus China: Ihr Profi f\u00fcr den Import von Autos und Fahrzeugteilen<br \/>\n<\/h1>\n<p>Die Agentur Frisch bietet Ihnen Produkte in verschiedensten Gr\u00f6\u00dfen, vom Nagelknipser bis zur Industriemaschine \u2013 auch Autos, Autoteile und alles rund ums Zweirad ist \u00fcber uns zu beziehen. Wir vermitteln Ihnen Firmen in China, die genau nach Ihren Vorstellungen produzieren. Wir analysieren gemeinsam mit Ihnen den Bedarf und kn\u00fcpfen die optimale Verbindung zum passenden Hersteller, um Autoteile und mehr aus China zu kaufen. Die Agentur Frisch bietet Ihnen im China-Import:<\/p>\n<ul>\n<li>Autos und Autoteile<\/li>\n<li>Zweir\u00e4der, Quads und Zubeh\u00f6r<\/li>\n<li>E-Bikes und Fahrr\u00e4der<\/li>\n<li>u.v.m.<\/li>\n<\/ul>\n<p>&nbsp;<\/p>\n<p><strong>Von der Felge bis zum Wohnwagen: Autos und Autoteile aus China<\/strong><\/p>\n<p>Die Palette der von uns vermittelten Produkte im Bereich Automobil ist riesig und reicht von kleinsten Autoteilen und Komponenten \u00fcber Tuning-Produkte, Reparaturbedarf und Ersatzteile bis hin zu ganzen Wagenflotten verschiedenster Gr\u00f6\u00dfen. Ob Nutzfahrzeug oder Limousine, Van oder Kleinwagen \u2013 die Agentur Frisch findet auch f\u00fcr Sie den Produzenten aus China, mit dem Sie die besten Gesch\u00e4fte machen.<\/p>\n<p>&nbsp;<\/p>\n<p><strong>Motorr\u00e4der, Quads und Motorsport-Artikel aus China importieren<\/strong><\/p>\n<p>Wir bieten nicht nur Automobile und Zubeh\u00f6r, sondern auch Motorr\u00e4der, Quads und alles weitere rund ums Zweirad und seine Artverwandten. Daneben k\u00f6nnen Sie bei uns auch Motorradkleidung aus China importieren, sowie selbstverst\u00e4ndlich ebenfalls Reparatur- und Ersatzteile und jede Menge Zubeh\u00f6r.<\/p>\n<p>&nbsp;<\/p>\n<p><strong>Moderne E-Bikes und g\u00fcnstige Fahrr\u00e4der vom Hersteller <\/strong><\/p>\n<p>Deutschland ist ein gigantischer Absatzmarkt f\u00fcr E-Bikes aus China, der sogar staatlich gef\u00f6rdert wird. Die Bedeutung von E-Bikes wird dank der Verkehrswende zuk\u00fcnftig noch zunehmen. Wir bieten Ihnen Produzenten, die Ihnen unschlagbar g\u00fcnstige und zugleich hochwertige E-Bikes direkt aus China verkaufen. Auch Fahrr\u00e4der und Fahrradzubeh\u00f6r aus China k\u00f6nnen Sie von unseren Gesch\u00e4ftspartnern zu niedrigen Preisen beziehen.<\/p>\n<p>&nbsp;<\/p>\n<p><strong>Autokauf ist Vertrauenssache \u2013 auch beim China-Import<\/strong><\/p>\n<p>Sie wollen sich sicher sein, dass Sie nur absolut einwandfreie Autos und Zweir\u00e4der aus dem China-Import an Ihre Kunden verkaufen? Das ist verst\u00e4ndlich. Teure Schadensersatzforderungen und sogar Menschenleben stehen auf dem Spiel. Unsere Gesch\u00e4ftspartner in China sind ausschlie\u00dflich nach Standard IATF 16949 \u00fcberpr\u00fcfbare Unternehmen. Auf Wunsch \u00fcbernehmen wir selbst die Qualit\u00e4tssicherung vor, w\u00e4hrend und nach der Produktion. Wir bieten Ihnen genau die Sicherheit, die Sie beim Kauf von Autoteilen, Motorr\u00e4dern, E-Bikes und Fahrr\u00e4dern aus China definitiv ben\u00f6tigen \u2013 zu denkbar niedrigen Preisen.<\/p>\n<p>&nbsp;<\/p>\n<p><strong>F\u00fcr mehr Sicherheit: Service der Agentur Frisch<\/strong><\/p>\n<p>Unsere hauseigenen Tochterfirmen inspekt4u und das BEIDE Test-Labor sorgen daf\u00fcr, dass Produkte und Komponenten ohne Probleme auf den deutschen Markt kommen und in der Nutzung den h\u00f6chsten Sicherheitsanspr\u00fcchen gerecht werden. Folgende Leistungen k\u00f6nnen Sie auf Wunsch von uns erwarten:<\/p>\n<ul>\n<li>Audit Besuch vor der Produktion in China ggf. mit Sozial Audit (inkl. Zertifikat)<\/li>\n<li>FAI Erstmusterpr\u00fcfung in China<\/li>\n<li>DPI Pr\u00fcfung w\u00e4hrend der Produktion in China<\/li>\n<li>PM Produktions\u00fcberwachung in China<\/li>\n<li>DSS Aussortieren mangelhafter Ware in China<\/li>\n<li>Zertifikat Einhaltung international anerkannter Arbeitsbedingungen<\/li>\n<li>CLS \u00dcberwachung der Verladung in China<\/li>\n<li>DIN-Normen-Pr\u00fcfungen (bei Autoteilen u. a. die <span>IATF 16949, bei Kindersitze u. a. ECE R44)<\/span><\/li>\n<li>Laborpr\u00fcfungen wie RoHS und\/ oder REACH<\/li>\n<li>Sicherstellung von CE-Richtlinien z. B. f\u00fcr elektronische Teile.\u00a0<\/li>\n<\/ul>\n<p>Wir stellen sicher, dass Sie mit Ihrem China-Import der Agentur Frisch keine b\u00f6sen \u00dcberraschungen erleben. Die von uns vermittelten Produkte sind qualitativ hochwertig und geben Ihnen die Sicherheit, dass Sie keine Probleme beim Zoll oder mit der Einhaltung deutscher oder europ\u00e4ischer Standards bekommen. Wir \u00fcbernehmen f\u00fcr Sie auch Lagerung und Transportlogistik.<\/p>\n<p>&nbsp;<\/p>\n<p><strong>Autos, Motorr\u00e4der, E-Bikes und Fahrr\u00e4der aus China \u2013 top Qualit\u00e4t zum kleinen Preis!<\/strong><\/p>\n<p>Ob Auto oder Motorrad, Fahrr\u00e4der oder Zubeh\u00f6r aus China, die Agentur Frisch ist Ihr top Partner f\u00fcr den Kauf direkt vom Hersteller. Sprechen Sie uns an, wir finden gemeinsam das beste Gesch\u00e4ft f\u00fcr Sie \u2013 und realisieren es kompetent.<\/p>\n<p>[\/et_pb_text][\/et_pb_column][\/et_pb_row][\/et_pb_section][et_pb_section fb_built=&#8221;1&#8243; admin_label=&#8221;Testimonials&#8221; _builder_version=&#8221;4.16&#8243; use_background_color_gradient=&#8221;on&#8221; background_color_gradient_stops=&#8221;rgba(0,106,156,0.85) 0%|rgba(0,106,156,0.85) 100%&#8221; background_color_gradient_start=&#8221;rgba(0,106,156,0.85)&#8221; background_color_gradient_end=&#8221;rgba(0,106,156,0.85)&#8221; custom_padding=&#8221;90px||60px|&#8221; animation_style=&#8221;fold&#8221; animation_direction=&#8221;bottom&#8221; animation_intensity_fold=&#8221;4%&#8221; global_colors_info=&#8221;{}&#8221;][et_pb_row _builder_version=&#8221;4.16&#8243; background_size=&#8221;initial&#8221; background_position=&#8221;top_left&#8221; background_repeat=&#8221;repeat&#8221; custom_width_px=&#8221;710px&#8221; locked=&#8221;off&#8221; global_colors_info=&#8221;{}&#8221;][et_pb_column type=&#8221;4_4&#8243; _builder_version=&#8221;4.16&#8243; background_position=&#8221;top_left&#8221; custom_padding=&#8221;|||&#8221; global_colors_info=&#8221;{}&#8221; custom_padding__hover=&#8221;|||&#8221;][et_pb_text admin_label=&#8221;Testimonials Section Title&#8221; _builder_version=&#8221;4.16&#8243; header_font=&#8221;Montserrat||||&#8221; header_font_size=&#8221;36px&#8221; background_size=&#8221;initial&#8221; background_position=&#8221;top_left&#8221; background_repeat=&#8221;repeat&#8221; text_orientation=&#8221;center&#8221; background_layout=&#8221;dark&#8221; max_width=&#8221;710px&#8221; module_alignment=&#8221;center&#8221; animation_style=&#8221;fold&#8221; animation_direction=&#8221;bottom&#8221; animation_intensity_fold=&#8221;20%&#8221; global_colors_info=&#8221;{}&#8221;]<\/p>\n<h1>\u00dcber 5000 zufriedene Kunden.<\/h1>\n<p>&nbsp;<\/p>\n<p>[\/et_pb_text][et_pb_divider color=&#8221;#ffffff&#8221; divider_weight=&#8221;3px&#8221; disabled_on=&#8221;off|off|off&#8221; _builder_version=&#8221;4.16&#8243; background_color_gradient_direction=&#8221;90deg&#8221; max_width=&#8221;100px&#8221; module_alignment=&#8221;center&#8221; height=&#8221;5px&#8221; custom_margin=&#8221;||20px|&#8221; custom_padding=&#8221;||20px|&#8221; animation_style=&#8221;slide&#8221; animation_direction=&#8221;bottom&#8221; saved_tabs=&#8221;all&#8221; locked=&#8221;off&#8221; global_colors_info=&#8221;{}&#8221;][\/et_pb_divider][\/et_pb_column][\/et_pb_row][et_pb_row column_structure=&#8221;1_2,1_2&#8243; _builder_version=&#8221;4.18.1&#8243; _module_preset=&#8221;default&#8221; global_colors_info=&#8221;{}&#8221;][et_pb_column type=&#8221;1_2&#8243; _builder_version=&#8221;4.18.1&#8243; _module_preset=&#8221;default&#8221; global_colors_info=&#8221;{}&#8221;][et_pb_testimonial author=&#8221;Marco&#8221; portrait_url=&#8221;https:\/\/ag-frisch.com\/wp-content\/uploads\/2021\/08\/Harald.png&#8221; quote_icon=&#8221;off&#8221; _builder_version=&#8221;4.18.1&#8243; _module_preset=&#8221;default&#8221; body_font_size=&#8221;16px&#8221; use_background_color=&#8221;off&#8221; background_layout=&#8221;dark&#8221; global_colors_info=&#8221;{}&#8221;]Ich habe die Agentur Frisch beauftragt ein gr\u00f6\u00dferes M\u00f6belst\u00fcck in China produzieren zu lassen um es dann folglich nach Deutschland zu \u00fcberf\u00fchren. Per Mail erfolgte die ganze Zeit \u00fcber eine reibungslose Kommunikation! Sehr schnelle und zuverl\u00e4ssige Antworten vermittelten mir st\u00e4ndig die Sicherheiten, die bei so einen Unterfangen unerl\u00e4sslich sind. Jederzeit wurde mir durch den B\u00fcrokratiedschungel geholfen und dabei wurden keine Formulare vergessen oder falsch ausgef\u00fcllt. Sehr lobenswert!<a href=\"&lt;div class=&quot;pe-richsnippets&quot;&gt;&amp;nbsp;&lt;\/div&gt; &lt;script type=&quot;text\/javascript&quot; src=&quot;https:\/\/www.provenexpert.com\/widget\/richsnippet.js?u=1NUA0VwZ4RUZ5tmAi5zA4RaplNKAlWwZ&amp;v=2&quot; async&gt;&lt;\/script&gt; &lt;div style=&quot;text-align: justify;&quot;&gt;&lt;br \/&gt;\"><\/a><\/p>\n<div class=\"brow ratingBarMargin\">\n<div class=\"ratingBar\">\n<div class=\"brow\">\n<div class=\"pe-richsnippets\">&nbsp;<\/div>\n<p><script type=\"text\/javascript\" src=\"https:\/\/www.provenexpert.com\/widget\/richsnippet.js?u=1NUA0VwZ4RUZ5tmAi5zA4RaplNKAlWwZ&#038;v=2\" async><\/script><\/p>\n<div style=\"text-align: justify;\"><\/p>\n<div class=\"col-lg-9 col-md-8 col-xs-10 mt20 mb20\">\n<div class=\"col-xs-12 surveyNameForRating\"><\/div>\n<\/div>\n<\/div>\n<\/div>\n<\/div>\n<\/div>\n<p>[\/et_pb_testimonial][\/et_pb_column][et_pb_column type=&#8221;1_2&#8243; _builder_version=&#8221;4.18.1&#8243; _module_preset=&#8221;default&#8221; global_colors_info=&#8221;{}&#8221;][et_pb_testimonial author=&#8221;Simone L.&#8221; portrait_url=&#8221;https:\/\/ag-frisch.com\/wp-content\/uploads\/2021\/08\/Harald.png&#8221; quote_icon=&#8221;off&#8221; _builder_version=&#8221;4.18.1&#8243; _module_preset=&#8221;default&#8221; body_font_size=&#8221;16px&#8221; use_background_color=&#8221;off&#8221; background_layout=&#8221;dark&#8221; global_colors_info=&#8221;{}&#8221;]<\/p>\n<p>Alles Top. Besser geht nicht. Beratung und Durchf\u00fchrung kann man nicht besser machen. Wir sind nach mehreren Bestellungen bei diesem Unternehmen mehr als zufrieden und setzen die Zusammenarbeit fort.<\/p>\n<div class=\"brow ratingBarMargin\">\n<div class=\"ratingBar\">\n<div class=\"brow\">\n<div class=\"pe-richsnippets\">\u00a0<\/div>\n<p>\n<script type=\"text\/javascript\" src=\"https:\/\/www.provenexpert.com\/widget\/richsnippet.js?u=1NUA0VwZ4RUZ5tmAi5zA4RaplNKAlWwZ&amp;v=2\" async=\"\"><\/script>\n<\/p>\n<div style=\"text-align: justify;\">\n<p>&nbsp;<\/p>\n<div class=\"col-lg-9 col-md-8 col-xs-10 mt20 mb20\">\n<div class=\"col-xs-12 surveyNameForRating\"><\/div>\n<\/div>\n<\/div>\n<\/div>\n<\/div>\n<\/div>\n<p>[\/et_pb_testimonial][\/et_pb_column][\/et_pb_row][et_pb_row _builder_version=&#8221;4.16&#8243; background_size=&#8221;initial&#8221; background_position=&#8221;top_left&#8221; background_repeat=&#8221;repeat&#8221; custom_padding=&#8221;50px|0px|30px|0px&#8221; custom_css_main_element=&#8221;text-align: center;&#8221; global_colors_info=&#8221;{}&#8221;][et_pb_column type=&#8221;4_4&#8243; _builder_version=&#8221;4.16&#8243; custom_padding=&#8221;|||&#8221; global_colors_info=&#8221;{}&#8221; custom_padding__hover=&#8221;|||&#8221;][et_pb_button button_url=&#8221;https:\/\/www.provenexpert.com\/de-de\/agentur-frisch-international-consulting-gmbh-und-co-kg\/&#8221; button_text=&#8221;MEHR BEWERTUNGEN&#8221; button_alignment=&#8221;left&#8221; admin_label=&#8221;Testimonial Button&#8221; _builder_version=&#8221;4.16&#8243; custom_button=&#8221;on&#8221; button_text_size=&#8221;18px&#8221; button_text_color=&#8221;#ffffff&#8221; button_bg_color=&#8221;#6eba01&#8243; button_border_width=&#8221;2px&#8221; button_border_color=&#8221;#6eba01&#8243; button_border_radius=&#8221;0px&#8221; button_letter_spacing=&#8221;2px&#8221; button_font=&#8221;Montserrat|||on|&#8221; button_use_icon=&#8221;off&#8221; animation_style=&#8221;fold&#8221; animation_direction=&#8221;bottom&#8221; button_text_color_hover=&#8221;#ffffff&#8221; button_border_color_hover=&#8221;#ffffff&#8221; button_border_radius_hover=&#8221;0px&#8221; button_letter_spacing_hover=&#8221;2px&#8221; button_bg_color_hover=&#8221;rgba(255,255,255,0)&#8221; locked=&#8221;off&#8221; global_colors_info=&#8221;{}&#8221; button_text_size__hover_enabled=&#8221;off&#8221; button_one_text_size__hover_enabled=&#8221;off&#8221; button_two_text_size__hover_enabled=&#8221;off&#8221; button_text_color__hover_enabled=&#8221;on&#8221; button_text_color__hover=&#8221;#ffffff&#8221; button_one_text_color__hover_enabled=&#8221;off&#8221; button_two_text_color__hover_enabled=&#8221;off&#8221; button_border_width__hover_enabled=&#8221;off&#8221; button_one_border_width__hover_enabled=&#8221;off&#8221; button_two_border_width__hover_enabled=&#8221;off&#8221; button_border_color__hover_enabled=&#8221;on&#8221; button_border_color__hover=&#8221;#ffffff&#8221; button_one_border_color__hover_enabled=&#8221;off&#8221; button_two_border_color__hover_enabled=&#8221;off&#8221; button_border_radius__hover_enabled=&#8221;on&#8221; button_border_radius__hover=&#8221;0px&#8221; button_one_border_radius__hover_enabled=&#8221;off&#8221; button_two_border_radius__hover_enabled=&#8221;off&#8221; button_letter_spacing__hover_enabled=&#8221;on&#8221; button_letter_spacing__hover=&#8221;2px&#8221; button_one_letter_spacing__hover_enabled=&#8221;off&#8221; button_two_letter_spacing__hover_enabled=&#8221;off&#8221; button_bg_color__hover_enabled=&#8221;on&#8221; button_bg_color__hover=&#8221;rgba(255,255,255,0)&#8221; button_one_bg_color__hover_enabled=&#8221;off&#8221; button_two_bg_color__hover_enabled=&#8221;off&#8221;][\/et_pb_button][\/et_pb_column][\/et_pb_row][\/et_pb_section]<\/p>\n","protected":false},"excerpt":{"rendered":"<p>Wir unterst\u00fctzen Sie beim Einkauf von Autoteilen, E-Bikes und Fahrr\u00e4dern von der ersten Anfrage, der Lieferantensuche in China \u00fcber Musterbestellungen, Vertragsgestaltung, Konformit\u00e4tsverfahren, Qualit\u00e4tssicherung in China bis zur Logisik und Anlieferung.\u00a0Fahrzeug-Import aus China: Ihr Profi f\u00fcr den Import von Autos und Fahrzeugteilen Die Agentur Frisch bietet Ihnen Produkte in verschiedensten Gr\u00f6\u00dfen, vom Nagelknipser bis zur Industriemaschine [&hellip;]<\/p>\n","protected":false},"author":2,"featured_media":0,"parent":0,"menu_order":0,"comment_status":"closed","ping_status":"closed","template":"","meta":{"_et_pb_use_builder":"on","_et_pb_old_content":"","_et_gb_content_width":"","footnotes":""},"class_list":["post-2011","page","type-page","status-publish","hentry"],"yoast_head":"<!-- This site is optimized with the Yoast SEO plugin v27.2 - https:\/\/yoast.com\/product\/yoast-seo-wordpress\/ -->\n<title>Autoteile Import-Profi | Auto- und Motorrad-Import aus China<\/title>\n<meta name=\"description\" content=\"Import von Autos und Motorr\u00e4dern aus China \u25ba Von der Felge bis zum Wohnwagen - wir helfen Ihnen beim Import von Fahrzeugen \u25ba Jetzt beraten lassen!\" \/>\n<meta name=\"robots\" content=\"index, follow, max-snippet:-1, max-image-preview:large, max-video-preview:-1\" \/>\n<link rel=\"canonical\" href=\"https:\/\/ag-frisch.com\/de\/fahrzeug-auto-motorrad-teile-import-china\/\" \/>\n<meta property=\"og:locale\" content=\"de_DE\" \/>\n<meta property=\"og:type\" content=\"article\" \/>\n<meta property=\"og:title\" content=\"Autoteile Import-Profi | Auto- und Motorrad-Import aus China\" \/>\n<meta property=\"og:description\" content=\"Import von Autos und Motorr\u00e4dern aus China \u25ba Von der Felge bis zum Wohnwagen - wir helfen Ihnen beim Import von Fahrzeugen \u25ba Jetzt beraten lassen!\" \/>\n<meta property=\"og:url\" content=\"https:\/\/ag-frisch.com\/de\/fahrzeug-auto-motorrad-teile-import-china\/\" \/>\n<meta property=\"og:site_name\" content=\"China Import Beratung f\u00fcr den Einkauf aus China\" \/>\n<meta property=\"article:publisher\" content=\"https:\/\/www.facebook.com\/China.Import\" \/>\n<meta property=\"article:modified_time\" content=\"2023-01-11T09:15:39+00:00\" \/>\n<meta name=\"twitter:card\" content=\"summary_large_image\" \/>\n<meta name=\"twitter:site\" content=\"@agenturfrisch\" \/>\n<script type=\"application\/ld+json\" class=\"yoast-schema-graph\">{\"@context\":\"https:\/\/schema.org\",\"@graph\":[{\"@type\":\"WebPage\",\"@id\":\"https:\/\/ag-frisch.com\/de\/fahrzeug-auto-motorrad-teile-import-china\/\",\"url\":\"https:\/\/ag-frisch.com\/de\/fahrzeug-auto-motorrad-teile-import-china\/\",\"name\":\"Autoteile Import-Profi | Auto- und Motorrad-Import aus China\",\"isPartOf\":{\"@id\":\"https:\/\/ag-frisch.com\/de\/#website\"},\"datePublished\":\"2022-04-28T12:02:02+00:00\",\"dateModified\":\"2023-01-11T09:15:39+00:00\",\"description\":\"Import von Autos und Motorr\u00e4dern aus China \u25ba Von der Felge bis zum Wohnwagen - wir helfen Ihnen beim Import von Fahrzeugen \u25ba Jetzt beraten lassen!\",\"breadcrumb\":{\"@id\":\"https:\/\/ag-frisch.com\/de\/fahrzeug-auto-motorrad-teile-import-china\/#breadcrumb\"},\"inLanguage\":\"de\",\"potentialAction\":[{\"@type\":\"ReadAction\",\"target\":[\"https:\/\/ag-frisch.com\/de\/fahrzeug-auto-motorrad-teile-import-china\/\"]}]},{\"@type\":\"BreadcrumbList\",\"@id\":\"https:\/\/ag-frisch.com\/de\/fahrzeug-auto-motorrad-teile-import-china\/#breadcrumb\",\"itemListElement\":[{\"@type\":\"ListItem\",\"position\":1,\"name\":\"Startseite\",\"item\":\"https:\/\/ag-frisch.com\/de\/\"},{\"@type\":\"ListItem\",\"position\":2,\"name\":\"Autos-und-Motorraeder\"}]},{\"@type\":\"WebSite\",\"@id\":\"https:\/\/ag-frisch.com\/de\/#website\",\"url\":\"https:\/\/ag-frisch.com\/de\/\",\"name\":\"China Import Beratung f\u00fcr den Einkauf aus China\",\"description\":\"China Import &amp; Export Beratung - Der Dienstleister Ihres Vertrauens f\u00fcr Ihren China Import\",\"publisher\":{\"@id\":\"https:\/\/ag-frisch.com\/de\/#organization\"},\"potentialAction\":[{\"@type\":\"SearchAction\",\"target\":{\"@type\":\"EntryPoint\",\"urlTemplate\":\"https:\/\/ag-frisch.com\/de\/?s={search_term_string}\"},\"query-input\":{\"@type\":\"PropertyValueSpecification\",\"valueRequired\":true,\"valueName\":\"search_term_string\"}}],\"inLanguage\":\"de\"},{\"@type\":\"Organization\",\"@id\":\"https:\/\/ag-frisch.com\/de\/#organization\",\"name\":\"Agentur Frisch International Consulting GmbH & Co. KG\",\"url\":\"https:\/\/ag-frisch.com\/de\/\",\"logo\":{\"@type\":\"ImageObject\",\"inLanguage\":\"de\",\"@id\":\"https:\/\/ag-frisch.com\/de\/#\/schema\/logo\/image\/\",\"url\":\"https:\/\/ag-frisch.com\/wp-content\/uploads\/2021\/08\/ag_logo_rgb_300_small.png\",\"contentUrl\":\"https:\/\/ag-frisch.com\/wp-content\/uploads\/2021\/08\/ag_logo_rgb_300_small.png\",\"width\":153,\"height\":102,\"caption\":\"Agentur Frisch International Consulting GmbH & Co. KG\"},\"image\":{\"@id\":\"https:\/\/ag-frisch.com\/de\/#\/schema\/logo\/image\/\"},\"sameAs\":[\"https:\/\/www.facebook.com\/China.Import\",\"https:\/\/x.com\/agenturfrisch\"]}]}<\/script>\n<!-- \/ Yoast SEO plugin. -->","yoast_head_json":{"title":"Autoteile Import-Profi | Auto- und Motorrad-Import aus China","description":"Import von Autos und Motorr\u00e4dern aus China \u25ba Von der Felge bis zum Wohnwagen - wir helfen Ihnen beim Import von Fahrzeugen \u25ba Jetzt beraten lassen!","robots":{"index":"index","follow":"follow","max-snippet":"max-snippet:-1","max-image-preview":"max-image-preview:large","max-video-preview":"max-video-preview:-1"},"canonical":"https:\/\/ag-frisch.com\/de\/fahrzeug-auto-motorrad-teile-import-china\/","og_locale":"de_DE","og_type":"article","og_title":"Autoteile Import-Profi | Auto- und Motorrad-Import aus China","og_description":"Import von Autos und Motorr\u00e4dern aus China \u25ba Von der Felge bis zum Wohnwagen - wir helfen Ihnen beim Import von Fahrzeugen \u25ba Jetzt beraten lassen!","og_url":"https:\/\/ag-frisch.com\/de\/fahrzeug-auto-motorrad-teile-import-china\/","og_site_name":"China Import Beratung f\u00fcr den Einkauf aus China","article_publisher":"https:\/\/www.facebook.com\/China.Import","article_modified_time":"2023-01-11T09:15:39+00:00","twitter_card":"summary_large_image","twitter_site":"@agenturfrisch","schema":{"@context":"https:\/\/schema.org","@graph":[{"@type":"WebPage","@id":"https:\/\/ag-frisch.com\/de\/fahrzeug-auto-motorrad-teile-import-china\/","url":"https:\/\/ag-frisch.com\/de\/fahrzeug-auto-motorrad-teile-import-china\/","name":"Autoteile Import-Profi | Auto- und Motorrad-Import aus China","isPartOf":{"@id":"https:\/\/ag-frisch.com\/de\/#website"},"datePublished":"2022-04-28T12:02:02+00:00","dateModified":"2023-01-11T09:15:39+00:00","description":"Import von Autos und Motorr\u00e4dern aus China \u25ba Von der Felge bis zum Wohnwagen - wir helfen Ihnen beim Import von Fahrzeugen \u25ba Jetzt beraten lassen!","breadcrumb":{"@id":"https:\/\/ag-frisch.com\/de\/fahrzeug-auto-motorrad-teile-import-china\/#breadcrumb"},"inLanguage":"de","potentialAction":[{"@type":"ReadAction","target":["https:\/\/ag-frisch.com\/de\/fahrzeug-auto-motorrad-teile-import-china\/"]}]},{"@type":"BreadcrumbList","@id":"https:\/\/ag-frisch.com\/de\/fahrzeug-auto-motorrad-teile-import-china\/#breadcrumb","itemListElement":[{"@type":"ListItem","position":1,"name":"Startseite","item":"https:\/\/ag-frisch.com\/de\/"},{"@type":"ListItem","position":2,"name":"Autos-und-Motorraeder"}]},{"@type":"WebSite","@id":"https:\/\/ag-frisch.com\/de\/#website","url":"https:\/\/ag-frisch.com\/de\/","name":"China Import Beratung f\u00fcr den Einkauf aus China","description":"China Import &amp; Export Beratung - Der Dienstleister Ihres Vertrauens f\u00fcr Ihren China Import","publisher":{"@id":"https:\/\/ag-frisch.com\/de\/#organization"},"potentialAction":[{"@type":"SearchAction","target":{"@type":"EntryPoint","urlTemplate":"https:\/\/ag-frisch.com\/de\/?s={search_term_string}"},"query-input":{"@type":"PropertyValueSpecification","valueRequired":true,"valueName":"search_term_string"}}],"inLanguage":"de"},{"@type":"Organization","@id":"https:\/\/ag-frisch.com\/de\/#organization","name":"Agentur Frisch International Consulting GmbH & Co. KG","url":"https:\/\/ag-frisch.com\/de\/","logo":{"@type":"ImageObject","inLanguage":"de","@id":"https:\/\/ag-frisch.com\/de\/#\/schema\/logo\/image\/","url":"https:\/\/ag-frisch.com\/wp-content\/uploads\/2021\/08\/ag_logo_rgb_300_small.png","contentUrl":"https:\/\/ag-frisch.com\/wp-content\/uploads\/2021\/08\/ag_logo_rgb_300_small.png","width":153,"height":102,"caption":"Agentur Frisch International Consulting GmbH & Co. KG"},"image":{"@id":"https:\/\/ag-frisch.com\/de\/#\/schema\/logo\/image\/"},"sameAs":["https:\/\/www.facebook.com\/China.Import","https:\/\/x.com\/agenturfrisch"]}]}},"_links":{"self":[{"href":"https:\/\/ag-frisch.com\/de\/wp-json\/wp\/v2\/pages\/2011","targetHints":{"allow":["GET"]}}],"collection":[{"href":"https:\/\/ag-frisch.com\/de\/wp-json\/wp\/v2\/pages"}],"about":[{"href":"https:\/\/ag-frisch.com\/de\/wp-json\/wp\/v2\/types\/page"}],"author":[{"embeddable":true,"href":"https:\/\/ag-frisch.com\/de\/wp-json\/wp\/v2\/users\/2"}],"replies":[{"embeddable":true,"href":"https:\/\/ag-frisch.com\/de\/wp-json\/wp\/v2\/comments?post=2011"}],"version-history":[{"count":0,"href":"https:\/\/ag-frisch.com\/de\/wp-json\/wp\/v2\/pages\/2011\/revisions"}],"wp:attachment":[{"href":"https:\/\/ag-frisch.com\/de\/wp-json\/wp\/v2\/media?parent=2011"}],"curies":[{"name":"wp","href":"https:\/\/api.w.org\/{rel}","templated":true}]}}