{"id":2015,"date":"2022-04-28T14:09:01","date_gmt":"2022-04-28T12:09:01","guid":{"rendered":"https:\/\/ag-frisch.com\/?page_id=2015"},"modified":"2023-01-11T11:56:40","modified_gmt":"2023-01-11T10:56:40","slug":"import-babybedarf-aus-china","status":"publish","type":"page","link":"https:\/\/ag-frisch.com\/de\/import-babybedarf-aus-china\/","title":{"rendered":"Import Babybedarf aus China"},"content":{"rendered":"<p>[et_pb_section fb_built=&#8221;1&#8243; _builder_version=&#8221;4.16&#8243; _module_preset=&#8221;default&#8221; global_colors_info=&#8221;{}&#8221;][et_pb_row _builder_version=&#8221;4.18.1&#8243; _module_preset=&#8221;default&#8221; global_colors_info=&#8221;{}&#8221;][et_pb_column type=&#8221;4_4&#8243; _builder_version=&#8221;4.18.1&#8243; _module_preset=&#8221;default&#8221; global_colors_info=&#8221;{}&#8221;][et_pb_cta title=&#8221;China Import Beratung&#8221; button_url=&#8221;\/kontakt\/&#8221; button_text=&#8221;Jetzt Beratung buchen&#8221; _builder_version=&#8221;4.16&#8243; _module_preset=&#8221;default&#8221; global_colors_info=&#8221;{}&#8221;]<\/p>\n<p>Durch die Beratung der China Import Agentur Frisch gelingt Ihnen das China Gesch\u00e4ft wie bei den Profis.\u00a0<\/p>\n<p>[\/et_pb_cta][\/et_pb_column][\/et_pb_row][et_pb_row _builder_version=&#8221;4.16&#8243; _module_preset=&#8221;default&#8221; global_colors_info=&#8221;{}&#8221;][et_pb_column type=&#8221;4_4&#8243; _builder_version=&#8221;4.16&#8243; _module_preset=&#8221;default&#8221; global_colors_info=&#8221;{}&#8221;][et_pb_text _builder_version=&#8221;4.18.1&#8243; _module_preset=&#8221;default&#8221; hover_enabled=&#8221;0&#8243; global_colors_info=&#8221;{}&#8221; sticky_enabled=&#8221;0&#8243;]<\/p>\n<h1>Import von Baby- &#038; Kleinkinderbedarf aus China: Wir machen es m\u00f6glich!<\/h1>\n<p><strong>Qualit\u00e4t f\u00fcr die Kleinsten: Babybedarf aus China<\/strong><\/p>\n<p>S\u00fc\u00dfe Strampler, kleine Sch\u00fchchen, ein nagelneuer Schnuller \u2013 es gibt viele wunderbare Dinge, die man f\u00fcr Babys kaufen kann. Das A und O ist dabei Vertrauen. Die Agentur Frisch ist Ihr Partner f\u00fcr den Import von vertrauensw\u00fcrdigem Babybedarf aus China. Strengste Qualit\u00e4tskontrollen sorgen daf\u00fcr, dass Sie als Verk\u00e4ufer unbesorgt mit den von uns vermittelten Produkten handeln k\u00f6nnen. Unsere hohe Qualit\u00e4t und die unschlagbar niedrigen Preise sind das Ergebnis unserer langj\u00e4hrigen Erfahrung auf dem chinesischen Markt und unserer exzellenten Verbindungen dort.<\/p>\n<p><strong>Profitieren Sie von unserem Know-how und unseren Connections.<\/strong><\/p>\n<p>&nbsp;<\/p>\n<p><strong>Kleidung, Spielzeug, Kinderwagen &amp; Co<\/strong><\/p>\n<p>Unsere Produktpalette im Bereich Baby und Kleinkinder ist gigantisch und umfasst so unterschiedliche Dinge wie Pflegeartikel und Wickeltische, Baby- und Kinderkleidung, Kinderwagen und Autositze f\u00fcr Kinder \u2013 und noch vieles, vieles mehr. Sprechen Sie uns an, wir finden auch f\u00fcr Ihren gew\u00fcnschten Kleinkinderartikel oder Babyartikel aus China den perfekten Lieferanten. Folgende Artikel k\u00f6nnen Sie, unter vielem anderen, \u00fcber uns beziehen:<\/p>\n<ul>\n<li>Spielzeug und Kinderb\u00fccher<\/li>\n<li>Babykleidung und Kinderkleidung<\/li>\n<li>Kinderwagen, Kindersitze und Fahrradsitze<\/li>\n<li>Sicherheitsartikel (Babyphone etc.)<\/li>\n<li>M\u00f6bel f\u00fcrs Kinderzimmer (Babybetten, Wickeltische, Schr\u00e4nke etc.)<\/li>\n<li>Lernspielzeug und Lernmaterial f\u00fcr Baby und Kleinkinder<\/li>\n<li>Bedarf f\u00fcr Kindergeburtstage<\/li>\n<li>u.v.m.<\/li>\n<\/ul>\n<p>&nbsp;<\/p>\n<p><strong>Hochwertige Babyartikel aus China zu niedrigen Preisen<\/strong><\/p>\n<p>Sie wollen als Gro\u00dfh\u00e4ndler \u00fcber uns in China direkt vom Hersteller einkaufen? Oder Sie wollen sich ein neues eigenes Gesch\u00e4ft aufbauen, Unternehmen um einen Zweig erweitern oder sind professioneller Reseller? Welchen Bedarf auch immer Sie haben, die Agentur Frisch ist Ihr kompetenter Partner f\u00fcr den China-Import.<\/p>\n<p>Unsere Erfahrung und unsere Vertrauensw\u00fcrdigkeit machen uns zur ersten Wahl f\u00fcr den Einkauf von qualitativ hochwertigem und zugleich g\u00fcnstigem Babybedarf aus China. Wir sind uns unserer Verantwortung gerade in diesem sensiblen Bereich bewusst und handeln verantwortungsbewusst \u2013 so stimmen Qualit\u00e4t, Sicherheit und Preis.<\/p>\n<p>&nbsp;<\/p>\n<p><strong>Kompletter Service f\u00fcr Ihren China-Import<\/strong><\/p>\n<p>Wenn Sie \u00fcber uns Baby- und Kleinkinder-Bedarf aus China kaufen, m\u00fcssen Sie sich im Grunde um nichts mehr k\u00fcmmern. Die Agentur Frisch ist ein Full-Service-Dienstleister, der alles rund um Ihren China-Import direkt vom Hersteller \u00fcbernimmt. Diese Leistungen k\u00f6nnen Sie auf Wunsch von uns erhalten:<\/p>\n<ul>\n<li>Herstellersuche, Preisverhandlungen und Vertragsgestaltung<\/li>\n<li>Qualit\u00e4tssicherung, Kontrollen und Inspektion<\/li>\n<li>Konformit\u00e4t und Zertifizierungen<\/li>\n<li>Logistik und Transport<\/li>\n<li>Lagerung und Fulfillment<\/li>\n<\/ul>\n<p>Wir analysieren gemeinsam mit Ihnen, welche Fabriken in China f\u00fcr Sie in Frage kommen f\u00fcr Ihren Import von Babybedarf aus China, und wir erledigen den gesamten Rest \u2013 sofern Sie das wollen.<\/p>\n<p>&nbsp;<\/p>\n<p><strong>Strenge Qualit\u00e4tskontrollen f\u00fcr sicheren Babybedarf aus China<\/strong><\/p>\n<p>Die von uns vermittelten Produkte unterziehen wir strengsten Pr\u00fcfungen \u2013 denn wir wollen, dass Sie mit den von Ihnen verkauften Babyartikeln aus China keine Probleme bekommen. Weder beim Zoll noch danach. Wir f\u00fchren in unserer Tochterfirma BEIDE Test-Labor die notwendigen oder dar\u00fcber hinaus gew\u00fcnschte Laborpr\u00fcfungen professionell durch, und k\u00fcmmern uns um s\u00e4mtliche Audits, Kontrollen und Zertifizierungen vor, w\u00e4hrend und nach der Produktion Ihrer Artikel.<\/p>\n<p>Beim China-Import \u00fcber die Agentur Frisch k\u00f6nnen Sie sicher sein, gepr\u00fcfte Qualit\u00e4t zu erhalten. Das zahlt sich aus \u2013 auch buchst\u00e4blich. Bei uns m\u00fcssen Sie keine teuren Folgekosten erwarten oder sich \u00fcber minderwertige Produkte \u00e4rgern, die Sie letztlich nicht verkaufen k\u00f6nnen. Wir verf\u00fcgen \u00fcber umfassende Erfahrung, sind seri\u00f6s und k\u00f6nnen dabei dennoch die niedrigsten Preise bieten.<\/p>\n<p><strong>Sprechen Sie uns an f\u00fcr Ihren Import von Babyartikeln aus China, und werden auch Sie zu einem unserer hochzufriedenen Stammkunden!<\/strong><\/p>\n<p>&nbsp;<\/p>\n<p>[\/et_pb_text][\/et_pb_column][\/et_pb_row][\/et_pb_section][et_pb_section fb_built=&#8221;1&#8243; admin_label=&#8221;Testimonials&#8221; _builder_version=&#8221;4.16&#8243; use_background_color_gradient=&#8221;on&#8221; background_color_gradient_stops=&#8221;rgba(0,106,156,0.85) 0%|rgba(0,106,156,0.85) 100%&#8221; background_color_gradient_start=&#8221;rgba(0,106,156,0.85)&#8221; background_color_gradient_end=&#8221;rgba(0,106,156,0.85)&#8221; custom_padding=&#8221;90px||60px|&#8221; animation_style=&#8221;fold&#8221; animation_direction=&#8221;bottom&#8221; animation_intensity_fold=&#8221;4%&#8221; global_colors_info=&#8221;{}&#8221;][et_pb_row _builder_version=&#8221;4.16&#8243; background_size=&#8221;initial&#8221; background_position=&#8221;top_left&#8221; background_repeat=&#8221;repeat&#8221; custom_width_px=&#8221;710px&#8221; locked=&#8221;off&#8221; global_colors_info=&#8221;{}&#8221;][et_pb_column type=&#8221;4_4&#8243; _builder_version=&#8221;4.16&#8243; background_position=&#8221;top_left&#8221; custom_padding=&#8221;|||&#8221; global_colors_info=&#8221;{}&#8221; custom_padding__hover=&#8221;|||&#8221;][et_pb_text admin_label=&#8221;Testimonials Section Title&#8221; _builder_version=&#8221;4.16&#8243; header_font=&#8221;Montserrat||||&#8221; header_font_size=&#8221;36px&#8221; background_size=&#8221;initial&#8221; background_position=&#8221;top_left&#8221; background_repeat=&#8221;repeat&#8221; text_orientation=&#8221;center&#8221; background_layout=&#8221;dark&#8221; max_width=&#8221;710px&#8221; module_alignment=&#8221;center&#8221; animation_style=&#8221;fold&#8221; animation_direction=&#8221;bottom&#8221; animation_intensity_fold=&#8221;20%&#8221; global_colors_info=&#8221;{}&#8221;]<\/p>\n<h1>\u00dcber 5000 zufriedene Kunden.<\/h1>\n<p>&nbsp;<\/p>\n<p>[\/et_pb_text][et_pb_divider color=&#8221;#ffffff&#8221; divider_weight=&#8221;3px&#8221; disabled_on=&#8221;off|off|off&#8221; _builder_version=&#8221;4.16&#8243; background_color_gradient_direction=&#8221;90deg&#8221; max_width=&#8221;100px&#8221; module_alignment=&#8221;center&#8221; height=&#8221;5px&#8221; custom_margin=&#8221;||20px|&#8221; custom_padding=&#8221;||20px|&#8221; animation_style=&#8221;slide&#8221; animation_direction=&#8221;bottom&#8221; saved_tabs=&#8221;all&#8221; locked=&#8221;off&#8221; global_colors_info=&#8221;{}&#8221;][\/et_pb_divider][\/et_pb_column][\/et_pb_row][et_pb_row column_structure=&#8221;1_2,1_2&#8243; _builder_version=&#8221;4.18.1&#8243; _module_preset=&#8221;default&#8221; global_colors_info=&#8221;{}&#8221;][et_pb_column type=&#8221;1_2&#8243; _builder_version=&#8221;4.18.1&#8243; _module_preset=&#8221;default&#8221; global_colors_info=&#8221;{}&#8221;][et_pb_testimonial author=&#8221;Marco&#8221; portrait_url=&#8221;https:\/\/ag-frisch.com\/wp-content\/uploads\/2021\/08\/Harald.png&#8221; quote_icon=&#8221;off&#8221; _builder_version=&#8221;4.18.1&#8243; _module_preset=&#8221;default&#8221; body_font_size=&#8221;16px&#8221; use_background_color=&#8221;off&#8221; background_layout=&#8221;dark&#8221; global_colors_info=&#8221;{}&#8221;]Ich habe die Agentur Frisch beauftragt ein gr\u00f6\u00dferes M\u00f6belst\u00fcck in China produzieren zu lassen um es dann folglich nach Deutschland zu \u00fcberf\u00fchren. Per Mail erfolgte die ganze Zeit \u00fcber eine reibungslose Kommunikation! Sehr schnelle und zuverl\u00e4ssige Antworten vermittelten mir st\u00e4ndig die Sicherheiten, die bei so einen Unterfangen unerl\u00e4sslich sind. Jederzeit wurde mir durch den B\u00fcrokratiedschungel geholfen und dabei wurden keine Formulare vergessen oder falsch ausgef\u00fcllt. Sehr lobenswert!<a href=\"&lt;div class=&quot;pe-richsnippets&quot;&gt;&amp;nbsp;&lt;\/div&gt; &lt;script type=&quot;text\/javascript&quot; src=&quot;https:\/\/www.provenexpert.com\/widget\/richsnippet.js?u=1NUA0VwZ4RUZ5tmAi5zA4RaplNKAlWwZ&amp;v=2&quot; async&gt;&lt;\/script&gt; &lt;div style=&quot;text-align: justify;&quot;&gt;&lt;br \/&gt;\"><\/a><\/p>\n<div class=\"brow ratingBarMargin\">\n<div class=\"ratingBar\">\n<div class=\"brow\">\n<div class=\"pe-richsnippets\">&nbsp;<\/div>\n<p><script type=\"text\/javascript\" src=\"https:\/\/www.provenexpert.com\/widget\/richsnippet.js?u=1NUA0VwZ4RUZ5tmAi5zA4RaplNKAlWwZ&#038;v=2\" async><\/script><\/p>\n<div style=\"text-align: justify;\"><\/p>\n<div class=\"col-lg-9 col-md-8 col-xs-10 mt20 mb20\">\n<div class=\"col-xs-12 surveyNameForRating\"><\/div>\n<\/div>\n<\/div>\n<\/div>\n<\/div>\n<\/div>\n<p>[\/et_pb_testimonial][\/et_pb_column][et_pb_column type=&#8221;1_2&#8243; _builder_version=&#8221;4.18.1&#8243; _module_preset=&#8221;default&#8221; global_colors_info=&#8221;{}&#8221;][et_pb_testimonial author=&#8221;Simone L.&#8221; portrait_url=&#8221;https:\/\/ag-frisch.com\/wp-content\/uploads\/2021\/08\/Harald.png&#8221; quote_icon=&#8221;off&#8221; _builder_version=&#8221;4.18.1&#8243; _module_preset=&#8221;default&#8221; body_font_size=&#8221;16px&#8221; use_background_color=&#8221;off&#8221; background_layout=&#8221;dark&#8221; global_colors_info=&#8221;{}&#8221;]<\/p>\n<p>Alles Top. Besser geht nicht. Beratung und Durchf\u00fchrung kann man nicht besser machen. Wir sind nach mehreren Bestellungen bei diesem Unternehmen mehr als zufrieden und setzen die Zusammenarbeit fort.<\/p>\n<div class=\"brow ratingBarMargin\">\n<div class=\"ratingBar\">\n<div class=\"brow\">\n<div class=\"pe-richsnippets\">\u00a0<\/div>\n<p>\n<script type=\"text\/javascript\" src=\"https:\/\/www.provenexpert.com\/widget\/richsnippet.js?u=1NUA0VwZ4RUZ5tmAi5zA4RaplNKAlWwZ&amp;v=2\" async=\"\"><\/script>\n<\/p>\n<div style=\"text-align: justify;\">\n<p>&nbsp;<\/p>\n<div class=\"col-lg-9 col-md-8 col-xs-10 mt20 mb20\">\n<div class=\"col-xs-12 surveyNameForRating\"><\/div>\n<\/div>\n<\/div>\n<\/div>\n<\/div>\n<\/div>\n<p>[\/et_pb_testimonial][\/et_pb_column][\/et_pb_row][et_pb_row _builder_version=&#8221;4.16&#8243; background_size=&#8221;initial&#8221; background_position=&#8221;top_left&#8221; background_repeat=&#8221;repeat&#8221; custom_padding=&#8221;50px|0px|30px|0px&#8221; custom_css_main_element=&#8221;text-align: center;&#8221; global_colors_info=&#8221;{}&#8221;][et_pb_column type=&#8221;4_4&#8243; _builder_version=&#8221;4.16&#8243; custom_padding=&#8221;|||&#8221; global_colors_info=&#8221;{}&#8221; custom_padding__hover=&#8221;|||&#8221;][et_pb_button button_url=&#8221;https:\/\/www.provenexpert.com\/de-de\/agentur-frisch-international-consulting-gmbh-und-co-kg\/&#8221; button_text=&#8221;MEHR BEWERTUNGEN&#8221; button_alignment=&#8221;left&#8221; admin_label=&#8221;Testimonial Button&#8221; _builder_version=&#8221;4.16&#8243; custom_button=&#8221;on&#8221; button_text_size=&#8221;18px&#8221; button_text_color=&#8221;#ffffff&#8221; button_bg_color=&#8221;#6eba01&#8243; button_border_width=&#8221;2px&#8221; button_border_color=&#8221;#6eba01&#8243; button_border_radius=&#8221;0px&#8221; button_letter_spacing=&#8221;2px&#8221; button_font=&#8221;Montserrat|||on|&#8221; button_use_icon=&#8221;off&#8221; animation_style=&#8221;fold&#8221; animation_direction=&#8221;bottom&#8221; button_text_color_hover=&#8221;#ffffff&#8221; button_border_color_hover=&#8221;#ffffff&#8221; button_border_radius_hover=&#8221;0px&#8221; button_letter_spacing_hover=&#8221;2px&#8221; button_bg_color_hover=&#8221;rgba(255,255,255,0)&#8221; locked=&#8221;off&#8221; global_colors_info=&#8221;{}&#8221; button_text_size__hover_enabled=&#8221;off&#8221; button_one_text_size__hover_enabled=&#8221;off&#8221; button_two_text_size__hover_enabled=&#8221;off&#8221; button_text_color__hover_enabled=&#8221;on&#8221; button_text_color__hover=&#8221;#ffffff&#8221; button_one_text_color__hover_enabled=&#8221;off&#8221; button_two_text_color__hover_enabled=&#8221;off&#8221; button_border_width__hover_enabled=&#8221;off&#8221; button_one_border_width__hover_enabled=&#8221;off&#8221; button_two_border_width__hover_enabled=&#8221;off&#8221; button_border_color__hover_enabled=&#8221;on&#8221; button_border_color__hover=&#8221;#ffffff&#8221; button_one_border_color__hover_enabled=&#8221;off&#8221; button_two_border_color__hover_enabled=&#8221;off&#8221; button_border_radius__hover_enabled=&#8221;on&#8221; button_border_radius__hover=&#8221;0px&#8221; button_one_border_radius__hover_enabled=&#8221;off&#8221; button_two_border_radius__hover_enabled=&#8221;off&#8221; button_letter_spacing__hover_enabled=&#8221;on&#8221; button_letter_spacing__hover=&#8221;2px&#8221; button_one_letter_spacing__hover_enabled=&#8221;off&#8221; button_two_letter_spacing__hover_enabled=&#8221;off&#8221; button_bg_color__hover_enabled=&#8221;on&#8221; button_bg_color__hover=&#8221;rgba(255,255,255,0)&#8221; button_one_bg_color__hover_enabled=&#8221;off&#8221; button_two_bg_color__hover_enabled=&#8221;off&#8221;][\/et_pb_button][\/et_pb_column][\/et_pb_row][\/et_pb_section]<\/p>\n","protected":false},"excerpt":{"rendered":"<p>Durch die Beratung der China Import Agentur Frisch gelingt Ihnen das China Gesch\u00e4ft wie bei den Profis.\u00a0Import von Baby- &#038; Kleinkinderbedarf aus China: Wir machen es m\u00f6glich! Qualit\u00e4t f\u00fcr die Kleinsten: Babybedarf aus China S\u00fc\u00dfe Strampler, kleine Sch\u00fchchen, ein nagelneuer Schnuller \u2013 es gibt viele wunderbare Dinge, die man f\u00fcr Babys kaufen kann. Das A [&hellip;]<\/p>\n","protected":false},"author":2,"featured_media":0,"parent":0,"menu_order":0,"comment_status":"closed","ping_status":"closed","template":"","meta":{"_et_pb_use_builder":"on","_et_pb_old_content":"","_et_gb_content_width":"","footnotes":""},"class_list":["post-2015","page","type-page","status-publish","hentry"],"yoast_head":"<!-- This site is optimized with the Yoast SEO plugin v27.2 - https:\/\/yoast.com\/product\/yoast-seo-wordpress\/ -->\n<title>Import von Babybedarf und Kleinkinderbedarf aus China<\/title>\n<meta name=\"description\" content=\"Import von Babybedarf &amp; Kleinkinderbedarf aus China \u25ba TOP-Babyartikel und Spielsachen \u2714 Qualit\u00e4tskontrolle \u2714 g\u00fcnstiger Einkauf \u25ba Jetzt beraten lassen!\" \/>\n<meta name=\"robots\" content=\"index, follow, max-snippet:-1, max-image-preview:large, max-video-preview:-1\" \/>\n<link rel=\"canonical\" href=\"https:\/\/ag-frisch.com\/de\/import-babybedarf-aus-china\/\" \/>\n<meta property=\"og:locale\" content=\"de_DE\" \/>\n<meta property=\"og:type\" content=\"article\" \/>\n<meta property=\"og:title\" content=\"Import von Babybedarf und Kleinkinderbedarf aus China\" \/>\n<meta property=\"og:description\" content=\"Import von Babybedarf &amp; Kleinkinderbedarf aus China \u25ba TOP-Babyartikel und Spielsachen \u2714 Qualit\u00e4tskontrolle \u2714 g\u00fcnstiger Einkauf \u25ba Jetzt beraten lassen!\" \/>\n<meta property=\"og:url\" content=\"https:\/\/ag-frisch.com\/de\/import-babybedarf-aus-china\/\" \/>\n<meta property=\"og:site_name\" content=\"China Import Beratung f\u00fcr den Einkauf aus China\" \/>\n<meta property=\"article:publisher\" content=\"https:\/\/www.facebook.com\/China.Import\" \/>\n<meta property=\"article:modified_time\" content=\"2023-01-11T10:56:40+00:00\" \/>\n<meta name=\"twitter:card\" content=\"summary_large_image\" \/>\n<meta name=\"twitter:site\" content=\"@agenturfrisch\" \/>\n<meta name=\"twitter:label1\" content=\"Gesch\u00e4tzte Lesezeit\" \/>\n\t<meta name=\"twitter:data1\" content=\"1\u00a0Minute\" \/>\n<script type=\"application\/ld+json\" class=\"yoast-schema-graph\">{\"@context\":\"https:\/\/schema.org\",\"@graph\":[{\"@type\":\"WebPage\",\"@id\":\"https:\/\/ag-frisch.com\/de\/import-babybedarf-aus-china\/\",\"url\":\"https:\/\/ag-frisch.com\/de\/import-babybedarf-aus-china\/\",\"name\":\"Import von Babybedarf und Kleinkinderbedarf aus China\",\"isPartOf\":{\"@id\":\"https:\/\/ag-frisch.com\/de\/#website\"},\"datePublished\":\"2022-04-28T12:09:01+00:00\",\"dateModified\":\"2023-01-11T10:56:40+00:00\",\"description\":\"Import von Babybedarf & Kleinkinderbedarf aus China \u25ba TOP-Babyartikel und Spielsachen \u2714 Qualit\u00e4tskontrolle \u2714 g\u00fcnstiger Einkauf \u25ba Jetzt beraten lassen!\",\"breadcrumb\":{\"@id\":\"https:\/\/ag-frisch.com\/de\/import-babybedarf-aus-china\/#breadcrumb\"},\"inLanguage\":\"de\",\"potentialAction\":[{\"@type\":\"ReadAction\",\"target\":[\"https:\/\/ag-frisch.com\/de\/import-babybedarf-aus-china\/\"]}]},{\"@type\":\"BreadcrumbList\",\"@id\":\"https:\/\/ag-frisch.com\/de\/import-babybedarf-aus-china\/#breadcrumb\",\"itemListElement\":[{\"@type\":\"ListItem\",\"position\":1,\"name\":\"Startseite\",\"item\":\"https:\/\/ag-frisch.com\/de\/\"},{\"@type\":\"ListItem\",\"position\":2,\"name\":\"Import Babybedarf aus China\"}]},{\"@type\":\"WebSite\",\"@id\":\"https:\/\/ag-frisch.com\/de\/#website\",\"url\":\"https:\/\/ag-frisch.com\/de\/\",\"name\":\"China Import Beratung f\u00fcr den Einkauf aus China\",\"description\":\"China Import &amp; Export Beratung - Der Dienstleister Ihres Vertrauens f\u00fcr Ihren China Import\",\"publisher\":{\"@id\":\"https:\/\/ag-frisch.com\/de\/#organization\"},\"potentialAction\":[{\"@type\":\"SearchAction\",\"target\":{\"@type\":\"EntryPoint\",\"urlTemplate\":\"https:\/\/ag-frisch.com\/de\/?s={search_term_string}\"},\"query-input\":{\"@type\":\"PropertyValueSpecification\",\"valueRequired\":true,\"valueName\":\"search_term_string\"}}],\"inLanguage\":\"de\"},{\"@type\":\"Organization\",\"@id\":\"https:\/\/ag-frisch.com\/de\/#organization\",\"name\":\"Agentur Frisch International Consulting GmbH & Co. KG\",\"url\":\"https:\/\/ag-frisch.com\/de\/\",\"logo\":{\"@type\":\"ImageObject\",\"inLanguage\":\"de\",\"@id\":\"https:\/\/ag-frisch.com\/de\/#\/schema\/logo\/image\/\",\"url\":\"https:\/\/ag-frisch.com\/wp-content\/uploads\/2021\/08\/ag_logo_rgb_300_small.png\",\"contentUrl\":\"https:\/\/ag-frisch.com\/wp-content\/uploads\/2021\/08\/ag_logo_rgb_300_small.png\",\"width\":153,\"height\":102,\"caption\":\"Agentur Frisch International Consulting GmbH & Co. KG\"},\"image\":{\"@id\":\"https:\/\/ag-frisch.com\/de\/#\/schema\/logo\/image\/\"},\"sameAs\":[\"https:\/\/www.facebook.com\/China.Import\",\"https:\/\/x.com\/agenturfrisch\"]}]}<\/script>\n<!-- \/ Yoast SEO plugin. -->","yoast_head_json":{"title":"Import von Babybedarf und Kleinkinderbedarf aus China","description":"Import von Babybedarf & Kleinkinderbedarf aus China \u25ba TOP-Babyartikel und Spielsachen \u2714 Qualit\u00e4tskontrolle \u2714 g\u00fcnstiger Einkauf \u25ba Jetzt beraten lassen!","robots":{"index":"index","follow":"follow","max-snippet":"max-snippet:-1","max-image-preview":"max-image-preview:large","max-video-preview":"max-video-preview:-1"},"canonical":"https:\/\/ag-frisch.com\/de\/import-babybedarf-aus-china\/","og_locale":"de_DE","og_type":"article","og_title":"Import von Babybedarf und Kleinkinderbedarf aus China","og_description":"Import von Babybedarf & Kleinkinderbedarf aus China \u25ba TOP-Babyartikel und Spielsachen \u2714 Qualit\u00e4tskontrolle \u2714 g\u00fcnstiger Einkauf \u25ba Jetzt beraten lassen!","og_url":"https:\/\/ag-frisch.com\/de\/import-babybedarf-aus-china\/","og_site_name":"China Import Beratung f\u00fcr den Einkauf aus China","article_publisher":"https:\/\/www.facebook.com\/China.Import","article_modified_time":"2023-01-11T10:56:40+00:00","twitter_card":"summary_large_image","twitter_site":"@agenturfrisch","twitter_misc":{"Gesch\u00e4tzte Lesezeit":"1\u00a0Minute"},"schema":{"@context":"https:\/\/schema.org","@graph":[{"@type":"WebPage","@id":"https:\/\/ag-frisch.com\/de\/import-babybedarf-aus-china\/","url":"https:\/\/ag-frisch.com\/de\/import-babybedarf-aus-china\/","name":"Import von Babybedarf und Kleinkinderbedarf aus China","isPartOf":{"@id":"https:\/\/ag-frisch.com\/de\/#website"},"datePublished":"2022-04-28T12:09:01+00:00","dateModified":"2023-01-11T10:56:40+00:00","description":"Import von Babybedarf & Kleinkinderbedarf aus China \u25ba TOP-Babyartikel und Spielsachen \u2714 Qualit\u00e4tskontrolle \u2714 g\u00fcnstiger Einkauf \u25ba Jetzt beraten lassen!","breadcrumb":{"@id":"https:\/\/ag-frisch.com\/de\/import-babybedarf-aus-china\/#breadcrumb"},"inLanguage":"de","potentialAction":[{"@type":"ReadAction","target":["https:\/\/ag-frisch.com\/de\/import-babybedarf-aus-china\/"]}]},{"@type":"BreadcrumbList","@id":"https:\/\/ag-frisch.com\/de\/import-babybedarf-aus-china\/#breadcrumb","itemListElement":[{"@type":"ListItem","position":1,"name":"Startseite","item":"https:\/\/ag-frisch.com\/de\/"},{"@type":"ListItem","position":2,"name":"Import Babybedarf aus China"}]},{"@type":"WebSite","@id":"https:\/\/ag-frisch.com\/de\/#website","url":"https:\/\/ag-frisch.com\/de\/","name":"China Import Beratung f\u00fcr den Einkauf aus China","description":"China Import &amp; Export Beratung - Der Dienstleister Ihres Vertrauens f\u00fcr Ihren China Import","publisher":{"@id":"https:\/\/ag-frisch.com\/de\/#organization"},"potentialAction":[{"@type":"SearchAction","target":{"@type":"EntryPoint","urlTemplate":"https:\/\/ag-frisch.com\/de\/?s={search_term_string}"},"query-input":{"@type":"PropertyValueSpecification","valueRequired":true,"valueName":"search_term_string"}}],"inLanguage":"de"},{"@type":"Organization","@id":"https:\/\/ag-frisch.com\/de\/#organization","name":"Agentur Frisch International Consulting GmbH & Co. KG","url":"https:\/\/ag-frisch.com\/de\/","logo":{"@type":"ImageObject","inLanguage":"de","@id":"https:\/\/ag-frisch.com\/de\/#\/schema\/logo\/image\/","url":"https:\/\/ag-frisch.com\/wp-content\/uploads\/2021\/08\/ag_logo_rgb_300_small.png","contentUrl":"https:\/\/ag-frisch.com\/wp-content\/uploads\/2021\/08\/ag_logo_rgb_300_small.png","width":153,"height":102,"caption":"Agentur Frisch International Consulting GmbH & Co. KG"},"image":{"@id":"https:\/\/ag-frisch.com\/de\/#\/schema\/logo\/image\/"},"sameAs":["https:\/\/www.facebook.com\/China.Import","https:\/\/x.com\/agenturfrisch"]}]}},"_links":{"self":[{"href":"https:\/\/ag-frisch.com\/de\/wp-json\/wp\/v2\/pages\/2015","targetHints":{"allow":["GET"]}}],"collection":[{"href":"https:\/\/ag-frisch.com\/de\/wp-json\/wp\/v2\/pages"}],"about":[{"href":"https:\/\/ag-frisch.com\/de\/wp-json\/wp\/v2\/types\/page"}],"author":[{"embeddable":true,"href":"https:\/\/ag-frisch.com\/de\/wp-json\/wp\/v2\/users\/2"}],"replies":[{"embeddable":true,"href":"https:\/\/ag-frisch.com\/de\/wp-json\/wp\/v2\/comments?post=2015"}],"version-history":[{"count":0,"href":"https:\/\/ag-frisch.com\/de\/wp-json\/wp\/v2\/pages\/2015\/revisions"}],"wp:attachment":[{"href":"https:\/\/ag-frisch.com\/de\/wp-json\/wp\/v2\/media?parent=2015"}],"curies":[{"name":"wp","href":"https:\/\/api.w.org\/{rel}","templated":true}]}}