{"id":2022,"date":"2022-04-30T06:13:29","date_gmt":"2022-04-30T04:13:29","guid":{"rendered":"https:\/\/ag-frisch.com\/?page_id=2022"},"modified":"2025-04-02T19:32:39","modified_gmt":"2025-04-02T17:32:39","slug":"werkzeug-aus-china","status":"publish","type":"page","link":"https:\/\/ag-frisch.com\/de\/werkzeug-aus-china\/","title":{"rendered":"Werkzeug aus China"},"content":{"rendered":"<p>[et_pb_section fb_built=&#8221;1&#8243; _builder_version=&#8221;4.16&#8243; _module_preset=&#8221;default&#8221; global_colors_info=&#8221;{}&#8221;][et_pb_row _builder_version=&#8221;4.18.1&#8243; _module_preset=&#8221;default&#8221; global_colors_info=&#8221;{}&#8221;][et_pb_column type=&#8221;4_4&#8243; _builder_version=&#8221;4.18.1&#8243; _module_preset=&#8221;default&#8221; global_colors_info=&#8221;{}&#8221;][et_pb_cta title=&#8221;Werkzeug aus China importieren&#8221; button_url=&#8221;\/kontakt\/&#8221; button_text=&#8221;Jetzt den Profi importieren lassen!&#8221; _builder_version=&#8221;4.18.1&#8243; _module_preset=&#8221;default&#8221; global_colors_info=&#8221;{}&#8221;]<\/p>\n<p>Die Experten von der China Import Agentur Frisch unterst\u00fctzen Sie beim gesamten Import von Werkzeug und Werkstattausr\u00fcstung aus China.\u00a0<\/p>\n<p>[\/et_pb_cta][\/et_pb_column][\/et_pb_row][et_pb_row _builder_version=&#8221;4.16&#8243; _module_preset=&#8221;default&#8221; global_colors_info=&#8221;{}&#8221;][et_pb_column type=&#8221;4_4&#8243; _builder_version=&#8221;4.16&#8243; _module_preset=&#8221;default&#8221; global_colors_info=&#8221;{}&#8221;][et_pb_text _builder_version=&#8221;4.27.2&#8243; _module_preset=&#8221;default&#8221; hover_enabled=&#8221;0&#8243; global_colors_info=&#8221;{}&#8221; sticky_enabled=&#8221;0&#8243;]<\/p>\n<h1>Werkzeug aus China: Hochwertige Produkte f\u00fcr Profis und Heimwerker<\/h1>\n<p><strong>Ihr Online-Baumarkt: Werkzeug aus China<\/strong><\/p>\n<p>Wir bieten Gro\u00dfh\u00e4ndlern und Einzelunternehmen (z.B. aus der Baubranche) unseren Service beim Import von Werkzeug und Baumaterial aus China. Wir \u00fcbernehmen nach einer gr\u00fcndlichen pers\u00f6nlichen Beratung die Suche nach dem optimalen Hersteller f\u00fcr Ihre Produkte und liefern Ihnen auf Wunsch Erstmuster oder Prototypen. Wir gestalten mit Ihnen die Vertr\u00e4ge, k\u00fcmmern uns um die Kontrolle der Produktion und um die Transportlogistik \u2013 und schlie\u00dflich auf Wunsch sogar um die Lagerung oder das Fulfillment.<\/p>\n<p>Die Agentur Frisch ist seit vielen Jahren im China-Import t\u00e4tig und verf\u00fcgt \u00fcber erstklassige Verbindungen. Neben vielen anderen Produkten vom Schraubenzieher bis zur Industriemaschine k\u00f6nnen Sie \u00fcber uns unter anderem folgendes beziehen:<\/p>\n<ul>\n<li>Werkzeug und Eisenwaren<\/li>\n<li>Baumaterial &amp; Baustoffe<\/li>\n<li>Elektromaterial<\/li>\n<li>Werkstattausr\u00fcstung<\/li>\n<li>Maschinen<\/li>\n<\/ul>\n<p>&nbsp;<\/p>\n<p><strong>Von der Schraube bis zum Presslufthammer: Werkzeug aus China importieren<\/strong><\/p>\n<p>Egal, was Ihr konkreter Bedarf ist \u2013 wir haben daf\u00fcr den richtigen Lieferanten. Wir arbeiten mit einer gro\u00dfen Zahl an zuverl\u00e4ssigen, seri\u00f6sen Produzenten zusammen und finden auch f\u00fcr Ihren Import von Werkzeug aus China ganz sicher den besten Partner. Ob Schraubenzieher oder Bohrmaschine, Hammer, Kettens\u00e4ge oder komplette Werkstattausstattungen, die Agentur Frisch findet f\u00fcr Sie den passenden Handelspartner in Sachen Baustoffe, Hartwaren und Eisenwaren aus China.<\/p>\n<p>&nbsp;<\/p>\n<p><strong>Baumaterial aus China \u2013 erstklassige Qualit\u00e4t zum unschlagbaren Preis<\/strong><\/p>\n<p>Sie sind Bauherr oder Inhaber einer Baufirma und sind es leid, unn\u00f6tig hohe Kosten f\u00fcr Ihr Baumaterial zu zahlen? Dann ist China-Import f\u00fcr Sie die richtige L\u00f6sung. Wichtig ist es dabei, dass Sie auf Hersteller zur\u00fcckgreifen, die nach internationalen Standards produzieren und entsprechend hohe Qualit\u00e4t liefern k\u00f6nnen. Die Agentur Frisch sorgt daf\u00fcr, dass Sie nicht an \u201eschwarze Schafe\u201c geraten, sondern Ihr Baumaterial aus China von Produzenten beziehen, die nach deutschen Anforderungen gepr\u00fcft und best\u00e4tigt sind.<\/p>\n<p>Unter anderem diese Produkte k\u00f6nnen Sie \u00fcber uns in der Kategorie Baumaterial aus China beziehen:<\/p>\n<ul>\n<li>Fliesen, Kacheln<\/li>\n<li>Steine, Terrassentr\u00e4ger<\/li>\n<li>Holz, Lauben- oder Garagenbaus\u00e4tze<\/li>\n<li>Geb\u00e4udebaus\u00e4tze<\/li>\n<li>D\u00e4mmstoffe, Sanierungsmaterial<\/li>\n<li>Heiztechnik und Trocknungstechnik<\/li>\n<li>Dachschindeln<\/li>\n<li>u.v.m.<\/li>\n<\/ul>\n<p>&nbsp;<\/p>\n<p><strong>Alles rund um Elektronik sicher aus China importieren<\/strong><\/p>\n<p>Neben Baumaterial und Werkzeugen aus China deckt unser Angebot auch s\u00e4mtliche Elektroartikel ab. Sie erhalten \u00fcber uns im China-Direktimport vom Hersteller zum Beispiel:<\/p>\n<ul>\n<li>Solarpaneele und Solaranlagen<\/li>\n<li>Licht, Lampen und Beleuchtungsl\u00f6sungen<\/li>\n<li>Elektromaterial vom Kabel bis zur Klemme<\/li>\n<li>Elektrowerkzeuge<\/li>\n<li>Sicherheitstechnik<\/li>\n<li>Elektronische Messger\u00e4te und Messtechnik<\/li>\n<li>Klimaanlagen, Bautrockner und Industrieheizger\u00e4te<\/li>\n<\/ul>\n<p>Die Agentur Frisch arbeitet ausschlie\u00dflich mit gepr\u00fcften, zuverl\u00e4ssigen Produzenten. Um unseren hohen Qualit\u00e4tsanspruch zu wahren, sorgen wir selbst f\u00fcr Qualit\u00e4t und Kontrolle.<\/p>\n<p>&nbsp;<\/p>\n<p><strong>Leistungen der Agentur Frisch f\u00fcr Ihren China-Import<\/strong><\/p>\n<p>Aus unserer Hand k\u00f6nnen Sie f\u00fcr Ihren China-Import von der Vertragsgestaltung \u00fcber die Qualit\u00e4tskontrolle bis hin zu Logistik und Lagerung alles erhalten, was beim Einkauf direkt vom Hersteller anf\u00e4llt. Der erste Schritt ist ein Beratungsgespr\u00e4ch, bei dem wir kl\u00e4ren, welche Produkte\/Produzenten f\u00fcr Sie Sinn ergeben, und welche Leistungen Sie von uns in Anspruch nehmen wollen. Auf dieser Basis werden wir t\u00e4tig \u2013 wenn Sie wollen, in einem Ausma\u00df, dass Sie selbst sich ausschlie\u00dflich um Ihr Kerngesch\u00e4ft in Deutschland k\u00fcmmern m\u00fcssen.<\/p>\n<p>Wir realisieren auch anspruchsvolle Laborpr\u00fcfungen zum Beispiel von sensiblen Baumaterialien durch unsere Tochterfirma BEIDE Test-Labor, haben das komplette Know-how rund um Zertifizierungen und Kennzeichnungen und f\u00fchren Sie durch den gesamten Prozess aus Genehmigungen, Zoll &amp; Co.<\/p>\n<p>&nbsp;<\/p>\n<p><strong>Hartwaren und Baustoffe direkt vom Hersteller<\/strong><\/p>\n<p>Vom Eisenbeschlag bis zum Fertighaus, wir vermitteln Ihnen die passenden Handelspartner in China, mit denen Sie maximale Gewinne machen \u2013 ohne Risiko. Daf\u00fcr sorgen unsere wasserdichten Vertr\u00e4ge und unsere gute Kenntnis des chinesischen Markts.<\/p>\n<p><strong>Sprechen Sie uns an und finden Sie heraus, was wir f\u00fcr Sie tun k\u00f6nnen!<\/strong><\/p>\n<p>&nbsp;<\/p>\n<p>[\/et_pb_text][\/et_pb_column][\/et_pb_row][\/et_pb_section][et_pb_section fb_built=&#8221;1&#8243; admin_label=&#8221;Testimonials&#8221; _builder_version=&#8221;4.16&#8243; use_background_color_gradient=&#8221;on&#8221; background_color_gradient_stops=&#8221;rgba(0,106,156,0.85) 0%|rgba(0,106,156,0.85) 100%&#8221; background_color_gradient_start=&#8221;rgba(0,106,156,0.85)&#8221; background_color_gradient_end=&#8221;rgba(0,106,156,0.85)&#8221; custom_padding=&#8221;90px||60px|&#8221; animation_style=&#8221;fold&#8221; animation_direction=&#8221;bottom&#8221; animation_intensity_fold=&#8221;4%&#8221; global_colors_info=&#8221;{}&#8221;][et_pb_row _builder_version=&#8221;4.16&#8243; background_size=&#8221;initial&#8221; background_position=&#8221;top_left&#8221; background_repeat=&#8221;repeat&#8221; custom_width_px=&#8221;710px&#8221; locked=&#8221;off&#8221; global_colors_info=&#8221;{}&#8221;][et_pb_column type=&#8221;4_4&#8243; _builder_version=&#8221;4.16&#8243; background_position=&#8221;top_left&#8221; custom_padding=&#8221;|||&#8221; global_colors_info=&#8221;{}&#8221; custom_padding__hover=&#8221;|||&#8221;][et_pb_text admin_label=&#8221;Testimonials Section Title&#8221; _builder_version=&#8221;4.16&#8243; header_font=&#8221;Montserrat||||&#8221; header_font_size=&#8221;36px&#8221; background_size=&#8221;initial&#8221; background_position=&#8221;top_left&#8221; background_repeat=&#8221;repeat&#8221; text_orientation=&#8221;center&#8221; background_layout=&#8221;dark&#8221; max_width=&#8221;710px&#8221; module_alignment=&#8221;center&#8221; animation_style=&#8221;fold&#8221; animation_direction=&#8221;bottom&#8221; animation_intensity_fold=&#8221;20%&#8221; global_colors_info=&#8221;{}&#8221;]<\/p>\n<h1>\u00dcber 5000 zufriedene Kunden.<\/h1>\n<p>&nbsp;<\/p>\n<p>[\/et_pb_text][et_pb_divider color=&#8221;#ffffff&#8221; divider_weight=&#8221;3px&#8221; disabled_on=&#8221;off|off|off&#8221; _builder_version=&#8221;4.16&#8243; background_color_gradient_direction=&#8221;90deg&#8221; max_width=&#8221;100px&#8221; module_alignment=&#8221;center&#8221; height=&#8221;5px&#8221; custom_margin=&#8221;||20px|&#8221; custom_padding=&#8221;||20px|&#8221; animation_style=&#8221;slide&#8221; animation_direction=&#8221;bottom&#8221; saved_tabs=&#8221;all&#8221; locked=&#8221;off&#8221; global_colors_info=&#8221;{}&#8221;][\/et_pb_divider][\/et_pb_column][\/et_pb_row][et_pb_row column_structure=&#8221;1_2,1_2&#8243; _builder_version=&#8221;4.18.1&#8243; _module_preset=&#8221;default&#8221; global_colors_info=&#8221;{}&#8221;][et_pb_column type=&#8221;1_2&#8243; _builder_version=&#8221;4.18.1&#8243; _module_preset=&#8221;default&#8221; global_colors_info=&#8221;{}&#8221;][et_pb_testimonial author=&#8221;Marco&#8221; portrait_url=&#8221;https:\/\/ag-frisch.com\/wp-content\/uploads\/2021\/08\/Harald.png&#8221; quote_icon=&#8221;off&#8221; _builder_version=&#8221;4.18.1&#8243; _module_preset=&#8221;default&#8221; body_font_size=&#8221;16px&#8221; use_background_color=&#8221;off&#8221; background_layout=&#8221;dark&#8221; global_colors_info=&#8221;{}&#8221;]Ich habe die Agentur Frisch beauftragt ein gr\u00f6\u00dferes M\u00f6belst\u00fcck in China produzieren zu lassen um es dann folglich nach Deutschland zu \u00fcberf\u00fchren. Per Mail erfolgte die ganze Zeit \u00fcber eine reibungslose Kommunikation! Sehr schnelle und zuverl\u00e4ssige Antworten vermittelten mir st\u00e4ndig die Sicherheiten, die bei so einen Unterfangen unerl\u00e4sslich sind. Jederzeit wurde mir durch den B\u00fcrokratiedschungel geholfen und dabei wurden keine Formulare vergessen oder falsch ausgef\u00fcllt. Sehr lobenswert!<a href=\"&lt;div class=&quot;pe-richsnippets&quot;&gt;&amp;nbsp;&lt;\/div&gt; &lt;script type=&quot;text\/javascript&quot; src=&quot;https:\/\/www.provenexpert.com\/widget\/richsnippet.js?u=1NUA0VwZ4RUZ5tmAi5zA4RaplNKAlWwZ&amp;v=2&quot; async&gt;&lt;\/script&gt; &lt;div style=&quot;text-align: justify;&quot;&gt;&lt;br \/&gt;\"><\/a><\/p>\n<div class=\"brow ratingBarMargin\">\n<div class=\"ratingBar\">\n<div class=\"brow\">\n<div class=\"pe-richsnippets\">&nbsp;<\/div>\n<p><script type=\"text\/javascript\" src=\"https:\/\/www.provenexpert.com\/widget\/richsnippet.js?u=1NUA0VwZ4RUZ5tmAi5zA4RaplNKAlWwZ&#038;v=2\" async><\/script><\/p>\n<div style=\"text-align: justify;\"><\/p>\n<div class=\"col-lg-9 col-md-8 col-xs-10 mt20 mb20\">\n<div class=\"col-xs-12 surveyNameForRating\"><\/div>\n<\/div>\n<\/div>\n<\/div>\n<\/div>\n<\/div>\n<p>[\/et_pb_testimonial][\/et_pb_column][et_pb_column type=&#8221;1_2&#8243; _builder_version=&#8221;4.18.1&#8243; _module_preset=&#8221;default&#8221; global_colors_info=&#8221;{}&#8221;][et_pb_testimonial author=&#8221;Simone L.&#8221; portrait_url=&#8221;https:\/\/ag-frisch.com\/wp-content\/uploads\/2021\/08\/Harald.png&#8221; quote_icon=&#8221;off&#8221; _builder_version=&#8221;4.18.1&#8243; _module_preset=&#8221;default&#8221; body_font_size=&#8221;16px&#8221; use_background_color=&#8221;off&#8221; background_layout=&#8221;dark&#8221; global_colors_info=&#8221;{}&#8221;]<\/p>\n<p>Alles Top. Besser geht nicht. Beratung und Durchf\u00fchrung kann man nicht besser machen. Wir sind nach mehreren Bestellungen bei diesem Unternehmen mehr als zufrieden und setzen die Zusammenarbeit fort.<\/p>\n<div class=\"brow ratingBarMargin\">\n<div class=\"ratingBar\">\n<div class=\"brow\">\n<div class=\"pe-richsnippets\">\u00a0<\/div>\n<p>\n<script type=\"text\/javascript\" src=\"https:\/\/www.provenexpert.com\/widget\/richsnippet.js?u=1NUA0VwZ4RUZ5tmAi5zA4RaplNKAlWwZ&amp;v=2\" async=\"\"><\/script>\n<\/p>\n<div style=\"text-align: justify;\">\n<p>&nbsp;<\/p>\n<div class=\"col-lg-9 col-md-8 col-xs-10 mt20 mb20\">\n<div class=\"col-xs-12 surveyNameForRating\"><\/div>\n<\/div>\n<\/div>\n<\/div>\n<\/div>\n<\/div>\n<p>[\/et_pb_testimonial][\/et_pb_column][\/et_pb_row][et_pb_row _builder_version=&#8221;4.16&#8243; background_size=&#8221;initial&#8221; background_position=&#8221;top_left&#8221; background_repeat=&#8221;repeat&#8221; custom_padding=&#8221;50px|0px|30px|0px&#8221; custom_css_main_element=&#8221;text-align: center;&#8221; global_colors_info=&#8221;{}&#8221;][et_pb_column type=&#8221;4_4&#8243; _builder_version=&#8221;4.16&#8243; custom_padding=&#8221;|||&#8221; global_colors_info=&#8221;{}&#8221; custom_padding__hover=&#8221;|||&#8221;][et_pb_button button_url=&#8221;https:\/\/www.provenexpert.com\/de-de\/agentur-frisch-international-consulting-gmbh-und-co-kg\/&#8221; button_text=&#8221;MEHR BEWERTUNGEN&#8221; button_alignment=&#8221;left&#8221; admin_label=&#8221;Testimonial Button&#8221; _builder_version=&#8221;4.16&#8243; custom_button=&#8221;on&#8221; button_text_size=&#8221;18px&#8221; button_text_color=&#8221;#ffffff&#8221; button_bg_color=&#8221;#6eba01&#8243; button_border_width=&#8221;2px&#8221; button_border_color=&#8221;#6eba01&#8243; button_border_radius=&#8221;0px&#8221; button_letter_spacing=&#8221;2px&#8221; button_font=&#8221;Montserrat|||on|&#8221; button_use_icon=&#8221;off&#8221; animation_style=&#8221;fold&#8221; animation_direction=&#8221;bottom&#8221; button_text_color_hover=&#8221;#ffffff&#8221; button_border_color_hover=&#8221;#ffffff&#8221; button_border_radius_hover=&#8221;0px&#8221; button_letter_spacing_hover=&#8221;2px&#8221; button_bg_color_hover=&#8221;rgba(255,255,255,0)&#8221; locked=&#8221;off&#8221; global_colors_info=&#8221;{}&#8221; button_text_size__hover_enabled=&#8221;off&#8221; button_one_text_size__hover_enabled=&#8221;off&#8221; button_two_text_size__hover_enabled=&#8221;off&#8221; button_text_color__hover_enabled=&#8221;on&#8221; button_text_color__hover=&#8221;#ffffff&#8221; button_one_text_color__hover_enabled=&#8221;off&#8221; button_two_text_color__hover_enabled=&#8221;off&#8221; button_border_width__hover_enabled=&#8221;off&#8221; button_one_border_width__hover_enabled=&#8221;off&#8221; button_two_border_width__hover_enabled=&#8221;off&#8221; button_border_color__hover_enabled=&#8221;on&#8221; button_border_color__hover=&#8221;#ffffff&#8221; button_one_border_color__hover_enabled=&#8221;off&#8221; button_two_border_color__hover_enabled=&#8221;off&#8221; button_border_radius__hover_enabled=&#8221;on&#8221; button_border_radius__hover=&#8221;0px&#8221; button_one_border_radius__hover_enabled=&#8221;off&#8221; button_two_border_radius__hover_enabled=&#8221;off&#8221; button_letter_spacing__hover_enabled=&#8221;on&#8221; button_letter_spacing__hover=&#8221;2px&#8221; button_one_letter_spacing__hover_enabled=&#8221;off&#8221; button_two_letter_spacing__hover_enabled=&#8221;off&#8221; button_bg_color__hover_enabled=&#8221;on&#8221; button_bg_color__hover=&#8221;rgba(255,255,255,0)&#8221; button_one_bg_color__hover_enabled=&#8221;off&#8221; button_two_bg_color__hover_enabled=&#8221;off&#8221;][\/et_pb_button][\/et_pb_column][\/et_pb_row][\/et_pb_section]<\/p>\n","protected":false},"excerpt":{"rendered":"<p>Die Experten von der China Import Agentur Frisch unterst\u00fctzen Sie beim gesamten Import von Werkzeug und Werkstattausr\u00fcstung aus China.\u00a0Werkzeug aus China: Hochwertige Produkte f\u00fcr Profis und Heimwerker Ihr Online-Baumarkt: Werkzeug aus China Wir bieten Gro\u00dfh\u00e4ndlern und Einzelunternehmen (z.B. aus der Baubranche) unseren Service beim Import von Werkzeug und Baumaterial aus China. Wir \u00fcbernehmen nach einer [&hellip;]<\/p>\n","protected":false},"author":2,"featured_media":0,"parent":0,"menu_order":0,"comment_status":"closed","ping_status":"closed","template":"","meta":{"_et_pb_use_builder":"on","_et_pb_old_content":"","_et_gb_content_width":"","footnotes":""},"class_list":["post-2022","page","type-page","status-publish","hentry"],"yoast_head":"<!-- This site is optimized with the Yoast SEO plugin v27.2 - https:\/\/yoast.com\/product\/yoast-seo-wordpress\/ -->\n<title>Werkzeug China-Import | G\u00fcnstig &amp; sicher direkt vom Hersteller<\/title>\n<meta name=\"description\" content=\"Werkzeug China-Import - Qualit\u00e4tsgepr\u00fcfte Werkzeuge &amp; Baumaterialien \u2714 Sichere Importabwicklung &amp; Zertifizierungen \u25ba Jetzt beraten lassen!\" \/>\n<meta name=\"robots\" content=\"index, follow, max-snippet:-1, max-image-preview:large, max-video-preview:-1\" \/>\n<link rel=\"canonical\" href=\"https:\/\/ag-frisch.com\/de\/werkzeug-aus-china\/\" \/>\n<meta property=\"og:locale\" content=\"de_DE\" \/>\n<meta property=\"og:type\" content=\"article\" \/>\n<meta property=\"og:title\" content=\"Werkzeug China-Import | G\u00fcnstig &amp; sicher direkt vom Hersteller\" \/>\n<meta property=\"og:description\" content=\"Werkzeug China-Import - Qualit\u00e4tsgepr\u00fcfte Werkzeuge &amp; Baumaterialien \u2714 Sichere Importabwicklung &amp; Zertifizierungen \u25ba Jetzt beraten lassen!\" \/>\n<meta property=\"og:url\" content=\"https:\/\/ag-frisch.com\/de\/werkzeug-aus-china\/\" \/>\n<meta property=\"og:site_name\" content=\"China Import Beratung f\u00fcr den Einkauf aus China\" \/>\n<meta property=\"article:publisher\" content=\"https:\/\/www.facebook.com\/China.Import\" \/>\n<meta property=\"article:modified_time\" content=\"2025-04-02T17:32:39+00:00\" \/>\n<meta name=\"twitter:card\" content=\"summary_large_image\" \/>\n<meta name=\"twitter:site\" content=\"@agenturfrisch\" \/>\n<script type=\"application\/ld+json\" class=\"yoast-schema-graph\">{\"@context\":\"https:\/\/schema.org\",\"@graph\":[{\"@type\":\"WebPage\",\"@id\":\"https:\/\/ag-frisch.com\/de\/werkzeug-aus-china\/\",\"url\":\"https:\/\/ag-frisch.com\/de\/werkzeug-aus-china\/\",\"name\":\"Werkzeug China-Import | G\u00fcnstig & sicher direkt vom Hersteller\",\"isPartOf\":{\"@id\":\"https:\/\/ag-frisch.com\/de\/#website\"},\"datePublished\":\"2022-04-30T04:13:29+00:00\",\"dateModified\":\"2025-04-02T17:32:39+00:00\",\"description\":\"Werkzeug China-Import - Qualit\u00e4tsgepr\u00fcfte Werkzeuge & Baumaterialien \u2714 Sichere Importabwicklung & Zertifizierungen \u25ba Jetzt beraten lassen!\",\"breadcrumb\":{\"@id\":\"https:\/\/ag-frisch.com\/de\/werkzeug-aus-china\/#breadcrumb\"},\"inLanguage\":\"de\",\"potentialAction\":[{\"@type\":\"ReadAction\",\"target\":[\"https:\/\/ag-frisch.com\/de\/werkzeug-aus-china\/\"]}]},{\"@type\":\"BreadcrumbList\",\"@id\":\"https:\/\/ag-frisch.com\/de\/werkzeug-aus-china\/#breadcrumb\",\"itemListElement\":[{\"@type\":\"ListItem\",\"position\":1,\"name\":\"Startseite\",\"item\":\"https:\/\/ag-frisch.com\/de\/\"},{\"@type\":\"ListItem\",\"position\":2,\"name\":\"Werkzeug aus China\"}]},{\"@type\":\"WebSite\",\"@id\":\"https:\/\/ag-frisch.com\/de\/#website\",\"url\":\"https:\/\/ag-frisch.com\/de\/\",\"name\":\"China Import Beratung f\u00fcr den Einkauf aus China\",\"description\":\"China Import &amp; Export Beratung - Der Dienstleister Ihres Vertrauens f\u00fcr Ihren China Import\",\"publisher\":{\"@id\":\"https:\/\/ag-frisch.com\/de\/#organization\"},\"potentialAction\":[{\"@type\":\"SearchAction\",\"target\":{\"@type\":\"EntryPoint\",\"urlTemplate\":\"https:\/\/ag-frisch.com\/de\/?s={search_term_string}\"},\"query-input\":{\"@type\":\"PropertyValueSpecification\",\"valueRequired\":true,\"valueName\":\"search_term_string\"}}],\"inLanguage\":\"de\"},{\"@type\":\"Organization\",\"@id\":\"https:\/\/ag-frisch.com\/de\/#organization\",\"name\":\"Agentur Frisch International Consulting GmbH & Co. KG\",\"url\":\"https:\/\/ag-frisch.com\/de\/\",\"logo\":{\"@type\":\"ImageObject\",\"inLanguage\":\"de\",\"@id\":\"https:\/\/ag-frisch.com\/de\/#\/schema\/logo\/image\/\",\"url\":\"https:\/\/ag-frisch.com\/wp-content\/uploads\/2021\/08\/ag_logo_rgb_300_small.png\",\"contentUrl\":\"https:\/\/ag-frisch.com\/wp-content\/uploads\/2021\/08\/ag_logo_rgb_300_small.png\",\"width\":153,\"height\":102,\"caption\":\"Agentur Frisch International Consulting GmbH & Co. KG\"},\"image\":{\"@id\":\"https:\/\/ag-frisch.com\/de\/#\/schema\/logo\/image\/\"},\"sameAs\":[\"https:\/\/www.facebook.com\/China.Import\",\"https:\/\/x.com\/agenturfrisch\"]}]}<\/script>\n<!-- \/ Yoast SEO plugin. -->","yoast_head_json":{"title":"Werkzeug China-Import | G\u00fcnstig & sicher direkt vom Hersteller","description":"Werkzeug China-Import - Qualit\u00e4tsgepr\u00fcfte Werkzeuge & Baumaterialien \u2714 Sichere Importabwicklung & Zertifizierungen \u25ba Jetzt beraten lassen!","robots":{"index":"index","follow":"follow","max-snippet":"max-snippet:-1","max-image-preview":"max-image-preview:large","max-video-preview":"max-video-preview:-1"},"canonical":"https:\/\/ag-frisch.com\/de\/werkzeug-aus-china\/","og_locale":"de_DE","og_type":"article","og_title":"Werkzeug China-Import | G\u00fcnstig & sicher direkt vom Hersteller","og_description":"Werkzeug China-Import - Qualit\u00e4tsgepr\u00fcfte Werkzeuge & Baumaterialien \u2714 Sichere Importabwicklung & Zertifizierungen \u25ba Jetzt beraten lassen!","og_url":"https:\/\/ag-frisch.com\/de\/werkzeug-aus-china\/","og_site_name":"China Import Beratung f\u00fcr den Einkauf aus China","article_publisher":"https:\/\/www.facebook.com\/China.Import","article_modified_time":"2025-04-02T17:32:39+00:00","twitter_card":"summary_large_image","twitter_site":"@agenturfrisch","schema":{"@context":"https:\/\/schema.org","@graph":[{"@type":"WebPage","@id":"https:\/\/ag-frisch.com\/de\/werkzeug-aus-china\/","url":"https:\/\/ag-frisch.com\/de\/werkzeug-aus-china\/","name":"Werkzeug China-Import | G\u00fcnstig & sicher direkt vom Hersteller","isPartOf":{"@id":"https:\/\/ag-frisch.com\/de\/#website"},"datePublished":"2022-04-30T04:13:29+00:00","dateModified":"2025-04-02T17:32:39+00:00","description":"Werkzeug China-Import - Qualit\u00e4tsgepr\u00fcfte Werkzeuge & Baumaterialien \u2714 Sichere Importabwicklung & Zertifizierungen \u25ba Jetzt beraten lassen!","breadcrumb":{"@id":"https:\/\/ag-frisch.com\/de\/werkzeug-aus-china\/#breadcrumb"},"inLanguage":"de","potentialAction":[{"@type":"ReadAction","target":["https:\/\/ag-frisch.com\/de\/werkzeug-aus-china\/"]}]},{"@type":"BreadcrumbList","@id":"https:\/\/ag-frisch.com\/de\/werkzeug-aus-china\/#breadcrumb","itemListElement":[{"@type":"ListItem","position":1,"name":"Startseite","item":"https:\/\/ag-frisch.com\/de\/"},{"@type":"ListItem","position":2,"name":"Werkzeug aus China"}]},{"@type":"WebSite","@id":"https:\/\/ag-frisch.com\/de\/#website","url":"https:\/\/ag-frisch.com\/de\/","name":"China Import Beratung f\u00fcr den Einkauf aus China","description":"China Import &amp; Export Beratung - Der Dienstleister Ihres Vertrauens f\u00fcr Ihren China Import","publisher":{"@id":"https:\/\/ag-frisch.com\/de\/#organization"},"potentialAction":[{"@type":"SearchAction","target":{"@type":"EntryPoint","urlTemplate":"https:\/\/ag-frisch.com\/de\/?s={search_term_string}"},"query-input":{"@type":"PropertyValueSpecification","valueRequired":true,"valueName":"search_term_string"}}],"inLanguage":"de"},{"@type":"Organization","@id":"https:\/\/ag-frisch.com\/de\/#organization","name":"Agentur Frisch International Consulting GmbH & Co. KG","url":"https:\/\/ag-frisch.com\/de\/","logo":{"@type":"ImageObject","inLanguage":"de","@id":"https:\/\/ag-frisch.com\/de\/#\/schema\/logo\/image\/","url":"https:\/\/ag-frisch.com\/wp-content\/uploads\/2021\/08\/ag_logo_rgb_300_small.png","contentUrl":"https:\/\/ag-frisch.com\/wp-content\/uploads\/2021\/08\/ag_logo_rgb_300_small.png","width":153,"height":102,"caption":"Agentur Frisch International Consulting GmbH & Co. KG"},"image":{"@id":"https:\/\/ag-frisch.com\/de\/#\/schema\/logo\/image\/"},"sameAs":["https:\/\/www.facebook.com\/China.Import","https:\/\/x.com\/agenturfrisch"]}]}},"_links":{"self":[{"href":"https:\/\/ag-frisch.com\/de\/wp-json\/wp\/v2\/pages\/2022","targetHints":{"allow":["GET"]}}],"collection":[{"href":"https:\/\/ag-frisch.com\/de\/wp-json\/wp\/v2\/pages"}],"about":[{"href":"https:\/\/ag-frisch.com\/de\/wp-json\/wp\/v2\/types\/page"}],"author":[{"embeddable":true,"href":"https:\/\/ag-frisch.com\/de\/wp-json\/wp\/v2\/users\/2"}],"replies":[{"embeddable":true,"href":"https:\/\/ag-frisch.com\/de\/wp-json\/wp\/v2\/comments?post=2022"}],"version-history":[{"count":1,"href":"https:\/\/ag-frisch.com\/de\/wp-json\/wp\/v2\/pages\/2022\/revisions"}],"predecessor-version":[{"id":20259,"href":"https:\/\/ag-frisch.com\/de\/wp-json\/wp\/v2\/pages\/2022\/revisions\/20259"}],"wp:attachment":[{"href":"https:\/\/ag-frisch.com\/de\/wp-json\/wp\/v2\/media?parent=2022"}],"curies":[{"name":"wp","href":"https:\/\/api.w.org\/{rel}","templated":true}]}}