{"id":2025,"date":"2022-04-30T06:16:48","date_gmt":"2022-04-30T04:16:48","guid":{"rendered":"https:\/\/ag-frisch.com\/?page_id=2025"},"modified":"2023-01-11T10:22:00","modified_gmt":"2023-01-11T09:22:00","slug":"buerobedarf-werbemittel-import-china","status":"publish","type":"page","link":"https:\/\/ag-frisch.com\/de\/buerobedarf-werbemittel-import-china\/","title":{"rendered":"B\u00fcrobedarf aus China"},"content":{"rendered":"<p>[et_pb_section fb_built=&#8221;1&#8243; _builder_version=&#8221;4.16&#8243; _module_preset=&#8221;default&#8221; global_colors_info=&#8221;{}&#8221;][et_pb_row _builder_version=&#8221;4.18.1&#8243; _module_preset=&#8221;default&#8221; global_colors_info=&#8221;{}&#8221;][et_pb_column type=&#8221;4_4&#8243; _builder_version=&#8221;4.18.1&#8243; _module_preset=&#8221;default&#8221; global_colors_info=&#8221;{}&#8221;][et_pb_cta title=&#8221;China Import&#8221; button_url=&#8221;\/kontakt\/&#8221; button_text=&#8221;Jetzt beim Profi buchen&#8221; _builder_version=&#8221;4.18.1&#8243; _module_preset=&#8221;default&#8221; global_colors_info=&#8221;{}&#8221;]<\/p>\n<p>Durch die China Import Agentur Frisch gelingt Ihnen das China Gesch\u00e4ft wie bei den Profis.<\/p>\n<p>[\/et_pb_cta][\/et_pb_column][\/et_pb_row][et_pb_row _builder_version=&#8221;4.16&#8243; _module_preset=&#8221;default&#8221; global_colors_info=&#8221;{}&#8221;][et_pb_column type=&#8221;4_4&#8243; _builder_version=&#8221;4.16&#8243; _module_preset=&#8221;default&#8221; global_colors_info=&#8221;{}&#8221;][et_pb_text _builder_version=&#8221;4.18.1&#8243; _module_preset=&#8221;default&#8221; hover_enabled=&#8221;0&#8243; global_colors_info=&#8221;{}&#8221; sticky_enabled=&#8221;0&#8243;]<\/p>\n<h1>Import von B\u00fcrobedarf und Werbemittel aus China<\/h1>\n<p><strong>B\u00fcrobedarf und Werbematerial aus China<\/strong><\/p>\n<p>Post-it-Zettel und Kugelschreiber, Druckerpapier und Briefumschl\u00e4ge \u2013 das gibt es in China billiger. Warum sollten Sie als deutscher Gro\u00df- oder Einzelh\u00e4ndler selbst bei hohen St\u00fcckzahlen noch zu viel Geld hinlegen? Als Ihr kompetenter Partner f\u00fcr den China-Import vermitteln wir Ihnen Handelspartner, bei denen Sie B\u00fcrobedarf aus China um ein Vielfaches g\u00fcnstiger beziehen k\u00f6nnen. Zu den Produkten, die Sie \u00fcber uns importieren lassen k\u00f6nnen, geh\u00f6ren zum Beispiel:<\/p>\n<ul>\n<li>Papier-, B\u00fcro- und Schreibwaren<\/li>\n<li>Verpackungsmaterialien<\/li>\n<li>Pr\u00e4sentation- und Schulungsbedarf<\/li>\n<li>Gesch\u00e4ftsausstattungen und Ladeneinrichtungen<\/li>\n<li>Messebedarf und Werbeartikel<\/li>\n<li>u.v.m.<\/li>\n<\/ul>\n<p>&nbsp;<\/p>\n<p><strong>Schreibwaren und B\u00fcroartikel g\u00fcnstig aus China importieren<\/strong><\/p>\n<p>Unser Produktportfolio umfasst den gesamten Bereich des B\u00fcrobedarfs. Lineale und Lupen, Textmarker und Schreibtischunterlagen geh\u00f6ren ebenso dazu wie Zeichenbedarf oder Kalender. Wir arbeiten dabei ausschlie\u00dflich mit seri\u00f6sen Betrieben zusammen, bei denen sauber gearbeitet wird. Der von uns vermittelte B\u00fcrobedarf aus China gen\u00fcgt deutschen Anforderungen \u2013 und das zu chinesischen Preisen.<\/p>\n<p>&nbsp;<\/p>\n<p><strong>B\u00fcroausstattung und Ladeneinrichtungen<\/strong><\/p>\n<p>\u00dcber uns k\u00f6nnen Sie nicht nur kleinere Produkte des B\u00fcrobedarfs erhalten, sondern auch komplette Gesch\u00e4ftsausstattungen. Vom Schreibtisch bis zum Flipchart, vom Aktenschrank bis zum Chefsessel bietet Ihnen die Agentur Frisch s\u00e4mtliche Objekte, die zu einer vollst\u00e4ndigen Einrichtung von B\u00fcros, Konferenzr\u00e4umen, Schulungsr\u00e4umen und L\u00e4den geh\u00f6ren.<\/p>\n<p>Auch gesamte Hoteleinrichtungen k\u00f6nnen durch unsere Gesch\u00e4ftspartner realisiert werden. Vom hochwertigen Hoteltresen \u00fcber Zimmerausstattungen und den Verwaltungsbedarf finden wir f\u00fcr Sie den besten und g\u00fcnstigsten Zulieferer aus China.<\/p>\n<p>&nbsp;<\/p>\n<p><strong>Werbeartikel aus China kaufen und sparen<\/strong><\/p>\n<p>Physische Werbeartikel sind auch in Zeiten der Digitalisierung noch immer ein geeignetes Werbeinstrument, mit dem der Beschenkte immer wieder an Ihre Firma erinnert wird. Anbieter in China k\u00f6nnen qualitativ inzwischen locker mit deutschen Herstellern von Werbematerial mithalten \u2013 und das bei ganz anderen Preisen. Wir von der Agentur Frisch arbeiten schon lange mit exzellenten Produzenten zusammen und sorgen pers\u00f6nlich daf\u00fcr, dass unsere hohen Anspr\u00fcche eingehalten werden.<\/p>\n<p>Sie k\u00f6nnen bei uns unter anderem folgende Werbeartikel aus China beziehen:<\/p>\n<ul>\n<li>Feuerzeuge<\/li>\n<li>Luftballons<\/li>\n<li>Notizbl\u00f6cke<\/li>\n<li>T-Shirts<\/li>\n<li>Tassen<\/li>\n<li>Notebook-Taschen<\/li>\n<li>Aufkleber<\/li>\n<li>u.v.m.<\/li>\n<\/ul>\n<p>&nbsp;<\/p>\n<p><strong>Individuelle L\u00f6sungen f\u00fcr Ihren Bedarf<\/strong><\/p>\n<p>Die Agentur Frisch ist Ihr Partner f\u00fcr den kompletten Ablauf Ihres Einkaufs von B\u00fcrobedarf oder Werbeartikeln aus China. Von der Herstellersuche \u00fcber die Preisverhandlungen und die Vertragsgestaltung, bis zur Qualit\u00e4tskontrolle und der gesamten Logistik des Versands und letzten Endes sogar Lagerung oder Fulfillment bieten wir Ihnen den vollen Service rund um den China-Import. Welche Leistungen Sie von uns erhalten wollen, und ob und was Sie selbst \u00fcbernehmen wollen, kl\u00e4ren wir in einem Beratungsgespr\u00e4ch. Diese Leistungen k\u00f6nnen Sie von uns fair und transparent buchen:<\/p>\n<ul>\n<li>Produkt\/Herstellersuche<\/li>\n<li>Produktionskontrolle\/Audits\/Inspektionen<\/li>\n<li>Konformit\u00e4t\/Zertifizierungen\/Kennzeichnungen<\/li>\n<li>Transportlogistik\/Verladekontrolle\/Zollabwicklung<\/li>\n<li>Lagerung<\/li>\n<\/ul>\n<p>Wir nehmen uns f\u00fcr Sie Zeit und finden gemeinsam heraus, wie Ihr idealer Deal im China-Import aussieht. Wir legen dabei viel Wert auf eine pers\u00f6nliche und individuelle Beratung und kl\u00e4ren so viel wie m\u00f6glich im Vorfeld, damit Ihr Kauf von B\u00fcrobedarf aus China reibungslos und zu Ihrer vollsten Zufriedenheit vonstattengeht.<\/p>\n<p>Unser seri\u00f6ses Vorgehen sichert Ihnen einen China-Import, bei dem nichts schiefgeht, und Waren, die Sie vorbehaltlos auf dem deutschen Markt vertreiben oder einsetzen k\u00f6nnen. Wir pr\u00fcfen die Unbedenklichkeit der von uns vermittelten Produkte in eigenen Laboren und haben selbst h\u00f6chste Anspr\u00fcche an Qualit\u00e4t. Das spart Kosten und \u00c4rger und macht uns zu einem der beliebtesten China-Importeure auf dem deutschen Markt.<\/p>\n<p>&nbsp;<\/p>\n<p><strong>Wir sind stolz auf unsere vielen zufriedenen Stammkunden und die enorme Zahl bereits positiv abgewickelter Gesch\u00e4fte. Sprechen Sie uns an!<\/strong><\/p>\n<p>&nbsp;<\/p>\n<p>[\/et_pb_text][\/et_pb_column][\/et_pb_row][\/et_pb_section][et_pb_section fb_built=&#8221;1&#8243; admin_label=&#8221;Testimonials&#8221; _builder_version=&#8221;4.16&#8243; use_background_color_gradient=&#8221;on&#8221; background_color_gradient_stops=&#8221;rgba(0,106,156,0.85) 0%|rgba(0,106,156,0.85) 100%&#8221; background_color_gradient_start=&#8221;rgba(0,106,156,0.85)&#8221; background_color_gradient_end=&#8221;rgba(0,106,156,0.85)&#8221; custom_padding=&#8221;90px||60px|&#8221; animation_style=&#8221;fold&#8221; animation_direction=&#8221;bottom&#8221; animation_intensity_fold=&#8221;4%&#8221; global_colors_info=&#8221;{}&#8221;][et_pb_row _builder_version=&#8221;4.16&#8243; background_size=&#8221;initial&#8221; background_position=&#8221;top_left&#8221; background_repeat=&#8221;repeat&#8221; custom_width_px=&#8221;710px&#8221; locked=&#8221;off&#8221; global_colors_info=&#8221;{}&#8221;][et_pb_column type=&#8221;4_4&#8243; _builder_version=&#8221;4.16&#8243; background_position=&#8221;top_left&#8221; custom_padding=&#8221;|||&#8221; global_colors_info=&#8221;{}&#8221; custom_padding__hover=&#8221;|||&#8221;][et_pb_text admin_label=&#8221;Testimonials Section Title&#8221; _builder_version=&#8221;4.16&#8243; header_font=&#8221;Montserrat||||&#8221; header_font_size=&#8221;36px&#8221; background_size=&#8221;initial&#8221; background_position=&#8221;top_left&#8221; background_repeat=&#8221;repeat&#8221; text_orientation=&#8221;center&#8221; background_layout=&#8221;dark&#8221; max_width=&#8221;710px&#8221; module_alignment=&#8221;center&#8221; animation_style=&#8221;fold&#8221; animation_direction=&#8221;bottom&#8221; animation_intensity_fold=&#8221;20%&#8221; global_colors_info=&#8221;{}&#8221;]<\/p>\n<h1>\u00dcber 5000 zufriedene Kunden.<\/h1>\n<p>&nbsp;<\/p>\n<p>[\/et_pb_text][et_pb_divider color=&#8221;#ffffff&#8221; divider_weight=&#8221;3px&#8221; disabled_on=&#8221;off|off|off&#8221; _builder_version=&#8221;4.16&#8243; background_color_gradient_direction=&#8221;90deg&#8221; max_width=&#8221;100px&#8221; module_alignment=&#8221;center&#8221; height=&#8221;5px&#8221; custom_margin=&#8221;||20px|&#8221; custom_padding=&#8221;||20px|&#8221; animation_style=&#8221;slide&#8221; animation_direction=&#8221;bottom&#8221; saved_tabs=&#8221;all&#8221; locked=&#8221;off&#8221; global_colors_info=&#8221;{}&#8221;][\/et_pb_divider][\/et_pb_column][\/et_pb_row][et_pb_row column_structure=&#8221;1_2,1_2&#8243; _builder_version=&#8221;4.18.1&#8243; _module_preset=&#8221;default&#8221; global_colors_info=&#8221;{}&#8221;][et_pb_column type=&#8221;1_2&#8243; _builder_version=&#8221;4.18.1&#8243; _module_preset=&#8221;default&#8221; global_colors_info=&#8221;{}&#8221;][et_pb_testimonial author=&#8221;Marco&#8221; portrait_url=&#8221;https:\/\/ag-frisch.com\/wp-content\/uploads\/2021\/08\/Harald.png&#8221; quote_icon=&#8221;off&#8221; _builder_version=&#8221;4.18.1&#8243; _module_preset=&#8221;default&#8221; body_font_size=&#8221;16px&#8221; use_background_color=&#8221;off&#8221; background_layout=&#8221;dark&#8221; global_colors_info=&#8221;{}&#8221;]Ich habe die Agentur Frisch beauftragt ein gr\u00f6\u00dferes M\u00f6belst\u00fcck in China produzieren zu lassen um es dann folglich nach Deutschland zu \u00fcberf\u00fchren. Per Mail erfolgte die ganze Zeit \u00fcber eine reibungslose Kommunikation! Sehr schnelle und zuverl\u00e4ssige Antworten vermittelten mir st\u00e4ndig die Sicherheiten, die bei so einen Unterfangen unerl\u00e4sslich sind. Jederzeit wurde mir durch den B\u00fcrokratiedschungel geholfen und dabei wurden keine Formulare vergessen oder falsch ausgef\u00fcllt. Sehr lobenswert!<a href=\"&lt;div class=&quot;pe-richsnippets&quot;&gt;&amp;nbsp;&lt;\/div&gt; &lt;script type=&quot;text\/javascript&quot; src=&quot;https:\/\/www.provenexpert.com\/widget\/richsnippet.js?u=1NUA0VwZ4RUZ5tmAi5zA4RaplNKAlWwZ&amp;v=2&quot; async&gt;&lt;\/script&gt; &lt;div style=&quot;text-align: justify;&quot;&gt;&lt;br \/&gt;\"><\/a><\/p>\n<div class=\"brow ratingBarMargin\">\n<div class=\"ratingBar\">\n<div class=\"brow\">\n<div class=\"pe-richsnippets\">&nbsp;<\/div>\n<p><script type=\"text\/javascript\" src=\"https:\/\/www.provenexpert.com\/widget\/richsnippet.js?u=1NUA0VwZ4RUZ5tmAi5zA4RaplNKAlWwZ&#038;v=2\" async><\/script><\/p>\n<div style=\"text-align: justify;\"><\/p>\n<div class=\"col-lg-9 col-md-8 col-xs-10 mt20 mb20\">\n<div class=\"col-xs-12 surveyNameForRating\"><\/div>\n<\/div>\n<\/div>\n<\/div>\n<\/div>\n<\/div>\n<p>[\/et_pb_testimonial][\/et_pb_column][et_pb_column type=&#8221;1_2&#8243; _builder_version=&#8221;4.18.1&#8243; _module_preset=&#8221;default&#8221; global_colors_info=&#8221;{}&#8221;][et_pb_testimonial author=&#8221;Simone L.&#8221; portrait_url=&#8221;https:\/\/ag-frisch.com\/wp-content\/uploads\/2021\/08\/Harald.png&#8221; quote_icon=&#8221;off&#8221; _builder_version=&#8221;4.18.1&#8243; _module_preset=&#8221;default&#8221; body_font_size=&#8221;16px&#8221; use_background_color=&#8221;off&#8221; background_layout=&#8221;dark&#8221; global_colors_info=&#8221;{}&#8221;]<\/p>\n<p>Alles Top. Besser geht nicht. Beratung und Durchf\u00fchrung kann man nicht besser machen. Wir sind nach mehreren Bestellungen bei diesem Unternehmen mehr als zufrieden und setzen die Zusammenarbeit fort.<\/p>\n<div class=\"brow ratingBarMargin\">\n<div class=\"ratingBar\">\n<div class=\"brow\">\n<div class=\"pe-richsnippets\">\u00a0<\/div>\n<p>\n<script type=\"text\/javascript\" src=\"https:\/\/www.provenexpert.com\/widget\/richsnippet.js?u=1NUA0VwZ4RUZ5tmAi5zA4RaplNKAlWwZ&amp;v=2\" async=\"\"><\/script>\n<\/p>\n<div style=\"text-align: justify;\">\n<p>&nbsp;<\/p>\n<div class=\"col-lg-9 col-md-8 col-xs-10 mt20 mb20\">\n<div class=\"col-xs-12 surveyNameForRating\"><\/div>\n<\/div>\n<\/div>\n<\/div>\n<\/div>\n<\/div>\n<p>[\/et_pb_testimonial][\/et_pb_column][\/et_pb_row][et_pb_row _builder_version=&#8221;4.16&#8243; background_size=&#8221;initial&#8221; background_position=&#8221;top_left&#8221; background_repeat=&#8221;repeat&#8221; custom_padding=&#8221;50px|0px|30px|0px&#8221; custom_css_main_element=&#8221;text-align: center;&#8221; global_colors_info=&#8221;{}&#8221;][et_pb_column type=&#8221;4_4&#8243; _builder_version=&#8221;4.16&#8243; custom_padding=&#8221;|||&#8221; global_colors_info=&#8221;{}&#8221; custom_padding__hover=&#8221;|||&#8221;][et_pb_button button_url=&#8221;https:\/\/www.provenexpert.com\/de-de\/agentur-frisch-international-consulting-gmbh-und-co-kg\/&#8221; button_text=&#8221;MEHR BEWERTUNGEN&#8221; button_alignment=&#8221;left&#8221; admin_label=&#8221;Testimonial Button&#8221; _builder_version=&#8221;4.16&#8243; custom_button=&#8221;on&#8221; button_text_size=&#8221;18px&#8221; button_text_color=&#8221;#ffffff&#8221; button_bg_color=&#8221;#6eba01&#8243; button_border_width=&#8221;2px&#8221; button_border_color=&#8221;#6eba01&#8243; button_border_radius=&#8221;0px&#8221; button_letter_spacing=&#8221;2px&#8221; button_font=&#8221;Montserrat|||on|&#8221; button_use_icon=&#8221;off&#8221; animation_style=&#8221;fold&#8221; animation_direction=&#8221;bottom&#8221; button_text_color_hover=&#8221;#ffffff&#8221; button_border_color_hover=&#8221;#ffffff&#8221; button_border_radius_hover=&#8221;0px&#8221; button_letter_spacing_hover=&#8221;2px&#8221; button_bg_color_hover=&#8221;rgba(255,255,255,0)&#8221; locked=&#8221;off&#8221; global_colors_info=&#8221;{}&#8221; button_text_size__hover_enabled=&#8221;off&#8221; button_one_text_size__hover_enabled=&#8221;off&#8221; button_two_text_size__hover_enabled=&#8221;off&#8221; button_text_color__hover_enabled=&#8221;on&#8221; button_text_color__hover=&#8221;#ffffff&#8221; button_one_text_color__hover_enabled=&#8221;off&#8221; button_two_text_color__hover_enabled=&#8221;off&#8221; button_border_width__hover_enabled=&#8221;off&#8221; button_one_border_width__hover_enabled=&#8221;off&#8221; button_two_border_width__hover_enabled=&#8221;off&#8221; button_border_color__hover_enabled=&#8221;on&#8221; button_border_color__hover=&#8221;#ffffff&#8221; button_one_border_color__hover_enabled=&#8221;off&#8221; button_two_border_color__hover_enabled=&#8221;off&#8221; button_border_radius__hover_enabled=&#8221;on&#8221; button_border_radius__hover=&#8221;0px&#8221; button_one_border_radius__hover_enabled=&#8221;off&#8221; button_two_border_radius__hover_enabled=&#8221;off&#8221; button_letter_spacing__hover_enabled=&#8221;on&#8221; button_letter_spacing__hover=&#8221;2px&#8221; button_one_letter_spacing__hover_enabled=&#8221;off&#8221; button_two_letter_spacing__hover_enabled=&#8221;off&#8221; button_bg_color__hover_enabled=&#8221;on&#8221; button_bg_color__hover=&#8221;rgba(255,255,255,0)&#8221; button_one_bg_color__hover_enabled=&#8221;off&#8221; button_two_bg_color__hover_enabled=&#8221;off&#8221;][\/et_pb_button][\/et_pb_column][\/et_pb_row][\/et_pb_section]<\/p>\n","protected":false},"excerpt":{"rendered":"<p>Durch die China Import Agentur Frisch gelingt Ihnen das China Gesch\u00e4ft wie bei den Profis.Import von B\u00fcrobedarf und Werbemittel aus China B\u00fcrobedarf und Werbematerial aus China Post-it-Zettel und Kugelschreiber, Druckerpapier und Briefumschl\u00e4ge \u2013 das gibt es in China billiger. Warum sollten Sie als deutscher Gro\u00df- oder Einzelh\u00e4ndler selbst bei hohen St\u00fcckzahlen noch zu viel Geld [&hellip;]<\/p>\n","protected":false},"author":2,"featured_media":0,"parent":0,"menu_order":0,"comment_status":"closed","ping_status":"closed","template":"","meta":{"_et_pb_use_builder":"on","_et_pb_old_content":"","_et_gb_content_width":"","footnotes":""},"class_list":["post-2025","page","type-page","status-publish","hentry"],"yoast_head":"<!-- This site is optimized with the Yoast SEO plugin v27.4 - https:\/\/yoast.com\/product\/yoast-seo-wordpress\/ -->\n<title>B\u00fcrobedarf aus China | Import von Werbemitteln<\/title>\n<meta name=\"description\" content=\"Import von B\u00fcrobedarf aus China \u25ba Hochwertige Werbemittel und Gewerbebedarf \u2714 B\u00fcroausstattung \u2714 individuelle L\u00f6sungen \u25ba Jetzt beraten lassen!\" \/>\n<meta name=\"robots\" content=\"index, follow, max-snippet:-1, max-image-preview:large, max-video-preview:-1\" \/>\n<link rel=\"canonical\" href=\"https:\/\/ag-frisch.com\/de\/buerobedarf-werbemittel-import-china\/\" \/>\n<meta property=\"og:locale\" content=\"de_DE\" \/>\n<meta property=\"og:type\" content=\"article\" \/>\n<meta property=\"og:title\" content=\"B\u00fcrobedarf aus China | Import von Werbemitteln\" \/>\n<meta property=\"og:description\" content=\"Import von B\u00fcrobedarf aus China \u25ba Hochwertige Werbemittel und Gewerbebedarf \u2714 B\u00fcroausstattung \u2714 individuelle L\u00f6sungen \u25ba Jetzt beraten lassen!\" \/>\n<meta property=\"og:url\" content=\"https:\/\/ag-frisch.com\/de\/buerobedarf-werbemittel-import-china\/\" \/>\n<meta property=\"og:site_name\" content=\"China Import Beratung f\u00fcr den Einkauf aus China\" \/>\n<meta property=\"article:publisher\" content=\"https:\/\/www.facebook.com\/China.Import\" \/>\n<meta property=\"article:modified_time\" content=\"2023-01-11T09:22:00+00:00\" \/>\n<meta name=\"twitter:card\" content=\"summary_large_image\" \/>\n<meta name=\"twitter:site\" content=\"@agenturfrisch\" \/>\n<script type=\"application\/ld+json\" class=\"yoast-schema-graph\">{\"@context\":\"https:\\\/\\\/schema.org\",\"@graph\":[{\"@type\":\"WebPage\",\"@id\":\"https:\\\/\\\/ag-frisch.com\\\/de\\\/buerobedarf-werbemittel-import-china\\\/\",\"url\":\"https:\\\/\\\/ag-frisch.com\\\/de\\\/buerobedarf-werbemittel-import-china\\\/\",\"name\":\"B\u00fcrobedarf aus China | Import von Werbemitteln\",\"isPartOf\":{\"@id\":\"https:\\\/\\\/ag-frisch.com\\\/de\\\/#website\"},\"datePublished\":\"2022-04-30T04:16:48+00:00\",\"dateModified\":\"2023-01-11T09:22:00+00:00\",\"description\":\"Import von B\u00fcrobedarf aus China \u25ba Hochwertige Werbemittel und Gewerbebedarf \u2714 B\u00fcroausstattung \u2714 individuelle L\u00f6sungen \u25ba Jetzt beraten lassen!\",\"breadcrumb\":{\"@id\":\"https:\\\/\\\/ag-frisch.com\\\/de\\\/buerobedarf-werbemittel-import-china\\\/#breadcrumb\"},\"inLanguage\":\"de\",\"potentialAction\":[{\"@type\":\"ReadAction\",\"target\":[\"https:\\\/\\\/ag-frisch.com\\\/de\\\/buerobedarf-werbemittel-import-china\\\/\"]}]},{\"@type\":\"BreadcrumbList\",\"@id\":\"https:\\\/\\\/ag-frisch.com\\\/de\\\/buerobedarf-werbemittel-import-china\\\/#breadcrumb\",\"itemListElement\":[{\"@type\":\"ListItem\",\"position\":1,\"name\":\"Startseite\",\"item\":\"https:\\\/\\\/ag-frisch.com\\\/de\\\/\"},{\"@type\":\"ListItem\",\"position\":2,\"name\":\"B\u00fcrobedarf aus China\"}]},{\"@type\":\"WebSite\",\"@id\":\"https:\\\/\\\/ag-frisch.com\\\/de\\\/#website\",\"url\":\"https:\\\/\\\/ag-frisch.com\\\/de\\\/\",\"name\":\"China Import Beratung f\u00fcr den Einkauf aus China\",\"description\":\"China Import &amp; Export Beratung - Der Dienstleister Ihres Vertrauens f\u00fcr Ihren China Import\",\"publisher\":{\"@id\":\"https:\\\/\\\/ag-frisch.com\\\/de\\\/#organization\"},\"potentialAction\":[{\"@type\":\"SearchAction\",\"target\":{\"@type\":\"EntryPoint\",\"urlTemplate\":\"https:\\\/\\\/ag-frisch.com\\\/de\\\/?s={search_term_string}\"},\"query-input\":{\"@type\":\"PropertyValueSpecification\",\"valueRequired\":true,\"valueName\":\"search_term_string\"}}],\"inLanguage\":\"de\"},{\"@type\":\"Organization\",\"@id\":\"https:\\\/\\\/ag-frisch.com\\\/de\\\/#organization\",\"name\":\"Agentur Frisch International Consulting GmbH & Co. KG\",\"url\":\"https:\\\/\\\/ag-frisch.com\\\/de\\\/\",\"logo\":{\"@type\":\"ImageObject\",\"inLanguage\":\"de\",\"@id\":\"https:\\\/\\\/ag-frisch.com\\\/de\\\/#\\\/schema\\\/logo\\\/image\\\/\",\"url\":\"https:\\\/\\\/ag-frisch.com\\\/wp-content\\\/uploads\\\/2021\\\/08\\\/ag_logo_rgb_300_small.png\",\"contentUrl\":\"https:\\\/\\\/ag-frisch.com\\\/wp-content\\\/uploads\\\/2021\\\/08\\\/ag_logo_rgb_300_small.png\",\"width\":153,\"height\":102,\"caption\":\"Agentur Frisch International Consulting GmbH & Co. KG\"},\"image\":{\"@id\":\"https:\\\/\\\/ag-frisch.com\\\/de\\\/#\\\/schema\\\/logo\\\/image\\\/\"},\"sameAs\":[\"https:\\\/\\\/www.facebook.com\\\/China.Import\",\"https:\\\/\\\/x.com\\\/agenturfrisch\"]}]}<\/script>\n<!-- \/ Yoast SEO plugin. -->","yoast_head_json":{"title":"B\u00fcrobedarf aus China | Import von Werbemitteln","description":"Import von B\u00fcrobedarf aus China \u25ba Hochwertige Werbemittel und Gewerbebedarf \u2714 B\u00fcroausstattung \u2714 individuelle L\u00f6sungen \u25ba Jetzt beraten lassen!","robots":{"index":"index","follow":"follow","max-snippet":"max-snippet:-1","max-image-preview":"max-image-preview:large","max-video-preview":"max-video-preview:-1"},"canonical":"https:\/\/ag-frisch.com\/de\/buerobedarf-werbemittel-import-china\/","og_locale":"de_DE","og_type":"article","og_title":"B\u00fcrobedarf aus China | Import von Werbemitteln","og_description":"Import von B\u00fcrobedarf aus China \u25ba Hochwertige Werbemittel und Gewerbebedarf \u2714 B\u00fcroausstattung \u2714 individuelle L\u00f6sungen \u25ba Jetzt beraten lassen!","og_url":"https:\/\/ag-frisch.com\/de\/buerobedarf-werbemittel-import-china\/","og_site_name":"China Import Beratung f\u00fcr den Einkauf aus China","article_publisher":"https:\/\/www.facebook.com\/China.Import","article_modified_time":"2023-01-11T09:22:00+00:00","twitter_card":"summary_large_image","twitter_site":"@agenturfrisch","schema":{"@context":"https:\/\/schema.org","@graph":[{"@type":"WebPage","@id":"https:\/\/ag-frisch.com\/de\/buerobedarf-werbemittel-import-china\/","url":"https:\/\/ag-frisch.com\/de\/buerobedarf-werbemittel-import-china\/","name":"B\u00fcrobedarf aus China | Import von Werbemitteln","isPartOf":{"@id":"https:\/\/ag-frisch.com\/de\/#website"},"datePublished":"2022-04-30T04:16:48+00:00","dateModified":"2023-01-11T09:22:00+00:00","description":"Import von B\u00fcrobedarf aus China \u25ba Hochwertige Werbemittel und Gewerbebedarf \u2714 B\u00fcroausstattung \u2714 individuelle L\u00f6sungen \u25ba Jetzt beraten lassen!","breadcrumb":{"@id":"https:\/\/ag-frisch.com\/de\/buerobedarf-werbemittel-import-china\/#breadcrumb"},"inLanguage":"de","potentialAction":[{"@type":"ReadAction","target":["https:\/\/ag-frisch.com\/de\/buerobedarf-werbemittel-import-china\/"]}]},{"@type":"BreadcrumbList","@id":"https:\/\/ag-frisch.com\/de\/buerobedarf-werbemittel-import-china\/#breadcrumb","itemListElement":[{"@type":"ListItem","position":1,"name":"Startseite","item":"https:\/\/ag-frisch.com\/de\/"},{"@type":"ListItem","position":2,"name":"B\u00fcrobedarf aus China"}]},{"@type":"WebSite","@id":"https:\/\/ag-frisch.com\/de\/#website","url":"https:\/\/ag-frisch.com\/de\/","name":"China Import Beratung f\u00fcr den Einkauf aus China","description":"China Import &amp; Export Beratung - Der Dienstleister Ihres Vertrauens f\u00fcr Ihren China Import","publisher":{"@id":"https:\/\/ag-frisch.com\/de\/#organization"},"potentialAction":[{"@type":"SearchAction","target":{"@type":"EntryPoint","urlTemplate":"https:\/\/ag-frisch.com\/de\/?s={search_term_string}"},"query-input":{"@type":"PropertyValueSpecification","valueRequired":true,"valueName":"search_term_string"}}],"inLanguage":"de"},{"@type":"Organization","@id":"https:\/\/ag-frisch.com\/de\/#organization","name":"Agentur Frisch International Consulting GmbH & Co. KG","url":"https:\/\/ag-frisch.com\/de\/","logo":{"@type":"ImageObject","inLanguage":"de","@id":"https:\/\/ag-frisch.com\/de\/#\/schema\/logo\/image\/","url":"https:\/\/ag-frisch.com\/wp-content\/uploads\/2021\/08\/ag_logo_rgb_300_small.png","contentUrl":"https:\/\/ag-frisch.com\/wp-content\/uploads\/2021\/08\/ag_logo_rgb_300_small.png","width":153,"height":102,"caption":"Agentur Frisch International Consulting GmbH & Co. KG"},"image":{"@id":"https:\/\/ag-frisch.com\/de\/#\/schema\/logo\/image\/"},"sameAs":["https:\/\/www.facebook.com\/China.Import","https:\/\/x.com\/agenturfrisch"]}]}},"_links":{"self":[{"href":"https:\/\/ag-frisch.com\/de\/wp-json\/wp\/v2\/pages\/2025","targetHints":{"allow":["GET"]}}],"collection":[{"href":"https:\/\/ag-frisch.com\/de\/wp-json\/wp\/v2\/pages"}],"about":[{"href":"https:\/\/ag-frisch.com\/de\/wp-json\/wp\/v2\/types\/page"}],"author":[{"embeddable":true,"href":"https:\/\/ag-frisch.com\/de\/wp-json\/wp\/v2\/users\/2"}],"replies":[{"embeddable":true,"href":"https:\/\/ag-frisch.com\/de\/wp-json\/wp\/v2\/comments?post=2025"}],"version-history":[{"count":0,"href":"https:\/\/ag-frisch.com\/de\/wp-json\/wp\/v2\/pages\/2025\/revisions"}],"wp:attachment":[{"href":"https:\/\/ag-frisch.com\/de\/wp-json\/wp\/v2\/media?parent=2025"}],"curies":[{"name":"wp","href":"https:\/\/api.w.org\/{rel}","templated":true}]}}