{"id":2029,"date":"2022-04-30T06:21:11","date_gmt":"2022-04-30T04:21:11","guid":{"rendered":"https:\/\/ag-frisch.com\/?page_id=2029"},"modified":"2023-01-17T21:34:29","modified_gmt":"2023-01-17T20:34:29","slug":"kleinelektronik-fotobedarf-unterhaltungstechnik-china-import","status":"publish","type":"page","link":"https:\/\/ag-frisch.com\/de\/kleinelektronik-fotobedarf-unterhaltungstechnik-china-import\/","title":{"rendered":"Fotobedarf aus China"},"content":{"rendered":"<p>[et_pb_section fb_built=&#8221;1&#8243; _builder_version=&#8221;4.16&#8243; _module_preset=&#8221;default&#8221; global_colors_info=&#8221;{}&#8221;][et_pb_row _builder_version=&#8221;4.18.1&#8243; _module_preset=&#8221;default&#8221; global_colors_info=&#8221;{}&#8221;][et_pb_column type=&#8221;4_4&#8243; _builder_version=&#8221;4.18.1&#8243; _module_preset=&#8221;default&#8221; global_colors_info=&#8221;{}&#8221;][et_pb_cta title=&#8221;Import von Kleinelektronik aus China&#8221; button_url=&#8221;\/kontakt\/&#8221; button_text=&#8221;Jetzt vom Profi importieren lassen &#8221; _builder_version=&#8221;4.18.1&#8243; _module_preset=&#8221;default&#8221; hover_enabled=&#8221;0&#8243; global_colors_info=&#8221;{}&#8221; sticky_enabled=&#8221;0&#8243;]<\/p>\n<p>Die China Import Experten entwickeln den Import von Kleinelektronik und Unterhaltungstechnik aus China f\u00fcr Sie komplett ab.<\/p>\n<p>[\/et_pb_cta][\/et_pb_column][\/et_pb_row][et_pb_row _builder_version=&#8221;4.16&#8243; _module_preset=&#8221;default&#8221; global_colors_info=&#8221;{}&#8221;][et_pb_column type=&#8221;4_4&#8243; _builder_version=&#8221;4.16&#8243; _module_preset=&#8221;default&#8221; global_colors_info=&#8221;{}&#8221;][et_pb_text _builder_version=&#8221;4.18.1&#8243; _module_preset=&#8221;default&#8221; global_colors_info=&#8221;{}&#8221;]<\/p>\n<h1>Import von Kleinelektronik und Unterhaltungstechnik aus China<\/h1>\n<p><strong>Computer, Handys, Fotobedarf und mehr aus China<\/strong><\/p>\n<p>Kaum ein Land steht so f\u00fcr g\u00fcnstige Kleinelektronik wie China: \u201eMade in China\u201c wurde zum Inbegriff billig produzierter technischer Ger\u00e4te. Doch diese Zeiten sind schon lange vorbei: Mittlerweile bl\u00fcht der Markt, es werden in rasendem Tempo erstklassige Produkte f\u00fcr den globalen Vertrieb entwickelt und hergestellt. Wir von der Agentur Frisch vermitteln Ihnen die Handelsbeziehungen in China, die Sie ben\u00f6tigen, um davon zu profitieren. Wir kennen die Hersteller und wissen, worauf es zu achten gilt beim China-Import von Fotobedarf, Kleinelektronik, Computern und Co.<\/p>\n<p>&nbsp;<\/p>\n<p><strong>G\u00fcnstig produziert und qualitativ hochwertig \u2013 Kleinelektronik aus China<\/strong><\/p>\n<p>Als Gro\u00dfh\u00e4ndler oder ambitionierter Einzelunternehmer wissen Sie, wie wichtig es ist, m\u00f6glichst g\u00fcnstig einzukaufen, um angemessene Margen zu erzielen. Wir bieten Ihnen die besten Kontakte, um auf seri\u00f6sem und doch lukrativem Weg Ihr Gesch\u00e4ft durch China-Import von Elektronik zu st\u00e4rken. In dieser Sparte vermitteln wir Ihnen gern zum Beispiel Produkte wie:<\/p>\n<ul>\n<li>Handys, Smartphones, Tablets<\/li>\n<li>Laptops, Computer<\/li>\n<li>Digitale\/analoge Spiegelreflexkameras, Digitalkameras und Zubeh\u00f6r<\/li>\n<li>Telefone und Telefonanlagen<\/li>\n<li>Fotolaborausstattung und Fotostudiozubeh\u00f6r<\/li>\n<li>LED-Lampen, Gl\u00fchbirnen, Taschenlampen<\/li>\n<li>u.v.m.<\/li>\n<\/ul>\n<p>&nbsp;<\/p>\n<p><strong>Fotobedarf aus China: Wenn die Qualit\u00e4t z\u00e4hlt<\/strong><\/p>\n<p>Heutzutage kann jeder mit dem Smartphone schnell ein paar Fotos schie\u00dfen. Doch wirklich gute Bilder kommen dabei meist eher zuf\u00e4llig zustande. Wer anspruchsvollere Fotografie betreiben will, greift noch immer gern auf Spiegelreflexkameras oder zumindest ausgezeichnete Digitalkameras zur\u00fcck. Wir vermitteln Ihnen hier beste Qualit\u00e4t auf deutschem Niveau. Dasselbe gilt f\u00fcr Filmkameras und Filmprojektoren, Objektive und s\u00e4mtliches Zubeh\u00f6r. Unsere Produzenten bieten auch alles f\u00fcr die Ausstattung kompletter Fotolabore und Fotostudios. So erhalten Sie f\u00fcr einen Bruchteil des Preises absolut hochwertige Waren.<\/p>\n<p>&nbsp;<\/p>\n<p><strong>Eine gute Verbindung \u2013 Kommunikationstechnik und Unterhaltungselektronik aus China<\/strong><\/p>\n<p>Der chinesische Markt f\u00fcr Kommunikationselektronik ist ausgesprochen w\u00e4hlerisch, die mittlerweile dort produzierten Ger\u00e4te gen\u00fcgen h\u00f6chsten Anforderungen und werden von echten Fachleuten entwickelt. Ob Smartphone oder Computer, High-end-Laptop oder Spielekonsole \u2013 wir finden f\u00fcr Sie den optimalen Lieferanten f\u00fcr den Import von Unterhaltungselektronik aus China.<\/p>\n<p>&nbsp;<\/p>\n<p><strong>Seri\u00f6ser, zuverl\u00e4ssiger China-Import mit Agentur Frisch<\/strong><\/p>\n<p>Wir k\u00f6nnen nicht genug warnen vor windigen Anbietern, die Ihnen das Blaue vom Himmel versprechen und Sie dann im Regen stehen lassen. Unseri\u00f6se Gesch\u00e4ftspartner sch\u00e4digen den Ruf sauberer China-Importe. Die Agentur Frisch ist schon seit vielen Jahren in diesem Bereich t\u00e4tig und verf\u00fcgt nicht umsonst \u00fcber einen starken Bestand an Stammkunden. Unsere Google-Bewertung von 5 Sternen spricht eine deutliche Sprache.<\/p>\n<p>Wir bieten Ihnen:<\/p>\n<ul>\n<li>Verl\u00e4sslichkeit<\/li>\n<li>ordentliche Abwicklung<\/li>\n<li>Deutsche Standards<\/li>\n<li>g\u00fcnstige Preise<\/li>\n<li>top Know-how<\/li>\n<li>Rundum-Service<\/li>\n<\/ul>\n<p>&nbsp;<\/p>\n<p><strong>Eine Agentur f\u00fcr alle Leistungen rund um Ihren China-Import<\/strong><\/p>\n<p>Von der Herstellersuche \u00fcber die Preisverhandlungen und die Vertragsgestaltung, die Produktionskontrolle und die Qualit\u00e4tssicherung, bis zu Transport, Z\u00f6llen und Genehmigungen sowie auf Wunsch der Lagerung in Deutschland bieten wir Ihnen s\u00e4mtliche Leistungen f\u00fcr Ihren Einkauf von Fotobedarf oder Unterhaltungselektronik aus China.<\/p>\n<p>&nbsp;<\/p>\n<p><strong>China-Import-Unternehmen mit Erfahrung und Referenzen<\/strong><\/p>\n<p>Wir sind stolz darauf, mit unseren Tochterunternehmen praktisch s\u00e4mtliche Leistungen f\u00fcr Sie zu \u00fcbernehmen und dadurch f\u00fcr beste Qualit\u00e4t b\u00fcrgen zu k\u00f6nnen. Unsere Marken wie import4u, inspekt4u, airbridge Consulting, das BEIDE Test-Labor oder stock4u sind wichtige Mosaiksteine im Gesamtbild Ihres Gesch\u00e4ftserfolgs beim China-Import.<\/p>\n<p>Zu unseren Referenzen geh\u00f6ren namhafte Gro\u00dfunternehmen ebenso wie eBay- und Amazon-Topseller. Viele unserer Kunden beziehen ihre Waren bereits seit vielen Jahren \u00fcber uns. Wir wollen zufriedene Kunden und tun auch etwas daf\u00fcr.<\/p>\n<p>Vertrauen Sie auf die Leistungen eines erfahrenen China-Import-Unternehmens.<\/p>\n<p>&nbsp;<\/p>\n<p><strong>Wir bieten Erfolg ohne Kompromisse.<\/strong><\/p>\n<p>&nbsp;<\/p>\n<p>[\/et_pb_text][\/et_pb_column][\/et_pb_row][\/et_pb_section][et_pb_section fb_built=&#8221;1&#8243; admin_label=&#8221;Testimonials&#8221; _builder_version=&#8221;4.16&#8243; use_background_color_gradient=&#8221;on&#8221; background_color_gradient_stops=&#8221;rgba(0,106,156,0.85) 0%|rgba(0,106,156,0.85) 100%&#8221; background_color_gradient_start=&#8221;rgba(0,106,156,0.85)&#8221; background_color_gradient_end=&#8221;rgba(0,106,156,0.85)&#8221; custom_padding=&#8221;90px||60px|&#8221; animation_style=&#8221;fold&#8221; animation_direction=&#8221;bottom&#8221; animation_intensity_fold=&#8221;4%&#8221; global_colors_info=&#8221;{}&#8221;][et_pb_row _builder_version=&#8221;4.16&#8243; background_size=&#8221;initial&#8221; background_position=&#8221;top_left&#8221; background_repeat=&#8221;repeat&#8221; custom_width_px=&#8221;710px&#8221; locked=&#8221;off&#8221; global_colors_info=&#8221;{}&#8221;][et_pb_column type=&#8221;4_4&#8243; _builder_version=&#8221;4.16&#8243; background_position=&#8221;top_left&#8221; custom_padding=&#8221;|||&#8221; global_colors_info=&#8221;{}&#8221; custom_padding__hover=&#8221;|||&#8221;][et_pb_text admin_label=&#8221;Testimonials Section Title&#8221; _builder_version=&#8221;4.16&#8243; header_font=&#8221;Montserrat||||&#8221; header_font_size=&#8221;36px&#8221; background_size=&#8221;initial&#8221; background_position=&#8221;top_left&#8221; background_repeat=&#8221;repeat&#8221; text_orientation=&#8221;center&#8221; background_layout=&#8221;dark&#8221; max_width=&#8221;710px&#8221; module_alignment=&#8221;center&#8221; animation_style=&#8221;fold&#8221; animation_direction=&#8221;bottom&#8221; animation_intensity_fold=&#8221;20%&#8221; global_colors_info=&#8221;{}&#8221;]<\/p>\n<h1>\u00dcber 5000 zufriedene Kunden.<\/h1>\n<p>&nbsp;<\/p>\n<p>[\/et_pb_text][et_pb_divider color=&#8221;#ffffff&#8221; divider_weight=&#8221;3px&#8221; disabled_on=&#8221;off|off|off&#8221; _builder_version=&#8221;4.16&#8243; background_color_gradient_direction=&#8221;90deg&#8221; max_width=&#8221;100px&#8221; module_alignment=&#8221;center&#8221; height=&#8221;5px&#8221; custom_margin=&#8221;||20px|&#8221; custom_padding=&#8221;||20px|&#8221; animation_style=&#8221;slide&#8221; animation_direction=&#8221;bottom&#8221; saved_tabs=&#8221;all&#8221; locked=&#8221;off&#8221; global_colors_info=&#8221;{}&#8221;][\/et_pb_divider][\/et_pb_column][\/et_pb_row][et_pb_row column_structure=&#8221;1_2,1_2&#8243; _builder_version=&#8221;4.18.1&#8243; _module_preset=&#8221;default&#8221; global_colors_info=&#8221;{}&#8221;][et_pb_column type=&#8221;1_2&#8243; _builder_version=&#8221;4.18.1&#8243; _module_preset=&#8221;default&#8221; global_colors_info=&#8221;{}&#8221;][et_pb_testimonial author=&#8221;Marco&#8221; portrait_url=&#8221;https:\/\/ag-frisch.com\/wp-content\/uploads\/2021\/08\/Harald.png&#8221; quote_icon=&#8221;off&#8221; _builder_version=&#8221;4.18.1&#8243; _module_preset=&#8221;default&#8221; body_font_size=&#8221;16px&#8221; use_background_color=&#8221;off&#8221; background_layout=&#8221;dark&#8221; global_colors_info=&#8221;{}&#8221;]Ich habe die Agentur Frisch beauftragt ein gr\u00f6\u00dferes M\u00f6belst\u00fcck in China produzieren zu lassen um es dann folglich nach Deutschland zu \u00fcberf\u00fchren. Per Mail erfolgte die ganze Zeit \u00fcber eine reibungslose Kommunikation! Sehr schnelle und zuverl\u00e4ssige Antworten vermittelten mir st\u00e4ndig die Sicherheiten, die bei so einen Unterfangen unerl\u00e4sslich sind. Jederzeit wurde mir durch den B\u00fcrokratiedschungel geholfen und dabei wurden keine Formulare vergessen oder falsch ausgef\u00fcllt. Sehr lobenswert!<a href=\"&lt;div class=&quot;pe-richsnippets&quot;&gt;&amp;nbsp;&lt;\/div&gt; &lt;script type=&quot;text\/javascript&quot; src=&quot;https:\/\/www.provenexpert.com\/widget\/richsnippet.js?u=1NUA0VwZ4RUZ5tmAi5zA4RaplNKAlWwZ&amp;v=2&quot; async&gt;&lt;\/script&gt; &lt;div style=&quot;text-align: justify;&quot;&gt;&lt;br \/&gt;\"><\/a><\/p>\n<div class=\"brow ratingBarMargin\">\n<div class=\"ratingBar\">\n<div class=\"brow\">\n<div class=\"pe-richsnippets\">&nbsp;<\/div>\n<p><script type=\"text\/javascript\" src=\"https:\/\/www.provenexpert.com\/widget\/richsnippet.js?u=1NUA0VwZ4RUZ5tmAi5zA4RaplNKAlWwZ&#038;v=2\" async><\/script><\/p>\n<div style=\"text-align: justify;\"><\/p>\n<div class=\"col-lg-9 col-md-8 col-xs-10 mt20 mb20\">\n<div class=\"col-xs-12 surveyNameForRating\"><\/div>\n<\/div>\n<\/div>\n<\/div>\n<\/div>\n<\/div>\n<p>[\/et_pb_testimonial][\/et_pb_column][et_pb_column type=&#8221;1_2&#8243; _builder_version=&#8221;4.18.1&#8243; _module_preset=&#8221;default&#8221; global_colors_info=&#8221;{}&#8221;][et_pb_testimonial author=&#8221;Simone L.&#8221; portrait_url=&#8221;https:\/\/ag-frisch.com\/wp-content\/uploads\/2021\/08\/Harald.png&#8221; quote_icon=&#8221;off&#8221; _builder_version=&#8221;4.18.1&#8243; _module_preset=&#8221;default&#8221; body_font_size=&#8221;16px&#8221; use_background_color=&#8221;off&#8221; background_layout=&#8221;dark&#8221; global_colors_info=&#8221;{}&#8221;]<\/p>\n<p>Alles Top. Besser geht nicht. Beratung und Durchf\u00fchrung kann man nicht besser machen. Wir sind nach mehreren Bestellungen bei diesem Unternehmen mehr als zufrieden und setzen die Zusammenarbeit fort.<\/p>\n<div class=\"brow ratingBarMargin\">\n<div class=\"ratingBar\">\n<div class=\"brow\">\n<div class=\"pe-richsnippets\">\u00a0<\/div>\n<p>\n<script type=\"text\/javascript\" src=\"https:\/\/www.provenexpert.com\/widget\/richsnippet.js?u=1NUA0VwZ4RUZ5tmAi5zA4RaplNKAlWwZ&amp;v=2\" async=\"\"><\/script>\n<\/p>\n<div style=\"text-align: justify;\">\n<p>&nbsp;<\/p>\n<div class=\"col-lg-9 col-md-8 col-xs-10 mt20 mb20\">\n<div class=\"col-xs-12 surveyNameForRating\"><\/div>\n<\/div>\n<\/div>\n<\/div>\n<\/div>\n<\/div>\n<p>[\/et_pb_testimonial][\/et_pb_column][\/et_pb_row][et_pb_row _builder_version=&#8221;4.16&#8243; background_size=&#8221;initial&#8221; background_position=&#8221;top_left&#8221; background_repeat=&#8221;repeat&#8221; custom_padding=&#8221;50px|0px|30px|0px&#8221; custom_css_main_element=&#8221;text-align: center;&#8221; global_colors_info=&#8221;{}&#8221;][et_pb_column type=&#8221;4_4&#8243; _builder_version=&#8221;4.16&#8243; custom_padding=&#8221;|||&#8221; global_colors_info=&#8221;{}&#8221; custom_padding__hover=&#8221;|||&#8221;][et_pb_button button_url=&#8221;https:\/\/www.provenexpert.com\/de-de\/agentur-frisch-international-consulting-gmbh-und-co-kg\/&#8221; button_text=&#8221;MEHR BEWERTUNGEN&#8221; button_alignment=&#8221;left&#8221; admin_label=&#8221;Testimonial Button&#8221; _builder_version=&#8221;4.16&#8243; custom_button=&#8221;on&#8221; button_text_size=&#8221;18px&#8221; button_text_color=&#8221;#ffffff&#8221; button_bg_color=&#8221;#6eba01&#8243; button_border_width=&#8221;2px&#8221; button_border_color=&#8221;#6eba01&#8243; button_border_radius=&#8221;0px&#8221; button_letter_spacing=&#8221;2px&#8221; button_font=&#8221;Montserrat|||on|&#8221; button_use_icon=&#8221;off&#8221; animation_style=&#8221;fold&#8221; animation_direction=&#8221;bottom&#8221; button_text_color_hover=&#8221;#ffffff&#8221; button_border_color_hover=&#8221;#ffffff&#8221; button_border_radius_hover=&#8221;0px&#8221; button_letter_spacing_hover=&#8221;2px&#8221; button_bg_color_hover=&#8221;rgba(255,255,255,0)&#8221; locked=&#8221;off&#8221; global_colors_info=&#8221;{}&#8221; button_text_size__hover_enabled=&#8221;off&#8221; button_one_text_size__hover_enabled=&#8221;off&#8221; button_two_text_size__hover_enabled=&#8221;off&#8221; button_text_color__hover_enabled=&#8221;on&#8221; button_text_color__hover=&#8221;#ffffff&#8221; button_one_text_color__hover_enabled=&#8221;off&#8221; button_two_text_color__hover_enabled=&#8221;off&#8221; button_border_width__hover_enabled=&#8221;off&#8221; button_one_border_width__hover_enabled=&#8221;off&#8221; button_two_border_width__hover_enabled=&#8221;off&#8221; button_border_color__hover_enabled=&#8221;on&#8221; button_border_color__hover=&#8221;#ffffff&#8221; button_one_border_color__hover_enabled=&#8221;off&#8221; button_two_border_color__hover_enabled=&#8221;off&#8221; button_border_radius__hover_enabled=&#8221;on&#8221; button_border_radius__hover=&#8221;0px&#8221; button_one_border_radius__hover_enabled=&#8221;off&#8221; button_two_border_radius__hover_enabled=&#8221;off&#8221; button_letter_spacing__hover_enabled=&#8221;on&#8221; button_letter_spacing__hover=&#8221;2px&#8221; button_one_letter_spacing__hover_enabled=&#8221;off&#8221; button_two_letter_spacing__hover_enabled=&#8221;off&#8221; button_bg_color__hover_enabled=&#8221;on&#8221; button_bg_color__hover=&#8221;rgba(255,255,255,0)&#8221; button_one_bg_color__hover_enabled=&#8221;off&#8221; button_two_bg_color__hover_enabled=&#8221;off&#8221;][\/et_pb_button][\/et_pb_column][\/et_pb_row][\/et_pb_section]<\/p>\n","protected":false},"excerpt":{"rendered":"<p>Die China Import Experten entwickeln den Import von Kleinelektronik und Unterhaltungstechnik aus China f\u00fcr Sie komplett ab.Import von Kleinelektronik und Unterhaltungstechnik aus China Computer, Handys, Fotobedarf und mehr aus China Kaum ein Land steht so f\u00fcr g\u00fcnstige Kleinelektronik wie China: \u201eMade in China\u201c wurde zum Inbegriff billig produzierter technischer Ger\u00e4te. Doch diese Zeiten sind schon [&hellip;]<\/p>\n","protected":false},"author":2,"featured_media":0,"parent":0,"menu_order":0,"comment_status":"closed","ping_status":"closed","template":"","meta":{"_et_pb_use_builder":"on","_et_pb_old_content":"","_et_gb_content_width":"","footnotes":""},"class_list":["post-2029","page","type-page","status-publish","hentry"],"yoast_head":"<!-- This site is optimized with the Yoast SEO plugin v27.2 - https:\/\/yoast.com\/product\/yoast-seo-wordpress\/ -->\n<title>Import von Kleinelektronik | Unterhaltungselektronik aus China<\/title>\n<meta name=\"description\" content=\"China-Import von Kleinelektronik \u25ba g\u00fcnstige Produktion, TOP-Qualit\u00e4t \u2714 Kommunikationstechnik \u2714 Fotobedarf \u2714 Unterhaltungselektronik \u25ba Beraten lassen!\" \/>\n<meta name=\"robots\" content=\"index, follow, max-snippet:-1, max-image-preview:large, max-video-preview:-1\" \/>\n<link rel=\"canonical\" href=\"https:\/\/ag-frisch.com\/de\/kleinelektronik-fotobedarf-unterhaltungstechnik-china-import\/\" \/>\n<meta property=\"og:locale\" content=\"de_DE\" \/>\n<meta property=\"og:type\" content=\"article\" \/>\n<meta property=\"og:title\" content=\"Import von Kleinelektronik | Unterhaltungselektronik aus China\" \/>\n<meta property=\"og:description\" content=\"China-Import von Kleinelektronik \u25ba g\u00fcnstige Produktion, TOP-Qualit\u00e4t \u2714 Kommunikationstechnik \u2714 Fotobedarf \u2714 Unterhaltungselektronik \u25ba Beraten lassen!\" \/>\n<meta property=\"og:url\" content=\"https:\/\/ag-frisch.com\/de\/kleinelektronik-fotobedarf-unterhaltungstechnik-china-import\/\" \/>\n<meta property=\"og:site_name\" content=\"China Import Beratung f\u00fcr den Einkauf aus China\" \/>\n<meta property=\"article:publisher\" content=\"https:\/\/www.facebook.com\/China.Import\" \/>\n<meta property=\"article:modified_time\" content=\"2023-01-17T20:34:29+00:00\" \/>\n<meta name=\"twitter:card\" content=\"summary_large_image\" \/>\n<meta name=\"twitter:site\" content=\"@agenturfrisch\" \/>\n<script type=\"application\/ld+json\" class=\"yoast-schema-graph\">{\"@context\":\"https:\/\/schema.org\",\"@graph\":[{\"@type\":\"WebPage\",\"@id\":\"https:\/\/ag-frisch.com\/de\/kleinelektronik-fotobedarf-unterhaltungstechnik-china-import\/\",\"url\":\"https:\/\/ag-frisch.com\/de\/kleinelektronik-fotobedarf-unterhaltungstechnik-china-import\/\",\"name\":\"Import von Kleinelektronik | Unterhaltungselektronik aus China\",\"isPartOf\":{\"@id\":\"https:\/\/ag-frisch.com\/de\/#website\"},\"datePublished\":\"2022-04-30T04:21:11+00:00\",\"dateModified\":\"2023-01-17T20:34:29+00:00\",\"description\":\"China-Import von Kleinelektronik \u25ba g\u00fcnstige Produktion, TOP-Qualit\u00e4t \u2714 Kommunikationstechnik \u2714 Fotobedarf \u2714 Unterhaltungselektronik \u25ba Beraten lassen!\",\"breadcrumb\":{\"@id\":\"https:\/\/ag-frisch.com\/de\/kleinelektronik-fotobedarf-unterhaltungstechnik-china-import\/#breadcrumb\"},\"inLanguage\":\"de\",\"potentialAction\":[{\"@type\":\"ReadAction\",\"target\":[\"https:\/\/ag-frisch.com\/de\/kleinelektronik-fotobedarf-unterhaltungstechnik-china-import\/\"]}]},{\"@type\":\"BreadcrumbList\",\"@id\":\"https:\/\/ag-frisch.com\/de\/kleinelektronik-fotobedarf-unterhaltungstechnik-china-import\/#breadcrumb\",\"itemListElement\":[{\"@type\":\"ListItem\",\"position\":1,\"name\":\"Startseite\",\"item\":\"https:\/\/ag-frisch.com\/de\/\"},{\"@type\":\"ListItem\",\"position\":2,\"name\":\"Fotobedarf aus China\"}]},{\"@type\":\"WebSite\",\"@id\":\"https:\/\/ag-frisch.com\/de\/#website\",\"url\":\"https:\/\/ag-frisch.com\/de\/\",\"name\":\"China Import Beratung f\u00fcr den Einkauf aus China\",\"description\":\"China Import &amp; Export Beratung - Der Dienstleister Ihres Vertrauens f\u00fcr Ihren China Import\",\"publisher\":{\"@id\":\"https:\/\/ag-frisch.com\/de\/#organization\"},\"potentialAction\":[{\"@type\":\"SearchAction\",\"target\":{\"@type\":\"EntryPoint\",\"urlTemplate\":\"https:\/\/ag-frisch.com\/de\/?s={search_term_string}\"},\"query-input\":{\"@type\":\"PropertyValueSpecification\",\"valueRequired\":true,\"valueName\":\"search_term_string\"}}],\"inLanguage\":\"de\"},{\"@type\":\"Organization\",\"@id\":\"https:\/\/ag-frisch.com\/de\/#organization\",\"name\":\"Agentur Frisch International Consulting GmbH & Co. KG\",\"url\":\"https:\/\/ag-frisch.com\/de\/\",\"logo\":{\"@type\":\"ImageObject\",\"inLanguage\":\"de\",\"@id\":\"https:\/\/ag-frisch.com\/de\/#\/schema\/logo\/image\/\",\"url\":\"https:\/\/ag-frisch.com\/wp-content\/uploads\/2021\/08\/ag_logo_rgb_300_small.png\",\"contentUrl\":\"https:\/\/ag-frisch.com\/wp-content\/uploads\/2021\/08\/ag_logo_rgb_300_small.png\",\"width\":153,\"height\":102,\"caption\":\"Agentur Frisch International Consulting GmbH & Co. KG\"},\"image\":{\"@id\":\"https:\/\/ag-frisch.com\/de\/#\/schema\/logo\/image\/\"},\"sameAs\":[\"https:\/\/www.facebook.com\/China.Import\",\"https:\/\/x.com\/agenturfrisch\"]}]}<\/script>\n<!-- \/ Yoast SEO plugin. -->","yoast_head_json":{"title":"Import von Kleinelektronik | Unterhaltungselektronik aus China","description":"China-Import von Kleinelektronik \u25ba g\u00fcnstige Produktion, TOP-Qualit\u00e4t \u2714 Kommunikationstechnik \u2714 Fotobedarf \u2714 Unterhaltungselektronik \u25ba Beraten lassen!","robots":{"index":"index","follow":"follow","max-snippet":"max-snippet:-1","max-image-preview":"max-image-preview:large","max-video-preview":"max-video-preview:-1"},"canonical":"https:\/\/ag-frisch.com\/de\/kleinelektronik-fotobedarf-unterhaltungstechnik-china-import\/","og_locale":"de_DE","og_type":"article","og_title":"Import von Kleinelektronik | Unterhaltungselektronik aus China","og_description":"China-Import von Kleinelektronik \u25ba g\u00fcnstige Produktion, TOP-Qualit\u00e4t \u2714 Kommunikationstechnik \u2714 Fotobedarf \u2714 Unterhaltungselektronik \u25ba Beraten lassen!","og_url":"https:\/\/ag-frisch.com\/de\/kleinelektronik-fotobedarf-unterhaltungstechnik-china-import\/","og_site_name":"China Import Beratung f\u00fcr den Einkauf aus China","article_publisher":"https:\/\/www.facebook.com\/China.Import","article_modified_time":"2023-01-17T20:34:29+00:00","twitter_card":"summary_large_image","twitter_site":"@agenturfrisch","schema":{"@context":"https:\/\/schema.org","@graph":[{"@type":"WebPage","@id":"https:\/\/ag-frisch.com\/de\/kleinelektronik-fotobedarf-unterhaltungstechnik-china-import\/","url":"https:\/\/ag-frisch.com\/de\/kleinelektronik-fotobedarf-unterhaltungstechnik-china-import\/","name":"Import von Kleinelektronik | Unterhaltungselektronik aus China","isPartOf":{"@id":"https:\/\/ag-frisch.com\/de\/#website"},"datePublished":"2022-04-30T04:21:11+00:00","dateModified":"2023-01-17T20:34:29+00:00","description":"China-Import von Kleinelektronik \u25ba g\u00fcnstige Produktion, TOP-Qualit\u00e4t \u2714 Kommunikationstechnik \u2714 Fotobedarf \u2714 Unterhaltungselektronik \u25ba Beraten lassen!","breadcrumb":{"@id":"https:\/\/ag-frisch.com\/de\/kleinelektronik-fotobedarf-unterhaltungstechnik-china-import\/#breadcrumb"},"inLanguage":"de","potentialAction":[{"@type":"ReadAction","target":["https:\/\/ag-frisch.com\/de\/kleinelektronik-fotobedarf-unterhaltungstechnik-china-import\/"]}]},{"@type":"BreadcrumbList","@id":"https:\/\/ag-frisch.com\/de\/kleinelektronik-fotobedarf-unterhaltungstechnik-china-import\/#breadcrumb","itemListElement":[{"@type":"ListItem","position":1,"name":"Startseite","item":"https:\/\/ag-frisch.com\/de\/"},{"@type":"ListItem","position":2,"name":"Fotobedarf aus China"}]},{"@type":"WebSite","@id":"https:\/\/ag-frisch.com\/de\/#website","url":"https:\/\/ag-frisch.com\/de\/","name":"China Import Beratung f\u00fcr den Einkauf aus China","description":"China Import &amp; Export Beratung - Der Dienstleister Ihres Vertrauens f\u00fcr Ihren China Import","publisher":{"@id":"https:\/\/ag-frisch.com\/de\/#organization"},"potentialAction":[{"@type":"SearchAction","target":{"@type":"EntryPoint","urlTemplate":"https:\/\/ag-frisch.com\/de\/?s={search_term_string}"},"query-input":{"@type":"PropertyValueSpecification","valueRequired":true,"valueName":"search_term_string"}}],"inLanguage":"de"},{"@type":"Organization","@id":"https:\/\/ag-frisch.com\/de\/#organization","name":"Agentur Frisch International Consulting GmbH & Co. KG","url":"https:\/\/ag-frisch.com\/de\/","logo":{"@type":"ImageObject","inLanguage":"de","@id":"https:\/\/ag-frisch.com\/de\/#\/schema\/logo\/image\/","url":"https:\/\/ag-frisch.com\/wp-content\/uploads\/2021\/08\/ag_logo_rgb_300_small.png","contentUrl":"https:\/\/ag-frisch.com\/wp-content\/uploads\/2021\/08\/ag_logo_rgb_300_small.png","width":153,"height":102,"caption":"Agentur Frisch International Consulting GmbH & Co. KG"},"image":{"@id":"https:\/\/ag-frisch.com\/de\/#\/schema\/logo\/image\/"},"sameAs":["https:\/\/www.facebook.com\/China.Import","https:\/\/x.com\/agenturfrisch"]}]}},"_links":{"self":[{"href":"https:\/\/ag-frisch.com\/de\/wp-json\/wp\/v2\/pages\/2029","targetHints":{"allow":["GET"]}}],"collection":[{"href":"https:\/\/ag-frisch.com\/de\/wp-json\/wp\/v2\/pages"}],"about":[{"href":"https:\/\/ag-frisch.com\/de\/wp-json\/wp\/v2\/types\/page"}],"author":[{"embeddable":true,"href":"https:\/\/ag-frisch.com\/de\/wp-json\/wp\/v2\/users\/2"}],"replies":[{"embeddable":true,"href":"https:\/\/ag-frisch.com\/de\/wp-json\/wp\/v2\/comments?post=2029"}],"version-history":[{"count":0,"href":"https:\/\/ag-frisch.com\/de\/wp-json\/wp\/v2\/pages\/2029\/revisions"}],"wp:attachment":[{"href":"https:\/\/ag-frisch.com\/de\/wp-json\/wp\/v2\/media?parent=2029"}],"curies":[{"name":"wp","href":"https:\/\/api.w.org\/{rel}","templated":true}]}}