{"id":20585,"date":"2025-04-29T15:52:34","date_gmt":"2025-04-29T13:52:34","guid":{"rendered":"https:\/\/ag-frisch.com\/?page_id=20585"},"modified":"2025-04-29T15:52:34","modified_gmt":"2025-04-29T13:52:34","slug":"biozid-verordnung","status":"publish","type":"page","link":"https:\/\/ag-frisch.com\/de\/biozid-verordnung\/","title":{"rendered":"Biozid-Verordnung"},"content":{"rendered":"<h1 class=\"\" data-start=\"226\" data-end=\"318\">Einf\u00fchrung in die Biozid-Verordnung (EU) \u2013 \u00c4nderungen ab 2025 (inkl. FAQ)<\/h1>\n<hr class=\"\" data-start=\"320\" data-end=\"323\" \/>\n<h2 class=\"\" data-start=\"325\" data-end=\"356\">1. Was sind Biozid-Produkte?<\/h2>\n<ul data-start=\"358\" data-end=\"602\">\n<li class=\"\" data-start=\"358\" data-end=\"487\">\n<p class=\"\" data-start=\"360\" data-end=\"487\">Biozide sind Stoffe oder Gemische, die Sch\u00e4dlinge (wie Bakterien, Viren, Insekten) abwehren, unsch\u00e4dlich machen oder zerst\u00f6ren.<\/p>\n<\/li>\n<li class=\"\" data-start=\"488\" data-end=\"602\">\n<p class=\"\" data-start=\"490\" data-end=\"500\">Beispiele:<\/p>\n<ul data-start=\"503\" data-end=\"602\">\n<li class=\"\" data-start=\"503\" data-end=\"524\">\n<p class=\"\" data-start=\"505\" data-end=\"524\">Desinfektionsmittel<\/p>\n<\/li>\n<li class=\"\" data-start=\"527\" data-end=\"556\">\n<p class=\"\" data-start=\"529\" data-end=\"556\">Sch\u00e4dlingsbek\u00e4mpfungsmittel<\/p>\n<\/li>\n<li class=\"\" data-start=\"559\" data-end=\"577\">\n<p class=\"\" data-start=\"561\" data-end=\"577\">Holzschutzmittel<\/p>\n<\/li>\n<li class=\"\" data-start=\"580\" data-end=\"602\">\n<p class=\"\" data-start=\"582\" data-end=\"602\">Konservierungsmittel<\/p>\n<\/li>\n<\/ul>\n<\/li>\n<\/ul>\n<hr class=\"\" data-start=\"604\" data-end=\"607\" \/>\n<h2 class=\"\" data-start=\"609\" data-end=\"630\">2. Rechtsgrundlage<\/h2>\n<ul data-start=\"632\" data-end=\"781\">\n<li class=\"\" data-start=\"632\" data-end=\"691\">\n<p class=\"\" data-start=\"634\" data-end=\"691\"><strong data-start=\"634\" data-end=\"666\">Verordnung (EU) Nr. 528\/2012<\/strong> (Biozid-Verordnung, BPR)<\/p>\n<\/li>\n<li class=\"\" data-start=\"692\" data-end=\"735\">\n<p class=\"\" data-start=\"694\" data-end=\"735\">Zweck: Schutz von Mensch, Tier und Umwelt<\/p>\n<\/li>\n<li class=\"\" data-start=\"736\" data-end=\"781\">\n<p class=\"\" data-start=\"738\" data-end=\"781\">Zust\u00e4ndige Beh\u00f6rde in Deutschland: <strong data-start=\"773\" data-end=\"781\">BAuA<\/strong><\/p>\n<\/li>\n<\/ul>\n<hr class=\"\" data-start=\"783\" data-end=\"786\" \/>\n<h2 class=\"\" data-start=\"788\" data-end=\"820\">3. Neue Anforderungen ab 2025<\/h2>\n<p class=\"\" data-start=\"822\" data-end=\"1121\">\u2705 Registrierungspflicht im <strong data-start=\"849\" data-end=\"867\">EPRBP-Register<\/strong> (European Product Register for Biocidal Products)<br data-start=\"917\" data-end=\"920\" \/>\u2705 Erweiterte Kennzeichnungspflichten (u.\u202fa. QR-Code, CAS-Nummern)<br data-start=\"985\" data-end=\"988\" \/>\u2705 Schnellere Verfahren f\u00fcr KMU<br data-start=\"1018\" data-end=\"1021\" \/>\u2705 Versch\u00e4rfte Umweltvertr\u00e4glichkeitsnachweise<br data-start=\"1066\" data-end=\"1069\" \/>\u2705 Nachmeldefrist f\u00fcr Bestandsprodukte bis 31.12.2026<\/p>\n<hr class=\"\" data-start=\"1123\" data-end=\"1126\" \/>\n<h2 class=\"\" data-start=\"1128\" data-end=\"1149\">4. FAQ zu Bioziden<\/h2>\n<h3 class=\"\" data-start=\"1151\" data-end=\"1232\">\u2794 Gibt es wie bei REACH Freimengen, z.\u202fB. bis eine Tonne, ohne Registrierung?<\/h3>\n<p class=\"\" data-start=\"1234\" data-end=\"1548\"><strong data-start=\"1234\" data-end=\"1246\">Antwort:<\/strong><br data-start=\"1246\" data-end=\"1249\" \/>Nein.<br data-start=\"1254\" data-end=\"1257\" \/>F\u00fcr Biozid-Produkte gibt es <strong data-start=\"1285\" data-end=\"1313\">keine Freimengenregelung<\/strong> wie bei REACH.<br data-start=\"1328\" data-end=\"1331\" \/>Auch kleinste Mengen eines Biozidproduktes m\u00fcssen registriert und genehmigt sein, sobald sie in Verkehr gebracht werden.<br data-start=\"1451\" data-end=\"1454\" \/>Die Registrierungspflicht besteht <strong data-start=\"1488\" data-end=\"1502\">unabh\u00e4ngig<\/strong> von der produzierten oder importierten Menge.<\/p>\n<hr class=\"\" data-start=\"1550\" data-end=\"1553\" \/>\n<h3 class=\"\" data-start=\"1555\" data-end=\"1627\">\u2794 Kann ich Biozide im Rahmen einer REACH-Pr\u00fcfung feststellen lassen?<\/h3>\n<p class=\"\" data-start=\"1629\" data-end=\"1918\"><strong data-start=\"1629\" data-end=\"1641\">Antwort:<\/strong><br data-start=\"1641\" data-end=\"1644\" \/>Nicht direkt.<br data-start=\"1657\" data-end=\"1660\" \/>Eine klassische <strong data-start=\"1676\" data-end=\"1699\">REACH-Registrierung<\/strong> pr\u00fcft prim\u00e4r chemische Stoffe hinsichtlich ihrer allgemeinen Sicherheit (Gef\u00e4hrlichkeit, Toxizit\u00e4t).<br data-start=\"1800\" data-end=\"1803\" \/>Ob ein Stoff als Biozid eingestuft wird, ist eine separate Bewertung nach <strong data-start=\"1877\" data-end=\"1904\">Biozid-Verordnung (BPR)<\/strong> erforderlich.<\/p>\n<p class=\"\" data-start=\"1920\" data-end=\"1984\">Die Pr\u00fcfung, ob ein Produkt ein Biozid darstellt, erfolgt durch:<\/p>\n<ul data-start=\"1985\" data-end=\"2115\">\n<li class=\"\" data-start=\"1985\" data-end=\"2059\">\n<p class=\"\" data-start=\"1987\" data-end=\"2059\">Analyse der Funktion und Zweckbestimmung (&#8220;intendierte Biozidfunktion&#8221;),<\/p>\n<\/li>\n<li class=\"\" data-start=\"2060\" data-end=\"2115\">\n<p class=\"\" data-start=\"2062\" data-end=\"2115\">Abgleich mit der <strong data-start=\"2079\" data-end=\"2099\">BPR-Positivliste<\/strong> der Wirkstoffe.<\/p>\n<\/li>\n<\/ul>\n<p class=\"\" data-start=\"2117\" data-end=\"2262\"><strong data-start=\"2117\" data-end=\"2129\">Hinweis:<\/strong><br data-start=\"2129\" data-end=\"2132\" \/>Man spricht hier <strong data-start=\"2149\" data-end=\"2158\">nicht<\/strong> von einer &#8220;Biozid-Pr\u00fcfung&#8221; im Rahmen von REACH \u2013 sondern es ist eine separate Biozid-Zulassungspr\u00fcfung.<\/p>\n<hr class=\"\" data-start=\"2264\" data-end=\"2267\" \/>\n<h3 class=\"\" data-start=\"2269\" data-end=\"2328\">\u2794 K\u00f6nnen Biozide quasi in jedem Produkt enthalten sein?<\/h3>\n<p class=\"\" data-start=\"2330\" data-end=\"2458\"><strong data-start=\"2330\" data-end=\"2342\">Antwort:<\/strong><br data-start=\"2342\" data-end=\"2345\" \/>Ja, theoretisch.<br data-start=\"2361\" data-end=\"2364\" \/>Viele Produkte enthalten Biozide zur Konservierung, Desinfektion oder Sch\u00e4dlingsabwehr, z.\u202fB.:<\/p>\n<ul data-start=\"2459\" data-end=\"2615\">\n<li class=\"\" data-start=\"2459\" data-end=\"2493\">\n<p class=\"\" data-start=\"2461\" data-end=\"2493\">Textilien (z.\u202fB. Schimmelhemmer)<\/p>\n<\/li>\n<li class=\"\" data-start=\"2494\" data-end=\"2537\">\n<p class=\"\" data-start=\"2496\" data-end=\"2537\">Farben und Lacke (Schutz gegen Bakterien)<\/p>\n<\/li>\n<li class=\"\" data-start=\"2538\" data-end=\"2557\">\n<p class=\"\" data-start=\"2540\" data-end=\"2557\">Haushaltsreiniger<\/p>\n<\/li>\n<li class=\"\" data-start=\"2558\" data-end=\"2615\">\n<p class=\"\" data-start=\"2560\" data-end=\"2615\">Lebensmittelverpackungen (antibakterielle Ausr\u00fcstungen)<\/p>\n<\/li>\n<\/ul>\n<p class=\"\" data-start=\"2617\" data-end=\"2738\"><strong data-start=\"2617\" data-end=\"2629\">Achtung:<\/strong><br data-start=\"2629\" data-end=\"2632\" \/>Sobald ein Produkt eine Biozidwirkung bewirbt oder nachweislich hat, f\u00e4llt es unter die Biozid-Verordnung.<\/p>\n<hr class=\"\" data-start=\"2740\" data-end=\"2743\" \/>\n<h3 class=\"\" data-start=\"2745\" data-end=\"2795\">\u2794 Woher wei\u00df ich, wann ich pr\u00fcfen lassen muss?<\/h3>\n<p class=\"\" data-start=\"2797\" data-end=\"2853\"><strong data-start=\"2797\" data-end=\"2809\">Antwort:<\/strong><br data-start=\"2809\" data-end=\"2812\" \/>Eine Pr\u00fcfung sollte immer erfolgen, wenn:<\/p>\n<ul data-start=\"2854\" data-end=\"3119\">\n<li class=\"\" data-start=\"2854\" data-end=\"2946\">\n<p class=\"\" data-start=\"2856\" data-end=\"2946\">der Hersteller\/Werbetexte Biozidwirkungen (z.\u202fB. antibakteriell, schimmelhemmend) angeben,<\/p>\n<\/li>\n<li class=\"\" data-start=\"2947\" data-end=\"3026\">\n<p class=\"\" data-start=\"2949\" data-end=\"3026\">Schutzwirkungen gegen Mikroorganismen, Sch\u00e4dlinge etc. erzielt werden sollen,<\/p>\n<\/li>\n<li class=\"\" data-start=\"3027\" data-end=\"3119\">\n<p class=\"\" data-start=\"3029\" data-end=\"3119\">spezielle chemische Inhaltsstoffe enthalten sind, die auf der Biozidwirkstoffliste stehen.<\/p>\n<\/li>\n<\/ul>\n<p class=\"\" data-start=\"3121\" data-end=\"3302\"><strong data-start=\"3121\" data-end=\"3137\">Praxis-Tipp:<\/strong><br data-start=\"3137\" data-end=\"3140\" \/>Eine <strong data-start=\"3145\" data-end=\"3163\">Produktanalyse<\/strong> und eine <strong data-start=\"3173\" data-end=\"3200\">Regelwerkspr\u00fcfung (BPR)<\/strong> sind sinnvoll, wenn Unsicherheiten bestehen.<br data-start=\"3245\" data-end=\"3248\" \/>Wir helfen gerne bei der Einsch\u00e4tzung und Pr\u00fcfplanung.<\/p>\n<hr class=\"\" data-start=\"3304\" data-end=\"3307\" \/>\n<h2 class=\"\" data-start=\"3309\" data-end=\"3342\">5. Ablauf der Produktzulassung<\/h2>\n<div class=\"group pointer-events-none relative flex justify-center *:pointer-events-auto\"><button class=\"hover:bg-token-main-surface-secondary text-token-text-secondary pointer-events-auto rounded-lg px-1 py-1 opacity-0 transition-opacity duration-200 group-focus-within:opacity-100 group-hover:opacity-100\"><\/button><\/p>\n<div class=\"tableContainer horzScrollShadows relative\">\n<table class=\"min-w-full\" data-start=\"3344\" data-end=\"3806\">\n<thead data-start=\"3344\" data-end=\"3406\">\n<tr data-start=\"3344\" data-end=\"3406\">\n<th data-start=\"3344\" data-end=\"3369\">Schritt<\/th>\n<th data-start=\"3369\" data-end=\"3406\">Beschreibung<\/th>\n<\/tr>\n<\/thead>\n<tbody data-start=\"3471\" data-end=\"3806\">\n<tr data-start=\"3471\" data-end=\"3530\">\n<td class=\"max-w-[calc(var(--thread-content-max-width)*2\/3)]\" data-start=\"3471\" data-end=\"3496\">Antragstellung<\/td>\n<td class=\"max-w-[calc(var(--thread-content-max-width)*2\/3)]\" data-start=\"3496\" data-end=\"3530\">\u00dcber ECHA-System oder national<\/td>\n<\/tr>\n<tr data-start=\"3531\" data-end=\"3591\">\n<td class=\"max-w-[calc(var(--thread-content-max-width)*2\/3)]\" data-start=\"3531\" data-end=\"3556\">Wirkstoff pr\u00fcfen<\/td>\n<td class=\"max-w-[calc(var(--thread-content-max-width)*2\/3)]\" data-start=\"3556\" data-end=\"3591\">Muss BPR-gelistet sein<\/td>\n<\/tr>\n<tr data-start=\"3592\" data-end=\"3666\">\n<td class=\"max-w-[calc(var(--thread-content-max-width)*2\/3)]\" data-start=\"3592\" data-end=\"3617\">Dossier erstellen<\/td>\n<td class=\"max-w-[calc(var(--thread-content-max-width)*2\/3)] min-w-[calc(var(--thread-content-max-width)\/3)]\" data-start=\"3617\" data-end=\"3666\">inkl. Wirksamkeit, Toxikologie, Umweltpr\u00fcfung<\/td>\n<\/tr>\n<tr data-start=\"3667\" data-end=\"3728\">\n<td class=\"max-w-[calc(var(--thread-content-max-width)*2\/3)]\" data-start=\"3667\" data-end=\"3692\">Beh\u00f6rdenbewertung<\/td>\n<td class=\"max-w-[calc(var(--thread-content-max-width)*2\/3)]\" data-start=\"3692\" data-end=\"3728\">national oder EU-weit<\/td>\n<\/tr>\n<tr data-start=\"3729\" data-end=\"3806\">\n<td class=\"max-w-[calc(var(--thread-content-max-width)*2\/3)]\" data-start=\"3729\" data-end=\"3759\">Registrierung &amp; Vermarktung<\/td>\n<td class=\"max-w-[calc(var(--thread-content-max-width)*2\/3)] min-w-[calc(var(--thread-content-max-width)\/3)]\" data-start=\"3759\" data-end=\"3806\">erst nach vollst\u00e4ndiger Genehmigung erlaubt<\/td>\n<\/tr>\n<\/tbody>\n<\/table>\n<\/div>\n<\/div>\n<hr class=\"\" data-start=\"3808\" data-end=\"3811\" \/>\n<h2 class=\"\" data-start=\"3813\" data-end=\"3849\">6. Typische Fehler und Sanktionen<\/h2>\n<ul data-start=\"3851\" data-end=\"3941\">\n<li class=\"\" data-start=\"3851\" data-end=\"3875\">\n<p class=\"\" data-start=\"3853\" data-end=\"3875\">Fehlende Registrierung<\/p>\n<\/li>\n<li class=\"\" data-start=\"3876\" data-end=\"3899\">\n<p class=\"\" data-start=\"3878\" data-end=\"3899\">Falsche Etikettierung<\/p>\n<\/li>\n<li class=\"\" data-start=\"3900\" data-end=\"3941\">\n<p class=\"\" data-start=\"3902\" data-end=\"3941\">Verwendung nicht genehmigter Wirkstoffe<\/p>\n<\/li>\n<\/ul>\n<p class=\"\" data-start=\"3943\" data-end=\"3960\"><strong data-start=\"3943\" data-end=\"3958\">Sanktionen:<\/strong><\/p>\n<ul data-start=\"3961\" data-end=\"4046\">\n<li class=\"\" data-start=\"3961\" data-end=\"3977\">\n<p class=\"\" data-start=\"3963\" data-end=\"3977\">Verkaufsverbot<\/p>\n<\/li>\n<li class=\"\" data-start=\"3978\" data-end=\"3987\">\n<p class=\"\" data-start=\"3980\" data-end=\"3987\">R\u00fcckruf<\/p>\n<\/li>\n<li class=\"\" data-start=\"3988\" data-end=\"4015\">\n<p class=\"\" data-start=\"3990\" data-end=\"4015\">Bu\u00dfgelder bis zu 50.000 \u20ac<\/p>\n<\/li>\n<li class=\"\" data-start=\"4016\" data-end=\"4046\">\n<p class=\"\" data-start=\"4018\" data-end=\"4046\">Strafrechtliche Konsequenzen<\/p>\n<\/li>\n<\/ul>\n<hr class=\"\" data-start=\"4048\" data-end=\"4051\" \/>\n<h2 class=\"\" data-start=\"4053\" data-end=\"4074\">7. Zusammenfassung<\/h2>\n<ul data-start=\"4076\" data-end=\"4306\">\n<li class=\"\" data-start=\"4076\" data-end=\"4120\">\n<p class=\"\" data-start=\"4078\" data-end=\"4120\">Ab 2025 strengere Regeln f\u00fcr alle Biozide.<\/p>\n<\/li>\n<li class=\"\" data-start=\"4121\" data-end=\"4172\">\n<p class=\"\" data-start=\"4123\" data-end=\"4172\">Registrierungspflicht \u2013 unabh\u00e4ngig von der Menge.<\/p>\n<\/li>\n<li class=\"\" data-start=\"4173\" data-end=\"4229\">\n<p class=\"\" data-start=\"4175\" data-end=\"4229\">Keine REACH-Freimengen oder automatische Freistellung.<\/p>\n<\/li>\n<li class=\"\" data-start=\"4230\" data-end=\"4306\">\n<p class=\"\" data-start=\"4232\" data-end=\"4306\">Pr\u00fcfung auf Biozidfunktion bei neuen oder ver\u00e4nderten Produkten notwendig.<\/p>\n<\/li>\n<\/ul>\n<hr class=\"\" data-start=\"4308\" data-end=\"4311\" \/>\n<h1 class=\"\" data-start=\"4313\" data-end=\"4325\">\ud83d\udccc Kontakt<\/h1>\n<p class=\"\" data-start=\"4327\" data-end=\"4430\"><strong data-start=\"4327\" data-end=\"4384\">Agentur Frisch International Consulting GmbH &amp; Co. KG<\/strong><br data-start=\"4384\" data-end=\"4387\" \/>\ud83c\udf10 <a class=\"\" href=\"http:\/\/www.ag-frisch.com\" target=\"_new\" rel=\"noopener\" data-start=\"4390\" data-end=\"4407\">www.ag-frisch.com<\/a> | \ud83d\udce7 <a rel=\"noopener\" data-start=\"4413\" data-end=\"4430\">info@ag-frisch.de<\/a><\/p>\n","protected":false},"excerpt":{"rendered":"<p>Einf\u00fchrung in die Biozid-Verordnung (EU) \u2013 \u00c4nderungen ab 2025 (inkl. FAQ) 1. Was sind Biozid-Produkte? Biozide sind Stoffe oder Gemische, die Sch\u00e4dlinge (wie Bakterien, Viren, Insekten) abwehren, unsch\u00e4dlich machen oder zerst\u00f6ren. Beispiele: Desinfektionsmittel Sch\u00e4dlingsbek\u00e4mpfungsmittel Holzschutzmittel Konservierungsmittel 2. Rechtsgrundlage Verordnung (EU) Nr. 528\/2012 (Biozid-Verordnung, BPR) Zweck: Schutz von Mensch, Tier und Umwelt Zust\u00e4ndige Beh\u00f6rde in Deutschland: [&hellip;]<\/p>\n","protected":false},"author":2,"featured_media":0,"parent":0,"menu_order":0,"comment_status":"closed","ping_status":"closed","template":"","meta":{"_et_pb_use_builder":"","_et_pb_old_content":"","_et_gb_content_width":"","footnotes":""},"class_list":["post-20585","page","type-page","status-publish","hentry"],"yoast_head":"<!-- This site is optimized with the Yoast SEO plugin v27.2 - https:\/\/yoast.com\/product\/yoast-seo-wordpress\/ -->\n<title>Biozid-Verordnung Neue Pflichten ab 2025<\/title>\n<meta name=\"description\" content=\"Einhaltung der Biozid-Verordnung - wir unterst\u00fctzen Sie beim sicheren Einkauf aus China und Einhaltung der rechtlichen Vorgaben.\" \/>\n<meta name=\"robots\" content=\"index, follow, max-snippet:-1, max-image-preview:large, max-video-preview:-1\" \/>\n<link rel=\"canonical\" href=\"https:\/\/ag-frisch.com\/de\/biozid-verordnung\/\" \/>\n<meta property=\"og:locale\" content=\"de_DE\" \/>\n<meta property=\"og:type\" content=\"article\" \/>\n<meta property=\"og:title\" content=\"Biozid-Verordnung Neue Pflichten ab 2025\" \/>\n<meta property=\"og:description\" content=\"Einhaltung der Biozid-Verordnung - wir unterst\u00fctzen Sie beim sicheren Einkauf aus China und Einhaltung der rechtlichen Vorgaben.\" \/>\n<meta property=\"og:url\" content=\"https:\/\/ag-frisch.com\/de\/biozid-verordnung\/\" \/>\n<meta property=\"og:site_name\" content=\"China Import Beratung f\u00fcr den Einkauf aus China\" \/>\n<meta property=\"article:publisher\" content=\"https:\/\/www.facebook.com\/China.Import\" \/>\n<meta name=\"twitter:card\" content=\"summary_large_image\" \/>\n<meta name=\"twitter:site\" content=\"@agenturfrisch\" \/>\n<meta name=\"twitter:label1\" content=\"Gesch\u00e4tzte Lesezeit\" \/>\n\t<meta name=\"twitter:data1\" content=\"2\u00a0Minuten\" \/>\n<script type=\"application\/ld+json\" class=\"yoast-schema-graph\">{\"@context\":\"https:\/\/schema.org\",\"@graph\":[{\"@type\":\"WebPage\",\"@id\":\"https:\/\/ag-frisch.com\/de\/biozid-verordnung\/\",\"url\":\"https:\/\/ag-frisch.com\/de\/biozid-verordnung\/\",\"name\":\"Biozid-Verordnung Neue Pflichten ab 2025\",\"isPartOf\":{\"@id\":\"https:\/\/ag-frisch.com\/de\/#website\"},\"datePublished\":\"2025-04-29T13:52:34+00:00\",\"description\":\"Einhaltung der Biozid-Verordnung - wir unterst\u00fctzen Sie beim sicheren Einkauf aus China und Einhaltung der rechtlichen Vorgaben.\",\"breadcrumb\":{\"@id\":\"https:\/\/ag-frisch.com\/de\/biozid-verordnung\/#breadcrumb\"},\"inLanguage\":\"de\",\"potentialAction\":[{\"@type\":\"ReadAction\",\"target\":[\"https:\/\/ag-frisch.com\/de\/biozid-verordnung\/\"]}]},{\"@type\":\"BreadcrumbList\",\"@id\":\"https:\/\/ag-frisch.com\/de\/biozid-verordnung\/#breadcrumb\",\"itemListElement\":[{\"@type\":\"ListItem\",\"position\":1,\"name\":\"Startseite\",\"item\":\"https:\/\/ag-frisch.com\/de\/\"},{\"@type\":\"ListItem\",\"position\":2,\"name\":\"Biozid-Verordnung\"}]},{\"@type\":\"WebSite\",\"@id\":\"https:\/\/ag-frisch.com\/de\/#website\",\"url\":\"https:\/\/ag-frisch.com\/de\/\",\"name\":\"China Import Beratung f\u00fcr den Einkauf aus China\",\"description\":\"China Import &amp; Export Beratung - Der Dienstleister Ihres Vertrauens f\u00fcr Ihren China Import\",\"publisher\":{\"@id\":\"https:\/\/ag-frisch.com\/de\/#organization\"},\"potentialAction\":[{\"@type\":\"SearchAction\",\"target\":{\"@type\":\"EntryPoint\",\"urlTemplate\":\"https:\/\/ag-frisch.com\/de\/?s={search_term_string}\"},\"query-input\":{\"@type\":\"PropertyValueSpecification\",\"valueRequired\":true,\"valueName\":\"search_term_string\"}}],\"inLanguage\":\"de\"},{\"@type\":\"Organization\",\"@id\":\"https:\/\/ag-frisch.com\/de\/#organization\",\"name\":\"Agentur Frisch International Consulting GmbH & Co. KG\",\"url\":\"https:\/\/ag-frisch.com\/de\/\",\"logo\":{\"@type\":\"ImageObject\",\"inLanguage\":\"de\",\"@id\":\"https:\/\/ag-frisch.com\/de\/#\/schema\/logo\/image\/\",\"url\":\"https:\/\/ag-frisch.com\/wp-content\/uploads\/2021\/08\/ag_logo_rgb_300_small.png\",\"contentUrl\":\"https:\/\/ag-frisch.com\/wp-content\/uploads\/2021\/08\/ag_logo_rgb_300_small.png\",\"width\":153,\"height\":102,\"caption\":\"Agentur Frisch International Consulting GmbH & Co. KG\"},\"image\":{\"@id\":\"https:\/\/ag-frisch.com\/de\/#\/schema\/logo\/image\/\"},\"sameAs\":[\"https:\/\/www.facebook.com\/China.Import\",\"https:\/\/x.com\/agenturfrisch\"]}]}<\/script>\n<!-- \/ Yoast SEO plugin. -->","yoast_head_json":{"title":"Biozid-Verordnung Neue Pflichten ab 2025","description":"Einhaltung der Biozid-Verordnung - wir unterst\u00fctzen Sie beim sicheren Einkauf aus China und Einhaltung der rechtlichen Vorgaben.","robots":{"index":"index","follow":"follow","max-snippet":"max-snippet:-1","max-image-preview":"max-image-preview:large","max-video-preview":"max-video-preview:-1"},"canonical":"https:\/\/ag-frisch.com\/de\/biozid-verordnung\/","og_locale":"de_DE","og_type":"article","og_title":"Biozid-Verordnung Neue Pflichten ab 2025","og_description":"Einhaltung der Biozid-Verordnung - wir unterst\u00fctzen Sie beim sicheren Einkauf aus China und Einhaltung der rechtlichen Vorgaben.","og_url":"https:\/\/ag-frisch.com\/de\/biozid-verordnung\/","og_site_name":"China Import Beratung f\u00fcr den Einkauf aus China","article_publisher":"https:\/\/www.facebook.com\/China.Import","twitter_card":"summary_large_image","twitter_site":"@agenturfrisch","twitter_misc":{"Gesch\u00e4tzte Lesezeit":"2\u00a0Minuten"},"schema":{"@context":"https:\/\/schema.org","@graph":[{"@type":"WebPage","@id":"https:\/\/ag-frisch.com\/de\/biozid-verordnung\/","url":"https:\/\/ag-frisch.com\/de\/biozid-verordnung\/","name":"Biozid-Verordnung Neue Pflichten ab 2025","isPartOf":{"@id":"https:\/\/ag-frisch.com\/de\/#website"},"datePublished":"2025-04-29T13:52:34+00:00","description":"Einhaltung der Biozid-Verordnung - wir unterst\u00fctzen Sie beim sicheren Einkauf aus China und Einhaltung der rechtlichen Vorgaben.","breadcrumb":{"@id":"https:\/\/ag-frisch.com\/de\/biozid-verordnung\/#breadcrumb"},"inLanguage":"de","potentialAction":[{"@type":"ReadAction","target":["https:\/\/ag-frisch.com\/de\/biozid-verordnung\/"]}]},{"@type":"BreadcrumbList","@id":"https:\/\/ag-frisch.com\/de\/biozid-verordnung\/#breadcrumb","itemListElement":[{"@type":"ListItem","position":1,"name":"Startseite","item":"https:\/\/ag-frisch.com\/de\/"},{"@type":"ListItem","position":2,"name":"Biozid-Verordnung"}]},{"@type":"WebSite","@id":"https:\/\/ag-frisch.com\/de\/#website","url":"https:\/\/ag-frisch.com\/de\/","name":"China Import Beratung f\u00fcr den Einkauf aus China","description":"China Import &amp; Export Beratung - Der Dienstleister Ihres Vertrauens f\u00fcr Ihren China Import","publisher":{"@id":"https:\/\/ag-frisch.com\/de\/#organization"},"potentialAction":[{"@type":"SearchAction","target":{"@type":"EntryPoint","urlTemplate":"https:\/\/ag-frisch.com\/de\/?s={search_term_string}"},"query-input":{"@type":"PropertyValueSpecification","valueRequired":true,"valueName":"search_term_string"}}],"inLanguage":"de"},{"@type":"Organization","@id":"https:\/\/ag-frisch.com\/de\/#organization","name":"Agentur Frisch International Consulting GmbH & Co. KG","url":"https:\/\/ag-frisch.com\/de\/","logo":{"@type":"ImageObject","inLanguage":"de","@id":"https:\/\/ag-frisch.com\/de\/#\/schema\/logo\/image\/","url":"https:\/\/ag-frisch.com\/wp-content\/uploads\/2021\/08\/ag_logo_rgb_300_small.png","contentUrl":"https:\/\/ag-frisch.com\/wp-content\/uploads\/2021\/08\/ag_logo_rgb_300_small.png","width":153,"height":102,"caption":"Agentur Frisch International Consulting GmbH & Co. KG"},"image":{"@id":"https:\/\/ag-frisch.com\/de\/#\/schema\/logo\/image\/"},"sameAs":["https:\/\/www.facebook.com\/China.Import","https:\/\/x.com\/agenturfrisch"]}]}},"_links":{"self":[{"href":"https:\/\/ag-frisch.com\/de\/wp-json\/wp\/v2\/pages\/20585","targetHints":{"allow":["GET"]}}],"collection":[{"href":"https:\/\/ag-frisch.com\/de\/wp-json\/wp\/v2\/pages"}],"about":[{"href":"https:\/\/ag-frisch.com\/de\/wp-json\/wp\/v2\/types\/page"}],"author":[{"embeddable":true,"href":"https:\/\/ag-frisch.com\/de\/wp-json\/wp\/v2\/users\/2"}],"replies":[{"embeddable":true,"href":"https:\/\/ag-frisch.com\/de\/wp-json\/wp\/v2\/comments?post=20585"}],"version-history":[{"count":1,"href":"https:\/\/ag-frisch.com\/de\/wp-json\/wp\/v2\/pages\/20585\/revisions"}],"predecessor-version":[{"id":20586,"href":"https:\/\/ag-frisch.com\/de\/wp-json\/wp\/v2\/pages\/20585\/revisions\/20586"}],"wp:attachment":[{"href":"https:\/\/ag-frisch.com\/de\/wp-json\/wp\/v2\/media?parent=20585"}],"curies":[{"name":"wp","href":"https:\/\/api.w.org\/{rel}","templated":true}]}}