{"id":2094,"date":"2022-05-09T23:15:03","date_gmt":"2022-05-09T21:15:03","guid":{"rendered":"https:\/\/ag-frisch.com\/?page_id=2094"},"modified":"2023-01-11T11:48:41","modified_gmt":"2023-01-11T10:48:41","slug":"gartenbedarf-grillbedarf-landwirtschaftsbedarf-china-import","status":"publish","type":"page","link":"https:\/\/ag-frisch.com\/de\/gartenbedarf-grillbedarf-landwirtschaftsbedarf-china-import\/","title":{"rendered":"Gartenbedarf aus China"},"content":{"rendered":"<p>[et_pb_section fb_built=&#8221;1&#8243; _builder_version=&#8221;4.16&#8243; _module_preset=&#8221;default&#8221; global_colors_info=&#8221;{}&#8221;][et_pb_row _builder_version=&#8221;4.18.1&#8243; _module_preset=&#8221;default&#8221; global_colors_info=&#8221;{}&#8221;][et_pb_column type=&#8221;4_4&#8243; _builder_version=&#8221;4.18.1&#8243; _module_preset=&#8221;default&#8221; global_colors_info=&#8221;{}&#8221;][et_pb_cta title=&#8221;China Import Beratung&#8221; button_url=&#8221;\/kontakt\/&#8221; button_text=&#8221;Jetzt Beratung buchen&#8221; _builder_version=&#8221;4.16&#8243; _module_preset=&#8221;default&#8221; global_colors_info=&#8221;{}&#8221;]<\/p>\n<p>Durch die Beratung der China Import Agentur Frisch gelingt Ihnen das China Gesch\u00e4ft wie bei den Profis.\u00a0<\/p>\n<p>[\/et_pb_cta][\/et_pb_column][\/et_pb_row][et_pb_row _builder_version=&#8221;4.16&#8243; _module_preset=&#8221;default&#8221; global_colors_info=&#8221;{}&#8221;][et_pb_column type=&#8221;4_4&#8243; _builder_version=&#8221;4.16&#8243; _module_preset=&#8221;default&#8221; global_colors_info=&#8221;{}&#8221;][et_pb_text _builder_version=&#8221;4.18.1&#8243; _module_preset=&#8221;default&#8221; hover_enabled=&#8221;0&#8243; global_colors_info=&#8221;{}&#8221; sticky_enabled=&#8221;0&#8243;]<\/p>\n<h1>China-Import von Landwirtschafts- &#038; Gartenbedarf<\/h1>\n<p><strong>Rasenm\u00e4her, Grills und mehr: Gartenbedarf aus China<\/strong><\/p>\n<p>Kaum etwas ist dem Deutschen so heilig wie sein sch\u00f6ner Garten. Entsprechend gut gehen Produkte aus diesem Bereich \u2013 und das nicht nur zur Grillsaison, sondern ganzj\u00e4hrig. Die Agentur Frisch arbeitet mit hervorragenden Herstellern zusammen und kann Ihnen zu unschlagbaren Preisen Gartenbedarf aus China anbieten. Wir vermitteln dabei nur Handelspartner, die unseren eigenen strengsten Anforderungen gerecht werden.<\/p>\n<p>&nbsp;<\/p>\n<p><strong>Alles f\u00fcr den Garten \u2013 Gartenbedarf aus China importieren<\/strong><\/p>\n<p>Vom hochwertigen Zierbrunnen \u00fcber den leistungsstarken Rasenm\u00e4her bis hin zu Partyzelten und Pagoden: \u00dcber uns k\u00f6nnen Sie s\u00e4mtliche Produkte rund um den Garten beziehen. Folgendes an Gartenbedarf aus China k\u00f6nnen wir Ihnen unter vielem anderen vermitteln:<\/p>\n<ul>\n<li>Saatgut, D\u00fcnger und Ungezieferschutz<\/li>\n<li>Gartenm\u00f6bel und Terrassen<\/li>\n<li>Gew\u00e4chsh\u00e4user und Schuppen<\/li>\n<li>Z\u00e4une und Sichtschutz<\/li>\n<li>Gartenger\u00e4te und Gartenwerkzeuge<\/li>\n<li>Bew\u00e4sserungssysteme, Teichsysteme, Brunnen<\/li>\n<li>u.v.m.<\/li>\n<\/ul>\n<p>In Sachen Gartenbedarf aus China k\u00f6nnen Sie auf h\u00f6chste Qualit\u00e4t vertrauen \u2013 und das zu extrem niedrigen Preisen. Die \u00fcber uns bezogenen Produkte aus dem chinesischen Gro\u00dfhandel sind dabei allesamt gepr\u00fcft und zertifiziert. Saatgut und S\u00e4mereien sind ebenso wie Pestizide und alle anderen Produkte auf chemische Unbedenklichkeit gepr\u00fcft. Diese Kontrollen \u00fcberlassen wir nicht dem chinesischen Markt, sondern f\u00fchren Sie zu gro\u00dfen Teilen in unserer Tochterfirma BEIDE Laborpr\u00fcfungen durch. Davon profitieren Sie als Eink\u00e4ufer: Sie haben die Sicherheit, erstklassige Waren zu erhalten, die deutschen Qualit\u00e4tskontrollen standhalten und anspruchsvolle Konsumenten zufriedenstellen.<\/p>\n<p>&nbsp;<\/p>\n<p><strong>Grillbedarf aus China f\u00fcr die sch\u00f6nste Nebensache der Welt<\/strong><\/p>\n<p>Hand aufs Herz: Was ist sch\u00f6ner als ein Grillabend mit Freunden? Wir bieten f\u00fcr dieses liebste Hobby der Deutschen beste Produkte aus dem chinesischen Gro\u00dfhandel. Wenn Sie \u00fcber uns Grillbedarf aus China beziehen, d\u00fcrfen Sie beste Qualit\u00e4t erwarten. Schnelle Lieferungen und zuverl\u00e4ssige Einhaltung aller Vereinbarungen geh\u00f6ren nat\u00fcrlich ebenso dazu wie ein Import-Service, der f\u00fcr Ihre Bed\u00fcrfnisse ma\u00dfgeschneidert ist. An Grillbedarf aus China f\u00fchren unsere Produzenten f\u00fcr Sie zum Beispiel:<\/p>\n<ul>\n<li>Hochwertige Grills (Holzkohle, Gas, Elektro)<\/li>\n<li>Kugelgrills, Lavasteine, Smoker<\/li>\n<li>Camping-Grills, Balkon-Grills und weitere Spezial-Grills<\/li>\n<li>Grillkohle und Anz\u00fcnder<\/li>\n<li>Zubeh\u00f6r (Zangen, Sch\u00fcrzen u.v.m.)<\/li>\n<\/ul>\n<p>&nbsp;<\/p>\n<p><strong>Rohstoffe, Landwirtschafts-Bedarf und landwirtschaftliche Maschinen aus China<\/strong><\/p>\n<p>Unsere Lieferanten bieten Ihnen nicht nur Produkte aus dem Gartenbereich, sondern auch aus der Landwirtschaft. So k\u00f6nnen Sie \u00fcber uns zum Beispiel Gabelstapler aus China beziehen, Ballen-Maschinen, Traktoren und Ernte-Maschinen. Vom kleinsten mechanischen Pflug bis zum vollautomatisierten M\u00e4hdrescher erhalten Sie von uns s\u00e4mtliche landwirtschaftliche Maschinen. Von der Beregnungsmaschine bis zum Gabelstapler aus China k\u00f6nnen wir Ihnen die perfekten Zulieferer vorstellen und Ihren China-Import f\u00fcr Sie realisieren.<\/p>\n<p>Neben landwirtschaftlichen Maschinen wie H\u00e4ckslern, Vollerntern und Gabelstaplern aus China ist auch der Import von Rohstoffen m\u00f6glich, darunter zum Beispiel Sonnenblumen\u00f6l oder Diesel, sowie die Einfuhr von Produkten aus der Landwirtschaft wie beispielsweise Reis.<\/p>\n<p>&nbsp;<\/p>\n<p><strong>Agentur Frisch: Ihr Partner f\u00fcr den Gro\u00dfhandel mit China<\/strong><\/p>\n<p>Wir verstehen uns als Full-Service-Agentur mit h\u00f6chsten Anspr\u00fcchen. Vom Beratungsgespr\u00e4ch bis zum vollst\u00e4ndigen Fulfillment m\u00f6chten wir unserem eigenen Standard gerecht werden: Nur beste Arbeit ist gut genug.<\/p>\n<p>Daher decken wir jede Aufgabe aus dem China-Import ab. Wir finden und vermitteln Hersteller, kontrollieren und bewerten Qualit\u00e4t, \u00fcbernehmen Laborpr\u00fcfungen, Zertifikate und Kennzeichnungen, und wickeln die gesamte Transportlogistik in Eigenregie ab. Dadurch k\u00f6nnen wir und Sie sich stets sicher sein, dass bei dem Einkauf von Gartenbedarf, Grillbedarf oder Landwirtschaftsbedarf aus China alles reibungslos vonstattengeht.<\/p>\n<p><strong>Unsere erstklassige Arbeit spart Ihnen Nerven, Zeit \u2013 und Geld.<\/strong><\/p>\n<p>[\/et_pb_text][\/et_pb_column][\/et_pb_row][\/et_pb_section][et_pb_section fb_built=&#8221;1&#8243; admin_label=&#8221;Testimonials&#8221; _builder_version=&#8221;4.16&#8243; use_background_color_gradient=&#8221;on&#8221; background_color_gradient_stops=&#8221;rgba(0,106,156,0.85) 0%|rgba(0,106,156,0.85) 100%&#8221; background_color_gradient_start=&#8221;rgba(0,106,156,0.85)&#8221; background_color_gradient_end=&#8221;rgba(0,106,156,0.85)&#8221; custom_padding=&#8221;90px||60px|&#8221; animation_style=&#8221;fold&#8221; animation_direction=&#8221;bottom&#8221; animation_intensity_fold=&#8221;4%&#8221; global_colors_info=&#8221;{}&#8221;][et_pb_row _builder_version=&#8221;4.16&#8243; background_size=&#8221;initial&#8221; background_position=&#8221;top_left&#8221; background_repeat=&#8221;repeat&#8221; custom_width_px=&#8221;710px&#8221; locked=&#8221;off&#8221; global_colors_info=&#8221;{}&#8221;][et_pb_column type=&#8221;4_4&#8243; _builder_version=&#8221;4.16&#8243; background_position=&#8221;top_left&#8221; custom_padding=&#8221;|||&#8221; global_colors_info=&#8221;{}&#8221; custom_padding__hover=&#8221;|||&#8221;][et_pb_text admin_label=&#8221;Testimonials Section Title&#8221; _builder_version=&#8221;4.16&#8243; header_font=&#8221;Montserrat||||&#8221; header_font_size=&#8221;36px&#8221; background_size=&#8221;initial&#8221; background_position=&#8221;top_left&#8221; background_repeat=&#8221;repeat&#8221; text_orientation=&#8221;center&#8221; background_layout=&#8221;dark&#8221; max_width=&#8221;710px&#8221; module_alignment=&#8221;center&#8221; animation_style=&#8221;fold&#8221; animation_direction=&#8221;bottom&#8221; animation_intensity_fold=&#8221;20%&#8221; global_colors_info=&#8221;{}&#8221;]<\/p>\n<h1>\u00dcber 5000 zufriedene Kunden.<\/h1>\n<p>&nbsp;<\/p>\n<p>[\/et_pb_text][et_pb_divider color=&#8221;#ffffff&#8221; divider_weight=&#8221;3px&#8221; disabled_on=&#8221;off|off|off&#8221; _builder_version=&#8221;4.16&#8243; background_color_gradient_direction=&#8221;90deg&#8221; max_width=&#8221;100px&#8221; module_alignment=&#8221;center&#8221; height=&#8221;5px&#8221; custom_margin=&#8221;||20px|&#8221; custom_padding=&#8221;||20px|&#8221; animation_style=&#8221;slide&#8221; animation_direction=&#8221;bottom&#8221; saved_tabs=&#8221;all&#8221; locked=&#8221;off&#8221; global_colors_info=&#8221;{}&#8221;][\/et_pb_divider][\/et_pb_column][\/et_pb_row][et_pb_row column_structure=&#8221;1_2,1_2&#8243; _builder_version=&#8221;4.18.1&#8243; _module_preset=&#8221;default&#8221; global_colors_info=&#8221;{}&#8221;][et_pb_column type=&#8221;1_2&#8243; _builder_version=&#8221;4.18.1&#8243; _module_preset=&#8221;default&#8221; global_colors_info=&#8221;{}&#8221;][et_pb_testimonial author=&#8221;Marco&#8221; portrait_url=&#8221;https:\/\/ag-frisch.com\/wp-content\/uploads\/2021\/08\/Harald.png&#8221; quote_icon=&#8221;off&#8221; _builder_version=&#8221;4.18.1&#8243; _module_preset=&#8221;default&#8221; body_font_size=&#8221;16px&#8221; use_background_color=&#8221;off&#8221; background_layout=&#8221;dark&#8221; global_colors_info=&#8221;{}&#8221;]Ich habe die Agentur Frisch beauftragt ein gr\u00f6\u00dferes M\u00f6belst\u00fcck in China produzieren zu lassen um es dann folglich nach Deutschland zu \u00fcberf\u00fchren. Per Mail erfolgte die ganze Zeit \u00fcber eine reibungslose Kommunikation! Sehr schnelle und zuverl\u00e4ssige Antworten vermittelten mir st\u00e4ndig die Sicherheiten, die bei so einen Unterfangen unerl\u00e4sslich sind. Jederzeit wurde mir durch den B\u00fcrokratiedschungel geholfen und dabei wurden keine Formulare vergessen oder falsch ausgef\u00fcllt. Sehr lobenswert!<a href=\"&lt;div class=&quot;pe-richsnippets&quot;&gt;&amp;nbsp;&lt;\/div&gt; &lt;script type=&quot;text\/javascript&quot; src=&quot;https:\/\/www.provenexpert.com\/widget\/richsnippet.js?u=1NUA0VwZ4RUZ5tmAi5zA4RaplNKAlWwZ&amp;v=2&quot; async&gt;&lt;\/script&gt; &lt;div style=&quot;text-align: justify;&quot;&gt;&lt;br \/&gt;\"><\/a><\/p>\n<div class=\"brow ratingBarMargin\">\n<div class=\"ratingBar\">\n<div class=\"brow\">\n<div class=\"pe-richsnippets\">&nbsp;<\/div>\n<p><script type=\"text\/javascript\" src=\"https:\/\/www.provenexpert.com\/widget\/richsnippet.js?u=1NUA0VwZ4RUZ5tmAi5zA4RaplNKAlWwZ&#038;v=2\" async><\/script><\/p>\n<div style=\"text-align: justify;\"><\/p>\n<div class=\"col-lg-9 col-md-8 col-xs-10 mt20 mb20\">\n<div class=\"col-xs-12 surveyNameForRating\"><\/div>\n<\/div>\n<\/div>\n<\/div>\n<\/div>\n<\/div>\n<p>[\/et_pb_testimonial][\/et_pb_column][et_pb_column type=&#8221;1_2&#8243; _builder_version=&#8221;4.18.1&#8243; _module_preset=&#8221;default&#8221; global_colors_info=&#8221;{}&#8221;][et_pb_testimonial author=&#8221;Simone L.&#8221; portrait_url=&#8221;https:\/\/ag-frisch.com\/wp-content\/uploads\/2021\/08\/Harald.png&#8221; quote_icon=&#8221;off&#8221; _builder_version=&#8221;4.18.1&#8243; _module_preset=&#8221;default&#8221; body_font_size=&#8221;16px&#8221; use_background_color=&#8221;off&#8221; background_layout=&#8221;dark&#8221; global_colors_info=&#8221;{}&#8221;]<\/p>\n<p>Alles Top. Besser geht nicht. Beratung und Durchf\u00fchrung kann man nicht besser machen. Wir sind nach mehreren Bestellungen bei diesem Unternehmen mehr als zufrieden und setzen die Zusammenarbeit fort.<\/p>\n<div class=\"brow ratingBarMargin\">\n<div class=\"ratingBar\">\n<div class=\"brow\">\n<div class=\"pe-richsnippets\">\u00a0<\/div>\n<p>\n<script type=\"text\/javascript\" src=\"https:\/\/www.provenexpert.com\/widget\/richsnippet.js?u=1NUA0VwZ4RUZ5tmAi5zA4RaplNKAlWwZ&amp;v=2\" async=\"\"><\/script>\n<\/p>\n<div style=\"text-align: justify;\">\n<p>&nbsp;<\/p>\n<div class=\"col-lg-9 col-md-8 col-xs-10 mt20 mb20\">\n<div class=\"col-xs-12 surveyNameForRating\"><\/div>\n<\/div>\n<\/div>\n<\/div>\n<\/div>\n<\/div>\n<p>[\/et_pb_testimonial][\/et_pb_column][\/et_pb_row][et_pb_row _builder_version=&#8221;4.16&#8243; background_size=&#8221;initial&#8221; background_position=&#8221;top_left&#8221; background_repeat=&#8221;repeat&#8221; custom_padding=&#8221;50px|0px|30px|0px&#8221; custom_css_main_element=&#8221;text-align: center;&#8221; global_colors_info=&#8221;{}&#8221;][et_pb_column type=&#8221;4_4&#8243; _builder_version=&#8221;4.16&#8243; custom_padding=&#8221;|||&#8221; global_colors_info=&#8221;{}&#8221; custom_padding__hover=&#8221;|||&#8221;][et_pb_button button_url=&#8221;https:\/\/www.provenexpert.com\/de-de\/agentur-frisch-international-consulting-gmbh-und-co-kg\/&#8221; button_text=&#8221;MEHR BEWERTUNGEN&#8221; button_alignment=&#8221;left&#8221; admin_label=&#8221;Testimonial Button&#8221; _builder_version=&#8221;4.16&#8243; custom_button=&#8221;on&#8221; button_text_size=&#8221;18px&#8221; button_text_color=&#8221;#ffffff&#8221; button_bg_color=&#8221;#6eba01&#8243; button_border_width=&#8221;2px&#8221; button_border_color=&#8221;#6eba01&#8243; button_border_radius=&#8221;0px&#8221; button_letter_spacing=&#8221;2px&#8221; button_font=&#8221;Montserrat|||on|&#8221; button_use_icon=&#8221;off&#8221; animation_style=&#8221;fold&#8221; animation_direction=&#8221;bottom&#8221; button_text_color_hover=&#8221;#ffffff&#8221; button_border_color_hover=&#8221;#ffffff&#8221; button_border_radius_hover=&#8221;0px&#8221; button_letter_spacing_hover=&#8221;2px&#8221; button_bg_color_hover=&#8221;rgba(255,255,255,0)&#8221; locked=&#8221;off&#8221; global_colors_info=&#8221;{}&#8221; button_text_size__hover_enabled=&#8221;off&#8221; button_one_text_size__hover_enabled=&#8221;off&#8221; button_two_text_size__hover_enabled=&#8221;off&#8221; button_text_color__hover_enabled=&#8221;on&#8221; button_text_color__hover=&#8221;#ffffff&#8221; button_one_text_color__hover_enabled=&#8221;off&#8221; button_two_text_color__hover_enabled=&#8221;off&#8221; button_border_width__hover_enabled=&#8221;off&#8221; button_one_border_width__hover_enabled=&#8221;off&#8221; button_two_border_width__hover_enabled=&#8221;off&#8221; button_border_color__hover_enabled=&#8221;on&#8221; button_border_color__hover=&#8221;#ffffff&#8221; button_one_border_color__hover_enabled=&#8221;off&#8221; button_two_border_color__hover_enabled=&#8221;off&#8221; button_border_radius__hover_enabled=&#8221;on&#8221; button_border_radius__hover=&#8221;0px&#8221; button_one_border_radius__hover_enabled=&#8221;off&#8221; button_two_border_radius__hover_enabled=&#8221;off&#8221; button_letter_spacing__hover_enabled=&#8221;on&#8221; button_letter_spacing__hover=&#8221;2px&#8221; button_one_letter_spacing__hover_enabled=&#8221;off&#8221; button_two_letter_spacing__hover_enabled=&#8221;off&#8221; button_bg_color__hover_enabled=&#8221;on&#8221; button_bg_color__hover=&#8221;rgba(255,255,255,0)&#8221; button_one_bg_color__hover_enabled=&#8221;off&#8221; button_two_bg_color__hover_enabled=&#8221;off&#8221;][\/et_pb_button][\/et_pb_column][\/et_pb_row][\/et_pb_section]<\/p>\n","protected":false},"excerpt":{"rendered":"<p>Durch die Beratung der China Import Agentur Frisch gelingt Ihnen das China Gesch\u00e4ft wie bei den Profis.\u00a0China-Import von Landwirtschafts- &#038; Gartenbedarf Rasenm\u00e4her, Grills und mehr: Gartenbedarf aus China Kaum etwas ist dem Deutschen so heilig wie sein sch\u00f6ner Garten. Entsprechend gut gehen Produkte aus diesem Bereich \u2013 und das nicht nur zur Grillsaison, sondern ganzj\u00e4hrig. [&hellip;]<\/p>\n","protected":false},"author":2,"featured_media":0,"parent":0,"menu_order":0,"comment_status":"closed","ping_status":"closed","template":"","meta":{"_et_pb_use_builder":"on","_et_pb_old_content":"","_et_gb_content_width":"","footnotes":""},"class_list":["post-2094","page","type-page","status-publish","hentry"],"yoast_head":"<!-- This site is optimized with the Yoast SEO plugin v27.2 - https:\/\/yoast.com\/product\/yoast-seo-wordpress\/ -->\n<title>Gartenbedarf aus China | Import von Landwirtschaftsbedarf<\/title>\n<meta name=\"description\" content=\"Gartenbedarf und Grillbedarf aus China \u2714 China-Import von Landwirtschaftsbedarf \u2714 Rasenm\u00e4her \u2714 Z\u00e4une \u2714 Terassen \u25ba Jetzt beraten lassen!\" \/>\n<meta name=\"robots\" content=\"index, follow, max-snippet:-1, max-image-preview:large, max-video-preview:-1\" \/>\n<link rel=\"canonical\" href=\"https:\/\/ag-frisch.com\/de\/gartenbedarf-grillbedarf-landwirtschaftsbedarf-china-import\/\" \/>\n<meta property=\"og:locale\" content=\"de_DE\" \/>\n<meta property=\"og:type\" content=\"article\" \/>\n<meta property=\"og:title\" content=\"Gartenbedarf aus China | Import von Landwirtschaftsbedarf\" \/>\n<meta property=\"og:description\" content=\"Gartenbedarf und Grillbedarf aus China \u2714 China-Import von Landwirtschaftsbedarf \u2714 Rasenm\u00e4her \u2714 Z\u00e4une \u2714 Terassen \u25ba Jetzt beraten lassen!\" \/>\n<meta property=\"og:url\" content=\"https:\/\/ag-frisch.com\/de\/gartenbedarf-grillbedarf-landwirtschaftsbedarf-china-import\/\" \/>\n<meta property=\"og:site_name\" content=\"China Import Beratung f\u00fcr den Einkauf aus China\" \/>\n<meta property=\"article:publisher\" content=\"https:\/\/www.facebook.com\/China.Import\" \/>\n<meta property=\"article:modified_time\" content=\"2023-01-11T10:48:41+00:00\" \/>\n<meta name=\"twitter:card\" content=\"summary_large_image\" \/>\n<meta name=\"twitter:site\" content=\"@agenturfrisch\" \/>\n<script type=\"application\/ld+json\" class=\"yoast-schema-graph\">{\"@context\":\"https:\/\/schema.org\",\"@graph\":[{\"@type\":\"WebPage\",\"@id\":\"https:\/\/ag-frisch.com\/de\/gartenbedarf-grillbedarf-landwirtschaftsbedarf-china-import\/\",\"url\":\"https:\/\/ag-frisch.com\/de\/gartenbedarf-grillbedarf-landwirtschaftsbedarf-china-import\/\",\"name\":\"Gartenbedarf aus China | Import von Landwirtschaftsbedarf\",\"isPartOf\":{\"@id\":\"https:\/\/ag-frisch.com\/de\/#website\"},\"datePublished\":\"2022-05-09T21:15:03+00:00\",\"dateModified\":\"2023-01-11T10:48:41+00:00\",\"description\":\"Gartenbedarf und Grillbedarf aus China \u2714 China-Import von Landwirtschaftsbedarf \u2714 Rasenm\u00e4her \u2714 Z\u00e4une \u2714 Terassen \u25ba Jetzt beraten lassen!\",\"breadcrumb\":{\"@id\":\"https:\/\/ag-frisch.com\/de\/gartenbedarf-grillbedarf-landwirtschaftsbedarf-china-import\/#breadcrumb\"},\"inLanguage\":\"de\",\"potentialAction\":[{\"@type\":\"ReadAction\",\"target\":[\"https:\/\/ag-frisch.com\/de\/gartenbedarf-grillbedarf-landwirtschaftsbedarf-china-import\/\"]}]},{\"@type\":\"BreadcrumbList\",\"@id\":\"https:\/\/ag-frisch.com\/de\/gartenbedarf-grillbedarf-landwirtschaftsbedarf-china-import\/#breadcrumb\",\"itemListElement\":[{\"@type\":\"ListItem\",\"position\":1,\"name\":\"Startseite\",\"item\":\"https:\/\/ag-frisch.com\/de\/\"},{\"@type\":\"ListItem\",\"position\":2,\"name\":\"Gartenbedarf aus China\"}]},{\"@type\":\"WebSite\",\"@id\":\"https:\/\/ag-frisch.com\/de\/#website\",\"url\":\"https:\/\/ag-frisch.com\/de\/\",\"name\":\"China Import Beratung f\u00fcr den Einkauf aus China\",\"description\":\"China Import &amp; Export Beratung - Der Dienstleister Ihres Vertrauens f\u00fcr Ihren China Import\",\"publisher\":{\"@id\":\"https:\/\/ag-frisch.com\/de\/#organization\"},\"potentialAction\":[{\"@type\":\"SearchAction\",\"target\":{\"@type\":\"EntryPoint\",\"urlTemplate\":\"https:\/\/ag-frisch.com\/de\/?s={search_term_string}\"},\"query-input\":{\"@type\":\"PropertyValueSpecification\",\"valueRequired\":true,\"valueName\":\"search_term_string\"}}],\"inLanguage\":\"de\"},{\"@type\":\"Organization\",\"@id\":\"https:\/\/ag-frisch.com\/de\/#organization\",\"name\":\"Agentur Frisch International Consulting GmbH & Co. KG\",\"url\":\"https:\/\/ag-frisch.com\/de\/\",\"logo\":{\"@type\":\"ImageObject\",\"inLanguage\":\"de\",\"@id\":\"https:\/\/ag-frisch.com\/de\/#\/schema\/logo\/image\/\",\"url\":\"https:\/\/ag-frisch.com\/wp-content\/uploads\/2021\/08\/ag_logo_rgb_300_small.png\",\"contentUrl\":\"https:\/\/ag-frisch.com\/wp-content\/uploads\/2021\/08\/ag_logo_rgb_300_small.png\",\"width\":153,\"height\":102,\"caption\":\"Agentur Frisch International Consulting GmbH & Co. KG\"},\"image\":{\"@id\":\"https:\/\/ag-frisch.com\/de\/#\/schema\/logo\/image\/\"},\"sameAs\":[\"https:\/\/www.facebook.com\/China.Import\",\"https:\/\/x.com\/agenturfrisch\"]}]}<\/script>\n<!-- \/ Yoast SEO plugin. -->","yoast_head_json":{"title":"Gartenbedarf aus China | Import von Landwirtschaftsbedarf","description":"Gartenbedarf und Grillbedarf aus China \u2714 China-Import von Landwirtschaftsbedarf \u2714 Rasenm\u00e4her \u2714 Z\u00e4une \u2714 Terassen \u25ba Jetzt beraten lassen!","robots":{"index":"index","follow":"follow","max-snippet":"max-snippet:-1","max-image-preview":"max-image-preview:large","max-video-preview":"max-video-preview:-1"},"canonical":"https:\/\/ag-frisch.com\/de\/gartenbedarf-grillbedarf-landwirtschaftsbedarf-china-import\/","og_locale":"de_DE","og_type":"article","og_title":"Gartenbedarf aus China | Import von Landwirtschaftsbedarf","og_description":"Gartenbedarf und Grillbedarf aus China \u2714 China-Import von Landwirtschaftsbedarf \u2714 Rasenm\u00e4her \u2714 Z\u00e4une \u2714 Terassen \u25ba Jetzt beraten lassen!","og_url":"https:\/\/ag-frisch.com\/de\/gartenbedarf-grillbedarf-landwirtschaftsbedarf-china-import\/","og_site_name":"China Import Beratung f\u00fcr den Einkauf aus China","article_publisher":"https:\/\/www.facebook.com\/China.Import","article_modified_time":"2023-01-11T10:48:41+00:00","twitter_card":"summary_large_image","twitter_site":"@agenturfrisch","schema":{"@context":"https:\/\/schema.org","@graph":[{"@type":"WebPage","@id":"https:\/\/ag-frisch.com\/de\/gartenbedarf-grillbedarf-landwirtschaftsbedarf-china-import\/","url":"https:\/\/ag-frisch.com\/de\/gartenbedarf-grillbedarf-landwirtschaftsbedarf-china-import\/","name":"Gartenbedarf aus China | Import von Landwirtschaftsbedarf","isPartOf":{"@id":"https:\/\/ag-frisch.com\/de\/#website"},"datePublished":"2022-05-09T21:15:03+00:00","dateModified":"2023-01-11T10:48:41+00:00","description":"Gartenbedarf und Grillbedarf aus China \u2714 China-Import von Landwirtschaftsbedarf \u2714 Rasenm\u00e4her \u2714 Z\u00e4une \u2714 Terassen \u25ba Jetzt beraten lassen!","breadcrumb":{"@id":"https:\/\/ag-frisch.com\/de\/gartenbedarf-grillbedarf-landwirtschaftsbedarf-china-import\/#breadcrumb"},"inLanguage":"de","potentialAction":[{"@type":"ReadAction","target":["https:\/\/ag-frisch.com\/de\/gartenbedarf-grillbedarf-landwirtschaftsbedarf-china-import\/"]}]},{"@type":"BreadcrumbList","@id":"https:\/\/ag-frisch.com\/de\/gartenbedarf-grillbedarf-landwirtschaftsbedarf-china-import\/#breadcrumb","itemListElement":[{"@type":"ListItem","position":1,"name":"Startseite","item":"https:\/\/ag-frisch.com\/de\/"},{"@type":"ListItem","position":2,"name":"Gartenbedarf aus China"}]},{"@type":"WebSite","@id":"https:\/\/ag-frisch.com\/de\/#website","url":"https:\/\/ag-frisch.com\/de\/","name":"China Import Beratung f\u00fcr den Einkauf aus China","description":"China Import &amp; Export Beratung - Der Dienstleister Ihres Vertrauens f\u00fcr Ihren China Import","publisher":{"@id":"https:\/\/ag-frisch.com\/de\/#organization"},"potentialAction":[{"@type":"SearchAction","target":{"@type":"EntryPoint","urlTemplate":"https:\/\/ag-frisch.com\/de\/?s={search_term_string}"},"query-input":{"@type":"PropertyValueSpecification","valueRequired":true,"valueName":"search_term_string"}}],"inLanguage":"de"},{"@type":"Organization","@id":"https:\/\/ag-frisch.com\/de\/#organization","name":"Agentur Frisch International Consulting GmbH & Co. KG","url":"https:\/\/ag-frisch.com\/de\/","logo":{"@type":"ImageObject","inLanguage":"de","@id":"https:\/\/ag-frisch.com\/de\/#\/schema\/logo\/image\/","url":"https:\/\/ag-frisch.com\/wp-content\/uploads\/2021\/08\/ag_logo_rgb_300_small.png","contentUrl":"https:\/\/ag-frisch.com\/wp-content\/uploads\/2021\/08\/ag_logo_rgb_300_small.png","width":153,"height":102,"caption":"Agentur Frisch International Consulting GmbH & Co. KG"},"image":{"@id":"https:\/\/ag-frisch.com\/de\/#\/schema\/logo\/image\/"},"sameAs":["https:\/\/www.facebook.com\/China.Import","https:\/\/x.com\/agenturfrisch"]}]}},"_links":{"self":[{"href":"https:\/\/ag-frisch.com\/de\/wp-json\/wp\/v2\/pages\/2094","targetHints":{"allow":["GET"]}}],"collection":[{"href":"https:\/\/ag-frisch.com\/de\/wp-json\/wp\/v2\/pages"}],"about":[{"href":"https:\/\/ag-frisch.com\/de\/wp-json\/wp\/v2\/types\/page"}],"author":[{"embeddable":true,"href":"https:\/\/ag-frisch.com\/de\/wp-json\/wp\/v2\/users\/2"}],"replies":[{"embeddable":true,"href":"https:\/\/ag-frisch.com\/de\/wp-json\/wp\/v2\/comments?post=2094"}],"version-history":[{"count":0,"href":"https:\/\/ag-frisch.com\/de\/wp-json\/wp\/v2\/pages\/2094\/revisions"}],"wp:attachment":[{"href":"https:\/\/ag-frisch.com\/de\/wp-json\/wp\/v2\/media?parent=2094"}],"curies":[{"name":"wp","href":"https:\/\/api.w.org\/{rel}","templated":true}]}}