{"id":2097,"date":"2022-05-09T23:19:31","date_gmt":"2022-05-09T21:19:31","guid":{"rendered":"https:\/\/ag-frisch.com\/?page_id=2097"},"modified":"2025-04-02T19:31:08","modified_gmt":"2025-04-02T17:31:08","slug":"wellnessprodukte-aus-china","status":"publish","type":"page","link":"https:\/\/ag-frisch.com\/de\/wellnessprodukte-aus-china\/","title":{"rendered":"Wellnessprodukte aus China"},"content":{"rendered":"<p>[et_pb_section fb_built=&#8221;1&#8243; _builder_version=&#8221;4.16&#8243; _module_preset=&#8221;default&#8221; global_colors_info=&#8221;{}&#8221;][et_pb_row _builder_version=&#8221;4.18.1&#8243; _module_preset=&#8221;default&#8221; global_colors_info=&#8221;{}&#8221;][et_pb_column type=&#8221;4_4&#8243; _builder_version=&#8221;4.18.1&#8243; _module_preset=&#8221;default&#8221; global_colors_info=&#8221;{}&#8221;][et_pb_cta title=&#8221;China Import Beratung&#8221; button_url=&#8221;\/kontakt\/&#8221; button_text=&#8221;Jetzt Beratung buchen&#8221; _builder_version=&#8221;4.16&#8243; _module_preset=&#8221;default&#8221; global_colors_info=&#8221;{}&#8221;]<\/p>\n<p>Durch die Beratung der China Import Agentur Frisch gelingt Ihnen das China Gesch\u00e4ft wie bei den Profis.\u00a0<\/p>\n<p>[\/et_pb_cta][\/et_pb_column][\/et_pb_row][et_pb_row _builder_version=&#8221;4.16&#8243; _module_preset=&#8221;default&#8221; global_colors_info=&#8221;{}&#8221;][et_pb_column type=&#8221;4_4&#8243; _builder_version=&#8221;4.16&#8243; _module_preset=&#8221;default&#8221; global_colors_info=&#8221;{}&#8221;][et_pb_text _builder_version=&#8221;4.27.2&#8243; _module_preset=&#8221;default&#8221; hover_enabled=&#8221;0&#8243; global_colors_info=&#8221;{}&#8221; sticky_enabled=&#8221;0&#8243;]<\/p>\n<h1><strong>Kosmetik aus China: Vielf\u00e4ltige Produkte f\u00fcr Ihr Sortiment<\/strong><\/h1>\n<p><strong>Alles rund um Beauty und Wellness aus China importieren<\/strong><\/p>\n<p>Wer sch\u00f6n sein will, muss nicht leiden \u2013 man kann auch einfach Wellness- und Kosmetikprodukte aus China importieren. Zu Preisen, die garantiert nicht wehtun. Wir von der Agentur Frisch bieten Gro\u00df- und Einzelh\u00e4ndlern sowie Online-Sellern einen g\u00fcnstigen und sicheren Bezug von hochwertigen Produkten aus dem Bereich Wellness und Kosmetik aus China an. Wir vermitteln aufgrund unserer langj\u00e4hrigen Erfahrungen hochkar\u00e4tige Handelspartner, die wissen, wie wichtig Zuverl\u00e4ssigkeit und Qualit\u00e4t sind, und die zugleich konkurrenzlos niedrige Preise bieten. So muss niemand leiden. Versprochen.<\/p>\n<p>&nbsp;<\/p>\n<p><strong>Kosmetik aus China \u2013 g\u00fcnstig, gepr\u00fcft und hochwertig<\/strong><\/p>\n<p>Sie wollen Ihre Kunden begeistern mit Ihren Kosmetik-Produkten? Und daf\u00fcr keine Unsummen im Einkauf ausgeben? Wir bieten Ihnen die ideale L\u00f6sung. Der Import von Kosmetik aus China ist unkompliziert und sicher, sofern Sie dabei den richtigen Handelspartner w\u00e4hlen \u2013 die Agentur Frisch. Unz\u00e4hlige zufriedene Stammkunden aus s\u00e4mtlichen Produktgruppen sprechen eine deutliche Sprache. Profitieren auch Sie davon, wenn Sie Kosmetik aus China direkt vom Hersteller importieren.<\/p>\n<p>Unter anderem die folgenden Produkte k\u00f6nnen wir Ihnen in diesem Segment liefern lassen:<\/p>\n<ul>\n<li>Make-up, Foundations, Puder<\/li>\n<li>Lippenbalm, Lippenstifte, Konturen-Liner<\/li>\n<li>K\u00fcnstliche Wimpern, Mascara, Wimpernzangen<\/li>\n<li>Parfums, Lotions und K\u00f6rper\u00f6le<\/li>\n<li>Manik\u00fcre- und Pedik\u00fcre-Bedarf<\/li>\n<li>Tagescremes und Antifaltencremes<\/li>\n<li>Sonnenschutz und Selbstbr\u00e4uner<\/li>\n<\/ul>\n<p><strong>Wir machen die Welt zu einem sch\u00f6neren Ort \u2013 mit tollem, preiswertem Make-up aus China.<\/strong><\/p>\n<p>&nbsp;<\/p>\n<p><strong>F\u00fcr Sicherheit und Wohlgef\u00fchl: Wellness-Produkte aus China<\/strong><\/p>\n<p>Kaum ein Bereich boomte zuletzt so wie der Wellness-Bereich; der Wunsch nach pers\u00f6nlichem Wohlgef\u00fchl in Deutschland wird immer gr\u00f6\u00dfer. Damit er\u00f6ffnen sich auch neue Marktchancen. Egal, ob Sie neu einsteigen wollen oder in diesem Bereich schon Marken und Erfahrung haben, die Agentur Frisch ist Ihr optimaler Ansprechpartner f\u00fcr die gesch\u00e4ftliche Weiterentwicklung durch Au\u00dfenhandel. Wir bieten Ihnen den Kontakt zu erstklassigen, zuverl\u00e4ssigen Handelspartnern in China, mit denen Sie Ihren China-Import lukrativ und reibungslos abwickeln k\u00f6nnen.<\/p>\n<p>Von der Massage-Liege \u00fcber Infrarot-Lampen, W\u00e4rmedecken, Saunabedarf und vieles mehr k\u00f6nnen Sie \u00fcber uns alles in gro\u00dfen St\u00fcckzahlen direkt vom Hersteller in China beziehen: Wir bieten Ihnen Wellness-Produkte aus China zu extrem guten Preisen und von bester Qualit\u00e4t.<\/p>\n<p>&nbsp;<\/p>\n<p><strong>Hilfsmittel und Medizinprodukte aus China importieren \u2013 gepr\u00fcft und sicher<\/strong><\/p>\n<p>Auch im Bereich der Hilfsmittel und Medizinprodukte sind Kostensenkungen durch China-Importe realisierbar. Hierbei legen wir besonders gro\u00dfen Wert auf die Vermittlung seri\u00f6ser Hersteller, die den hohen deutschen Anspr\u00fcchen an Hilfsmittel und Medizinprodukte aus China gerecht werden. Wir f\u00fchren in unseren Testlaboren eigene Pr\u00fcfungen durch und verhindern auf diese Weise b\u00f6se \u00dcberraschungen und kostspielige Sch\u00e4den. Wenn Sie Hilfsmittel und Medizinprodukte aus China \u00fcber die Agentur Frisch beziehen, k\u00f6nnen Sie sicher sein, dass es keine Probleme mit der Qualit\u00e4tskontrolle, der Zolleinfuhr oder sp\u00e4teren Regressanspr\u00fcchen gibt. Wir wollen g\u00fcnstigste Preise mit bester Qualit\u00e4t verbinden. Das erreichen wir durch unsere umfassende Erfahrung und top Handelsbeziehungen.<\/p>\n<p>Erhalten Sie \u00fcber uns zum Beispiel:<\/p>\n<ul>\n<li>Pflaster und Verbandsmaterial<\/li>\n<li>Orthop\u00e4dische Produkte und Hilfsmittel<\/li>\n<li>Rollst\u00fchle, Gehhilfen, Prothesen<\/li>\n<li>Diabetiker-Bedarf, Drogentests, Corona-Schnelltests<\/li>\n<li>Sporttapes<\/li>\n<li>Augenoptik<\/li>\n<\/ul>\n<p>&nbsp;<\/p>\n<p><strong>Bester Service f\u00fcr Ihren China-Import: Agentur Frisch<\/strong><\/p>\n<p>Sprechen Sie uns an und wir kl\u00e4ren gemeinsam, welche Leistungen der Agentur Frisch f\u00fcr Sie in Frage kommen. Wir bieten Ihnen von der Bedarfsanalyse \u00fcber die Herstellersuche und die Vertragsverhandlungen, die Qualit\u00e4tskontrolle und Transportlogistik bis hin zur Lagerung in Deutschland s\u00e4mtliche Leistungen rund um Ihren Import von Wellness-Produkten und Kosmetik aus China.<\/p>\n<p>&nbsp;<\/p>\n<p><strong>Wir freuen uns, auch Sie bald zu unseren zufriedenen Stammkunden z\u00e4hlen zu k\u00f6nnen!<\/strong><\/p>\n<p>[\/et_pb_text][\/et_pb_column][\/et_pb_row][\/et_pb_section][et_pb_section fb_built=&#8221;1&#8243; admin_label=&#8221;Testimonials&#8221; _builder_version=&#8221;4.16&#8243; use_background_color_gradient=&#8221;on&#8221; background_color_gradient_stops=&#8221;rgba(0,106,156,0.85) 0%|rgba(0,106,156,0.85) 100%&#8221; background_color_gradient_start=&#8221;rgba(0,106,156,0.85)&#8221; background_color_gradient_end=&#8221;rgba(0,106,156,0.85)&#8221; custom_padding=&#8221;90px||60px|&#8221; animation_style=&#8221;fold&#8221; animation_direction=&#8221;bottom&#8221; animation_intensity_fold=&#8221;4%&#8221; global_colors_info=&#8221;{}&#8221;][et_pb_row _builder_version=&#8221;4.16&#8243; background_size=&#8221;initial&#8221; background_position=&#8221;top_left&#8221; background_repeat=&#8221;repeat&#8221; custom_width_px=&#8221;710px&#8221; locked=&#8221;off&#8221; global_colors_info=&#8221;{}&#8221;][et_pb_column type=&#8221;4_4&#8243; _builder_version=&#8221;4.16&#8243; background_position=&#8221;top_left&#8221; custom_padding=&#8221;|||&#8221; global_colors_info=&#8221;{}&#8221; custom_padding__hover=&#8221;|||&#8221;][et_pb_text admin_label=&#8221;Testimonials Section Title&#8221; _builder_version=&#8221;4.16&#8243; header_font=&#8221;Montserrat||||&#8221; header_font_size=&#8221;36px&#8221; background_size=&#8221;initial&#8221; background_position=&#8221;top_left&#8221; background_repeat=&#8221;repeat&#8221; text_orientation=&#8221;center&#8221; background_layout=&#8221;dark&#8221; max_width=&#8221;710px&#8221; module_alignment=&#8221;center&#8221; animation_style=&#8221;fold&#8221; animation_direction=&#8221;bottom&#8221; animation_intensity_fold=&#8221;20%&#8221; global_colors_info=&#8221;{}&#8221;]<\/p>\n<h1>\u00dcber 5000 zufriedene Kunden.<\/h1>\n<p>&nbsp;<\/p>\n<p>[\/et_pb_text][et_pb_divider color=&#8221;#ffffff&#8221; divider_weight=&#8221;3px&#8221; disabled_on=&#8221;off|off|off&#8221; _builder_version=&#8221;4.16&#8243; background_color_gradient_direction=&#8221;90deg&#8221; max_width=&#8221;100px&#8221; module_alignment=&#8221;center&#8221; height=&#8221;5px&#8221; custom_margin=&#8221;||20px|&#8221; custom_padding=&#8221;||20px|&#8221; animation_style=&#8221;slide&#8221; animation_direction=&#8221;bottom&#8221; saved_tabs=&#8221;all&#8221; locked=&#8221;off&#8221; global_colors_info=&#8221;{}&#8221;][\/et_pb_divider][\/et_pb_column][\/et_pb_row][et_pb_row column_structure=&#8221;1_2,1_2&#8243; _builder_version=&#8221;4.18.1&#8243; _module_preset=&#8221;default&#8221; global_colors_info=&#8221;{}&#8221;][et_pb_column type=&#8221;1_2&#8243; _builder_version=&#8221;4.18.1&#8243; _module_preset=&#8221;default&#8221; global_colors_info=&#8221;{}&#8221;][et_pb_testimonial author=&#8221;Marco&#8221; portrait_url=&#8221;https:\/\/ag-frisch.com\/wp-content\/uploads\/2021\/08\/Harald.png&#8221; quote_icon=&#8221;off&#8221; _builder_version=&#8221;4.18.1&#8243; _module_preset=&#8221;default&#8221; body_font_size=&#8221;16px&#8221; use_background_color=&#8221;off&#8221; background_layout=&#8221;dark&#8221; global_colors_info=&#8221;{}&#8221;]Ich habe die Agentur Frisch beauftragt ein gr\u00f6\u00dferes M\u00f6belst\u00fcck in China produzieren zu lassen um es dann folglich nach Deutschland zu \u00fcberf\u00fchren. Per Mail erfolgte die ganze Zeit \u00fcber eine reibungslose Kommunikation! Sehr schnelle und zuverl\u00e4ssige Antworten vermittelten mir st\u00e4ndig die Sicherheiten, die bei so einen Unterfangen unerl\u00e4sslich sind. Jederzeit wurde mir durch den B\u00fcrokratiedschungel geholfen und dabei wurden keine Formulare vergessen oder falsch ausgef\u00fcllt. Sehr lobenswert!<a href=\"&lt;div class=&quot;pe-richsnippets&quot;&gt;&amp;nbsp;&lt;\/div&gt; &lt;script type=&quot;text\/javascript&quot; src=&quot;https:\/\/www.provenexpert.com\/widget\/richsnippet.js?u=1NUA0VwZ4RUZ5tmAi5zA4RaplNKAlWwZ&amp;v=2&quot; async&gt;&lt;\/script&gt; &lt;div style=&quot;text-align: justify;&quot;&gt;&lt;br \/&gt;\"><\/a><\/p>\n<div class=\"brow ratingBarMargin\">\n<div class=\"ratingBar\">\n<div class=\"brow\">\n<div class=\"pe-richsnippets\">&nbsp;<\/div>\n<p><script type=\"text\/javascript\" src=\"https:\/\/www.provenexpert.com\/widget\/richsnippet.js?u=1NUA0VwZ4RUZ5tmAi5zA4RaplNKAlWwZ&#038;v=2\" async><\/script><\/p>\n<div style=\"text-align: justify;\"><\/p>\n<div class=\"col-lg-9 col-md-8 col-xs-10 mt20 mb20\">\n<div class=\"col-xs-12 surveyNameForRating\"><\/div>\n<\/div>\n<\/div>\n<\/div>\n<\/div>\n<\/div>\n<p>[\/et_pb_testimonial][\/et_pb_column][et_pb_column type=&#8221;1_2&#8243; _builder_version=&#8221;4.18.1&#8243; _module_preset=&#8221;default&#8221; global_colors_info=&#8221;{}&#8221;][et_pb_testimonial author=&#8221;Simone L.&#8221; portrait_url=&#8221;https:\/\/ag-frisch.com\/wp-content\/uploads\/2021\/08\/Harald.png&#8221; quote_icon=&#8221;off&#8221; _builder_version=&#8221;4.18.1&#8243; _module_preset=&#8221;default&#8221; body_font_size=&#8221;16px&#8221; use_background_color=&#8221;off&#8221; background_layout=&#8221;dark&#8221; global_colors_info=&#8221;{}&#8221;]<\/p>\n<p>Alles Top. Besser geht nicht. Beratung und Durchf\u00fchrung kann man nicht besser machen. Wir sind nach mehreren Bestellungen bei diesem Unternehmen mehr als zufrieden und setzen die Zusammenarbeit fort.<\/p>\n<div class=\"brow ratingBarMargin\">\n<div class=\"ratingBar\">\n<div class=\"brow\">\n<div class=\"pe-richsnippets\">\u00a0<\/div>\n<p>\n<script type=\"text\/javascript\" src=\"https:\/\/www.provenexpert.com\/widget\/richsnippet.js?u=1NUA0VwZ4RUZ5tmAi5zA4RaplNKAlWwZ&amp;v=2\" async=\"\"><\/script>\n<\/p>\n<div style=\"text-align: justify;\">\n<p>&nbsp;<\/p>\n<div class=\"col-lg-9 col-md-8 col-xs-10 mt20 mb20\">\n<div class=\"col-xs-12 surveyNameForRating\"><\/div>\n<\/div>\n<\/div>\n<\/div>\n<\/div>\n<\/div>\n<p>[\/et_pb_testimonial][\/et_pb_column][\/et_pb_row][et_pb_row _builder_version=&#8221;4.16&#8243; background_size=&#8221;initial&#8221; background_position=&#8221;top_left&#8221; background_repeat=&#8221;repeat&#8221; custom_padding=&#8221;50px|0px|30px|0px&#8221; custom_css_main_element=&#8221;text-align: center;&#8221; global_colors_info=&#8221;{}&#8221;][et_pb_column type=&#8221;4_4&#8243; _builder_version=&#8221;4.16&#8243; custom_padding=&#8221;|||&#8221; global_colors_info=&#8221;{}&#8221; custom_padding__hover=&#8221;|||&#8221;][et_pb_button button_url=&#8221;https:\/\/www.provenexpert.com\/de-de\/agentur-frisch-international-consulting-gmbh-und-co-kg\/&#8221; button_text=&#8221;MEHR BEWERTUNGEN&#8221; button_alignment=&#8221;left&#8221; admin_label=&#8221;Testimonial Button&#8221; _builder_version=&#8221;4.16&#8243; custom_button=&#8221;on&#8221; button_text_size=&#8221;18px&#8221; button_text_color=&#8221;#ffffff&#8221; button_bg_color=&#8221;#6eba01&#8243; button_border_width=&#8221;2px&#8221; button_border_color=&#8221;#6eba01&#8243; button_border_radius=&#8221;0px&#8221; button_letter_spacing=&#8221;2px&#8221; button_font=&#8221;Montserrat|||on|&#8221; button_use_icon=&#8221;off&#8221; animation_style=&#8221;fold&#8221; animation_direction=&#8221;bottom&#8221; button_text_color_hover=&#8221;#ffffff&#8221; button_border_color_hover=&#8221;#ffffff&#8221; button_border_radius_hover=&#8221;0px&#8221; button_letter_spacing_hover=&#8221;2px&#8221; button_bg_color_hover=&#8221;rgba(255,255,255,0)&#8221; locked=&#8221;off&#8221; global_colors_info=&#8221;{}&#8221; button_text_size__hover_enabled=&#8221;off&#8221; button_one_text_size__hover_enabled=&#8221;off&#8221; button_two_text_size__hover_enabled=&#8221;off&#8221; button_text_color__hover_enabled=&#8221;on&#8221; button_text_color__hover=&#8221;#ffffff&#8221; button_one_text_color__hover_enabled=&#8221;off&#8221; button_two_text_color__hover_enabled=&#8221;off&#8221; button_border_width__hover_enabled=&#8221;off&#8221; button_one_border_width__hover_enabled=&#8221;off&#8221; button_two_border_width__hover_enabled=&#8221;off&#8221; button_border_color__hover_enabled=&#8221;on&#8221; button_border_color__hover=&#8221;#ffffff&#8221; button_one_border_color__hover_enabled=&#8221;off&#8221; button_two_border_color__hover_enabled=&#8221;off&#8221; button_border_radius__hover_enabled=&#8221;on&#8221; button_border_radius__hover=&#8221;0px&#8221; button_one_border_radius__hover_enabled=&#8221;off&#8221; button_two_border_radius__hover_enabled=&#8221;off&#8221; button_letter_spacing__hover_enabled=&#8221;on&#8221; button_letter_spacing__hover=&#8221;2px&#8221; button_one_letter_spacing__hover_enabled=&#8221;off&#8221; button_two_letter_spacing__hover_enabled=&#8221;off&#8221; button_bg_color__hover_enabled=&#8221;on&#8221; button_bg_color__hover=&#8221;rgba(255,255,255,0)&#8221; button_one_bg_color__hover_enabled=&#8221;off&#8221; button_two_bg_color__hover_enabled=&#8221;off&#8221;][\/et_pb_button][\/et_pb_column][\/et_pb_row][\/et_pb_section]<\/p>\n","protected":false},"excerpt":{"rendered":"<p>Durch die Beratung der China Import Agentur Frisch gelingt Ihnen das China Gesch\u00e4ft wie bei den Profis.\u00a0Kosmetik aus China: Vielf\u00e4ltige Produkte f\u00fcr Ihr Sortiment Alles rund um Beauty und Wellness aus China importieren Wer sch\u00f6n sein will, muss nicht leiden \u2013 man kann auch einfach Wellness- und Kosmetikprodukte aus China importieren. Zu Preisen, die garantiert [&hellip;]<\/p>\n","protected":false},"author":2,"featured_media":0,"parent":0,"menu_order":0,"comment_status":"closed","ping_status":"closed","template":"","meta":{"_et_pb_use_builder":"on","_et_pb_old_content":"","_et_gb_content_width":"","footnotes":""},"class_list":["post-2097","page","type-page","status-publish","hentry"],"yoast_head":"<!-- This site is optimized with the Yoast SEO plugin v27.2 - https:\/\/yoast.com\/product\/yoast-seo-wordpress\/ -->\n<title>Kosmetik China-Import | G\u00fcnstige &amp; gepr\u00fcfte Beauty-Produkte<\/title>\n<meta name=\"description\" content=\"Kosmetik China-Import - Hochwertige Beauty-Produkte direkt vom Hersteller \u2714 CE-gepr\u00fcfte Kosmetik &amp; sichere Importabwicklung \u25ba Jetzt beraten lassen!\" \/>\n<meta name=\"robots\" content=\"index, follow, max-snippet:-1, max-image-preview:large, max-video-preview:-1\" \/>\n<link rel=\"canonical\" href=\"https:\/\/ag-frisch.com\/de\/wellnessprodukte-aus-china\/\" \/>\n<meta property=\"og:locale\" content=\"de_DE\" \/>\n<meta property=\"og:type\" content=\"article\" \/>\n<meta property=\"og:title\" content=\"Kosmetik China-Import | G\u00fcnstige &amp; gepr\u00fcfte Beauty-Produkte\" \/>\n<meta property=\"og:description\" content=\"Kosmetik China-Import - Hochwertige Beauty-Produkte direkt vom Hersteller \u2714 CE-gepr\u00fcfte Kosmetik &amp; sichere Importabwicklung \u25ba Jetzt beraten lassen!\" \/>\n<meta property=\"og:url\" content=\"https:\/\/ag-frisch.com\/de\/wellnessprodukte-aus-china\/\" \/>\n<meta property=\"og:site_name\" content=\"China Import Beratung f\u00fcr den Einkauf aus China\" \/>\n<meta property=\"article:publisher\" content=\"https:\/\/www.facebook.com\/China.Import\" \/>\n<meta property=\"article:modified_time\" content=\"2025-04-02T17:31:08+00:00\" \/>\n<meta name=\"twitter:card\" content=\"summary_large_image\" \/>\n<meta name=\"twitter:site\" content=\"@agenturfrisch\" \/>\n<script type=\"application\/ld+json\" class=\"yoast-schema-graph\">{\"@context\":\"https:\/\/schema.org\",\"@graph\":[{\"@type\":\"WebPage\",\"@id\":\"https:\/\/ag-frisch.com\/de\/wellnessprodukte-aus-china\/\",\"url\":\"https:\/\/ag-frisch.com\/de\/wellnessprodukte-aus-china\/\",\"name\":\"Kosmetik China-Import | G\u00fcnstige & gepr\u00fcfte Beauty-Produkte\",\"isPartOf\":{\"@id\":\"https:\/\/ag-frisch.com\/de\/#website\"},\"datePublished\":\"2022-05-09T21:19:31+00:00\",\"dateModified\":\"2025-04-02T17:31:08+00:00\",\"description\":\"Kosmetik China-Import - Hochwertige Beauty-Produkte direkt vom Hersteller \u2714 CE-gepr\u00fcfte Kosmetik & sichere Importabwicklung \u25ba Jetzt beraten lassen!\",\"breadcrumb\":{\"@id\":\"https:\/\/ag-frisch.com\/de\/wellnessprodukte-aus-china\/#breadcrumb\"},\"inLanguage\":\"de\",\"potentialAction\":[{\"@type\":\"ReadAction\",\"target\":[\"https:\/\/ag-frisch.com\/de\/wellnessprodukte-aus-china\/\"]}]},{\"@type\":\"BreadcrumbList\",\"@id\":\"https:\/\/ag-frisch.com\/de\/wellnessprodukte-aus-china\/#breadcrumb\",\"itemListElement\":[{\"@type\":\"ListItem\",\"position\":1,\"name\":\"Startseite\",\"item\":\"https:\/\/ag-frisch.com\/de\/\"},{\"@type\":\"ListItem\",\"position\":2,\"name\":\"Wellnessprodukte aus China\"}]},{\"@type\":\"WebSite\",\"@id\":\"https:\/\/ag-frisch.com\/de\/#website\",\"url\":\"https:\/\/ag-frisch.com\/de\/\",\"name\":\"China Import Beratung f\u00fcr den Einkauf aus China\",\"description\":\"China Import &amp; Export Beratung - Der Dienstleister Ihres Vertrauens f\u00fcr Ihren China Import\",\"publisher\":{\"@id\":\"https:\/\/ag-frisch.com\/de\/#organization\"},\"potentialAction\":[{\"@type\":\"SearchAction\",\"target\":{\"@type\":\"EntryPoint\",\"urlTemplate\":\"https:\/\/ag-frisch.com\/de\/?s={search_term_string}\"},\"query-input\":{\"@type\":\"PropertyValueSpecification\",\"valueRequired\":true,\"valueName\":\"search_term_string\"}}],\"inLanguage\":\"de\"},{\"@type\":\"Organization\",\"@id\":\"https:\/\/ag-frisch.com\/de\/#organization\",\"name\":\"Agentur Frisch International Consulting GmbH & Co. KG\",\"url\":\"https:\/\/ag-frisch.com\/de\/\",\"logo\":{\"@type\":\"ImageObject\",\"inLanguage\":\"de\",\"@id\":\"https:\/\/ag-frisch.com\/de\/#\/schema\/logo\/image\/\",\"url\":\"https:\/\/ag-frisch.com\/wp-content\/uploads\/2021\/08\/ag_logo_rgb_300_small.png\",\"contentUrl\":\"https:\/\/ag-frisch.com\/wp-content\/uploads\/2021\/08\/ag_logo_rgb_300_small.png\",\"width\":153,\"height\":102,\"caption\":\"Agentur Frisch International Consulting GmbH & Co. KG\"},\"image\":{\"@id\":\"https:\/\/ag-frisch.com\/de\/#\/schema\/logo\/image\/\"},\"sameAs\":[\"https:\/\/www.facebook.com\/China.Import\",\"https:\/\/x.com\/agenturfrisch\"]}]}<\/script>\n<!-- \/ Yoast SEO plugin. -->","yoast_head_json":{"title":"Kosmetik China-Import | G\u00fcnstige & gepr\u00fcfte Beauty-Produkte","description":"Kosmetik China-Import - Hochwertige Beauty-Produkte direkt vom Hersteller \u2714 CE-gepr\u00fcfte Kosmetik & sichere Importabwicklung \u25ba Jetzt beraten lassen!","robots":{"index":"index","follow":"follow","max-snippet":"max-snippet:-1","max-image-preview":"max-image-preview:large","max-video-preview":"max-video-preview:-1"},"canonical":"https:\/\/ag-frisch.com\/de\/wellnessprodukte-aus-china\/","og_locale":"de_DE","og_type":"article","og_title":"Kosmetik China-Import | G\u00fcnstige & gepr\u00fcfte Beauty-Produkte","og_description":"Kosmetik China-Import - Hochwertige Beauty-Produkte direkt vom Hersteller \u2714 CE-gepr\u00fcfte Kosmetik & sichere Importabwicklung \u25ba Jetzt beraten lassen!","og_url":"https:\/\/ag-frisch.com\/de\/wellnessprodukte-aus-china\/","og_site_name":"China Import Beratung f\u00fcr den Einkauf aus China","article_publisher":"https:\/\/www.facebook.com\/China.Import","article_modified_time":"2025-04-02T17:31:08+00:00","twitter_card":"summary_large_image","twitter_site":"@agenturfrisch","schema":{"@context":"https:\/\/schema.org","@graph":[{"@type":"WebPage","@id":"https:\/\/ag-frisch.com\/de\/wellnessprodukte-aus-china\/","url":"https:\/\/ag-frisch.com\/de\/wellnessprodukte-aus-china\/","name":"Kosmetik China-Import | G\u00fcnstige & gepr\u00fcfte Beauty-Produkte","isPartOf":{"@id":"https:\/\/ag-frisch.com\/de\/#website"},"datePublished":"2022-05-09T21:19:31+00:00","dateModified":"2025-04-02T17:31:08+00:00","description":"Kosmetik China-Import - Hochwertige Beauty-Produkte direkt vom Hersteller \u2714 CE-gepr\u00fcfte Kosmetik & sichere Importabwicklung \u25ba Jetzt beraten lassen!","breadcrumb":{"@id":"https:\/\/ag-frisch.com\/de\/wellnessprodukte-aus-china\/#breadcrumb"},"inLanguage":"de","potentialAction":[{"@type":"ReadAction","target":["https:\/\/ag-frisch.com\/de\/wellnessprodukte-aus-china\/"]}]},{"@type":"BreadcrumbList","@id":"https:\/\/ag-frisch.com\/de\/wellnessprodukte-aus-china\/#breadcrumb","itemListElement":[{"@type":"ListItem","position":1,"name":"Startseite","item":"https:\/\/ag-frisch.com\/de\/"},{"@type":"ListItem","position":2,"name":"Wellnessprodukte aus China"}]},{"@type":"WebSite","@id":"https:\/\/ag-frisch.com\/de\/#website","url":"https:\/\/ag-frisch.com\/de\/","name":"China Import Beratung f\u00fcr den Einkauf aus China","description":"China Import &amp; Export Beratung - Der Dienstleister Ihres Vertrauens f\u00fcr Ihren China Import","publisher":{"@id":"https:\/\/ag-frisch.com\/de\/#organization"},"potentialAction":[{"@type":"SearchAction","target":{"@type":"EntryPoint","urlTemplate":"https:\/\/ag-frisch.com\/de\/?s={search_term_string}"},"query-input":{"@type":"PropertyValueSpecification","valueRequired":true,"valueName":"search_term_string"}}],"inLanguage":"de"},{"@type":"Organization","@id":"https:\/\/ag-frisch.com\/de\/#organization","name":"Agentur Frisch International Consulting GmbH & Co. KG","url":"https:\/\/ag-frisch.com\/de\/","logo":{"@type":"ImageObject","inLanguage":"de","@id":"https:\/\/ag-frisch.com\/de\/#\/schema\/logo\/image\/","url":"https:\/\/ag-frisch.com\/wp-content\/uploads\/2021\/08\/ag_logo_rgb_300_small.png","contentUrl":"https:\/\/ag-frisch.com\/wp-content\/uploads\/2021\/08\/ag_logo_rgb_300_small.png","width":153,"height":102,"caption":"Agentur Frisch International Consulting GmbH & Co. KG"},"image":{"@id":"https:\/\/ag-frisch.com\/de\/#\/schema\/logo\/image\/"},"sameAs":["https:\/\/www.facebook.com\/China.Import","https:\/\/x.com\/agenturfrisch"]}]}},"_links":{"self":[{"href":"https:\/\/ag-frisch.com\/de\/wp-json\/wp\/v2\/pages\/2097","targetHints":{"allow":["GET"]}}],"collection":[{"href":"https:\/\/ag-frisch.com\/de\/wp-json\/wp\/v2\/pages"}],"about":[{"href":"https:\/\/ag-frisch.com\/de\/wp-json\/wp\/v2\/types\/page"}],"author":[{"embeddable":true,"href":"https:\/\/ag-frisch.com\/de\/wp-json\/wp\/v2\/users\/2"}],"replies":[{"embeddable":true,"href":"https:\/\/ag-frisch.com\/de\/wp-json\/wp\/v2\/comments?post=2097"}],"version-history":[{"count":1,"href":"https:\/\/ag-frisch.com\/de\/wp-json\/wp\/v2\/pages\/2097\/revisions"}],"predecessor-version":[{"id":20257,"href":"https:\/\/ag-frisch.com\/de\/wp-json\/wp\/v2\/pages\/2097\/revisions\/20257"}],"wp:attachment":[{"href":"https:\/\/ag-frisch.com\/de\/wp-json\/wp\/v2\/media?parent=2097"}],"curies":[{"name":"wp","href":"https:\/\/api.w.org\/{rel}","templated":true}]}}