{"id":2101,"date":"2022-05-09T23:23:46","date_gmt":"2022-05-09T21:23:46","guid":{"rendered":"https:\/\/ag-frisch.com\/?page_id=2101"},"modified":"2024-04-12T23:05:58","modified_gmt":"2024-04-12T21:05:58","slug":"kuechen-elektro-geraete-aus-china-importieren","status":"publish","type":"page","link":"https:\/\/ag-frisch.com\/de\/kuechen-elektro-geraete-aus-china-importieren\/","title":{"rendered":"K\u00fcchenger\u00e4te aus China"},"content":{"rendered":"<p>[et_pb_section fb_built=&#8221;1&#8243; _builder_version=&#8221;4.16&#8243; _module_preset=&#8221;default&#8221; global_colors_info=&#8221;{}&#8221;][et_pb_row _builder_version=&#8221;4.18.1&#8243; _module_preset=&#8221;default&#8221; global_colors_info=&#8221;{}&#8221;][et_pb_column type=&#8221;4_4&#8243; _builder_version=&#8221;4.18.1&#8243; _module_preset=&#8221;default&#8221; global_colors_info=&#8221;{}&#8221;][et_pb_cta title=&#8221;China Import Beratung&#8221; button_url=&#8221;\/kontakt\/&#8221; button_text=&#8221;Jetzt Beratung buchen&#8221; _builder_version=&#8221;4.16&#8243; _module_preset=&#8221;default&#8221; global_colors_info=&#8221;{}&#8221;]<\/p>\n<p>Durch die Beratung der China Import Agentur Frisch gelingt Ihnen das China Gesch\u00e4ft wie bei den Profis.\u00a0<\/p>\n<p>[\/et_pb_cta][\/et_pb_column][\/et_pb_row][et_pb_row _builder_version=&#8221;4.16&#8243; _module_preset=&#8221;default&#8221; global_colors_info=&#8221;{}&#8221;][et_pb_column type=&#8221;4_4&#8243; _builder_version=&#8221;4.16&#8243; _module_preset=&#8221;default&#8221; global_colors_info=&#8221;{}&#8221;][et_pb_text _builder_version=&#8221;4.18.1&#8243; _module_preset=&#8221;default&#8221; global_colors_info=&#8221;{}&#8221;]<\/p>\n<h1>Ihr China-Import f\u00fcr Elektroartikel und K\u00fcchenger\u00e4te aus China<\/h1>\n<h2>K\u00fcchenger\u00e4te und Elektroartikel aus China<\/h2>\n<p><strong>Kleinger\u00e4te, K\u00fcchenger\u00e4te und Elektroartikel direkt vom Hersteller kaufen<\/strong><\/p>\n<p>Beim Einkauf direkt vom Hersteller in China l\u00e4sst sich sehr viel Geld sparen. Als ambitionierter Einzelh\u00e4ndler, Gro\u00dfh\u00e4ndler oder Gro\u00dfverbraucher wissen Sie das, aber oftmals fehlen die Verbindungen und das Know-how, um einen China-Import sicher und gewinnbringend zu realisieren. Wir von der Agentur Frisch haben uns auf das Vermitteln von Gesch\u00e4ftspartnern und auf Wunsch auf Import-Komplettl\u00f6sungen spezialisiert. Wir bieten Ihnen K\u00fcchenger\u00e4te, Kleinger\u00e4te und Elektroartikel aus China zu sensationellen Preisen und \u00fcber zuverl\u00e4ssige Vertriebswege. Vertrauen Sie unserer Expertise und profitieren Sie durch unschlagbares Preis-Leistungs-Verh\u00e4ltnis!<\/p>\n<p>&nbsp;<\/p>\n<p><strong>Sichere Qualit\u00e4t zum niedrigen Preis: K\u00fcchenger\u00e4te aus China<\/strong><\/p>\n<p>Back\u00f6fen und K\u00fchlschr\u00e4nke, Gefriertruhen und Mikrowellen \u2013 die Welt der K\u00fcchenger\u00e4te ist gro\u00df, die Gewinnspannen teilweise enorm. Als Gro\u00dfh\u00e4ndler oder Powerseller wissen Sie, wie wichtig ein kluger Einkauf und verl\u00e4ssliche Handelsbeziehungen sind. Die Agentur Frisch ist Ihr perfekter Ansprechpartner, wenn es um den Import von Haushaltsger\u00e4ten und K\u00fcchenger\u00e4ten aus China geht. Wir agieren von Deutschland aus mit optimalen Bindungen in China. Daher k\u00f6nnen wir Ihnen zu extrem niedrigen Preisen gro\u00dfe St\u00fcckzahlen von diesen K\u00fcchenger\u00e4ten aus China direkt vom Hersteller anbieten:<\/p>\n<ul>\n<li>Back\u00f6fen und Herde<\/li>\n<li>K\u00fchlschr\u00e4nke, Gefrierger\u00e4te (Gefrierschr\u00e4nke und Gefriertruhen), Kombiger\u00e4te<\/li>\n<li>Kaffeemaschinen und Kaffeeautomaten<\/li>\n<li>Sp\u00fclmaschinen<\/li>\n<li>Waschmaschinen und Trockner<\/li>\n<li><a href=\"https:\/\/ag-frisch.com\/de\/automaten-aus-china-importieren\/\">Snack- und Getr\u00e4nkeautomaten<\/a><\/li>\n<\/ul>\n<p>Nat\u00fcrlich bieten wir Ihnen all diese Ger\u00e4te auch in Profi-Qualit\u00e4t zum Beispiel f\u00fcr den Gastronomiebereich an. Sprechen Sie uns an und wir kl\u00e4ren gemeinsam die M\u00f6glichkeiten und analysieren auf Wunsch Ihren Bedarf. Wir verf\u00fcgen \u00fcber Handelskontakte zu jedem Marktsegment.<\/p>\n<p>An Haushaltsger\u00e4ten aus China f\u00fchren unsere Hersteller f\u00fcr Sie zum Beispiel:<\/p>\n<ul>\n<li>Staubsauger und Bohnermaschinen<\/li>\n<li>Solarien und Sonnenb\u00e4nke<\/li>\n<li>Ventilatoren und Luftbefeuchter<\/li>\n<li>Klimaanlagen und Klimager\u00e4te<\/li>\n<\/ul>\n<p>&nbsp;<\/p>\n<p><strong>K\u00fcchen-Kleinger\u00e4te f\u00fcr den Consumer-Bereich<\/strong><\/p>\n<p>Auch in Sachen Kleinger\u00e4te aus China f\u00fcr Haushalt und K\u00fcche sind wir Ihr top Ansprechpartner. Wir vermitteln vom Stabmixer \u00fcber den Milchsch\u00e4umer bis zum Brotbackautomaten alles, was das Herz Ihrer Kundschaft begehrt \u2013 schnell, zuverl\u00e4ssig und zu g\u00fcnstigsten Preisen. Folgende Artikel k\u00f6nnen Sie in der Produktgruppe K\u00fcchen- und Haushalts-Kleinger\u00e4te aus China beispielsweise \u00fcber uns ordern:<\/p>\n<ul>\n<li>B\u00fcgeleisen<\/li>\n<li>Fusselrasierer<\/li>\n<li>Elektromesser und Brotschneidemaschinen<\/li>\n<li>Stabmixer und K\u00fcchenmaschinen<\/li>\n<li>Brotbackautomaten<\/li>\n<li>Entsafter und Saftpressen<\/li>\n<li>Wasserkocher und Eierkocher<\/li>\n<li>Eismaschinen<\/li>\n<\/ul>\n<p>&nbsp;<\/p>\n<p><strong>Elektroartikel aus China importieren \u2013 gepr\u00fcft und gekennzeichnet<\/strong><\/p>\n<p>Beim Import von Elektroartikeln ist es besonders wichtig, dem Gesch\u00e4ftspartner vertrauen zu k\u00f6nnen. Fehlerhafte Ware kann hier zu dramatischen, teuren und gesch\u00e4ftssch\u00e4digenden R\u00fcckrufaktionen f\u00fchren. Wir legen daher h\u00f6chsten Wert auf Zuverl\u00e4ssigkeit. Wir lassen selbst Kontrollen durch qualifiziertes Personal durchf\u00fchren und achten auf angemessene Kennzeichnung. Nachl\u00e4ssigkeit im Bereich Elektroartikel aus China ist nicht nur unverantwortlich, sondern auch in gesch\u00e4ftlicher Hinsicht unvorteilhaft. Erwarten Sie daher von der Agentur Frisch nur die Vermittlung von Handelspartnern, die s\u00e4mtliche nationalen und internationalen Richtlinien erwiesenerma\u00dfen einhalten.<\/p>\n<p>Wir bieten Ihnen im Segment Elektroartikel aus China unter anderem Handyladeger\u00e4te und Verteilerdosen, Verl\u00e4ngerungskabel und Zeitschaltuhren, Kabeltrommeln, Sicherungen, Schalter und Installationsbedarf \u2013 sprechen Sie uns an und wir k\u00fcmmern uns um Ihren China-Import!<\/p>\n<p>&nbsp;<\/p>\n<p><strong>Seri\u00f6ser China-Import mit besten Gewinnspannen<\/strong><\/p>\n<p>Wir wollen sowohl beste Qualit\u00e4t als auch niedrigsten Preis liefern. Daf\u00fcr legen wir uns besonders ins Zeug und nutzen unsere jahrelange Erfahrung auf dem chinesischen Markt. Zahllose zufriedene Gesch\u00e4ftspartner und dutzende Stammkunden zeigen, dass wir unseren Anspr\u00fcchen gerecht werden. Um das leisten zu k\u00f6nnen, haben wir f\u00fcr weitere Aufgabenbereiche des China-Imports eigene Unternehmen gegr\u00fcndet:<\/p>\n<ul>\n<li>import4u \u2013 Einkauf und Logistik<\/li>\n<li>inspekt4u \u2013 Qualit\u00e4tskontrollen und Logistik in China<\/li>\n<li>e-Best \u2013 der e-Commerce-Handelsmarktplatz der Agentur Frisch<\/li>\n<li>airbridge Consulting \u2013 spezialisiert auf Heizen, K\u00fchlen und Trocknen<\/li>\n<li>China Import Consult \u2013 spezialisiert auf die Bed\u00fcrfnisse gro\u00dfer Konzerne<\/li>\n<li>stock4u \u2013 Lagerung und Versand<\/li>\n<li>BEIDE Test-Labor \u2013 eigene Laborpr\u00fcfungen<\/li>\n<\/ul>\n<p>&nbsp;<\/p>\n<p><strong>Wir freuen uns darauf, f\u00fcr Sie t\u00e4tig zu werden!<\/strong><\/p>\n<p>[\/et_pb_text][\/et_pb_column][\/et_pb_row][\/et_pb_section][et_pb_section fb_built=&#8221;1&#8243; admin_label=&#8221;Testimonials&#8221; _builder_version=&#8221;4.16&#8243; use_background_color_gradient=&#8221;on&#8221; background_color_gradient_stops=&#8221;rgba(0,106,156,0.85) 0%|rgba(0,106,156,0.85) 100%&#8221; background_color_gradient_start=&#8221;rgba(0,106,156,0.85)&#8221; background_color_gradient_end=&#8221;rgba(0,106,156,0.85)&#8221; custom_padding=&#8221;90px||60px|&#8221; animation_style=&#8221;fold&#8221; animation_direction=&#8221;bottom&#8221; animation_intensity_fold=&#8221;4%&#8221; global_colors_info=&#8221;{}&#8221;][et_pb_row _builder_version=&#8221;4.16&#8243; background_size=&#8221;initial&#8221; background_position=&#8221;top_left&#8221; background_repeat=&#8221;repeat&#8221; custom_width_px=&#8221;710px&#8221; locked=&#8221;off&#8221; global_colors_info=&#8221;{}&#8221;][et_pb_column type=&#8221;4_4&#8243; _builder_version=&#8221;4.16&#8243; background_position=&#8221;top_left&#8221; custom_padding=&#8221;|||&#8221; global_colors_info=&#8221;{}&#8221; custom_padding__hover=&#8221;|||&#8221;][et_pb_text admin_label=&#8221;Testimonials Section Title&#8221; _builder_version=&#8221;4.16&#8243; header_font=&#8221;Montserrat||||&#8221; header_font_size=&#8221;36px&#8221; background_size=&#8221;initial&#8221; background_position=&#8221;top_left&#8221; background_repeat=&#8221;repeat&#8221; text_orientation=&#8221;center&#8221; background_layout=&#8221;dark&#8221; max_width=&#8221;710px&#8221; module_alignment=&#8221;center&#8221; animation_style=&#8221;fold&#8221; animation_direction=&#8221;bottom&#8221; animation_intensity_fold=&#8221;20%&#8221; global_colors_info=&#8221;{}&#8221;]<\/p>\n<h1>\u00dcber 5000 zufriedene Kunden.<\/h1>\n<p>&nbsp;<\/p>\n<p>[\/et_pb_text][et_pb_divider color=&#8221;#ffffff&#8221; divider_weight=&#8221;3px&#8221; disabled_on=&#8221;off|off|off&#8221; _builder_version=&#8221;4.16&#8243; background_color_gradient_direction=&#8221;90deg&#8221; max_width=&#8221;100px&#8221; module_alignment=&#8221;center&#8221; height=&#8221;5px&#8221; custom_margin=&#8221;||20px|&#8221; custom_padding=&#8221;||20px|&#8221; animation_style=&#8221;slide&#8221; animation_direction=&#8221;bottom&#8221; saved_tabs=&#8221;all&#8221; locked=&#8221;off&#8221; global_colors_info=&#8221;{}&#8221;][\/et_pb_divider][\/et_pb_column][\/et_pb_row][et_pb_row column_structure=&#8221;1_2,1_2&#8243; _builder_version=&#8221;4.18.1&#8243; _module_preset=&#8221;default&#8221; global_colors_info=&#8221;{}&#8221;][et_pb_column type=&#8221;1_2&#8243; _builder_version=&#8221;4.18.1&#8243; _module_preset=&#8221;default&#8221; global_colors_info=&#8221;{}&#8221;][et_pb_testimonial author=&#8221;Marco&#8221; portrait_url=&#8221;https:\/\/ag-frisch.com\/wp-content\/uploads\/2021\/08\/Harald.png&#8221; quote_icon=&#8221;off&#8221; _builder_version=&#8221;4.18.1&#8243; _module_preset=&#8221;default&#8221; body_font_size=&#8221;16px&#8221; use_background_color=&#8221;off&#8221; background_layout=&#8221;dark&#8221; global_colors_info=&#8221;{}&#8221;]Ich habe die Agentur Frisch beauftragt ein gr\u00f6\u00dferes M\u00f6belst\u00fcck in China produzieren zu lassen um es dann folglich nach Deutschland zu \u00fcberf\u00fchren. Per Mail erfolgte die ganze Zeit \u00fcber eine reibungslose Kommunikation! Sehr schnelle und zuverl\u00e4ssige Antworten vermittelten mir st\u00e4ndig die Sicherheiten, die bei so einen Unterfangen unerl\u00e4sslich sind. Jederzeit wurde mir durch den B\u00fcrokratiedschungel geholfen und dabei wurden keine Formulare vergessen oder falsch ausgef\u00fcllt. Sehr lobenswert!<a href=\"&lt;div class=&quot;pe-richsnippets&quot;&gt;&amp;nbsp;&lt;\/div&gt; &lt;script type=&quot;text\/javascript&quot; src=&quot;https:\/\/www.provenexpert.com\/widget\/richsnippet.js?u=1NUA0VwZ4RUZ5tmAi5zA4RaplNKAlWwZ&amp;v=2&quot; async&gt;&lt;\/script&gt; &lt;div style=&quot;text-align: justify;&quot;&gt;&lt;br \/&gt;\"><\/a><\/p>\n<div class=\"brow ratingBarMargin\">\n<div class=\"ratingBar\">\n<div class=\"brow\">\n<div class=\"pe-richsnippets\">&nbsp;<\/div>\n<p><script type=\"text\/javascript\" src=\"https:\/\/www.provenexpert.com\/widget\/richsnippet.js?u=1NUA0VwZ4RUZ5tmAi5zA4RaplNKAlWwZ&#038;v=2\" async><\/script><\/p>\n<div style=\"text-align: justify;\"><\/p>\n<div class=\"col-lg-9 col-md-8 col-xs-10 mt20 mb20\">\n<div class=\"col-xs-12 surveyNameForRating\"><\/div>\n<\/div>\n<\/div>\n<\/div>\n<\/div>\n<\/div>\n<p>[\/et_pb_testimonial][\/et_pb_column][et_pb_column type=&#8221;1_2&#8243; _builder_version=&#8221;4.18.1&#8243; _module_preset=&#8221;default&#8221; global_colors_info=&#8221;{}&#8221;][et_pb_testimonial author=&#8221;Simone L.&#8221; portrait_url=&#8221;https:\/\/ag-frisch.com\/wp-content\/uploads\/2021\/08\/Harald.png&#8221; quote_icon=&#8221;off&#8221; _builder_version=&#8221;4.18.1&#8243; _module_preset=&#8221;default&#8221; body_font_size=&#8221;16px&#8221; use_background_color=&#8221;off&#8221; background_layout=&#8221;dark&#8221; global_colors_info=&#8221;{}&#8221;]<\/p>\n<p>Alles Top. Besser geht nicht. Beratung und Durchf\u00fchrung kann man nicht besser machen. Wir sind nach mehreren Bestellungen bei diesem Unternehmen mehr als zufrieden und setzen die Zusammenarbeit fort.<\/p>\n<div class=\"brow ratingBarMargin\">\n<div class=\"ratingBar\">\n<div class=\"brow\">\n<div class=\"pe-richsnippets\">\u00a0<\/div>\n<p>\n<script type=\"text\/javascript\" src=\"https:\/\/www.provenexpert.com\/widget\/richsnippet.js?u=1NUA0VwZ4RUZ5tmAi5zA4RaplNKAlWwZ&amp;v=2\" async=\"\"><\/script>\n<\/p>\n<div style=\"text-align: justify;\">\n<p>&nbsp;<\/p>\n<div class=\"col-lg-9 col-md-8 col-xs-10 mt20 mb20\">\n<div class=\"col-xs-12 surveyNameForRating\"><\/div>\n<\/div>\n<\/div>\n<\/div>\n<\/div>\n<\/div>\n<p>[\/et_pb_testimonial][\/et_pb_column][\/et_pb_row][et_pb_row _builder_version=&#8221;4.16&#8243; background_size=&#8221;initial&#8221; background_position=&#8221;top_left&#8221; background_repeat=&#8221;repeat&#8221; custom_padding=&#8221;50px|0px|30px|0px&#8221; custom_css_main_element=&#8221;text-align: center;&#8221; global_colors_info=&#8221;{}&#8221;][et_pb_column type=&#8221;4_4&#8243; _builder_version=&#8221;4.16&#8243; custom_padding=&#8221;|||&#8221; global_colors_info=&#8221;{}&#8221; custom_padding__hover=&#8221;|||&#8221;][et_pb_button button_url=&#8221;https:\/\/www.provenexpert.com\/de-de\/agentur-frisch-international-consulting-gmbh-und-co-kg\/&#8221; button_text=&#8221;MEHR BEWERTUNGEN&#8221; button_alignment=&#8221;left&#8221; admin_label=&#8221;Testimonial Button&#8221; _builder_version=&#8221;4.16&#8243; custom_button=&#8221;on&#8221; button_text_size=&#8221;18px&#8221; button_text_color=&#8221;#ffffff&#8221; button_bg_color=&#8221;#6eba01&#8243; button_border_width=&#8221;2px&#8221; button_border_color=&#8221;#6eba01&#8243; button_border_radius=&#8221;0px&#8221; button_letter_spacing=&#8221;2px&#8221; button_font=&#8221;Montserrat|||on|&#8221; button_use_icon=&#8221;off&#8221; animation_style=&#8221;fold&#8221; animation_direction=&#8221;bottom&#8221; button_text_color_hover=&#8221;#ffffff&#8221; button_border_color_hover=&#8221;#ffffff&#8221; button_border_radius_hover=&#8221;0px&#8221; button_letter_spacing_hover=&#8221;2px&#8221; button_bg_color_hover=&#8221;rgba(255,255,255,0)&#8221; locked=&#8221;off&#8221; global_colors_info=&#8221;{}&#8221; button_text_size__hover_enabled=&#8221;off&#8221; button_one_text_size__hover_enabled=&#8221;off&#8221; button_two_text_size__hover_enabled=&#8221;off&#8221; button_text_color__hover_enabled=&#8221;on&#8221; button_text_color__hover=&#8221;#ffffff&#8221; button_one_text_color__hover_enabled=&#8221;off&#8221; button_two_text_color__hover_enabled=&#8221;off&#8221; button_border_width__hover_enabled=&#8221;off&#8221; button_one_border_width__hover_enabled=&#8221;off&#8221; button_two_border_width__hover_enabled=&#8221;off&#8221; button_border_color__hover_enabled=&#8221;on&#8221; button_border_color__hover=&#8221;#ffffff&#8221; button_one_border_color__hover_enabled=&#8221;off&#8221; button_two_border_color__hover_enabled=&#8221;off&#8221; button_border_radius__hover_enabled=&#8221;on&#8221; button_border_radius__hover=&#8221;0px&#8221; button_one_border_radius__hover_enabled=&#8221;off&#8221; button_two_border_radius__hover_enabled=&#8221;off&#8221; button_letter_spacing__hover_enabled=&#8221;on&#8221; button_letter_spacing__hover=&#8221;2px&#8221; button_one_letter_spacing__hover_enabled=&#8221;off&#8221; button_two_letter_spacing__hover_enabled=&#8221;off&#8221; button_bg_color__hover_enabled=&#8221;on&#8221; button_bg_color__hover=&#8221;rgba(255,255,255,0)&#8221; button_one_bg_color__hover_enabled=&#8221;off&#8221; button_two_bg_color__hover_enabled=&#8221;off&#8221;][\/et_pb_button][\/et_pb_column][\/et_pb_row][\/et_pb_section]<\/p>\n","protected":false},"excerpt":{"rendered":"<p>Durch die Beratung der China Import Agentur Frisch gelingt Ihnen das China Gesch\u00e4ft wie bei den Profis.\u00a0Ihr China-Import f\u00fcr Elektroartikel und K\u00fcchenger\u00e4te aus China K\u00fcchenger\u00e4te und Elektroartikel aus China Kleinger\u00e4te, K\u00fcchenger\u00e4te und Elektroartikel direkt vom Hersteller kaufen Beim Einkauf direkt vom Hersteller in China l\u00e4sst sich sehr viel Geld sparen. Als ambitionierter Einzelh\u00e4ndler, Gro\u00dfh\u00e4ndler oder [&hellip;]<\/p>\n","protected":false},"author":2,"featured_media":0,"parent":0,"menu_order":0,"comment_status":"closed","ping_status":"closed","template":"","meta":{"_et_pb_use_builder":"on","_et_pb_old_content":"","_et_gb_content_width":"","footnotes":""},"class_list":["post-2101","page","type-page","status-publish","hentry"],"yoast_head":"<!-- This site is optimized with the Yoast SEO plugin v27.4 - https:\/\/yoast.com\/product\/yoast-seo-wordpress\/ -->\n<title>K\u00fcchenger\u00e4te aus China | China-Import von Elektroartikeln<\/title>\n<meta name=\"description\" content=\"K\u00fcchenger\u00e4te unkompliziert aus China importieren \u25ba Viele Elektroartikel direkt aus China \u2714 Back\u00f6fen \u2714 K\u00fchlschr\u00e4nke \u2714 Mikrowellen \u25ba Jetzt beraten lassen!\" \/>\n<meta name=\"robots\" content=\"index, follow, max-snippet:-1, max-image-preview:large, max-video-preview:-1\" \/>\n<link rel=\"canonical\" href=\"https:\/\/ag-frisch.com\/de\/kuechen-elektro-geraete-aus-china-importieren\/\" \/>\n<meta property=\"og:locale\" content=\"de_DE\" \/>\n<meta property=\"og:type\" content=\"article\" \/>\n<meta property=\"og:title\" content=\"K\u00fcchenger\u00e4te aus China | China-Import von Elektroartikeln\" \/>\n<meta property=\"og:description\" content=\"K\u00fcchenger\u00e4te unkompliziert aus China importieren \u25ba Viele Elektroartikel direkt aus China \u2714 Back\u00f6fen \u2714 K\u00fchlschr\u00e4nke \u2714 Mikrowellen \u25ba Jetzt beraten lassen!\" \/>\n<meta property=\"og:url\" content=\"https:\/\/ag-frisch.com\/de\/kuechen-elektro-geraete-aus-china-importieren\/\" \/>\n<meta property=\"og:site_name\" content=\"China Import Beratung f\u00fcr den Einkauf aus China\" \/>\n<meta property=\"article:publisher\" content=\"https:\/\/www.facebook.com\/China.Import\" \/>\n<meta property=\"article:modified_time\" content=\"2024-04-12T21:05:58+00:00\" \/>\n<meta name=\"twitter:card\" content=\"summary_large_image\" \/>\n<meta name=\"twitter:site\" content=\"@agenturfrisch\" \/>\n<script type=\"application\/ld+json\" class=\"yoast-schema-graph\">{\"@context\":\"https:\\\/\\\/schema.org\",\"@graph\":[{\"@type\":\"WebPage\",\"@id\":\"https:\\\/\\\/ag-frisch.com\\\/de\\\/kuechen-elektro-geraete-aus-china-importieren\\\/\",\"url\":\"https:\\\/\\\/ag-frisch.com\\\/de\\\/kuechen-elektro-geraete-aus-china-importieren\\\/\",\"name\":\"K\u00fcchenger\u00e4te aus China | China-Import von Elektroartikeln\",\"isPartOf\":{\"@id\":\"https:\\\/\\\/ag-frisch.com\\\/de\\\/#website\"},\"datePublished\":\"2022-05-09T21:23:46+00:00\",\"dateModified\":\"2024-04-12T21:05:58+00:00\",\"description\":\"K\u00fcchenger\u00e4te unkompliziert aus China importieren \u25ba Viele Elektroartikel direkt aus China \u2714 Back\u00f6fen \u2714 K\u00fchlschr\u00e4nke \u2714 Mikrowellen \u25ba Jetzt beraten lassen!\",\"breadcrumb\":{\"@id\":\"https:\\\/\\\/ag-frisch.com\\\/de\\\/kuechen-elektro-geraete-aus-china-importieren\\\/#breadcrumb\"},\"inLanguage\":\"de\",\"potentialAction\":[{\"@type\":\"ReadAction\",\"target\":[\"https:\\\/\\\/ag-frisch.com\\\/de\\\/kuechen-elektro-geraete-aus-china-importieren\\\/\"]}]},{\"@type\":\"BreadcrumbList\",\"@id\":\"https:\\\/\\\/ag-frisch.com\\\/de\\\/kuechen-elektro-geraete-aus-china-importieren\\\/#breadcrumb\",\"itemListElement\":[{\"@type\":\"ListItem\",\"position\":1,\"name\":\"Startseite\",\"item\":\"https:\\\/\\\/ag-frisch.com\\\/de\\\/\"},{\"@type\":\"ListItem\",\"position\":2,\"name\":\"K\u00fcchenger\u00e4te aus China\"}]},{\"@type\":\"WebSite\",\"@id\":\"https:\\\/\\\/ag-frisch.com\\\/de\\\/#website\",\"url\":\"https:\\\/\\\/ag-frisch.com\\\/de\\\/\",\"name\":\"China Import Beratung f\u00fcr den Einkauf aus China\",\"description\":\"China Import &amp; Export Beratung - Der Dienstleister Ihres Vertrauens f\u00fcr Ihren China Import\",\"publisher\":{\"@id\":\"https:\\\/\\\/ag-frisch.com\\\/de\\\/#organization\"},\"potentialAction\":[{\"@type\":\"SearchAction\",\"target\":{\"@type\":\"EntryPoint\",\"urlTemplate\":\"https:\\\/\\\/ag-frisch.com\\\/de\\\/?s={search_term_string}\"},\"query-input\":{\"@type\":\"PropertyValueSpecification\",\"valueRequired\":true,\"valueName\":\"search_term_string\"}}],\"inLanguage\":\"de\"},{\"@type\":\"Organization\",\"@id\":\"https:\\\/\\\/ag-frisch.com\\\/de\\\/#organization\",\"name\":\"Agentur Frisch International Consulting GmbH & Co. KG\",\"url\":\"https:\\\/\\\/ag-frisch.com\\\/de\\\/\",\"logo\":{\"@type\":\"ImageObject\",\"inLanguage\":\"de\",\"@id\":\"https:\\\/\\\/ag-frisch.com\\\/de\\\/#\\\/schema\\\/logo\\\/image\\\/\",\"url\":\"https:\\\/\\\/ag-frisch.com\\\/wp-content\\\/uploads\\\/2021\\\/08\\\/ag_logo_rgb_300_small.png\",\"contentUrl\":\"https:\\\/\\\/ag-frisch.com\\\/wp-content\\\/uploads\\\/2021\\\/08\\\/ag_logo_rgb_300_small.png\",\"width\":153,\"height\":102,\"caption\":\"Agentur Frisch International Consulting GmbH & Co. KG\"},\"image\":{\"@id\":\"https:\\\/\\\/ag-frisch.com\\\/de\\\/#\\\/schema\\\/logo\\\/image\\\/\"},\"sameAs\":[\"https:\\\/\\\/www.facebook.com\\\/China.Import\",\"https:\\\/\\\/x.com\\\/agenturfrisch\"]}]}<\/script>\n<!-- \/ Yoast SEO plugin. -->","yoast_head_json":{"title":"K\u00fcchenger\u00e4te aus China | China-Import von Elektroartikeln","description":"K\u00fcchenger\u00e4te unkompliziert aus China importieren \u25ba Viele Elektroartikel direkt aus China \u2714 Back\u00f6fen \u2714 K\u00fchlschr\u00e4nke \u2714 Mikrowellen \u25ba Jetzt beraten lassen!","robots":{"index":"index","follow":"follow","max-snippet":"max-snippet:-1","max-image-preview":"max-image-preview:large","max-video-preview":"max-video-preview:-1"},"canonical":"https:\/\/ag-frisch.com\/de\/kuechen-elektro-geraete-aus-china-importieren\/","og_locale":"de_DE","og_type":"article","og_title":"K\u00fcchenger\u00e4te aus China | China-Import von Elektroartikeln","og_description":"K\u00fcchenger\u00e4te unkompliziert aus China importieren \u25ba Viele Elektroartikel direkt aus China \u2714 Back\u00f6fen \u2714 K\u00fchlschr\u00e4nke \u2714 Mikrowellen \u25ba Jetzt beraten lassen!","og_url":"https:\/\/ag-frisch.com\/de\/kuechen-elektro-geraete-aus-china-importieren\/","og_site_name":"China Import Beratung f\u00fcr den Einkauf aus China","article_publisher":"https:\/\/www.facebook.com\/China.Import","article_modified_time":"2024-04-12T21:05:58+00:00","twitter_card":"summary_large_image","twitter_site":"@agenturfrisch","schema":{"@context":"https:\/\/schema.org","@graph":[{"@type":"WebPage","@id":"https:\/\/ag-frisch.com\/de\/kuechen-elektro-geraete-aus-china-importieren\/","url":"https:\/\/ag-frisch.com\/de\/kuechen-elektro-geraete-aus-china-importieren\/","name":"K\u00fcchenger\u00e4te aus China | China-Import von Elektroartikeln","isPartOf":{"@id":"https:\/\/ag-frisch.com\/de\/#website"},"datePublished":"2022-05-09T21:23:46+00:00","dateModified":"2024-04-12T21:05:58+00:00","description":"K\u00fcchenger\u00e4te unkompliziert aus China importieren \u25ba Viele Elektroartikel direkt aus China \u2714 Back\u00f6fen \u2714 K\u00fchlschr\u00e4nke \u2714 Mikrowellen \u25ba Jetzt beraten lassen!","breadcrumb":{"@id":"https:\/\/ag-frisch.com\/de\/kuechen-elektro-geraete-aus-china-importieren\/#breadcrumb"},"inLanguage":"de","potentialAction":[{"@type":"ReadAction","target":["https:\/\/ag-frisch.com\/de\/kuechen-elektro-geraete-aus-china-importieren\/"]}]},{"@type":"BreadcrumbList","@id":"https:\/\/ag-frisch.com\/de\/kuechen-elektro-geraete-aus-china-importieren\/#breadcrumb","itemListElement":[{"@type":"ListItem","position":1,"name":"Startseite","item":"https:\/\/ag-frisch.com\/de\/"},{"@type":"ListItem","position":2,"name":"K\u00fcchenger\u00e4te aus China"}]},{"@type":"WebSite","@id":"https:\/\/ag-frisch.com\/de\/#website","url":"https:\/\/ag-frisch.com\/de\/","name":"China Import Beratung f\u00fcr den Einkauf aus China","description":"China Import &amp; Export Beratung - Der Dienstleister Ihres Vertrauens f\u00fcr Ihren China Import","publisher":{"@id":"https:\/\/ag-frisch.com\/de\/#organization"},"potentialAction":[{"@type":"SearchAction","target":{"@type":"EntryPoint","urlTemplate":"https:\/\/ag-frisch.com\/de\/?s={search_term_string}"},"query-input":{"@type":"PropertyValueSpecification","valueRequired":true,"valueName":"search_term_string"}}],"inLanguage":"de"},{"@type":"Organization","@id":"https:\/\/ag-frisch.com\/de\/#organization","name":"Agentur Frisch International Consulting GmbH & Co. KG","url":"https:\/\/ag-frisch.com\/de\/","logo":{"@type":"ImageObject","inLanguage":"de","@id":"https:\/\/ag-frisch.com\/de\/#\/schema\/logo\/image\/","url":"https:\/\/ag-frisch.com\/wp-content\/uploads\/2021\/08\/ag_logo_rgb_300_small.png","contentUrl":"https:\/\/ag-frisch.com\/wp-content\/uploads\/2021\/08\/ag_logo_rgb_300_small.png","width":153,"height":102,"caption":"Agentur Frisch International Consulting GmbH & Co. KG"},"image":{"@id":"https:\/\/ag-frisch.com\/de\/#\/schema\/logo\/image\/"},"sameAs":["https:\/\/www.facebook.com\/China.Import","https:\/\/x.com\/agenturfrisch"]}]}},"_links":{"self":[{"href":"https:\/\/ag-frisch.com\/de\/wp-json\/wp\/v2\/pages\/2101","targetHints":{"allow":["GET"]}}],"collection":[{"href":"https:\/\/ag-frisch.com\/de\/wp-json\/wp\/v2\/pages"}],"about":[{"href":"https:\/\/ag-frisch.com\/de\/wp-json\/wp\/v2\/types\/page"}],"author":[{"embeddable":true,"href":"https:\/\/ag-frisch.com\/de\/wp-json\/wp\/v2\/users\/2"}],"replies":[{"embeddable":true,"href":"https:\/\/ag-frisch.com\/de\/wp-json\/wp\/v2\/comments?post=2101"}],"version-history":[{"count":1,"href":"https:\/\/ag-frisch.com\/de\/wp-json\/wp\/v2\/pages\/2101\/revisions"}],"predecessor-version":[{"id":18379,"href":"https:\/\/ag-frisch.com\/de\/wp-json\/wp\/v2\/pages\/2101\/revisions\/18379"}],"wp:attachment":[{"href":"https:\/\/ag-frisch.com\/de\/wp-json\/wp\/v2\/media?parent=2101"}],"curies":[{"name":"wp","href":"https:\/\/api.w.org\/{rel}","templated":true}]}}