{"id":2114,"date":"2022-05-12T07:00:23","date_gmt":"2022-05-12T05:00:23","guid":{"rendered":"https:\/\/ag-frisch.com\/?page_id=2114"},"modified":"2023-03-17T20:22:39","modified_gmt":"2023-03-17T19:22:39","slug":"lebensmittel-aus-china-importieren","status":"publish","type":"page","link":"https:\/\/ag-frisch.com\/de\/lebensmittel-aus-china-importieren\/","title":{"rendered":"Lebensmittel aus China"},"content":{"rendered":"<p>[et_pb_section fb_built=&#8221;1&#8243; _builder_version=&#8221;4.16&#8243; _module_preset=&#8221;default&#8221; global_colors_info=&#8221;{}&#8221;][et_pb_row _builder_version=&#8221;4.18.1&#8243; _module_preset=&#8221;default&#8221; global_colors_info=&#8221;{}&#8221;][et_pb_column type=&#8221;4_4&#8243; _builder_version=&#8221;4.18.1&#8243; _module_preset=&#8221;default&#8221; global_colors_info=&#8221;{}&#8221;][et_pb_cta title=&#8221;Lebensmittel aus China importieren&#8221; button_url=&#8221;\/kontakt\/&#8221; button_text=&#8221;Jetzt Lebensmittel vom Profi importieren lassen!&#8221; _builder_version=&#8221;4.18.1&#8243; _module_preset=&#8221;default&#8221; global_colors_info=&#8221;{}&#8221;]<\/p>\n<p>Die Agentur Frisch unterst\u00fctzt Sie beim Import von Lebensmitteln und Bio-Produkten aus China.\u00a0<\/p>\n<p>[\/et_pb_cta][\/et_pb_column][\/et_pb_row][et_pb_row _builder_version=&#8221;4.16&#8243; _module_preset=&#8221;default&#8221; global_colors_info=&#8221;{}&#8221;][et_pb_column type=&#8221;4_4&#8243; _builder_version=&#8221;4.16&#8243; _module_preset=&#8221;default&#8221; global_colors_info=&#8221;{}&#8221;][et_pb_text _builder_version=&#8221;4.18.1&#8243; _module_preset=&#8221;default&#8221; global_colors_info=&#8221;{}&#8221;]<\/p>\n<h1>K\u00f6stliche Lebensmittel aus China importieren<\/h1>\n<p><strong>Lebensmittel, Spezialit\u00e4ten und Nudeln aus China<\/strong><\/p>\n<p>Die chinesische K\u00fcche erfreut sich seit Jahrzehnten gr\u00f6\u00dfter Beliebtheit in Deutschland. Daher bieten wir gern den Bezug von Lebensmitteln aus China \u00fcber unsere Handelspartner an. Doch nicht nur asiatische Lebensmittel k\u00f6nnen Sie \u00fcber unsere Hersteller in China beziehen, sondern auch s\u00e4mtliche anderen Food-Produkte aus aller Welt. Nat\u00fcrlich achten wir auch bei diesem sensiblen Marktsegment auf absolut zuverl\u00e4ssige Produzenten und die Einhaltung s\u00e4mtlicher relevanter Richtlinien! <a href=\"\/nudeln-aus-china-importieren\/\"><strong>Nudeln aus China importieren<\/strong><\/a><\/p>\n<p>&nbsp;<\/p>\n<p><strong>K\u00f6stliche Lebensmittel aus China importieren<\/strong><\/p>\n<p>Die Chinesen sind die Meister der imitierenden Herstellung, und so nimmt es kein Wunder, dass in ihren Fabriken auch erstklassige westliche Lebensmittel entstehen. Im Grunde ist hier alles auch in gr\u00f6\u00dfter St\u00fcckzahl erh\u00e4ltlich, das nicht als regionale Spezialit\u00e4t gesch\u00fctzt ist und nur am entsprechenden Ort hergestellt werden darf. Alle anderen Lebensmittel k\u00f6nnen auf kurzen Vertriebswegen direkt aus China importiert werden. So finden Sie im Sortiment unserer Gesch\u00e4ftspartner beispielsweise:<\/p>\n<ul>\n<li>Fleisch und Wurst<\/li>\n<li>K\u00e4sespezialit\u00e4ten<\/li>\n<li>Nudeln und Reis<\/li>\n<li>Gem\u00fcse und Obst (gefroren oder Dose)<\/li>\n<li>Honig, Marmeladen, Aufstriche<\/li>\n<li>Fisch und Meeresfr\u00fcchte<\/li>\n<\/ul>\n<p>&nbsp;<\/p>\n<p><strong>Qualit\u00e4t f\u00fcr Genie\u00dfer \u2013 Feinkost aus China <\/strong><\/p>\n<p>Auch im hochpreisigen Sortiment finden sich Lebensmittel im China-Import. Kaviar und Tr\u00fcffel, Champagner und viele weitere Delikatessen werden mittlerweile in China produziert und gen\u00fcgen den h\u00f6chsten Anspr\u00fcchen von Kennern. Treten Sie mit uns in Kontakt um zu erfahren, wie g\u00fcnstig sich selbst hochwertigste Food-Produkte aus China importieren lassen!<\/p>\n<p>&nbsp;<\/p>\n<p><strong>Getr\u00e4nke von A bis Z aus China<\/strong><\/p>\n<p>Gut verpackt k\u00f6nnen auch s\u00e4mtliche Produkte aus dem Getr\u00e4nkebereich aus China eingef\u00fchrt werden. Selbst hochwertige Spirituosen werden dort unter professionellsten Bedingungen inzwischen mit so hoher Qualit\u00e4t abgef\u00fcllt, dass selbst Fachleute beeindruckt sind. Lassen Sie sich von diesen und weiteren M\u00f6glichkeiten des China-Imports von Getr\u00e4nken begeistern:<\/p>\n<ul>\n<li>Whiskey<\/li>\n<li>Weine (rot, wei\u00df, ros\u00e9)<\/li>\n<li>Weinbr\u00e4nde und Cognac<\/li>\n<li>Gin<\/li>\n<li>Obstbr\u00e4nde<\/li>\n<li>Limonaden<\/li>\n<li>S\u00e4fte (Bio und normal)<\/li>\n<\/ul>\n<p>&nbsp;<\/p>\n<p><strong>Kaffee und Tee aus China f\u00fcr jede Qualit\u00e4tsstufe<\/strong><\/p>\n<p>China ist weithin ber\u00fchmt f\u00fcr seinen Tee, der seinen Weg selbstverst\u00e4ndlich auch in den Export findet. Egal, ob Sie Ihren Kunden absoluten Premium-Tee im g\u00fcnstigen Einkauf bieten wollen, oder einfachere Alternativen bevorzugen \u2013 unsere Gesch\u00e4ftspartner erf\u00fcllen Ihnen diesbez\u00fcglich jeden Wunsch. Auch in Sachen Kaffee findet sich hier f\u00fcr jede Vorstellung die perfekte L\u00f6sung hinsichtlich Qualit\u00e4t und Preis.<\/p>\n<p>&nbsp;<\/p>\n<p><strong>Alles bio oder was?!<\/strong><\/p>\n<p>Der Bio-Markt in Deutschland boomt. Nicht erst seit Corona legen viele Verbraucher Wert auf Bio-Qualit\u00e4t bei Essen und Trinken. Auch die chinesischen Produzenten haben auf diese Entwicklung reagiert und bieten nun Lebensmittel aus China von gepr\u00fcfter Bio-Qualit\u00e4t an. Als Gro\u00dfh\u00e4ndler oder Gro\u00dfverbraucher k\u00f6nnen Sie \u00fcber uns Bio-Lebensmittel aus China in gro\u00dfen St\u00fcckzahlen zu unglaublich g\u00fcnstigen Preisen ordern.<\/p>\n<p>&nbsp;<\/p>\n<p><strong>Asia-Food aus China so authentisch wie original<\/strong><\/p>\n<p>Wenn Sie asiatische Lebensmittel verkaufen wollen, liegt nichts n\u00e4her, als sie direkt in China beim Hersteller zu kaufen. Wir bieten Ihnen zum Beispiel Nudeln aus China, Reis und viele weitere Spezialit\u00e4ten. Die Produkte k\u00f6nnen entweder direkt aus der Produktion f\u00fcr den chinesischen Markt erworben werden oder extra f\u00fcr den westlichen Geschmack angepasst. Sprechen Sie mit uns \u00fcber Ihre Vorstellungen und wir entwickeln auf Wunsch auch eigene Marken und Produkte f\u00fcr Sie.<\/p>\n<p>Folgendes Asia-Food aus China k\u00f6nnen Sie unter vielem anderen \u00fcber uns beziehen:<\/p>\n<ul>\n<li>Reis und Nudeln aus China<\/li>\n<li>Asiatisches Obst und Gem\u00fcse (gefroren oder in Dosen)<\/li>\n<li>Fertigprodukte (z.B. Fertig-Nudeln aus China)<\/li>\n<li>Gew\u00fcrzmischungen und Gew\u00fcrze<\/li>\n<li>Getr\u00e4nke aus dem asiatischen Raum<\/li>\n<\/ul>\n<p>&nbsp;<\/p>\n<h3><strong>Leistungen der Agentur Frisch f\u00fcr den Import von Lebensmitteln aus China:<\/strong><\/h3>\n<p><strong><\/strong><\/p>\n<p>\u00a0&#8211; Pr\u00fcfung von Allergene in Lebensmitteln<\/p>\n<p>&#8211; <a href=\"https:\/\/ag-frisch.com\/de\/biozertifizierung\/\"><strong>Bio Zertifizierung von Bio Produkten<\/strong><\/a> die auch als Bio-Produkt deklariert werden sollen<\/p>\n<p>&#8211; Audits und auch spezielle <a href=\"https:\/\/ag-frisch.com\/de\/audit-in-china\/\"><strong>Hygiene-Audits<\/strong><\/a> in der Produktion und\/oder bei Zulieferer<\/p>\n<p>&#8211; Aufdeckung der Verf\u00e4lschung von Lebensmittel<\/p>\n<p>&#8211; Pr\u00fcfung der Gegenst\u00e4nde die mit dem Lebensmittel in Kontakt kommen (z. B. die Verpackung) gem\u00e4\u00df LFGB<\/p>\n<p>&#8211; Analyse von Fremdk\u00f6rpern in den Lebensmitteln<\/p>\n<p>&#8211; Pr\u00fcfung und Beratung zur Lebensmittelkennzeichnung (dazu geh\u00f6rt auch die Kennzeichnung bei enthaltenen Zusatzstoffen)<\/p>\n<p>&#8211; Analyse von <span>Kontaminante in Lebensmitteln gem\u00e4\u00df Artikel 1 der Verordnung (EWG) Nr. 315\/93\u00a0<\/span><\/p>\n<p>&#8211; Mikrobiologische Untersuchung von Lebensmitteln<span><\/span><\/p>\n<p>&#8211; Pr\u00fcfung des Zusatzes von Mineralstoffen im Lebensmittel gem\u00e4\u00df Verordnung (EG) 1925\/2006.<\/p>\n<p>&#8211; Beratung und Unterst\u00fctzung bei der N\u00e4hrwertdeklaration gem\u00e4\u00df Verordnung (EU) 1169\/2011.<\/p>\n<p>&#8211; Analyse von R\u00fcckst\u00e4nden in Lebensmitteln, z. B. Pestizide oder Tierarzneimittel<\/p>\n<p>&#8211; Tierartenindentifizierung bei tierischen Produkten<\/p>\n<p>&#8211; Pr\u00fcfen von Inhaltsstoffen die zu Unvertr\u00e4glichkeiten bzw. Intoleranzen f\u00fchren k\u00f6nnen.\u00a0<\/p>\n<p>&#8211; Pr\u00fcfung nach m\u00f6glicherweise tierischen Bestandteilen in veganen Lebensmitteln<\/p>\n<p>&#8211; Analyse des Vitamingehalts in Lebensmitteln<\/p>\n<p>&#8211; Beratung zu Kennzeichnung von Futtermitteln, Analyse &amp; Pr\u00fcfung von Futtermitteln<\/p>\n<p>&nbsp;<\/p>\n<p><strong>Mit der Agentur Frisch importieren Sie Food aus China sicher und schmackhaft.<\/strong><\/p>\n<p><strong><\/strong><\/p>\n<p>&nbsp;<\/p>\n<p>&nbsp;<\/p>\n<p><strong><\/strong><\/p>\n<p>[\/et_pb_text][\/et_pb_column][\/et_pb_row][\/et_pb_section][et_pb_section fb_built=&#8221;1&#8243; admin_label=&#8221;Testimonials&#8221; _builder_version=&#8221;4.16&#8243; use_background_color_gradient=&#8221;on&#8221; background_color_gradient_stops=&#8221;rgba(0,106,156,0.85) 0%|rgba(0,106,156,0.85) 100%&#8221; background_color_gradient_start=&#8221;rgba(0,106,156,0.85)&#8221; background_color_gradient_end=&#8221;rgba(0,106,156,0.85)&#8221; custom_padding=&#8221;90px||60px|&#8221; animation_style=&#8221;fold&#8221; animation_direction=&#8221;bottom&#8221; animation_intensity_fold=&#8221;4%&#8221; global_colors_info=&#8221;{}&#8221;][et_pb_row _builder_version=&#8221;4.16&#8243; background_size=&#8221;initial&#8221; background_position=&#8221;top_left&#8221; background_repeat=&#8221;repeat&#8221; custom_width_px=&#8221;710px&#8221; locked=&#8221;off&#8221; global_colors_info=&#8221;{}&#8221;][et_pb_column type=&#8221;4_4&#8243; _builder_version=&#8221;4.16&#8243; background_position=&#8221;top_left&#8221; custom_padding=&#8221;|||&#8221; global_colors_info=&#8221;{}&#8221; custom_padding__hover=&#8221;|||&#8221;][et_pb_text admin_label=&#8221;Testimonials Section Title&#8221; _builder_version=&#8221;4.16&#8243; header_font=&#8221;Montserrat||||&#8221; header_font_size=&#8221;36px&#8221; background_size=&#8221;initial&#8221; background_position=&#8221;top_left&#8221; background_repeat=&#8221;repeat&#8221; text_orientation=&#8221;center&#8221; background_layout=&#8221;dark&#8221; max_width=&#8221;710px&#8221; module_alignment=&#8221;center&#8221; animation_style=&#8221;fold&#8221; animation_direction=&#8221;bottom&#8221; animation_intensity_fold=&#8221;20%&#8221; global_colors_info=&#8221;{}&#8221;]<\/p>\n<h1>\u00dcber 5000 zufriedene Kunden.<\/h1>\n<p>&nbsp;<\/p>\n<p>[\/et_pb_text][et_pb_divider color=&#8221;#ffffff&#8221; divider_weight=&#8221;3px&#8221; disabled_on=&#8221;off|off|off&#8221; _builder_version=&#8221;4.16&#8243; background_color_gradient_direction=&#8221;90deg&#8221; max_width=&#8221;100px&#8221; module_alignment=&#8221;center&#8221; height=&#8221;5px&#8221; custom_margin=&#8221;||20px|&#8221; custom_padding=&#8221;||20px|&#8221; animation_style=&#8221;slide&#8221; animation_direction=&#8221;bottom&#8221; saved_tabs=&#8221;all&#8221; locked=&#8221;off&#8221; global_colors_info=&#8221;{}&#8221;][\/et_pb_divider][\/et_pb_column][\/et_pb_row][et_pb_row column_structure=&#8221;1_2,1_2&#8243; _builder_version=&#8221;4.18.1&#8243; _module_preset=&#8221;default&#8221; global_colors_info=&#8221;{}&#8221;][et_pb_column type=&#8221;1_2&#8243; _builder_version=&#8221;4.18.1&#8243; _module_preset=&#8221;default&#8221; global_colors_info=&#8221;{}&#8221;][et_pb_testimonial author=&#8221;Marco&#8221; portrait_url=&#8221;https:\/\/ag-frisch.com\/wp-content\/uploads\/2021\/08\/Harald.png&#8221; quote_icon=&#8221;off&#8221; _builder_version=&#8221;4.18.1&#8243; _module_preset=&#8221;default&#8221; body_font_size=&#8221;16px&#8221; use_background_color=&#8221;off&#8221; background_layout=&#8221;dark&#8221; global_colors_info=&#8221;{}&#8221;]Ich habe die Agentur Frisch beauftragt ein gr\u00f6\u00dferes M\u00f6belst\u00fcck in China produzieren zu lassen um es dann folglich nach Deutschland zu \u00fcberf\u00fchren. Per Mail erfolgte die ganze Zeit \u00fcber eine reibungslose Kommunikation! Sehr schnelle und zuverl\u00e4ssige Antworten vermittelten mir st\u00e4ndig die Sicherheiten, die bei so einen Unterfangen unerl\u00e4sslich sind. Jederzeit wurde mir durch den B\u00fcrokratiedschungel geholfen und dabei wurden keine Formulare vergessen oder falsch ausgef\u00fcllt. Sehr lobenswert!<a href=\"&lt;div class=&quot;pe-richsnippets&quot;&gt;&amp;nbsp;&lt;\/div&gt; &lt;script type=&quot;text\/javascript&quot; src=&quot;https:\/\/www.provenexpert.com\/widget\/richsnippet.js?u=1NUA0VwZ4RUZ5tmAi5zA4RaplNKAlWwZ&amp;v=2&quot; async&gt;&lt;\/script&gt; &lt;div style=&quot;text-align: justify;&quot;&gt;&lt;br \/&gt;\"><\/a><\/p>\n<div class=\"brow ratingBarMargin\">\n<div class=\"ratingBar\">\n<div class=\"brow\">\n<div class=\"pe-richsnippets\">&nbsp;<\/div>\n<p><script type=\"text\/javascript\" src=\"https:\/\/www.provenexpert.com\/widget\/richsnippet.js?u=1NUA0VwZ4RUZ5tmAi5zA4RaplNKAlWwZ&#038;v=2\" async><\/script><\/p>\n<div style=\"text-align: justify;\"><\/p>\n<div class=\"col-lg-9 col-md-8 col-xs-10 mt20 mb20\">\n<div class=\"col-xs-12 surveyNameForRating\"><\/div>\n<\/div>\n<\/div>\n<\/div>\n<\/div>\n<\/div>\n<p>[\/et_pb_testimonial][\/et_pb_column][et_pb_column type=&#8221;1_2&#8243; _builder_version=&#8221;4.18.1&#8243; _module_preset=&#8221;default&#8221; global_colors_info=&#8221;{}&#8221;][et_pb_testimonial author=&#8221;Simone L.&#8221; portrait_url=&#8221;https:\/\/ag-frisch.com\/wp-content\/uploads\/2021\/08\/Harald.png&#8221; quote_icon=&#8221;off&#8221; _builder_version=&#8221;4.18.1&#8243; _module_preset=&#8221;default&#8221; body_font_size=&#8221;16px&#8221; use_background_color=&#8221;off&#8221; background_layout=&#8221;dark&#8221; global_colors_info=&#8221;{}&#8221;]<\/p>\n<p>Alles Top. Besser geht nicht. Beratung und Durchf\u00fchrung kann man nicht besser machen. Wir sind nach mehreren Bestellungen bei diesem Unternehmen mehr als zufrieden und setzen die Zusammenarbeit fort.<\/p>\n<div class=\"brow ratingBarMargin\">\n<div class=\"ratingBar\">\n<div class=\"brow\">\n<div class=\"pe-richsnippets\">\u00a0<\/div>\n<p>\n<script type=\"text\/javascript\" src=\"https:\/\/www.provenexpert.com\/widget\/richsnippet.js?u=1NUA0VwZ4RUZ5tmAi5zA4RaplNKAlWwZ&amp;v=2\" async=\"\"><\/script>\n<\/p>\n<div style=\"text-align: justify;\">\n<p>&nbsp;<\/p>\n<div class=\"col-lg-9 col-md-8 col-xs-10 mt20 mb20\">\n<div class=\"col-xs-12 surveyNameForRating\"><\/div>\n<\/div>\n<\/div>\n<\/div>\n<\/div>\n<\/div>\n<p>[\/et_pb_testimonial][\/et_pb_column][\/et_pb_row][et_pb_row _builder_version=&#8221;4.16&#8243; background_size=&#8221;initial&#8221; background_position=&#8221;top_left&#8221; background_repeat=&#8221;repeat&#8221; custom_padding=&#8221;50px|0px|30px|0px&#8221; custom_css_main_element=&#8221;text-align: center;&#8221; global_colors_info=&#8221;{}&#8221;][et_pb_column type=&#8221;4_4&#8243; _builder_version=&#8221;4.16&#8243; custom_padding=&#8221;|||&#8221; global_colors_info=&#8221;{}&#8221; custom_padding__hover=&#8221;|||&#8221;][et_pb_button button_url=&#8221;https:\/\/www.provenexpert.com\/de-de\/agentur-frisch-international-consulting-gmbh-und-co-kg\/&#8221; button_text=&#8221;MEHR BEWERTUNGEN&#8221; button_alignment=&#8221;left&#8221; admin_label=&#8221;Testimonial Button&#8221; _builder_version=&#8221;4.16&#8243; custom_button=&#8221;on&#8221; button_text_size=&#8221;18px&#8221; button_text_color=&#8221;#ffffff&#8221; button_bg_color=&#8221;#6eba01&#8243; button_border_width=&#8221;2px&#8221; button_border_color=&#8221;#6eba01&#8243; button_border_radius=&#8221;0px&#8221; button_letter_spacing=&#8221;2px&#8221; button_font=&#8221;Montserrat|||on|&#8221; button_use_icon=&#8221;off&#8221; animation_style=&#8221;fold&#8221; animation_direction=&#8221;bottom&#8221; button_text_color_hover=&#8221;#ffffff&#8221; button_border_color_hover=&#8221;#ffffff&#8221; button_border_radius_hover=&#8221;0px&#8221; button_letter_spacing_hover=&#8221;2px&#8221; button_bg_color_hover=&#8221;rgba(255,255,255,0)&#8221; locked=&#8221;off&#8221; global_colors_info=&#8221;{}&#8221; button_text_size__hover_enabled=&#8221;off&#8221; button_one_text_size__hover_enabled=&#8221;off&#8221; button_two_text_size__hover_enabled=&#8221;off&#8221; button_text_color__hover_enabled=&#8221;on&#8221; button_text_color__hover=&#8221;#ffffff&#8221; button_one_text_color__hover_enabled=&#8221;off&#8221; button_two_text_color__hover_enabled=&#8221;off&#8221; button_border_width__hover_enabled=&#8221;off&#8221; button_one_border_width__hover_enabled=&#8221;off&#8221; button_two_border_width__hover_enabled=&#8221;off&#8221; button_border_color__hover_enabled=&#8221;on&#8221; button_border_color__hover=&#8221;#ffffff&#8221; button_one_border_color__hover_enabled=&#8221;off&#8221; button_two_border_color__hover_enabled=&#8221;off&#8221; button_border_radius__hover_enabled=&#8221;on&#8221; button_border_radius__hover=&#8221;0px&#8221; button_one_border_radius__hover_enabled=&#8221;off&#8221; button_two_border_radius__hover_enabled=&#8221;off&#8221; button_letter_spacing__hover_enabled=&#8221;on&#8221; button_letter_spacing__hover=&#8221;2px&#8221; button_one_letter_spacing__hover_enabled=&#8221;off&#8221; button_two_letter_spacing__hover_enabled=&#8221;off&#8221; button_bg_color__hover_enabled=&#8221;on&#8221; button_bg_color__hover=&#8221;rgba(255,255,255,0)&#8221; button_one_bg_color__hover_enabled=&#8221;off&#8221; button_two_bg_color__hover_enabled=&#8221;off&#8221;][\/et_pb_button][\/et_pb_column][\/et_pb_row][\/et_pb_section]<\/p>\n","protected":false},"excerpt":{"rendered":"<p>Die Agentur Frisch unterst\u00fctzt Sie beim Import von Lebensmitteln und Bio-Produkten aus China.\u00a0K\u00f6stliche Lebensmittel aus China importieren Lebensmittel, Spezialit\u00e4ten und Nudeln aus China Die chinesische K\u00fcche erfreut sich seit Jahrzehnten gr\u00f6\u00dfter Beliebtheit in Deutschland. Daher bieten wir gern den Bezug von Lebensmitteln aus China \u00fcber unsere Handelspartner an. Doch nicht nur asiatische Lebensmittel k\u00f6nnen Sie [&hellip;]<\/p>\n","protected":false},"author":2,"featured_media":0,"parent":0,"menu_order":0,"comment_status":"closed","ping_status":"closed","template":"","meta":{"_et_pb_use_builder":"on","_et_pb_old_content":"","_et_gb_content_width":"","footnotes":""},"class_list":["post-2114","page","type-page","status-publish","hentry"],"yoast_head":"<!-- This site is optimized with the Yoast SEO plugin v27.4 - https:\/\/yoast.com\/product\/yoast-seo-wordpress\/ -->\n<title>Lebensmittel aus China | China-Import von Lebensmitteln<\/title>\n<meta name=\"description\" content=\"Lebensmittel und Spezialit\u00e4ten aus China importieren \u25ba Import von vielen k\u00f6stlichen Waren aus China \u2714 Feinkost \u2714 Getr\u00e4nke \u25ba Jetzt beraten lassen!\" \/>\n<meta name=\"robots\" content=\"index, follow, max-snippet:-1, max-image-preview:large, max-video-preview:-1\" \/>\n<link rel=\"canonical\" href=\"https:\/\/ag-frisch.com\/de\/lebensmittel-aus-china-importieren\/\" \/>\n<meta property=\"og:locale\" content=\"de_DE\" \/>\n<meta property=\"og:type\" content=\"article\" \/>\n<meta property=\"og:title\" content=\"Lebensmittel aus China | China-Import von Lebensmitteln\" \/>\n<meta property=\"og:description\" content=\"Lebensmittel und Spezialit\u00e4ten aus China importieren \u25ba Import von vielen k\u00f6stlichen Waren aus China \u2714 Feinkost \u2714 Getr\u00e4nke \u25ba Jetzt beraten lassen!\" \/>\n<meta property=\"og:url\" content=\"https:\/\/ag-frisch.com\/de\/lebensmittel-aus-china-importieren\/\" \/>\n<meta property=\"og:site_name\" content=\"China Import Beratung f\u00fcr den Einkauf aus China\" \/>\n<meta property=\"article:publisher\" content=\"https:\/\/www.facebook.com\/China.Import\" \/>\n<meta property=\"article:modified_time\" content=\"2023-03-17T19:22:39+00:00\" \/>\n<meta name=\"twitter:card\" content=\"summary_large_image\" \/>\n<meta name=\"twitter:site\" content=\"@agenturfrisch\" \/>\n<script type=\"application\/ld+json\" class=\"yoast-schema-graph\">{\"@context\":\"https:\\\/\\\/schema.org\",\"@graph\":[{\"@type\":\"WebPage\",\"@id\":\"https:\\\/\\\/ag-frisch.com\\\/de\\\/lebensmittel-aus-china-importieren\\\/\",\"url\":\"https:\\\/\\\/ag-frisch.com\\\/de\\\/lebensmittel-aus-china-importieren\\\/\",\"name\":\"Lebensmittel aus China | China-Import von Lebensmitteln\",\"isPartOf\":{\"@id\":\"https:\\\/\\\/ag-frisch.com\\\/de\\\/#website\"},\"datePublished\":\"2022-05-12T05:00:23+00:00\",\"dateModified\":\"2023-03-17T19:22:39+00:00\",\"description\":\"Lebensmittel und Spezialit\u00e4ten aus China importieren \u25ba Import von vielen k\u00f6stlichen Waren aus China \u2714 Feinkost \u2714 Getr\u00e4nke \u25ba Jetzt beraten lassen!\",\"breadcrumb\":{\"@id\":\"https:\\\/\\\/ag-frisch.com\\\/de\\\/lebensmittel-aus-china-importieren\\\/#breadcrumb\"},\"inLanguage\":\"de\",\"potentialAction\":[{\"@type\":\"ReadAction\",\"target\":[\"https:\\\/\\\/ag-frisch.com\\\/de\\\/lebensmittel-aus-china-importieren\\\/\"]}]},{\"@type\":\"BreadcrumbList\",\"@id\":\"https:\\\/\\\/ag-frisch.com\\\/de\\\/lebensmittel-aus-china-importieren\\\/#breadcrumb\",\"itemListElement\":[{\"@type\":\"ListItem\",\"position\":1,\"name\":\"Startseite\",\"item\":\"https:\\\/\\\/ag-frisch.com\\\/de\\\/\"},{\"@type\":\"ListItem\",\"position\":2,\"name\":\"Lebensmittel aus China\"}]},{\"@type\":\"WebSite\",\"@id\":\"https:\\\/\\\/ag-frisch.com\\\/de\\\/#website\",\"url\":\"https:\\\/\\\/ag-frisch.com\\\/de\\\/\",\"name\":\"China Import Beratung f\u00fcr den Einkauf aus China\",\"description\":\"China Import &amp; Export Beratung - Der Dienstleister Ihres Vertrauens f\u00fcr Ihren China Import\",\"publisher\":{\"@id\":\"https:\\\/\\\/ag-frisch.com\\\/de\\\/#organization\"},\"potentialAction\":[{\"@type\":\"SearchAction\",\"target\":{\"@type\":\"EntryPoint\",\"urlTemplate\":\"https:\\\/\\\/ag-frisch.com\\\/de\\\/?s={search_term_string}\"},\"query-input\":{\"@type\":\"PropertyValueSpecification\",\"valueRequired\":true,\"valueName\":\"search_term_string\"}}],\"inLanguage\":\"de\"},{\"@type\":\"Organization\",\"@id\":\"https:\\\/\\\/ag-frisch.com\\\/de\\\/#organization\",\"name\":\"Agentur Frisch International Consulting GmbH & Co. KG\",\"url\":\"https:\\\/\\\/ag-frisch.com\\\/de\\\/\",\"logo\":{\"@type\":\"ImageObject\",\"inLanguage\":\"de\",\"@id\":\"https:\\\/\\\/ag-frisch.com\\\/de\\\/#\\\/schema\\\/logo\\\/image\\\/\",\"url\":\"https:\\\/\\\/ag-frisch.com\\\/wp-content\\\/uploads\\\/2021\\\/08\\\/ag_logo_rgb_300_small.png\",\"contentUrl\":\"https:\\\/\\\/ag-frisch.com\\\/wp-content\\\/uploads\\\/2021\\\/08\\\/ag_logo_rgb_300_small.png\",\"width\":153,\"height\":102,\"caption\":\"Agentur Frisch International Consulting GmbH & Co. KG\"},\"image\":{\"@id\":\"https:\\\/\\\/ag-frisch.com\\\/de\\\/#\\\/schema\\\/logo\\\/image\\\/\"},\"sameAs\":[\"https:\\\/\\\/www.facebook.com\\\/China.Import\",\"https:\\\/\\\/x.com\\\/agenturfrisch\"]}]}<\/script>\n<!-- \/ Yoast SEO plugin. -->","yoast_head_json":{"title":"Lebensmittel aus China | China-Import von Lebensmitteln","description":"Lebensmittel und Spezialit\u00e4ten aus China importieren \u25ba Import von vielen k\u00f6stlichen Waren aus China \u2714 Feinkost \u2714 Getr\u00e4nke \u25ba Jetzt beraten lassen!","robots":{"index":"index","follow":"follow","max-snippet":"max-snippet:-1","max-image-preview":"max-image-preview:large","max-video-preview":"max-video-preview:-1"},"canonical":"https:\/\/ag-frisch.com\/de\/lebensmittel-aus-china-importieren\/","og_locale":"de_DE","og_type":"article","og_title":"Lebensmittel aus China | China-Import von Lebensmitteln","og_description":"Lebensmittel und Spezialit\u00e4ten aus China importieren \u25ba Import von vielen k\u00f6stlichen Waren aus China \u2714 Feinkost \u2714 Getr\u00e4nke \u25ba Jetzt beraten lassen!","og_url":"https:\/\/ag-frisch.com\/de\/lebensmittel-aus-china-importieren\/","og_site_name":"China Import Beratung f\u00fcr den Einkauf aus China","article_publisher":"https:\/\/www.facebook.com\/China.Import","article_modified_time":"2023-03-17T19:22:39+00:00","twitter_card":"summary_large_image","twitter_site":"@agenturfrisch","schema":{"@context":"https:\/\/schema.org","@graph":[{"@type":"WebPage","@id":"https:\/\/ag-frisch.com\/de\/lebensmittel-aus-china-importieren\/","url":"https:\/\/ag-frisch.com\/de\/lebensmittel-aus-china-importieren\/","name":"Lebensmittel aus China | China-Import von Lebensmitteln","isPartOf":{"@id":"https:\/\/ag-frisch.com\/de\/#website"},"datePublished":"2022-05-12T05:00:23+00:00","dateModified":"2023-03-17T19:22:39+00:00","description":"Lebensmittel und Spezialit\u00e4ten aus China importieren \u25ba Import von vielen k\u00f6stlichen Waren aus China \u2714 Feinkost \u2714 Getr\u00e4nke \u25ba Jetzt beraten lassen!","breadcrumb":{"@id":"https:\/\/ag-frisch.com\/de\/lebensmittel-aus-china-importieren\/#breadcrumb"},"inLanguage":"de","potentialAction":[{"@type":"ReadAction","target":["https:\/\/ag-frisch.com\/de\/lebensmittel-aus-china-importieren\/"]}]},{"@type":"BreadcrumbList","@id":"https:\/\/ag-frisch.com\/de\/lebensmittel-aus-china-importieren\/#breadcrumb","itemListElement":[{"@type":"ListItem","position":1,"name":"Startseite","item":"https:\/\/ag-frisch.com\/de\/"},{"@type":"ListItem","position":2,"name":"Lebensmittel aus China"}]},{"@type":"WebSite","@id":"https:\/\/ag-frisch.com\/de\/#website","url":"https:\/\/ag-frisch.com\/de\/","name":"China Import Beratung f\u00fcr den Einkauf aus China","description":"China Import &amp; Export Beratung - Der Dienstleister Ihres Vertrauens f\u00fcr Ihren China Import","publisher":{"@id":"https:\/\/ag-frisch.com\/de\/#organization"},"potentialAction":[{"@type":"SearchAction","target":{"@type":"EntryPoint","urlTemplate":"https:\/\/ag-frisch.com\/de\/?s={search_term_string}"},"query-input":{"@type":"PropertyValueSpecification","valueRequired":true,"valueName":"search_term_string"}}],"inLanguage":"de"},{"@type":"Organization","@id":"https:\/\/ag-frisch.com\/de\/#organization","name":"Agentur Frisch International Consulting GmbH & Co. KG","url":"https:\/\/ag-frisch.com\/de\/","logo":{"@type":"ImageObject","inLanguage":"de","@id":"https:\/\/ag-frisch.com\/de\/#\/schema\/logo\/image\/","url":"https:\/\/ag-frisch.com\/wp-content\/uploads\/2021\/08\/ag_logo_rgb_300_small.png","contentUrl":"https:\/\/ag-frisch.com\/wp-content\/uploads\/2021\/08\/ag_logo_rgb_300_small.png","width":153,"height":102,"caption":"Agentur Frisch International Consulting GmbH & Co. KG"},"image":{"@id":"https:\/\/ag-frisch.com\/de\/#\/schema\/logo\/image\/"},"sameAs":["https:\/\/www.facebook.com\/China.Import","https:\/\/x.com\/agenturfrisch"]}]}},"_links":{"self":[{"href":"https:\/\/ag-frisch.com\/de\/wp-json\/wp\/v2\/pages\/2114","targetHints":{"allow":["GET"]}}],"collection":[{"href":"https:\/\/ag-frisch.com\/de\/wp-json\/wp\/v2\/pages"}],"about":[{"href":"https:\/\/ag-frisch.com\/de\/wp-json\/wp\/v2\/types\/page"}],"author":[{"embeddable":true,"href":"https:\/\/ag-frisch.com\/de\/wp-json\/wp\/v2\/users\/2"}],"replies":[{"embeddable":true,"href":"https:\/\/ag-frisch.com\/de\/wp-json\/wp\/v2\/comments?post=2114"}],"version-history":[{"count":0,"href":"https:\/\/ag-frisch.com\/de\/wp-json\/wp\/v2\/pages\/2114\/revisions"}],"wp:attachment":[{"href":"https:\/\/ag-frisch.com\/de\/wp-json\/wp\/v2\/media?parent=2114"}],"curies":[{"name":"wp","href":"https:\/\/api.w.org\/{rel}","templated":true}]}}