{"id":2122,"date":"2022-05-12T07:09:47","date_gmt":"2022-05-12T05:09:47","guid":{"rendered":"https:\/\/ag-frisch.com\/?page_id=2122"},"modified":"2025-03-10T16:50:34","modified_gmt":"2025-03-10T15:50:34","slug":"musikinstrumente-aus-china","status":"publish","type":"page","link":"https:\/\/ag-frisch.com\/de\/musikinstrumente-aus-china\/","title":{"rendered":"Musikinstrumente aus China"},"content":{"rendered":"<p>[et_pb_section fb_built=&#8221;1&#8243; _builder_version=&#8221;4.16&#8243; _module_preset=&#8221;default&#8221; global_colors_info=&#8221;{}&#8221;][et_pb_row _builder_version=&#8221;4.18.1&#8243; _module_preset=&#8221;default&#8221; global_colors_info=&#8221;{}&#8221;][et_pb_column type=&#8221;4_4&#8243; _builder_version=&#8221;4.18.1&#8243; _module_preset=&#8221;default&#8221; global_colors_info=&#8221;{}&#8221;][et_pb_cta title=&#8221;China Import Beratung&#8221; button_url=&#8221;\/kontakt\/&#8221; button_text=&#8221;Jetzt Beratung buchen&#8221; _builder_version=&#8221;4.16&#8243; _module_preset=&#8221;default&#8221; global_colors_info=&#8221;{}&#8221;]<\/p>\n<p>Durch die Beratung der China Import Agentur Frisch gelingt Ihnen das China Gesch\u00e4ft wie bei den Profis.\u00a0<\/p>\n<p>[\/et_pb_cta][\/et_pb_column][\/et_pb_row][et_pb_row _builder_version=&#8221;4.16&#8243; _module_preset=&#8221;default&#8221; global_colors_info=&#8221;{}&#8221;][et_pb_column type=&#8221;4_4&#8243; _builder_version=&#8221;4.16&#8243; _module_preset=&#8221;default&#8221; global_colors_info=&#8221;{}&#8221;][et_pb_text _builder_version=&#8221;4.27.2&#8243; _module_preset=&#8221;default&#8221; hover_enabled=&#8221;0&#8243; global_colors_info=&#8221;{}&#8221; sticky_enabled=&#8221;0&#8243;]<\/p>\n<h1>Musikinstrumente und Musikbedarf aus China: Direktimport mit Qualit\u00e4t<\/h1>\n<p><strong>Instrumente und Musikerbedarf direkt aus China<\/strong><\/p>\n<p>Bei Instrumenten kommt es auf saubere Produktionsweise an. Der Kunde will optimale akustische Ergebnisse aus Ihren Produkten erhalten. Die Agentur Frisch arbeitet daher mit Herstellern aus China zusammen, die eine gewisse Qualit\u00e4t sicher einhalten k\u00f6nnen. Welche Anspr\u00fcche Sie genau an Ihre bestellten Waren haben, vom praktischen Durchschnitt bis zum absoluten Profi-Musikinstrument, besprechen Sie am besten mit uns pers\u00f6nlich. In einer ersten Beratung kl\u00e4ren wir, was Sie brauchen und was wir in Sachen China-Import im Bereich Musikalien f\u00fcr Sie tun k\u00f6nnen \u2013 g\u00fcnstige Preise und top Service inklusive.<\/p>\n<p>&nbsp;<\/p>\n<p><strong>Saiteninstrumente aus China f\u00fcr jeden Anspruch<\/strong><\/p>\n<p>Die Stradivari-Geige, das sagenumwobene Super-Instrument aus der Geigenbauer-Familie in Italien werden Sie von uns im China-Import nicht bekommen. Daf\u00fcr k\u00f6nnen Sie \u00fcber unsere Hersteller Saiteninstrumente beziehen, die in der Qualit\u00e4t durchaus an gehobene westliche Anspr\u00fcche heranreichen und dabei einen Bruchteil der hierzulande hergestellten Instrumente kosten. Als Gro\u00dfh\u00e4ndler werden Sie die Vorteile eines guten China-Imports sicher zu sch\u00e4tzen wissen. Zu den Saiteninstrumenten aus China, die Sie \u00fcber uns bekommen k\u00f6nnen, geh\u00f6ren unter anderem:<\/p>\n<ul>\n<li>Geige und Viola<\/li>\n<li>Gitarre (E-Gitarre und Akustikgitarre)<\/li>\n<li>Harfe<\/li>\n<li>Bass<\/li>\n<li>Ukulele<\/li>\n<li>Historische Saiteninstrumente (Lyra, Leier)<\/li>\n<\/ul>\n<p>&nbsp;<\/p>\n<p><strong>Tasteninstrumente von klein bis gro\u00df<\/strong><\/p>\n<p>Nat\u00fcrlich bieten wir Ihnen bei unseren Musikinstrumenten aus China auch Tasteninstrumente an. Von der handlichen Melodica f\u00fcr den Nachwuchs \u00fcber Keyboards f\u00fcr unterschiedliche Gebrauchsklassen bis hin zum Konzertfl\u00fcgel k\u00f6nnen Sie \u00fcber uns alle Tasteninstrumente f\u00fcr Ihre Kundschaft beziehen. Sicher verpackt und sauber gestimmt, damit Sie mit Ihrem China-Import \u00fcber die Agentur Frisch so rundum zufrieden sind wie unsere vielen zufriedenen Stammkunden!<\/p>\n<p>&nbsp;<\/p>\n<p><strong>Instrumente aus China: Blasinstrumente importieren<\/strong><\/p>\n<p>China selbst hat eine reichhaltige Historie an wunderbaren Instrumenten, und es gibt im Land viele Produzenten erstklassiger Musikalien. Musik ist ein wichtiger Bestandteil der chinesischen Kultur. Dazu geh\u00f6ren auch Blasinstrumente. Daher nimmt es kein Wunder, dass Sie im Sortiment unserer Instrumente aus China auch Blasinstrumente finden, zum Beispiel:<\/p>\n<ul>\n<li>Fl\u00f6ten (z.B. Blockfl\u00f6ten, Querfl\u00f6ten)<\/li>\n<li>H\u00f6rner (z.B. Althorn, Fl\u00fcgelhorn, Jagdhorn, Waldhorn)<\/li>\n<li>Saxophone<\/li>\n<li>Trompeten<\/li>\n<li>Tuba<\/li>\n<li>Oboe<\/li>\n<li>Posaune<\/li>\n<\/ul>\n<p>&nbsp;<\/p>\n<p><strong>Instrumente aus China f\u00fcr die lieben Kleinen<\/strong><\/p>\n<p>Nat\u00fcrlich f\u00fchren wir neben den Instrumenten aus China f\u00fcr Erwachsene auch Musikinstrumente speziell f\u00fcr Kinder. Rasseln und Blockfl\u00f6ten, Ukulelen und Trommeln, aber auch Geigen und Gitarren in den Gr\u00f6\u00dfen 1\/8, 1\/4, 1\/2, 3\/4 sind zu besten Preisen und in guter Qualit\u00e4t \u00fcber die mit uns verbundenen Produzenten zu erhalten.<\/p>\n<p>&nbsp;<\/p>\n<p><strong>Musikbedarf aus China bestellen &#8211; Zubeh\u00f6r und Studioequipment<\/strong><\/p>\n<p>Vom Plektrum bis zur kompletten Einrichtung f\u00fcr Tonstudios k\u00f6nnen Sie \u00fcber die Agentur Frisch praktisch alles aus dem Bereich Musikbedarf aus China beziehen. Auch hier empfiehlt es sich, Sie sprechen uns einfach an und wir kl\u00e4ren in einem Beratungsgespr\u00e4ch, was wir f\u00fcr Sie tun k\u00f6nnen.<\/p>\n<p>&nbsp;<\/p>\n<p><strong>Agentur Frisch: Eine Agentur, alle Leistungen<\/strong><\/p>\n<p>Wenn Sie sich f\u00fcr uns als Ihren Importeur von Musikbedarf aus China entscheiden, f\u00fchren wir auf Wunsch den gesamten Import-Prozess f\u00fcr Sie durch. Von der Auswahl des Herstellers \u00fcber die Vertragsverhandlungen, Inspektionen und Qualit\u00e4tskontrollen, bis hin zum kompletten Transportprozess und auch der Lagerung auf deutschem Boden.<\/p>\n<p>Dabei arbeiten wir neben den handverlesenen Produzenten haupts\u00e4chlich mit Tochterunternehmen zusammen, um h\u00f6chste Qualit\u00e4t und reibungslose Abl\u00e4ufe erm\u00f6glichen zu k\u00f6nnen. Das bietet f\u00fcr Sie den Vorteil, dass Sie einen festen, verl\u00e4sslichen Ansprechpartner haben, und sich auf Wunsch um nichts mehr k\u00fcmmern m\u00fcssen.<\/p>\n<p>&nbsp;<\/p>\n<p><strong>Wir sind Ihr Full-Service-Dienstleister im Bereich China-Import!<\/strong><\/p>\n<p>[\/et_pb_text][\/et_pb_column][\/et_pb_row][\/et_pb_section][et_pb_section fb_built=&#8221;1&#8243; admin_label=&#8221;Testimonials&#8221; _builder_version=&#8221;4.16&#8243; use_background_color_gradient=&#8221;on&#8221; background_color_gradient_stops=&#8221;rgba(0,106,156,0.85) 0%|rgba(0,106,156,0.85) 100%&#8221; background_color_gradient_start=&#8221;rgba(0,106,156,0.85)&#8221; background_color_gradient_end=&#8221;rgba(0,106,156,0.85)&#8221; custom_padding=&#8221;90px||60px|&#8221; animation_style=&#8221;fold&#8221; animation_direction=&#8221;bottom&#8221; animation_intensity_fold=&#8221;4%&#8221; global_colors_info=&#8221;{}&#8221;][et_pb_row _builder_version=&#8221;4.16&#8243; background_size=&#8221;initial&#8221; background_position=&#8221;top_left&#8221; background_repeat=&#8221;repeat&#8221; custom_width_px=&#8221;710px&#8221; locked=&#8221;off&#8221; global_colors_info=&#8221;{}&#8221;][et_pb_column type=&#8221;4_4&#8243; _builder_version=&#8221;4.16&#8243; background_position=&#8221;top_left&#8221; custom_padding=&#8221;|||&#8221; global_colors_info=&#8221;{}&#8221; custom_padding__hover=&#8221;|||&#8221;][et_pb_text admin_label=&#8221;Testimonials Section Title&#8221; _builder_version=&#8221;4.16&#8243; header_font=&#8221;Montserrat||||&#8221; header_font_size=&#8221;36px&#8221; background_size=&#8221;initial&#8221; background_position=&#8221;top_left&#8221; background_repeat=&#8221;repeat&#8221; text_orientation=&#8221;center&#8221; background_layout=&#8221;dark&#8221; max_width=&#8221;710px&#8221; module_alignment=&#8221;center&#8221; animation_style=&#8221;fold&#8221; animation_direction=&#8221;bottom&#8221; animation_intensity_fold=&#8221;20%&#8221; global_colors_info=&#8221;{}&#8221;]<\/p>\n<h1>\u00dcber 5000 zufriedene Kunden.<\/h1>\n<p>&nbsp;<\/p>\n<p>[\/et_pb_text][et_pb_divider color=&#8221;#ffffff&#8221; divider_weight=&#8221;3px&#8221; disabled_on=&#8221;off|off|off&#8221; _builder_version=&#8221;4.16&#8243; background_color_gradient_direction=&#8221;90deg&#8221; max_width=&#8221;100px&#8221; module_alignment=&#8221;center&#8221; height=&#8221;5px&#8221; custom_margin=&#8221;||20px|&#8221; custom_padding=&#8221;||20px|&#8221; animation_style=&#8221;slide&#8221; animation_direction=&#8221;bottom&#8221; saved_tabs=&#8221;all&#8221; locked=&#8221;off&#8221; global_colors_info=&#8221;{}&#8221;][\/et_pb_divider][\/et_pb_column][\/et_pb_row][et_pb_row column_structure=&#8221;1_2,1_2&#8243; _builder_version=&#8221;4.18.1&#8243; _module_preset=&#8221;default&#8221; global_colors_info=&#8221;{}&#8221;][et_pb_column type=&#8221;1_2&#8243; _builder_version=&#8221;4.18.1&#8243; _module_preset=&#8221;default&#8221; global_colors_info=&#8221;{}&#8221;][et_pb_testimonial author=&#8221;Marco&#8221; portrait_url=&#8221;https:\/\/ag-frisch.com\/wp-content\/uploads\/2021\/08\/Harald.png&#8221; quote_icon=&#8221;off&#8221; _builder_version=&#8221;4.18.1&#8243; _module_preset=&#8221;default&#8221; body_font_size=&#8221;16px&#8221; use_background_color=&#8221;off&#8221; background_layout=&#8221;dark&#8221; global_colors_info=&#8221;{}&#8221;]Ich habe die Agentur Frisch beauftragt ein gr\u00f6\u00dferes M\u00f6belst\u00fcck in China produzieren zu lassen um es dann folglich nach Deutschland zu \u00fcberf\u00fchren. Per Mail erfolgte die ganze Zeit \u00fcber eine reibungslose Kommunikation! Sehr schnelle und zuverl\u00e4ssige Antworten vermittelten mir st\u00e4ndig die Sicherheiten, die bei so einen Unterfangen unerl\u00e4sslich sind. Jederzeit wurde mir durch den B\u00fcrokratiedschungel geholfen und dabei wurden keine Formulare vergessen oder falsch ausgef\u00fcllt. Sehr lobenswert!<a href=\"&lt;div class=&quot;pe-richsnippets&quot;&gt;&amp;nbsp;&lt;\/div&gt; &lt;script type=&quot;text\/javascript&quot; src=&quot;https:\/\/www.provenexpert.com\/widget\/richsnippet.js?u=1NUA0VwZ4RUZ5tmAi5zA4RaplNKAlWwZ&amp;v=2&quot; async&gt;&lt;\/script&gt; &lt;div style=&quot;text-align: justify;&quot;&gt;&lt;br \/&gt;\"><\/a><\/p>\n<div class=\"brow ratingBarMargin\">\n<div class=\"ratingBar\">\n<div class=\"brow\">\n<div class=\"pe-richsnippets\">&nbsp;<\/div>\n<p><script type=\"text\/javascript\" src=\"https:\/\/www.provenexpert.com\/widget\/richsnippet.js?u=1NUA0VwZ4RUZ5tmAi5zA4RaplNKAlWwZ&#038;v=2\" async><\/script><\/p>\n<div style=\"text-align: justify;\"><\/p>\n<div class=\"col-lg-9 col-md-8 col-xs-10 mt20 mb20\">\n<div class=\"col-xs-12 surveyNameForRating\"><\/div>\n<\/div>\n<\/div>\n<\/div>\n<\/div>\n<\/div>\n<p>[\/et_pb_testimonial][\/et_pb_column][et_pb_column type=&#8221;1_2&#8243; _builder_version=&#8221;4.18.1&#8243; _module_preset=&#8221;default&#8221; global_colors_info=&#8221;{}&#8221;][et_pb_testimonial author=&#8221;Simone L.&#8221; portrait_url=&#8221;https:\/\/ag-frisch.com\/wp-content\/uploads\/2021\/08\/Harald.png&#8221; quote_icon=&#8221;off&#8221; _builder_version=&#8221;4.18.1&#8243; _module_preset=&#8221;default&#8221; body_font_size=&#8221;16px&#8221; use_background_color=&#8221;off&#8221; background_layout=&#8221;dark&#8221; global_colors_info=&#8221;{}&#8221;]<\/p>\n<p>Alles Top. Besser geht nicht. Beratung und Durchf\u00fchrung kann man nicht besser machen. Wir sind nach mehreren Bestellungen bei diesem Unternehmen mehr als zufrieden und setzen die Zusammenarbeit fort.<\/p>\n<div class=\"brow ratingBarMargin\">\n<div class=\"ratingBar\">\n<div class=\"brow\">\n<div class=\"pe-richsnippets\">\u00a0<\/div>\n<p>\n<script type=\"text\/javascript\" src=\"https:\/\/www.provenexpert.com\/widget\/richsnippet.js?u=1NUA0VwZ4RUZ5tmAi5zA4RaplNKAlWwZ&amp;v=2\" async=\"\"><\/script>\n<\/p>\n<div style=\"text-align: justify;\">\n<p>&nbsp;<\/p>\n<div class=\"col-lg-9 col-md-8 col-xs-10 mt20 mb20\">\n<div class=\"col-xs-12 surveyNameForRating\"><\/div>\n<\/div>\n<\/div>\n<\/div>\n<\/div>\n<\/div>\n<p>[\/et_pb_testimonial][\/et_pb_column][\/et_pb_row][et_pb_row _builder_version=&#8221;4.16&#8243; background_size=&#8221;initial&#8221; background_position=&#8221;top_left&#8221; background_repeat=&#8221;repeat&#8221; custom_padding=&#8221;50px|0px|30px|0px&#8221; custom_css_main_element=&#8221;text-align: center;&#8221; global_colors_info=&#8221;{}&#8221;][et_pb_column type=&#8221;4_4&#8243; _builder_version=&#8221;4.16&#8243; custom_padding=&#8221;|||&#8221; global_colors_info=&#8221;{}&#8221; custom_padding__hover=&#8221;|||&#8221;][et_pb_button button_url=&#8221;https:\/\/www.provenexpert.com\/de-de\/agentur-frisch-international-consulting-gmbh-und-co-kg\/&#8221; button_text=&#8221;MEHR BEWERTUNGEN&#8221; button_alignment=&#8221;left&#8221; admin_label=&#8221;Testimonial Button&#8221; _builder_version=&#8221;4.16&#8243; custom_button=&#8221;on&#8221; button_text_size=&#8221;18px&#8221; button_text_color=&#8221;#ffffff&#8221; button_bg_color=&#8221;#6eba01&#8243; button_border_width=&#8221;2px&#8221; button_border_color=&#8221;#6eba01&#8243; button_border_radius=&#8221;0px&#8221; button_letter_spacing=&#8221;2px&#8221; button_font=&#8221;Montserrat|||on|&#8221; button_use_icon=&#8221;off&#8221; animation_style=&#8221;fold&#8221; animation_direction=&#8221;bottom&#8221; button_text_color_hover=&#8221;#ffffff&#8221; button_border_color_hover=&#8221;#ffffff&#8221; button_border_radius_hover=&#8221;0px&#8221; button_letter_spacing_hover=&#8221;2px&#8221; button_bg_color_hover=&#8221;rgba(255,255,255,0)&#8221; locked=&#8221;off&#8221; global_colors_info=&#8221;{}&#8221; button_text_size__hover_enabled=&#8221;off&#8221; button_one_text_size__hover_enabled=&#8221;off&#8221; button_two_text_size__hover_enabled=&#8221;off&#8221; button_text_color__hover_enabled=&#8221;on&#8221; button_text_color__hover=&#8221;#ffffff&#8221; button_one_text_color__hover_enabled=&#8221;off&#8221; button_two_text_color__hover_enabled=&#8221;off&#8221; button_border_width__hover_enabled=&#8221;off&#8221; button_one_border_width__hover_enabled=&#8221;off&#8221; button_two_border_width__hover_enabled=&#8221;off&#8221; button_border_color__hover_enabled=&#8221;on&#8221; button_border_color__hover=&#8221;#ffffff&#8221; button_one_border_color__hover_enabled=&#8221;off&#8221; button_two_border_color__hover_enabled=&#8221;off&#8221; button_border_radius__hover_enabled=&#8221;on&#8221; button_border_radius__hover=&#8221;0px&#8221; button_one_border_radius__hover_enabled=&#8221;off&#8221; button_two_border_radius__hover_enabled=&#8221;off&#8221; button_letter_spacing__hover_enabled=&#8221;on&#8221; button_letter_spacing__hover=&#8221;2px&#8221; button_one_letter_spacing__hover_enabled=&#8221;off&#8221; button_two_letter_spacing__hover_enabled=&#8221;off&#8221; button_bg_color__hover_enabled=&#8221;on&#8221; button_bg_color__hover=&#8221;rgba(255,255,255,0)&#8221; button_one_bg_color__hover_enabled=&#8221;off&#8221; button_two_bg_color__hover_enabled=&#8221;off&#8221;][\/et_pb_button][\/et_pb_column][\/et_pb_row][\/et_pb_section]<\/p>\n","protected":false},"excerpt":{"rendered":"<p>Durch die Beratung der China Import Agentur Frisch gelingt Ihnen das China Gesch\u00e4ft wie bei den Profis.\u00a0Musikinstrumente und Musikbedarf aus China: Direktimport mit Qualit\u00e4t Instrumente und Musikerbedarf direkt aus China Bei Instrumenten kommt es auf saubere Produktionsweise an. Der Kunde will optimale akustische Ergebnisse aus Ihren Produkten erhalten. Die Agentur Frisch arbeitet daher mit Herstellern [&hellip;]<\/p>\n","protected":false},"author":2,"featured_media":0,"parent":0,"menu_order":0,"comment_status":"closed","ping_status":"closed","template":"","meta":{"_et_pb_use_builder":"on","_et_pb_old_content":"","_et_gb_content_width":"","footnotes":""},"class_list":["post-2122","page","type-page","status-publish","hentry"],"yoast_head":"<!-- This site is optimized with the Yoast SEO plugin v27.2 - https:\/\/yoast.com\/product\/yoast-seo-wordpress\/ -->\n<title>Musikinstrumente aus China - Top-Qualit\u00e4t zu g\u00fcnstigen Preisen<\/title>\n<meta name=\"description\" content=\"Musikinstrumente aus China - Vielf\u00e4ltige Auswahl an Instrumenten &amp; Zubeh\u00f6r \u2714 Sorgf\u00e4ltige Qualit\u00e4tskontrollen &amp; schneller Transport \u25ba Jetzt beraten lassen!\" \/>\n<meta name=\"robots\" content=\"index, follow, max-snippet:-1, max-image-preview:large, max-video-preview:-1\" \/>\n<link rel=\"canonical\" href=\"https:\/\/ag-frisch.com\/de\/musikinstrumente-aus-china\/\" \/>\n<meta property=\"og:locale\" content=\"de_DE\" \/>\n<meta property=\"og:type\" content=\"article\" \/>\n<meta property=\"og:title\" content=\"Musikinstrumente aus China - Top-Qualit\u00e4t zu g\u00fcnstigen Preisen\" \/>\n<meta property=\"og:description\" content=\"Musikinstrumente aus China - Vielf\u00e4ltige Auswahl an Instrumenten &amp; Zubeh\u00f6r \u2714 Sorgf\u00e4ltige Qualit\u00e4tskontrollen &amp; schneller Transport \u25ba Jetzt beraten lassen!\" \/>\n<meta property=\"og:url\" content=\"https:\/\/ag-frisch.com\/de\/musikinstrumente-aus-china\/\" \/>\n<meta property=\"og:site_name\" content=\"China Import Beratung f\u00fcr den Einkauf aus China\" \/>\n<meta property=\"article:publisher\" content=\"https:\/\/www.facebook.com\/China.Import\" \/>\n<meta property=\"article:modified_time\" content=\"2025-03-10T15:50:34+00:00\" \/>\n<meta name=\"twitter:card\" content=\"summary_large_image\" \/>\n<meta name=\"twitter:site\" content=\"@agenturfrisch\" \/>\n<script type=\"application\/ld+json\" class=\"yoast-schema-graph\">{\"@context\":\"https:\/\/schema.org\",\"@graph\":[{\"@type\":\"WebPage\",\"@id\":\"https:\/\/ag-frisch.com\/de\/musikinstrumente-aus-china\/\",\"url\":\"https:\/\/ag-frisch.com\/de\/musikinstrumente-aus-china\/\",\"name\":\"Musikinstrumente aus China - Top-Qualit\u00e4t zu g\u00fcnstigen Preisen\",\"isPartOf\":{\"@id\":\"https:\/\/ag-frisch.com\/de\/#website\"},\"datePublished\":\"2022-05-12T05:09:47+00:00\",\"dateModified\":\"2025-03-10T15:50:34+00:00\",\"description\":\"Musikinstrumente aus China - Vielf\u00e4ltige Auswahl an Instrumenten & Zubeh\u00f6r \u2714 Sorgf\u00e4ltige Qualit\u00e4tskontrollen & schneller Transport \u25ba Jetzt beraten lassen!\",\"breadcrumb\":{\"@id\":\"https:\/\/ag-frisch.com\/de\/musikinstrumente-aus-china\/#breadcrumb\"},\"inLanguage\":\"de\",\"potentialAction\":[{\"@type\":\"ReadAction\",\"target\":[\"https:\/\/ag-frisch.com\/de\/musikinstrumente-aus-china\/\"]}]},{\"@type\":\"BreadcrumbList\",\"@id\":\"https:\/\/ag-frisch.com\/de\/musikinstrumente-aus-china\/#breadcrumb\",\"itemListElement\":[{\"@type\":\"ListItem\",\"position\":1,\"name\":\"Startseite\",\"item\":\"https:\/\/ag-frisch.com\/de\/\"},{\"@type\":\"ListItem\",\"position\":2,\"name\":\"Musikinstrumente aus China\"}]},{\"@type\":\"WebSite\",\"@id\":\"https:\/\/ag-frisch.com\/de\/#website\",\"url\":\"https:\/\/ag-frisch.com\/de\/\",\"name\":\"China Import Beratung f\u00fcr den Einkauf aus China\",\"description\":\"China Import &amp; Export Beratung - Der Dienstleister Ihres Vertrauens f\u00fcr Ihren China Import\",\"publisher\":{\"@id\":\"https:\/\/ag-frisch.com\/de\/#organization\"},\"potentialAction\":[{\"@type\":\"SearchAction\",\"target\":{\"@type\":\"EntryPoint\",\"urlTemplate\":\"https:\/\/ag-frisch.com\/de\/?s={search_term_string}\"},\"query-input\":{\"@type\":\"PropertyValueSpecification\",\"valueRequired\":true,\"valueName\":\"search_term_string\"}}],\"inLanguage\":\"de\"},{\"@type\":\"Organization\",\"@id\":\"https:\/\/ag-frisch.com\/de\/#organization\",\"name\":\"Agentur Frisch International Consulting GmbH & Co. KG\",\"url\":\"https:\/\/ag-frisch.com\/de\/\",\"logo\":{\"@type\":\"ImageObject\",\"inLanguage\":\"de\",\"@id\":\"https:\/\/ag-frisch.com\/de\/#\/schema\/logo\/image\/\",\"url\":\"https:\/\/ag-frisch.com\/wp-content\/uploads\/2021\/08\/ag_logo_rgb_300_small.png\",\"contentUrl\":\"https:\/\/ag-frisch.com\/wp-content\/uploads\/2021\/08\/ag_logo_rgb_300_small.png\",\"width\":153,\"height\":102,\"caption\":\"Agentur Frisch International Consulting GmbH & Co. KG\"},\"image\":{\"@id\":\"https:\/\/ag-frisch.com\/de\/#\/schema\/logo\/image\/\"},\"sameAs\":[\"https:\/\/www.facebook.com\/China.Import\",\"https:\/\/x.com\/agenturfrisch\"]}]}<\/script>\n<!-- \/ Yoast SEO plugin. -->","yoast_head_json":{"title":"Musikinstrumente aus China - Top-Qualit\u00e4t zu g\u00fcnstigen Preisen","description":"Musikinstrumente aus China - Vielf\u00e4ltige Auswahl an Instrumenten & Zubeh\u00f6r \u2714 Sorgf\u00e4ltige Qualit\u00e4tskontrollen & schneller Transport \u25ba Jetzt beraten lassen!","robots":{"index":"index","follow":"follow","max-snippet":"max-snippet:-1","max-image-preview":"max-image-preview:large","max-video-preview":"max-video-preview:-1"},"canonical":"https:\/\/ag-frisch.com\/de\/musikinstrumente-aus-china\/","og_locale":"de_DE","og_type":"article","og_title":"Musikinstrumente aus China - Top-Qualit\u00e4t zu g\u00fcnstigen Preisen","og_description":"Musikinstrumente aus China - Vielf\u00e4ltige Auswahl an Instrumenten & Zubeh\u00f6r \u2714 Sorgf\u00e4ltige Qualit\u00e4tskontrollen & schneller Transport \u25ba Jetzt beraten lassen!","og_url":"https:\/\/ag-frisch.com\/de\/musikinstrumente-aus-china\/","og_site_name":"China Import Beratung f\u00fcr den Einkauf aus China","article_publisher":"https:\/\/www.facebook.com\/China.Import","article_modified_time":"2025-03-10T15:50:34+00:00","twitter_card":"summary_large_image","twitter_site":"@agenturfrisch","schema":{"@context":"https:\/\/schema.org","@graph":[{"@type":"WebPage","@id":"https:\/\/ag-frisch.com\/de\/musikinstrumente-aus-china\/","url":"https:\/\/ag-frisch.com\/de\/musikinstrumente-aus-china\/","name":"Musikinstrumente aus China - Top-Qualit\u00e4t zu g\u00fcnstigen Preisen","isPartOf":{"@id":"https:\/\/ag-frisch.com\/de\/#website"},"datePublished":"2022-05-12T05:09:47+00:00","dateModified":"2025-03-10T15:50:34+00:00","description":"Musikinstrumente aus China - Vielf\u00e4ltige Auswahl an Instrumenten & Zubeh\u00f6r \u2714 Sorgf\u00e4ltige Qualit\u00e4tskontrollen & schneller Transport \u25ba Jetzt beraten lassen!","breadcrumb":{"@id":"https:\/\/ag-frisch.com\/de\/musikinstrumente-aus-china\/#breadcrumb"},"inLanguage":"de","potentialAction":[{"@type":"ReadAction","target":["https:\/\/ag-frisch.com\/de\/musikinstrumente-aus-china\/"]}]},{"@type":"BreadcrumbList","@id":"https:\/\/ag-frisch.com\/de\/musikinstrumente-aus-china\/#breadcrumb","itemListElement":[{"@type":"ListItem","position":1,"name":"Startseite","item":"https:\/\/ag-frisch.com\/de\/"},{"@type":"ListItem","position":2,"name":"Musikinstrumente aus China"}]},{"@type":"WebSite","@id":"https:\/\/ag-frisch.com\/de\/#website","url":"https:\/\/ag-frisch.com\/de\/","name":"China Import Beratung f\u00fcr den Einkauf aus China","description":"China Import &amp; Export Beratung - Der Dienstleister Ihres Vertrauens f\u00fcr Ihren China Import","publisher":{"@id":"https:\/\/ag-frisch.com\/de\/#organization"},"potentialAction":[{"@type":"SearchAction","target":{"@type":"EntryPoint","urlTemplate":"https:\/\/ag-frisch.com\/de\/?s={search_term_string}"},"query-input":{"@type":"PropertyValueSpecification","valueRequired":true,"valueName":"search_term_string"}}],"inLanguage":"de"},{"@type":"Organization","@id":"https:\/\/ag-frisch.com\/de\/#organization","name":"Agentur Frisch International Consulting GmbH & Co. KG","url":"https:\/\/ag-frisch.com\/de\/","logo":{"@type":"ImageObject","inLanguage":"de","@id":"https:\/\/ag-frisch.com\/de\/#\/schema\/logo\/image\/","url":"https:\/\/ag-frisch.com\/wp-content\/uploads\/2021\/08\/ag_logo_rgb_300_small.png","contentUrl":"https:\/\/ag-frisch.com\/wp-content\/uploads\/2021\/08\/ag_logo_rgb_300_small.png","width":153,"height":102,"caption":"Agentur Frisch International Consulting GmbH & Co. KG"},"image":{"@id":"https:\/\/ag-frisch.com\/de\/#\/schema\/logo\/image\/"},"sameAs":["https:\/\/www.facebook.com\/China.Import","https:\/\/x.com\/agenturfrisch"]}]}},"_links":{"self":[{"href":"https:\/\/ag-frisch.com\/de\/wp-json\/wp\/v2\/pages\/2122","targetHints":{"allow":["GET"]}}],"collection":[{"href":"https:\/\/ag-frisch.com\/de\/wp-json\/wp\/v2\/pages"}],"about":[{"href":"https:\/\/ag-frisch.com\/de\/wp-json\/wp\/v2\/types\/page"}],"author":[{"embeddable":true,"href":"https:\/\/ag-frisch.com\/de\/wp-json\/wp\/v2\/users\/2"}],"replies":[{"embeddable":true,"href":"https:\/\/ag-frisch.com\/de\/wp-json\/wp\/v2\/comments?post=2122"}],"version-history":[{"count":1,"href":"https:\/\/ag-frisch.com\/de\/wp-json\/wp\/v2\/pages\/2122\/revisions"}],"predecessor-version":[{"id":20184,"href":"https:\/\/ag-frisch.com\/de\/wp-json\/wp\/v2\/pages\/2122\/revisions\/20184"}],"wp:attachment":[{"href":"https:\/\/ag-frisch.com\/de\/wp-json\/wp\/v2\/media?parent=2122"}],"curies":[{"name":"wp","href":"https:\/\/api.w.org\/{rel}","templated":true}]}}