{"id":2162,"date":"2022-05-28T14:23:45","date_gmt":"2022-05-28T12:23:45","guid":{"rendered":"https:\/\/ag-frisch.com\/?page_id=2162"},"modified":"2023-01-11T11:54:43","modified_gmt":"2023-01-11T10:54:43","slug":"heiz-und-trocknungstechnik-aus-china","status":"publish","type":"page","link":"https:\/\/ag-frisch.com\/de\/heiz-und-trocknungstechnik-aus-china\/","title":{"rendered":"Heiz- und Trocknungstechnik aus China"},"content":{"rendered":"<p>[et_pb_section fb_built=&#8221;1&#8243; _builder_version=&#8221;4.16&#8243; _module_preset=&#8221;default&#8221; global_colors_info=&#8221;{}&#8221;][et_pb_row _builder_version=&#8221;4.18.1&#8243; _module_preset=&#8221;default&#8221; global_colors_info=&#8221;{}&#8221;][et_pb_column type=&#8221;4_4&#8243; _builder_version=&#8221;4.18.1&#8243; _module_preset=&#8221;default&#8221; global_colors_info=&#8221;{}&#8221;][et_pb_cta title=&#8221;China Import Beratung&#8221; button_url=&#8221;\/kontakt\/&#8221; button_text=&#8221;Jetzt Beratung buchen&#8221; _builder_version=&#8221;4.16&#8243; _module_preset=&#8221;default&#8221; global_colors_info=&#8221;{}&#8221;]<\/p>\n<p>Durch die Beratung der China Import Agentur Frisch gelingt Ihnen das China Gesch\u00e4ft wie bei den Profis.\u00a0<\/p>\n<p>[\/et_pb_cta][\/et_pb_column][\/et_pb_row][et_pb_row _builder_version=&#8221;4.16&#8243; _module_preset=&#8221;default&#8221; global_colors_info=&#8221;{}&#8221;][et_pb_column type=&#8221;4_4&#8243; _builder_version=&#8221;4.16&#8243; _module_preset=&#8221;default&#8221; global_colors_info=&#8221;{}&#8221;][et_pb_text _builder_version=&#8221;4.18.1&#8243; _module_preset=&#8221;default&#8221; hover_enabled=&#8221;0&#8243; global_colors_info=&#8221;{}&#8221; sticky_enabled=&#8221;0&#8243;]<\/p>\n<h1>Heiz- &#038; Trocknungstechnik aus China: Wir unterst\u00fctzen beim Import!<\/h1>\n<p><strong>Alles f\u00fcr Heizen, K\u00fchlen, Trocknen aus China<\/strong><\/p>\n<p><strong>Heizl\u00fcfter, Bautrockner und Klimaanlagen lassen sich g\u00fcnstig importieren<\/strong><\/p>\n<p>Die Agentur Frisch ist Ihr starker Partner beim China-Import. Von der Streichholzschachtel bis zum M\u00e4hdrescher importieren wir f\u00fcr Sie alle Produkte aus Fernost \u2013 selbstverst\u00e4ndlich auch alles rund ums Heizen, Trocknen oder K\u00fchlen. So bieten wir Ihnen den Direktkontakt zu Herstellern aus China sowie die gesamte Abwicklung nicht nur zu unschlagbaren Preisen an, sondern trumpfen auch durch Zuverl\u00e4ssigkeit und Qualit\u00e4t. Unter anderem folgendes k\u00f6nnen Sie \u00fcber uns direkt vom Hersteller aus China importieren:<\/p>\n<ul>\n<li>Heizl\u00fcfter aus China<\/li>\n<li>Bautrockner aus China<\/li>\n<li>Klimaanlagen aus China<\/li>\n<\/ul>\n<p>&nbsp;<\/p>\n<p><strong>Heizl\u00fcfter importieren \u2013 g\u00fcnstig und hochwertig<\/strong><\/p>\n<p>Ob f\u00fcr den Privathaushalt als Unterst\u00fctzung im Winter oder f\u00fcr den Industriebedarf mit hoher Wattzahl: Unsere Gesch\u00e4ftskontakte liefern Ihnen die Heizl\u00fcfter aus China, die Sie f\u00fcr Ihre Zwecke brauchen. In hohen St\u00fcckzahlen, zu fairen Konditionen und absolut sensationellen Preisen. Unsere Erfolge sprechen dabei f\u00fcr sich: Wer einmal bei uns kauft, geh\u00f6rt danach in aller Regel zu unseren Stammkunden. Wir wollen Sie durch Verl\u00e4sslichkeit, Transparenz und Preisgestaltung \u00fcberzeugen. Sprechen Sie uns an und wir finden in einem Beratungsgespr\u00e4ch heraus, was wir in Sachen Heizl\u00fcfter aus China f\u00fcr Sie tun k\u00f6nnen!<\/p>\n<p>&nbsp;<\/p>\n<p><strong>Bautrockner aus China kaufen \u2013 top Qualit\u00e4t zu g\u00fcnstigen Preisen<\/strong><\/p>\n<p>Sie sind gro\u00dfer Bauunternehmer oder Lieferant und suchen nach einer preisg\u00fcnstigen Alternative zu teuren Ger\u00e4ten aus Europa? Auch dann kann Ihnen die Agentur Frisch helfen. Durch unsere erstklassigen Gesch\u00e4ftskontakte nach China k\u00f6nnen wir Ihnen im Direktimport die besten Preise f\u00fcr hochwertige Bautrockner aus China bieten. Leistungsstarke Bautrockner, die deutschen Qualit\u00e4ts- und Sicherheitsstandards entsprechen, und alles Zubeh\u00f6r rund um Bautrockner vermitteln wir Ihnen gerne. Zudem \u00fcbernehmen wir als Full-Service-Importeur f\u00fcr Sie auf Wunsch alle weiteren Leistungen rund um den Import von Bautrocknern aus China, sodass Sie sich in Ruhe um Ihr Kerngesch\u00e4ft k\u00fcmmern k\u00f6nnen.<\/p>\n<p>Nat\u00fcrlich erhalten Sie \u00fcber uns auch die \u201ekleinen Geschwister\u201c von Bautrocknern, herk\u00f6mmliche Luftentfeuchter f\u00fcr den kleineren Einsatz. Beziehen Sie \u00fcber uns:<\/p>\n<ul>\n<li>Bautrockner<\/li>\n<li>Luftentfeuchter<\/li>\n<li>Feuchtigkeitsmessger\u00e4te<\/li>\n<li>Luftreiniger<\/li>\n<\/ul>\n<p>&nbsp;<\/p>\n<p>&nbsp;<\/p>\n<p><strong>Klimaanlagen aus China direkt vom Hersteller kaufen<\/strong><\/p>\n<p>Auch wenn Klimaanlagen in Deutschland noch nicht so verbreitet sind wie in w\u00e4rmeren Breitengraden \u2013 auf den Komfort optimal regulierter Temperatur wollen auch hierzulande immer weniger Menschen verzichten. Daher bietet Ihnen die Agentur Frisch direkt vom Produzenten hochwertige und preiswerte Klimaanlagen aus China. Sie k\u00f6nnen \u00fcber unsere Handelspartner unter anderem folgende Varianten von Klimaanlagen aus China importieren:<\/p>\n<ul>\n<li>Monosplit-Klimaanlage<\/li>\n<li>Multisplit-Klimaanlage<\/li>\n<li>Mobile Klimaanlagen<\/li>\n<li>W\u00e4rmepumpen<\/li>\n<li>Zentrale und dezentrale Geb\u00e4ude-Klimaanlagen<\/li>\n<li>Klimaanlagen f\u00fcr Reinr\u00e4ume und Laboratorien<\/li>\n<li>K\u00e4lteanlagen f\u00fcr die Prozesstechnik<\/li>\n<\/ul>\n<p>&nbsp;<\/p>\n<p><strong>Sanit\u00e4rartikel \u2013 Toiletten, Duschwannen und Co aus China <\/strong><\/p>\n<p>China ist seit jeher bekannt f\u00fcr sein hochwertiges Porzellan, und das gilt nicht nur f\u00fcr h\u00fcbsche Vasen, sondern auch f\u00fcr profanere Objekte wie Toilettensch\u00fcsseln oder Waschbecken. Profitieren Sie von unseren gewachsenen Handelsverbindungen und unserer gro\u00dfen Expertise, um Sanit\u00e4rartikel aus China zu unschlagbaren Preisen zu importieren. In diesem Segment k\u00f6nnen wir Ihnen unter vielem anderen zum Beispiel vermitteln:<\/p>\n<ul>\n<li>Toiletten<\/li>\n<li>Duschen<\/li>\n<li>Waschbecken<\/li>\n<li>Sanit\u00e4rzubeh\u00f6r<\/li>\n<li>Badewannen<\/li>\n<li>Alles rund um Swimming-Pool und Schwimmbad<\/li>\n<\/ul>\n<p>&nbsp;<\/p>\n<p>Die beschriebenen Artikel stellen nur einen Bruchteil dessen dar, was wir Ihnen zum Direktimport aus China anbieten k\u00f6nnen. Am besten sprechen Sie uns einfach an, damit wir gemeinsam Ihren Bedarf und die M\u00f6glichkeiten analysieren.<\/p>\n<p>Wir bieten Ihnen s\u00e4mtliche Leistungen rund um den Import von Sanit\u00e4rartikeln, Klimager\u00e4ten und mehr aus China: Von den Preisverhandlungen und der Vertragsgestaltung \u00fcber die Produktionskontrolle, Pr\u00fcfungen und Zertifizierungen, bis hin zu Transportlogistik und Inlandslagerung.<\/p>\n<p><strong>Wir freuen uns auf Sie! <\/strong><\/p>\n<p>[\/et_pb_text][\/et_pb_column][\/et_pb_row][\/et_pb_section][et_pb_section fb_built=&#8221;1&#8243; admin_label=&#8221;Testimonials&#8221; _builder_version=&#8221;4.16&#8243; use_background_color_gradient=&#8221;on&#8221; background_color_gradient_stops=&#8221;rgba(0,106,156,0.85) 0%|rgba(0,106,156,0.85) 100%&#8221; background_color_gradient_start=&#8221;rgba(0,106,156,0.85)&#8221; background_color_gradient_end=&#8221;rgba(0,106,156,0.85)&#8221; custom_padding=&#8221;90px||60px|&#8221; animation_style=&#8221;fold&#8221; animation_direction=&#8221;bottom&#8221; animation_intensity_fold=&#8221;4%&#8221; global_colors_info=&#8221;{}&#8221;][et_pb_row _builder_version=&#8221;4.16&#8243; background_size=&#8221;initial&#8221; background_position=&#8221;top_left&#8221; background_repeat=&#8221;repeat&#8221; custom_width_px=&#8221;710px&#8221; locked=&#8221;off&#8221; global_colors_info=&#8221;{}&#8221;][et_pb_column type=&#8221;4_4&#8243; _builder_version=&#8221;4.16&#8243; background_position=&#8221;top_left&#8221; custom_padding=&#8221;|||&#8221; global_colors_info=&#8221;{}&#8221; custom_padding__hover=&#8221;|||&#8221;][et_pb_text admin_label=&#8221;Testimonials Section Title&#8221; _builder_version=&#8221;4.16&#8243; header_font=&#8221;Montserrat||||&#8221; header_font_size=&#8221;36px&#8221; background_size=&#8221;initial&#8221; background_position=&#8221;top_left&#8221; background_repeat=&#8221;repeat&#8221; text_orientation=&#8221;center&#8221; background_layout=&#8221;dark&#8221; max_width=&#8221;710px&#8221; module_alignment=&#8221;center&#8221; animation_style=&#8221;fold&#8221; animation_direction=&#8221;bottom&#8221; animation_intensity_fold=&#8221;20%&#8221; global_colors_info=&#8221;{}&#8221;]<\/p>\n<h1>\u00dcber 5000 zufriedene Kunden.<\/h1>\n<p>&nbsp;<\/p>\n<p>[\/et_pb_text][et_pb_divider color=&#8221;#ffffff&#8221; divider_weight=&#8221;3px&#8221; disabled_on=&#8221;off|off|off&#8221; _builder_version=&#8221;4.16&#8243; background_color_gradient_direction=&#8221;90deg&#8221; max_width=&#8221;100px&#8221; module_alignment=&#8221;center&#8221; height=&#8221;5px&#8221; custom_margin=&#8221;||20px|&#8221; custom_padding=&#8221;||20px|&#8221; animation_style=&#8221;slide&#8221; animation_direction=&#8221;bottom&#8221; saved_tabs=&#8221;all&#8221; locked=&#8221;off&#8221; global_colors_info=&#8221;{}&#8221;][\/et_pb_divider][\/et_pb_column][\/et_pb_row][et_pb_row column_structure=&#8221;1_2,1_2&#8243; _builder_version=&#8221;4.18.1&#8243; _module_preset=&#8221;default&#8221; global_colors_info=&#8221;{}&#8221;][et_pb_column type=&#8221;1_2&#8243; _builder_version=&#8221;4.18.1&#8243; _module_preset=&#8221;default&#8221; global_colors_info=&#8221;{}&#8221;][et_pb_testimonial author=&#8221;Marco&#8221; portrait_url=&#8221;https:\/\/ag-frisch.com\/wp-content\/uploads\/2021\/08\/Harald.png&#8221; quote_icon=&#8221;off&#8221; _builder_version=&#8221;4.18.1&#8243; _module_preset=&#8221;default&#8221; body_font_size=&#8221;16px&#8221; use_background_color=&#8221;off&#8221; background_layout=&#8221;dark&#8221; global_colors_info=&#8221;{}&#8221;]Ich habe die Agentur Frisch beauftragt ein gr\u00f6\u00dferes M\u00f6belst\u00fcck in China produzieren zu lassen um es dann folglich nach Deutschland zu \u00fcberf\u00fchren. Per Mail erfolgte die ganze Zeit \u00fcber eine reibungslose Kommunikation! Sehr schnelle und zuverl\u00e4ssige Antworten vermittelten mir st\u00e4ndig die Sicherheiten, die bei so einen Unterfangen unerl\u00e4sslich sind. Jederzeit wurde mir durch den B\u00fcrokratiedschungel geholfen und dabei wurden keine Formulare vergessen oder falsch ausgef\u00fcllt. Sehr lobenswert!<a href=\"&lt;div class=&quot;pe-richsnippets&quot;&gt;&amp;nbsp;&lt;\/div&gt; &lt;script type=&quot;text\/javascript&quot; src=&quot;https:\/\/www.provenexpert.com\/widget\/richsnippet.js?u=1NUA0VwZ4RUZ5tmAi5zA4RaplNKAlWwZ&amp;v=2&quot; async&gt;&lt;\/script&gt; &lt;div style=&quot;text-align: justify;&quot;&gt;&lt;br \/&gt;\"><\/a><\/p>\n<div class=\"brow ratingBarMargin\">\n<div class=\"ratingBar\">\n<div class=\"brow\">\n<div class=\"pe-richsnippets\">&nbsp;<\/div>\n<p><script type=\"text\/javascript\" src=\"https:\/\/www.provenexpert.com\/widget\/richsnippet.js?u=1NUA0VwZ4RUZ5tmAi5zA4RaplNKAlWwZ&#038;v=2\" async><\/script><\/p>\n<div style=\"text-align: justify;\"><\/p>\n<div class=\"col-lg-9 col-md-8 col-xs-10 mt20 mb20\">\n<div class=\"col-xs-12 surveyNameForRating\"><\/div>\n<\/div>\n<\/div>\n<\/div>\n<\/div>\n<\/div>\n<p>[\/et_pb_testimonial][\/et_pb_column][et_pb_column type=&#8221;1_2&#8243; _builder_version=&#8221;4.18.1&#8243; _module_preset=&#8221;default&#8221; global_colors_info=&#8221;{}&#8221;][et_pb_testimonial author=&#8221;Simone L.&#8221; portrait_url=&#8221;https:\/\/ag-frisch.com\/wp-content\/uploads\/2021\/08\/Harald.png&#8221; quote_icon=&#8221;off&#8221; _builder_version=&#8221;4.18.1&#8243; _module_preset=&#8221;default&#8221; body_font_size=&#8221;16px&#8221; use_background_color=&#8221;off&#8221; background_layout=&#8221;dark&#8221; global_colors_info=&#8221;{}&#8221;]<\/p>\n<p>Alles Top. Besser geht nicht. Beratung und Durchf\u00fchrung kann man nicht besser machen. Wir sind nach mehreren Bestellungen bei diesem Unternehmen mehr als zufrieden und setzen die Zusammenarbeit fort.<\/p>\n<div class=\"brow ratingBarMargin\">\n<div class=\"ratingBar\">\n<div class=\"brow\">\n<div class=\"pe-richsnippets\">\u00a0<\/div>\n<p>\n<script type=\"text\/javascript\" src=\"https:\/\/www.provenexpert.com\/widget\/richsnippet.js?u=1NUA0VwZ4RUZ5tmAi5zA4RaplNKAlWwZ&amp;v=2\" async=\"\"><\/script>\n<\/p>\n<div style=\"text-align: justify;\">\n<p>&nbsp;<\/p>\n<div class=\"col-lg-9 col-md-8 col-xs-10 mt20 mb20\">\n<div class=\"col-xs-12 surveyNameForRating\"><\/div>\n<\/div>\n<\/div>\n<\/div>\n<\/div>\n<\/div>\n<p>[\/et_pb_testimonial][\/et_pb_column][\/et_pb_row][et_pb_row _builder_version=&#8221;4.16&#8243; background_size=&#8221;initial&#8221; background_position=&#8221;top_left&#8221; background_repeat=&#8221;repeat&#8221; custom_padding=&#8221;50px|0px|30px|0px&#8221; custom_css_main_element=&#8221;text-align: center;&#8221; global_colors_info=&#8221;{}&#8221;][et_pb_column type=&#8221;4_4&#8243; _builder_version=&#8221;4.16&#8243; custom_padding=&#8221;|||&#8221; global_colors_info=&#8221;{}&#8221; custom_padding__hover=&#8221;|||&#8221;][et_pb_button button_url=&#8221;https:\/\/www.provenexpert.com\/de-de\/agentur-frisch-international-consulting-gmbh-und-co-kg\/&#8221; button_text=&#8221;MEHR BEWERTUNGEN&#8221; button_alignment=&#8221;left&#8221; admin_label=&#8221;Testimonial Button&#8221; _builder_version=&#8221;4.16&#8243; custom_button=&#8221;on&#8221; button_text_size=&#8221;18px&#8221; button_text_color=&#8221;#ffffff&#8221; button_bg_color=&#8221;#6eba01&#8243; button_border_width=&#8221;2px&#8221; button_border_color=&#8221;#6eba01&#8243; button_border_radius=&#8221;0px&#8221; button_letter_spacing=&#8221;2px&#8221; button_font=&#8221;Montserrat|||on|&#8221; button_use_icon=&#8221;off&#8221; animation_style=&#8221;fold&#8221; animation_direction=&#8221;bottom&#8221; button_text_color_hover=&#8221;#ffffff&#8221; button_border_color_hover=&#8221;#ffffff&#8221; button_border_radius_hover=&#8221;0px&#8221; button_letter_spacing_hover=&#8221;2px&#8221; button_bg_color_hover=&#8221;rgba(255,255,255,0)&#8221; locked=&#8221;off&#8221; global_colors_info=&#8221;{}&#8221; button_text_size__hover_enabled=&#8221;off&#8221; button_one_text_size__hover_enabled=&#8221;off&#8221; button_two_text_size__hover_enabled=&#8221;off&#8221; button_text_color__hover_enabled=&#8221;on&#8221; button_text_color__hover=&#8221;#ffffff&#8221; button_one_text_color__hover_enabled=&#8221;off&#8221; button_two_text_color__hover_enabled=&#8221;off&#8221; button_border_width__hover_enabled=&#8221;off&#8221; button_one_border_width__hover_enabled=&#8221;off&#8221; button_two_border_width__hover_enabled=&#8221;off&#8221; button_border_color__hover_enabled=&#8221;on&#8221; button_border_color__hover=&#8221;#ffffff&#8221; button_one_border_color__hover_enabled=&#8221;off&#8221; button_two_border_color__hover_enabled=&#8221;off&#8221; button_border_radius__hover_enabled=&#8221;on&#8221; button_border_radius__hover=&#8221;0px&#8221; button_one_border_radius__hover_enabled=&#8221;off&#8221; button_two_border_radius__hover_enabled=&#8221;off&#8221; button_letter_spacing__hover_enabled=&#8221;on&#8221; button_letter_spacing__hover=&#8221;2px&#8221; button_one_letter_spacing__hover_enabled=&#8221;off&#8221; button_two_letter_spacing__hover_enabled=&#8221;off&#8221; button_bg_color__hover_enabled=&#8221;on&#8221; button_bg_color__hover=&#8221;rgba(255,255,255,0)&#8221; button_one_bg_color__hover_enabled=&#8221;off&#8221; button_two_bg_color__hover_enabled=&#8221;off&#8221;][\/et_pb_button][\/et_pb_column][\/et_pb_row][\/et_pb_section]<\/p>\n","protected":false},"excerpt":{"rendered":"<p>Durch die Beratung der China Import Agentur Frisch gelingt Ihnen das China Gesch\u00e4ft wie bei den Profis.\u00a0Heiz- &#038; Trocknungstechnik aus China: Wir unterst\u00fctzen beim Import! Alles f\u00fcr Heizen, K\u00fchlen, Trocknen aus China Heizl\u00fcfter, Bautrockner und Klimaanlagen lassen sich g\u00fcnstig importieren Die Agentur Frisch ist Ihr starker Partner beim China-Import. Von der Streichholzschachtel bis zum M\u00e4hdrescher [&hellip;]<\/p>\n","protected":false},"author":2,"featured_media":0,"parent":0,"menu_order":0,"comment_status":"closed","ping_status":"closed","template":"","meta":{"_et_pb_use_builder":"on","_et_pb_old_content":"","_et_gb_content_width":"","footnotes":""},"class_list":["post-2162","page","type-page","status-publish","hentry"],"yoast_head":"<!-- This site is optimized with the Yoast SEO plugin v27.2 - https:\/\/yoast.com\/product\/yoast-seo-wordpress\/ -->\n<title>Heiztechnik, Heizl\u00fcfter, Trocknungstechnik aus China importieren<\/title>\n<meta name=\"description\" content=\"Heiztechnik und Trocknungstechnik aus China importieren \u2714 Klimaanlagen \u2714 Heizl\u00fcfter \u2714 Bautrockner \u25ba Wir helfen beim Import \u25ba Jetzt beraten lassen!\" \/>\n<meta name=\"robots\" content=\"index, follow, max-snippet:-1, max-image-preview:large, max-video-preview:-1\" \/>\n<link rel=\"canonical\" href=\"https:\/\/ag-frisch.com\/de\/heiz-und-trocknungstechnik-aus-china\/\" \/>\n<meta property=\"og:locale\" content=\"de_DE\" \/>\n<meta property=\"og:type\" content=\"article\" \/>\n<meta property=\"og:title\" content=\"Heiztechnik, Heizl\u00fcfter, Trocknungstechnik aus China importieren\" \/>\n<meta property=\"og:description\" content=\"Heiztechnik und Trocknungstechnik aus China importieren \u2714 Klimaanlagen \u2714 Heizl\u00fcfter \u2714 Bautrockner \u25ba Wir helfen beim Import \u25ba Jetzt beraten lassen!\" \/>\n<meta property=\"og:url\" content=\"https:\/\/ag-frisch.com\/de\/heiz-und-trocknungstechnik-aus-china\/\" \/>\n<meta property=\"og:site_name\" content=\"China Import Beratung f\u00fcr den Einkauf aus China\" \/>\n<meta property=\"article:publisher\" content=\"https:\/\/www.facebook.com\/China.Import\" \/>\n<meta property=\"article:modified_time\" content=\"2023-01-11T10:54:43+00:00\" \/>\n<meta name=\"twitter:card\" content=\"summary_large_image\" \/>\n<meta name=\"twitter:site\" content=\"@agenturfrisch\" \/>\n<script type=\"application\/ld+json\" class=\"yoast-schema-graph\">{\"@context\":\"https:\/\/schema.org\",\"@graph\":[{\"@type\":\"WebPage\",\"@id\":\"https:\/\/ag-frisch.com\/de\/heiz-und-trocknungstechnik-aus-china\/\",\"url\":\"https:\/\/ag-frisch.com\/de\/heiz-und-trocknungstechnik-aus-china\/\",\"name\":\"Heiztechnik, Heizl\u00fcfter, Trocknungstechnik aus China importieren\",\"isPartOf\":{\"@id\":\"https:\/\/ag-frisch.com\/de\/#website\"},\"datePublished\":\"2022-05-28T12:23:45+00:00\",\"dateModified\":\"2023-01-11T10:54:43+00:00\",\"description\":\"Heiztechnik und Trocknungstechnik aus China importieren \u2714 Klimaanlagen \u2714 Heizl\u00fcfter \u2714 Bautrockner \u25ba Wir helfen beim Import \u25ba Jetzt beraten lassen!\",\"breadcrumb\":{\"@id\":\"https:\/\/ag-frisch.com\/de\/heiz-und-trocknungstechnik-aus-china\/#breadcrumb\"},\"inLanguage\":\"de\",\"potentialAction\":[{\"@type\":\"ReadAction\",\"target\":[\"https:\/\/ag-frisch.com\/de\/heiz-und-trocknungstechnik-aus-china\/\"]}]},{\"@type\":\"BreadcrumbList\",\"@id\":\"https:\/\/ag-frisch.com\/de\/heiz-und-trocknungstechnik-aus-china\/#breadcrumb\",\"itemListElement\":[{\"@type\":\"ListItem\",\"position\":1,\"name\":\"Startseite\",\"item\":\"https:\/\/ag-frisch.com\/de\/\"},{\"@type\":\"ListItem\",\"position\":2,\"name\":\"Heiz- und Trocknungstechnik aus China\"}]},{\"@type\":\"WebSite\",\"@id\":\"https:\/\/ag-frisch.com\/de\/#website\",\"url\":\"https:\/\/ag-frisch.com\/de\/\",\"name\":\"China Import Beratung f\u00fcr den Einkauf aus China\",\"description\":\"China Import &amp; Export Beratung - Der Dienstleister Ihres Vertrauens f\u00fcr Ihren China Import\",\"publisher\":{\"@id\":\"https:\/\/ag-frisch.com\/de\/#organization\"},\"potentialAction\":[{\"@type\":\"SearchAction\",\"target\":{\"@type\":\"EntryPoint\",\"urlTemplate\":\"https:\/\/ag-frisch.com\/de\/?s={search_term_string}\"},\"query-input\":{\"@type\":\"PropertyValueSpecification\",\"valueRequired\":true,\"valueName\":\"search_term_string\"}}],\"inLanguage\":\"de\"},{\"@type\":\"Organization\",\"@id\":\"https:\/\/ag-frisch.com\/de\/#organization\",\"name\":\"Agentur Frisch International Consulting GmbH & Co. KG\",\"url\":\"https:\/\/ag-frisch.com\/de\/\",\"logo\":{\"@type\":\"ImageObject\",\"inLanguage\":\"de\",\"@id\":\"https:\/\/ag-frisch.com\/de\/#\/schema\/logo\/image\/\",\"url\":\"https:\/\/ag-frisch.com\/wp-content\/uploads\/2021\/08\/ag_logo_rgb_300_small.png\",\"contentUrl\":\"https:\/\/ag-frisch.com\/wp-content\/uploads\/2021\/08\/ag_logo_rgb_300_small.png\",\"width\":153,\"height\":102,\"caption\":\"Agentur Frisch International Consulting GmbH & Co. KG\"},\"image\":{\"@id\":\"https:\/\/ag-frisch.com\/de\/#\/schema\/logo\/image\/\"},\"sameAs\":[\"https:\/\/www.facebook.com\/China.Import\",\"https:\/\/x.com\/agenturfrisch\"]}]}<\/script>\n<!-- \/ Yoast SEO plugin. -->","yoast_head_json":{"title":"Heiztechnik, Heizl\u00fcfter, Trocknungstechnik aus China importieren","description":"Heiztechnik und Trocknungstechnik aus China importieren \u2714 Klimaanlagen \u2714 Heizl\u00fcfter \u2714 Bautrockner \u25ba Wir helfen beim Import \u25ba Jetzt beraten lassen!","robots":{"index":"index","follow":"follow","max-snippet":"max-snippet:-1","max-image-preview":"max-image-preview:large","max-video-preview":"max-video-preview:-1"},"canonical":"https:\/\/ag-frisch.com\/de\/heiz-und-trocknungstechnik-aus-china\/","og_locale":"de_DE","og_type":"article","og_title":"Heiztechnik, Heizl\u00fcfter, Trocknungstechnik aus China importieren","og_description":"Heiztechnik und Trocknungstechnik aus China importieren \u2714 Klimaanlagen \u2714 Heizl\u00fcfter \u2714 Bautrockner \u25ba Wir helfen beim Import \u25ba Jetzt beraten lassen!","og_url":"https:\/\/ag-frisch.com\/de\/heiz-und-trocknungstechnik-aus-china\/","og_site_name":"China Import Beratung f\u00fcr den Einkauf aus China","article_publisher":"https:\/\/www.facebook.com\/China.Import","article_modified_time":"2023-01-11T10:54:43+00:00","twitter_card":"summary_large_image","twitter_site":"@agenturfrisch","schema":{"@context":"https:\/\/schema.org","@graph":[{"@type":"WebPage","@id":"https:\/\/ag-frisch.com\/de\/heiz-und-trocknungstechnik-aus-china\/","url":"https:\/\/ag-frisch.com\/de\/heiz-und-trocknungstechnik-aus-china\/","name":"Heiztechnik, Heizl\u00fcfter, Trocknungstechnik aus China importieren","isPartOf":{"@id":"https:\/\/ag-frisch.com\/de\/#website"},"datePublished":"2022-05-28T12:23:45+00:00","dateModified":"2023-01-11T10:54:43+00:00","description":"Heiztechnik und Trocknungstechnik aus China importieren \u2714 Klimaanlagen \u2714 Heizl\u00fcfter \u2714 Bautrockner \u25ba Wir helfen beim Import \u25ba Jetzt beraten lassen!","breadcrumb":{"@id":"https:\/\/ag-frisch.com\/de\/heiz-und-trocknungstechnik-aus-china\/#breadcrumb"},"inLanguage":"de","potentialAction":[{"@type":"ReadAction","target":["https:\/\/ag-frisch.com\/de\/heiz-und-trocknungstechnik-aus-china\/"]}]},{"@type":"BreadcrumbList","@id":"https:\/\/ag-frisch.com\/de\/heiz-und-trocknungstechnik-aus-china\/#breadcrumb","itemListElement":[{"@type":"ListItem","position":1,"name":"Startseite","item":"https:\/\/ag-frisch.com\/de\/"},{"@type":"ListItem","position":2,"name":"Heiz- und Trocknungstechnik aus China"}]},{"@type":"WebSite","@id":"https:\/\/ag-frisch.com\/de\/#website","url":"https:\/\/ag-frisch.com\/de\/","name":"China Import Beratung f\u00fcr den Einkauf aus China","description":"China Import &amp; Export Beratung - Der Dienstleister Ihres Vertrauens f\u00fcr Ihren China Import","publisher":{"@id":"https:\/\/ag-frisch.com\/de\/#organization"},"potentialAction":[{"@type":"SearchAction","target":{"@type":"EntryPoint","urlTemplate":"https:\/\/ag-frisch.com\/de\/?s={search_term_string}"},"query-input":{"@type":"PropertyValueSpecification","valueRequired":true,"valueName":"search_term_string"}}],"inLanguage":"de"},{"@type":"Organization","@id":"https:\/\/ag-frisch.com\/de\/#organization","name":"Agentur Frisch International Consulting GmbH & Co. KG","url":"https:\/\/ag-frisch.com\/de\/","logo":{"@type":"ImageObject","inLanguage":"de","@id":"https:\/\/ag-frisch.com\/de\/#\/schema\/logo\/image\/","url":"https:\/\/ag-frisch.com\/wp-content\/uploads\/2021\/08\/ag_logo_rgb_300_small.png","contentUrl":"https:\/\/ag-frisch.com\/wp-content\/uploads\/2021\/08\/ag_logo_rgb_300_small.png","width":153,"height":102,"caption":"Agentur Frisch International Consulting GmbH & Co. KG"},"image":{"@id":"https:\/\/ag-frisch.com\/de\/#\/schema\/logo\/image\/"},"sameAs":["https:\/\/www.facebook.com\/China.Import","https:\/\/x.com\/agenturfrisch"]}]}},"_links":{"self":[{"href":"https:\/\/ag-frisch.com\/de\/wp-json\/wp\/v2\/pages\/2162","targetHints":{"allow":["GET"]}}],"collection":[{"href":"https:\/\/ag-frisch.com\/de\/wp-json\/wp\/v2\/pages"}],"about":[{"href":"https:\/\/ag-frisch.com\/de\/wp-json\/wp\/v2\/types\/page"}],"author":[{"embeddable":true,"href":"https:\/\/ag-frisch.com\/de\/wp-json\/wp\/v2\/users\/2"}],"replies":[{"embeddable":true,"href":"https:\/\/ag-frisch.com\/de\/wp-json\/wp\/v2\/comments?post=2162"}],"version-history":[{"count":0,"href":"https:\/\/ag-frisch.com\/de\/wp-json\/wp\/v2\/pages\/2162\/revisions"}],"wp:attachment":[{"href":"https:\/\/ag-frisch.com\/de\/wp-json\/wp\/v2\/media?parent=2162"}],"curies":[{"name":"wp","href":"https:\/\/api.w.org\/{rel}","templated":true}]}}