{"id":2166,"date":"2022-05-28T15:25:56","date_gmt":"2022-05-28T13:25:56","guid":{"rendered":"https:\/\/ag-frisch.com\/?page_id=2166"},"modified":"2025-04-02T19:09:51","modified_gmt":"2025-04-02T17:09:51","slug":"sportartikel-aus-china","status":"publish","type":"page","link":"https:\/\/ag-frisch.com\/de\/sportartikel-aus-china\/","title":{"rendered":"Sportartikel aus China"},"content":{"rendered":"<p>[et_pb_section fb_built=&#8221;1&#8243; _builder_version=&#8221;4.16&#8243; _module_preset=&#8221;default&#8221; global_colors_info=&#8221;{}&#8221;][et_pb_row _builder_version=&#8221;4.18.1&#8243; _module_preset=&#8221;default&#8221; global_colors_info=&#8221;{}&#8221;][et_pb_column type=&#8221;4_4&#8243; _builder_version=&#8221;4.18.1&#8243; _module_preset=&#8221;default&#8221; global_colors_info=&#8221;{}&#8221;][et_pb_cta title=&#8221;Sportartikel Import&#8221; button_url=&#8221;\/kontakt\/&#8221; button_text=&#8221;Jetzt Auftrag buchen&#8221; _builder_version=&#8221;4.18.1&#8243; _module_preset=&#8221;default&#8221; hover_enabled=&#8221;0&#8243; global_colors_info=&#8221;{}&#8221; sticky_enabled=&#8221;0&#8243;]<\/p>\n<p>Durch die China Import Agentur Frisch gelingt Ihnen das China Gesch\u00e4ft wie bei den Profis.<\/p>\n<p>[\/et_pb_cta][\/et_pb_column][\/et_pb_row][et_pb_row _builder_version=&#8221;4.16&#8243; _module_preset=&#8221;default&#8221; global_colors_info=&#8221;{}&#8221;][et_pb_column type=&#8221;4_4&#8243; _builder_version=&#8221;4.16&#8243; _module_preset=&#8221;default&#8221; global_colors_info=&#8221;{}&#8221;][et_pb_text _builder_version=&#8221;4.27.2&#8243; _module_preset=&#8221;default&#8221; hover_enabled=&#8221;0&#8243; global_colors_info=&#8221;{}&#8221; sticky_enabled=&#8221;0&#8243;]<\/p>\n<h1>Sportartikel aus China &#8211; Importieren Sie Qualit\u00e4t f\u00fcr Ihren Markt<\/h1>\n<p><strong>Vom Tennisschl\u00e4ger bis zur H\u00fcpfburg alles aus China importieren<\/strong><\/p>\n<p>Die Bandbreite an Artikeln, die g\u00fcnstig aus China direkt vom Hersteller importiert werden k\u00f6nnen, ist enorm. Auch Produkte wie H\u00fcpfburgen und viele weitere Fun- und Sportartikel aus China k\u00f6nnen Sie \u00fcber die Agentur Frisch beziehen. Wir verf\u00fcgen \u00fcber gewachsene erstklassige Kontakte und k\u00f6nnen daher nicht nur den niedrigsten Preis realisieren, sondern auch f\u00fcr Zuverl\u00e4ssigkeit und Qualit\u00e4t garantieren. Dass wir unsere Versprechen wirklich ernst meinen, zeigt sich schon darin, dass wir eigene Pr\u00fcflabore betreiben und mit unserer Tochterfirma inspekt4u Inspektionen nach deutschem Standard durchf\u00fchren.<\/p>\n<p>Unser hoher Anspruch kommt Ihnen zugute, wenn Sie Produkte wie H\u00fcpfburgen, Sportartikel oder Freizeitartikel aus China kaufen.<\/p>\n<p>&nbsp;<\/p>\n<p><strong>Alles f\u00fcr Sport und Freizeit<\/strong><\/p>\n<p>Sie wollen Ihren Kunden hochwertige Produkte aus den Bereichen Sport und Freizeit anbieten? Dann sind wir Ihr starker Partner f\u00fcr den China-Import. Die Agentur Frisch verf\u00fcgt \u00fcber jahrelange Erfahrung und herausragende Expertise, um Ihnen genau den Hersteller zu vermitteln, der zu Ihrem Bedarf passt. Unter vielem anderen k\u00f6nnen Sie folgende Sportartikel aus China \u00fcber uns bestellen:<\/p>\n<ul>\n<li>Fussball-, Basketball- und weitere Ballsportartikel<\/li>\n<li>Golfartikel vom Schl\u00e4ger bis zum Caddy<\/li>\n<li>Ski &amp; Snowboarding<\/li>\n<li>Bootsport, Segelbedarf<\/li>\n<li>Reit- und Pferdesport<\/li>\n<\/ul>\n<p>&nbsp;<\/p>\n<p><strong>Ausstattung f\u00fcr Freizeitparks, Zirkus und Schaustellerbedarf<\/strong><\/p>\n<p>Darf es eine Nummer gr\u00f6\u00dfer sein? Wenn Sie nicht nur Artikel f\u00fcr den Individualsport anbieten wollen, sondern zum Beispiel einen kompletten Vergn\u00fcgungspark einrichten, finden wir f\u00fcr Sie genauso den passenden Handelspartner in China. Wir bieten Rundum-L\u00f6sungen und arbeiten mit absolut verl\u00e4sslichen, gepr\u00fcften Produzenten zusammen, die Ihnen einwandfreie Qualit\u00e4t garantieren k\u00f6nnen. So k\u00f6nnen Sie \u00fcber uns zum Beispiel beziehen:<\/p>\n<ul>\n<li>Karussells und Fahrgesch\u00e4fte<\/li>\n<li>Buden und St\u00e4nde<\/li>\n<li>Verbrauchsmaterial und Lebensmittel\/Rohstoffe<\/li>\n<li>Wohnanh\u00e4nger, Schlepper<\/li>\n<li>H\u00fcpfburgen aus China<\/li>\n<\/ul>\n<p>&nbsp;<\/p>\n<p><strong>H\u00fcpfburgen aus China \u2013 gepr\u00fcfte Qualit\u00e4t und gute Preise<\/strong><\/p>\n<p>H\u00fcpfburgen aus China geh\u00f6ren zu den Artikeln, bei denen die Sicherheit im Vordergrund steht. Wir sind uns auch bei diesem Produkt unserer Verantwortung bewusst und arbeiten nur mit Gesch\u00e4ftspartnern zusammen, von denen wir wissen, dass sie tadellose und nach entsprechenden DIN gepr\u00fcften H\u00fcpfburgen aus China liefern. So vermeiden Sie jedes Risiko und k\u00f6nnen mit Ihrem China-Import \u00fcber die Agentur Frisch absolut zufrieden sein.<\/p>\n<p>&nbsp;<\/p>\n<p>&nbsp;<\/p>\n<p><strong>Feiertags- und Dekoartikel g\u00fcnstig aus China importieren<\/strong><\/p>\n<p>Ob Weihnachtsschmuck oder Halloween-Deko, Faschingsverkleidung oder Ausstattung f\u00fcrs Oktoberfest \u2013 wir finden f\u00fcr Sie auch den richtigen Hersteller f\u00fcr Dekoartikel aus China, von dem Sie preiswert kaufen k\u00f6nnen. Gro\u00dfe St\u00fcckzahlen und exzellente Verbindungen machen es uns m\u00f6glich, Ihnen Preise zu vermitteln, die ihresgleichen suchen.<\/p>\n<p>&nbsp;<\/p>\n<p><strong>Beste Preise f\u00fcr Ihren Import von Sportartikeln direkt aus China<\/strong><\/p>\n<p>Wir machen keine Umwege und besch\u00e4ftigen f\u00fcr Ihr Import-Projekt so wenig Beteiligte wie m\u00f6glich. Diese kurzen Wege und die Direktheit sparen f\u00fcr Sie Geld und sorgen daf\u00fcr, dass wir stets die volle Kontrolle \u00fcber alles haben, was Ihren Einkauf von Sportartikeln aus China betrifft. So k\u00f6nnen wir einen reibungslosen und optimal gewinnbringenden Ablauf erm\u00f6glichen. Im Zuge besserer Transparenz und Kontrolle haben wir eigene Unternehmen aufgebaut, die f\u00fcr Pr\u00fcfung, Logistik und Lagerung zust\u00e4ndig sind. Die Agentur Frisch ist Ihr Full-Service-Dienstleister rund um den China-Import.<\/p>\n<p>Sprechen Sie uns an und wir ermitteln in einem Beratungsgespr\u00e4ch, welche Optionen es gibt und wie wir f\u00fcr Sie t\u00e4tig werden k\u00f6nnen. Wir \u00fcbernehmen auf Wunsch auch alle weiteren Schritte, von den Preisverhandlungen bis zu Kontrollen und Zertifizierungen, und gegebenenfalls auch das komplette Fulfillment.<\/p>\n<p><strong>\u00a0<\/strong><\/p>\n<p>[\/et_pb_text][\/et_pb_column][\/et_pb_row][\/et_pb_section][et_pb_section fb_built=&#8221;1&#8243; admin_label=&#8221;Testimonials&#8221; _builder_version=&#8221;4.16&#8243; use_background_color_gradient=&#8221;on&#8221; background_color_gradient_stops=&#8221;rgba(0,106,156,0.85) 0%|rgba(0,106,156,0.85) 100%&#8221; background_color_gradient_start=&#8221;rgba(0,106,156,0.85)&#8221; background_color_gradient_end=&#8221;rgba(0,106,156,0.85)&#8221; custom_padding=&#8221;90px||60px|&#8221; animation_style=&#8221;fold&#8221; animation_direction=&#8221;bottom&#8221; animation_intensity_fold=&#8221;4%&#8221; global_colors_info=&#8221;{}&#8221;][et_pb_row _builder_version=&#8221;4.16&#8243; background_size=&#8221;initial&#8221; background_position=&#8221;top_left&#8221; background_repeat=&#8221;repeat&#8221; custom_width_px=&#8221;710px&#8221; locked=&#8221;off&#8221; global_colors_info=&#8221;{}&#8221;][et_pb_column type=&#8221;4_4&#8243; _builder_version=&#8221;4.16&#8243; background_position=&#8221;top_left&#8221; custom_padding=&#8221;|||&#8221; global_colors_info=&#8221;{}&#8221; custom_padding__hover=&#8221;|||&#8221;][et_pb_text admin_label=&#8221;Testimonials Section Title&#8221; _builder_version=&#8221;4.16&#8243; header_font=&#8221;Montserrat||||&#8221; header_font_size=&#8221;36px&#8221; background_size=&#8221;initial&#8221; background_position=&#8221;top_left&#8221; background_repeat=&#8221;repeat&#8221; text_orientation=&#8221;center&#8221; background_layout=&#8221;dark&#8221; max_width=&#8221;710px&#8221; module_alignment=&#8221;center&#8221; animation_style=&#8221;fold&#8221; animation_direction=&#8221;bottom&#8221; animation_intensity_fold=&#8221;20%&#8221; global_colors_info=&#8221;{}&#8221;]<\/p>\n<h1>\u00dcber 5000 zufriedene Kunden.<\/h1>\n<p>&nbsp;<\/p>\n<p>[\/et_pb_text][et_pb_divider color=&#8221;#ffffff&#8221; divider_weight=&#8221;3px&#8221; disabled_on=&#8221;off|off|off&#8221; _builder_version=&#8221;4.16&#8243; background_color_gradient_direction=&#8221;90deg&#8221; max_width=&#8221;100px&#8221; module_alignment=&#8221;center&#8221; height=&#8221;5px&#8221; custom_margin=&#8221;||20px|&#8221; custom_padding=&#8221;||20px|&#8221; animation_style=&#8221;slide&#8221; animation_direction=&#8221;bottom&#8221; saved_tabs=&#8221;all&#8221; locked=&#8221;off&#8221; global_colors_info=&#8221;{}&#8221;][\/et_pb_divider][\/et_pb_column][\/et_pb_row][et_pb_row column_structure=&#8221;1_2,1_2&#8243; _builder_version=&#8221;4.18.1&#8243; _module_preset=&#8221;default&#8221; global_colors_info=&#8221;{}&#8221;][et_pb_column type=&#8221;1_2&#8243; _builder_version=&#8221;4.18.1&#8243; _module_preset=&#8221;default&#8221; global_colors_info=&#8221;{}&#8221;][et_pb_testimonial author=&#8221;Marco&#8221; portrait_url=&#8221;https:\/\/ag-frisch.com\/wp-content\/uploads\/2021\/08\/Harald.png&#8221; quote_icon=&#8221;off&#8221; _builder_version=&#8221;4.18.1&#8243; _module_preset=&#8221;default&#8221; body_font_size=&#8221;16px&#8221; use_background_color=&#8221;off&#8221; background_layout=&#8221;dark&#8221; global_colors_info=&#8221;{}&#8221;]Ich habe die Agentur Frisch beauftragt ein gr\u00f6\u00dferes M\u00f6belst\u00fcck in China produzieren zu lassen um es dann folglich nach Deutschland zu \u00fcberf\u00fchren. Per Mail erfolgte die ganze Zeit \u00fcber eine reibungslose Kommunikation! Sehr schnelle und zuverl\u00e4ssige Antworten vermittelten mir st\u00e4ndig die Sicherheiten, die bei so einen Unterfangen unerl\u00e4sslich sind. Jederzeit wurde mir durch den B\u00fcrokratiedschungel geholfen und dabei wurden keine Formulare vergessen oder falsch ausgef\u00fcllt. Sehr lobenswert!<a href=\"&lt;div class=&quot;pe-richsnippets&quot;&gt;&amp;nbsp;&lt;\/div&gt; &lt;script type=&quot;text\/javascript&quot; src=&quot;https:\/\/www.provenexpert.com\/widget\/richsnippet.js?u=1NUA0VwZ4RUZ5tmAi5zA4RaplNKAlWwZ&amp;v=2&quot; async&gt;&lt;\/script&gt; &lt;div style=&quot;text-align: justify;&quot;&gt;&lt;br \/&gt;\"><\/a><\/p>\n<div class=\"brow ratingBarMargin\">\n<div class=\"ratingBar\">\n<div class=\"brow\">\n<div class=\"pe-richsnippets\">&nbsp;<\/div>\n<p><script type=\"text\/javascript\" src=\"https:\/\/www.provenexpert.com\/widget\/richsnippet.js?u=1NUA0VwZ4RUZ5tmAi5zA4RaplNKAlWwZ&#038;v=2\" async><\/script><\/p>\n<div style=\"text-align: justify;\"><\/p>\n<div class=\"col-lg-9 col-md-8 col-xs-10 mt20 mb20\">\n<div class=\"col-xs-12 surveyNameForRating\"><\/div>\n<\/div>\n<\/div>\n<\/div>\n<\/div>\n<\/div>\n<p>[\/et_pb_testimonial][\/et_pb_column][et_pb_column type=&#8221;1_2&#8243; _builder_version=&#8221;4.18.1&#8243; _module_preset=&#8221;default&#8221; global_colors_info=&#8221;{}&#8221;][et_pb_testimonial author=&#8221;Simone L.&#8221; portrait_url=&#8221;https:\/\/ag-frisch.com\/wp-content\/uploads\/2021\/08\/Harald.png&#8221; quote_icon=&#8221;off&#8221; _builder_version=&#8221;4.18.1&#8243; _module_preset=&#8221;default&#8221; body_font_size=&#8221;16px&#8221; use_background_color=&#8221;off&#8221; background_layout=&#8221;dark&#8221; global_colors_info=&#8221;{}&#8221;]<\/p>\n<p>Alles Top. Besser geht nicht. Beratung und Durchf\u00fchrung kann man nicht besser machen. Wir sind nach mehreren Bestellungen bei diesem Unternehmen mehr als zufrieden und setzen die Zusammenarbeit fort.<\/p>\n<div class=\"brow ratingBarMargin\">\n<div class=\"ratingBar\">\n<div class=\"brow\">\n<div class=\"pe-richsnippets\">\u00a0<\/div>\n<p>\n<script type=\"text\/javascript\" src=\"https:\/\/www.provenexpert.com\/widget\/richsnippet.js?u=1NUA0VwZ4RUZ5tmAi5zA4RaplNKAlWwZ&amp;v=2\" async=\"\"><\/script>\n<\/p>\n<div style=\"text-align: justify;\">\n<p>&nbsp;<\/p>\n<div class=\"col-lg-9 col-md-8 col-xs-10 mt20 mb20\">\n<div class=\"col-xs-12 surveyNameForRating\"><\/div>\n<\/div>\n<\/div>\n<\/div>\n<\/div>\n<\/div>\n<p>[\/et_pb_testimonial][\/et_pb_column][\/et_pb_row][et_pb_row _builder_version=&#8221;4.16&#8243; background_size=&#8221;initial&#8221; background_position=&#8221;top_left&#8221; background_repeat=&#8221;repeat&#8221; custom_padding=&#8221;50px|0px|30px|0px&#8221; custom_css_main_element=&#8221;text-align: center;&#8221; global_colors_info=&#8221;{}&#8221;][et_pb_column type=&#8221;4_4&#8243; _builder_version=&#8221;4.16&#8243; custom_padding=&#8221;|||&#8221; global_colors_info=&#8221;{}&#8221; custom_padding__hover=&#8221;|||&#8221;][et_pb_button button_url=&#8221;https:\/\/www.provenexpert.com\/de-de\/agentur-frisch-international-consulting-gmbh-und-co-kg\/&#8221; button_text=&#8221;MEHR BEWERTUNGEN&#8221; button_alignment=&#8221;left&#8221; admin_label=&#8221;Testimonial Button&#8221; _builder_version=&#8221;4.16&#8243; custom_button=&#8221;on&#8221; button_text_size=&#8221;18px&#8221; button_text_color=&#8221;#ffffff&#8221; button_bg_color=&#8221;#6eba01&#8243; button_border_width=&#8221;2px&#8221; button_border_color=&#8221;#6eba01&#8243; button_border_radius=&#8221;0px&#8221; button_letter_spacing=&#8221;2px&#8221; button_font=&#8221;Montserrat|||on|&#8221; button_use_icon=&#8221;off&#8221; animation_style=&#8221;fold&#8221; animation_direction=&#8221;bottom&#8221; button_text_color_hover=&#8221;#ffffff&#8221; button_border_color_hover=&#8221;#ffffff&#8221; button_border_radius_hover=&#8221;0px&#8221; button_letter_spacing_hover=&#8221;2px&#8221; button_bg_color_hover=&#8221;rgba(255,255,255,0)&#8221; locked=&#8221;off&#8221; global_colors_info=&#8221;{}&#8221; button_text_size__hover_enabled=&#8221;off&#8221; button_one_text_size__hover_enabled=&#8221;off&#8221; button_two_text_size__hover_enabled=&#8221;off&#8221; button_text_color__hover_enabled=&#8221;on&#8221; button_text_color__hover=&#8221;#ffffff&#8221; button_one_text_color__hover_enabled=&#8221;off&#8221; button_two_text_color__hover_enabled=&#8221;off&#8221; button_border_width__hover_enabled=&#8221;off&#8221; button_one_border_width__hover_enabled=&#8221;off&#8221; button_two_border_width__hover_enabled=&#8221;off&#8221; button_border_color__hover_enabled=&#8221;on&#8221; button_border_color__hover=&#8221;#ffffff&#8221; button_one_border_color__hover_enabled=&#8221;off&#8221; button_two_border_color__hover_enabled=&#8221;off&#8221; button_border_radius__hover_enabled=&#8221;on&#8221; button_border_radius__hover=&#8221;0px&#8221; button_one_border_radius__hover_enabled=&#8221;off&#8221; button_two_border_radius__hover_enabled=&#8221;off&#8221; button_letter_spacing__hover_enabled=&#8221;on&#8221; button_letter_spacing__hover=&#8221;2px&#8221; button_one_letter_spacing__hover_enabled=&#8221;off&#8221; button_two_letter_spacing__hover_enabled=&#8221;off&#8221; button_bg_color__hover_enabled=&#8221;on&#8221; button_bg_color__hover=&#8221;rgba(255,255,255,0)&#8221; button_one_bg_color__hover_enabled=&#8221;off&#8221; button_two_bg_color__hover_enabled=&#8221;off&#8221;][\/et_pb_button][\/et_pb_column][\/et_pb_row][\/et_pb_section]<\/p>\n","protected":false},"excerpt":{"rendered":"<p>Durch die China Import Agentur Frisch gelingt Ihnen das China Gesch\u00e4ft wie bei den Profis.Sportartikel aus China &#8211; Importieren Sie Qualit\u00e4t f\u00fcr Ihren Markt Vom Tennisschl\u00e4ger bis zur H\u00fcpfburg alles aus China importieren Die Bandbreite an Artikeln, die g\u00fcnstig aus China direkt vom Hersteller importiert werden k\u00f6nnen, ist enorm. Auch Produkte wie H\u00fcpfburgen und viele [&hellip;]<\/p>\n","protected":false},"author":2,"featured_media":0,"parent":0,"menu_order":0,"comment_status":"closed","ping_status":"closed","template":"","meta":{"_et_pb_use_builder":"on","_et_pb_old_content":"","_et_gb_content_width":"","footnotes":""},"class_list":["post-2166","page","type-page","status-publish","hentry"],"yoast_head":"<!-- This site is optimized with the Yoast SEO plugin v27.4 - https:\/\/yoast.com\/product\/yoast-seo-wordpress\/ -->\n<title>Sportartikel aus China - Direktimport zu besten Preisen<\/title>\n<meta name=\"description\" content=\"Sportartikel aus China importieren - G\u00fcnstige Preise &amp; gepr\u00fcfte Qualit\u00e4t \u2714 Fitness- &amp; Ballsport \u2714 Outdoor- &amp; Wassersport \u25ba Jetzt beraten lassen!\" \/>\n<meta name=\"robots\" content=\"index, follow, max-snippet:-1, max-image-preview:large, max-video-preview:-1\" \/>\n<link rel=\"canonical\" href=\"https:\/\/ag-frisch.com\/de\/sportartikel-aus-china\/\" \/>\n<meta property=\"og:locale\" content=\"de_DE\" \/>\n<meta property=\"og:type\" content=\"article\" \/>\n<meta property=\"og:title\" content=\"Sportartikel aus China - Direktimport zu besten Preisen\" \/>\n<meta property=\"og:description\" content=\"Sportartikel aus China importieren - G\u00fcnstige Preise &amp; gepr\u00fcfte Qualit\u00e4t \u2714 Fitness- &amp; Ballsport \u2714 Outdoor- &amp; Wassersport \u25ba Jetzt beraten lassen!\" \/>\n<meta property=\"og:url\" content=\"https:\/\/ag-frisch.com\/de\/sportartikel-aus-china\/\" \/>\n<meta property=\"og:site_name\" content=\"China Import Beratung f\u00fcr den Einkauf aus China\" \/>\n<meta property=\"article:publisher\" content=\"https:\/\/www.facebook.com\/China.Import\" \/>\n<meta property=\"article:modified_time\" content=\"2025-04-02T17:09:51+00:00\" \/>\n<meta name=\"twitter:card\" content=\"summary_large_image\" \/>\n<meta name=\"twitter:site\" content=\"@agenturfrisch\" \/>\n<script type=\"application\/ld+json\" class=\"yoast-schema-graph\">{\"@context\":\"https:\\\/\\\/schema.org\",\"@graph\":[{\"@type\":\"WebPage\",\"@id\":\"https:\\\/\\\/ag-frisch.com\\\/de\\\/sportartikel-aus-china\\\/\",\"url\":\"https:\\\/\\\/ag-frisch.com\\\/de\\\/sportartikel-aus-china\\\/\",\"name\":\"Sportartikel aus China - Direktimport zu besten Preisen\",\"isPartOf\":{\"@id\":\"https:\\\/\\\/ag-frisch.com\\\/de\\\/#website\"},\"datePublished\":\"2022-05-28T13:25:56+00:00\",\"dateModified\":\"2025-04-02T17:09:51+00:00\",\"description\":\"Sportartikel aus China importieren - G\u00fcnstige Preise & gepr\u00fcfte Qualit\u00e4t \u2714 Fitness- & Ballsport \u2714 Outdoor- & Wassersport \u25ba Jetzt beraten lassen!\",\"breadcrumb\":{\"@id\":\"https:\\\/\\\/ag-frisch.com\\\/de\\\/sportartikel-aus-china\\\/#breadcrumb\"},\"inLanguage\":\"de\",\"potentialAction\":[{\"@type\":\"ReadAction\",\"target\":[\"https:\\\/\\\/ag-frisch.com\\\/de\\\/sportartikel-aus-china\\\/\"]}]},{\"@type\":\"BreadcrumbList\",\"@id\":\"https:\\\/\\\/ag-frisch.com\\\/de\\\/sportartikel-aus-china\\\/#breadcrumb\",\"itemListElement\":[{\"@type\":\"ListItem\",\"position\":1,\"name\":\"Startseite\",\"item\":\"https:\\\/\\\/ag-frisch.com\\\/de\\\/\"},{\"@type\":\"ListItem\",\"position\":2,\"name\":\"Sportartikel aus China\"}]},{\"@type\":\"WebSite\",\"@id\":\"https:\\\/\\\/ag-frisch.com\\\/de\\\/#website\",\"url\":\"https:\\\/\\\/ag-frisch.com\\\/de\\\/\",\"name\":\"China Import Beratung f\u00fcr den Einkauf aus China\",\"description\":\"China Import &amp; Export Beratung - Der Dienstleister Ihres Vertrauens f\u00fcr Ihren China Import\",\"publisher\":{\"@id\":\"https:\\\/\\\/ag-frisch.com\\\/de\\\/#organization\"},\"potentialAction\":[{\"@type\":\"SearchAction\",\"target\":{\"@type\":\"EntryPoint\",\"urlTemplate\":\"https:\\\/\\\/ag-frisch.com\\\/de\\\/?s={search_term_string}\"},\"query-input\":{\"@type\":\"PropertyValueSpecification\",\"valueRequired\":true,\"valueName\":\"search_term_string\"}}],\"inLanguage\":\"de\"},{\"@type\":\"Organization\",\"@id\":\"https:\\\/\\\/ag-frisch.com\\\/de\\\/#organization\",\"name\":\"Agentur Frisch International Consulting GmbH & Co. KG\",\"url\":\"https:\\\/\\\/ag-frisch.com\\\/de\\\/\",\"logo\":{\"@type\":\"ImageObject\",\"inLanguage\":\"de\",\"@id\":\"https:\\\/\\\/ag-frisch.com\\\/de\\\/#\\\/schema\\\/logo\\\/image\\\/\",\"url\":\"https:\\\/\\\/ag-frisch.com\\\/wp-content\\\/uploads\\\/2021\\\/08\\\/ag_logo_rgb_300_small.png\",\"contentUrl\":\"https:\\\/\\\/ag-frisch.com\\\/wp-content\\\/uploads\\\/2021\\\/08\\\/ag_logo_rgb_300_small.png\",\"width\":153,\"height\":102,\"caption\":\"Agentur Frisch International Consulting GmbH & Co. KG\"},\"image\":{\"@id\":\"https:\\\/\\\/ag-frisch.com\\\/de\\\/#\\\/schema\\\/logo\\\/image\\\/\"},\"sameAs\":[\"https:\\\/\\\/www.facebook.com\\\/China.Import\",\"https:\\\/\\\/x.com\\\/agenturfrisch\"]}]}<\/script>\n<!-- \/ Yoast SEO plugin. -->","yoast_head_json":{"title":"Sportartikel aus China - Direktimport zu besten Preisen","description":"Sportartikel aus China importieren - G\u00fcnstige Preise & gepr\u00fcfte Qualit\u00e4t \u2714 Fitness- & Ballsport \u2714 Outdoor- & Wassersport \u25ba Jetzt beraten lassen!","robots":{"index":"index","follow":"follow","max-snippet":"max-snippet:-1","max-image-preview":"max-image-preview:large","max-video-preview":"max-video-preview:-1"},"canonical":"https:\/\/ag-frisch.com\/de\/sportartikel-aus-china\/","og_locale":"de_DE","og_type":"article","og_title":"Sportartikel aus China - Direktimport zu besten Preisen","og_description":"Sportartikel aus China importieren - G\u00fcnstige Preise & gepr\u00fcfte Qualit\u00e4t \u2714 Fitness- & Ballsport \u2714 Outdoor- & Wassersport \u25ba Jetzt beraten lassen!","og_url":"https:\/\/ag-frisch.com\/de\/sportartikel-aus-china\/","og_site_name":"China Import Beratung f\u00fcr den Einkauf aus China","article_publisher":"https:\/\/www.facebook.com\/China.Import","article_modified_time":"2025-04-02T17:09:51+00:00","twitter_card":"summary_large_image","twitter_site":"@agenturfrisch","schema":{"@context":"https:\/\/schema.org","@graph":[{"@type":"WebPage","@id":"https:\/\/ag-frisch.com\/de\/sportartikel-aus-china\/","url":"https:\/\/ag-frisch.com\/de\/sportartikel-aus-china\/","name":"Sportartikel aus China - Direktimport zu besten Preisen","isPartOf":{"@id":"https:\/\/ag-frisch.com\/de\/#website"},"datePublished":"2022-05-28T13:25:56+00:00","dateModified":"2025-04-02T17:09:51+00:00","description":"Sportartikel aus China importieren - G\u00fcnstige Preise & gepr\u00fcfte Qualit\u00e4t \u2714 Fitness- & Ballsport \u2714 Outdoor- & Wassersport \u25ba Jetzt beraten lassen!","breadcrumb":{"@id":"https:\/\/ag-frisch.com\/de\/sportartikel-aus-china\/#breadcrumb"},"inLanguage":"de","potentialAction":[{"@type":"ReadAction","target":["https:\/\/ag-frisch.com\/de\/sportartikel-aus-china\/"]}]},{"@type":"BreadcrumbList","@id":"https:\/\/ag-frisch.com\/de\/sportartikel-aus-china\/#breadcrumb","itemListElement":[{"@type":"ListItem","position":1,"name":"Startseite","item":"https:\/\/ag-frisch.com\/de\/"},{"@type":"ListItem","position":2,"name":"Sportartikel aus China"}]},{"@type":"WebSite","@id":"https:\/\/ag-frisch.com\/de\/#website","url":"https:\/\/ag-frisch.com\/de\/","name":"China Import Beratung f\u00fcr den Einkauf aus China","description":"China Import &amp; Export Beratung - Der Dienstleister Ihres Vertrauens f\u00fcr Ihren China Import","publisher":{"@id":"https:\/\/ag-frisch.com\/de\/#organization"},"potentialAction":[{"@type":"SearchAction","target":{"@type":"EntryPoint","urlTemplate":"https:\/\/ag-frisch.com\/de\/?s={search_term_string}"},"query-input":{"@type":"PropertyValueSpecification","valueRequired":true,"valueName":"search_term_string"}}],"inLanguage":"de"},{"@type":"Organization","@id":"https:\/\/ag-frisch.com\/de\/#organization","name":"Agentur Frisch International Consulting GmbH & Co. KG","url":"https:\/\/ag-frisch.com\/de\/","logo":{"@type":"ImageObject","inLanguage":"de","@id":"https:\/\/ag-frisch.com\/de\/#\/schema\/logo\/image\/","url":"https:\/\/ag-frisch.com\/wp-content\/uploads\/2021\/08\/ag_logo_rgb_300_small.png","contentUrl":"https:\/\/ag-frisch.com\/wp-content\/uploads\/2021\/08\/ag_logo_rgb_300_small.png","width":153,"height":102,"caption":"Agentur Frisch International Consulting GmbH & Co. KG"},"image":{"@id":"https:\/\/ag-frisch.com\/de\/#\/schema\/logo\/image\/"},"sameAs":["https:\/\/www.facebook.com\/China.Import","https:\/\/x.com\/agenturfrisch"]}]}},"_links":{"self":[{"href":"https:\/\/ag-frisch.com\/de\/wp-json\/wp\/v2\/pages\/2166","targetHints":{"allow":["GET"]}}],"collection":[{"href":"https:\/\/ag-frisch.com\/de\/wp-json\/wp\/v2\/pages"}],"about":[{"href":"https:\/\/ag-frisch.com\/de\/wp-json\/wp\/v2\/types\/page"}],"author":[{"embeddable":true,"href":"https:\/\/ag-frisch.com\/de\/wp-json\/wp\/v2\/users\/2"}],"replies":[{"embeddable":true,"href":"https:\/\/ag-frisch.com\/de\/wp-json\/wp\/v2\/comments?post=2166"}],"version-history":[{"count":1,"href":"https:\/\/ag-frisch.com\/de\/wp-json\/wp\/v2\/pages\/2166\/revisions"}],"predecessor-version":[{"id":20232,"href":"https:\/\/ag-frisch.com\/de\/wp-json\/wp\/v2\/pages\/2166\/revisions\/20232"}],"wp:attachment":[{"href":"https:\/\/ag-frisch.com\/de\/wp-json\/wp\/v2\/media?parent=2166"}],"curies":[{"name":"wp","href":"https:\/\/api.w.org\/{rel}","templated":true}]}}