{"id":2170,"date":"2022-05-28T15:29:05","date_gmt":"2022-05-28T13:29:05","guid":{"rendered":"https:\/\/ag-frisch.com\/?page_id=2170"},"modified":"2025-04-02T19:14:04","modified_gmt":"2025-04-02T17:14:04","slug":"tierbedarf-aus-china","status":"publish","type":"page","link":"https:\/\/ag-frisch.com\/de\/tierbedarf-aus-china\/","title":{"rendered":"Tierbedarf aus China"},"content":{"rendered":"<p>[et_pb_section fb_built=&#8221;1&#8243; _builder_version=&#8221;4.16&#8243; _module_preset=&#8221;default&#8221; global_colors_info=&#8221;{}&#8221;][et_pb_row _builder_version=&#8221;4.18.1&#8243; _module_preset=&#8221;default&#8221; global_colors_info=&#8221;{}&#8221;][et_pb_column type=&#8221;4_4&#8243; _builder_version=&#8221;4.18.1&#8243; _module_preset=&#8221;default&#8221; global_colors_info=&#8221;{}&#8221;][et_pb_cta title=&#8221;Import von Tierbedarf&#8221; button_url=&#8221;\/kontakt\/&#8221; button_text=&#8221;Jetzt Auftrag buchen&#8221; _builder_version=&#8221;4.18.1&#8243; _module_preset=&#8221;default&#8221; global_colors_info=&#8221;{}&#8221;]<\/p>\n<p>Durch die China Import Agentur Frisch gelingt Ihnen das China Gesch\u00e4ft wie bei den Profis.<\/p>\n<p>[\/et_pb_cta][\/et_pb_column][\/et_pb_row][et_pb_row _builder_version=&#8221;4.16&#8243; _module_preset=&#8221;default&#8221; global_colors_info=&#8221;{}&#8221;][et_pb_column type=&#8221;4_4&#8243; _builder_version=&#8221;4.16&#8243; _module_preset=&#8221;default&#8221; global_colors_info=&#8221;{}&#8221;][et_pb_text _builder_version=&#8221;4.27.2&#8243; _module_preset=&#8221;default&#8221; hover_enabled=&#8221;0&#8243; global_colors_info=&#8221;{}&#8221; sticky_enabled=&#8221;0&#8243;]<\/p>\n<h1>Tierbedarf aus China: G\u00fcnstige Produkte f\u00fcr Tierliebhaber<\/h1>\n<p><strong>Vom Hamsterrad bis zur Melkanlage \u2013 alles rund ums Tier<\/strong><\/p>\n<p>Sie sind Besitzer einer Kette von Tierbedarfs-Shops oder gro\u00dfer Internetverk\u00e4ufer zum Beispiel auf Amazon, eBay oder mit eigener Webseite? Sie wollen Ihren Kunden die besten Preise bieten und selbst die Gewinne maximieren?<\/p>\n<p>Dann sind Sie absolut richtig bei der Agentur Frisch. Wir sind Ihr seri\u00f6ser und g\u00fcnstiger Direktimporteur von Tierbedarf aus China. Unsere jahrelange Erfahrung und die besten Connections machen es uns m\u00f6glich, Ihnen Tierbedarf aus China zu konkurrenzlosen Preisen vermitteln zu k\u00f6nnen. Ob Hundedecken, Hundebetten oder anderer Tierbedarf aus China \u2013 bei uns sind Sie an der richtigen Adresse.<\/p>\n<p><strong>Alles f\u00fcr den besten Freund des Menschen<\/strong><\/p>\n<p>Hundedecken, Hundebetten, Halsb\u00e4nder und mehr aus China \u2013 wir haben die besten Verbindungen zu Herstellern von Hundebedarf, um Ihnen optimale Deals zu erm\u00f6glichen. Hochwertige Qualit\u00e4t zum niedrigen Preis ist bei uns eine Selbstverst\u00e4ndlichkeit. Wir wollen Ihre Erwartungen \u00fcbertreffen \u2013 und haben genau deswegen jede Menge treuer Stammkunden. Im Segment Hundebedarf k\u00f6nnen wir Ihnen unter vielem anderen diese Produkte anbieten:<\/p>\n<ul>\n<li>Hundedecken aus China<\/li>\n<li>Hundebetten aus China<\/li>\n<li>Hundeh\u00e4user und Hundeh\u00fctten<\/li>\n<li>Halsb\u00e4nder und Leinen<\/li>\n<li>Hundespielzeug aus China<\/li>\n<li>Hundenahrung und Leckerlies<\/li>\n<\/ul>\n<p><strong>Katzen-Spielzeug und Kratzb\u00e4ume aus China importieren<\/strong><\/p>\n<p>Auch f\u00fcr das zweitliebste Haustier der Deutschen finden wir den passenden Produzenten f\u00fcr Ihre Anspr\u00fcche. Von der Katzenangel \u00fcber Katzentoiletten, Katzenk\u00e4fige und Kratzb\u00e4ume bis hin zu Komplett-Ausstattungen, Wurfh\u00f6hlen und Z\u00fcchterbedarf ist \u00fcber uns alles an Katzen- und anderem Tierbedarf aus China zu erhalten.<\/p>\n<p><strong>Ausstattung f\u00fcr Kleintiere vom Gro\u00dfhandel<\/strong><\/p>\n<p>Neben Hund und Katze werden in Deutschland noch viele andere Tierarten gehalten, der Markt f\u00fcr die entsprechenden Produkte ist gro\u00df. Wir versorgen Sie auch mit Tierbedarf aus China f\u00fcr zum Beispiel:<\/p>\n<ul>\n<li>V\u00f6gel (Vogelk\u00e4fige, Tr\u00e4nken und Vogelfutter)<\/li>\n<li>Hamster (Hamsterk\u00e4fige, Hamsterr\u00e4der)<\/li>\n<li>Meerschweinchen (K\u00e4fige, H\u00f6hlen)<\/li>\n<li>Kaninchen (Kaninchenst\u00e4lle, Freigehege, Tr\u00e4nken)<\/li>\n<\/ul>\n<p><strong>Aquaristik und Terraristik direkt vom Hersteller aus China<\/strong><\/p>\n<p>Selbstverst\u00e4ndlich bieten wir Ihnen auch s\u00e4mtlichen Tierbedarf aus China rund um Fische und Terrarienbewohner. Ob Gecko, Leguan, Bartagame, Vogelspinne oder Natter \u2013 wir vermitteln Hersteller von Tierbedarf aus China in gro\u00dfen St\u00fcckzahlen auch im Bereich Terrarien, Aquarien und Aquarienausstattung. Dazu z\u00e4hlen beispielsweise Filtersysteme, Bodengrund, Aquarien-Deko, Fischfutter, Abdeckungen und vieles mehr. Auch f\u00fcr Outdoor-Teiche und Freigehege finden wir den optimalen Zulieferer f\u00fcr Sie. Sprechen Sie uns an und wir kl\u00e4ren in einem Beratungsgespr\u00e4ch, was wir f\u00fcr Sie tun k\u00f6nnen.<\/p>\n<p><strong>Equipment f\u00fcr die Nutztierhaltung aus China importieren<\/strong><\/p>\n<p>Sie wollen eine H\u00fchnerfarm aufbauen oder eine Rinderzucht neu gestalten? Auch f\u00fcr solche Gro\u00dfprojekte haben wir in China den f\u00fcr Sie passenden Gesch\u00e4ftspartner. Melkanlagen, Legebatterien und vieles mehr l\u00e4sst sich \u00fcber uns zu deutlich g\u00fcnstigeren Preisen einkaufen \u2013 nat\u00fcrlich zu Standards, die deutschen und europ\u00e4ischen Anforderungen entsprechen.<\/p>\n<p><strong>Unser Geheimnis: Erfahrung und kontrollierte Qualit\u00e4t<\/strong><\/p>\n<p>Wir wollen zu den Besten geh\u00f6ren und geben uns nicht mit weniger zufrieden. Von diesem hohen Anspruch der Agentur Frisch profitieren Sie als Kunde direkt: Unsere Professionalit\u00e4t und Zuverl\u00e4ssigkeit ersparen Ihnen Kosten, Zeit und Nerven. Um unseren Idealen gerecht zu werden, \u00fcbernehmen wir kritische Schritte selbst: Die Qualit\u00e4tskontrolle in der Produktion etwa, oder Laborpr\u00fcfungen sensibler Produkte. So gibt es weder beim Zoll noch sp\u00e4ter nach dem Verkauf \u00e4rgerliche Schwierigkeiten \u2013 gute Arbeit zahlt sich eben buchst\u00e4blich aus.<\/p>\n<p><strong>Kontaktieren Sie uns mit Ihrer Anfrage f\u00fcr den Import von Tierbedarf aus China!<\/strong><\/p>\n<p>[\/et_pb_text][\/et_pb_column][\/et_pb_row][\/et_pb_section][et_pb_section fb_built=&#8221;1&#8243; admin_label=&#8221;Testimonials&#8221; _builder_version=&#8221;4.16&#8243; use_background_color_gradient=&#8221;on&#8221; background_color_gradient_stops=&#8221;rgba(0,106,156,0.85) 0%|rgba(0,106,156,0.85) 100%&#8221; background_color_gradient_start=&#8221;rgba(0,106,156,0.85)&#8221; background_color_gradient_end=&#8221;rgba(0,106,156,0.85)&#8221; custom_padding=&#8221;90px||60px|&#8221; animation_style=&#8221;fold&#8221; animation_direction=&#8221;bottom&#8221; animation_intensity_fold=&#8221;4%&#8221; global_colors_info=&#8221;{}&#8221;][et_pb_row _builder_version=&#8221;4.16&#8243; background_size=&#8221;initial&#8221; background_position=&#8221;top_left&#8221; background_repeat=&#8221;repeat&#8221; custom_width_px=&#8221;710px&#8221; locked=&#8221;off&#8221; global_colors_info=&#8221;{}&#8221;][et_pb_column type=&#8221;4_4&#8243; _builder_version=&#8221;4.16&#8243; background_position=&#8221;top_left&#8221; custom_padding=&#8221;|||&#8221; global_colors_info=&#8221;{}&#8221; custom_padding__hover=&#8221;|||&#8221;][et_pb_text admin_label=&#8221;Testimonials Section Title&#8221; _builder_version=&#8221;4.16&#8243; header_font=&#8221;Montserrat||||&#8221; header_font_size=&#8221;36px&#8221; background_size=&#8221;initial&#8221; background_position=&#8221;top_left&#8221; background_repeat=&#8221;repeat&#8221; text_orientation=&#8221;center&#8221; background_layout=&#8221;dark&#8221; max_width=&#8221;710px&#8221; module_alignment=&#8221;center&#8221; animation_style=&#8221;fold&#8221; animation_direction=&#8221;bottom&#8221; animation_intensity_fold=&#8221;20%&#8221; global_colors_info=&#8221;{}&#8221;]<\/p>\n<h1>\u00dcber 5000 zufriedene Kunden.<\/h1>\n<p>&nbsp;<\/p>\n<p>[\/et_pb_text][et_pb_divider color=&#8221;#ffffff&#8221; divider_weight=&#8221;3px&#8221; disabled_on=&#8221;off|off|off&#8221; _builder_version=&#8221;4.16&#8243; background_color_gradient_direction=&#8221;90deg&#8221; max_width=&#8221;100px&#8221; module_alignment=&#8221;center&#8221; height=&#8221;5px&#8221; custom_margin=&#8221;||20px|&#8221; custom_padding=&#8221;||20px|&#8221; animation_style=&#8221;slide&#8221; animation_direction=&#8221;bottom&#8221; saved_tabs=&#8221;all&#8221; locked=&#8221;off&#8221; global_colors_info=&#8221;{}&#8221;][\/et_pb_divider][\/et_pb_column][\/et_pb_row][et_pb_row column_structure=&#8221;1_2,1_2&#8243; _builder_version=&#8221;4.18.1&#8243; _module_preset=&#8221;default&#8221; global_colors_info=&#8221;{}&#8221;][et_pb_column type=&#8221;1_2&#8243; _builder_version=&#8221;4.18.1&#8243; _module_preset=&#8221;default&#8221; global_colors_info=&#8221;{}&#8221;][et_pb_testimonial author=&#8221;Marco&#8221; portrait_url=&#8221;https:\/\/ag-frisch.com\/wp-content\/uploads\/2021\/08\/Harald.png&#8221; quote_icon=&#8221;off&#8221; _builder_version=&#8221;4.18.1&#8243; _module_preset=&#8221;default&#8221; body_font_size=&#8221;16px&#8221; use_background_color=&#8221;off&#8221; background_layout=&#8221;dark&#8221; global_colors_info=&#8221;{}&#8221;]Ich habe die Agentur Frisch beauftragt ein gr\u00f6\u00dferes M\u00f6belst\u00fcck in China produzieren zu lassen um es dann folglich nach Deutschland zu \u00fcberf\u00fchren. Per Mail erfolgte die ganze Zeit \u00fcber eine reibungslose Kommunikation! Sehr schnelle und zuverl\u00e4ssige Antworten vermittelten mir st\u00e4ndig die Sicherheiten, die bei so einen Unterfangen unerl\u00e4sslich sind. Jederzeit wurde mir durch den B\u00fcrokratiedschungel geholfen und dabei wurden keine Formulare vergessen oder falsch ausgef\u00fcllt. Sehr lobenswert!<a href=\"&lt;div class=&quot;pe-richsnippets&quot;&gt;&amp;nbsp;&lt;\/div&gt; &lt;script type=&quot;text\/javascript&quot; src=&quot;https:\/\/www.provenexpert.com\/widget\/richsnippet.js?u=1NUA0VwZ4RUZ5tmAi5zA4RaplNKAlWwZ&amp;v=2&quot; async&gt;&lt;\/script&gt; &lt;div style=&quot;text-align: justify;&quot;&gt;&lt;br \/&gt;\"><\/a><\/p>\n<div class=\"brow ratingBarMargin\">\n<div class=\"ratingBar\">\n<div class=\"brow\">\n<div class=\"pe-richsnippets\">&nbsp;<\/div>\n<p><script type=\"text\/javascript\" src=\"https:\/\/www.provenexpert.com\/widget\/richsnippet.js?u=1NUA0VwZ4RUZ5tmAi5zA4RaplNKAlWwZ&#038;v=2\" async><\/script><\/p>\n<div style=\"text-align: justify;\"><\/p>\n<div class=\"col-lg-9 col-md-8 col-xs-10 mt20 mb20\">\n<div class=\"col-xs-12 surveyNameForRating\"><\/div>\n<\/div>\n<\/div>\n<\/div>\n<\/div>\n<\/div>\n<p>[\/et_pb_testimonial][\/et_pb_column][et_pb_column type=&#8221;1_2&#8243; _builder_version=&#8221;4.18.1&#8243; _module_preset=&#8221;default&#8221; global_colors_info=&#8221;{}&#8221;][et_pb_testimonial author=&#8221;Simone L.&#8221; portrait_url=&#8221;https:\/\/ag-frisch.com\/wp-content\/uploads\/2021\/08\/Harald.png&#8221; quote_icon=&#8221;off&#8221; _builder_version=&#8221;4.18.1&#8243; _module_preset=&#8221;default&#8221; body_font_size=&#8221;16px&#8221; use_background_color=&#8221;off&#8221; background_layout=&#8221;dark&#8221; global_colors_info=&#8221;{}&#8221;]<\/p>\n<p>Alles Top. Besser geht nicht. Beratung und Durchf\u00fchrung kann man nicht besser machen. Wir sind nach mehreren Bestellungen bei diesem Unternehmen mehr als zufrieden und setzen die Zusammenarbeit fort.<\/p>\n<div class=\"brow ratingBarMargin\">\n<div class=\"ratingBar\">\n<div class=\"brow\">\n<div class=\"pe-richsnippets\">\u00a0<\/div>\n<p>\n<script type=\"text\/javascript\" src=\"https:\/\/www.provenexpert.com\/widget\/richsnippet.js?u=1NUA0VwZ4RUZ5tmAi5zA4RaplNKAlWwZ&amp;v=2\" async=\"\"><\/script>\n<\/p>\n<div style=\"text-align: justify;\">\n<p>&nbsp;<\/p>\n<div class=\"col-lg-9 col-md-8 col-xs-10 mt20 mb20\">\n<div class=\"col-xs-12 surveyNameForRating\"><\/div>\n<\/div>\n<\/div>\n<\/div>\n<\/div>\n<\/div>\n<p>[\/et_pb_testimonial][\/et_pb_column][\/et_pb_row][et_pb_row _builder_version=&#8221;4.16&#8243; background_size=&#8221;initial&#8221; background_position=&#8221;top_left&#8221; background_repeat=&#8221;repeat&#8221; custom_padding=&#8221;50px|0px|30px|0px&#8221; custom_css_main_element=&#8221;text-align: center;&#8221; global_colors_info=&#8221;{}&#8221;][et_pb_column type=&#8221;4_4&#8243; _builder_version=&#8221;4.16&#8243; custom_padding=&#8221;|||&#8221; global_colors_info=&#8221;{}&#8221; custom_padding__hover=&#8221;|||&#8221;][et_pb_button button_url=&#8221;https:\/\/www.provenexpert.com\/de-de\/agentur-frisch-international-consulting-gmbh-und-co-kg\/&#8221; button_text=&#8221;MEHR BEWERTUNGEN&#8221; button_alignment=&#8221;left&#8221; admin_label=&#8221;Testimonial Button&#8221; _builder_version=&#8221;4.16&#8243; custom_button=&#8221;on&#8221; button_text_size=&#8221;18px&#8221; button_text_color=&#8221;#ffffff&#8221; button_bg_color=&#8221;#6eba01&#8243; button_border_width=&#8221;2px&#8221; button_border_color=&#8221;#6eba01&#8243; button_border_radius=&#8221;0px&#8221; button_letter_spacing=&#8221;2px&#8221; button_font=&#8221;Montserrat|||on|&#8221; button_use_icon=&#8221;off&#8221; animation_style=&#8221;fold&#8221; animation_direction=&#8221;bottom&#8221; button_text_color_hover=&#8221;#ffffff&#8221; button_border_color_hover=&#8221;#ffffff&#8221; button_border_radius_hover=&#8221;0px&#8221; button_letter_spacing_hover=&#8221;2px&#8221; button_bg_color_hover=&#8221;rgba(255,255,255,0)&#8221; locked=&#8221;off&#8221; global_colors_info=&#8221;{}&#8221; button_text_size__hover_enabled=&#8221;off&#8221; button_one_text_size__hover_enabled=&#8221;off&#8221; button_two_text_size__hover_enabled=&#8221;off&#8221; button_text_color__hover_enabled=&#8221;on&#8221; button_text_color__hover=&#8221;#ffffff&#8221; button_one_text_color__hover_enabled=&#8221;off&#8221; button_two_text_color__hover_enabled=&#8221;off&#8221; button_border_width__hover_enabled=&#8221;off&#8221; button_one_border_width__hover_enabled=&#8221;off&#8221; button_two_border_width__hover_enabled=&#8221;off&#8221; button_border_color__hover_enabled=&#8221;on&#8221; button_border_color__hover=&#8221;#ffffff&#8221; button_one_border_color__hover_enabled=&#8221;off&#8221; button_two_border_color__hover_enabled=&#8221;off&#8221; button_border_radius__hover_enabled=&#8221;on&#8221; button_border_radius__hover=&#8221;0px&#8221; button_one_border_radius__hover_enabled=&#8221;off&#8221; button_two_border_radius__hover_enabled=&#8221;off&#8221; button_letter_spacing__hover_enabled=&#8221;on&#8221; button_letter_spacing__hover=&#8221;2px&#8221; button_one_letter_spacing__hover_enabled=&#8221;off&#8221; button_two_letter_spacing__hover_enabled=&#8221;off&#8221; button_bg_color__hover_enabled=&#8221;on&#8221; button_bg_color__hover=&#8221;rgba(255,255,255,0)&#8221; button_one_bg_color__hover_enabled=&#8221;off&#8221; button_two_bg_color__hover_enabled=&#8221;off&#8221;][\/et_pb_button][\/et_pb_column][\/et_pb_row][\/et_pb_section]<\/p>\n","protected":false},"excerpt":{"rendered":"<p>Durch die China Import Agentur Frisch gelingt Ihnen das China Gesch\u00e4ft wie bei den Profis.Tierbedarf aus China: G\u00fcnstige Produkte f\u00fcr Tierliebhaber Vom Hamsterrad bis zur Melkanlage \u2013 alles rund ums Tier Sie sind Besitzer einer Kette von Tierbedarfs-Shops oder gro\u00dfer Internetverk\u00e4ufer zum Beispiel auf Amazon, eBay oder mit eigener Webseite? Sie wollen Ihren Kunden die [&hellip;]<\/p>\n","protected":false},"author":2,"featured_media":0,"parent":0,"menu_order":0,"comment_status":"closed","ping_status":"closed","template":"","meta":{"_et_pb_use_builder":"on","_et_pb_old_content":"","_et_gb_content_width":"","footnotes":""},"class_list":["post-2170","page","type-page","status-publish","hentry"],"yoast_head":"<!-- This site is optimized with the Yoast SEO plugin v27.2 - https:\/\/yoast.com\/product\/yoast-seo-wordpress\/ -->\n<title>Tierbedarf aus China importieren | Hochwertig &amp; g\u00fcnstig<\/title>\n<meta name=\"description\" content=\"Tierbedarf aus China - Direktimport von Tierzubeh\u00f6r \u2714 Hundebetten \u2714 Kratzb\u00e4ume \u2714 K\u00e4fige \u2714 Aquaristik &amp; Nutztierbedarf \u25ba Jetzt beraten lassen!\" \/>\n<meta name=\"robots\" content=\"index, follow, max-snippet:-1, max-image-preview:large, max-video-preview:-1\" \/>\n<link rel=\"canonical\" href=\"https:\/\/ag-frisch.com\/de\/tierbedarf-aus-china\/\" \/>\n<meta property=\"og:locale\" content=\"de_DE\" \/>\n<meta property=\"og:type\" content=\"article\" \/>\n<meta property=\"og:title\" content=\"Tierbedarf aus China importieren | Hochwertig &amp; g\u00fcnstig\" \/>\n<meta property=\"og:description\" content=\"Tierbedarf aus China - Direktimport von Tierzubeh\u00f6r \u2714 Hundebetten \u2714 Kratzb\u00e4ume \u2714 K\u00e4fige \u2714 Aquaristik &amp; Nutztierbedarf \u25ba Jetzt beraten lassen!\" \/>\n<meta property=\"og:url\" content=\"https:\/\/ag-frisch.com\/de\/tierbedarf-aus-china\/\" \/>\n<meta property=\"og:site_name\" content=\"China Import Beratung f\u00fcr den Einkauf aus China\" \/>\n<meta property=\"article:publisher\" content=\"https:\/\/www.facebook.com\/China.Import\" \/>\n<meta property=\"article:modified_time\" content=\"2025-04-02T17:14:04+00:00\" \/>\n<meta name=\"twitter:card\" content=\"summary_large_image\" \/>\n<meta name=\"twitter:site\" content=\"@agenturfrisch\" \/>\n<script type=\"application\/ld+json\" class=\"yoast-schema-graph\">{\"@context\":\"https:\/\/schema.org\",\"@graph\":[{\"@type\":\"WebPage\",\"@id\":\"https:\/\/ag-frisch.com\/de\/tierbedarf-aus-china\/\",\"url\":\"https:\/\/ag-frisch.com\/de\/tierbedarf-aus-china\/\",\"name\":\"Tierbedarf aus China importieren | Hochwertig & g\u00fcnstig\",\"isPartOf\":{\"@id\":\"https:\/\/ag-frisch.com\/de\/#website\"},\"datePublished\":\"2022-05-28T13:29:05+00:00\",\"dateModified\":\"2025-04-02T17:14:04+00:00\",\"description\":\"Tierbedarf aus China - Direktimport von Tierzubeh\u00f6r \u2714 Hundebetten \u2714 Kratzb\u00e4ume \u2714 K\u00e4fige \u2714 Aquaristik & Nutztierbedarf \u25ba Jetzt beraten lassen!\",\"breadcrumb\":{\"@id\":\"https:\/\/ag-frisch.com\/de\/tierbedarf-aus-china\/#breadcrumb\"},\"inLanguage\":\"de\",\"potentialAction\":[{\"@type\":\"ReadAction\",\"target\":[\"https:\/\/ag-frisch.com\/de\/tierbedarf-aus-china\/\"]}]},{\"@type\":\"BreadcrumbList\",\"@id\":\"https:\/\/ag-frisch.com\/de\/tierbedarf-aus-china\/#breadcrumb\",\"itemListElement\":[{\"@type\":\"ListItem\",\"position\":1,\"name\":\"Startseite\",\"item\":\"https:\/\/ag-frisch.com\/de\/\"},{\"@type\":\"ListItem\",\"position\":2,\"name\":\"Tierbedarf aus China\"}]},{\"@type\":\"WebSite\",\"@id\":\"https:\/\/ag-frisch.com\/de\/#website\",\"url\":\"https:\/\/ag-frisch.com\/de\/\",\"name\":\"China Import Beratung f\u00fcr den Einkauf aus China\",\"description\":\"China Import &amp; Export Beratung - Der Dienstleister Ihres Vertrauens f\u00fcr Ihren China Import\",\"publisher\":{\"@id\":\"https:\/\/ag-frisch.com\/de\/#organization\"},\"potentialAction\":[{\"@type\":\"SearchAction\",\"target\":{\"@type\":\"EntryPoint\",\"urlTemplate\":\"https:\/\/ag-frisch.com\/de\/?s={search_term_string}\"},\"query-input\":{\"@type\":\"PropertyValueSpecification\",\"valueRequired\":true,\"valueName\":\"search_term_string\"}}],\"inLanguage\":\"de\"},{\"@type\":\"Organization\",\"@id\":\"https:\/\/ag-frisch.com\/de\/#organization\",\"name\":\"Agentur Frisch International Consulting GmbH & Co. KG\",\"url\":\"https:\/\/ag-frisch.com\/de\/\",\"logo\":{\"@type\":\"ImageObject\",\"inLanguage\":\"de\",\"@id\":\"https:\/\/ag-frisch.com\/de\/#\/schema\/logo\/image\/\",\"url\":\"https:\/\/ag-frisch.com\/wp-content\/uploads\/2021\/08\/ag_logo_rgb_300_small.png\",\"contentUrl\":\"https:\/\/ag-frisch.com\/wp-content\/uploads\/2021\/08\/ag_logo_rgb_300_small.png\",\"width\":153,\"height\":102,\"caption\":\"Agentur Frisch International Consulting GmbH & Co. KG\"},\"image\":{\"@id\":\"https:\/\/ag-frisch.com\/de\/#\/schema\/logo\/image\/\"},\"sameAs\":[\"https:\/\/www.facebook.com\/China.Import\",\"https:\/\/x.com\/agenturfrisch\"]}]}<\/script>\n<!-- \/ Yoast SEO plugin. -->","yoast_head_json":{"title":"Tierbedarf aus China importieren | Hochwertig & g\u00fcnstig","description":"Tierbedarf aus China - Direktimport von Tierzubeh\u00f6r \u2714 Hundebetten \u2714 Kratzb\u00e4ume \u2714 K\u00e4fige \u2714 Aquaristik & Nutztierbedarf \u25ba Jetzt beraten lassen!","robots":{"index":"index","follow":"follow","max-snippet":"max-snippet:-1","max-image-preview":"max-image-preview:large","max-video-preview":"max-video-preview:-1"},"canonical":"https:\/\/ag-frisch.com\/de\/tierbedarf-aus-china\/","og_locale":"de_DE","og_type":"article","og_title":"Tierbedarf aus China importieren | Hochwertig & g\u00fcnstig","og_description":"Tierbedarf aus China - Direktimport von Tierzubeh\u00f6r \u2714 Hundebetten \u2714 Kratzb\u00e4ume \u2714 K\u00e4fige \u2714 Aquaristik & Nutztierbedarf \u25ba Jetzt beraten lassen!","og_url":"https:\/\/ag-frisch.com\/de\/tierbedarf-aus-china\/","og_site_name":"China Import Beratung f\u00fcr den Einkauf aus China","article_publisher":"https:\/\/www.facebook.com\/China.Import","article_modified_time":"2025-04-02T17:14:04+00:00","twitter_card":"summary_large_image","twitter_site":"@agenturfrisch","schema":{"@context":"https:\/\/schema.org","@graph":[{"@type":"WebPage","@id":"https:\/\/ag-frisch.com\/de\/tierbedarf-aus-china\/","url":"https:\/\/ag-frisch.com\/de\/tierbedarf-aus-china\/","name":"Tierbedarf aus China importieren | Hochwertig & g\u00fcnstig","isPartOf":{"@id":"https:\/\/ag-frisch.com\/de\/#website"},"datePublished":"2022-05-28T13:29:05+00:00","dateModified":"2025-04-02T17:14:04+00:00","description":"Tierbedarf aus China - Direktimport von Tierzubeh\u00f6r \u2714 Hundebetten \u2714 Kratzb\u00e4ume \u2714 K\u00e4fige \u2714 Aquaristik & Nutztierbedarf \u25ba Jetzt beraten lassen!","breadcrumb":{"@id":"https:\/\/ag-frisch.com\/de\/tierbedarf-aus-china\/#breadcrumb"},"inLanguage":"de","potentialAction":[{"@type":"ReadAction","target":["https:\/\/ag-frisch.com\/de\/tierbedarf-aus-china\/"]}]},{"@type":"BreadcrumbList","@id":"https:\/\/ag-frisch.com\/de\/tierbedarf-aus-china\/#breadcrumb","itemListElement":[{"@type":"ListItem","position":1,"name":"Startseite","item":"https:\/\/ag-frisch.com\/de\/"},{"@type":"ListItem","position":2,"name":"Tierbedarf aus China"}]},{"@type":"WebSite","@id":"https:\/\/ag-frisch.com\/de\/#website","url":"https:\/\/ag-frisch.com\/de\/","name":"China Import Beratung f\u00fcr den Einkauf aus China","description":"China Import &amp; Export Beratung - Der Dienstleister Ihres Vertrauens f\u00fcr Ihren China Import","publisher":{"@id":"https:\/\/ag-frisch.com\/de\/#organization"},"potentialAction":[{"@type":"SearchAction","target":{"@type":"EntryPoint","urlTemplate":"https:\/\/ag-frisch.com\/de\/?s={search_term_string}"},"query-input":{"@type":"PropertyValueSpecification","valueRequired":true,"valueName":"search_term_string"}}],"inLanguage":"de"},{"@type":"Organization","@id":"https:\/\/ag-frisch.com\/de\/#organization","name":"Agentur Frisch International Consulting GmbH & Co. KG","url":"https:\/\/ag-frisch.com\/de\/","logo":{"@type":"ImageObject","inLanguage":"de","@id":"https:\/\/ag-frisch.com\/de\/#\/schema\/logo\/image\/","url":"https:\/\/ag-frisch.com\/wp-content\/uploads\/2021\/08\/ag_logo_rgb_300_small.png","contentUrl":"https:\/\/ag-frisch.com\/wp-content\/uploads\/2021\/08\/ag_logo_rgb_300_small.png","width":153,"height":102,"caption":"Agentur Frisch International Consulting GmbH & Co. KG"},"image":{"@id":"https:\/\/ag-frisch.com\/de\/#\/schema\/logo\/image\/"},"sameAs":["https:\/\/www.facebook.com\/China.Import","https:\/\/x.com\/agenturfrisch"]}]}},"_links":{"self":[{"href":"https:\/\/ag-frisch.com\/de\/wp-json\/wp\/v2\/pages\/2170","targetHints":{"allow":["GET"]}}],"collection":[{"href":"https:\/\/ag-frisch.com\/de\/wp-json\/wp\/v2\/pages"}],"about":[{"href":"https:\/\/ag-frisch.com\/de\/wp-json\/wp\/v2\/types\/page"}],"author":[{"embeddable":true,"href":"https:\/\/ag-frisch.com\/de\/wp-json\/wp\/v2\/users\/2"}],"replies":[{"embeddable":true,"href":"https:\/\/ag-frisch.com\/de\/wp-json\/wp\/v2\/comments?post=2170"}],"version-history":[{"count":1,"href":"https:\/\/ag-frisch.com\/de\/wp-json\/wp\/v2\/pages\/2170\/revisions"}],"predecessor-version":[{"id":20237,"href":"https:\/\/ag-frisch.com\/de\/wp-json\/wp\/v2\/pages\/2170\/revisions\/20237"}],"wp:attachment":[{"href":"https:\/\/ag-frisch.com\/de\/wp-json\/wp\/v2\/media?parent=2170"}],"curies":[{"name":"wp","href":"https:\/\/api.w.org\/{rel}","templated":true}]}}