{"id":254,"date":"2021-09-12T07:56:03","date_gmt":"2021-09-12T05:56:03","guid":{"rendered":"https:\/\/ag-frisch.com\/?page_id=254"},"modified":"2023-04-24T10:26:20","modified_gmt":"2023-04-24T08:26:20","slug":"distributoren","status":"publish","type":"page","link":"https:\/\/ag-frisch.com\/de\/china-import-kunden\/distributoren\/","title":{"rendered":"Gro\u00dfh\u00e4ndler und Distributoren"},"content":{"rendered":"<p>[et_pb_section fb_built=&#8221;1&#8243; _builder_version=&#8221;4.16&#8243; _module_preset=&#8221;default&#8221; global_colors_info=&#8221;{}&#8221;][et_pb_row _builder_version=&#8221;4.18.1&#8243; _module_preset=&#8221;default&#8221; global_colors_info=&#8221;{}&#8221;][et_pb_column type=&#8221;4_4&#8243; _builder_version=&#8221;4.18.1&#8243; _module_preset=&#8221;default&#8221; global_colors_info=&#8221;{}&#8221;][et_pb_cta title=&#8221;Als Gro\u00dfh\u00e4ndler und Distributor aus China bestellen&#8221; button_url=&#8221;https:\/\/calendly.com\/agenturfrisch&#8221; button_text=&#8221;Jetzt Beratung buchen&#8221; _builder_version=&#8221;4.18.1&#8243; _module_preset=&#8221;default&#8221; hover_enabled=&#8221;0&#8243; global_colors_info=&#8221;{}&#8221; sticky_enabled=&#8221;0&#8243;]<\/p>\n<p>Durch die Beratung der China Import Agentur Frisch gelingt Ihnen das China Gesch\u00e4ft wie bei den Profis.<\/p>\n<p>[\/et_pb_cta][\/et_pb_column][\/et_pb_row][et_pb_row _builder_version=&#8221;4.16&#8243; _module_preset=&#8221;default&#8221; global_colors_info=&#8221;{}&#8221;][et_pb_column type=&#8221;4_4&#8243; _builder_version=&#8221;4.16&#8243; _module_preset=&#8221;default&#8221; global_colors_info=&#8221;{}&#8221;][et_pb_text _builder_version=&#8221;4.16&#8243; _module_preset=&#8221;default&#8221; global_colors_info=&#8221;{}&#8221;]<\/p>\n<h2><strong>Gro\u00dfh\u00e4ndler und Distributoren<\/strong><\/h2>\n<p><strong>Gro\u00dfe St\u00fcckzahlen einkaufen: Gro\u00dfh\u00e4ndler im China-Import<\/strong><\/p>\n<p>Als Gro\u00dfh\u00e4ndler stehen Sie vor besonderen Herausforderungen. Sie tragen Verantwortung f\u00fcr die Waren gegen\u00fcber Ihren wichtigen Handelspartnern und m\u00fcssen \u00fcber eine kluge Ausgewogenheit zwischen Preis und Qualit\u00e4t entscheiden. Die Agentur Frisch ist Ihr starker Partner f\u00fcr den Einkauf gro\u00dfer St\u00fcckzahlen direkt beim Hersteller: Hier stimmen Qualit\u00e4t, Preis und Leistung.<\/p>\n<p>&nbsp;<\/p>\n<p><strong>Beste Connections f\u00fcr Ihren Gewinn<\/strong><\/p>\n<p>Um die besten Gewinnmargen herauszuholen, wenn Sie gro\u00dfe St\u00fcckzahlen in China einkaufen, sind gute, stabile Handelsverbindungen notwendig. Die Agentur Frisch verf\u00fcgt \u00fcber langj\u00e4hrige Erfahrung und umfassende Expertise. Wir arbeiten nur mit Herstellern zusammen, f\u00fcr deren Qualit\u00e4t und Zuverl\u00e4ssigkeit wir uns verb\u00fcrgen k\u00f6nnten, und vermitteln nur Waren, die problemlos durch den Zoll gehen. Unsere festen, unverbr\u00fcchlichen Connections nach China sind ein wichtiger Stein im Mosaik Ihres Gesch\u00e4ftserfolgs als Gro\u00dfh\u00e4ndler, wenn Sie direkt vom Hersteller einkaufen.<\/p>\n<p>&nbsp;<\/p>\n<p><strong>Die eigene Marke aufbauen mit Importen aus China<\/strong><\/p>\n<p>Sie wollen sich erst noch einen Namen machen? Eine neue Sparte im Gro\u00dfhandel f\u00fcr sich erobern, ein neues Produkt vertreiben oder sogar entwickeln lassen? Die Agentur Frisch ist auch dabei an Ihrer Seite. Gemeinsam analysieren wir Ihren Bedarf und Ihre M\u00f6glichkeiten und stellen auf dieser Basis ein Import-Konzept auf. Dieses gezielte, strukturierte Vorgehen sorgt f\u00fcr maximale Erfolge und minimale Risiken. Wir k\u00fcmmern uns f\u00fcr Sie um all die Dinge, die es beim Einkaufen direkt vom Hersteller in China zu ber\u00fccksichtigen gilt.<\/p>\n<p>&nbsp;<\/p>\n<p><strong>Unsere Produkt-Palette: So vielf\u00e4ltig wie der Import aus China<\/strong><\/p>\n<p>Als Full-Service-Importeur aus China sind wir nicht auf eine einzelne Branche festgelegt, sondern liefern Ihnen mit unserem Know-how, unseren Connections und unserer Logistik praktisch s\u00e4mtliche verf\u00fcgbaren Waren. Ein Auszug aus unserer Gesch\u00e4ftspalette:<\/p>\n<ul>\n<li>Autos, Motorr\u00e4der, E-Bikes und Fahrr\u00e4der<\/li>\n<li>Baumarkt, Heimwerker, Werkzeug<\/li>\n<li>B\u00fcro- und Gewerbebedarf, Schreibwaren, Werbematerial<\/li>\n<li>Gesundheit, Wellness und Kosmetik<\/li>\n<li>Kunst und Antiquit\u00e4ten (Nachbildungen)<\/li>\n<li>Haushaltsger\u00e4te, Gro\u00dfger\u00e4te f\u00fcr den Hausgebrauch, K\u00fcchen-Kleinger\u00e4te und K\u00fcchen Gro\u00dfger\u00e4te<\/li>\n<li>Kleidung, Taschen, Schuhe &amp; Accessoires<\/li>\n<li>u.v.m.<\/li>\n<\/ul>\n<p><strong>Sprechen Sie uns an und wir verwirklichen auch Ihren Gro\u00dfhandels-Einkauf in China!<\/strong><\/p>\n<p>&nbsp;<\/p>\n<p><strong>Wasserdichte Vertr\u00e4ge f\u00fcr reibungslose Zusammenarbeit<\/strong><\/p>\n<p>Damit die Kooperationen zwischen Gro\u00dfh\u00e4ndlern und Herstellern in China m\u00f6glichst verl\u00e4sslich und komplikationsfrei verlaufen, sind g\u00fcltige Vertr\u00e4ge das A und O. Wir \u00fcbernehmen auch diese Aufgabe beim Einkaufen gro\u00dfer St\u00fcckzahlen in China oder dem Aufbauen einer eigenen Marke gerne f\u00fcr Sie. Unsere Rechtsabteilung k\u00fcmmert sich um die Ausgestaltung Ihrer Vertr\u00e4ge mit den Lieferanten und bewahrt Sie damit vor b\u00f6sen \u00dcberraschungen.<\/p>\n<p>&nbsp;<\/p>\n<p><strong>Konformit\u00e4t und Zertifizierung f\u00fcr Distributoren<\/strong><\/p>\n<p>Das deutsche Produktsicherheitsgesetz sieht vor, dass der Importeur aus China die Verantwortung f\u00fcr die von ihm eingef\u00fchrten Waren tr\u00e4gt. Eine Risikoanalyse ist die Grundlage f\u00fcr die Risikobeurteilung der von Ihnen bestellten Produkte. Ebenfalls verpflichtend sind regelm\u00e4\u00dfige Stichproben und Musterpr\u00fcfungen. Sicherheitshinweise und CE-Kennzeichnungen k\u00f6nnen je nach Produktart notwendig werden. Welche Schritte genau zu unternehmen sind, kl\u00e4ren wir mit Ihnen und dem Hersteller im Vorfeld ab \u2013 damit Sie bedenkenlos gro\u00dfe St\u00fcckzahlen in China einkaufen k\u00f6nnen.<\/p>\n<p>&nbsp;<\/p>\n<p><strong>Agentur Frisch: Full-Service-Agentur f\u00fcr den Gro\u00dfhandel aus China<\/strong><\/p>\n<p>Die Agentur Frisch versteht sich als Rundum-Dienstleister f\u00fcr Ihren Gro\u00dfeinkauf direkt beim Hersteller aus China. Daher bieten wir Ihnen alle mit dem Einkaufen gro\u00dfer St\u00fcckzahlen in China verbundenen Leistungen aus einer Hand. Das spart Kosten und Zeit und vermeidet langwierige und kostspielige Wege. Die Agentur Frisch erledigt f\u00fcr Sie:<\/p>\n<ul>\n<li>Herstellersuche, Preisverhandlungen, Vertragsgestaltung<\/li>\n<li>Konformit\u00e4t, Qualit\u00e4tssicherung, Inspektionen<\/li>\n<li>Logistik, Einfuhrkontrollen, Versand<\/li>\n<li>und vieles, vieles mehr<\/li>\n<\/ul>\n<p>Egal, ob Sie Ihr Produktsortiment erweitern oder eine neue eigene Marke aufbauen wollen, ob Sie gro\u00dfe St\u00fcckzahlen direkt vom Hersteller in China einkaufen oder noch andere Pl\u00e4ne haben: Die Agentur Frisch ist Ihr starker Partner f\u00fcr den China-Import!<\/p>\n<p><strong>\u00a0<\/strong><\/p>\n<p><strong>Gro\u00dfh\u00e4ndler und Distributoren<\/strong><\/p>\n<p>Sie kaufen und vertreiben Waren in gro\u00dfen St\u00fcckzahlen und handeln dabei mit gro\u00dfen Handelsunternehmen oder Gro\u00dfverbrauchern? Sie m\u00f6chten neue Produkte im Sortiment aufbauen, in Produktbereiche einsteigen, in denen Sie, bzw. Ihre Eink\u00e4ufer, noch keine Erfahrungen haben? Oder Sie m\u00f6chten in China eigene Produktideen umsetzen lassen und suchen dabei noch den richtigen Partner? Gerne k\u00f6nnen wir Sie bei Ihrem Vorhaben in China unterst\u00fctzen.\u00a0 Sie k\u00f6nnen sich auf Ihr Kerngesch\u00e4ft wie die Markterschlie\u00dfung und den Service und auf den Absatz konzentrieren.<\/p>\n<p>[\/et_pb_text][\/et_pb_column][\/et_pb_row][\/et_pb_section][et_pb_section fb_built=&#8221;1&#8243; admin_label=&#8221;Testimonials&#8221; _builder_version=&#8221;4.16&#8243; use_background_color_gradient=&#8221;on&#8221; background_color_gradient_stops=&#8221;rgba(0,106,156,0.85) 0%|rgba(0,106,156,0.85) 100%&#8221; background_color_gradient_start=&#8221;rgba(0,106,156,0.85)&#8221; background_color_gradient_end=&#8221;rgba(0,106,156,0.85)&#8221; custom_padding=&#8221;90px||60px|&#8221; animation_style=&#8221;fold&#8221; animation_direction=&#8221;bottom&#8221; animation_intensity_fold=&#8221;4%&#8221; global_colors_info=&#8221;{}&#8221;][et_pb_row _builder_version=&#8221;4.16&#8243; background_size=&#8221;initial&#8221; background_position=&#8221;top_left&#8221; background_repeat=&#8221;repeat&#8221; custom_width_px=&#8221;710px&#8221; locked=&#8221;off&#8221; global_colors_info=&#8221;{}&#8221;][et_pb_column type=&#8221;4_4&#8243; _builder_version=&#8221;4.16&#8243; background_position=&#8221;top_left&#8221; custom_padding=&#8221;|||&#8221; global_colors_info=&#8221;{}&#8221; custom_padding__hover=&#8221;|||&#8221;][et_pb_text admin_label=&#8221;Testimonials Section Title&#8221; _builder_version=&#8221;4.16&#8243; header_font=&#8221;Montserrat||||&#8221; header_font_size=&#8221;36px&#8221; background_size=&#8221;initial&#8221; background_position=&#8221;top_left&#8221; background_repeat=&#8221;repeat&#8221; text_orientation=&#8221;center&#8221; background_layout=&#8221;dark&#8221; max_width=&#8221;710px&#8221; module_alignment=&#8221;center&#8221; animation_style=&#8221;fold&#8221; animation_direction=&#8221;bottom&#8221; animation_intensity_fold=&#8221;20%&#8221; global_colors_info=&#8221;{}&#8221;]<\/p>\n<h1>\u00dcber 5000 zufriedene Kunden.<\/h1>\n<p>&nbsp;<\/p>\n<p>[\/et_pb_text][et_pb_divider color=&#8221;#ffffff&#8221; divider_weight=&#8221;3px&#8221; disabled_on=&#8221;off|off|off&#8221; _builder_version=&#8221;4.16&#8243; background_color_gradient_direction=&#8221;90deg&#8221; max_width=&#8221;100px&#8221; module_alignment=&#8221;center&#8221; height=&#8221;5px&#8221; custom_margin=&#8221;||20px|&#8221; custom_padding=&#8221;||20px|&#8221; animation_style=&#8221;slide&#8221; animation_direction=&#8221;bottom&#8221; saved_tabs=&#8221;all&#8221; locked=&#8221;off&#8221; global_colors_info=&#8221;{}&#8221;][\/et_pb_divider][\/et_pb_column][\/et_pb_row][et_pb_row column_structure=&#8221;1_2,1_2&#8243; _builder_version=&#8221;4.18.1&#8243; _module_preset=&#8221;default&#8221; global_colors_info=&#8221;{}&#8221;][et_pb_column type=&#8221;1_2&#8243; _builder_version=&#8221;4.18.1&#8243; _module_preset=&#8221;default&#8221; global_colors_info=&#8221;{}&#8221;][et_pb_testimonial author=&#8221;Marco&#8221; portrait_url=&#8221;https:\/\/ag-frisch.com\/wp-content\/uploads\/2021\/08\/Harald.png&#8221; quote_icon=&#8221;off&#8221; _builder_version=&#8221;4.18.1&#8243; _module_preset=&#8221;default&#8221; body_font_size=&#8221;16px&#8221; use_background_color=&#8221;off&#8221; background_layout=&#8221;dark&#8221; global_colors_info=&#8221;{}&#8221;]Ich habe die Agentur Frisch beauftragt ein gr\u00f6\u00dferes M\u00f6belst\u00fcck in China produzieren zu lassen um es dann folglich nach Deutschland zu \u00fcberf\u00fchren. Per Mail erfolgte die ganze Zeit \u00fcber eine reibungslose Kommunikation! Sehr schnelle und zuverl\u00e4ssige Antworten vermittelten mir st\u00e4ndig die Sicherheiten, die bei so einen Unterfangen unerl\u00e4sslich sind. Jederzeit wurde mir durch den B\u00fcrokratiedschungel geholfen und dabei wurden keine Formulare vergessen oder falsch ausgef\u00fcllt. Sehr lobenswert!<a href=\"&lt;div class=&quot;pe-richsnippets&quot;&gt;&amp;nbsp;&lt;\/div&gt; &lt;script type=&quot;text\/javascript&quot; src=&quot;https:\/\/www.provenexpert.com\/widget\/richsnippet.js?u=1NUA0VwZ4RUZ5tmAi5zA4RaplNKAlWwZ&amp;v=2&quot; async&gt;&lt;\/script&gt; &lt;div style=&quot;text-align: justify;&quot;&gt;&lt;br \/&gt;\"><\/a><\/p>\n<div class=\"brow ratingBarMargin\">\n<div class=\"ratingBar\">\n<div class=\"brow\">\n<div class=\"pe-richsnippets\">&nbsp;<\/div>\n<p><script type=\"text\/javascript\" src=\"https:\/\/www.provenexpert.com\/widget\/richsnippet.js?u=1NUA0VwZ4RUZ5tmAi5zA4RaplNKAlWwZ&#038;v=2\" async><\/script><\/p>\n<div style=\"text-align: justify;\"><\/p>\n<div class=\"col-lg-9 col-md-8 col-xs-10 mt20 mb20\">\n<div class=\"col-xs-12 surveyNameForRating\"><\/div>\n<\/div>\n<\/div>\n<\/div>\n<\/div>\n<\/div>\n<p>[\/et_pb_testimonial][\/et_pb_column][et_pb_column type=&#8221;1_2&#8243; _builder_version=&#8221;4.18.1&#8243; _module_preset=&#8221;default&#8221; global_colors_info=&#8221;{}&#8221;][et_pb_testimonial author=&#8221;Simone L.&#8221; portrait_url=&#8221;https:\/\/ag-frisch.com\/wp-content\/uploads\/2021\/08\/Harald.png&#8221; quote_icon=&#8221;off&#8221; _builder_version=&#8221;4.18.1&#8243; _module_preset=&#8221;default&#8221; body_font_size=&#8221;16px&#8221; use_background_color=&#8221;off&#8221; background_layout=&#8221;dark&#8221; global_colors_info=&#8221;{}&#8221;]<\/p>\n<p>Alles Top. Besser geht nicht. Beratung und Durchf\u00fchrung kann man nicht besser machen. Wir sind nach mehreren Bestellungen bei diesem Unternehmen mehr als zufrieden und setzen die Zusammenarbeit fort.<\/p>\n<div class=\"brow ratingBarMargin\">\n<div class=\"ratingBar\">\n<div class=\"brow\">\n<div class=\"pe-richsnippets\">\u00a0<\/div>\n<p>\n<script type=\"text\/javascript\" src=\"https:\/\/www.provenexpert.com\/widget\/richsnippet.js?u=1NUA0VwZ4RUZ5tmAi5zA4RaplNKAlWwZ&amp;v=2\" async=\"\"><\/script>\n<\/p>\n<div style=\"text-align: justify;\">\n<p>&nbsp;<\/p>\n<div class=\"col-lg-9 col-md-8 col-xs-10 mt20 mb20\">\n<div class=\"col-xs-12 surveyNameForRating\"><\/div>\n<\/div>\n<\/div>\n<\/div>\n<\/div>\n<\/div>\n<p>[\/et_pb_testimonial][\/et_pb_column][\/et_pb_row][et_pb_row _builder_version=&#8221;4.16&#8243; background_size=&#8221;initial&#8221; background_position=&#8221;top_left&#8221; background_repeat=&#8221;repeat&#8221; custom_padding=&#8221;50px|0px|30px|0px&#8221; custom_css_main_element=&#8221;text-align: center;&#8221; global_colors_info=&#8221;{}&#8221;][et_pb_column type=&#8221;4_4&#8243; _builder_version=&#8221;4.16&#8243; custom_padding=&#8221;|||&#8221; global_colors_info=&#8221;{}&#8221; custom_padding__hover=&#8221;|||&#8221;][et_pb_button button_url=&#8221;https:\/\/www.provenexpert.com\/de-de\/agentur-frisch-international-consulting-gmbh-und-co-kg\/&#8221; button_text=&#8221;MEHR BEWERTUNGEN&#8221; button_alignment=&#8221;left&#8221; admin_label=&#8221;Testimonial Button&#8221; _builder_version=&#8221;4.16&#8243; custom_button=&#8221;on&#8221; button_text_size=&#8221;18px&#8221; button_text_color=&#8221;#ffffff&#8221; button_bg_color=&#8221;#6eba01&#8243; button_border_width=&#8221;2px&#8221; button_border_color=&#8221;#6eba01&#8243; button_border_radius=&#8221;0px&#8221; button_letter_spacing=&#8221;2px&#8221; button_font=&#8221;Montserrat|||on|&#8221; button_use_icon=&#8221;off&#8221; animation_style=&#8221;fold&#8221; animation_direction=&#8221;bottom&#8221; button_text_color_hover=&#8221;#ffffff&#8221; button_border_color_hover=&#8221;#ffffff&#8221; button_border_radius_hover=&#8221;0px&#8221; button_letter_spacing_hover=&#8221;2px&#8221; button_bg_color_hover=&#8221;rgba(255,255,255,0)&#8221; locked=&#8221;off&#8221; global_colors_info=&#8221;{}&#8221; button_text_size__hover_enabled=&#8221;off&#8221; button_one_text_size__hover_enabled=&#8221;off&#8221; button_two_text_size__hover_enabled=&#8221;off&#8221; button_text_color__hover_enabled=&#8221;on&#8221; button_text_color__hover=&#8221;#ffffff&#8221; button_one_text_color__hover_enabled=&#8221;off&#8221; button_two_text_color__hover_enabled=&#8221;off&#8221; button_border_width__hover_enabled=&#8221;off&#8221; button_one_border_width__hover_enabled=&#8221;off&#8221; button_two_border_width__hover_enabled=&#8221;off&#8221; button_border_color__hover_enabled=&#8221;on&#8221; button_border_color__hover=&#8221;#ffffff&#8221; button_one_border_color__hover_enabled=&#8221;off&#8221; button_two_border_color__hover_enabled=&#8221;off&#8221; button_border_radius__hover_enabled=&#8221;on&#8221; button_border_radius__hover=&#8221;0px&#8221; button_one_border_radius__hover_enabled=&#8221;off&#8221; button_two_border_radius__hover_enabled=&#8221;off&#8221; button_letter_spacing__hover_enabled=&#8221;on&#8221; button_letter_spacing__hover=&#8221;2px&#8221; button_one_letter_spacing__hover_enabled=&#8221;off&#8221; button_two_letter_spacing__hover_enabled=&#8221;off&#8221; button_bg_color__hover_enabled=&#8221;on&#8221; button_bg_color__hover=&#8221;rgba(255,255,255,0)&#8221; button_one_bg_color__hover_enabled=&#8221;off&#8221; button_two_bg_color__hover_enabled=&#8221;off&#8221;][\/et_pb_button][\/et_pb_column][\/et_pb_row][\/et_pb_section]<\/p>\n","protected":false},"excerpt":{"rendered":"<p>Durch die Beratung der China Import Agentur Frisch gelingt Ihnen das China Gesch\u00e4ft wie bei den Profis.Gro\u00dfh\u00e4ndler und Distributoren Gro\u00dfe St\u00fcckzahlen einkaufen: Gro\u00dfh\u00e4ndler im China-Import Als Gro\u00dfh\u00e4ndler stehen Sie vor besonderen Herausforderungen. Sie tragen Verantwortung f\u00fcr die Waren gegen\u00fcber Ihren wichtigen Handelspartnern und m\u00fcssen \u00fcber eine kluge Ausgewogenheit zwischen Preis und Qualit\u00e4t entscheiden. Die Agentur [&hellip;]<\/p>\n","protected":false},"author":2,"featured_media":0,"parent":237,"menu_order":0,"comment_status":"closed","ping_status":"closed","template":"","meta":{"_et_pb_use_builder":"on","_et_pb_old_content":"","_et_gb_content_width":"","footnotes":""},"class_list":["post-254","page","type-page","status-publish","hentry"],"yoast_head":"<!-- This site is optimized with the Yoast SEO plugin v27.4 - https:\/\/yoast.com\/product\/yoast-seo-wordpress\/ -->\n<title>Gro\u00dfhandel f\u00fcr Produkte aus China<\/title>\n<meta name=\"description\" content=\"Als Gro\u00dfh\u00e4ndler in China einkaufen \u25bb Produkte aus China f\u00fcr Gro\u00dfhandel \u2713 B2B Partner f\u00fcr China Importe \u2713 \u25bb Jetzt von Experten beraten lassen!\" \/>\n<meta name=\"robots\" content=\"index, follow, max-snippet:-1, max-image-preview:large, max-video-preview:-1\" \/>\n<link rel=\"canonical\" href=\"https:\/\/ag-frisch.com\/de\/china-import-kunden\/distributoren\/\" \/>\n<meta property=\"og:locale\" content=\"de_DE\" \/>\n<meta property=\"og:type\" content=\"article\" \/>\n<meta property=\"og:title\" content=\"Gro\u00dfhandel f\u00fcr Produkte aus China\" \/>\n<meta property=\"og:description\" content=\"Als Gro\u00dfh\u00e4ndler in China einkaufen \u25bb Produkte aus China f\u00fcr Gro\u00dfhandel \u2713 B2B Partner f\u00fcr China Importe \u2713 \u25bb Jetzt von Experten beraten lassen!\" \/>\n<meta property=\"og:url\" content=\"https:\/\/ag-frisch.com\/de\/china-import-kunden\/distributoren\/\" \/>\n<meta property=\"og:site_name\" content=\"China Import Beratung f\u00fcr den Einkauf aus China\" \/>\n<meta property=\"article:publisher\" content=\"https:\/\/www.facebook.com\/China.Import\" \/>\n<meta property=\"article:modified_time\" content=\"2023-04-24T08:26:20+00:00\" \/>\n<meta name=\"twitter:card\" content=\"summary_large_image\" \/>\n<meta name=\"twitter:site\" content=\"@agenturfrisch\" \/>\n<meta name=\"twitter:label1\" content=\"Gesch\u00e4tzte Lesezeit\" \/>\n\t<meta name=\"twitter:data1\" content=\"8\u00a0Minuten\" \/>\n<script type=\"application\/ld+json\" class=\"yoast-schema-graph\">{\"@context\":\"https:\\\/\\\/schema.org\",\"@graph\":[{\"@type\":\"WebPage\",\"@id\":\"https:\\\/\\\/ag-frisch.com\\\/de\\\/china-import-kunden\\\/distributoren\\\/\",\"url\":\"https:\\\/\\\/ag-frisch.com\\\/de\\\/china-import-kunden\\\/distributoren\\\/\",\"name\":\"Gro\u00dfhandel f\u00fcr Produkte aus China\",\"isPartOf\":{\"@id\":\"https:\\\/\\\/ag-frisch.com\\\/de\\\/#website\"},\"datePublished\":\"2021-09-12T05:56:03+00:00\",\"dateModified\":\"2023-04-24T08:26:20+00:00\",\"description\":\"Als Gro\u00dfh\u00e4ndler in China einkaufen \u25bb Produkte aus China f\u00fcr Gro\u00dfhandel \u2713 B2B Partner f\u00fcr China Importe \u2713 \u25bb Jetzt von Experten beraten lassen!\",\"breadcrumb\":{\"@id\":\"https:\\\/\\\/ag-frisch.com\\\/de\\\/china-import-kunden\\\/distributoren\\\/#breadcrumb\"},\"inLanguage\":\"de\",\"potentialAction\":[{\"@type\":\"ReadAction\",\"target\":[\"https:\\\/\\\/ag-frisch.com\\\/de\\\/china-import-kunden\\\/distributoren\\\/\"]}]},{\"@type\":\"BreadcrumbList\",\"@id\":\"https:\\\/\\\/ag-frisch.com\\\/de\\\/china-import-kunden\\\/distributoren\\\/#breadcrumb\",\"itemListElement\":[{\"@type\":\"ListItem\",\"position\":1,\"name\":\"Startseite\",\"item\":\"https:\\\/\\\/ag-frisch.com\\\/de\\\/\"},{\"@type\":\"ListItem\",\"position\":2,\"name\":\"Unsere Zielgruppen\",\"item\":\"https:\\\/\\\/ag-frisch.com\\\/de\\\/china-import-kunden\\\/\"},{\"@type\":\"ListItem\",\"position\":3,\"name\":\"Gro\u00dfh\u00e4ndler und Distributoren\"}]},{\"@type\":\"WebSite\",\"@id\":\"https:\\\/\\\/ag-frisch.com\\\/de\\\/#website\",\"url\":\"https:\\\/\\\/ag-frisch.com\\\/de\\\/\",\"name\":\"China Import Beratung f\u00fcr den Einkauf aus China\",\"description\":\"China Import &amp; Export Beratung - Der Dienstleister Ihres Vertrauens f\u00fcr Ihren China Import\",\"publisher\":{\"@id\":\"https:\\\/\\\/ag-frisch.com\\\/de\\\/#organization\"},\"potentialAction\":[{\"@type\":\"SearchAction\",\"target\":{\"@type\":\"EntryPoint\",\"urlTemplate\":\"https:\\\/\\\/ag-frisch.com\\\/de\\\/?s={search_term_string}\"},\"query-input\":{\"@type\":\"PropertyValueSpecification\",\"valueRequired\":true,\"valueName\":\"search_term_string\"}}],\"inLanguage\":\"de\"},{\"@type\":\"Organization\",\"@id\":\"https:\\\/\\\/ag-frisch.com\\\/de\\\/#organization\",\"name\":\"Agentur Frisch International Consulting GmbH & Co. KG\",\"url\":\"https:\\\/\\\/ag-frisch.com\\\/de\\\/\",\"logo\":{\"@type\":\"ImageObject\",\"inLanguage\":\"de\",\"@id\":\"https:\\\/\\\/ag-frisch.com\\\/de\\\/#\\\/schema\\\/logo\\\/image\\\/\",\"url\":\"https:\\\/\\\/ag-frisch.com\\\/wp-content\\\/uploads\\\/2021\\\/08\\\/ag_logo_rgb_300_small.png\",\"contentUrl\":\"https:\\\/\\\/ag-frisch.com\\\/wp-content\\\/uploads\\\/2021\\\/08\\\/ag_logo_rgb_300_small.png\",\"width\":153,\"height\":102,\"caption\":\"Agentur Frisch International Consulting GmbH & Co. KG\"},\"image\":{\"@id\":\"https:\\\/\\\/ag-frisch.com\\\/de\\\/#\\\/schema\\\/logo\\\/image\\\/\"},\"sameAs\":[\"https:\\\/\\\/www.facebook.com\\\/China.Import\",\"https:\\\/\\\/x.com\\\/agenturfrisch\"]}]}<\/script>\n<!-- \/ Yoast SEO plugin. -->","yoast_head_json":{"title":"Gro\u00dfhandel f\u00fcr Produkte aus China","description":"Als Gro\u00dfh\u00e4ndler in China einkaufen \u25bb Produkte aus China f\u00fcr Gro\u00dfhandel \u2713 B2B Partner f\u00fcr China Importe \u2713 \u25bb Jetzt von Experten beraten lassen!","robots":{"index":"index","follow":"follow","max-snippet":"max-snippet:-1","max-image-preview":"max-image-preview:large","max-video-preview":"max-video-preview:-1"},"canonical":"https:\/\/ag-frisch.com\/de\/china-import-kunden\/distributoren\/","og_locale":"de_DE","og_type":"article","og_title":"Gro\u00dfhandel f\u00fcr Produkte aus China","og_description":"Als Gro\u00dfh\u00e4ndler in China einkaufen \u25bb Produkte aus China f\u00fcr Gro\u00dfhandel \u2713 B2B Partner f\u00fcr China Importe \u2713 \u25bb Jetzt von Experten beraten lassen!","og_url":"https:\/\/ag-frisch.com\/de\/china-import-kunden\/distributoren\/","og_site_name":"China Import Beratung f\u00fcr den Einkauf aus China","article_publisher":"https:\/\/www.facebook.com\/China.Import","article_modified_time":"2023-04-24T08:26:20+00:00","twitter_card":"summary_large_image","twitter_site":"@agenturfrisch","twitter_misc":{"Gesch\u00e4tzte Lesezeit":"8\u00a0Minuten"},"schema":{"@context":"https:\/\/schema.org","@graph":[{"@type":"WebPage","@id":"https:\/\/ag-frisch.com\/de\/china-import-kunden\/distributoren\/","url":"https:\/\/ag-frisch.com\/de\/china-import-kunden\/distributoren\/","name":"Gro\u00dfhandel f\u00fcr Produkte aus China","isPartOf":{"@id":"https:\/\/ag-frisch.com\/de\/#website"},"datePublished":"2021-09-12T05:56:03+00:00","dateModified":"2023-04-24T08:26:20+00:00","description":"Als Gro\u00dfh\u00e4ndler in China einkaufen \u25bb Produkte aus China f\u00fcr Gro\u00dfhandel \u2713 B2B Partner f\u00fcr China Importe \u2713 \u25bb Jetzt von Experten beraten lassen!","breadcrumb":{"@id":"https:\/\/ag-frisch.com\/de\/china-import-kunden\/distributoren\/#breadcrumb"},"inLanguage":"de","potentialAction":[{"@type":"ReadAction","target":["https:\/\/ag-frisch.com\/de\/china-import-kunden\/distributoren\/"]}]},{"@type":"BreadcrumbList","@id":"https:\/\/ag-frisch.com\/de\/china-import-kunden\/distributoren\/#breadcrumb","itemListElement":[{"@type":"ListItem","position":1,"name":"Startseite","item":"https:\/\/ag-frisch.com\/de\/"},{"@type":"ListItem","position":2,"name":"Unsere Zielgruppen","item":"https:\/\/ag-frisch.com\/de\/china-import-kunden\/"},{"@type":"ListItem","position":3,"name":"Gro\u00dfh\u00e4ndler und Distributoren"}]},{"@type":"WebSite","@id":"https:\/\/ag-frisch.com\/de\/#website","url":"https:\/\/ag-frisch.com\/de\/","name":"China Import Beratung f\u00fcr den Einkauf aus China","description":"China Import &amp; Export Beratung - Der Dienstleister Ihres Vertrauens f\u00fcr Ihren China Import","publisher":{"@id":"https:\/\/ag-frisch.com\/de\/#organization"},"potentialAction":[{"@type":"SearchAction","target":{"@type":"EntryPoint","urlTemplate":"https:\/\/ag-frisch.com\/de\/?s={search_term_string}"},"query-input":{"@type":"PropertyValueSpecification","valueRequired":true,"valueName":"search_term_string"}}],"inLanguage":"de"},{"@type":"Organization","@id":"https:\/\/ag-frisch.com\/de\/#organization","name":"Agentur Frisch International Consulting GmbH & Co. KG","url":"https:\/\/ag-frisch.com\/de\/","logo":{"@type":"ImageObject","inLanguage":"de","@id":"https:\/\/ag-frisch.com\/de\/#\/schema\/logo\/image\/","url":"https:\/\/ag-frisch.com\/wp-content\/uploads\/2021\/08\/ag_logo_rgb_300_small.png","contentUrl":"https:\/\/ag-frisch.com\/wp-content\/uploads\/2021\/08\/ag_logo_rgb_300_small.png","width":153,"height":102,"caption":"Agentur Frisch International Consulting GmbH & Co. KG"},"image":{"@id":"https:\/\/ag-frisch.com\/de\/#\/schema\/logo\/image\/"},"sameAs":["https:\/\/www.facebook.com\/China.Import","https:\/\/x.com\/agenturfrisch"]}]}},"_links":{"self":[{"href":"https:\/\/ag-frisch.com\/de\/wp-json\/wp\/v2\/pages\/254","targetHints":{"allow":["GET"]}}],"collection":[{"href":"https:\/\/ag-frisch.com\/de\/wp-json\/wp\/v2\/pages"}],"about":[{"href":"https:\/\/ag-frisch.com\/de\/wp-json\/wp\/v2\/types\/page"}],"author":[{"embeddable":true,"href":"https:\/\/ag-frisch.com\/de\/wp-json\/wp\/v2\/users\/2"}],"replies":[{"embeddable":true,"href":"https:\/\/ag-frisch.com\/de\/wp-json\/wp\/v2\/comments?post=254"}],"version-history":[{"count":0,"href":"https:\/\/ag-frisch.com\/de\/wp-json\/wp\/v2\/pages\/254\/revisions"}],"up":[{"embeddable":true,"href":"https:\/\/ag-frisch.com\/de\/wp-json\/wp\/v2\/pages\/237"}],"wp:attachment":[{"href":"https:\/\/ag-frisch.com\/de\/wp-json\/wp\/v2\/media?parent=254"}],"curies":[{"name":"wp","href":"https:\/\/api.w.org\/{rel}","templated":true}]}}