{"id":257,"date":"2021-09-12T07:58:20","date_gmt":"2021-09-12T05:58:20","guid":{"rendered":"https:\/\/ag-frisch.com\/?page_id=257"},"modified":"2025-04-02T19:21:01","modified_gmt":"2025-04-02T17:21:01","slug":"hersteller-oem-china-import","status":"publish","type":"page","link":"https:\/\/ag-frisch.com\/de\/china-import-kunden\/hersteller-oem-china-import\/","title":{"rendered":"Hersteller"},"content":{"rendered":"<p>[et_pb_section fb_built=&#8221;1&#8243; _builder_version=&#8221;4.16&#8243; _module_preset=&#8221;default&#8221; global_colors_info=&#8221;{}&#8221;][et_pb_row _builder_version=&#8221;4.18.1&#8243; _module_preset=&#8221;default&#8221; global_colors_info=&#8221;{}&#8221;][et_pb_column type=&#8221;4_4&#8243; _builder_version=&#8221;4.18.1&#8243; _module_preset=&#8221;default&#8221; global_colors_info=&#8221;{}&#8221;][et_pb_cta title=&#8221;Als Hersteller die Produktion nach China verlegen&#8221; button_url=&#8221;https:\/\/calendly.com\/agenturfrisch&#8221; button_text=&#8221;Jetzt Beratung buchen&#8221; _builder_version=&#8221;4.18.1&#8243; _module_preset=&#8221;default&#8221; global_colors_info=&#8221;{}&#8221;]<\/p>\n<p>Wir unterst\u00fctzen Sie bei der gesamten Produktionsverlegung nach China und sind auch dar\u00fcber hinaus beratend f\u00fcr Sie t\u00e4tig.<\/p>\n<p>[\/et_pb_cta][\/et_pb_column][\/et_pb_row][et_pb_row _builder_version=&#8221;4.16&#8243; _module_preset=&#8221;default&#8221; custom_padding=&#8221;36px|||||&#8221; global_colors_info=&#8221;{}&#8221;][et_pb_column type=&#8221;4_4&#8243; _builder_version=&#8221;4.16&#8243; _module_preset=&#8221;default&#8221; global_colors_info=&#8221;{}&#8221;][et_pb_text _builder_version=&#8221;4.27.2&#8243; _module_preset=&#8221;default&#8221; custom_padding=&#8221;1px|||||&#8221; hover_enabled=&#8221;0&#8243; global_colors_info=&#8221;{}&#8221; sticky_enabled=&#8221;0&#8243;]<\/p>\n<h2><strong>Produktion in China: Optimale Fertigung und verl\u00e4ssliche Lieferungen<\/strong><\/h2>\n<p><strong>Auftragsproduktion in China f\u00fcr Hersteller<\/strong><\/p>\n<p>Sie sind bereits Hersteller und kennen das Gesch\u00e4ft, und suchen nach M\u00f6glichkeiten, g\u00fcnstiger und effizienter zu produzieren? Oder Sie wollen brandneu ins Business einsteigen und sich Ihre eigene Marke aufbauen? Als langj\u00e4hriger Kenner des China-Imports ist die Agentur Frisch auch hier Ihr perfekter Partner. Wir haben das Know-how und die Connections, um die Fabriken in China herauszusuchen, die optimal zu Ihren Anforderungen als Hersteller passen. Und das ist nur ein Bruchteil unserer Leistungen!<\/p>\n<p>&nbsp;<\/p>\n<p><strong>Full Service: Was Sie von uns erwarten k\u00f6nnen<\/strong><\/p>\n<p>Wir verstehen uns als Full-Service-Dienstleister f\u00fcr den China-Import und \u00fcbernehmen f\u00fcr Sie nicht nur die Suche nach den Fabriken in China, sondern auf Wunsch auch alle weiteren Aufgaben, die bei Ihrem China-Business anfallen. Dabei verf\u00fcgen wir \u00fcber zuverl\u00e4ssige, gewachsene Verbindungen und freuen uns, f\u00fcr Sie beste Arbeit zu leisten. Zu unseren Leistungen rund um Ihre Auftragsproduktion in China geh\u00f6ren zum Beispiel:<\/p>\n<ul>\n<li>Preisverhandlungen und Vertragsausarbeitung<\/li>\n<li>Anfertigen von Erstmustern und Prototypen<\/li>\n<li>Konformit\u00e4t und Qualit\u00e4tssicherung<\/li>\n<li>Laborpr\u00fcfungen und Zertifikate<\/li>\n<li>Logistik und Verladekontrolle<\/li>\n<li>Zollabwicklung<\/li>\n<li>Lagerung und Fulfillment<\/li>\n<\/ul>\n<p>&nbsp;<\/p>\n<p><strong>Kosten senken mit Auftragsproduktion in China<\/strong><\/p>\n<p>Als Hersteller von Produkten in Deutschland sind Sie es leid, zu hohe Kosten f\u00fcr die Produktion zu zahlen? Sie suchen nach einer g\u00fcnstigeren Alternative und wollen in China produzieren lassen? Dann sind wir Ihr Ansprechpartner. Wir analysieren gemeinsam Ihren Bedarf und finden die passenden Fabriken in China. Aufgrund unserer umfangreichen Erfahrungen und der Vielzahl unserer erprobten Gesch\u00e4ftspartner k\u00f6nnen Sie sich dabei sicher sein, zuverl\u00e4ssige und hochqualitative Auftragserf\u00fcllung zu erhalten.<\/p>\n<p>Wir gestalten mit Ihnen die Vertr\u00e4ge nach Ihren Vorstellungen und k\u00f6nnen Ihnen in jedem Bereich rund um Ihre Auftragsproduktion in China weiterhelfen. Die gro\u00dfe Anzahl unserer zufriedenen Stammkunden spricht f\u00fcr sich \u2013 geh\u00f6ren auch Sie dazu!<\/p>\n<p>&nbsp;<\/p>\n<p><strong>Eigene Marke aufbauen mit Herstellung in China<\/strong><\/p>\n<p>Wer eine eigene Marke aufbauen will, hat vieles zu beachten. Insbesondere die Startkosten k\u00f6nnen dabei sehr hoch werden, wenn man alles in Deutschland erledigen l\u00e4sst. Diese Investitionskosten lassen sich deutlich reduzieren durch Fabriken in China. Gepr\u00fcfte Qualit\u00e4t und g\u00fcltige Zertifizierungen sorgen daf\u00fcr, dass dabei hochwertige Produkte entstehen, die auf dem deutschen Markt von Beh\u00f6rden und den Konsumenten komplett akzeptiert werden.<\/p>\n<p>Die Agentur Frisch steht Ihnen beim Aufbau Ihrer eigenen neuen Marke auf verschiedene Weise zur Seite. Wir k\u00f6nnen Ihnen die optimalen Hersteller vermitteln, aber auch viele weitere Leistungen rund um die neue Marke \u00fcbernehmen. Auf Wunsch entwickeln unsere Fachleute gemeinsam mit Ihnen die Produktidentit\u00e4t:<\/p>\n<ul>\n<li>Produktdesign<\/li>\n<li>Verpackungslayout<\/li>\n<li>Produktlabels<\/li>\n<li>Logoaufdrucke auf Ihrem Produkt<\/li>\n<\/ul>\n<p>&nbsp;<\/p>\n<p><strong>Fairer Handel und maximaler Gewinn<\/strong><\/p>\n<p>Die Auftragsproduktion in China ist mit Vorurteilen behaftet: schlechte Arbeitsbedingungen und minderwertige Qualit\u00e4t. Doch das muss nicht so sein. Mit dem richtigen Know-how und guten Connections ist es m\u00f6glich, erstklassige Produkte anzubieten, fair zu handeln, und dennoch sensationell niedrige Preise zu erzielen. Wir sind Gr\u00fcndungsmitglied des Vereins der lauteren Importeure e.V. und beweisen, dass China-Import zugleich lukrativ und fair sein kann. Wir halten s\u00e4mtliche Bestimmungen ein und \u00fcbertreffen Vorgaben mit Vergn\u00fcgen. Das sorgt nicht nur f\u00fcr ein gutes Gewissen, sondern auch daf\u00fcr, dass keine rechtlichen Probleme eintreten. So k\u00f6nnen Sie als Hersteller mit der Agentur Frisch bedenkenlos in Fabriken in China produzieren lassen.<\/p>\n<p>&nbsp;<\/p>\n<p><strong>Vollst\u00e4ndige Auftragserf\u00fcllung durch unsere Tochterfirmen<\/strong><\/p>\n<p>Um unseren Kunden eine perfekte Abwicklung garantieren zu k\u00f6nnen, haben wir eigene Unternehmen f\u00fcr die verschiedenen Leistungen im China-Import aufgebaut. So k\u00f6nnen wir uns sicher sein, dass alles reibungslos und absolut zuverl\u00e4ssig l\u00e4uft. Lernen Sie unser Unternehmensspektrum kennen:<\/p>\n<ul>\n<li>import4u<\/li>\n<li>inspekt4u<\/li>\n<li>e-Best<\/li>\n<li>China-Import.net<\/li>\n<li>airbridge Consulting<\/li>\n<li>China Import Consult<\/li>\n<li>Stock4u<\/li>\n<li>BEIDE Test-Labor<\/li>\n<\/ul>\n<p>[\/et_pb_text][\/et_pb_column][\/et_pb_row][\/et_pb_section][et_pb_section fb_built=&#8221;1&#8243; admin_label=&#8221;Testimonials&#8221; _builder_version=&#8221;4.16&#8243; use_background_color_gradient=&#8221;on&#8221; background_color_gradient_stops=&#8221;rgba(0,106,156,0.85) 0%|rgba(0,106,156,0.85) 100%&#8221; background_color_gradient_start=&#8221;rgba(0,106,156,0.85)&#8221; background_color_gradient_end=&#8221;rgba(0,106,156,0.85)&#8221; custom_padding=&#8221;90px||60px|&#8221; animation_style=&#8221;fold&#8221; animation_direction=&#8221;bottom&#8221; animation_intensity_fold=&#8221;4%&#8221; global_colors_info=&#8221;{}&#8221;][et_pb_row _builder_version=&#8221;4.16&#8243; background_size=&#8221;initial&#8221; background_position=&#8221;top_left&#8221; background_repeat=&#8221;repeat&#8221; custom_width_px=&#8221;710px&#8221; locked=&#8221;off&#8221; global_colors_info=&#8221;{}&#8221;][et_pb_column type=&#8221;4_4&#8243; _builder_version=&#8221;4.16&#8243; background_position=&#8221;top_left&#8221; custom_padding=&#8221;|||&#8221; global_colors_info=&#8221;{}&#8221; custom_padding__hover=&#8221;|||&#8221;][et_pb_text admin_label=&#8221;Testimonials Section Title&#8221; _builder_version=&#8221;4.16&#8243; header_font=&#8221;Montserrat||||&#8221; header_font_size=&#8221;36px&#8221; background_size=&#8221;initial&#8221; background_position=&#8221;top_left&#8221; background_repeat=&#8221;repeat&#8221; text_orientation=&#8221;center&#8221; background_layout=&#8221;dark&#8221; max_width=&#8221;710px&#8221; module_alignment=&#8221;center&#8221; animation_style=&#8221;fold&#8221; animation_direction=&#8221;bottom&#8221; animation_intensity_fold=&#8221;20%&#8221; global_colors_info=&#8221;{}&#8221;]<\/p>\n<h1>\u00dcber 5000 zufriedene Kunden.<\/h1>\n<p>&nbsp;<\/p>\n<p>[\/et_pb_text][et_pb_divider color=&#8221;#ffffff&#8221; divider_weight=&#8221;3px&#8221; disabled_on=&#8221;off|off|off&#8221; _builder_version=&#8221;4.16&#8243; background_color_gradient_direction=&#8221;90deg&#8221; max_width=&#8221;100px&#8221; module_alignment=&#8221;center&#8221; height=&#8221;5px&#8221; custom_margin=&#8221;||20px|&#8221; custom_padding=&#8221;||20px|&#8221; animation_style=&#8221;slide&#8221; animation_direction=&#8221;bottom&#8221; saved_tabs=&#8221;all&#8221; locked=&#8221;off&#8221; global_colors_info=&#8221;{}&#8221;][\/et_pb_divider][\/et_pb_column][\/et_pb_row][et_pb_row column_structure=&#8221;1_2,1_2&#8243; _builder_version=&#8221;4.18.1&#8243; _module_preset=&#8221;default&#8221; global_colors_info=&#8221;{}&#8221;][et_pb_column type=&#8221;1_2&#8243; _builder_version=&#8221;4.18.1&#8243; _module_preset=&#8221;default&#8221; global_colors_info=&#8221;{}&#8221;][et_pb_testimonial author=&#8221;Marco&#8221; portrait_url=&#8221;https:\/\/ag-frisch.com\/wp-content\/uploads\/2021\/08\/Harald.png&#8221; quote_icon=&#8221;off&#8221; _builder_version=&#8221;4.18.1&#8243; _module_preset=&#8221;default&#8221; body_font_size=&#8221;16px&#8221; use_background_color=&#8221;off&#8221; background_layout=&#8221;dark&#8221; global_colors_info=&#8221;{}&#8221;]Ich habe die Agentur Frisch beauftragt ein gr\u00f6\u00dferes M\u00f6belst\u00fcck in China produzieren zu lassen um es dann folglich nach Deutschland zu \u00fcberf\u00fchren. Per Mail erfolgte die ganze Zeit \u00fcber eine reibungslose Kommunikation! Sehr schnelle und zuverl\u00e4ssige Antworten vermittelten mir st\u00e4ndig die Sicherheiten, die bei so einen Unterfangen unerl\u00e4sslich sind. Jederzeit wurde mir durch den B\u00fcrokratiedschungel geholfen und dabei wurden keine Formulare vergessen oder falsch ausgef\u00fcllt. Sehr lobenswert!<a href=\"&lt;div class=&quot;pe-richsnippets&quot;&gt;&amp;nbsp;&lt;\/div&gt; &lt;script type=&quot;text\/javascript&quot; src=&quot;https:\/\/www.provenexpert.com\/widget\/richsnippet.js?u=1NUA0VwZ4RUZ5tmAi5zA4RaplNKAlWwZ&amp;v=2&quot; async&gt;&lt;\/script&gt; &lt;div style=&quot;text-align: justify;&quot;&gt;&lt;br \/&gt;\"><\/a><\/p>\n<div class=\"brow ratingBarMargin\">\n<div class=\"ratingBar\">\n<div class=\"brow\">\n<div class=\"pe-richsnippets\">&nbsp;<\/div>\n<p><script type=\"text\/javascript\" src=\"https:\/\/www.provenexpert.com\/widget\/richsnippet.js?u=1NUA0VwZ4RUZ5tmAi5zA4RaplNKAlWwZ&#038;v=2\" async><\/script><\/p>\n<div style=\"text-align: justify;\"><\/p>\n<div class=\"col-lg-9 col-md-8 col-xs-10 mt20 mb20\">\n<div class=\"col-xs-12 surveyNameForRating\"><\/div>\n<\/div>\n<\/div>\n<\/div>\n<\/div>\n<\/div>\n<p>[\/et_pb_testimonial][\/et_pb_column][et_pb_column type=&#8221;1_2&#8243; _builder_version=&#8221;4.18.1&#8243; _module_preset=&#8221;default&#8221; global_colors_info=&#8221;{}&#8221;][et_pb_testimonial author=&#8221;Simone L.&#8221; portrait_url=&#8221;https:\/\/ag-frisch.com\/wp-content\/uploads\/2021\/08\/Harald.png&#8221; quote_icon=&#8221;off&#8221; _builder_version=&#8221;4.18.1&#8243; _module_preset=&#8221;default&#8221; body_font_size=&#8221;16px&#8221; use_background_color=&#8221;off&#8221; background_layout=&#8221;dark&#8221; global_colors_info=&#8221;{}&#8221;]<\/p>\n<p>Alles Top. Besser geht nicht. Beratung und Durchf\u00fchrung kann man nicht besser machen. Wir sind nach mehreren Bestellungen bei diesem Unternehmen mehr als zufrieden und setzen die Zusammenarbeit fort.<\/p>\n<div class=\"brow ratingBarMargin\">\n<div class=\"ratingBar\">\n<div class=\"brow\">\n<div class=\"pe-richsnippets\">\u00a0<\/div>\n<p>\n<script type=\"text\/javascript\" src=\"https:\/\/www.provenexpert.com\/widget\/richsnippet.js?u=1NUA0VwZ4RUZ5tmAi5zA4RaplNKAlWwZ&amp;v=2\" async=\"\"><\/script>\n<\/p>\n<div style=\"text-align: justify;\">\n<p>&nbsp;<\/p>\n<div class=\"col-lg-9 col-md-8 col-xs-10 mt20 mb20\">\n<div class=\"col-xs-12 surveyNameForRating\"><\/div>\n<\/div>\n<\/div>\n<\/div>\n<\/div>\n<\/div>\n<p>[\/et_pb_testimonial][\/et_pb_column][\/et_pb_row][et_pb_row _builder_version=&#8221;4.16&#8243; background_size=&#8221;initial&#8221; background_position=&#8221;top_left&#8221; background_repeat=&#8221;repeat&#8221; custom_padding=&#8221;50px|0px|30px|0px&#8221; custom_css_main_element=&#8221;text-align: center;&#8221; global_colors_info=&#8221;{}&#8221;][et_pb_column type=&#8221;4_4&#8243; _builder_version=&#8221;4.16&#8243; custom_padding=&#8221;|||&#8221; global_colors_info=&#8221;{}&#8221; custom_padding__hover=&#8221;|||&#8221;][et_pb_button button_url=&#8221;https:\/\/www.provenexpert.com\/de-de\/agentur-frisch-international-consulting-gmbh-und-co-kg\/&#8221; button_text=&#8221;MEHR BEWERTUNGEN&#8221; button_alignment=&#8221;left&#8221; admin_label=&#8221;Testimonial Button&#8221; _builder_version=&#8221;4.16&#8243; custom_button=&#8221;on&#8221; button_text_size=&#8221;18px&#8221; button_text_color=&#8221;#ffffff&#8221; button_bg_color=&#8221;#6eba01&#8243; button_border_width=&#8221;2px&#8221; button_border_color=&#8221;#6eba01&#8243; button_border_radius=&#8221;0px&#8221; button_letter_spacing=&#8221;2px&#8221; button_font=&#8221;Montserrat|||on|&#8221; button_use_icon=&#8221;off&#8221; animation_style=&#8221;fold&#8221; animation_direction=&#8221;bottom&#8221; button_text_color_hover=&#8221;#ffffff&#8221; button_border_color_hover=&#8221;#ffffff&#8221; button_border_radius_hover=&#8221;0px&#8221; button_letter_spacing_hover=&#8221;2px&#8221; button_bg_color_hover=&#8221;rgba(255,255,255,0)&#8221; locked=&#8221;off&#8221; global_colors_info=&#8221;{}&#8221; button_text_size__hover_enabled=&#8221;off&#8221; button_one_text_size__hover_enabled=&#8221;off&#8221; button_two_text_size__hover_enabled=&#8221;off&#8221; button_text_color__hover_enabled=&#8221;on&#8221; button_text_color__hover=&#8221;#ffffff&#8221; button_one_text_color__hover_enabled=&#8221;off&#8221; button_two_text_color__hover_enabled=&#8221;off&#8221; button_border_width__hover_enabled=&#8221;off&#8221; button_one_border_width__hover_enabled=&#8221;off&#8221; button_two_border_width__hover_enabled=&#8221;off&#8221; button_border_color__hover_enabled=&#8221;on&#8221; button_border_color__hover=&#8221;#ffffff&#8221; button_one_border_color__hover_enabled=&#8221;off&#8221; button_two_border_color__hover_enabled=&#8221;off&#8221; button_border_radius__hover_enabled=&#8221;on&#8221; button_border_radius__hover=&#8221;0px&#8221; button_one_border_radius__hover_enabled=&#8221;off&#8221; button_two_border_radius__hover_enabled=&#8221;off&#8221; button_letter_spacing__hover_enabled=&#8221;on&#8221; button_letter_spacing__hover=&#8221;2px&#8221; button_one_letter_spacing__hover_enabled=&#8221;off&#8221; button_two_letter_spacing__hover_enabled=&#8221;off&#8221; button_bg_color__hover_enabled=&#8221;on&#8221; button_bg_color__hover=&#8221;rgba(255,255,255,0)&#8221; button_one_bg_color__hover_enabled=&#8221;off&#8221; button_two_bg_color__hover_enabled=&#8221;off&#8221;][\/et_pb_button][\/et_pb_column][\/et_pb_row][\/et_pb_section]<\/p>\n","protected":false},"excerpt":{"rendered":"<p>Wir unterst\u00fctzen Sie bei der gesamten Produktionsverlegung nach China und sind auch dar\u00fcber hinaus beratend f\u00fcr Sie t\u00e4tig.Produktion in China: Optimale Fertigung und verl\u00e4ssliche Lieferungen Auftragsproduktion in China f\u00fcr Hersteller Sie sind bereits Hersteller und kennen das Gesch\u00e4ft, und suchen nach M\u00f6glichkeiten, g\u00fcnstiger und effizienter zu produzieren? Oder Sie wollen brandneu ins Business einsteigen und [&hellip;]<\/p>\n","protected":false},"author":2,"featured_media":0,"parent":237,"menu_order":0,"comment_status":"closed","ping_status":"closed","template":"","meta":{"_et_pb_use_builder":"on","_et_pb_old_content":"","_et_gb_content_width":"","footnotes":""},"class_list":["post-257","page","type-page","status-publish","hentry"],"yoast_head":"<!-- This site is optimized with the Yoast SEO plugin v27.4 - https:\/\/yoast.com\/product\/yoast-seo-wordpress\/ -->\n<title>Produktion in China | Kosteng\u00fcnstig &amp; effizient fertigen lassen<\/title>\n<meta name=\"description\" content=\"Produktion in China - Auftragsfertigung f\u00fcr Ihre Marke \u2714 Hersteller-Suche \u2714 Prototypen &amp; Qualit\u00e4tssicherung \u2714 Faire Produktion \u25ba Jetzt beraten lassen!\" \/>\n<meta name=\"robots\" content=\"index, follow, max-snippet:-1, max-image-preview:large, max-video-preview:-1\" \/>\n<link rel=\"canonical\" href=\"https:\/\/ag-frisch.com\/de\/china-import-kunden\/hersteller-oem-china-import\/\" \/>\n<meta property=\"og:locale\" content=\"de_DE\" \/>\n<meta property=\"og:type\" content=\"article\" \/>\n<meta property=\"og:title\" content=\"Produktion in China | Kosteng\u00fcnstig &amp; effizient fertigen lassen\" \/>\n<meta property=\"og:description\" content=\"Produktion in China - Auftragsfertigung f\u00fcr Ihre Marke \u2714 Hersteller-Suche \u2714 Prototypen &amp; Qualit\u00e4tssicherung \u2714 Faire Produktion \u25ba Jetzt beraten lassen!\" \/>\n<meta property=\"og:url\" content=\"https:\/\/ag-frisch.com\/de\/china-import-kunden\/hersteller-oem-china-import\/\" \/>\n<meta property=\"og:site_name\" content=\"China Import Beratung f\u00fcr den Einkauf aus China\" \/>\n<meta property=\"article:publisher\" content=\"https:\/\/www.facebook.com\/China.Import\" \/>\n<meta property=\"article:modified_time\" content=\"2025-04-02T17:21:01+00:00\" \/>\n<meta name=\"twitter:card\" content=\"summary_large_image\" \/>\n<meta name=\"twitter:site\" content=\"@agenturfrisch\" \/>\n<meta name=\"twitter:label1\" content=\"Gesch\u00e4tzte Lesezeit\" \/>\n\t<meta name=\"twitter:data1\" content=\"8\u00a0Minuten\" \/>\n<script type=\"application\/ld+json\" class=\"yoast-schema-graph\">{\"@context\":\"https:\\\/\\\/schema.org\",\"@graph\":[{\"@type\":\"WebPage\",\"@id\":\"https:\\\/\\\/ag-frisch.com\\\/de\\\/china-import-kunden\\\/hersteller-oem-china-import\\\/\",\"url\":\"https:\\\/\\\/ag-frisch.com\\\/de\\\/china-import-kunden\\\/hersteller-oem-china-import\\\/\",\"name\":\"Produktion in China | Kosteng\u00fcnstig & effizient fertigen lassen\",\"isPartOf\":{\"@id\":\"https:\\\/\\\/ag-frisch.com\\\/de\\\/#website\"},\"datePublished\":\"2021-09-12T05:58:20+00:00\",\"dateModified\":\"2025-04-02T17:21:01+00:00\",\"description\":\"Produktion in China - Auftragsfertigung f\u00fcr Ihre Marke \u2714 Hersteller-Suche \u2714 Prototypen & Qualit\u00e4tssicherung \u2714 Faire Produktion \u25ba Jetzt beraten lassen!\",\"breadcrumb\":{\"@id\":\"https:\\\/\\\/ag-frisch.com\\\/de\\\/china-import-kunden\\\/hersteller-oem-china-import\\\/#breadcrumb\"},\"inLanguage\":\"de\",\"potentialAction\":[{\"@type\":\"ReadAction\",\"target\":[\"https:\\\/\\\/ag-frisch.com\\\/de\\\/china-import-kunden\\\/hersteller-oem-china-import\\\/\"]}]},{\"@type\":\"BreadcrumbList\",\"@id\":\"https:\\\/\\\/ag-frisch.com\\\/de\\\/china-import-kunden\\\/hersteller-oem-china-import\\\/#breadcrumb\",\"itemListElement\":[{\"@type\":\"ListItem\",\"position\":1,\"name\":\"Startseite\",\"item\":\"https:\\\/\\\/ag-frisch.com\\\/de\\\/\"},{\"@type\":\"ListItem\",\"position\":2,\"name\":\"Unsere Zielgruppen\",\"item\":\"https:\\\/\\\/ag-frisch.com\\\/de\\\/china-import-kunden\\\/\"},{\"@type\":\"ListItem\",\"position\":3,\"name\":\"Hersteller\"}]},{\"@type\":\"WebSite\",\"@id\":\"https:\\\/\\\/ag-frisch.com\\\/de\\\/#website\",\"url\":\"https:\\\/\\\/ag-frisch.com\\\/de\\\/\",\"name\":\"China Import Beratung f\u00fcr den Einkauf aus China\",\"description\":\"China Import &amp; Export Beratung - Der Dienstleister Ihres Vertrauens f\u00fcr Ihren China Import\",\"publisher\":{\"@id\":\"https:\\\/\\\/ag-frisch.com\\\/de\\\/#organization\"},\"potentialAction\":[{\"@type\":\"SearchAction\",\"target\":{\"@type\":\"EntryPoint\",\"urlTemplate\":\"https:\\\/\\\/ag-frisch.com\\\/de\\\/?s={search_term_string}\"},\"query-input\":{\"@type\":\"PropertyValueSpecification\",\"valueRequired\":true,\"valueName\":\"search_term_string\"}}],\"inLanguage\":\"de\"},{\"@type\":\"Organization\",\"@id\":\"https:\\\/\\\/ag-frisch.com\\\/de\\\/#organization\",\"name\":\"Agentur Frisch International Consulting GmbH & Co. KG\",\"url\":\"https:\\\/\\\/ag-frisch.com\\\/de\\\/\",\"logo\":{\"@type\":\"ImageObject\",\"inLanguage\":\"de\",\"@id\":\"https:\\\/\\\/ag-frisch.com\\\/de\\\/#\\\/schema\\\/logo\\\/image\\\/\",\"url\":\"https:\\\/\\\/ag-frisch.com\\\/wp-content\\\/uploads\\\/2021\\\/08\\\/ag_logo_rgb_300_small.png\",\"contentUrl\":\"https:\\\/\\\/ag-frisch.com\\\/wp-content\\\/uploads\\\/2021\\\/08\\\/ag_logo_rgb_300_small.png\",\"width\":153,\"height\":102,\"caption\":\"Agentur Frisch International Consulting GmbH & Co. KG\"},\"image\":{\"@id\":\"https:\\\/\\\/ag-frisch.com\\\/de\\\/#\\\/schema\\\/logo\\\/image\\\/\"},\"sameAs\":[\"https:\\\/\\\/www.facebook.com\\\/China.Import\",\"https:\\\/\\\/x.com\\\/agenturfrisch\"]}]}<\/script>\n<!-- \/ Yoast SEO plugin. -->","yoast_head_json":{"title":"Produktion in China | Kosteng\u00fcnstig & effizient fertigen lassen","description":"Produktion in China - Auftragsfertigung f\u00fcr Ihre Marke \u2714 Hersteller-Suche \u2714 Prototypen & Qualit\u00e4tssicherung \u2714 Faire Produktion \u25ba Jetzt beraten lassen!","robots":{"index":"index","follow":"follow","max-snippet":"max-snippet:-1","max-image-preview":"max-image-preview:large","max-video-preview":"max-video-preview:-1"},"canonical":"https:\/\/ag-frisch.com\/de\/china-import-kunden\/hersteller-oem-china-import\/","og_locale":"de_DE","og_type":"article","og_title":"Produktion in China | Kosteng\u00fcnstig & effizient fertigen lassen","og_description":"Produktion in China - Auftragsfertigung f\u00fcr Ihre Marke \u2714 Hersteller-Suche \u2714 Prototypen & Qualit\u00e4tssicherung \u2714 Faire Produktion \u25ba Jetzt beraten lassen!","og_url":"https:\/\/ag-frisch.com\/de\/china-import-kunden\/hersteller-oem-china-import\/","og_site_name":"China Import Beratung f\u00fcr den Einkauf aus China","article_publisher":"https:\/\/www.facebook.com\/China.Import","article_modified_time":"2025-04-02T17:21:01+00:00","twitter_card":"summary_large_image","twitter_site":"@agenturfrisch","twitter_misc":{"Gesch\u00e4tzte Lesezeit":"8\u00a0Minuten"},"schema":{"@context":"https:\/\/schema.org","@graph":[{"@type":"WebPage","@id":"https:\/\/ag-frisch.com\/de\/china-import-kunden\/hersteller-oem-china-import\/","url":"https:\/\/ag-frisch.com\/de\/china-import-kunden\/hersteller-oem-china-import\/","name":"Produktion in China | Kosteng\u00fcnstig & effizient fertigen lassen","isPartOf":{"@id":"https:\/\/ag-frisch.com\/de\/#website"},"datePublished":"2021-09-12T05:58:20+00:00","dateModified":"2025-04-02T17:21:01+00:00","description":"Produktion in China - Auftragsfertigung f\u00fcr Ihre Marke \u2714 Hersteller-Suche \u2714 Prototypen & Qualit\u00e4tssicherung \u2714 Faire Produktion \u25ba Jetzt beraten lassen!","breadcrumb":{"@id":"https:\/\/ag-frisch.com\/de\/china-import-kunden\/hersteller-oem-china-import\/#breadcrumb"},"inLanguage":"de","potentialAction":[{"@type":"ReadAction","target":["https:\/\/ag-frisch.com\/de\/china-import-kunden\/hersteller-oem-china-import\/"]}]},{"@type":"BreadcrumbList","@id":"https:\/\/ag-frisch.com\/de\/china-import-kunden\/hersteller-oem-china-import\/#breadcrumb","itemListElement":[{"@type":"ListItem","position":1,"name":"Startseite","item":"https:\/\/ag-frisch.com\/de\/"},{"@type":"ListItem","position":2,"name":"Unsere Zielgruppen","item":"https:\/\/ag-frisch.com\/de\/china-import-kunden\/"},{"@type":"ListItem","position":3,"name":"Hersteller"}]},{"@type":"WebSite","@id":"https:\/\/ag-frisch.com\/de\/#website","url":"https:\/\/ag-frisch.com\/de\/","name":"China Import Beratung f\u00fcr den Einkauf aus China","description":"China Import &amp; Export Beratung - Der Dienstleister Ihres Vertrauens f\u00fcr Ihren China Import","publisher":{"@id":"https:\/\/ag-frisch.com\/de\/#organization"},"potentialAction":[{"@type":"SearchAction","target":{"@type":"EntryPoint","urlTemplate":"https:\/\/ag-frisch.com\/de\/?s={search_term_string}"},"query-input":{"@type":"PropertyValueSpecification","valueRequired":true,"valueName":"search_term_string"}}],"inLanguage":"de"},{"@type":"Organization","@id":"https:\/\/ag-frisch.com\/de\/#organization","name":"Agentur Frisch International Consulting GmbH & Co. KG","url":"https:\/\/ag-frisch.com\/de\/","logo":{"@type":"ImageObject","inLanguage":"de","@id":"https:\/\/ag-frisch.com\/de\/#\/schema\/logo\/image\/","url":"https:\/\/ag-frisch.com\/wp-content\/uploads\/2021\/08\/ag_logo_rgb_300_small.png","contentUrl":"https:\/\/ag-frisch.com\/wp-content\/uploads\/2021\/08\/ag_logo_rgb_300_small.png","width":153,"height":102,"caption":"Agentur Frisch International Consulting GmbH & Co. KG"},"image":{"@id":"https:\/\/ag-frisch.com\/de\/#\/schema\/logo\/image\/"},"sameAs":["https:\/\/www.facebook.com\/China.Import","https:\/\/x.com\/agenturfrisch"]}]}},"_links":{"self":[{"href":"https:\/\/ag-frisch.com\/de\/wp-json\/wp\/v2\/pages\/257","targetHints":{"allow":["GET"]}}],"collection":[{"href":"https:\/\/ag-frisch.com\/de\/wp-json\/wp\/v2\/pages"}],"about":[{"href":"https:\/\/ag-frisch.com\/de\/wp-json\/wp\/v2\/types\/page"}],"author":[{"embeddable":true,"href":"https:\/\/ag-frisch.com\/de\/wp-json\/wp\/v2\/users\/2"}],"replies":[{"embeddable":true,"href":"https:\/\/ag-frisch.com\/de\/wp-json\/wp\/v2\/comments?post=257"}],"version-history":[{"count":1,"href":"https:\/\/ag-frisch.com\/de\/wp-json\/wp\/v2\/pages\/257\/revisions"}],"predecessor-version":[{"id":20246,"href":"https:\/\/ag-frisch.com\/de\/wp-json\/wp\/v2\/pages\/257\/revisions\/20246"}],"up":[{"embeddable":true,"href":"https:\/\/ag-frisch.com\/de\/wp-json\/wp\/v2\/pages\/237"}],"wp:attachment":[{"href":"https:\/\/ag-frisch.com\/de\/wp-json\/wp\/v2\/media?parent=257"}],"curies":[{"name":"wp","href":"https:\/\/api.w.org\/{rel}","templated":true}]}}