{"id":278,"date":"2021-09-12T08:12:00","date_gmt":"2021-09-12T06:12:00","guid":{"rendered":"https:\/\/ag-frisch.com\/?page_id=278"},"modified":"2025-04-02T19:18:23","modified_gmt":"2025-04-02T17:18:23","slug":"grossverbraucher","status":"publish","type":"page","link":"https:\/\/ag-frisch.com\/de\/china-import-kunden\/grossverbraucher\/","title":{"rendered":"Gro\u00dfverbraucher"},"content":{"rendered":"<p>[et_pb_section fb_built=&#8221;1&#8243; _builder_version=&#8221;4.16&#8243; _module_preset=&#8221;default&#8221; global_colors_info=&#8221;{}&#8221;][et_pb_row _builder_version=&#8221;4.18.1&#8243; _module_preset=&#8221;default&#8221; global_colors_info=&#8221;{}&#8221;][et_pb_column type=&#8221;4_4&#8243; _builder_version=&#8221;4.18.1&#8243; _module_preset=&#8221;default&#8221; global_colors_info=&#8221;{}&#8221;][et_pb_cta title=&#8221;Als Gro\u00dfverbraucher aus China importieren&#8221; button_url=&#8221;https:\/\/calendly.com\/agenturfrisch&#8221; button_text=&#8221;Jetzt Beratung buchen&#8221; _builder_version=&#8221;4.18.1&#8243; _module_preset=&#8221;default&#8221; global_colors_info=&#8221;{}&#8221;]<\/p>\n<p>Ben\u00f6tigen Sie als Gro\u00dfverbraucher besonders gro\u00dfe Mengen an Materialien, Ersatzteile, Ger\u00e4te, Maschinen oder sonstige Artikel, dann wenden Sie sich gerne an uns, wir unterst\u00fctzen Sie beim gesamten Einkauf aus China.<\/p>\n<p>[\/et_pb_cta][\/et_pb_column][\/et_pb_row][et_pb_row _builder_version=&#8221;4.16&#8243; _module_preset=&#8221;default&#8221; global_colors_info=&#8221;{}&#8221;][et_pb_column type=&#8221;4_4&#8243; _builder_version=&#8221;4.16&#8243; _module_preset=&#8221;default&#8221; global_colors_info=&#8221;{}&#8221;][et_pb_text _builder_version=&#8221;4.27.2&#8243; _module_preset=&#8221;default&#8221; hover_enabled=&#8221;0&#8243; global_colors_info=&#8221;{}&#8221; sticky_enabled=&#8221;0&#8243;]<\/p>\n<h2><strong>China-Import f\u00fcr Gro\u00dfverbraucher &#8211; Effiziente Beschaffungsl\u00f6sungen<\/strong><\/h2>\n<p><strong>F\u00fcr den erh\u00f6hten Bedarf: Gro\u00dfhandel f\u00fcr Verbraucher<\/strong><\/p>\n<p>Sie sind Gro\u00dfverbraucher und wollen die Kosten f\u00fcr Ihren Bedarf senken? Dann ist China-Import f\u00fcr Sie eine gute Option. Nirgends erhalten Sie g\u00fcnstigere und zugleich qualitativ hochwertige Ware. Egal, ob Sie Bauunternehmer sind, der f\u00fcr seine Baustellen den Gro\u00dfhandel an Baumaterial ben\u00f6tigt, oder beispielsweise Gastronom, der f\u00fcr seine Restaurantkette preiswert einkaufen will: Die Agentur Frisch realisiert f\u00fcr Sie den optimalen Einkauf in China. Folgende Bereiche sind dabei denkbar:<\/p>\n<ul>\n<li>Gro\u00dfhandel Baumaterial<\/li>\n<li>Gro\u00dfhandel Werkzeug<\/li>\n<li>Gro\u00dfhandel Autoteile<\/li>\n<li>Gro\u00dfhandel Restaurantbedarf\/Gastronomie<\/li>\n<li>Gro\u00dfhandel Pflegematerial<\/li>\n<\/ul>\n<p>Dar\u00fcber hinaus bedienen wir auch alle weiteren Produktbereiche. Wenn Ihr ben\u00f6tigtes Produkt in dieser Aufz\u00e4hlung nicht dabei war, sprechen Sie uns gern an, wir finden auch f\u00fcr Sie den passenden Gro\u00dfh\u00e4ndler aus China.<\/p>\n<p>&nbsp;<\/p>\n<p><strong>Der ganze Import-Service aus einer Hand<\/strong><\/p>\n<p>Die Agentur Frisch bietet Ihnen f\u00fcr Ihren China-Import als Gro\u00dfverbraucher den kompletten Service. Im ersten Schritt f\u00fchren wir ein kompetentes Beratungsgespr\u00e4ch mit Ihnen durch, in dem wir analysieren, was f\u00fcr Sie der perfekte Gro\u00dfhandels-Einkauf in China sein wird. Dank unserer langj\u00e4hrigen Erfahrung und den gewachsenen Connections k\u00f6nnen wir Ihnen dann den besten Hersteller in China vorstellen.<\/p>\n<p>Wir f\u00fchren f\u00fcr Sie Preisverhandlungen durch und gestalten in Abstimmung mit Ihnen rechtssichere Vertr\u00e4ge. Auf Wunsch liefern wir Ihnen Erstmuster oder Prototypen f\u00fcr Ihre Bestellung.<\/p>\n<p>Vor, w\u00e4hrend und nach der Produktion \u00fcbernehmen wir und unsere Tochterunternehmen die Qualit\u00e4tskontrolle, sowie Zertifizierungen und Kennzeichnungen. Wir gehen dabei au\u00dferordentlich sauber vor, damit es bei der Einfuhr keine b\u00f6sen \u00dcberraschungen gibt.<\/p>\n<p>Auch die Transportlogistik f\u00fcr Ihren Einkauf beim Gro\u00dfhandel in China l\u00e4uft unter unserer Regie; auf Wunsch k\u00f6nnen wir zudem Lagerung Ihrer Produkte in Deutschland anbieten.<\/p>\n<p><strong>Wir bieten Ihnen den kompletten Service f\u00fcr Ihren Gro\u00dfverbraucher-Einkauf in China.<\/strong><\/p>\n<p>&nbsp;<\/p>\n<p><strong>Qualit\u00e4t aus China: Gro\u00dfhandel Baumaterial<\/strong><\/p>\n<p>Als Bauunternehmer realisieren Sie gr\u00f6\u00dfere Bauprojekte und wissen, wie wichtig die Kostenoptimierung auch beim Baumaterial ist. Als Bauherr sind Sie verantwortlich f\u00fcr die Wirtschaftlichkeit Ihres Bauvorhabens, und wollen Kosten nach M\u00f6glichkeit reduzieren. Wir suchen gemeinsam mit Ihnen nach sinnvollen Wegen, beim Einkauf von Baumaterial im Gro\u00dfhandel in China gewaltige Einsparungen zu erzielen. Dabei arbeiten wir ausschlie\u00dflich mit seri\u00f6sen Zulieferern zusammen, die wir kennen, gepr\u00fcft haben, und die unser volles Vertrauen haben. Damit Sie ohne Bedenken beim chinesischen Gro\u00dfhandel Baumaterial beziehen k\u00f6nnen.<\/p>\n<p>&nbsp;<\/p>\n<p><strong>Gro\u00dfhandel Werkzeug und Autoteile f\u00fcr Handwerker und Werkstatt-Ketten<\/strong><\/p>\n<p>Sie haben als Handwerksbetrieb einen erh\u00f6hten Bedarf an Werkzeug und Zubeh\u00f6r? Vielleicht besitzen Sie eine oder mehrere Auto-Werkst\u00e4tten? Dann kann China-Import von Werkzeug beim Gro\u00dfhandel auch f\u00fcr Sie die perfekte L\u00f6sung sein. Wir bieten h\u00f6chste, gepr\u00fcfte Qualit\u00e4t nach deutschem Standard. Wir vermitteln schnell und zuverl\u00e4ssig zum Beispiel folgende Produkte im Bereich Gro\u00dfhandel von Werkzeug aus China:<\/p>\n<ul>\n<li>Schraubenzieher, H\u00e4mmer, Hands\u00e4gen<\/li>\n<li>Bohrmaschinen, Kreiss\u00e4gen, Bandschleifer<\/li>\n<li>Presslufth\u00e4mmer, Fr\u00e4sen und mehr<\/li>\n<\/ul>\n<p>An Autoteilen bieten wir unter vielem anderen:<\/p>\n<ul>\n<li>Autoreifen, Felgen<\/li>\n<li>Autositze, R\u00fcckb\u00e4nke<\/li>\n<li>Ersatzteile im gesamten Auto<\/li>\n<li>Elektronikzubeh\u00f6r und -ersatzteile<\/li>\n<\/ul>\n<p>Dies ist nur eine kleine \u00dcbersicht der \u00fcber uns erh\u00e4ltlichen Werkzeuge und Autoteile aus dem Gro\u00dfhandel in China. Wir realisieren f\u00fcr Sie praktisch jeden individuellen Bedarf.<\/p>\n<p>&nbsp;<\/p>\n<p><strong>Hochwertige Produkte aus dem Gro\u00dfhandel f\u00fcr Gastronomie und Restaurants<\/strong><\/p>\n<p>Ob feinste Lebensmittel oder Verpackungsmaterial, Einrichtungsgegenst\u00e4nde oder K\u00fcchenbedarf: \u00dcber die Agentur Frisch k\u00f6nnen Sie als Gro\u00dfverbraucher im Bereich Gastronomie das perfekte Gesch\u00e4ft mit dem Gro\u00dfhandel in China machen. Wir vermitteln ausschlie\u00dflich gepr\u00fcfte Qualit\u00e4t, die deutschen Standards gerecht wird. Sprechen Sie uns an und wir finden f\u00fcr Sie den idealen Zulieferer aus dem Gro\u00dfhandel f\u00fcr Gastronomie und Restaurant!<\/p>\n<p>&nbsp;<\/p>\n<p><strong>Einsparungen auf vern\u00fcnftigem Weg: Gro\u00dfhandel Pflegematerial aus China<\/strong><\/p>\n<p>Auch die Kosten im Pflegesektor lassen sich auf sinnvolle Weise senken: Durch Einkauf im Gro\u00dfhandel von medizinischen Produkten und Pflegematerial. Wir k\u00f6nnen Ihnen f\u00fcr eine enorme Vielzahl an G\u00fctern g\u00fcnstigste Preise anbieten. Dazu geh\u00f6ren im Bereich Gro\u00dfhandel von Pflegematerial unter anderem folgende:<\/p>\n<ul>\n<li>Hygienebedarf (Windeln, Einwegwaschlappen und mehr)<\/li>\n<li>Medizinische Produkte (Einwegspritzen, Verbandsmaterial)<\/li>\n<li>Arbeitskleidung (Kittel und mehr)<\/li>\n<\/ul>\n<p><strong>\u00a0<\/strong><\/p>\n<p><strong>Die Agentur Frisch bietet Gro\u00dfverbrauchern perfekten Rundum-Service f\u00fcr den China-Import!<\/strong><\/p>\n<p>[\/et_pb_text][\/et_pb_column][\/et_pb_row][\/et_pb_section][et_pb_section fb_built=&#8221;1&#8243; admin_label=&#8221;Testimonials&#8221; _builder_version=&#8221;4.16&#8243; use_background_color_gradient=&#8221;on&#8221; background_color_gradient_stops=&#8221;rgba(0,106,156,0.85) 0%|rgba(0,106,156,0.85) 100%&#8221; background_color_gradient_start=&#8221;rgba(0,106,156,0.85)&#8221; background_color_gradient_end=&#8221;rgba(0,106,156,0.85)&#8221; custom_padding=&#8221;90px||60px|&#8221; animation_style=&#8221;fold&#8221; animation_direction=&#8221;bottom&#8221; animation_intensity_fold=&#8221;4%&#8221; global_colors_info=&#8221;{}&#8221;][et_pb_row _builder_version=&#8221;4.16&#8243; background_size=&#8221;initial&#8221; background_position=&#8221;top_left&#8221; background_repeat=&#8221;repeat&#8221; custom_width_px=&#8221;710px&#8221; locked=&#8221;off&#8221; global_colors_info=&#8221;{}&#8221;][et_pb_column type=&#8221;4_4&#8243; _builder_version=&#8221;4.16&#8243; background_position=&#8221;top_left&#8221; custom_padding=&#8221;|||&#8221; global_colors_info=&#8221;{}&#8221; custom_padding__hover=&#8221;|||&#8221;][et_pb_text admin_label=&#8221;Testimonials Section Title&#8221; _builder_version=&#8221;4.16&#8243; header_font=&#8221;Montserrat||||&#8221; header_font_size=&#8221;36px&#8221; background_size=&#8221;initial&#8221; background_position=&#8221;top_left&#8221; background_repeat=&#8221;repeat&#8221; text_orientation=&#8221;center&#8221; background_layout=&#8221;dark&#8221; max_width=&#8221;710px&#8221; module_alignment=&#8221;center&#8221; animation_style=&#8221;fold&#8221; animation_direction=&#8221;bottom&#8221; animation_intensity_fold=&#8221;20%&#8221; global_colors_info=&#8221;{}&#8221;]<\/p>\n<h1>\u00dcber 5000 zufriedene Kunden.<\/h1>\n<p>&nbsp;<\/p>\n<p>[\/et_pb_text][et_pb_divider color=&#8221;#ffffff&#8221; divider_weight=&#8221;3px&#8221; disabled_on=&#8221;off|off|off&#8221; _builder_version=&#8221;4.16&#8243; background_color_gradient_direction=&#8221;90deg&#8221; max_width=&#8221;100px&#8221; module_alignment=&#8221;center&#8221; height=&#8221;5px&#8221; custom_margin=&#8221;||20px|&#8221; custom_padding=&#8221;||20px|&#8221; animation_style=&#8221;slide&#8221; animation_direction=&#8221;bottom&#8221; saved_tabs=&#8221;all&#8221; locked=&#8221;off&#8221; global_colors_info=&#8221;{}&#8221;][\/et_pb_divider][\/et_pb_column][\/et_pb_row][et_pb_row column_structure=&#8221;1_2,1_2&#8243; _builder_version=&#8221;4.18.1&#8243; _module_preset=&#8221;default&#8221; global_colors_info=&#8221;{}&#8221;][et_pb_column type=&#8221;1_2&#8243; _builder_version=&#8221;4.18.1&#8243; _module_preset=&#8221;default&#8221; global_colors_info=&#8221;{}&#8221;][et_pb_testimonial author=&#8221;Marco&#8221; portrait_url=&#8221;https:\/\/ag-frisch.com\/wp-content\/uploads\/2021\/08\/Harald.png&#8221; quote_icon=&#8221;off&#8221; _builder_version=&#8221;4.18.1&#8243; _module_preset=&#8221;default&#8221; body_font_size=&#8221;16px&#8221; use_background_color=&#8221;off&#8221; background_layout=&#8221;dark&#8221; global_colors_info=&#8221;{}&#8221;]Ich habe die Agentur Frisch beauftragt ein gr\u00f6\u00dferes M\u00f6belst\u00fcck in China produzieren zu lassen um es dann folglich nach Deutschland zu \u00fcberf\u00fchren. Per Mail erfolgte die ganze Zeit \u00fcber eine reibungslose Kommunikation! Sehr schnelle und zuverl\u00e4ssige Antworten vermittelten mir st\u00e4ndig die Sicherheiten, die bei so einen Unterfangen unerl\u00e4sslich sind. Jederzeit wurde mir durch den B\u00fcrokratiedschungel geholfen und dabei wurden keine Formulare vergessen oder falsch ausgef\u00fcllt. Sehr lobenswert!<a href=\"&lt;div class=&quot;pe-richsnippets&quot;&gt;&amp;nbsp;&lt;\/div&gt; &lt;script type=&quot;text\/javascript&quot; src=&quot;https:\/\/www.provenexpert.com\/widget\/richsnippet.js?u=1NUA0VwZ4RUZ5tmAi5zA4RaplNKAlWwZ&amp;v=2&quot; async&gt;&lt;\/script&gt; &lt;div style=&quot;text-align: justify;&quot;&gt;&lt;br \/&gt;\"><\/a><\/p>\n<div class=\"brow ratingBarMargin\">\n<div class=\"ratingBar\">\n<div class=\"brow\">\n<div class=\"pe-richsnippets\">&nbsp;<\/div>\n<p><script type=\"text\/javascript\" src=\"https:\/\/www.provenexpert.com\/widget\/richsnippet.js?u=1NUA0VwZ4RUZ5tmAi5zA4RaplNKAlWwZ&#038;v=2\" async><\/script><\/p>\n<div style=\"text-align: justify;\"><\/p>\n<div class=\"col-lg-9 col-md-8 col-xs-10 mt20 mb20\">\n<div class=\"col-xs-12 surveyNameForRating\"><\/div>\n<\/div>\n<\/div>\n<\/div>\n<\/div>\n<\/div>\n<p>[\/et_pb_testimonial][\/et_pb_column][et_pb_column type=&#8221;1_2&#8243; _builder_version=&#8221;4.18.1&#8243; _module_preset=&#8221;default&#8221; global_colors_info=&#8221;{}&#8221;][et_pb_testimonial author=&#8221;Simone L.&#8221; portrait_url=&#8221;https:\/\/ag-frisch.com\/wp-content\/uploads\/2021\/08\/Harald.png&#8221; quote_icon=&#8221;off&#8221; _builder_version=&#8221;4.18.1&#8243; _module_preset=&#8221;default&#8221; body_font_size=&#8221;16px&#8221; use_background_color=&#8221;off&#8221; background_layout=&#8221;dark&#8221; global_colors_info=&#8221;{}&#8221;]<\/p>\n<p>Alles Top. Besser geht nicht. Beratung und Durchf\u00fchrung kann man nicht besser machen. Wir sind nach mehreren Bestellungen bei diesem Unternehmen mehr als zufrieden und setzen die Zusammenarbeit fort.<\/p>\n<div class=\"brow ratingBarMargin\">\n<div class=\"ratingBar\">\n<div class=\"brow\">\n<div class=\"pe-richsnippets\">\u00a0<\/div>\n<p>\n<script type=\"text\/javascript\" src=\"https:\/\/www.provenexpert.com\/widget\/richsnippet.js?u=1NUA0VwZ4RUZ5tmAi5zA4RaplNKAlWwZ&amp;v=2\" async=\"\"><\/script>\n<\/p>\n<div style=\"text-align: justify;\">\n<p>&nbsp;<\/p>\n<div class=\"col-lg-9 col-md-8 col-xs-10 mt20 mb20\">\n<div class=\"col-xs-12 surveyNameForRating\"><\/div>\n<\/div>\n<\/div>\n<\/div>\n<\/div>\n<\/div>\n<p>[\/et_pb_testimonial][\/et_pb_column][\/et_pb_row][et_pb_row _builder_version=&#8221;4.16&#8243; background_size=&#8221;initial&#8221; background_position=&#8221;top_left&#8221; background_repeat=&#8221;repeat&#8221; custom_padding=&#8221;50px|0px|30px|0px&#8221; custom_css_main_element=&#8221;text-align: center;&#8221; global_colors_info=&#8221;{}&#8221;][et_pb_column type=&#8221;4_4&#8243; _builder_version=&#8221;4.16&#8243; custom_padding=&#8221;|||&#8221; global_colors_info=&#8221;{}&#8221; custom_padding__hover=&#8221;|||&#8221;][et_pb_button button_url=&#8221;https:\/\/www.provenexpert.com\/de-de\/agentur-frisch-international-consulting-gmbh-und-co-kg\/&#8221; button_text=&#8221;MEHR BEWERTUNGEN&#8221; button_alignment=&#8221;left&#8221; admin_label=&#8221;Testimonial Button&#8221; _builder_version=&#8221;4.16&#8243; custom_button=&#8221;on&#8221; button_text_size=&#8221;18px&#8221; button_text_color=&#8221;#ffffff&#8221; button_bg_color=&#8221;#6eba01&#8243; button_border_width=&#8221;2px&#8221; button_border_color=&#8221;#6eba01&#8243; button_border_radius=&#8221;0px&#8221; button_letter_spacing=&#8221;2px&#8221; button_font=&#8221;Montserrat|||on|&#8221; button_use_icon=&#8221;off&#8221; animation_style=&#8221;fold&#8221; animation_direction=&#8221;bottom&#8221; button_text_color_hover=&#8221;#ffffff&#8221; button_border_color_hover=&#8221;#ffffff&#8221; button_border_radius_hover=&#8221;0px&#8221; button_letter_spacing_hover=&#8221;2px&#8221; button_bg_color_hover=&#8221;rgba(255,255,255,0)&#8221; locked=&#8221;off&#8221; global_colors_info=&#8221;{}&#8221; button_text_size__hover_enabled=&#8221;off&#8221; button_one_text_size__hover_enabled=&#8221;off&#8221; button_two_text_size__hover_enabled=&#8221;off&#8221; button_text_color__hover_enabled=&#8221;on&#8221; button_text_color__hover=&#8221;#ffffff&#8221; button_one_text_color__hover_enabled=&#8221;off&#8221; button_two_text_color__hover_enabled=&#8221;off&#8221; button_border_width__hover_enabled=&#8221;off&#8221; button_one_border_width__hover_enabled=&#8221;off&#8221; button_two_border_width__hover_enabled=&#8221;off&#8221; button_border_color__hover_enabled=&#8221;on&#8221; button_border_color__hover=&#8221;#ffffff&#8221; button_one_border_color__hover_enabled=&#8221;off&#8221; button_two_border_color__hover_enabled=&#8221;off&#8221; button_border_radius__hover_enabled=&#8221;on&#8221; button_border_radius__hover=&#8221;0px&#8221; button_one_border_radius__hover_enabled=&#8221;off&#8221; button_two_border_radius__hover_enabled=&#8221;off&#8221; button_letter_spacing__hover_enabled=&#8221;on&#8221; button_letter_spacing__hover=&#8221;2px&#8221; button_one_letter_spacing__hover_enabled=&#8221;off&#8221; button_two_letter_spacing__hover_enabled=&#8221;off&#8221; button_bg_color__hover_enabled=&#8221;on&#8221; button_bg_color__hover=&#8221;rgba(255,255,255,0)&#8221; button_one_bg_color__hover_enabled=&#8221;off&#8221; button_two_bg_color__hover_enabled=&#8221;off&#8221;][\/et_pb_button][\/et_pb_column][\/et_pb_row][\/et_pb_section]<\/p>\n","protected":false},"excerpt":{"rendered":"<p>Ben\u00f6tigen Sie als Gro\u00dfverbraucher besonders gro\u00dfe Mengen an Materialien, Ersatzteile, Ger\u00e4te, Maschinen oder sonstige Artikel, dann wenden Sie sich gerne an uns, wir unterst\u00fctzen Sie beim gesamten Einkauf aus China.China-Import f\u00fcr Gro\u00dfverbraucher &#8211; Effiziente Beschaffungsl\u00f6sungen F\u00fcr den erh\u00f6hten Bedarf: Gro\u00dfhandel f\u00fcr Verbraucher Sie sind Gro\u00dfverbraucher und wollen die Kosten f\u00fcr Ihren Bedarf senken? Dann ist [&hellip;]<\/p>\n","protected":false},"author":2,"featured_media":0,"parent":237,"menu_order":0,"comment_status":"closed","ping_status":"closed","template":"","meta":{"_et_pb_use_builder":"on","_et_pb_old_content":"","_et_gb_content_width":"","footnotes":""},"class_list":["post-278","page","type-page","status-publish","hentry"],"yoast_head":"<!-- This site is optimized with the Yoast SEO plugin v27.4 - https:\/\/yoast.com\/product\/yoast-seo-wordpress\/ -->\n<title>Gro\u00dfverbraucher China-Import | G\u00fcnstig &amp; effizient einkaufen<\/title>\n<meta name=\"description\" content=\"Gro\u00dfverbraucher China-Import - Direktimport f\u00fcr Baumaterial, Gastronomie &amp; mehr \u2714Gro\u00dfe Mengen zu Bestpreisen \u2714 Qualit\u00e4tspr\u00fcfung \u25baJetzt beraten lassen!\" \/>\n<meta name=\"robots\" content=\"index, follow, max-snippet:-1, max-image-preview:large, max-video-preview:-1\" \/>\n<link rel=\"canonical\" href=\"https:\/\/ag-frisch.com\/de\/china-import-kunden\/grossverbraucher\/\" \/>\n<meta property=\"og:locale\" content=\"de_DE\" \/>\n<meta property=\"og:type\" content=\"article\" \/>\n<meta property=\"og:title\" content=\"Gro\u00dfverbraucher China-Import | G\u00fcnstig &amp; effizient einkaufen\" \/>\n<meta property=\"og:description\" content=\"Gro\u00dfverbraucher China-Import - Direktimport f\u00fcr Baumaterial, Gastronomie &amp; mehr \u2714Gro\u00dfe Mengen zu Bestpreisen \u2714 Qualit\u00e4tspr\u00fcfung \u25baJetzt beraten lassen!\" \/>\n<meta property=\"og:url\" content=\"https:\/\/ag-frisch.com\/de\/china-import-kunden\/grossverbraucher\/\" \/>\n<meta property=\"og:site_name\" content=\"China Import Beratung f\u00fcr den Einkauf aus China\" \/>\n<meta property=\"article:publisher\" content=\"https:\/\/www.facebook.com\/China.Import\" \/>\n<meta property=\"article:modified_time\" content=\"2025-04-02T17:18:23+00:00\" \/>\n<meta name=\"twitter:card\" content=\"summary_large_image\" \/>\n<meta name=\"twitter:site\" content=\"@agenturfrisch\" \/>\n<meta name=\"twitter:label1\" content=\"Gesch\u00e4tzte Lesezeit\" \/>\n\t<meta name=\"twitter:data1\" content=\"8\u00a0Minuten\" \/>\n<script type=\"application\/ld+json\" class=\"yoast-schema-graph\">{\"@context\":\"https:\\\/\\\/schema.org\",\"@graph\":[{\"@type\":\"WebPage\",\"@id\":\"https:\\\/\\\/ag-frisch.com\\\/de\\\/china-import-kunden\\\/grossverbraucher\\\/\",\"url\":\"https:\\\/\\\/ag-frisch.com\\\/de\\\/china-import-kunden\\\/grossverbraucher\\\/\",\"name\":\"Gro\u00dfverbraucher China-Import | G\u00fcnstig & effizient einkaufen\",\"isPartOf\":{\"@id\":\"https:\\\/\\\/ag-frisch.com\\\/de\\\/#website\"},\"datePublished\":\"2021-09-12T06:12:00+00:00\",\"dateModified\":\"2025-04-02T17:18:23+00:00\",\"description\":\"Gro\u00dfverbraucher China-Import - Direktimport f\u00fcr Baumaterial, Gastronomie & mehr \u2714Gro\u00dfe Mengen zu Bestpreisen \u2714 Qualit\u00e4tspr\u00fcfung \u25baJetzt beraten lassen!\",\"breadcrumb\":{\"@id\":\"https:\\\/\\\/ag-frisch.com\\\/de\\\/china-import-kunden\\\/grossverbraucher\\\/#breadcrumb\"},\"inLanguage\":\"de\",\"potentialAction\":[{\"@type\":\"ReadAction\",\"target\":[\"https:\\\/\\\/ag-frisch.com\\\/de\\\/china-import-kunden\\\/grossverbraucher\\\/\"]}]},{\"@type\":\"BreadcrumbList\",\"@id\":\"https:\\\/\\\/ag-frisch.com\\\/de\\\/china-import-kunden\\\/grossverbraucher\\\/#breadcrumb\",\"itemListElement\":[{\"@type\":\"ListItem\",\"position\":1,\"name\":\"Startseite\",\"item\":\"https:\\\/\\\/ag-frisch.com\\\/de\\\/\"},{\"@type\":\"ListItem\",\"position\":2,\"name\":\"Unsere Zielgruppen\",\"item\":\"https:\\\/\\\/ag-frisch.com\\\/de\\\/china-import-kunden\\\/\"},{\"@type\":\"ListItem\",\"position\":3,\"name\":\"Gro\u00dfverbraucher\"}]},{\"@type\":\"WebSite\",\"@id\":\"https:\\\/\\\/ag-frisch.com\\\/de\\\/#website\",\"url\":\"https:\\\/\\\/ag-frisch.com\\\/de\\\/\",\"name\":\"China Import Beratung f\u00fcr den Einkauf aus China\",\"description\":\"China Import &amp; Export Beratung - Der Dienstleister Ihres Vertrauens f\u00fcr Ihren China Import\",\"publisher\":{\"@id\":\"https:\\\/\\\/ag-frisch.com\\\/de\\\/#organization\"},\"potentialAction\":[{\"@type\":\"SearchAction\",\"target\":{\"@type\":\"EntryPoint\",\"urlTemplate\":\"https:\\\/\\\/ag-frisch.com\\\/de\\\/?s={search_term_string}\"},\"query-input\":{\"@type\":\"PropertyValueSpecification\",\"valueRequired\":true,\"valueName\":\"search_term_string\"}}],\"inLanguage\":\"de\"},{\"@type\":\"Organization\",\"@id\":\"https:\\\/\\\/ag-frisch.com\\\/de\\\/#organization\",\"name\":\"Agentur Frisch International Consulting GmbH & Co. KG\",\"url\":\"https:\\\/\\\/ag-frisch.com\\\/de\\\/\",\"logo\":{\"@type\":\"ImageObject\",\"inLanguage\":\"de\",\"@id\":\"https:\\\/\\\/ag-frisch.com\\\/de\\\/#\\\/schema\\\/logo\\\/image\\\/\",\"url\":\"https:\\\/\\\/ag-frisch.com\\\/wp-content\\\/uploads\\\/2021\\\/08\\\/ag_logo_rgb_300_small.png\",\"contentUrl\":\"https:\\\/\\\/ag-frisch.com\\\/wp-content\\\/uploads\\\/2021\\\/08\\\/ag_logo_rgb_300_small.png\",\"width\":153,\"height\":102,\"caption\":\"Agentur Frisch International Consulting GmbH & Co. KG\"},\"image\":{\"@id\":\"https:\\\/\\\/ag-frisch.com\\\/de\\\/#\\\/schema\\\/logo\\\/image\\\/\"},\"sameAs\":[\"https:\\\/\\\/www.facebook.com\\\/China.Import\",\"https:\\\/\\\/x.com\\\/agenturfrisch\"]}]}<\/script>\n<!-- \/ Yoast SEO plugin. -->","yoast_head_json":{"title":"Gro\u00dfverbraucher China-Import | G\u00fcnstig & effizient einkaufen","description":"Gro\u00dfverbraucher China-Import - Direktimport f\u00fcr Baumaterial, Gastronomie & mehr \u2714Gro\u00dfe Mengen zu Bestpreisen \u2714 Qualit\u00e4tspr\u00fcfung \u25baJetzt beraten lassen!","robots":{"index":"index","follow":"follow","max-snippet":"max-snippet:-1","max-image-preview":"max-image-preview:large","max-video-preview":"max-video-preview:-1"},"canonical":"https:\/\/ag-frisch.com\/de\/china-import-kunden\/grossverbraucher\/","og_locale":"de_DE","og_type":"article","og_title":"Gro\u00dfverbraucher China-Import | G\u00fcnstig & effizient einkaufen","og_description":"Gro\u00dfverbraucher China-Import - Direktimport f\u00fcr Baumaterial, Gastronomie & mehr \u2714Gro\u00dfe Mengen zu Bestpreisen \u2714 Qualit\u00e4tspr\u00fcfung \u25baJetzt beraten lassen!","og_url":"https:\/\/ag-frisch.com\/de\/china-import-kunden\/grossverbraucher\/","og_site_name":"China Import Beratung f\u00fcr den Einkauf aus China","article_publisher":"https:\/\/www.facebook.com\/China.Import","article_modified_time":"2025-04-02T17:18:23+00:00","twitter_card":"summary_large_image","twitter_site":"@agenturfrisch","twitter_misc":{"Gesch\u00e4tzte Lesezeit":"8\u00a0Minuten"},"schema":{"@context":"https:\/\/schema.org","@graph":[{"@type":"WebPage","@id":"https:\/\/ag-frisch.com\/de\/china-import-kunden\/grossverbraucher\/","url":"https:\/\/ag-frisch.com\/de\/china-import-kunden\/grossverbraucher\/","name":"Gro\u00dfverbraucher China-Import | G\u00fcnstig & effizient einkaufen","isPartOf":{"@id":"https:\/\/ag-frisch.com\/de\/#website"},"datePublished":"2021-09-12T06:12:00+00:00","dateModified":"2025-04-02T17:18:23+00:00","description":"Gro\u00dfverbraucher China-Import - Direktimport f\u00fcr Baumaterial, Gastronomie & mehr \u2714Gro\u00dfe Mengen zu Bestpreisen \u2714 Qualit\u00e4tspr\u00fcfung \u25baJetzt beraten lassen!","breadcrumb":{"@id":"https:\/\/ag-frisch.com\/de\/china-import-kunden\/grossverbraucher\/#breadcrumb"},"inLanguage":"de","potentialAction":[{"@type":"ReadAction","target":["https:\/\/ag-frisch.com\/de\/china-import-kunden\/grossverbraucher\/"]}]},{"@type":"BreadcrumbList","@id":"https:\/\/ag-frisch.com\/de\/china-import-kunden\/grossverbraucher\/#breadcrumb","itemListElement":[{"@type":"ListItem","position":1,"name":"Startseite","item":"https:\/\/ag-frisch.com\/de\/"},{"@type":"ListItem","position":2,"name":"Unsere Zielgruppen","item":"https:\/\/ag-frisch.com\/de\/china-import-kunden\/"},{"@type":"ListItem","position":3,"name":"Gro\u00dfverbraucher"}]},{"@type":"WebSite","@id":"https:\/\/ag-frisch.com\/de\/#website","url":"https:\/\/ag-frisch.com\/de\/","name":"China Import Beratung f\u00fcr den Einkauf aus China","description":"China Import &amp; Export Beratung - Der Dienstleister Ihres Vertrauens f\u00fcr Ihren China Import","publisher":{"@id":"https:\/\/ag-frisch.com\/de\/#organization"},"potentialAction":[{"@type":"SearchAction","target":{"@type":"EntryPoint","urlTemplate":"https:\/\/ag-frisch.com\/de\/?s={search_term_string}"},"query-input":{"@type":"PropertyValueSpecification","valueRequired":true,"valueName":"search_term_string"}}],"inLanguage":"de"},{"@type":"Organization","@id":"https:\/\/ag-frisch.com\/de\/#organization","name":"Agentur Frisch International Consulting GmbH & Co. KG","url":"https:\/\/ag-frisch.com\/de\/","logo":{"@type":"ImageObject","inLanguage":"de","@id":"https:\/\/ag-frisch.com\/de\/#\/schema\/logo\/image\/","url":"https:\/\/ag-frisch.com\/wp-content\/uploads\/2021\/08\/ag_logo_rgb_300_small.png","contentUrl":"https:\/\/ag-frisch.com\/wp-content\/uploads\/2021\/08\/ag_logo_rgb_300_small.png","width":153,"height":102,"caption":"Agentur Frisch International Consulting GmbH & Co. KG"},"image":{"@id":"https:\/\/ag-frisch.com\/de\/#\/schema\/logo\/image\/"},"sameAs":["https:\/\/www.facebook.com\/China.Import","https:\/\/x.com\/agenturfrisch"]}]}},"_links":{"self":[{"href":"https:\/\/ag-frisch.com\/de\/wp-json\/wp\/v2\/pages\/278","targetHints":{"allow":["GET"]}}],"collection":[{"href":"https:\/\/ag-frisch.com\/de\/wp-json\/wp\/v2\/pages"}],"about":[{"href":"https:\/\/ag-frisch.com\/de\/wp-json\/wp\/v2\/types\/page"}],"author":[{"embeddable":true,"href":"https:\/\/ag-frisch.com\/de\/wp-json\/wp\/v2\/users\/2"}],"replies":[{"embeddable":true,"href":"https:\/\/ag-frisch.com\/de\/wp-json\/wp\/v2\/comments?post=278"}],"version-history":[{"count":1,"href":"https:\/\/ag-frisch.com\/de\/wp-json\/wp\/v2\/pages\/278\/revisions"}],"predecessor-version":[{"id":20244,"href":"https:\/\/ag-frisch.com\/de\/wp-json\/wp\/v2\/pages\/278\/revisions\/20244"}],"up":[{"embeddable":true,"href":"https:\/\/ag-frisch.com\/de\/wp-json\/wp\/v2\/pages\/237"}],"wp:attachment":[{"href":"https:\/\/ag-frisch.com\/de\/wp-json\/wp\/v2\/media?parent=278"}],"curies":[{"name":"wp","href":"https:\/\/api.w.org\/{rel}","templated":true}]}}