{"id":321,"date":"2021-09-12T22:04:48","date_gmt":"2021-09-12T20:04:48","guid":{"rendered":"https:\/\/ag-frisch.com\/?page_id=321"},"modified":"2023-01-30T14:15:19","modified_gmt":"2023-01-30T13:15:19","slug":"einfuhr-verzollung-china","status":"publish","type":"page","link":"https:\/\/ag-frisch.com\/de\/einfuhr-verzollung-china\/","title":{"rendered":"Einfuhr &#038; Verzollung"},"content":{"rendered":"<p>[et_pb_section fb_built=&#8221;1&#8243; _builder_version=&#8221;4.16&#8243; _module_preset=&#8221;default&#8221; global_colors_info=&#8221;{}&#8221;][et_pb_row _builder_version=&#8221;4.16&#8243; _module_preset=&#8221;default&#8221; global_colors_info=&#8221;{}&#8221;][et_pb_column type=&#8221;4_4&#8243; _builder_version=&#8221;4.16&#8243; _module_preset=&#8221;default&#8221; global_colors_info=&#8221;{}&#8221;][et_pb_cta title=&#8221;Einfuhr und Verzollung von Ware aus China&#8221; button_url=&#8221;https:\/\/calendly.com\/agenturfrisch&#8221; button_text=&#8221;Jetzt den Zoll-Experten fragen&#8221; _builder_version=&#8221;4.18.1&#8243; _module_preset=&#8221;default&#8221; link_option_url=&#8221;https:\/\/calendly.com\/agenturfrisch&#8221; hover_enabled=&#8221;0&#8243; global_colors_info=&#8221;{}&#8221; sticky_enabled=&#8221;0&#8243;]<\/p>\n<p>Damit es bei der Einfuhr und Verzollung Ihrer Ware beim China Import keine Probleme gibt, treten Sie mit dem China Import Experten in Kontakt.<\/p>\n<p>[\/et_pb_cta][et_pb_text _builder_version=&#8221;4.16&#8243; _module_preset=&#8221;default&#8221; global_colors_info=&#8221;{}&#8221;]<\/p>\n<h1>Einfuhr &#038; Verzollung aus China<\/h1>\n<p>Damit Sie sich nicht selbst mit der Einfuhr und Verzollung besch\u00e4ftigen m\u00fcssen, wickeln wir bzw. unsere Logisitk-Partner dies komplett f\u00fcr Sie ab. Sollte es wider Erwartens eine Zollbeschau oder beh\u00f6rdliche Pr\u00fcfungen geben, \u00fcbernehmen wir gerne die diesbez\u00fcgliche Kommunikation mit den Beh\u00f6rden f\u00fcr Sie.\u00a0<\/p>\n<p>&nbsp;<\/p>\n<p><strong>Reibungslose Zollkontrolle mit der Agentur Frisch<\/strong><\/p>\n<p>Die Kontrollen durch den strengen Zoll sind f\u00fcr viele Unternehmer ein Angstthema beim China-Import. Nicht bei uns. Die Agentur Frisch verf\u00fcgt \u00fcber jahrelange umfassende Erfahrung bei der Einfuhr von unterschiedlichsten Waren nach Deutschland. Wir kennen die Abl\u00e4ufe, Pflichten und M\u00f6glichkeiten ganz genau. Davon profitieren Sie als unser Kunde bei Ihrem China-Import. Wir sorgen f\u00fcr unproblematische Zollanmeldung Ihrer Ware aus China, und bringen Ihre Lieferung sicher nach Deutschland.<\/p>\n<p>&nbsp;<\/p>\n<p><strong>Die Zollanmeldung Ihrer Ware aus China<\/strong><\/p>\n<p>Eine Zollanmeldung ist notwendiger Bestandteil des China-Imports. Sie wird in aller Regel von uns oder unseren Logistikpartnern als Teil Ihres China-Imports \u00fcber die Agentur Frisch eingereicht, Sie selbst m\u00fcssen nichts weiter tun. Bestandteile der Zollanmeldung Ihrer Ware aus China sind im Normalfall:<\/p>\n<ul>\n<li>Rechnung<\/li>\n<li>Frachtbrief<\/li>\n<li>Packliste<\/li>\n<li>weitere Zollpapiere (zum Beispiel Warenverkehrsbescheinigung, \u00dcberwachungsdokument, Ursprungszeugnis)<\/li>\n<\/ul>\n<p>Welche Dokumente notwendig im Rahmen der Rollanmeldung Ihrer Ware aus China sind, h\u00e4ngt von der Art der bestellten Produkte ab. Wir kennen uns aus im Dschungel der Bestimmungen und \u00fcbernehmen eine einwandfreie Zollanmeldung, damit Ihre Lieferung ohne Probleme bei Ihnen ankommt.<\/p>\n<p>&nbsp;<\/p>\n<p><strong>Hilfe im Falle der Zollbeschau bei China-Import<\/strong><\/p>\n<p>Trotz erfolgter Zollanmeldung und fachgerechter Erledigung aller Formalit\u00e4ten ist man vor einer Zollbeschau bei China-Import nie zu hundert Prozent sicher. Doch das ist kein Grund zur Sorge. Die Agentur Frisch hat auch auf diesem Feld ausreichend Erfahrung und verf\u00fcgt \u00fcber Kontakte, sodass eine Zollbeschau bei China-Import nicht zu Problemen f\u00fchrt. Der Zoll kann zum Beispiel diese Formen von Zollbeschau anordnen:<\/p>\n<ul>\n<li>Mengenbeschau<\/li>\n<li>Beschaffenheitsbeschau<\/li>\n<li>Wertbeschau<\/li>\n<li>Tarifbeschau<\/li>\n<\/ul>\n<p>Grundlage f\u00fcr eine reibungslos absolvierte Zollbeschau sind stets die einwandfreie Produktion, verantwortungsbewusster Umgang mit Konformit\u00e4tserkl\u00e4rungen und Bestimmungen, sowie eine professionelle Zollanmeldung \u2013 all diese Leistungen erf\u00fcllt die Agentur Frisch gewissenhaft und zuverl\u00e4ssig. Eine Zollbeschau Ihres China-Imports ist mit uns kein Drama, sondern nur ein weiterer Schritt, der erledigt wird.<\/p>\n<p>&nbsp;<\/p>\n<p><strong>Pr\u00fcfung durch Produktsicherheitsbeh\u00f6rde<\/strong><\/p>\n<p>Bei gr\u00fcndlicher Vorbereitung des China-Imports und einwandfreier Zollanmeldung der Ware aus China kommt es in aller Regel nicht zur Pr\u00fcfung durch die Produktsicherheitsbeh\u00f6rde. Sollten Sie das Pech haben, im Rahmen einer Stichprobenpr\u00fcfung oder aus anderen Gr\u00fcnden einer beh\u00f6rdlichen Pr\u00fcfung unterzogen zu werden, \u00fcbernehmen wir dieses Thema gern f\u00fcr Sie. Wir k\u00fcmmern uns um die Kommunikation mit den Beh\u00f6rden und erledigen alle n\u00f6tigen T\u00e4tigkeiten im Rahmen der \u00dcberpr\u00fcfung f\u00fcr Sie. So k\u00f6nnen Sie auch im unwahrscheinlichen Fall einer Pr\u00fcfung durch die Produktsicherheitsbeh\u00f6rde beruhigt bleiben \u2013 Ihre Ware kommt dank der Agentur Frisch problemlos bei Ihnen an.<\/p>\n<p>&nbsp;<\/p>\n<p><strong>Kommunikation mit Beh\u00f6rden<\/strong><\/p>\n<p>Die Kommunikation mit den Beh\u00f6rden im Fall von Unregelm\u00e4\u00dfigkeiten bei Ihrem China-Import w\u00fcrde f\u00fcr viele unserer gesch\u00e4tzten Kunden bereits an der Sprachbarriere scheitern. Wir verf\u00fcgen \u00fcber Muttersprachler und Fachdolmetscher, welche die Kommunikation unzweifelhaft besser erledigen k\u00f6nnen. Der Umgang mit Zoll und Beh\u00f6rden geh\u00f6rt zu unserem t\u00e4glichen Brot und wird von uns in jeder Sprache professionell und zielbewusst durchgef\u00fchrt. Wir haben dabei stets das Resultat vor Augen: Ein gelungener China-Import mit rundum zufriedenen Akteuren.<\/p>\n<p>&nbsp;<\/p>\n<p>Man wird Zollkontrollen und Pr\u00fcfungen durch Beh\u00f6rden nie ganz ausschlie\u00dfen k\u00f6nnen; sie geh\u00f6ren zum Importgesch\u00e4ft dazu. Allerdings kann man bei gewissenhafter und korrekter Arbeit und einem konstruktiven Umgang mit den Kontrollen daf\u00fcr sorgen, dass diese den Handel nicht negativ beeintr\u00e4chtigen.<\/p>\n<p>&nbsp;<\/p>\n<p>[\/et_pb_text][\/et_pb_column][\/et_pb_row][\/et_pb_section][et_pb_section fb_built=&#8221;1&#8243; admin_label=&#8221;Testimonials&#8221; _builder_version=&#8221;4.16&#8243; use_background_color_gradient=&#8221;on&#8221; background_color_gradient_stops=&#8221;rgba(0,106,156,0.85) 0%|rgba(0,106,156,0.85) 100%&#8221; background_color_gradient_start=&#8221;rgba(0,106,156,0.85)&#8221; background_color_gradient_end=&#8221;rgba(0,106,156,0.85)&#8221; custom_padding=&#8221;90px||60px|&#8221; animation_style=&#8221;fold&#8221; animation_direction=&#8221;bottom&#8221; animation_intensity_fold=&#8221;4%&#8221; global_colors_info=&#8221;{}&#8221;][et_pb_row _builder_version=&#8221;4.16&#8243; background_size=&#8221;initial&#8221; background_position=&#8221;top_left&#8221; background_repeat=&#8221;repeat&#8221; custom_width_px=&#8221;710px&#8221; locked=&#8221;off&#8221; global_colors_info=&#8221;{}&#8221;][et_pb_column type=&#8221;4_4&#8243; _builder_version=&#8221;4.16&#8243; background_position=&#8221;top_left&#8221; custom_padding=&#8221;|||&#8221; global_colors_info=&#8221;{}&#8221; custom_padding__hover=&#8221;|||&#8221;][et_pb_text admin_label=&#8221;Testimonials Section Title&#8221; _builder_version=&#8221;4.16&#8243; header_font=&#8221;Montserrat||||&#8221; header_font_size=&#8221;36px&#8221; background_size=&#8221;initial&#8221; background_position=&#8221;top_left&#8221; background_repeat=&#8221;repeat&#8221; text_orientation=&#8221;center&#8221; background_layout=&#8221;dark&#8221; max_width=&#8221;710px&#8221; module_alignment=&#8221;center&#8221; animation_style=&#8221;fold&#8221; animation_direction=&#8221;bottom&#8221; animation_intensity_fold=&#8221;20%&#8221; global_colors_info=&#8221;{}&#8221;]<\/p>\n<h1>\u00dcber 5000 zufriedene Kunden.<\/h1>\n<p>&nbsp;<\/p>\n<p>[\/et_pb_text][et_pb_divider color=&#8221;#ffffff&#8221; divider_weight=&#8221;3px&#8221; disabled_on=&#8221;off|off|off&#8221; _builder_version=&#8221;4.16&#8243; background_color_gradient_direction=&#8221;90deg&#8221; max_width=&#8221;100px&#8221; module_alignment=&#8221;center&#8221; height=&#8221;5px&#8221; custom_margin=&#8221;||20px|&#8221; custom_padding=&#8221;||20px|&#8221; animation_style=&#8221;slide&#8221; animation_direction=&#8221;bottom&#8221; saved_tabs=&#8221;all&#8221; locked=&#8221;off&#8221; global_colors_info=&#8221;{}&#8221;][\/et_pb_divider][\/et_pb_column][\/et_pb_row][et_pb_row column_structure=&#8221;1_2,1_2&#8243; _builder_version=&#8221;4.18.1&#8243; _module_preset=&#8221;default&#8221; global_colors_info=&#8221;{}&#8221;][et_pb_column type=&#8221;1_2&#8243; _builder_version=&#8221;4.18.1&#8243; _module_preset=&#8221;default&#8221; global_colors_info=&#8221;{}&#8221;][et_pb_testimonial author=&#8221;Marco&#8221; portrait_url=&#8221;https:\/\/ag-frisch.com\/wp-content\/uploads\/2021\/08\/Harald.png&#8221; quote_icon=&#8221;off&#8221; _builder_version=&#8221;4.18.1&#8243; _module_preset=&#8221;default&#8221; body_font_size=&#8221;16px&#8221; use_background_color=&#8221;off&#8221; background_layout=&#8221;dark&#8221; global_colors_info=&#8221;{}&#8221;]Ich habe die Agentur Frisch beauftragt ein gr\u00f6\u00dferes M\u00f6belst\u00fcck in China produzieren zu lassen um es dann folglich nach Deutschland zu \u00fcberf\u00fchren. Per Mail erfolgte die ganze Zeit \u00fcber eine reibungslose Kommunikation! Sehr schnelle und zuverl\u00e4ssige Antworten vermittelten mir st\u00e4ndig die Sicherheiten, die bei so einen Unterfangen unerl\u00e4sslich sind. Jederzeit wurde mir durch den B\u00fcrokratiedschungel geholfen und dabei wurden keine Formulare vergessen oder falsch ausgef\u00fcllt. Sehr lobenswert!<a href=\"&lt;div class=&quot;pe-richsnippets&quot;&gt;&amp;nbsp;&lt;\/div&gt; &lt;script type=&quot;text\/javascript&quot; src=&quot;https:\/\/www.provenexpert.com\/widget\/richsnippet.js?u=1NUA0VwZ4RUZ5tmAi5zA4RaplNKAlWwZ&amp;v=2&quot; async&gt;&lt;\/script&gt; &lt;div style=&quot;text-align: justify;&quot;&gt;&lt;br \/&gt;\"><\/a><\/p>\n<div class=\"brow ratingBarMargin\">\n<div class=\"ratingBar\">\n<div class=\"brow\">\n<div class=\"pe-richsnippets\">&nbsp;<\/div>\n<p><script type=\"text\/javascript\" src=\"https:\/\/www.provenexpert.com\/widget\/richsnippet.js?u=1NUA0VwZ4RUZ5tmAi5zA4RaplNKAlWwZ&#038;v=2\" async><\/script><\/p>\n<div style=\"text-align: justify;\"><\/p>\n<div class=\"col-lg-9 col-md-8 col-xs-10 mt20 mb20\">\n<div class=\"col-xs-12 surveyNameForRating\"><\/div>\n<\/div>\n<\/div>\n<\/div>\n<\/div>\n<\/div>\n<p>[\/et_pb_testimonial][\/et_pb_column][et_pb_column type=&#8221;1_2&#8243; _builder_version=&#8221;4.18.1&#8243; _module_preset=&#8221;default&#8221; global_colors_info=&#8221;{}&#8221;][et_pb_testimonial author=&#8221;Simone L.&#8221; portrait_url=&#8221;https:\/\/ag-frisch.com\/wp-content\/uploads\/2021\/08\/Harald.png&#8221; quote_icon=&#8221;off&#8221; _builder_version=&#8221;4.18.1&#8243; _module_preset=&#8221;default&#8221; body_font_size=&#8221;16px&#8221; use_background_color=&#8221;off&#8221; background_layout=&#8221;dark&#8221; global_colors_info=&#8221;{}&#8221;]<\/p>\n<p>Alles Top. Besser geht nicht. Beratung und Durchf\u00fchrung kann man nicht besser machen. Wir sind nach mehreren Bestellungen bei diesem Unternehmen mehr als zufrieden und setzen die Zusammenarbeit fort.<\/p>\n<div class=\"brow ratingBarMargin\">\n<div class=\"ratingBar\">\n<div class=\"brow\">\n<div class=\"pe-richsnippets\">\u00a0<\/div>\n<p>\n<script type=\"text\/javascript\" src=\"https:\/\/www.provenexpert.com\/widget\/richsnippet.js?u=1NUA0VwZ4RUZ5tmAi5zA4RaplNKAlWwZ&amp;v=2\" async=\"\"><\/script>\n<\/p>\n<div style=\"text-align: justify;\">\n<p>&nbsp;<\/p>\n<div class=\"col-lg-9 col-md-8 col-xs-10 mt20 mb20\">\n<div class=\"col-xs-12 surveyNameForRating\"><\/div>\n<\/div>\n<\/div>\n<\/div>\n<\/div>\n<\/div>\n<p>[\/et_pb_testimonial][\/et_pb_column][\/et_pb_row][et_pb_row _builder_version=&#8221;4.16&#8243; background_size=&#8221;initial&#8221; background_position=&#8221;top_left&#8221; background_repeat=&#8221;repeat&#8221; custom_padding=&#8221;50px|0px|30px|0px&#8221; custom_css_main_element=&#8221;text-align: center;&#8221; global_colors_info=&#8221;{}&#8221;][et_pb_column type=&#8221;4_4&#8243; _builder_version=&#8221;4.16&#8243; custom_padding=&#8221;|||&#8221; global_colors_info=&#8221;{}&#8221; custom_padding__hover=&#8221;|||&#8221;][et_pb_button button_url=&#8221;https:\/\/www.provenexpert.com\/de-de\/agentur-frisch-international-consulting-gmbh-und-co-kg\/&#8221; button_text=&#8221;MEHR BEWERTUNGEN&#8221; button_alignment=&#8221;left&#8221; admin_label=&#8221;Testimonial Button&#8221; _builder_version=&#8221;4.16&#8243; custom_button=&#8221;on&#8221; button_text_size=&#8221;18px&#8221; button_text_color=&#8221;#ffffff&#8221; button_bg_color=&#8221;#6eba01&#8243; button_border_width=&#8221;2px&#8221; button_border_color=&#8221;#6eba01&#8243; button_border_radius=&#8221;0px&#8221; button_letter_spacing=&#8221;2px&#8221; button_font=&#8221;Montserrat|||on|&#8221; button_use_icon=&#8221;off&#8221; animation_style=&#8221;fold&#8221; animation_direction=&#8221;bottom&#8221; button_text_color_hover=&#8221;#ffffff&#8221; button_border_color_hover=&#8221;#ffffff&#8221; button_border_radius_hover=&#8221;0px&#8221; button_letter_spacing_hover=&#8221;2px&#8221; button_bg_color_hover=&#8221;rgba(255,255,255,0)&#8221; locked=&#8221;off&#8221; global_colors_info=&#8221;{}&#8221; button_text_size__hover_enabled=&#8221;off&#8221; button_one_text_size__hover_enabled=&#8221;off&#8221; button_two_text_size__hover_enabled=&#8221;off&#8221; button_text_color__hover_enabled=&#8221;on&#8221; button_text_color__hover=&#8221;#ffffff&#8221; button_one_text_color__hover_enabled=&#8221;off&#8221; button_two_text_color__hover_enabled=&#8221;off&#8221; button_border_width__hover_enabled=&#8221;off&#8221; button_one_border_width__hover_enabled=&#8221;off&#8221; button_two_border_width__hover_enabled=&#8221;off&#8221; button_border_color__hover_enabled=&#8221;on&#8221; button_border_color__hover=&#8221;#ffffff&#8221; button_one_border_color__hover_enabled=&#8221;off&#8221; button_two_border_color__hover_enabled=&#8221;off&#8221; button_border_radius__hover_enabled=&#8221;on&#8221; button_border_radius__hover=&#8221;0px&#8221; button_one_border_radius__hover_enabled=&#8221;off&#8221; button_two_border_radius__hover_enabled=&#8221;off&#8221; button_letter_spacing__hover_enabled=&#8221;on&#8221; button_letter_spacing__hover=&#8221;2px&#8221; button_one_letter_spacing__hover_enabled=&#8221;off&#8221; button_two_letter_spacing__hover_enabled=&#8221;off&#8221; button_bg_color__hover_enabled=&#8221;on&#8221; button_bg_color__hover=&#8221;rgba(255,255,255,0)&#8221; button_one_bg_color__hover_enabled=&#8221;off&#8221; button_two_bg_color__hover_enabled=&#8221;off&#8221;][\/et_pb_button][\/et_pb_column][\/et_pb_row][\/et_pb_section]<\/p>\n","protected":false},"excerpt":{"rendered":"<p>Damit es bei der Einfuhr und Verzollung Ihrer Ware beim China Import keine Probleme gibt, treten Sie mit dem China Import Experten in Kontakt.Einfuhr &#038; Verzollung aus China Damit Sie sich nicht selbst mit der Einfuhr und Verzollung besch\u00e4ftigen m\u00fcssen, wickeln wir bzw. unsere Logisitk-Partner dies komplett f\u00fcr Sie ab. Sollte es wider Erwartens eine [&hellip;]<\/p>\n","protected":false},"author":2,"featured_media":0,"parent":0,"menu_order":0,"comment_status":"closed","ping_status":"closed","template":"","meta":{"_et_pb_use_builder":"on","_et_pb_old_content":"","_et_gb_content_width":"","footnotes":""},"class_list":["post-321","page","type-page","status-publish","hentry"],"yoast_head":"<!-- This site is optimized with the Yoast SEO plugin v27.2 - https:\/\/yoast.com\/product\/yoast-seo-wordpress\/ -->\n<title>Einfuhr aus China | Verzollung Ihrer Ware aus China<\/title>\n<meta name=\"description\" content=\"Einfuhr aus China \u25ba inklusive reibungsloser Verzollung Ihrer Ware aus China nach Deutschland und Europa \u25ba Jetzt von Experten beraten lassen!\" \/>\n<meta name=\"robots\" content=\"index, follow, max-snippet:-1, max-image-preview:large, max-video-preview:-1\" \/>\n<link rel=\"canonical\" href=\"https:\/\/ag-frisch.com\/de\/einfuhr-verzollung-china\/\" \/>\n<meta property=\"og:locale\" content=\"de_DE\" \/>\n<meta property=\"og:type\" content=\"article\" \/>\n<meta property=\"og:title\" content=\"Einfuhr aus China | Verzollung Ihrer Ware aus China\" \/>\n<meta property=\"og:description\" content=\"Einfuhr aus China \u25ba inklusive reibungsloser Verzollung Ihrer Ware aus China nach Deutschland und Europa \u25ba Jetzt von Experten beraten lassen!\" \/>\n<meta property=\"og:url\" content=\"https:\/\/ag-frisch.com\/de\/einfuhr-verzollung-china\/\" \/>\n<meta property=\"og:site_name\" content=\"China Import Beratung f\u00fcr den Einkauf aus China\" \/>\n<meta property=\"article:publisher\" content=\"https:\/\/www.facebook.com\/China.Import\" \/>\n<meta property=\"article:modified_time\" content=\"2023-01-30T13:15:19+00:00\" \/>\n<meta name=\"twitter:card\" content=\"summary_large_image\" \/>\n<meta name=\"twitter:site\" content=\"@agenturfrisch\" \/>\n<meta name=\"twitter:label1\" content=\"Gesch\u00e4tzte Lesezeit\" \/>\n\t<meta name=\"twitter:data1\" content=\"8\u00a0Minuten\" \/>\n<script type=\"application\/ld+json\" class=\"yoast-schema-graph\">{\"@context\":\"https:\/\/schema.org\",\"@graph\":[{\"@type\":\"WebPage\",\"@id\":\"https:\/\/ag-frisch.com\/de\/einfuhr-verzollung-china\/\",\"url\":\"https:\/\/ag-frisch.com\/de\/einfuhr-verzollung-china\/\",\"name\":\"Einfuhr aus China | Verzollung Ihrer Ware aus China\",\"isPartOf\":{\"@id\":\"https:\/\/ag-frisch.com\/de\/#website\"},\"datePublished\":\"2021-09-12T20:04:48+00:00\",\"dateModified\":\"2023-01-30T13:15:19+00:00\",\"description\":\"Einfuhr aus China \u25ba inklusive reibungsloser Verzollung Ihrer Ware aus China nach Deutschland und Europa \u25ba Jetzt von Experten beraten lassen!\",\"breadcrumb\":{\"@id\":\"https:\/\/ag-frisch.com\/de\/einfuhr-verzollung-china\/#breadcrumb\"},\"inLanguage\":\"de\",\"potentialAction\":[{\"@type\":\"ReadAction\",\"target\":[\"https:\/\/ag-frisch.com\/de\/einfuhr-verzollung-china\/\"]}]},{\"@type\":\"BreadcrumbList\",\"@id\":\"https:\/\/ag-frisch.com\/de\/einfuhr-verzollung-china\/#breadcrumb\",\"itemListElement\":[{\"@type\":\"ListItem\",\"position\":1,\"name\":\"Startseite\",\"item\":\"https:\/\/ag-frisch.com\/de\/\"},{\"@type\":\"ListItem\",\"position\":2,\"name\":\"Einfuhr &#038; Verzollung\"}]},{\"@type\":\"WebSite\",\"@id\":\"https:\/\/ag-frisch.com\/de\/#website\",\"url\":\"https:\/\/ag-frisch.com\/de\/\",\"name\":\"China Import Beratung f\u00fcr den Einkauf aus China\",\"description\":\"China Import &amp; Export Beratung - Der Dienstleister Ihres Vertrauens f\u00fcr Ihren China Import\",\"publisher\":{\"@id\":\"https:\/\/ag-frisch.com\/de\/#organization\"},\"potentialAction\":[{\"@type\":\"SearchAction\",\"target\":{\"@type\":\"EntryPoint\",\"urlTemplate\":\"https:\/\/ag-frisch.com\/de\/?s={search_term_string}\"},\"query-input\":{\"@type\":\"PropertyValueSpecification\",\"valueRequired\":true,\"valueName\":\"search_term_string\"}}],\"inLanguage\":\"de\"},{\"@type\":\"Organization\",\"@id\":\"https:\/\/ag-frisch.com\/de\/#organization\",\"name\":\"Agentur Frisch International Consulting GmbH & Co. KG\",\"url\":\"https:\/\/ag-frisch.com\/de\/\",\"logo\":{\"@type\":\"ImageObject\",\"inLanguage\":\"de\",\"@id\":\"https:\/\/ag-frisch.com\/de\/#\/schema\/logo\/image\/\",\"url\":\"https:\/\/ag-frisch.com\/wp-content\/uploads\/2021\/08\/ag_logo_rgb_300_small.png\",\"contentUrl\":\"https:\/\/ag-frisch.com\/wp-content\/uploads\/2021\/08\/ag_logo_rgb_300_small.png\",\"width\":153,\"height\":102,\"caption\":\"Agentur Frisch International Consulting GmbH & Co. KG\"},\"image\":{\"@id\":\"https:\/\/ag-frisch.com\/de\/#\/schema\/logo\/image\/\"},\"sameAs\":[\"https:\/\/www.facebook.com\/China.Import\",\"https:\/\/x.com\/agenturfrisch\"]}]}<\/script>\n<!-- \/ Yoast SEO plugin. -->","yoast_head_json":{"title":"Einfuhr aus China | Verzollung Ihrer Ware aus China","description":"Einfuhr aus China \u25ba inklusive reibungsloser Verzollung Ihrer Ware aus China nach Deutschland und Europa \u25ba Jetzt von Experten beraten lassen!","robots":{"index":"index","follow":"follow","max-snippet":"max-snippet:-1","max-image-preview":"max-image-preview:large","max-video-preview":"max-video-preview:-1"},"canonical":"https:\/\/ag-frisch.com\/de\/einfuhr-verzollung-china\/","og_locale":"de_DE","og_type":"article","og_title":"Einfuhr aus China | Verzollung Ihrer Ware aus China","og_description":"Einfuhr aus China \u25ba inklusive reibungsloser Verzollung Ihrer Ware aus China nach Deutschland und Europa \u25ba Jetzt von Experten beraten lassen!","og_url":"https:\/\/ag-frisch.com\/de\/einfuhr-verzollung-china\/","og_site_name":"China Import Beratung f\u00fcr den Einkauf aus China","article_publisher":"https:\/\/www.facebook.com\/China.Import","article_modified_time":"2023-01-30T13:15:19+00:00","twitter_card":"summary_large_image","twitter_site":"@agenturfrisch","twitter_misc":{"Gesch\u00e4tzte Lesezeit":"8\u00a0Minuten"},"schema":{"@context":"https:\/\/schema.org","@graph":[{"@type":"WebPage","@id":"https:\/\/ag-frisch.com\/de\/einfuhr-verzollung-china\/","url":"https:\/\/ag-frisch.com\/de\/einfuhr-verzollung-china\/","name":"Einfuhr aus China | Verzollung Ihrer Ware aus China","isPartOf":{"@id":"https:\/\/ag-frisch.com\/de\/#website"},"datePublished":"2021-09-12T20:04:48+00:00","dateModified":"2023-01-30T13:15:19+00:00","description":"Einfuhr aus China \u25ba inklusive reibungsloser Verzollung Ihrer Ware aus China nach Deutschland und Europa \u25ba Jetzt von Experten beraten lassen!","breadcrumb":{"@id":"https:\/\/ag-frisch.com\/de\/einfuhr-verzollung-china\/#breadcrumb"},"inLanguage":"de","potentialAction":[{"@type":"ReadAction","target":["https:\/\/ag-frisch.com\/de\/einfuhr-verzollung-china\/"]}]},{"@type":"BreadcrumbList","@id":"https:\/\/ag-frisch.com\/de\/einfuhr-verzollung-china\/#breadcrumb","itemListElement":[{"@type":"ListItem","position":1,"name":"Startseite","item":"https:\/\/ag-frisch.com\/de\/"},{"@type":"ListItem","position":2,"name":"Einfuhr &#038; Verzollung"}]},{"@type":"WebSite","@id":"https:\/\/ag-frisch.com\/de\/#website","url":"https:\/\/ag-frisch.com\/de\/","name":"China Import Beratung f\u00fcr den Einkauf aus China","description":"China Import &amp; Export Beratung - Der Dienstleister Ihres Vertrauens f\u00fcr Ihren China Import","publisher":{"@id":"https:\/\/ag-frisch.com\/de\/#organization"},"potentialAction":[{"@type":"SearchAction","target":{"@type":"EntryPoint","urlTemplate":"https:\/\/ag-frisch.com\/de\/?s={search_term_string}"},"query-input":{"@type":"PropertyValueSpecification","valueRequired":true,"valueName":"search_term_string"}}],"inLanguage":"de"},{"@type":"Organization","@id":"https:\/\/ag-frisch.com\/de\/#organization","name":"Agentur Frisch International Consulting GmbH & Co. KG","url":"https:\/\/ag-frisch.com\/de\/","logo":{"@type":"ImageObject","inLanguage":"de","@id":"https:\/\/ag-frisch.com\/de\/#\/schema\/logo\/image\/","url":"https:\/\/ag-frisch.com\/wp-content\/uploads\/2021\/08\/ag_logo_rgb_300_small.png","contentUrl":"https:\/\/ag-frisch.com\/wp-content\/uploads\/2021\/08\/ag_logo_rgb_300_small.png","width":153,"height":102,"caption":"Agentur Frisch International Consulting GmbH & Co. KG"},"image":{"@id":"https:\/\/ag-frisch.com\/de\/#\/schema\/logo\/image\/"},"sameAs":["https:\/\/www.facebook.com\/China.Import","https:\/\/x.com\/agenturfrisch"]}]}},"_links":{"self":[{"href":"https:\/\/ag-frisch.com\/de\/wp-json\/wp\/v2\/pages\/321","targetHints":{"allow":["GET"]}}],"collection":[{"href":"https:\/\/ag-frisch.com\/de\/wp-json\/wp\/v2\/pages"}],"about":[{"href":"https:\/\/ag-frisch.com\/de\/wp-json\/wp\/v2\/types\/page"}],"author":[{"embeddable":true,"href":"https:\/\/ag-frisch.com\/de\/wp-json\/wp\/v2\/users\/2"}],"replies":[{"embeddable":true,"href":"https:\/\/ag-frisch.com\/de\/wp-json\/wp\/v2\/comments?post=321"}],"version-history":[{"count":0,"href":"https:\/\/ag-frisch.com\/de\/wp-json\/wp\/v2\/pages\/321\/revisions"}],"wp:attachment":[{"href":"https:\/\/ag-frisch.com\/de\/wp-json\/wp\/v2\/media?parent=321"}],"curies":[{"name":"wp","href":"https:\/\/api.w.org\/{rel}","templated":true}]}}