{"id":325,"date":"2021-09-12T22:05:19","date_gmt":"2021-09-12T20:05:19","guid":{"rendered":"https:\/\/ag-frisch.com\/?page_id=325"},"modified":"2022-11-17T06:07:20","modified_gmt":"2022-11-17T05:07:20","slug":"vorbereitung-verkaufsstart-online-handel","status":"publish","type":"page","link":"https:\/\/ag-frisch.com\/de\/vorbereitung-verkaufsstart-online-handel\/","title":{"rendered":"Verkaufsstart"},"content":{"rendered":"<p>[et_pb_section fb_built=&#8221;1&#8243; _builder_version=&#8221;4.16&#8243; _module_preset=&#8221;default&#8221; global_colors_info=&#8221;{}&#8221;][et_pb_row _builder_version=&#8221;4.18.1&#8243; _module_preset=&#8221;default&#8221; custom_padding=&#8221;25px|||||&#8221;][et_pb_column _builder_version=&#8221;4.18.1&#8243; _module_preset=&#8221;default&#8221; type=&#8221;4_4&#8243;][et_pb_cta title=&#8221;Erfolgreich im e-commerce verkaufen&#8221; button_url=&#8221;\/kontakt\/&#8221; button_text=&#8221;Jetzt bei den Profis anfragen&#8221; _builder_version=&#8221;4.18.1&#8243; _module_preset=&#8221;default&#8221; hover_enabled=&#8221;0&#8243; global_colors_info=&#8221;{}&#8221; theme_builder_area=&#8221;post_content&#8221; sticky_enabled=&#8221;0&#8243;]<\/p>\n<p>Legen Sie mit uns einen erfolgreichen Verkaufsstart im Ecommerce hin, wir unterst\u00fctzen Sie!<\/p>\n<p>[\/et_pb_cta][\/et_pb_column][\/et_pb_row][et_pb_row _builder_version=&#8221;4.16&#8243; _module_preset=&#8221;default&#8221; global_colors_info=&#8221;{}&#8221;][et_pb_column type=&#8221;4_4&#8243; _builder_version=&#8221;4.16&#8243; _module_preset=&#8221;default&#8221; global_colors_info=&#8221;{}&#8221;][et_pb_text _builder_version=&#8221;4.16&#8243; _module_preset=&#8221;default&#8221; custom_margin=&#8221;||-17px|||&#8221; global_colors_info=&#8221;{}&#8221;]<\/p>\n<h1>Verkaufsstart Ihrer Produkte<\/h1>\n<p><strong>Wir machen Sie erfolgreich im Online-Handel!<br \/><\/strong><\/p>\n<p><strong><\/strong><\/p>\n<p><strong>Der Startschuss f\u00fcr Ihren Onlineverkauf<\/strong><\/p>\n<p>Sie hatten eine lange Phase der Vorbereitung: Produkt-Konzeption, Auswahl des passenden Herstellers, Produktion und Pr\u00fcfungen, der Transport und die Anlieferung. Nun endlich ist alles soweit, dass Sie voll loslegen k\u00f6nnen.<\/p>\n<p>Doch nat\u00fcrlich ist das nicht der Tag, an dem Sie mit dem Marketing beginnen. Wenn Sie die Sache in unsere H\u00e4nde gelegt haben, ist am Tag Ihres Verkaufsstarts bereits so viel Vorbereitung Ihrer Produkte f\u00fcr den Onlineverkauf gelaufen, dass die Kunden praktisch schon Schlange stehen und Sie die ersten Sendungen verschicken k\u00f6nnen.<\/p>\n<p>&nbsp;<\/p>\n<p><strong>Die Bedeutung des Vorablistings<\/strong><\/p>\n<p>Unsere Leistung des Vorablistings und dessen Wichtigkeit kann nicht genug betont werden. Um direkt mit dem Start des E-Commerce Vertriebs beginnen zu k\u00f6nnen, ist es nicht nur ratsam, sondern notwendig, vorher die entsprechenden Ma\u00dfnahmen zu treffen. Das Vorablisting Ihrer Produkte auf Amazon, das Schalten von Werbeanzeigen bei Amazon und Google und anderen gro\u00dfen Webseiten\/Online-Marktpl\u00e4tzen muss integraler Bestandteil Ihrer Kampagne sein. Die Agentur Frisch kennt sich auf diesem Gebiet bestens aus und bietet Ihnen ma\u00dfgeschneiderte L\u00f6sungen f\u00fcr die Vorbereitung Ihrer Produkte f\u00fcr den Onlineverkauf an.<\/p>\n<p>&nbsp;<\/p>\n<p><strong>Start des E-Commerce Vertriebs als Punktlandung<\/strong><\/p>\n<p>Timing ist alles, das gilt auch, wenn Sie Onlineh\u00e4ndler werden oder ein neues Produkt launchen wollen. Schon lange vor dem Tag des tats\u00e4chlichen Verkaufsstarts m\u00fcssen die Listings erfolgen und Marketingma\u00dfnahmen getroffen werden, um die Vorbereitung Ihrer Produkte f\u00fcr den erfolgreichen Onlineverkauf perfekt zu machen. Folgende Dienstleistungen k\u00f6nnen wir Ihnen in diesem Zusammenhang zum Beispiel anbieten:<\/p>\n<ul>\n<li>Listing Ihrer Produkte bei Amazon<\/li>\n<li>Erstellung von Produktfotografien, Werbetexten, Suchmaschinentexten<\/li>\n<li>Suchmaschinenoptimierung Ihrer Webseite\/Produktbeschreibungen<\/li>\n<li>Konzipierung kompletter Marketing-\/Produktlaunch-Kampagnen<\/li>\n<\/ul>\n<p>&nbsp;<\/p>\n<p><strong>Die Vorteile eines vorbereiteten Produktstarts<\/strong><\/p>\n<p>Sie w\u00fcnschen sich Kunden, die Ihnen Ihr neu eingetroffenes Produkt aus den H\u00e4nden rei\u00dfen? Positive Rezensionen sollen schon in den ersten Tagen vorhanden sein? Ihr Produkt soll sich am besten nach k\u00fcrzester Zeit \u201ewie von selbst\u201c verkaufen?<\/p>\n<p>Der Schl\u00fcssel zu all dem ist eine erstklassige Vorbereitung Ihrer Produkte f\u00fcr den Onlineverkauf. Diese muss professionell erfolgen, denn nur Experten wissen, worauf es ankommt, welche Schritte zu gehen und welche Fallstricke zu vermeiden sind. Unsere Marketingspezialisten bauen f\u00fcr Sie das gesamte E-Commerce so auf, dass es stabil und sowohl kurz- als auch langfristig so lukrativ wie m\u00f6glich ist. Sichtbarkeit und positive Aufnahme sind das A und O beim Start des E-Commerce Vertriebs, und diese Aspekte sind sehr gut zu steuern \u2013 wenn man wei\u00df, was man zu tun hat.<\/p>\n<p>&nbsp;<\/p>\n<p><strong>Erfolgreicher Onlineh\u00e4ndler werden mit der Agentur Frisch<\/strong><\/p>\n<p>Sie stehen noch am Anfang Ihrer Karriere und wollen Onlineh\u00e4ndler werden? Die Agentur Frisch unterst\u00fctzt Sie dabei professionell und vertrauensw\u00fcrdig. Wir beraten mit Ihnen \u00fcber die besten Optionen und nennen Ihnen die m\u00f6glichen Wege von Herstellung und Vertrieb. Aufgrund unserer umfassenden Erfahrung k\u00f6nnen wir dabei auf verschiedenste Modelle zur\u00fcckgreifen. Wir sch\u00f6pfen aus den vielen Jahren, die wir bereits im China-Import und allen damit verbundenen Gesch\u00e4ften unterwegs sind, und k\u00f6nnen Ihnen das f\u00fcr Sie ideale Business-Modell unterbreiten \u2013 und gemeinsam mit Ihnen aufbauen.<\/p>\n<p>Wir profitieren von starken Gesch\u00e4ftspartnern, und stellen daher unser Know-how ganz in Ihre Sache. So k\u00f6nnen Sie auf seri\u00f6sem und unkompliziertem Weg mit uns zusammen erfolgreicher Onlineh\u00e4ndler werden.<\/p>\n<p><strong>\u00a0<\/strong><\/p>\n<p>&nbsp;<\/p>\n<p>[\/et_pb_text][\/et_pb_column][\/et_pb_row][\/et_pb_section][et_pb_section fb_built=&#8221;1&#8243; admin_label=&#8221;Testimonials&#8221; _builder_version=&#8221;4.16&#8243; use_background_color_gradient=&#8221;on&#8221; background_color_gradient_stops=&#8221;rgba(0,106,156,0.85) 0%|rgba(0,106,156,0.85) 100%&#8221; background_color_gradient_start=&#8221;rgba(0,106,156,0.85)&#8221; background_color_gradient_end=&#8221;rgba(0,106,156,0.85)&#8221; custom_padding=&#8221;90px||60px|&#8221; animation_style=&#8221;fold&#8221; animation_direction=&#8221;bottom&#8221; animation_intensity_fold=&#8221;4%&#8221; global_colors_info=&#8221;{}&#8221; theme_builder_area=&#8221;post_content&#8221;][et_pb_row _builder_version=&#8221;4.16&#8243; background_size=&#8221;initial&#8221; background_position=&#8221;top_left&#8221; background_repeat=&#8221;repeat&#8221; custom_width_px=&#8221;710px&#8221; locked=&#8221;off&#8221; global_colors_info=&#8221;{}&#8221; theme_builder_area=&#8221;post_content&#8221;][et_pb_column type=&#8221;4_4&#8243; _builder_version=&#8221;4.16&#8243; background_position=&#8221;top_left&#8221; custom_padding=&#8221;|||&#8221; global_colors_info=&#8221;{}&#8221; custom_padding__hover=&#8221;|||&#8221; theme_builder_area=&#8221;post_content&#8221;][et_pb_text admin_label=&#8221;Testimonials Section Title&#8221; _builder_version=&#8221;4.16&#8243; header_font=&#8221;Montserrat||||&#8221; header_font_size=&#8221;36px&#8221; background_size=&#8221;initial&#8221; background_position=&#8221;top_left&#8221; background_repeat=&#8221;repeat&#8221; text_orientation=&#8221;center&#8221; background_layout=&#8221;dark&#8221; max_width=&#8221;710px&#8221; module_alignment=&#8221;center&#8221; animation_style=&#8221;fold&#8221; animation_direction=&#8221;bottom&#8221; animation_intensity_fold=&#8221;20%&#8221; global_colors_info=&#8221;{}&#8221; theme_builder_area=&#8221;post_content&#8221;]<\/p>\n<h1>\u00dcber 5000 zufriedene Kunden.<\/h1>\n<p>&nbsp;<\/p>\n<p>[\/et_pb_text][et_pb_divider color=&#8221;#ffffff&#8221; divider_weight=&#8221;3px&#8221; disabled_on=&#8221;off|off|off&#8221; _builder_version=&#8221;4.16&#8243; background_color_gradient_direction=&#8221;90deg&#8221; max_width=&#8221;100px&#8221; module_alignment=&#8221;center&#8221; height=&#8221;5px&#8221; custom_margin=&#8221;||20px|&#8221; custom_padding=&#8221;||20px|&#8221; animation_style=&#8221;slide&#8221; animation_direction=&#8221;bottom&#8221; saved_tabs=&#8221;all&#8221; locked=&#8221;off&#8221; global_colors_info=&#8221;{}&#8221; theme_builder_area=&#8221;post_content&#8221;][\/et_pb_divider][\/et_pb_column][\/et_pb_row][et_pb_row column_structure=&#8221;1_2,1_2&#8243; _builder_version=&#8221;4.18.1&#8243; _module_preset=&#8221;default&#8221; global_colors_info=&#8221;{}&#8221; theme_builder_area=&#8221;post_content&#8221;][et_pb_column type=&#8221;1_2&#8243; _builder_version=&#8221;4.18.1&#8243; _module_preset=&#8221;default&#8221; global_colors_info=&#8221;{}&#8221; theme_builder_area=&#8221;post_content&#8221;][et_pb_testimonial author=&#8221;Marco&#8221; portrait_url=&#8221;https:\/\/ag-frisch.com\/wp-content\/uploads\/2021\/08\/Harald.png&#8221; quote_icon=&#8221;off&#8221; _builder_version=&#8221;4.18.1&#8243; _module_preset=&#8221;default&#8221; body_font_size=&#8221;16px&#8221; use_background_color=&#8221;off&#8221; background_layout=&#8221;dark&#8221; global_colors_info=&#8221;{}&#8221; theme_builder_area=&#8221;post_content&#8221;]Ich habe die Agentur Frisch beauftragt ein gr\u00f6\u00dferes M\u00f6belst\u00fcck in China produzieren zu lassen um es dann folglich nach Deutschland zu \u00fcberf\u00fchren. Per Mail erfolgte die ganze Zeit \u00fcber eine reibungslose Kommunikation! Sehr schnelle und zuverl\u00e4ssige Antworten vermittelten mir st\u00e4ndig die Sicherheiten, die bei so einen Unterfangen unerl\u00e4sslich sind. Jederzeit wurde mir durch den B\u00fcrokratiedschungel geholfen und dabei wurden keine Formulare vergessen oder falsch ausgef\u00fcllt. Sehr lobenswert!<a href=\"&lt;div class=&quot;pe-richsnippets&quot;&gt;&amp;nbsp;&lt;\/div&gt; &lt;script type=&quot;text\/javascript&quot; src=&quot;https:\/\/www.provenexpert.com\/widget\/richsnippet.js?u=1NUA0VwZ4RUZ5tmAi5zA4RaplNKAlWwZ&amp;v=2&quot; async&gt;&lt;\/script&gt; &lt;div style=&quot;text-align: justify;&quot;&gt;&lt;br \/&gt;\"><\/a><\/p>\n<div class=\"brow ratingBarMargin\">\n<div class=\"ratingBar\">\n<div class=\"brow\">\n<div class=\"pe-richsnippets\">&nbsp;<\/div>\n<p><script type=\"text\/javascript\" src=\"https:\/\/www.provenexpert.com\/widget\/richsnippet.js?u=1NUA0VwZ4RUZ5tmAi5zA4RaplNKAlWwZ&#038;v=2\" async><\/script><\/p>\n<div style=\"text-align: justify;\"><\/p>\n<div class=\"col-lg-9 col-md-8 col-xs-10 mt20 mb20\">\n<div class=\"col-xs-12 surveyNameForRating\"><\/div>\n<\/div>\n<\/div>\n<\/div>\n<\/div>\n<\/div>\n<p>[\/et_pb_testimonial][\/et_pb_column][et_pb_column type=&#8221;1_2&#8243; _builder_version=&#8221;4.18.1&#8243; _module_preset=&#8221;default&#8221; global_colors_info=&#8221;{}&#8221; theme_builder_area=&#8221;post_content&#8221;][et_pb_testimonial author=&#8221;Simone L.&#8221; portrait_url=&#8221;https:\/\/ag-frisch.com\/wp-content\/uploads\/2021\/08\/Harald.png&#8221; quote_icon=&#8221;off&#8221; _builder_version=&#8221;4.18.1&#8243; _module_preset=&#8221;default&#8221; body_font_size=&#8221;16px&#8221; use_background_color=&#8221;off&#8221; background_layout=&#8221;dark&#8221; global_colors_info=&#8221;{}&#8221; theme_builder_area=&#8221;post_content&#8221;]<\/p>\n<p>Alles Top. Besser geht nicht. Beratung und Durchf\u00fchrung kann man nicht besser machen. Wir sind nach mehreren Bestellungen bei diesem Unternehmen mehr als zufrieden und setzen die Zusammenarbeit fort.<\/p>\n<div class=\"brow ratingBarMargin\">\n<div class=\"ratingBar\">\n<div class=\"brow\">\n<div class=\"pe-richsnippets\">\u00a0<\/div>\n<p>\n<script type=\"text\/javascript\" src=\"https:\/\/www.provenexpert.com\/widget\/richsnippet.js?u=1NUA0VwZ4RUZ5tmAi5zA4RaplNKAlWwZ&amp;v=2\" async=\"\"><\/script>\n<\/p>\n<div style=\"text-align: justify;\">\n<p>&nbsp;<\/p>\n<div class=\"col-lg-9 col-md-8 col-xs-10 mt20 mb20\">\n<div class=\"col-xs-12 surveyNameForRating\"><\/div>\n<\/div>\n<\/div>\n<\/div>\n<\/div>\n<\/div>\n<p>[\/et_pb_testimonial][\/et_pb_column][\/et_pb_row][et_pb_row _builder_version=&#8221;4.16&#8243; background_size=&#8221;initial&#8221; background_position=&#8221;top_left&#8221; background_repeat=&#8221;repeat&#8221; custom_padding=&#8221;50px|0px|30px|0px&#8221; custom_css_main_element=&#8221;text-align: center;&#8221; global_colors_info=&#8221;{}&#8221; theme_builder_area=&#8221;post_content&#8221;][et_pb_column type=&#8221;4_4&#8243; _builder_version=&#8221;4.16&#8243; custom_padding=&#8221;|||&#8221; global_colors_info=&#8221;{}&#8221; custom_padding__hover=&#8221;|||&#8221; theme_builder_area=&#8221;post_content&#8221;][et_pb_button button_url=&#8221;https:\/\/www.provenexpert.com\/de-de\/agentur-frisch-international-consulting-gmbh-und-co-kg\/&#8221; button_text=&#8221;MEHR BEWERTUNGEN&#8221; button_alignment=&#8221;left&#8221; admin_label=&#8221;Testimonial Button&#8221; _builder_version=&#8221;4.16&#8243; custom_button=&#8221;on&#8221; button_text_size=&#8221;18px&#8221; button_text_color=&#8221;#ffffff&#8221; button_bg_color=&#8221;#6eba01&#8243; button_border_width=&#8221;2px&#8221; button_border_color=&#8221;#6eba01&#8243; button_border_radius=&#8221;0px&#8221; button_letter_spacing=&#8221;2px&#8221; button_font=&#8221;Montserrat|||on|&#8221; button_use_icon=&#8221;off&#8221; animation_style=&#8221;fold&#8221; animation_direction=&#8221;bottom&#8221; button_text_color_hover=&#8221;#ffffff&#8221; button_border_color_hover=&#8221;#ffffff&#8221; button_border_radius_hover=&#8221;0px&#8221; button_letter_spacing_hover=&#8221;2px&#8221; button_bg_color_hover=&#8221;rgba(255,255,255,0)&#8221; locked=&#8221;off&#8221; global_colors_info=&#8221;{}&#8221; button_text_size__hover_enabled=&#8221;off&#8221; button_one_text_size__hover_enabled=&#8221;off&#8221; button_two_text_size__hover_enabled=&#8221;off&#8221; button_text_color__hover_enabled=&#8221;on&#8221; button_text_color__hover=&#8221;#ffffff&#8221; button_one_text_color__hover_enabled=&#8221;off&#8221; button_two_text_color__hover_enabled=&#8221;off&#8221; button_border_width__hover_enabled=&#8221;off&#8221; button_one_border_width__hover_enabled=&#8221;off&#8221; button_two_border_width__hover_enabled=&#8221;off&#8221; button_border_color__hover_enabled=&#8221;on&#8221; button_border_color__hover=&#8221;#ffffff&#8221; button_one_border_color__hover_enabled=&#8221;off&#8221; button_two_border_color__hover_enabled=&#8221;off&#8221; button_border_radius__hover_enabled=&#8221;on&#8221; button_border_radius__hover=&#8221;0px&#8221; button_one_border_radius__hover_enabled=&#8221;off&#8221; button_two_border_radius__hover_enabled=&#8221;off&#8221; button_letter_spacing__hover_enabled=&#8221;on&#8221; button_letter_spacing__hover=&#8221;2px&#8221; button_one_letter_spacing__hover_enabled=&#8221;off&#8221; button_two_letter_spacing__hover_enabled=&#8221;off&#8221; button_bg_color__hover_enabled=&#8221;on&#8221; button_bg_color__hover=&#8221;rgba(255,255,255,0)&#8221; button_one_bg_color__hover_enabled=&#8221;off&#8221; button_two_bg_color__hover_enabled=&#8221;off&#8221; theme_builder_area=&#8221;post_content&#8221;][\/et_pb_button][\/et_pb_column][\/et_pb_row][\/et_pb_section]<\/p>\n","protected":false},"excerpt":{"rendered":"<p>Legen Sie mit uns einen erfolgreichen Verkaufsstart im Ecommerce hin, wir unterst\u00fctzen Sie!Verkaufsstart Ihrer Produkte Wir machen Sie erfolgreich im Online-Handel! Der Startschuss f\u00fcr Ihren Onlineverkauf Sie hatten eine lange Phase der Vorbereitung: Produkt-Konzeption, Auswahl des passenden Herstellers, Produktion und Pr\u00fcfungen, der Transport und die Anlieferung. Nun endlich ist alles soweit, dass Sie voll loslegen [&hellip;]<\/p>\n","protected":false},"author":2,"featured_media":0,"parent":0,"menu_order":0,"comment_status":"closed","ping_status":"closed","template":"","meta":{"_et_pb_use_builder":"on","_et_pb_old_content":"","_et_gb_content_width":"","footnotes":""},"class_list":["post-325","page","type-page","status-publish","hentry"],"yoast_head":"<!-- This site is optimized with the Yoast SEO plugin v27.2 - https:\/\/yoast.com\/product\/yoast-seo-wordpress\/ -->\n<title>Vorbereitung Verkaufsstart Onlinehandel | Marketing &amp; Vertrieb<\/title>\n<meta name=\"description\" content=\"Den Verkaufsstart Ihrer Produkte ideal vorbereiten \u25ba Alles, was f\u00fcr den Onlinehandel wichtig ist - von Fotos \u00fcber Texte bis SEO \u25ba Jetzt beraten lassen!\" \/>\n<meta name=\"robots\" content=\"index, follow, max-snippet:-1, max-image-preview:large, max-video-preview:-1\" \/>\n<link rel=\"canonical\" href=\"https:\/\/ag-frisch.com\/de\/vorbereitung-verkaufsstart-online-handel\/\" \/>\n<meta property=\"og:locale\" content=\"de_DE\" \/>\n<meta property=\"og:type\" content=\"article\" \/>\n<meta property=\"og:title\" content=\"Vorbereitung Verkaufsstart Onlinehandel | Marketing &amp; Vertrieb\" \/>\n<meta property=\"og:description\" content=\"Den Verkaufsstart Ihrer Produkte ideal vorbereiten \u25ba Alles, was f\u00fcr den Onlinehandel wichtig ist - von Fotos \u00fcber Texte bis SEO \u25ba Jetzt beraten lassen!\" \/>\n<meta property=\"og:url\" content=\"https:\/\/ag-frisch.com\/de\/vorbereitung-verkaufsstart-online-handel\/\" \/>\n<meta property=\"og:site_name\" content=\"China Import Beratung f\u00fcr den Einkauf aus China\" \/>\n<meta property=\"article:publisher\" content=\"https:\/\/www.facebook.com\/China.Import\" \/>\n<meta property=\"article:modified_time\" content=\"2022-11-17T05:07:20+00:00\" \/>\n<meta name=\"twitter:card\" content=\"summary_large_image\" \/>\n<meta name=\"twitter:site\" content=\"@agenturfrisch\" \/>\n<meta name=\"twitter:label1\" content=\"Gesch\u00e4tzte Lesezeit\" \/>\n\t<meta name=\"twitter:data1\" content=\"8\u00a0Minuten\" \/>\n<script type=\"application\/ld+json\" class=\"yoast-schema-graph\">{\"@context\":\"https:\/\/schema.org\",\"@graph\":[{\"@type\":\"WebPage\",\"@id\":\"https:\/\/ag-frisch.com\/de\/vorbereitung-verkaufsstart-online-handel\/\",\"url\":\"https:\/\/ag-frisch.com\/de\/vorbereitung-verkaufsstart-online-handel\/\",\"name\":\"Vorbereitung Verkaufsstart Onlinehandel | Marketing & Vertrieb\",\"isPartOf\":{\"@id\":\"https:\/\/ag-frisch.com\/de\/#website\"},\"datePublished\":\"2021-09-12T20:05:19+00:00\",\"dateModified\":\"2022-11-17T05:07:20+00:00\",\"description\":\"Den Verkaufsstart Ihrer Produkte ideal vorbereiten \u25ba Alles, was f\u00fcr den Onlinehandel wichtig ist - von Fotos \u00fcber Texte bis SEO \u25ba Jetzt beraten lassen!\",\"breadcrumb\":{\"@id\":\"https:\/\/ag-frisch.com\/de\/vorbereitung-verkaufsstart-online-handel\/#breadcrumb\"},\"inLanguage\":\"de\",\"potentialAction\":[{\"@type\":\"ReadAction\",\"target\":[\"https:\/\/ag-frisch.com\/de\/vorbereitung-verkaufsstart-online-handel\/\"]}]},{\"@type\":\"BreadcrumbList\",\"@id\":\"https:\/\/ag-frisch.com\/de\/vorbereitung-verkaufsstart-online-handel\/#breadcrumb\",\"itemListElement\":[{\"@type\":\"ListItem\",\"position\":1,\"name\":\"Startseite\",\"item\":\"https:\/\/ag-frisch.com\/de\/\"},{\"@type\":\"ListItem\",\"position\":2,\"name\":\"Verkaufsstart\"}]},{\"@type\":\"WebSite\",\"@id\":\"https:\/\/ag-frisch.com\/de\/#website\",\"url\":\"https:\/\/ag-frisch.com\/de\/\",\"name\":\"China Import Beratung f\u00fcr den Einkauf aus China\",\"description\":\"China Import &amp; Export Beratung - Der Dienstleister Ihres Vertrauens f\u00fcr Ihren China Import\",\"publisher\":{\"@id\":\"https:\/\/ag-frisch.com\/de\/#organization\"},\"potentialAction\":[{\"@type\":\"SearchAction\",\"target\":{\"@type\":\"EntryPoint\",\"urlTemplate\":\"https:\/\/ag-frisch.com\/de\/?s={search_term_string}\"},\"query-input\":{\"@type\":\"PropertyValueSpecification\",\"valueRequired\":true,\"valueName\":\"search_term_string\"}}],\"inLanguage\":\"de\"},{\"@type\":\"Organization\",\"@id\":\"https:\/\/ag-frisch.com\/de\/#organization\",\"name\":\"Agentur Frisch International Consulting GmbH & Co. KG\",\"url\":\"https:\/\/ag-frisch.com\/de\/\",\"logo\":{\"@type\":\"ImageObject\",\"inLanguage\":\"de\",\"@id\":\"https:\/\/ag-frisch.com\/de\/#\/schema\/logo\/image\/\",\"url\":\"https:\/\/ag-frisch.com\/wp-content\/uploads\/2021\/08\/ag_logo_rgb_300_small.png\",\"contentUrl\":\"https:\/\/ag-frisch.com\/wp-content\/uploads\/2021\/08\/ag_logo_rgb_300_small.png\",\"width\":153,\"height\":102,\"caption\":\"Agentur Frisch International Consulting GmbH & Co. KG\"},\"image\":{\"@id\":\"https:\/\/ag-frisch.com\/de\/#\/schema\/logo\/image\/\"},\"sameAs\":[\"https:\/\/www.facebook.com\/China.Import\",\"https:\/\/x.com\/agenturfrisch\"]}]}<\/script>\n<!-- \/ Yoast SEO plugin. -->","yoast_head_json":{"title":"Vorbereitung Verkaufsstart Onlinehandel | Marketing & Vertrieb","description":"Den Verkaufsstart Ihrer Produkte ideal vorbereiten \u25ba Alles, was f\u00fcr den Onlinehandel wichtig ist - von Fotos \u00fcber Texte bis SEO \u25ba Jetzt beraten lassen!","robots":{"index":"index","follow":"follow","max-snippet":"max-snippet:-1","max-image-preview":"max-image-preview:large","max-video-preview":"max-video-preview:-1"},"canonical":"https:\/\/ag-frisch.com\/de\/vorbereitung-verkaufsstart-online-handel\/","og_locale":"de_DE","og_type":"article","og_title":"Vorbereitung Verkaufsstart Onlinehandel | Marketing & Vertrieb","og_description":"Den Verkaufsstart Ihrer Produkte ideal vorbereiten \u25ba Alles, was f\u00fcr den Onlinehandel wichtig ist - von Fotos \u00fcber Texte bis SEO \u25ba Jetzt beraten lassen!","og_url":"https:\/\/ag-frisch.com\/de\/vorbereitung-verkaufsstart-online-handel\/","og_site_name":"China Import Beratung f\u00fcr den Einkauf aus China","article_publisher":"https:\/\/www.facebook.com\/China.Import","article_modified_time":"2022-11-17T05:07:20+00:00","twitter_card":"summary_large_image","twitter_site":"@agenturfrisch","twitter_misc":{"Gesch\u00e4tzte Lesezeit":"8\u00a0Minuten"},"schema":{"@context":"https:\/\/schema.org","@graph":[{"@type":"WebPage","@id":"https:\/\/ag-frisch.com\/de\/vorbereitung-verkaufsstart-online-handel\/","url":"https:\/\/ag-frisch.com\/de\/vorbereitung-verkaufsstart-online-handel\/","name":"Vorbereitung Verkaufsstart Onlinehandel | Marketing & Vertrieb","isPartOf":{"@id":"https:\/\/ag-frisch.com\/de\/#website"},"datePublished":"2021-09-12T20:05:19+00:00","dateModified":"2022-11-17T05:07:20+00:00","description":"Den Verkaufsstart Ihrer Produkte ideal vorbereiten \u25ba Alles, was f\u00fcr den Onlinehandel wichtig ist - von Fotos \u00fcber Texte bis SEO \u25ba Jetzt beraten lassen!","breadcrumb":{"@id":"https:\/\/ag-frisch.com\/de\/vorbereitung-verkaufsstart-online-handel\/#breadcrumb"},"inLanguage":"de","potentialAction":[{"@type":"ReadAction","target":["https:\/\/ag-frisch.com\/de\/vorbereitung-verkaufsstart-online-handel\/"]}]},{"@type":"BreadcrumbList","@id":"https:\/\/ag-frisch.com\/de\/vorbereitung-verkaufsstart-online-handel\/#breadcrumb","itemListElement":[{"@type":"ListItem","position":1,"name":"Startseite","item":"https:\/\/ag-frisch.com\/de\/"},{"@type":"ListItem","position":2,"name":"Verkaufsstart"}]},{"@type":"WebSite","@id":"https:\/\/ag-frisch.com\/de\/#website","url":"https:\/\/ag-frisch.com\/de\/","name":"China Import Beratung f\u00fcr den Einkauf aus China","description":"China Import &amp; Export Beratung - Der Dienstleister Ihres Vertrauens f\u00fcr Ihren China Import","publisher":{"@id":"https:\/\/ag-frisch.com\/de\/#organization"},"potentialAction":[{"@type":"SearchAction","target":{"@type":"EntryPoint","urlTemplate":"https:\/\/ag-frisch.com\/de\/?s={search_term_string}"},"query-input":{"@type":"PropertyValueSpecification","valueRequired":true,"valueName":"search_term_string"}}],"inLanguage":"de"},{"@type":"Organization","@id":"https:\/\/ag-frisch.com\/de\/#organization","name":"Agentur Frisch International Consulting GmbH & Co. KG","url":"https:\/\/ag-frisch.com\/de\/","logo":{"@type":"ImageObject","inLanguage":"de","@id":"https:\/\/ag-frisch.com\/de\/#\/schema\/logo\/image\/","url":"https:\/\/ag-frisch.com\/wp-content\/uploads\/2021\/08\/ag_logo_rgb_300_small.png","contentUrl":"https:\/\/ag-frisch.com\/wp-content\/uploads\/2021\/08\/ag_logo_rgb_300_small.png","width":153,"height":102,"caption":"Agentur Frisch International Consulting GmbH & Co. KG"},"image":{"@id":"https:\/\/ag-frisch.com\/de\/#\/schema\/logo\/image\/"},"sameAs":["https:\/\/www.facebook.com\/China.Import","https:\/\/x.com\/agenturfrisch"]}]}},"_links":{"self":[{"href":"https:\/\/ag-frisch.com\/de\/wp-json\/wp\/v2\/pages\/325","targetHints":{"allow":["GET"]}}],"collection":[{"href":"https:\/\/ag-frisch.com\/de\/wp-json\/wp\/v2\/pages"}],"about":[{"href":"https:\/\/ag-frisch.com\/de\/wp-json\/wp\/v2\/types\/page"}],"author":[{"embeddable":true,"href":"https:\/\/ag-frisch.com\/de\/wp-json\/wp\/v2\/users\/2"}],"replies":[{"embeddable":true,"href":"https:\/\/ag-frisch.com\/de\/wp-json\/wp\/v2\/comments?post=325"}],"version-history":[{"count":0,"href":"https:\/\/ag-frisch.com\/de\/wp-json\/wp\/v2\/pages\/325\/revisions"}],"wp:attachment":[{"href":"https:\/\/ag-frisch.com\/de\/wp-json\/wp\/v2\/media?parent=325"}],"curies":[{"name":"wp","href":"https:\/\/api.w.org\/{rel}","templated":true}]}}