{"id":4591,"date":"2022-07-21T19:55:47","date_gmt":"2022-07-21T17:55:47","guid":{"rendered":"https:\/\/ag-frisch.com\/?page_id=4591"},"modified":"2022-12-07T13:58:40","modified_gmt":"2022-12-07T12:58:40","slug":"bio-zertifizierung-china-beantragen","status":"publish","type":"page","link":"https:\/\/ag-frisch.com\/de\/bio-zertifizierung-china-beantragen\/","title":{"rendered":"Biozertifizierung"},"content":{"rendered":"<p>[et_pb_section fb_built=&#8221;1&#8243; _builder_version=&#8221;4.16&#8243; _module_preset=&#8221;default&#8221; global_colors_info=&#8221;{}&#8221;][et_pb_row _builder_version=&#8221;4.18.1&#8243; _module_preset=&#8221;default&#8221;][et_pb_column _builder_version=&#8221;4.18.1&#8243; _module_preset=&#8221;default&#8221; type=&#8221;4_4&#8243;][et_pb_cta title=&#8221;Bio-Zertifizierungs Beratung&#8221; button_url=&#8221;\/kontakt\/&#8221; button_text=&#8221;Jetzt Beratung buchen&#8221; _builder_version=&#8221;4.16&#8243; _module_preset=&#8221;default&#8221; global_colors_info=&#8221;{}&#8221; theme_builder_area=&#8221;post_content&#8221; min_height=&#8221;208.8px&#8221;]<\/p>\n<p>Durch die Beratung der China Import Agentur Frisch geschehen Ihnen keine Fehler beim Import von Bio-Produkten.\u00a0<\/p>\n<p>[\/et_pb_cta][\/et_pb_column][\/et_pb_row][et_pb_row _builder_version=&#8221;4.16&#8243; _module_preset=&#8221;default&#8221; global_colors_info=&#8221;{}&#8221;][et_pb_column type=&#8221;4_4&#8243; _builder_version=&#8221;4.16&#8243; _module_preset=&#8221;default&#8221; global_colors_info=&#8221;{}&#8221;][et_pb_text _builder_version=&#8221;4.16&#8243; _module_preset=&#8221;default&#8221; global_colors_info=&#8221;{}&#8221;]<\/p>\n<h1>Bio-Zertifizierung f\u00fcr China-Importe beantragen &#8211; Wir helfen bei jedem Schritt!<\/h1>\n<p><strong>Den strengen Bio-Kontrollen entsprechen<\/strong><\/p>\n<p>Nur wo Bio drin ist, darf auch Bio drauf stehen: Die EU-\u00d6ko-Verordnung stellt strenge Anforderungen an Bio-zertifizierte Lebensmittel, und sorgt mit unabh\u00e4ngigen Kontrollen daf\u00fcr, dass diese vom Hersteller erf\u00fcllt werden. Damit soll sichergestellt werden, dass das Label \u201eBio\u201c nicht beliebig auf Produkten landet. Wir von der Agentur Frisch beraten Sie fachkundig, welche Kriterien Sie erf\u00fcllen m\u00fcssen, um als Betrieb die Bio-Zertifizierung zu erhalten \u2013 und Bio-Produkte aus China importieren und hierzulande verkaufen zu k\u00f6nnen.<\/p>\n<p>Zu den Aspekten im Rahmen der Bio-Zertifizierung z\u00e4hlen zum Beispiel:<\/p>\n<ul>\n<li>Evaluierungsverfahren<\/li>\n<li>Regeln und Verfahren zur Erteilung<\/li>\n<li>Aufrechterhaltung der Zertifizierung<\/li>\n<li>Erweiterung oder Einschr\u00e4nkung des Geltungsbereichs der Zertifizierung<\/li>\n<li>Aussetzung, Zur\u00fcckziehung oder Verweigerung der Zertifizierung<\/li>\n<\/ul>\n<p>Wir unterst\u00fctzen Sie bei jedem Schritt der Zertifizierung. Wir pr\u00fcfen genauestens, dass Bio-Produzenten aus China, mit denen wir zusammenarbeiten, den europ\u00e4ischen und deutschen Anforderungen gen\u00fcgen.<\/p>\n<p>&nbsp;<\/p>\n<p><strong>Bio-Importe aus China: Wachstums-Chance mit Hindernissen<\/strong><\/p>\n<p>Wer Bio-Produkte aus China einf\u00fchrt, kann erhebliche Gewinnspannen erzielen. Bio-Importe aus China sind um so vieles g\u00fcnstiger in der Herstellung, dass die Transportkosten sich rentieren. Doch wer glaubt, in China wird das Bio-Siegel \u201eeinfach so\u201c vergeben und die Produkte k\u00f6nnen hierzulande ohne weiteres auf den Markt gebracht werden, der irrt.<\/p>\n<p>Auch Bio-Importe aus China unterliegen europ\u00e4ischen Kontrollen. Der Anbau, beziehungsweise die Haltung, m\u00fcssen nachweislich und unter professionellen Laborbedingungen \u00fcberpr\u00fcfbar \u201ebio\u201c sein \u2013 und zwar auf jeder Stufe der Handelskette mit Bio-Produkten.<\/p>\n<p>&nbsp;<\/p>\n<p><strong>Pr\u00fcfung von Bio-Produkten in unseren BEIDE-Laboren<\/strong><\/p>\n<p>Die Agentur Frisch verl\u00e4sst sich in der Regel nicht auf Fremdanbieter von Zertifikaten und Kontroll-Dienstleistungen. Wir wollen, dass alles reibungslos l\u00e4uft \u2013 daher machen wir es selbst. Unsere Tochterfirma BEIDE betreibt Pr\u00fcflabore nach h\u00f6chsten internationalen Standards. Hier k\u00f6nnen wir anhand der Schadstoff- und D\u00fcngemittelbelastung zum Beispiel die Pr\u00fcfung von Bio-Produkten vornehmen. Damit verschaffen wir Ihnen als deutschem Verk\u00e4ufer mehr Sicherheit bei Bio-Importen aus China. Mit uns vermeiden Sie b\u00f6se \u00dcberraschungen beim Zoll und bei den harten unabh\u00e4ngigen Bio-Kontrollen.<\/p>\n<p><strong>\u00a0<\/strong><\/p>\n<p><strong>Bio-Produkte aus China nach deutschen Standards<\/strong><\/p>\n<p>Die Einfuhr von Bio-Produkten aus China unterliegt regelm\u00e4\u00dfigen Pr\u00fcfungen. Zu den Anforderungen, die Bio-zertifizierte Betriebe erf\u00fcllen m\u00fcssen, z\u00e4hlen zum Beispiel:<\/p>\n<ul>\n<li>Verzicht auf k\u00fcnstliche Aromen und Geschmacksverst\u00e4rker<\/li>\n<li>Nachweisbar \u00f6kologische Herkunft<\/li>\n<li>Angemessene Fl\u00e4che und Anzahl in der Tierhaltung<\/li>\n<li>Ethisch vertretbarer Transport und Umgang mit Tieren<\/li>\n<li>Kein gentechnisch ver\u00e4ndertes Tierfutter<\/li>\n<li>Kein Einsatz bestimmter Pflanzenschutzmittel und D\u00fcnger<\/li>\n<\/ul>\n<p>Wer sich als Bio-Betrieb zertifizieren lassen will, kommt nicht umhin, diese und weitere Kriterien zu erf\u00fcllen. Auch Importeure von Bio-Produkten werden hier vom Gesetzgeber in die Verantwortung genommen.<\/p>\n<p>&nbsp;<\/p>\n<p><strong>Verantwortungsbewusst und professionell handeln \u2013 Bio-Importe mit der Agentur Frisch<\/strong><\/p>\n<p>Die Agentur Frisch steht f\u00fcr Handelsbeziehungen mit Weitblick. Wir handeln nicht mit Gesch\u00e4ftspartnern, die Zertifikate f\u00e4lschen oder offizielle Wege umgehen wollen. Damit sorgen wir f\u00fcr nachhaltig gute Gesch\u00e4fte: Wer exzellente Handelsbeziehungen pflegt und die Bedingungen perfekt kennt und Handlungsrahmen nutzt, macht am Ende am meisten Gewinn.<\/p>\n<p>Daher arbeiten wir mit zuverl\u00e4ssigen und seri\u00f6sen Produzenten zusammen, bei denen Sie sich auf die Qualit\u00e4t Ihres Bio-Imports aus China verlassen k\u00f6nnen. Wir haben beste Kenntnisse \u00fcber die verschiedenen Verordnungen und Standards. Unsere hauseigenen Labore erm\u00f6glichen unabh\u00e4ngige Pr\u00fcfung von Bio-Produkten noch bevor diese durch die Kontrollverfahren \u00f6ffentlicher Stellen stattfinden. So umgehen Sie Schwierigkeiten beim Import von Bio-Produkten aus China.<\/p>\n<p>[\/et_pb_text][\/et_pb_column][\/et_pb_row][\/et_pb_section][et_pb_section fb_built=&#8221;1&#8243; admin_label=&#8221;Testimonials&#8221; _builder_version=&#8221;4.16&#8243; use_background_color_gradient=&#8221;on&#8221; background_color_gradient_stops=&#8221;rgba(0,106,156,0.85) 0%|rgba(0,106,156,0.85) 100%&#8221; background_color_gradient_start=&#8221;rgba(0,106,156,0.85)&#8221; background_color_gradient_end=&#8221;rgba(0,106,156,0.85)&#8221; custom_padding=&#8221;90px||60px|&#8221; animation_style=&#8221;fold&#8221; animation_direction=&#8221;bottom&#8221; animation_intensity_fold=&#8221;4%&#8221; global_colors_info=&#8221;{}&#8221; theme_builder_area=&#8221;post_content&#8221;][et_pb_row _builder_version=&#8221;4.16&#8243; background_size=&#8221;initial&#8221; background_position=&#8221;top_left&#8221; background_repeat=&#8221;repeat&#8221; custom_width_px=&#8221;710px&#8221; locked=&#8221;off&#8221; global_colors_info=&#8221;{}&#8221; theme_builder_area=&#8221;post_content&#8221;][et_pb_column type=&#8221;4_4&#8243; _builder_version=&#8221;4.16&#8243; background_position=&#8221;top_left&#8221; custom_padding=&#8221;|||&#8221; global_colors_info=&#8221;{}&#8221; custom_padding__hover=&#8221;|||&#8221; theme_builder_area=&#8221;post_content&#8221;][et_pb_text admin_label=&#8221;Testimonials Section Title&#8221; _builder_version=&#8221;4.16&#8243; header_font=&#8221;Montserrat||||&#8221; header_font_size=&#8221;36px&#8221; background_size=&#8221;initial&#8221; background_position=&#8221;top_left&#8221; background_repeat=&#8221;repeat&#8221; text_orientation=&#8221;center&#8221; background_layout=&#8221;dark&#8221; max_width=&#8221;710px&#8221; module_alignment=&#8221;center&#8221; animation_style=&#8221;fold&#8221; animation_direction=&#8221;bottom&#8221; animation_intensity_fold=&#8221;20%&#8221; global_colors_info=&#8221;{}&#8221; theme_builder_area=&#8221;post_content&#8221;]<\/p>\n<h1>\u00dcber 5000 zufriedene Kunden.<\/h1>\n<p>&nbsp;<\/p>\n<p>[\/et_pb_text][et_pb_divider color=&#8221;#ffffff&#8221; divider_weight=&#8221;3px&#8221; disabled_on=&#8221;off|off|off&#8221; _builder_version=&#8221;4.16&#8243; background_color_gradient_direction=&#8221;90deg&#8221; max_width=&#8221;100px&#8221; module_alignment=&#8221;center&#8221; height=&#8221;5px&#8221; custom_margin=&#8221;||20px|&#8221; custom_padding=&#8221;||20px|&#8221; animation_style=&#8221;slide&#8221; animation_direction=&#8221;bottom&#8221; saved_tabs=&#8221;all&#8221; locked=&#8221;off&#8221; global_colors_info=&#8221;{}&#8221; theme_builder_area=&#8221;post_content&#8221;][\/et_pb_divider][\/et_pb_column][\/et_pb_row][et_pb_row column_structure=&#8221;1_2,1_2&#8243; _builder_version=&#8221;4.18.1&#8243; _module_preset=&#8221;default&#8221; global_colors_info=&#8221;{}&#8221; theme_builder_area=&#8221;post_content&#8221;][et_pb_column type=&#8221;1_2&#8243; _builder_version=&#8221;4.18.1&#8243; _module_preset=&#8221;default&#8221; global_colors_info=&#8221;{}&#8221; theme_builder_area=&#8221;post_content&#8221;][et_pb_testimonial author=&#8221;Marco&#8221; portrait_url=&#8221;https:\/\/ag-frisch.com\/wp-content\/uploads\/2021\/08\/Harald.png&#8221; quote_icon=&#8221;off&#8221; _builder_version=&#8221;4.18.1&#8243; _module_preset=&#8221;default&#8221; body_font_size=&#8221;16px&#8221; use_background_color=&#8221;off&#8221; background_layout=&#8221;dark&#8221; global_colors_info=&#8221;{}&#8221; theme_builder_area=&#8221;post_content&#8221;]Ich habe die Agentur Frisch beauftragt ein gr\u00f6\u00dferes M\u00f6belst\u00fcck in China produzieren zu lassen um es dann folglich nach Deutschland zu \u00fcberf\u00fchren. Per Mail erfolgte die ganze Zeit \u00fcber eine reibungslose Kommunikation! Sehr schnelle und zuverl\u00e4ssige Antworten vermittelten mir st\u00e4ndig die Sicherheiten, die bei so einen Unterfangen unerl\u00e4sslich sind. Jederzeit wurde mir durch den B\u00fcrokratiedschungel geholfen und dabei wurden keine Formulare vergessen oder falsch ausgef\u00fcllt. Sehr lobenswert!<a href=\"&lt;div class=&quot;pe-richsnippets&quot;&gt;&amp;nbsp;&lt;\/div&gt; &lt;script type=&quot;text\/javascript&quot; src=&quot;https:\/\/www.provenexpert.com\/widget\/richsnippet.js?u=1NUA0VwZ4RUZ5tmAi5zA4RaplNKAlWwZ&amp;v=2&quot; async&gt;&lt;\/script&gt; &lt;div style=&quot;text-align: justify;&quot;&gt;&lt;br \/&gt;\"><\/a><\/p>\n<div class=\"brow ratingBarMargin\">\n<div class=\"ratingBar\">\n<div class=\"brow\">\n<div class=\"pe-richsnippets\">&nbsp;<\/div>\n<p><script type=\"text\/javascript\" src=\"https:\/\/www.provenexpert.com\/widget\/richsnippet.js?u=1NUA0VwZ4RUZ5tmAi5zA4RaplNKAlWwZ&#038;v=2\" async><\/script><\/p>\n<div style=\"text-align: justify;\"><\/p>\n<div class=\"col-lg-9 col-md-8 col-xs-10 mt20 mb20\">\n<div class=\"col-xs-12 surveyNameForRating\"><\/div>\n<\/div>\n<\/div>\n<\/div>\n<\/div>\n<\/div>\n<p>[\/et_pb_testimonial][\/et_pb_column][et_pb_column type=&#8221;1_2&#8243; _builder_version=&#8221;4.18.1&#8243; _module_preset=&#8221;default&#8221; global_colors_info=&#8221;{}&#8221; theme_builder_area=&#8221;post_content&#8221;][et_pb_testimonial author=&#8221;Simone L.&#8221; portrait_url=&#8221;https:\/\/ag-frisch.com\/wp-content\/uploads\/2021\/08\/Harald.png&#8221; quote_icon=&#8221;off&#8221; _builder_version=&#8221;4.18.1&#8243; _module_preset=&#8221;default&#8221; body_font_size=&#8221;16px&#8221; use_background_color=&#8221;off&#8221; background_layout=&#8221;dark&#8221; global_colors_info=&#8221;{}&#8221; theme_builder_area=&#8221;post_content&#8221;]<\/p>\n<p>Alles Top. Besser geht nicht. Beratung und Durchf\u00fchrung kann man nicht besser machen. Wir sind nach mehreren Bestellungen bei diesem Unternehmen mehr als zufrieden und setzen die Zusammenarbeit fort.<\/p>\n<div class=\"brow ratingBarMargin\">\n<div class=\"ratingBar\">\n<div class=\"brow\">\n<div class=\"pe-richsnippets\">\u00a0<\/div>\n<p>\n<script type=\"text\/javascript\" src=\"https:\/\/www.provenexpert.com\/widget\/richsnippet.js?u=1NUA0VwZ4RUZ5tmAi5zA4RaplNKAlWwZ&amp;v=2\" async=\"\"><\/script>\n<\/p>\n<div style=\"text-align: justify;\">\n<p>&nbsp;<\/p>\n<div class=\"col-lg-9 col-md-8 col-xs-10 mt20 mb20\">\n<div class=\"col-xs-12 surveyNameForRating\"><\/div>\n<\/div>\n<\/div>\n<\/div>\n<\/div>\n<\/div>\n<p>[\/et_pb_testimonial][\/et_pb_column][\/et_pb_row][et_pb_row _builder_version=&#8221;4.16&#8243; background_size=&#8221;initial&#8221; background_position=&#8221;top_left&#8221; background_repeat=&#8221;repeat&#8221; custom_padding=&#8221;50px|0px|30px|0px&#8221; custom_css_main_element=&#8221;text-align: center;&#8221; global_colors_info=&#8221;{}&#8221; theme_builder_area=&#8221;post_content&#8221;][et_pb_column type=&#8221;4_4&#8243; _builder_version=&#8221;4.16&#8243; custom_padding=&#8221;|||&#8221; global_colors_info=&#8221;{}&#8221; custom_padding__hover=&#8221;|||&#8221; theme_builder_area=&#8221;post_content&#8221;][et_pb_button button_url=&#8221;https:\/\/www.provenexpert.com\/de-de\/agentur-frisch-international-consulting-gmbh-und-co-kg\/&#8221; button_text=&#8221;MEHR BEWERTUNGEN&#8221; button_alignment=&#8221;left&#8221; admin_label=&#8221;Testimonial Button&#8221; _builder_version=&#8221;4.16&#8243; custom_button=&#8221;on&#8221; button_text_size=&#8221;18px&#8221; button_text_color=&#8221;#ffffff&#8221; button_bg_color=&#8221;#6eba01&#8243; button_border_width=&#8221;2px&#8221; button_border_color=&#8221;#6eba01&#8243; button_border_radius=&#8221;0px&#8221; button_letter_spacing=&#8221;2px&#8221; button_font=&#8221;Montserrat|||on|&#8221; button_use_icon=&#8221;off&#8221; animation_style=&#8221;fold&#8221; animation_direction=&#8221;bottom&#8221; button_text_color_hover=&#8221;#ffffff&#8221; button_border_color_hover=&#8221;#ffffff&#8221; button_border_radius_hover=&#8221;0px&#8221; button_letter_spacing_hover=&#8221;2px&#8221; button_bg_color_hover=&#8221;rgba(255,255,255,0)&#8221; locked=&#8221;off&#8221; global_colors_info=&#8221;{}&#8221; button_text_size__hover_enabled=&#8221;off&#8221; button_one_text_size__hover_enabled=&#8221;off&#8221; button_two_text_size__hover_enabled=&#8221;off&#8221; button_text_color__hover_enabled=&#8221;on&#8221; button_text_color__hover=&#8221;#ffffff&#8221; button_one_text_color__hover_enabled=&#8221;off&#8221; button_two_text_color__hover_enabled=&#8221;off&#8221; button_border_width__hover_enabled=&#8221;off&#8221; button_one_border_width__hover_enabled=&#8221;off&#8221; button_two_border_width__hover_enabled=&#8221;off&#8221; button_border_color__hover_enabled=&#8221;on&#8221; button_border_color__hover=&#8221;#ffffff&#8221; button_one_border_color__hover_enabled=&#8221;off&#8221; button_two_border_color__hover_enabled=&#8221;off&#8221; button_border_radius__hover_enabled=&#8221;on&#8221; button_border_radius__hover=&#8221;0px&#8221; button_one_border_radius__hover_enabled=&#8221;off&#8221; button_two_border_radius__hover_enabled=&#8221;off&#8221; button_letter_spacing__hover_enabled=&#8221;on&#8221; button_letter_spacing__hover=&#8221;2px&#8221; button_one_letter_spacing__hover_enabled=&#8221;off&#8221; button_two_letter_spacing__hover_enabled=&#8221;off&#8221; button_bg_color__hover_enabled=&#8221;on&#8221; button_bg_color__hover=&#8221;rgba(255,255,255,0)&#8221; button_one_bg_color__hover_enabled=&#8221;off&#8221; button_two_bg_color__hover_enabled=&#8221;off&#8221; theme_builder_area=&#8221;post_content&#8221;][\/et_pb_button][\/et_pb_column][\/et_pb_row][\/et_pb_section]<\/p>\n","protected":false},"excerpt":{"rendered":"<p>Durch die Beratung der China Import Agentur Frisch geschehen Ihnen keine Fehler beim Import von Bio-Produkten.\u00a0Bio-Zertifizierung f\u00fcr China-Importe beantragen &#8211; Wir helfen bei jedem Schritt! Den strengen Bio-Kontrollen entsprechen Nur wo Bio drin ist, darf auch Bio drauf stehen: Die EU-\u00d6ko-Verordnung stellt strenge Anforderungen an Bio-zertifizierte Lebensmittel, und sorgt mit unabh\u00e4ngigen Kontrollen daf\u00fcr, dass diese [&hellip;]<\/p>\n","protected":false},"author":2,"featured_media":0,"parent":0,"menu_order":0,"comment_status":"closed","ping_status":"closed","template":"","meta":{"_et_pb_use_builder":"on","_et_pb_old_content":"","_et_gb_content_width":"","footnotes":""},"class_list":["post-4591","page","type-page","status-publish","hentry"],"yoast_head":"<!-- This site is optimized with the Yoast SEO plugin v27.4 - https:\/\/yoast.com\/product\/yoast-seo-wordpress\/ -->\n<title>China Bio-Zertifizierung beantragen | Bio-Importe aus China<\/title>\n<meta name=\"description\" content=\"Bio-Zertifikat f\u00fcr China beantragen \u25ba Unterst\u00fctzung bei jedem Schritt \u2714 Evaluierung \u2714 Erteilung \u2714 Einschr\u00e4nkung \u25ba Jetzt von Experten beraten lassen!\" \/>\n<meta name=\"robots\" content=\"index, follow, max-snippet:-1, max-image-preview:large, max-video-preview:-1\" \/>\n<link rel=\"canonical\" href=\"https:\/\/ag-frisch.com\/de\/bio-zertifizierung-china-beantragen\/\" \/>\n<meta property=\"og:locale\" content=\"de_DE\" \/>\n<meta property=\"og:type\" content=\"article\" \/>\n<meta property=\"og:title\" content=\"China Bio-Zertifizierung beantragen | Bio-Importe aus China\" \/>\n<meta property=\"og:description\" content=\"Bio-Zertifikat f\u00fcr China beantragen \u25ba Unterst\u00fctzung bei jedem Schritt \u2714 Evaluierung \u2714 Erteilung \u2714 Einschr\u00e4nkung \u25ba Jetzt von Experten beraten lassen!\" \/>\n<meta property=\"og:url\" content=\"https:\/\/ag-frisch.com\/de\/bio-zertifizierung-china-beantragen\/\" \/>\n<meta property=\"og:site_name\" content=\"China Import Beratung f\u00fcr den Einkauf aus China\" \/>\n<meta property=\"article:publisher\" content=\"https:\/\/www.facebook.com\/China.Import\" \/>\n<meta property=\"article:modified_time\" content=\"2022-12-07T12:58:40+00:00\" \/>\n<meta name=\"twitter:card\" content=\"summary_large_image\" \/>\n<meta name=\"twitter:site\" content=\"@agenturfrisch\" \/>\n<meta name=\"twitter:label1\" content=\"Gesch\u00e4tzte Lesezeit\" \/>\n\t<meta name=\"twitter:data1\" content=\"8\u00a0Minuten\" \/>\n<script type=\"application\/ld+json\" class=\"yoast-schema-graph\">{\"@context\":\"https:\\\/\\\/schema.org\",\"@graph\":[{\"@type\":\"WebPage\",\"@id\":\"https:\\\/\\\/ag-frisch.com\\\/de\\\/bio-zertifizierung-china-beantragen\\\/\",\"url\":\"https:\\\/\\\/ag-frisch.com\\\/de\\\/bio-zertifizierung-china-beantragen\\\/\",\"name\":\"China Bio-Zertifizierung beantragen | Bio-Importe aus China\",\"isPartOf\":{\"@id\":\"https:\\\/\\\/ag-frisch.com\\\/de\\\/#website\"},\"datePublished\":\"2022-07-21T17:55:47+00:00\",\"dateModified\":\"2022-12-07T12:58:40+00:00\",\"description\":\"Bio-Zertifikat f\u00fcr China beantragen \u25ba Unterst\u00fctzung bei jedem Schritt \u2714 Evaluierung \u2714 Erteilung \u2714 Einschr\u00e4nkung \u25ba Jetzt von Experten beraten lassen!\",\"breadcrumb\":{\"@id\":\"https:\\\/\\\/ag-frisch.com\\\/de\\\/bio-zertifizierung-china-beantragen\\\/#breadcrumb\"},\"inLanguage\":\"de\",\"potentialAction\":[{\"@type\":\"ReadAction\",\"target\":[\"https:\\\/\\\/ag-frisch.com\\\/de\\\/bio-zertifizierung-china-beantragen\\\/\"]}]},{\"@type\":\"BreadcrumbList\",\"@id\":\"https:\\\/\\\/ag-frisch.com\\\/de\\\/bio-zertifizierung-china-beantragen\\\/#breadcrumb\",\"itemListElement\":[{\"@type\":\"ListItem\",\"position\":1,\"name\":\"Startseite\",\"item\":\"https:\\\/\\\/ag-frisch.com\\\/de\\\/\"},{\"@type\":\"ListItem\",\"position\":2,\"name\":\"Biozertifizierung\"}]},{\"@type\":\"WebSite\",\"@id\":\"https:\\\/\\\/ag-frisch.com\\\/de\\\/#website\",\"url\":\"https:\\\/\\\/ag-frisch.com\\\/de\\\/\",\"name\":\"China Import Beratung f\u00fcr den Einkauf aus China\",\"description\":\"China Import &amp; Export Beratung - Der Dienstleister Ihres Vertrauens f\u00fcr Ihren China Import\",\"publisher\":{\"@id\":\"https:\\\/\\\/ag-frisch.com\\\/de\\\/#organization\"},\"potentialAction\":[{\"@type\":\"SearchAction\",\"target\":{\"@type\":\"EntryPoint\",\"urlTemplate\":\"https:\\\/\\\/ag-frisch.com\\\/de\\\/?s={search_term_string}\"},\"query-input\":{\"@type\":\"PropertyValueSpecification\",\"valueRequired\":true,\"valueName\":\"search_term_string\"}}],\"inLanguage\":\"de\"},{\"@type\":\"Organization\",\"@id\":\"https:\\\/\\\/ag-frisch.com\\\/de\\\/#organization\",\"name\":\"Agentur Frisch International Consulting GmbH & Co. KG\",\"url\":\"https:\\\/\\\/ag-frisch.com\\\/de\\\/\",\"logo\":{\"@type\":\"ImageObject\",\"inLanguage\":\"de\",\"@id\":\"https:\\\/\\\/ag-frisch.com\\\/de\\\/#\\\/schema\\\/logo\\\/image\\\/\",\"url\":\"https:\\\/\\\/ag-frisch.com\\\/wp-content\\\/uploads\\\/2021\\\/08\\\/ag_logo_rgb_300_small.png\",\"contentUrl\":\"https:\\\/\\\/ag-frisch.com\\\/wp-content\\\/uploads\\\/2021\\\/08\\\/ag_logo_rgb_300_small.png\",\"width\":153,\"height\":102,\"caption\":\"Agentur Frisch International Consulting GmbH & Co. KG\"},\"image\":{\"@id\":\"https:\\\/\\\/ag-frisch.com\\\/de\\\/#\\\/schema\\\/logo\\\/image\\\/\"},\"sameAs\":[\"https:\\\/\\\/www.facebook.com\\\/China.Import\",\"https:\\\/\\\/x.com\\\/agenturfrisch\"]}]}<\/script>\n<!-- \/ Yoast SEO plugin. -->","yoast_head_json":{"title":"China Bio-Zertifizierung beantragen | Bio-Importe aus China","description":"Bio-Zertifikat f\u00fcr China beantragen \u25ba Unterst\u00fctzung bei jedem Schritt \u2714 Evaluierung \u2714 Erteilung \u2714 Einschr\u00e4nkung \u25ba Jetzt von Experten beraten lassen!","robots":{"index":"index","follow":"follow","max-snippet":"max-snippet:-1","max-image-preview":"max-image-preview:large","max-video-preview":"max-video-preview:-1"},"canonical":"https:\/\/ag-frisch.com\/de\/bio-zertifizierung-china-beantragen\/","og_locale":"de_DE","og_type":"article","og_title":"China Bio-Zertifizierung beantragen | Bio-Importe aus China","og_description":"Bio-Zertifikat f\u00fcr China beantragen \u25ba Unterst\u00fctzung bei jedem Schritt \u2714 Evaluierung \u2714 Erteilung \u2714 Einschr\u00e4nkung \u25ba Jetzt von Experten beraten lassen!","og_url":"https:\/\/ag-frisch.com\/de\/bio-zertifizierung-china-beantragen\/","og_site_name":"China Import Beratung f\u00fcr den Einkauf aus China","article_publisher":"https:\/\/www.facebook.com\/China.Import","article_modified_time":"2022-12-07T12:58:40+00:00","twitter_card":"summary_large_image","twitter_site":"@agenturfrisch","twitter_misc":{"Gesch\u00e4tzte Lesezeit":"8\u00a0Minuten"},"schema":{"@context":"https:\/\/schema.org","@graph":[{"@type":"WebPage","@id":"https:\/\/ag-frisch.com\/de\/bio-zertifizierung-china-beantragen\/","url":"https:\/\/ag-frisch.com\/de\/bio-zertifizierung-china-beantragen\/","name":"China Bio-Zertifizierung beantragen | Bio-Importe aus China","isPartOf":{"@id":"https:\/\/ag-frisch.com\/de\/#website"},"datePublished":"2022-07-21T17:55:47+00:00","dateModified":"2022-12-07T12:58:40+00:00","description":"Bio-Zertifikat f\u00fcr China beantragen \u25ba Unterst\u00fctzung bei jedem Schritt \u2714 Evaluierung \u2714 Erteilung \u2714 Einschr\u00e4nkung \u25ba Jetzt von Experten beraten lassen!","breadcrumb":{"@id":"https:\/\/ag-frisch.com\/de\/bio-zertifizierung-china-beantragen\/#breadcrumb"},"inLanguage":"de","potentialAction":[{"@type":"ReadAction","target":["https:\/\/ag-frisch.com\/de\/bio-zertifizierung-china-beantragen\/"]}]},{"@type":"BreadcrumbList","@id":"https:\/\/ag-frisch.com\/de\/bio-zertifizierung-china-beantragen\/#breadcrumb","itemListElement":[{"@type":"ListItem","position":1,"name":"Startseite","item":"https:\/\/ag-frisch.com\/de\/"},{"@type":"ListItem","position":2,"name":"Biozertifizierung"}]},{"@type":"WebSite","@id":"https:\/\/ag-frisch.com\/de\/#website","url":"https:\/\/ag-frisch.com\/de\/","name":"China Import Beratung f\u00fcr den Einkauf aus China","description":"China Import &amp; Export Beratung - Der Dienstleister Ihres Vertrauens f\u00fcr Ihren China Import","publisher":{"@id":"https:\/\/ag-frisch.com\/de\/#organization"},"potentialAction":[{"@type":"SearchAction","target":{"@type":"EntryPoint","urlTemplate":"https:\/\/ag-frisch.com\/de\/?s={search_term_string}"},"query-input":{"@type":"PropertyValueSpecification","valueRequired":true,"valueName":"search_term_string"}}],"inLanguage":"de"},{"@type":"Organization","@id":"https:\/\/ag-frisch.com\/de\/#organization","name":"Agentur Frisch International Consulting GmbH & Co. KG","url":"https:\/\/ag-frisch.com\/de\/","logo":{"@type":"ImageObject","inLanguage":"de","@id":"https:\/\/ag-frisch.com\/de\/#\/schema\/logo\/image\/","url":"https:\/\/ag-frisch.com\/wp-content\/uploads\/2021\/08\/ag_logo_rgb_300_small.png","contentUrl":"https:\/\/ag-frisch.com\/wp-content\/uploads\/2021\/08\/ag_logo_rgb_300_small.png","width":153,"height":102,"caption":"Agentur Frisch International Consulting GmbH & Co. KG"},"image":{"@id":"https:\/\/ag-frisch.com\/de\/#\/schema\/logo\/image\/"},"sameAs":["https:\/\/www.facebook.com\/China.Import","https:\/\/x.com\/agenturfrisch"]}]}},"_links":{"self":[{"href":"https:\/\/ag-frisch.com\/de\/wp-json\/wp\/v2\/pages\/4591","targetHints":{"allow":["GET"]}}],"collection":[{"href":"https:\/\/ag-frisch.com\/de\/wp-json\/wp\/v2\/pages"}],"about":[{"href":"https:\/\/ag-frisch.com\/de\/wp-json\/wp\/v2\/types\/page"}],"author":[{"embeddable":true,"href":"https:\/\/ag-frisch.com\/de\/wp-json\/wp\/v2\/users\/2"}],"replies":[{"embeddable":true,"href":"https:\/\/ag-frisch.com\/de\/wp-json\/wp\/v2\/comments?post=4591"}],"version-history":[{"count":0,"href":"https:\/\/ag-frisch.com\/de\/wp-json\/wp\/v2\/pages\/4591\/revisions"}],"wp:attachment":[{"href":"https:\/\/ag-frisch.com\/de\/wp-json\/wp\/v2\/media?parent=4591"}],"curies":[{"name":"wp","href":"https:\/\/api.w.org\/{rel}","templated":true}]}}