{"id":4597,"date":"2022-07-21T19:59:09","date_gmt":"2022-07-21T17:59:09","guid":{"rendered":"https:\/\/ag-frisch.com\/?page_id=4597"},"modified":"2022-12-07T15:17:30","modified_gmt":"2022-12-07T14:17:30","slug":"einfuhrregeln-analyse","status":"publish","type":"page","link":"https:\/\/ag-frisch.com\/de\/einfuhrregeln-analyse\/","title":{"rendered":"Einfuhrregeln-Analyse"},"content":{"rendered":"<p>[et_pb_section fb_built=&#8221;1&#8243; _builder_version=&#8221;4.16&#8243; _module_preset=&#8221;default&#8221; global_colors_info=&#8221;{}&#8221;][et_pb_row _builder_version=&#8221;4.18.1&#8243; _module_preset=&#8221;default&#8221;][et_pb_column _builder_version=&#8221;4.18.1&#8243; _module_preset=&#8221;default&#8221; type=&#8221;4_4&#8243;][et_pb_cta title=&#8221;Einfuhranalyse&#8221; button_url=&#8221;\/kontakt\/&#8221; button_text=&#8221;Jetzt Beratung buchen&#8221; _builder_version=&#8221;4.16&#8243; _module_preset=&#8221;default&#8221; global_colors_info=&#8221;{}&#8221; theme_builder_area=&#8221;post_content&#8221;]<\/p>\n<p>Durch die Beratung der China Import Agentur Frisch beantworten wir Ihnen alle Fragen zur Einfuhrregel oder \u00dcbernehmen direkt die Analyse f\u00fcr Sie.<\/p>\n<p>[\/et_pb_cta][\/et_pb_column][\/et_pb_row][et_pb_row _builder_version=&#8221;4.16&#8243; _module_preset=&#8221;default&#8221; global_colors_info=&#8221;{}&#8221;][et_pb_column type=&#8221;4_4&#8243; _builder_version=&#8221;4.16&#8243; _module_preset=&#8221;default&#8221; global_colors_info=&#8221;{}&#8221;][et_pb_text admin_label=&#8221;H1&#8243; _builder_version=&#8221;4.18.1&#8243; _module_preset=&#8221;default&#8221; global_colors_info=&#8221;{}&#8221;]<\/p>\n<h1>Einfuhrregeln China: Eine Einfuhranalyse direkt vom Profi<\/h1>\n<p>[\/et_pb_text][et_pb_text _builder_version=&#8221;4.16&#8243; _module_preset=&#8221;default&#8221; global_colors_info=&#8221;{}&#8221;]<\/p>\n<p><strong>Einfuhrregeln-Analyse<\/strong><\/p>\n<p><strong>Ermittlung der Einfuhrregeln f\u00fcr Ihren Import<\/strong><\/p>\n<p>Wer in Deutschland Waren verkauft, muss viele Regeln einhalten. Das gilt auch f\u00fcr importierte Produkte. F\u00fcr den Gesetzgeber sind Sie als In-Verkehr-Bringer in Deutschland gleichgestellt mit dem Hersteller, und haften entsprechend. Es ist daher absolut notwendig, die f\u00fcr Ihre Produktgruppe geltenden Gesetze und Verordnungen zu kennen und einzuhalten.<\/p>\n<p><strong>Ohne Einhaltung der Gesetze und Verordnungen f\u00fcr Ihr Produkt k\u00f6nnen Sie nicht importieren.<\/strong><\/p>\n<p>Es ist unabdingbar, alle Regeln einzuhalten und alle Zertifikate erstellen zu lassen, die Sie f\u00fcr die Einfuhr und den Verkauf in Deutschland ben\u00f6tigen. Die Agentur Frisch \u00fcbernimmt diesen Service als erfahrener China-Importeur gerne f\u00fcr Sie. Folgende Leistungen empfehlen wir Ihnen bei einem Import \u00fcber uns oder einen Drittanbieter:<\/p>\n<ul>\n<li>Analyse der f\u00fcr Ihr Produkt geltenden Bedingungen<\/li>\n<li>Handlungsempfehlungen<\/li>\n<li>DIN-Normen-Pr\u00fcfung<\/li>\n<li>Risikoanalyse<\/li>\n<\/ul>\n<p>Die Wichtigkeit der Einhaltung der gesetzlichen Bestimmungen f\u00fcr ein erfolgreiches Gesch\u00e4ft k\u00f6nnen wir nicht genug betonen.<\/p>\n<p>&nbsp;<\/p>\n<p><strong>Welche Zertifikate brauche ich beim Import aus China?<\/strong><\/p>\n<p>Welche Zertifikate Sie ben\u00f6tigen, h\u00e4ngt davon ab, welches Produkt Sie importieren wollen. Es gibt eine lange Reihe von sehr unterschiedlichen Zertifikaten f\u00fcr verschiedene Warengruppen. Lassen Sie sich dringend von uns beraten, um hier keine Fehler zu machen.<\/p>\n<p>Verordnungen, die Sie zum Beispiel einhalten m\u00fcssen, sind unter anderem:<\/p>\n<ul>\n<li>Batteriegesetz<\/li>\n<li>Bio-Zertifizierung<\/li>\n<li>DIN-Normen<\/li>\n<li>EMV-Pr\u00fcfung (Elektromagnetische Vertr\u00e4glichkeit)<\/li>\n<li>ERP-Richtlinie (\u00d6kodesign-Richtlinie)<\/li>\n<li>Bestimmungen des LFGB<\/li>\n<li>Maschinenrichtlinie<\/li>\n<li>Medizinrichtlinie<\/li>\n<li>v.m.<\/li>\n<\/ul>\n<p>&nbsp;<\/p>\n<p><strong>Was muss ich beim Import aus China beachten?<\/strong><\/p>\n<p>Die Frage nach Zertifikaten und Gesetzen m\u00fcssen Sie sich im Lauf Ihres Import-Prozesses unbedingt stellen. Die rechtlichen Rahmenbedingungen sind sehr engmaschig, das hei\u00dft, es gibt praktisch keine Produkte und Aspekte, die nicht von irgendwelchen Gesetzen erfasst sind. Versuchen Sie auf keinen Fall, Produkte zu importieren, und zu hoffen, dass es \u201eschon gut gehen wird\u201c. Das f\u00fchrt praktisch immer zu Fehlschl\u00e4gen. Wir bieten Ihnen stattdessen einen erstklassigen und zuverl\u00e4ssigen Service an, der Sie perfekt ber\u00e4t zum Thema \u201eWelche Zertifikate brauche ich beim Import aus China\u201c. Wir analysieren Ihre Produktgruppe und ermitteln alle ben\u00f6tigten Dokumente und Pr\u00fcfungen. Auf diese Weise verhindern Sie Verluste und Stress.<\/p>\n<p>&nbsp;<\/p>\n<p><strong>Klare Handlungsempfehlungen f\u00fcr Ihr konkretes Import-Produkt<\/strong><\/p>\n<p>Wir von der Agentur Frisch verf\u00fcgen \u00fcber umfangreiche Erfahrungen mit dem China-Import verschiedenster Waren. Auf der Basis unserer Einfuhrregeln-Analyse finden wir f\u00fcr Sie heraus, was Sie tun m\u00fcssen, um die gesetzlichen Bestimmungen zu erf\u00fcllen. Dies ist f\u00fcr jedes Produkt anders. Wir kennen die Theorie und die Praxis und wissen, wie Sie am besten auf der rechtlich sicheren Seite sind.<\/p>\n<p>&nbsp;<\/p>\n<p><strong>Weitergehende Pr\u00fcfungen beim China-Import<\/strong><\/p>\n<p>Bei der Frage \u201eWas muss ich beim Import aus China beachten?\u201c st\u00f6\u00dft man fr\u00fcher oder sp\u00e4ter immer auch auf DIN-Normen. DIN-Normen sind anerkannte Regeln der Technik, die f\u00fcr praktisch alle Waren erarbeitet werden. Die Anforderungen an Schraubenzieher sind ebenso in einer DIN-Norm festgelegt wie die Anforderungen an G\u00fcterz\u00fcge, Swimmingpools oder Toaster.<\/p>\n<p><strong>Wir empfehlen eine Pr\u00fcfung der DIN-Normen f\u00fcr Ihr Produkt.<\/strong><\/p>\n<p>Mit einer fachm\u00e4nnischen Analyse k\u00f6nnen Sie sicher sein, welche Zertifikate Sie beim Import aus China brauchen, und welche Bedingungen Ihr Produkt erf\u00fcllen muss.<\/p>\n<p>&nbsp;<\/p>\n<p><strong>Risikoanalyse<\/strong><\/p>\n<p>Zur Einfuhrregeln-Analyse und der Kl\u00e4rung der Frage \u201eWelche Zertifikate brauche ich beim Import aus China?\u201c geh\u00f6rt im Normalfall auch eine Risikoanalyse. Wir k\u00f6nnen in unseren hauseigenen Laboren der Tochterfirma BEIDE Ihre Produkte eingehenden Kontrollen unterziehen \u2013 bevor es die Beh\u00f6rden in Deutschland tun.<\/p>\n<p>&nbsp;<\/p>\n<p><strong>Eine Einfuhrregeln-Analyse, eine DIN-Normen-Pr\u00fcfung und eine Risikoanalyse geh\u00f6ren zu einem erfolgreichen China-Import. Bei Fragen zur Konformit\u00e4t, zu Zertifikaten und der Einfuhr aus China sprechen Sie uns an, die Experten der Agentur Frisch unterst\u00fctzen Sie gerne bei Ihrem China Import.\u00a0<\/strong><\/p>\n<p>[\/et_pb_text][\/et_pb_column][\/et_pb_row][\/et_pb_section][et_pb_section fb_built=&#8221;1&#8243; admin_label=&#8221;Testimonials&#8221; _builder_version=&#8221;4.16&#8243; use_background_color_gradient=&#8221;on&#8221; background_color_gradient_stops=&#8221;rgba(0,106,156,0.85) 0%|rgba(0,106,156,0.85) 100%&#8221; background_color_gradient_start=&#8221;rgba(0,106,156,0.85)&#8221; background_color_gradient_end=&#8221;rgba(0,106,156,0.85)&#8221; custom_padding=&#8221;90px||60px|&#8221; animation_style=&#8221;fold&#8221; animation_direction=&#8221;bottom&#8221; animation_intensity_fold=&#8221;4%&#8221; global_colors_info=&#8221;{}&#8221; theme_builder_area=&#8221;post_content&#8221;][et_pb_row _builder_version=&#8221;4.16&#8243; background_size=&#8221;initial&#8221; background_position=&#8221;top_left&#8221; background_repeat=&#8221;repeat&#8221; custom_width_px=&#8221;710px&#8221; locked=&#8221;off&#8221; global_colors_info=&#8221;{}&#8221; theme_builder_area=&#8221;post_content&#8221;][et_pb_column type=&#8221;4_4&#8243; _builder_version=&#8221;4.16&#8243; background_position=&#8221;top_left&#8221; custom_padding=&#8221;|||&#8221; global_colors_info=&#8221;{}&#8221; custom_padding__hover=&#8221;|||&#8221; theme_builder_area=&#8221;post_content&#8221;][et_pb_text admin_label=&#8221;Testimonials Section Title&#8221; _builder_version=&#8221;4.16&#8243; header_font=&#8221;Montserrat||||&#8221; header_font_size=&#8221;36px&#8221; background_size=&#8221;initial&#8221; background_position=&#8221;top_left&#8221; background_repeat=&#8221;repeat&#8221; text_orientation=&#8221;center&#8221; background_layout=&#8221;dark&#8221; max_width=&#8221;710px&#8221; module_alignment=&#8221;center&#8221; animation_style=&#8221;fold&#8221; animation_direction=&#8221;bottom&#8221; animation_intensity_fold=&#8221;20%&#8221; global_colors_info=&#8221;{}&#8221; theme_builder_area=&#8221;post_content&#8221;]<\/p>\n<h1>\u00dcber 5000 zufriedene Kunden.<\/h1>\n<p>&nbsp;<\/p>\n<p>[\/et_pb_text][et_pb_divider color=&#8221;#ffffff&#8221; divider_weight=&#8221;3px&#8221; disabled_on=&#8221;off|off|off&#8221; _builder_version=&#8221;4.16&#8243; background_color_gradient_direction=&#8221;90deg&#8221; max_width=&#8221;100px&#8221; module_alignment=&#8221;center&#8221; height=&#8221;5px&#8221; custom_margin=&#8221;||20px|&#8221; custom_padding=&#8221;||20px|&#8221; animation_style=&#8221;slide&#8221; animation_direction=&#8221;bottom&#8221; saved_tabs=&#8221;all&#8221; locked=&#8221;off&#8221; global_colors_info=&#8221;{}&#8221; theme_builder_area=&#8221;post_content&#8221;][\/et_pb_divider][\/et_pb_column][\/et_pb_row][et_pb_row column_structure=&#8221;1_2,1_2&#8243; _builder_version=&#8221;4.18.1&#8243; _module_preset=&#8221;default&#8221; global_colors_info=&#8221;{}&#8221; theme_builder_area=&#8221;post_content&#8221;][et_pb_column type=&#8221;1_2&#8243; _builder_version=&#8221;4.18.1&#8243; _module_preset=&#8221;default&#8221; global_colors_info=&#8221;{}&#8221; theme_builder_area=&#8221;post_content&#8221;][et_pb_testimonial author=&#8221;Marco&#8221; portrait_url=&#8221;https:\/\/ag-frisch.com\/wp-content\/uploads\/2021\/08\/Harald.png&#8221; quote_icon=&#8221;off&#8221; _builder_version=&#8221;4.18.1&#8243; _module_preset=&#8221;default&#8221; body_font_size=&#8221;16px&#8221; use_background_color=&#8221;off&#8221; background_layout=&#8221;dark&#8221; global_colors_info=&#8221;{}&#8221; theme_builder_area=&#8221;post_content&#8221;]Ich habe die Agentur Frisch beauftragt ein gr\u00f6\u00dferes M\u00f6belst\u00fcck in China produzieren zu lassen um es dann folglich nach Deutschland zu \u00fcberf\u00fchren. Per Mail erfolgte die ganze Zeit \u00fcber eine reibungslose Kommunikation! Sehr schnelle und zuverl\u00e4ssige Antworten vermittelten mir st\u00e4ndig die Sicherheiten, die bei so einen Unterfangen unerl\u00e4sslich sind. Jederzeit wurde mir durch den B\u00fcrokratiedschungel geholfen und dabei wurden keine Formulare vergessen oder falsch ausgef\u00fcllt. Sehr lobenswert!<a href=\"&lt;div class=&quot;pe-richsnippets&quot;&gt;&amp;nbsp;&lt;\/div&gt; &lt;script type=&quot;text\/javascript&quot; src=&quot;https:\/\/www.provenexpert.com\/widget\/richsnippet.js?u=1NUA0VwZ4RUZ5tmAi5zA4RaplNKAlWwZ&amp;v=2&quot; async&gt;&lt;\/script&gt; &lt;div style=&quot;text-align: justify;&quot;&gt;&lt;br \/&gt;\"><\/a><\/p>\n<div class=\"brow ratingBarMargin\">\n<div class=\"ratingBar\">\n<div class=\"brow\">\n<div class=\"pe-richsnippets\">&nbsp;<\/div>\n<p><script type=\"text\/javascript\" src=\"https:\/\/www.provenexpert.com\/widget\/richsnippet.js?u=1NUA0VwZ4RUZ5tmAi5zA4RaplNKAlWwZ&#038;v=2\" async><\/script><\/p>\n<div style=\"text-align: justify;\"><\/p>\n<div class=\"col-lg-9 col-md-8 col-xs-10 mt20 mb20\">\n<div class=\"col-xs-12 surveyNameForRating\"><\/div>\n<\/div>\n<\/div>\n<\/div>\n<\/div>\n<\/div>\n<p>[\/et_pb_testimonial][\/et_pb_column][et_pb_column type=&#8221;1_2&#8243; _builder_version=&#8221;4.18.1&#8243; _module_preset=&#8221;default&#8221; global_colors_info=&#8221;{}&#8221; theme_builder_area=&#8221;post_content&#8221;][et_pb_testimonial author=&#8221;Simone L.&#8221; portrait_url=&#8221;https:\/\/ag-frisch.com\/wp-content\/uploads\/2021\/08\/Harald.png&#8221; quote_icon=&#8221;off&#8221; _builder_version=&#8221;4.18.1&#8243; _module_preset=&#8221;default&#8221; body_font_size=&#8221;16px&#8221; use_background_color=&#8221;off&#8221; background_layout=&#8221;dark&#8221; global_colors_info=&#8221;{}&#8221; theme_builder_area=&#8221;post_content&#8221;]<\/p>\n<p>Alles Top. Besser geht nicht. Beratung und Durchf\u00fchrung kann man nicht besser machen. Wir sind nach mehreren Bestellungen bei diesem Unternehmen mehr als zufrieden und setzen die Zusammenarbeit fort.<\/p>\n<div class=\"brow ratingBarMargin\">\n<div class=\"ratingBar\">\n<div class=\"brow\">\n<div class=\"pe-richsnippets\">\u00a0<\/div>\n<p>\n<script type=\"text\/javascript\" src=\"https:\/\/www.provenexpert.com\/widget\/richsnippet.js?u=1NUA0VwZ4RUZ5tmAi5zA4RaplNKAlWwZ&amp;v=2\" async=\"\"><\/script>\n<\/p>\n<div style=\"text-align: justify;\">\n<p>&nbsp;<\/p>\n<div class=\"col-lg-9 col-md-8 col-xs-10 mt20 mb20\">\n<div class=\"col-xs-12 surveyNameForRating\"><\/div>\n<\/div>\n<\/div>\n<\/div>\n<\/div>\n<\/div>\n<p>[\/et_pb_testimonial][\/et_pb_column][\/et_pb_row][et_pb_row _builder_version=&#8221;4.16&#8243; background_size=&#8221;initial&#8221; background_position=&#8221;top_left&#8221; background_repeat=&#8221;repeat&#8221; custom_padding=&#8221;50px|0px|30px|0px&#8221; custom_css_main_element=&#8221;text-align: center;&#8221; global_colors_info=&#8221;{}&#8221; theme_builder_area=&#8221;post_content&#8221;][et_pb_column type=&#8221;4_4&#8243; _builder_version=&#8221;4.16&#8243; custom_padding=&#8221;|||&#8221; global_colors_info=&#8221;{}&#8221; custom_padding__hover=&#8221;|||&#8221; theme_builder_area=&#8221;post_content&#8221;][et_pb_button button_url=&#8221;https:\/\/www.provenexpert.com\/de-de\/agentur-frisch-international-consulting-gmbh-und-co-kg\/&#8221; button_text=&#8221;MEHR BEWERTUNGEN&#8221; button_alignment=&#8221;left&#8221; admin_label=&#8221;Testimonial Button&#8221; _builder_version=&#8221;4.16&#8243; custom_button=&#8221;on&#8221; button_text_size=&#8221;18px&#8221; button_text_color=&#8221;#ffffff&#8221; button_bg_color=&#8221;#6eba01&#8243; button_border_width=&#8221;2px&#8221; button_border_color=&#8221;#6eba01&#8243; button_border_radius=&#8221;0px&#8221; button_letter_spacing=&#8221;2px&#8221; button_font=&#8221;Montserrat|||on|&#8221; button_use_icon=&#8221;off&#8221; animation_style=&#8221;fold&#8221; animation_direction=&#8221;bottom&#8221; button_text_color_hover=&#8221;#ffffff&#8221; button_border_color_hover=&#8221;#ffffff&#8221; button_border_radius_hover=&#8221;0px&#8221; button_letter_spacing_hover=&#8221;2px&#8221; button_bg_color_hover=&#8221;rgba(255,255,255,0)&#8221; locked=&#8221;off&#8221; global_colors_info=&#8221;{}&#8221; button_text_size__hover_enabled=&#8221;off&#8221; button_one_text_size__hover_enabled=&#8221;off&#8221; button_two_text_size__hover_enabled=&#8221;off&#8221; button_text_color__hover_enabled=&#8221;on&#8221; button_text_color__hover=&#8221;#ffffff&#8221; button_one_text_color__hover_enabled=&#8221;off&#8221; button_two_text_color__hover_enabled=&#8221;off&#8221; button_border_width__hover_enabled=&#8221;off&#8221; button_one_border_width__hover_enabled=&#8221;off&#8221; button_two_border_width__hover_enabled=&#8221;off&#8221; button_border_color__hover_enabled=&#8221;on&#8221; button_border_color__hover=&#8221;#ffffff&#8221; button_one_border_color__hover_enabled=&#8221;off&#8221; button_two_border_color__hover_enabled=&#8221;off&#8221; button_border_radius__hover_enabled=&#8221;on&#8221; button_border_radius__hover=&#8221;0px&#8221; button_one_border_radius__hover_enabled=&#8221;off&#8221; button_two_border_radius__hover_enabled=&#8221;off&#8221; button_letter_spacing__hover_enabled=&#8221;on&#8221; button_letter_spacing__hover=&#8221;2px&#8221; button_one_letter_spacing__hover_enabled=&#8221;off&#8221; button_two_letter_spacing__hover_enabled=&#8221;off&#8221; button_bg_color__hover_enabled=&#8221;on&#8221; button_bg_color__hover=&#8221;rgba(255,255,255,0)&#8221; button_one_bg_color__hover_enabled=&#8221;off&#8221; button_two_bg_color__hover_enabled=&#8221;off&#8221; theme_builder_area=&#8221;post_content&#8221;][\/et_pb_button][\/et_pb_column][\/et_pb_row][\/et_pb_section]<\/p>\n","protected":false},"excerpt":{"rendered":"<p>Durch die Beratung der China Import Agentur Frisch beantworten wir Ihnen alle Fragen zur Einfuhrregel oder \u00dcbernehmen direkt die Analyse f\u00fcr Sie.Einfuhrregeln China: Eine Einfuhranalyse direkt vom ProfiEinfuhrregeln-Analyse Ermittlung der Einfuhrregeln f\u00fcr Ihren Import Wer in Deutschland Waren verkauft, muss viele Regeln einhalten. Das gilt auch f\u00fcr importierte Produkte. F\u00fcr den Gesetzgeber sind Sie als [&hellip;]<\/p>\n","protected":false},"author":2,"featured_media":0,"parent":0,"menu_order":0,"comment_status":"closed","ping_status":"closed","template":"","meta":{"_et_pb_use_builder":"on","_et_pb_old_content":"","_et_gb_content_width":"","footnotes":""},"class_list":["post-4597","page","type-page","status-publish","hentry"],"yoast_head":"<!-- This site is optimized with the Yoast SEO plugin v27.4 - https:\/\/yoast.com\/product\/yoast-seo-wordpress\/ -->\n<title>Einfuhrregeln f\u00fcr China-Import | Analyse von Experten<\/title>\n<meta name=\"description\" content=\"Einfuhrregeln-Analyse f\u00fcr China \u25ba individuelle Ermittlung der Einfuhrregeln \u25ba Bedarfs- &amp; Risikoanalyse durch erfahrene Experten \u25ba Jetzt beraten lassen!\" \/>\n<meta name=\"robots\" content=\"noindex, follow\" \/>\n<meta property=\"og:locale\" content=\"de_DE\" \/>\n<meta property=\"og:type\" content=\"article\" \/>\n<meta property=\"og:title\" content=\"Einfuhrregeln f\u00fcr China-Import | Analyse von Experten\" \/>\n<meta property=\"og:description\" content=\"Einfuhrregeln-Analyse f\u00fcr China \u25ba individuelle Ermittlung der Einfuhrregeln \u25ba Bedarfs- &amp; Risikoanalyse durch erfahrene Experten \u25ba Jetzt beraten lassen!\" \/>\n<meta property=\"og:url\" content=\"https:\/\/ag-frisch.com\/de\/einfuhrregeln-analyse\/\" \/>\n<meta property=\"og:site_name\" content=\"China Import Beratung f\u00fcr den Einkauf aus China\" \/>\n<meta property=\"article:publisher\" content=\"https:\/\/www.facebook.com\/China.Import\" \/>\n<meta property=\"article:modified_time\" content=\"2022-12-07T14:17:30+00:00\" \/>\n<meta name=\"twitter:card\" content=\"summary_large_image\" \/>\n<meta name=\"twitter:site\" content=\"@agenturfrisch\" \/>\n<meta name=\"twitter:label1\" content=\"Gesch\u00e4tzte Lesezeit\" \/>\n\t<meta name=\"twitter:data1\" content=\"8\u00a0Minuten\" \/>\n<script type=\"application\/ld+json\" class=\"yoast-schema-graph\">{\"@context\":\"https:\\\/\\\/schema.org\",\"@graph\":[{\"@type\":\"WebPage\",\"@id\":\"https:\\\/\\\/ag-frisch.com\\\/de\\\/einfuhrregeln-analyse\\\/\",\"url\":\"https:\\\/\\\/ag-frisch.com\\\/de\\\/einfuhrregeln-analyse\\\/\",\"name\":\"Einfuhrregeln f\u00fcr China-Import | Analyse von Experten\",\"isPartOf\":{\"@id\":\"https:\\\/\\\/ag-frisch.com\\\/de\\\/#website\"},\"datePublished\":\"2022-07-21T17:59:09+00:00\",\"dateModified\":\"2022-12-07T14:17:30+00:00\",\"description\":\"Einfuhrregeln-Analyse f\u00fcr China \u25ba individuelle Ermittlung der Einfuhrregeln \u25ba Bedarfs- & Risikoanalyse durch erfahrene Experten \u25ba Jetzt beraten lassen!\",\"breadcrumb\":{\"@id\":\"https:\\\/\\\/ag-frisch.com\\\/de\\\/einfuhrregeln-analyse\\\/#breadcrumb\"},\"inLanguage\":\"de\",\"potentialAction\":[{\"@type\":\"ReadAction\",\"target\":[\"https:\\\/\\\/ag-frisch.com\\\/de\\\/einfuhrregeln-analyse\\\/\"]}]},{\"@type\":\"BreadcrumbList\",\"@id\":\"https:\\\/\\\/ag-frisch.com\\\/de\\\/einfuhrregeln-analyse\\\/#breadcrumb\",\"itemListElement\":[{\"@type\":\"ListItem\",\"position\":1,\"name\":\"Startseite\",\"item\":\"https:\\\/\\\/ag-frisch.com\\\/de\\\/\"},{\"@type\":\"ListItem\",\"position\":2,\"name\":\"Einfuhrregeln-Analyse\"}]},{\"@type\":\"WebSite\",\"@id\":\"https:\\\/\\\/ag-frisch.com\\\/de\\\/#website\",\"url\":\"https:\\\/\\\/ag-frisch.com\\\/de\\\/\",\"name\":\"China Import Beratung f\u00fcr den Einkauf aus China\",\"description\":\"China Import &amp; Export Beratung - Der Dienstleister Ihres Vertrauens f\u00fcr Ihren China Import\",\"publisher\":{\"@id\":\"https:\\\/\\\/ag-frisch.com\\\/de\\\/#organization\"},\"potentialAction\":[{\"@type\":\"SearchAction\",\"target\":{\"@type\":\"EntryPoint\",\"urlTemplate\":\"https:\\\/\\\/ag-frisch.com\\\/de\\\/?s={search_term_string}\"},\"query-input\":{\"@type\":\"PropertyValueSpecification\",\"valueRequired\":true,\"valueName\":\"search_term_string\"}}],\"inLanguage\":\"de\"},{\"@type\":\"Organization\",\"@id\":\"https:\\\/\\\/ag-frisch.com\\\/de\\\/#organization\",\"name\":\"Agentur Frisch International Consulting GmbH & Co. KG\",\"url\":\"https:\\\/\\\/ag-frisch.com\\\/de\\\/\",\"logo\":{\"@type\":\"ImageObject\",\"inLanguage\":\"de\",\"@id\":\"https:\\\/\\\/ag-frisch.com\\\/de\\\/#\\\/schema\\\/logo\\\/image\\\/\",\"url\":\"https:\\\/\\\/ag-frisch.com\\\/wp-content\\\/uploads\\\/2021\\\/08\\\/ag_logo_rgb_300_small.png\",\"contentUrl\":\"https:\\\/\\\/ag-frisch.com\\\/wp-content\\\/uploads\\\/2021\\\/08\\\/ag_logo_rgb_300_small.png\",\"width\":153,\"height\":102,\"caption\":\"Agentur Frisch International Consulting GmbH & Co. KG\"},\"image\":{\"@id\":\"https:\\\/\\\/ag-frisch.com\\\/de\\\/#\\\/schema\\\/logo\\\/image\\\/\"},\"sameAs\":[\"https:\\\/\\\/www.facebook.com\\\/China.Import\",\"https:\\\/\\\/x.com\\\/agenturfrisch\"]}]}<\/script>\n<!-- \/ Yoast SEO plugin. -->","yoast_head_json":{"title":"Einfuhrregeln f\u00fcr China-Import | Analyse von Experten","description":"Einfuhrregeln-Analyse f\u00fcr China \u25ba individuelle Ermittlung der Einfuhrregeln \u25ba Bedarfs- & Risikoanalyse durch erfahrene Experten \u25ba Jetzt beraten lassen!","robots":{"index":"noindex","follow":"follow"},"og_locale":"de_DE","og_type":"article","og_title":"Einfuhrregeln f\u00fcr China-Import | Analyse von Experten","og_description":"Einfuhrregeln-Analyse f\u00fcr China \u25ba individuelle Ermittlung der Einfuhrregeln \u25ba Bedarfs- & Risikoanalyse durch erfahrene Experten \u25ba Jetzt beraten lassen!","og_url":"https:\/\/ag-frisch.com\/de\/einfuhrregeln-analyse\/","og_site_name":"China Import Beratung f\u00fcr den Einkauf aus China","article_publisher":"https:\/\/www.facebook.com\/China.Import","article_modified_time":"2022-12-07T14:17:30+00:00","twitter_card":"summary_large_image","twitter_site":"@agenturfrisch","twitter_misc":{"Gesch\u00e4tzte Lesezeit":"8\u00a0Minuten"},"schema":{"@context":"https:\/\/schema.org","@graph":[{"@type":"WebPage","@id":"https:\/\/ag-frisch.com\/de\/einfuhrregeln-analyse\/","url":"https:\/\/ag-frisch.com\/de\/einfuhrregeln-analyse\/","name":"Einfuhrregeln f\u00fcr China-Import | Analyse von Experten","isPartOf":{"@id":"https:\/\/ag-frisch.com\/de\/#website"},"datePublished":"2022-07-21T17:59:09+00:00","dateModified":"2022-12-07T14:17:30+00:00","description":"Einfuhrregeln-Analyse f\u00fcr China \u25ba individuelle Ermittlung der Einfuhrregeln \u25ba Bedarfs- & Risikoanalyse durch erfahrene Experten \u25ba Jetzt beraten lassen!","breadcrumb":{"@id":"https:\/\/ag-frisch.com\/de\/einfuhrregeln-analyse\/#breadcrumb"},"inLanguage":"de","potentialAction":[{"@type":"ReadAction","target":["https:\/\/ag-frisch.com\/de\/einfuhrregeln-analyse\/"]}]},{"@type":"BreadcrumbList","@id":"https:\/\/ag-frisch.com\/de\/einfuhrregeln-analyse\/#breadcrumb","itemListElement":[{"@type":"ListItem","position":1,"name":"Startseite","item":"https:\/\/ag-frisch.com\/de\/"},{"@type":"ListItem","position":2,"name":"Einfuhrregeln-Analyse"}]},{"@type":"WebSite","@id":"https:\/\/ag-frisch.com\/de\/#website","url":"https:\/\/ag-frisch.com\/de\/","name":"China Import Beratung f\u00fcr den Einkauf aus China","description":"China Import &amp; Export Beratung - Der Dienstleister Ihres Vertrauens f\u00fcr Ihren China Import","publisher":{"@id":"https:\/\/ag-frisch.com\/de\/#organization"},"potentialAction":[{"@type":"SearchAction","target":{"@type":"EntryPoint","urlTemplate":"https:\/\/ag-frisch.com\/de\/?s={search_term_string}"},"query-input":{"@type":"PropertyValueSpecification","valueRequired":true,"valueName":"search_term_string"}}],"inLanguage":"de"},{"@type":"Organization","@id":"https:\/\/ag-frisch.com\/de\/#organization","name":"Agentur Frisch International Consulting GmbH & Co. KG","url":"https:\/\/ag-frisch.com\/de\/","logo":{"@type":"ImageObject","inLanguage":"de","@id":"https:\/\/ag-frisch.com\/de\/#\/schema\/logo\/image\/","url":"https:\/\/ag-frisch.com\/wp-content\/uploads\/2021\/08\/ag_logo_rgb_300_small.png","contentUrl":"https:\/\/ag-frisch.com\/wp-content\/uploads\/2021\/08\/ag_logo_rgb_300_small.png","width":153,"height":102,"caption":"Agentur Frisch International Consulting GmbH & Co. KG"},"image":{"@id":"https:\/\/ag-frisch.com\/de\/#\/schema\/logo\/image\/"},"sameAs":["https:\/\/www.facebook.com\/China.Import","https:\/\/x.com\/agenturfrisch"]}]}},"_links":{"self":[{"href":"https:\/\/ag-frisch.com\/de\/wp-json\/wp\/v2\/pages\/4597","targetHints":{"allow":["GET"]}}],"collection":[{"href":"https:\/\/ag-frisch.com\/de\/wp-json\/wp\/v2\/pages"}],"about":[{"href":"https:\/\/ag-frisch.com\/de\/wp-json\/wp\/v2\/types\/page"}],"author":[{"embeddable":true,"href":"https:\/\/ag-frisch.com\/de\/wp-json\/wp\/v2\/users\/2"}],"replies":[{"embeddable":true,"href":"https:\/\/ag-frisch.com\/de\/wp-json\/wp\/v2\/comments?post=4597"}],"version-history":[{"count":0,"href":"https:\/\/ag-frisch.com\/de\/wp-json\/wp\/v2\/pages\/4597\/revisions"}],"wp:attachment":[{"href":"https:\/\/ag-frisch.com\/de\/wp-json\/wp\/v2\/media?parent=4597"}],"curies":[{"name":"wp","href":"https:\/\/api.w.org\/{rel}","templated":true}]}}