{"id":4610,"date":"2022-07-21T20:09:55","date_gmt":"2022-07-21T18:09:55","guid":{"rendered":"https:\/\/ag-frisch.com\/?page_id=4610"},"modified":"2022-12-07T15:29:36","modified_gmt":"2022-12-07T14:29:36","slug":"elektromagnetische-vertraeglichkeit-china-emv","status":"publish","type":"page","link":"https:\/\/ag-frisch.com\/de\/elektromagnetische-vertraeglichkeit-china-emv\/","title":{"rendered":"Elektromagnetische Vertraeglichkeit"},"content":{"rendered":"<p>[et_pb_section fb_built=&#8221;1&#8243; _builder_version=&#8221;4.16&#8243; _module_preset=&#8221;default&#8221; global_colors_info=&#8221;{}&#8221;][et_pb_row _builder_version=&#8221;4.18.1&#8243; _module_preset=&#8221;default&#8221; global_colors_info=&#8221;{}&#8221;][et_pb_column type=&#8221;4_4&#8243; _builder_version=&#8221;4.18.1&#8243; _module_preset=&#8221;default&#8221; global_colors_info=&#8221;{}&#8221;][et_pb_cta title=&#8221;EMV-Pr\u00fcfung in China&#8221; button_url=&#8221;\/kontakt\/&#8221; button_text=&#8221;Jetzt Beratung buchen&#8221; _builder_version=&#8221;4.16&#8243; _module_preset=&#8221;default&#8221; global_colors_info=&#8221;{}&#8221;]<\/p>\n<p>Durch eine Beratung mit der China Import Agentur Frisch kl\u00e4ren wir alle Fragen die Sie \u00fcber die EMV-Pr\u00fcfung haben.<\/p>\n<p>[\/et_pb_cta][\/et_pb_column][\/et_pb_row][et_pb_row _builder_version=&#8221;4.16&#8243; _module_preset=&#8221;default&#8221; global_colors_info=&#8221;{}&#8221;][et_pb_column type=&#8221;4_4&#8243; _builder_version=&#8221;4.16&#8243; _module_preset=&#8221;default&#8221; global_colors_info=&#8221;{}&#8221;][et_pb_text admin_label=&#8221;H1&#8243; _builder_version=&#8221;4.18.1&#8243; _module_preset=&#8221;default&#8221; global_colors_info=&#8221;{}&#8221;]<\/p>\n<h1>Elektromagnetische Vertr\u00e4glichkeit: EMV-Pr\u00fcfung in China<\/h1>\n<p>[\/et_pb_text][et_pb_text _builder_version=&#8221;4.16&#8243; _module_preset=&#8221;default&#8221; global_colors_info=&#8221;{}&#8221;]<\/p>\n<p><strong>Elektromagnetische Vertr\u00e4glichkeit<\/strong><\/p>\n<p><strong>EMV-Pr\u00fcfung zur Einhaltung der EMV-Richtlinie<\/strong><\/p>\n<p>Unter elektromagnetischer Vertr\u00e4glichkeit versteht man, dass ein Ger\u00e4t keine elektromagnetischen St\u00f6rungen aussendet. Dies ist notwendig, da sich ansonsten s\u00e4mtliche elektronischen Ger\u00e4te gegenseitig beeinflussen und st\u00f6ren w\u00fcrden. Im Rahmen der EMV-Pr\u00fcfung nach Richtlinie 2014\/30\/EU \u00fcber die elektromagnetische Vertr\u00e4glichkeit wird daher getestet, ob Ger\u00e4te den Anforderungen entsprechen. Die Richtlinie gilt selbstverst\u00e4ndlich auch f\u00fcr importierte G\u00fcter: Die Einhaltung der EMV bei Produkten aus China ist genauso notwendig wie bei inl\u00e4ndisch produzierten Waren.<\/p>\n<p>Produktgruppen, die unter die EMV-Richtlinie fallen, sind zum Beispiel:<\/p>\n<ul>\n<li>Industrietechnik<\/li>\n<li>Unterhaltungselektronik<\/li>\n<li>Automobiltechnik<\/li>\n<li>Luft- und Raumfahrttechnik<\/li>\n<li>Medizintechnik<\/li>\n<li>Informationstechnologie<\/li>\n<\/ul>\n<p>Die EMV-Pr\u00fcfung ist f\u00fcr diese Produktgruppen auch Bestandteil der CE-Kennzeichnung und der Konformit\u00e4tserkl\u00e4rung.<\/p>\n<p>&nbsp;<\/p>\n<p><strong>CE-Kennzeichnung und Konformit\u00e4tsbewertung<\/strong><\/p>\n<p>Die CE-Kennzeichnung wird vorgenommen, um zu zeigen, dass ein Produkt den harmonisierten EU-Anforderungen entspricht. Sie ist Ausdruck der Herstellerverantwortung, von der die EMV-Pr\u00fcfung in China ein Teil sein kann. Die Konformit\u00e4tsbewertung nach ISO\/IEC 17000 wird vorgenommen, um eine Konformit\u00e4t mit dem Produktsicherheitsgesetz zu gew\u00e4hrleisten. Sie beinhaltet je nach Produktgruppe weitere Pr\u00fcfungen gem\u00e4\u00df verschiedenen Richtlinien. Das k\u00f6nnen neben der EMV-Richtlinie beispielsweise sein:<\/p>\n<ul>\n<li>Druckger\u00e4terichtlinie 2014\/68\/EU<\/li>\n<li>Maschinenrichtlinie 2006\/42\/EG<\/li>\n<li>ATEX Richtlinie 2014\/34\/EU<\/li>\n<li>Medizinprodukte-Richtlinie<\/li>\n<\/ul>\n<p>&nbsp;<\/p>\n<p><strong>Einhaltung EMV bei Produkten aus China<\/strong><\/p>\n<p>Wer Produkte aus China nach Deutschland importiert, haftet f\u00fcr deren Qualit\u00e4t und f\u00fcr Sch\u00e4den, die durch sie entstehen. Die Einhaltung der EMV bei Produkten aus China ist daher keine optionale M\u00f6glichkeit, sondern eine verpflichtende Verbindlichkeit. Die Agentur Frisch hilft Ihnen, dieser Verpflichtung nachzukommen. Wir verf\u00fcgen \u00fcber eigene Labore, in denen die EMV-Pr\u00fcfung in China vorgenommen werden kann.<\/p>\n<p>&nbsp;<\/p>\n<p><strong>Die EMV-Pr\u00fcfung in China<\/strong><\/p>\n<p>Unsere Tochterfirma BEIDE Compliance Laboratory betreibt eigene Labore, in denen unabh\u00e4ngig und zuverl\u00e4ssig Pr\u00fcfungen auf deutschem Niveau durchgef\u00fchrt werden. Die EMV-Pr\u00fcfung in China geh\u00f6rt dazu. Wir bieten diesen Service in erster Linie unseren Import-Kunden an, um das Importgesch\u00e4ft so reibungslos wie m\u00f6glich zu gestalten. Unsere EMV-Pr\u00fcfungen in China sind qualitativ absolut vergleichbar mit denen in Deutschland, jedoch zu einem deutlich geringeren Preis.<\/p>\n<p>EMV-Pr\u00fcfungen in China sind unerl\u00e4sslich, um die Einhaltung der EMV-Richtlinie bei Produkten aus China zu gew\u00e4hrleisten. Nur mit der erfolgten Pr\u00fcfung k\u00f6nnen Produkte mit g\u00fcltiger Konformit\u00e4tserkl\u00e4rung und gegebenenfalls CE-Kennzeichnung nach Deutschland importiert werden.<\/p>\n<p><strong>EMV-Pr\u00fcfungen in China sind notwendig zur Einhaltung deutscher Einfuhrbestimmungen.<\/strong><\/p>\n<p>&nbsp;<\/p>\n<p><strong>Preiswerte EMV-Pr\u00fcfungen in China<\/strong><\/p>\n<p>Wir k\u00f6nnen Ihnen kosteng\u00fcnstige EMV-Pr\u00fcfungen in China anbieten, die auf internationalem Stand sind. Dabei fallen f\u00fcr Sie geringere Geb\u00fchren an als bei anderen Anbietern. Sie profitieren zudem vom Service aus einer Hand: Als Ihr China-Importeur kennen wir die gesamten Abl\u00e4ufe und integrieren die Pr\u00fcfungen in unsere weiteren Leistungen, von der Produktion bis zu Transport und Verzollung.<\/p>\n<p>&nbsp;<\/p>\n<p><strong>Weitere Leistungen der Agentur Frisch<\/strong><\/p>\n<p>Im Rahmen der Konformit\u00e4tsbewertung bieten wir Ihnen eine ganze Reihe von Leistungen an. Wir sind Ihr zuverl\u00e4ssiger Allround-Dienstleister im China-Import nach Deutschland. So k\u00f6nnen Sie durch uns zum Beispiel auch folgenden Service erhalten:<\/p>\n<ul>\n<li>DIN-Normen-Pr\u00fcfung<\/li>\n<li>Risikoanalyse<\/li>\n<li>Einfuhrregeln-Analyse<\/li>\n<li>Konkrete L\u00f6sungen f\u00fcr die Einhaltung<\/li>\n<\/ul>\n<p>Eine gr\u00fcndliche und fachkundige Pr\u00fcfung der f\u00fcr Ihr Importprodukt notwendigen Zertifikate und Bestimmungen durch uns ist sinnvoll, um Probleme mit dem Zoll und deutschen\/internationalen Beh\u00f6rden zu vermeiden. Wir bieten Ihnen diesen Service gerne an, da wir davon \u00fcberzeugt sind, dass wir damit Ihre und unsere Aussicht auf erfolgreiche und nachhaltige Gesch\u00e4fte im Import-Business erh\u00f6hen.<\/p>\n<p>[\/et_pb_text][\/et_pb_column][\/et_pb_row][\/et_pb_section][et_pb_section fb_built=&#8221;1&#8243; admin_label=&#8221;Testimonials&#8221; _builder_version=&#8221;4.16&#8243; use_background_color_gradient=&#8221;on&#8221; background_color_gradient_stops=&#8221;rgba(0,106,156,0.85) 0%|rgba(0,106,156,0.85) 100%&#8221; background_color_gradient_start=&#8221;rgba(0,106,156,0.85)&#8221; background_color_gradient_end=&#8221;rgba(0,106,156,0.85)&#8221; custom_padding=&#8221;90px||60px|&#8221; animation_style=&#8221;fold&#8221; animation_direction=&#8221;bottom&#8221; animation_intensity_fold=&#8221;4%&#8221; global_colors_info=&#8221;{}&#8221;][et_pb_row _builder_version=&#8221;4.16&#8243; background_size=&#8221;initial&#8221; background_position=&#8221;top_left&#8221; background_repeat=&#8221;repeat&#8221; custom_width_px=&#8221;710px&#8221; locked=&#8221;off&#8221; global_colors_info=&#8221;{}&#8221;][et_pb_column type=&#8221;4_4&#8243; _builder_version=&#8221;4.16&#8243; background_position=&#8221;top_left&#8221; custom_padding=&#8221;|||&#8221; global_colors_info=&#8221;{}&#8221; custom_padding__hover=&#8221;|||&#8221;][et_pb_text admin_label=&#8221;Testimonials Section Title&#8221; _builder_version=&#8221;4.16&#8243; header_font=&#8221;Montserrat||||&#8221; header_font_size=&#8221;36px&#8221; background_size=&#8221;initial&#8221; background_position=&#8221;top_left&#8221; background_repeat=&#8221;repeat&#8221; text_orientation=&#8221;center&#8221; background_layout=&#8221;dark&#8221; max_width=&#8221;710px&#8221; module_alignment=&#8221;center&#8221; animation_style=&#8221;fold&#8221; animation_direction=&#8221;bottom&#8221; animation_intensity_fold=&#8221;20%&#8221; global_colors_info=&#8221;{}&#8221;]<\/p>\n<h1>\u00dcber 5000 zufriedene Kunden.<\/h1>\n<p>&nbsp;<\/p>\n<p>[\/et_pb_text][et_pb_divider color=&#8221;#ffffff&#8221; divider_weight=&#8221;3px&#8221; disabled_on=&#8221;off|off|off&#8221; _builder_version=&#8221;4.16&#8243; background_color_gradient_direction=&#8221;90deg&#8221; max_width=&#8221;100px&#8221; module_alignment=&#8221;center&#8221; height=&#8221;5px&#8221; custom_margin=&#8221;||20px|&#8221; custom_padding=&#8221;||20px|&#8221; animation_style=&#8221;slide&#8221; animation_direction=&#8221;bottom&#8221; saved_tabs=&#8221;all&#8221; locked=&#8221;off&#8221; global_colors_info=&#8221;{}&#8221;][\/et_pb_divider][\/et_pb_column][\/et_pb_row][et_pb_row column_structure=&#8221;1_2,1_2&#8243; _builder_version=&#8221;4.18.1&#8243; _module_preset=&#8221;default&#8221; global_colors_info=&#8221;{}&#8221;][et_pb_column type=&#8221;1_2&#8243; _builder_version=&#8221;4.18.1&#8243; _module_preset=&#8221;default&#8221; global_colors_info=&#8221;{}&#8221;][et_pb_testimonial author=&#8221;Marco&#8221; portrait_url=&#8221;https:\/\/ag-frisch.com\/wp-content\/uploads\/2021\/08\/Harald.png&#8221; quote_icon=&#8221;off&#8221; _builder_version=&#8221;4.18.1&#8243; _module_preset=&#8221;default&#8221; body_font_size=&#8221;16px&#8221; use_background_color=&#8221;off&#8221; background_layout=&#8221;dark&#8221; global_colors_info=&#8221;{}&#8221;]Ich habe die Agentur Frisch beauftragt ein gr\u00f6\u00dferes M\u00f6belst\u00fcck in China produzieren zu lassen um es dann folglich nach Deutschland zu \u00fcberf\u00fchren. Per Mail erfolgte die ganze Zeit \u00fcber eine reibungslose Kommunikation! Sehr schnelle und zuverl\u00e4ssige Antworten vermittelten mir st\u00e4ndig die Sicherheiten, die bei so einen Unterfangen unerl\u00e4sslich sind. Jederzeit wurde mir durch den B\u00fcrokratiedschungel geholfen und dabei wurden keine Formulare vergessen oder falsch ausgef\u00fcllt. Sehr lobenswert!<a href=\"&lt;div class=&quot;pe-richsnippets&quot;&gt;&amp;nbsp;&lt;\/div&gt; &lt;script type=&quot;text\/javascript&quot; src=&quot;https:\/\/www.provenexpert.com\/widget\/richsnippet.js?u=1NUA0VwZ4RUZ5tmAi5zA4RaplNKAlWwZ&amp;v=2&quot; async&gt;&lt;\/script&gt; &lt;div style=&quot;text-align: justify;&quot;&gt;&lt;br \/&gt;\"><\/a><\/p>\n<div class=\"brow ratingBarMargin\">\n<div class=\"ratingBar\">\n<div class=\"brow\">\n<div class=\"pe-richsnippets\">&nbsp;<\/div>\n<p><script type=\"text\/javascript\" src=\"https:\/\/www.provenexpert.com\/widget\/richsnippet.js?u=1NUA0VwZ4RUZ5tmAi5zA4RaplNKAlWwZ&#038;v=2\" async><\/script><\/p>\n<div style=\"text-align: justify;\"><\/p>\n<div class=\"col-lg-9 col-md-8 col-xs-10 mt20 mb20\">\n<div class=\"col-xs-12 surveyNameForRating\"><\/div>\n<\/div>\n<\/div>\n<\/div>\n<\/div>\n<\/div>\n<p>[\/et_pb_testimonial][\/et_pb_column][et_pb_column type=&#8221;1_2&#8243; _builder_version=&#8221;4.18.1&#8243; _module_preset=&#8221;default&#8221; global_colors_info=&#8221;{}&#8221;][et_pb_testimonial author=&#8221;Simone L.&#8221; portrait_url=&#8221;https:\/\/ag-frisch.com\/wp-content\/uploads\/2021\/08\/Harald.png&#8221; quote_icon=&#8221;off&#8221; _builder_version=&#8221;4.18.1&#8243; _module_preset=&#8221;default&#8221; body_font_size=&#8221;16px&#8221; use_background_color=&#8221;off&#8221; background_layout=&#8221;dark&#8221; global_colors_info=&#8221;{}&#8221;]<\/p>\n<p>Alles Top. Besser geht nicht. Beratung und Durchf\u00fchrung kann man nicht besser machen. Wir sind nach mehreren Bestellungen bei diesem Unternehmen mehr als zufrieden und setzen die Zusammenarbeit fort.<\/p>\n<div class=\"brow ratingBarMargin\">\n<div class=\"ratingBar\">\n<div class=\"brow\">\n<div class=\"pe-richsnippets\">\u00a0<\/div>\n<p>\n<script type=\"text\/javascript\" src=\"https:\/\/www.provenexpert.com\/widget\/richsnippet.js?u=1NUA0VwZ4RUZ5tmAi5zA4RaplNKAlWwZ&amp;v=2\" async=\"\"><\/script>\n<\/p>\n<div style=\"text-align: justify;\">\n<p>&nbsp;<\/p>\n<div class=\"col-lg-9 col-md-8 col-xs-10 mt20 mb20\">\n<div class=\"col-xs-12 surveyNameForRating\"><\/div>\n<\/div>\n<\/div>\n<\/div>\n<\/div>\n<\/div>\n<p>[\/et_pb_testimonial][\/et_pb_column][\/et_pb_row][et_pb_row _builder_version=&#8221;4.16&#8243; background_size=&#8221;initial&#8221; background_position=&#8221;top_left&#8221; background_repeat=&#8221;repeat&#8221; custom_padding=&#8221;50px|0px|30px|0px&#8221; custom_css_main_element=&#8221;text-align: center;&#8221; global_colors_info=&#8221;{}&#8221;][et_pb_column type=&#8221;4_4&#8243; _builder_version=&#8221;4.16&#8243; custom_padding=&#8221;|||&#8221; global_colors_info=&#8221;{}&#8221; custom_padding__hover=&#8221;|||&#8221;][et_pb_button button_url=&#8221;https:\/\/www.provenexpert.com\/de-de\/agentur-frisch-international-consulting-gmbh-und-co-kg\/&#8221; button_text=&#8221;MEHR BEWERTUNGEN&#8221; button_alignment=&#8221;left&#8221; admin_label=&#8221;Testimonial Button&#8221; _builder_version=&#8221;4.16&#8243; custom_button=&#8221;on&#8221; button_text_size=&#8221;18px&#8221; button_text_color=&#8221;#ffffff&#8221; button_bg_color=&#8221;#6eba01&#8243; button_border_width=&#8221;2px&#8221; button_border_color=&#8221;#6eba01&#8243; button_border_radius=&#8221;0px&#8221; button_letter_spacing=&#8221;2px&#8221; button_font=&#8221;Montserrat|||on|&#8221; button_use_icon=&#8221;off&#8221; animation_style=&#8221;fold&#8221; animation_direction=&#8221;bottom&#8221; button_text_color_hover=&#8221;#ffffff&#8221; button_border_color_hover=&#8221;#ffffff&#8221; button_border_radius_hover=&#8221;0px&#8221; button_letter_spacing_hover=&#8221;2px&#8221; button_bg_color_hover=&#8221;rgba(255,255,255,0)&#8221; locked=&#8221;off&#8221; global_colors_info=&#8221;{}&#8221; button_text_size__hover_enabled=&#8221;off&#8221; button_one_text_size__hover_enabled=&#8221;off&#8221; button_two_text_size__hover_enabled=&#8221;off&#8221; button_text_color__hover_enabled=&#8221;on&#8221; button_text_color__hover=&#8221;#ffffff&#8221; button_one_text_color__hover_enabled=&#8221;off&#8221; button_two_text_color__hover_enabled=&#8221;off&#8221; button_border_width__hover_enabled=&#8221;off&#8221; button_one_border_width__hover_enabled=&#8221;off&#8221; button_two_border_width__hover_enabled=&#8221;off&#8221; button_border_color__hover_enabled=&#8221;on&#8221; button_border_color__hover=&#8221;#ffffff&#8221; button_one_border_color__hover_enabled=&#8221;off&#8221; button_two_border_color__hover_enabled=&#8221;off&#8221; button_border_radius__hover_enabled=&#8221;on&#8221; button_border_radius__hover=&#8221;0px&#8221; button_one_border_radius__hover_enabled=&#8221;off&#8221; button_two_border_radius__hover_enabled=&#8221;off&#8221; button_letter_spacing__hover_enabled=&#8221;on&#8221; button_letter_spacing__hover=&#8221;2px&#8221; button_one_letter_spacing__hover_enabled=&#8221;off&#8221; button_two_letter_spacing__hover_enabled=&#8221;off&#8221; button_bg_color__hover_enabled=&#8221;on&#8221; button_bg_color__hover=&#8221;rgba(255,255,255,0)&#8221; button_one_bg_color__hover_enabled=&#8221;off&#8221; button_two_bg_color__hover_enabled=&#8221;off&#8221;][\/et_pb_button][\/et_pb_column][\/et_pb_row][\/et_pb_section]<\/p>\n","protected":false},"excerpt":{"rendered":"<p>Durch eine Beratung mit der China Import Agentur Frisch kl\u00e4ren wir alle Fragen die Sie \u00fcber die EMV-Pr\u00fcfung haben.Elektromagnetische Vertr\u00e4glichkeit: EMV-Pr\u00fcfung in ChinaElektromagnetische Vertr\u00e4glichkeit EMV-Pr\u00fcfung zur Einhaltung der EMV-Richtlinie Unter elektromagnetischer Vertr\u00e4glichkeit versteht man, dass ein Ger\u00e4t keine elektromagnetischen St\u00f6rungen aussendet. Dies ist notwendig, da sich ansonsten s\u00e4mtliche elektronischen Ger\u00e4te gegenseitig beeinflussen und st\u00f6ren w\u00fcrden. [&hellip;]<\/p>\n","protected":false},"author":2,"featured_media":0,"parent":0,"menu_order":0,"comment_status":"closed","ping_status":"closed","template":"","meta":{"_et_pb_use_builder":"on","_et_pb_old_content":"","_et_gb_content_width":"","footnotes":""},"class_list":["post-4610","page","type-page","status-publish","hentry"],"yoast_head":"<!-- This site is optimized with the Yoast SEO plugin v27.4 - https:\/\/yoast.com\/product\/yoast-seo-wordpress\/ -->\n<title>Elektromagnetische Vertr\u00e4glichkeit: EMV-Pr\u00fcfung China-Importe<\/title>\n<meta name=\"description\" content=\"EMV-Pr\u00fcfung nach EMV-Richtlinie f\u00fcr China-Importe \u25ba CE-Kennzeichnung und Konformit\u00e4tsbewertung \u25ba Jetzt von Experten beraten lassen!\" \/>\n<meta name=\"robots\" content=\"index, follow, max-snippet:-1, max-image-preview:large, max-video-preview:-1\" \/>\n<link rel=\"canonical\" href=\"https:\/\/ag-frisch.com\/de\/elektromagnetische-vertraeglichkeit-china-emv\/\" \/>\n<meta property=\"og:locale\" content=\"de_DE\" \/>\n<meta property=\"og:type\" content=\"article\" \/>\n<meta property=\"og:title\" content=\"Elektromagnetische Vertr\u00e4glichkeit: EMV-Pr\u00fcfung China-Importe\" \/>\n<meta property=\"og:description\" content=\"EMV-Pr\u00fcfung nach EMV-Richtlinie f\u00fcr China-Importe \u25ba CE-Kennzeichnung und Konformit\u00e4tsbewertung \u25ba Jetzt von Experten beraten lassen!\" \/>\n<meta property=\"og:url\" content=\"https:\/\/ag-frisch.com\/de\/elektromagnetische-vertraeglichkeit-china-emv\/\" \/>\n<meta property=\"og:site_name\" content=\"China Import Beratung f\u00fcr den Einkauf aus China\" \/>\n<meta property=\"article:publisher\" content=\"https:\/\/www.facebook.com\/China.Import\" \/>\n<meta property=\"article:modified_time\" content=\"2022-12-07T14:29:36+00:00\" \/>\n<meta name=\"twitter:card\" content=\"summary_large_image\" \/>\n<meta name=\"twitter:site\" content=\"@agenturfrisch\" \/>\n<meta name=\"twitter:label1\" content=\"Gesch\u00e4tzte Lesezeit\" \/>\n\t<meta name=\"twitter:data1\" content=\"8\u00a0Minuten\" \/>\n<script type=\"application\/ld+json\" class=\"yoast-schema-graph\">{\"@context\":\"https:\\\/\\\/schema.org\",\"@graph\":[{\"@type\":\"WebPage\",\"@id\":\"https:\\\/\\\/ag-frisch.com\\\/de\\\/elektromagnetische-vertraeglichkeit-china-emv\\\/\",\"url\":\"https:\\\/\\\/ag-frisch.com\\\/de\\\/elektromagnetische-vertraeglichkeit-china-emv\\\/\",\"name\":\"Elektromagnetische Vertr\u00e4glichkeit: EMV-Pr\u00fcfung China-Importe\",\"isPartOf\":{\"@id\":\"https:\\\/\\\/ag-frisch.com\\\/de\\\/#website\"},\"datePublished\":\"2022-07-21T18:09:55+00:00\",\"dateModified\":\"2022-12-07T14:29:36+00:00\",\"description\":\"EMV-Pr\u00fcfung nach EMV-Richtlinie f\u00fcr China-Importe \u25ba CE-Kennzeichnung und Konformit\u00e4tsbewertung \u25ba Jetzt von Experten beraten lassen!\",\"breadcrumb\":{\"@id\":\"https:\\\/\\\/ag-frisch.com\\\/de\\\/elektromagnetische-vertraeglichkeit-china-emv\\\/#breadcrumb\"},\"inLanguage\":\"de\",\"potentialAction\":[{\"@type\":\"ReadAction\",\"target\":[\"https:\\\/\\\/ag-frisch.com\\\/de\\\/elektromagnetische-vertraeglichkeit-china-emv\\\/\"]}]},{\"@type\":\"BreadcrumbList\",\"@id\":\"https:\\\/\\\/ag-frisch.com\\\/de\\\/elektromagnetische-vertraeglichkeit-china-emv\\\/#breadcrumb\",\"itemListElement\":[{\"@type\":\"ListItem\",\"position\":1,\"name\":\"Startseite\",\"item\":\"https:\\\/\\\/ag-frisch.com\\\/de\\\/\"},{\"@type\":\"ListItem\",\"position\":2,\"name\":\"Elektromagnetische Vertraeglichkeit\"}]},{\"@type\":\"WebSite\",\"@id\":\"https:\\\/\\\/ag-frisch.com\\\/de\\\/#website\",\"url\":\"https:\\\/\\\/ag-frisch.com\\\/de\\\/\",\"name\":\"China Import Beratung f\u00fcr den Einkauf aus China\",\"description\":\"China Import &amp; Export Beratung - Der Dienstleister Ihres Vertrauens f\u00fcr Ihren China Import\",\"publisher\":{\"@id\":\"https:\\\/\\\/ag-frisch.com\\\/de\\\/#organization\"},\"potentialAction\":[{\"@type\":\"SearchAction\",\"target\":{\"@type\":\"EntryPoint\",\"urlTemplate\":\"https:\\\/\\\/ag-frisch.com\\\/de\\\/?s={search_term_string}\"},\"query-input\":{\"@type\":\"PropertyValueSpecification\",\"valueRequired\":true,\"valueName\":\"search_term_string\"}}],\"inLanguage\":\"de\"},{\"@type\":\"Organization\",\"@id\":\"https:\\\/\\\/ag-frisch.com\\\/de\\\/#organization\",\"name\":\"Agentur Frisch International Consulting GmbH & Co. KG\",\"url\":\"https:\\\/\\\/ag-frisch.com\\\/de\\\/\",\"logo\":{\"@type\":\"ImageObject\",\"inLanguage\":\"de\",\"@id\":\"https:\\\/\\\/ag-frisch.com\\\/de\\\/#\\\/schema\\\/logo\\\/image\\\/\",\"url\":\"https:\\\/\\\/ag-frisch.com\\\/wp-content\\\/uploads\\\/2021\\\/08\\\/ag_logo_rgb_300_small.png\",\"contentUrl\":\"https:\\\/\\\/ag-frisch.com\\\/wp-content\\\/uploads\\\/2021\\\/08\\\/ag_logo_rgb_300_small.png\",\"width\":153,\"height\":102,\"caption\":\"Agentur Frisch International Consulting GmbH & Co. KG\"},\"image\":{\"@id\":\"https:\\\/\\\/ag-frisch.com\\\/de\\\/#\\\/schema\\\/logo\\\/image\\\/\"},\"sameAs\":[\"https:\\\/\\\/www.facebook.com\\\/China.Import\",\"https:\\\/\\\/x.com\\\/agenturfrisch\"]}]}<\/script>\n<!-- \/ Yoast SEO plugin. -->","yoast_head_json":{"title":"Elektromagnetische Vertr\u00e4glichkeit: EMV-Pr\u00fcfung China-Importe","description":"EMV-Pr\u00fcfung nach EMV-Richtlinie f\u00fcr China-Importe \u25ba CE-Kennzeichnung und Konformit\u00e4tsbewertung \u25ba Jetzt von Experten beraten lassen!","robots":{"index":"index","follow":"follow","max-snippet":"max-snippet:-1","max-image-preview":"max-image-preview:large","max-video-preview":"max-video-preview:-1"},"canonical":"https:\/\/ag-frisch.com\/de\/elektromagnetische-vertraeglichkeit-china-emv\/","og_locale":"de_DE","og_type":"article","og_title":"Elektromagnetische Vertr\u00e4glichkeit: EMV-Pr\u00fcfung China-Importe","og_description":"EMV-Pr\u00fcfung nach EMV-Richtlinie f\u00fcr China-Importe \u25ba CE-Kennzeichnung und Konformit\u00e4tsbewertung \u25ba Jetzt von Experten beraten lassen!","og_url":"https:\/\/ag-frisch.com\/de\/elektromagnetische-vertraeglichkeit-china-emv\/","og_site_name":"China Import Beratung f\u00fcr den Einkauf aus China","article_publisher":"https:\/\/www.facebook.com\/China.Import","article_modified_time":"2022-12-07T14:29:36+00:00","twitter_card":"summary_large_image","twitter_site":"@agenturfrisch","twitter_misc":{"Gesch\u00e4tzte Lesezeit":"8\u00a0Minuten"},"schema":{"@context":"https:\/\/schema.org","@graph":[{"@type":"WebPage","@id":"https:\/\/ag-frisch.com\/de\/elektromagnetische-vertraeglichkeit-china-emv\/","url":"https:\/\/ag-frisch.com\/de\/elektromagnetische-vertraeglichkeit-china-emv\/","name":"Elektromagnetische Vertr\u00e4glichkeit: EMV-Pr\u00fcfung China-Importe","isPartOf":{"@id":"https:\/\/ag-frisch.com\/de\/#website"},"datePublished":"2022-07-21T18:09:55+00:00","dateModified":"2022-12-07T14:29:36+00:00","description":"EMV-Pr\u00fcfung nach EMV-Richtlinie f\u00fcr China-Importe \u25ba CE-Kennzeichnung und Konformit\u00e4tsbewertung \u25ba Jetzt von Experten beraten lassen!","breadcrumb":{"@id":"https:\/\/ag-frisch.com\/de\/elektromagnetische-vertraeglichkeit-china-emv\/#breadcrumb"},"inLanguage":"de","potentialAction":[{"@type":"ReadAction","target":["https:\/\/ag-frisch.com\/de\/elektromagnetische-vertraeglichkeit-china-emv\/"]}]},{"@type":"BreadcrumbList","@id":"https:\/\/ag-frisch.com\/de\/elektromagnetische-vertraeglichkeit-china-emv\/#breadcrumb","itemListElement":[{"@type":"ListItem","position":1,"name":"Startseite","item":"https:\/\/ag-frisch.com\/de\/"},{"@type":"ListItem","position":2,"name":"Elektromagnetische Vertraeglichkeit"}]},{"@type":"WebSite","@id":"https:\/\/ag-frisch.com\/de\/#website","url":"https:\/\/ag-frisch.com\/de\/","name":"China Import Beratung f\u00fcr den Einkauf aus China","description":"China Import &amp; Export Beratung - Der Dienstleister Ihres Vertrauens f\u00fcr Ihren China Import","publisher":{"@id":"https:\/\/ag-frisch.com\/de\/#organization"},"potentialAction":[{"@type":"SearchAction","target":{"@type":"EntryPoint","urlTemplate":"https:\/\/ag-frisch.com\/de\/?s={search_term_string}"},"query-input":{"@type":"PropertyValueSpecification","valueRequired":true,"valueName":"search_term_string"}}],"inLanguage":"de"},{"@type":"Organization","@id":"https:\/\/ag-frisch.com\/de\/#organization","name":"Agentur Frisch International Consulting GmbH & Co. KG","url":"https:\/\/ag-frisch.com\/de\/","logo":{"@type":"ImageObject","inLanguage":"de","@id":"https:\/\/ag-frisch.com\/de\/#\/schema\/logo\/image\/","url":"https:\/\/ag-frisch.com\/wp-content\/uploads\/2021\/08\/ag_logo_rgb_300_small.png","contentUrl":"https:\/\/ag-frisch.com\/wp-content\/uploads\/2021\/08\/ag_logo_rgb_300_small.png","width":153,"height":102,"caption":"Agentur Frisch International Consulting GmbH & Co. KG"},"image":{"@id":"https:\/\/ag-frisch.com\/de\/#\/schema\/logo\/image\/"},"sameAs":["https:\/\/www.facebook.com\/China.Import","https:\/\/x.com\/agenturfrisch"]}]}},"_links":{"self":[{"href":"https:\/\/ag-frisch.com\/de\/wp-json\/wp\/v2\/pages\/4610","targetHints":{"allow":["GET"]}}],"collection":[{"href":"https:\/\/ag-frisch.com\/de\/wp-json\/wp\/v2\/pages"}],"about":[{"href":"https:\/\/ag-frisch.com\/de\/wp-json\/wp\/v2\/types\/page"}],"author":[{"embeddable":true,"href":"https:\/\/ag-frisch.com\/de\/wp-json\/wp\/v2\/users\/2"}],"replies":[{"embeddable":true,"href":"https:\/\/ag-frisch.com\/de\/wp-json\/wp\/v2\/comments?post=4610"}],"version-history":[{"count":0,"href":"https:\/\/ag-frisch.com\/de\/wp-json\/wp\/v2\/pages\/4610\/revisions"}],"wp:attachment":[{"href":"https:\/\/ag-frisch.com\/de\/wp-json\/wp\/v2\/media?parent=4610"}],"curies":[{"name":"wp","href":"https:\/\/api.w.org\/{rel}","templated":true}]}}