{"id":4616,"date":"2022-07-24T07:14:46","date_gmt":"2022-07-24T05:14:46","guid":{"rendered":"https:\/\/ag-frisch.com\/?page_id=4616"},"modified":"2022-11-17T20:31:18","modified_gmt":"2022-11-17T19:31:18","slug":"erp-oekodesign-richtlinie-pruefung-china","status":"publish","type":"page","link":"https:\/\/ag-frisch.com\/de\/erp-oekodesign-richtlinie-pruefung-china\/","title":{"rendered":"ERP-Richtlinie"},"content":{"rendered":"<p>[et_pb_section fb_built=&#8221;1&#8243; _builder_version=&#8221;4.16&#8243; _module_preset=&#8221;default&#8221; global_colors_info=&#8221;{}&#8221;][et_pb_row _builder_version=&#8221;4.16&#8243; _module_preset=&#8221;default&#8221; global_colors_info=&#8221;{}&#8221;][et_pb_column type=&#8221;4_4&#8243; _builder_version=&#8221;4.16&#8243; _module_preset=&#8221;default&#8221; global_colors_info=&#8221;{}&#8221;][et_pb_cta title=&#8221;Nach ERP (\u00d6kodesign) direkt in China pr\u00fcfen lassen&#8221; button_url=&#8221;\/kontakt\/&#8221; button_text=&#8221;Jetzt Laborpr\u00fcfung in China buchen&#8221; _builder_version=&#8221;4.18.1&#8243; _module_preset=&#8221;default&#8221; hover_enabled=&#8221;0&#8243; global_colors_info=&#8221;{}&#8221; theme_builder_area=&#8221;post_content&#8221; sticky_enabled=&#8221;0&#8243;]<\/p>\n<p>Pr\u00fcfen Sie direkt in China vor Ort, ob die Ger\u00e4te die Vorgaben der ERP Richtlinie erf\u00fcllen.\u00a0<\/p>\n<p>[\/et_pb_cta][et_pb_text admin_label=&#8221;H1&#8243; _builder_version=&#8221;4.18.1&#8243; _module_preset=&#8221;default&#8221; global_colors_info=&#8221;{}&#8221;]<\/p>\n<h1>ERP-Richtlinie: \u00d6kodesign-Richtlinien-Pr\u00fcfung f\u00fcr China-Produkte<\/h1>\n<p>[\/et_pb_text][et_pb_text _builder_version=&#8221;4.16&#8243; _module_preset=&#8221;default&#8221; global_colors_info=&#8221;{}&#8221;]<\/p>\n<h1><strong>ERP-Richtlinie (\u00d6kodesign-Richtlinie)<\/strong><\/h1>\n<h2><strong>Einhaltung der ERP-Richtlinie bei Produkten aus China<\/strong><\/h2>\n<p>Die \u00d6kodesign-Richtlinie ist eine europ\u00e4ische Richtlinie, die f\u00fcr optimale Umweltvertr\u00e4glichkeit und Energieeffizienz von Produkten auf dem EU-Markt sorgen soll. Wer Waren aus China importiert, muss die Anforderungen der ERP-Richtlinie genauso einhalten wie ein Produzent in Deutschland. Unter der Richtlinie sind sehr unterschiedliche Produkte versammelt, f\u00fcr die jeweils eigene Verordnungen existieren. Folgende Warengruppen sind im Rahmen der \u00d6kodesign-Richtlinie und der ihr zugeordneten weiteren Richtlinien erfasst:<\/p>\n<ul>\n<li>B\u00fcrotechnik<\/li>\n<li>Haushaltsger\u00e4te<\/li>\n<li>Unterhaltungselektronik<\/li>\n<li>Lampen und Leuchten<\/li>\n<li>Klimager\u00e4te<\/li>\n<\/ul>\n<p>Viele weitere Ger\u00e4te wie Batterien, Pumpen, Stromerzeuger und etliche mehr fallen ebenfalls unter den Geltungsbereich der \u00d6kodesign-Richtlinie.<\/p>\n<p><strong>Das Einhalten der ERP-Richtlinie ist notwendig, um aus China nach Deutschland importieren zu k\u00f6nnen!<\/strong><\/p>\n<p>Ohne die \u00dcberpr\u00fcfung der Produkte und Einhaltung dieser Richtlinie sind keine Importe durchzuf\u00fchren. Wir weisen dringend darauf hin, dass dies nicht auf die leichte Schulter genommen werden sollte.<\/p>\n<p>&nbsp;<\/p>\n<h3><strong>ERP-Pr\u00fcfung in China<\/strong><\/h3>\n<p>Als Ihr Rundum-Servicedienstleister f\u00fcr den Import organisieren wir gerne f\u00fcr Sie die notwendigen ERP-Pr\u00fcfungen in China. Unsere Tochterfirma BEIDE betreibt eigene Labore, in denen diese Pr\u00fcfungen fachgerecht und zuverl\u00e4ssig vorgenommen werden k\u00f6nnen. Diesen Service bieten wir Ihnen auch an, wenn Sie \u00fcber eine andere Import-Agentur importieren. Idealerweise legen Sie jedoch alle Leistungen rund um den China-Import in eine Hand. Das spart Zeit und Wege und vermeidet Missverst\u00e4ndnisse und Schwierigkeiten, die an den Schnittstellen der Unternehmen sonst auftauchen k\u00f6nnen.<\/p>\n<p>&nbsp;<\/p>\n<h3><strong>Einhaltung der ERP-Richtlinie bei Produkten aus China<\/strong><\/h3>\n<p>Teil der \u00d6kodesign-Richtlinie ist der Nachweis von ressourcenschonenden Produktionsbedingungen. Die Art und Menge der verbrauchten Ressourcen muss dokumentiert werden, und es ist nachzuweisen, dass dabei ressourcensparend vorgegangen wird. Die der ERP-Richtlinie angegliederten Richtlinien enthalten oftmals auch Grenzwerte, die im Rahmen der Produktion einzuhalten sind. Die von uns beauftragten Hersteller kommen ihrer Verpflichtung zur \u00d6kobilanzierung gem\u00e4\u00df ERP-Richtlinie nach. So k\u00f6nnen wir sicherstellen, dass beim Import keine Probleme mit der Einhaltung der ERP-Richtlinie bei Produkten aus China auftreten.<\/p>\n<p>&nbsp;<\/p>\n<p><strong>Welche Produkte ben\u00f6tigen eine ERP-Pr\u00fcfung in China?<\/strong><\/p>\n<p>Um zu erfahren, ob die von Ihnen importierten Produkte zu denen geh\u00f6ren, die unter die ERP-Richtlinie fallen, beraten wir Sie fachkundig. Wir unterziehen Ihren Import einer Analyse und k\u00f6nnen die gegebenenfalls n\u00f6tig werdenden Pr\u00fcfungen direkt durchf\u00fchren. Als grobe Orientierung kann Ihnen die folgende Liste helfen:<\/p>\n<ul>\n<li>Heizger\u00e4te, Klimager\u00e4te, Ventilatoren etc.<\/li>\n<li>Unterhaltungselektronik, Fernseher etc.<\/li>\n<li>Wei\u00dfe Ware (Waschmaschinen, Geschirrsp\u00fcler, K\u00fchlschr\u00e4nke)<\/li>\n<li>Motoren, Kompressoren, Stromerzeuger<\/li>\n<li>Werkzeugmaschinen<\/li>\n<\/ul>\n<p>Grunds\u00e4tzlich sind von der ERP-Richtlinie alle Ger\u00e4te erfasst, die einen nicht unerheblichen Stromverbrauch aufweisen.<\/p>\n<p>Zum Teil befinden sich Verordnungen noch im Vorstadium der G\u00fcltigkeit. Auch hier beraten wir Sie auf der Basis aktueller Entwicklungen.<\/p>\n<p>&nbsp;<\/p>\n<p><strong>Risikoanalyse, DIN-Normen-Pr\u00fcfung und mehr<\/strong><\/p>\n<p>Zu den Leistungen der Agentur-Frisch z\u00e4hlt die gr\u00fcndliche Pr\u00fcfung auf die Einhaltung der ERP-Richtlinie bei Produkten aus China, aber auch alle anderen relevanten Richtlinien, Verordnungen, Normen und Gesetze. Wir kennen uns auf diesem Gebiet bestens aus. Unsere Rechtsabteilung pr\u00fcft gern, welche Ma\u00dfnahmen Sie zu treffen haben, um alle Bestimmungen einzuhalten und einen reibungslosen China-Import zu realisieren.<\/p>\n<p>Dazu geh\u00f6ren auch das Verfassen der Konformit\u00e4tserkl\u00e4rung, die CE-Kennzeichnung und alle weiteren Schritte, die bei einem China-Import unverzichtbar sind. Legen Sie diese Leistungen gern in unsere H\u00e4nde.<\/p>\n<p><strong>Wir beraten Sie kompetent und erledigen f\u00fcr Sie alles rund um Ihren China-Import.<\/strong><\/p>\n<p>[\/et_pb_text][\/et_pb_column][\/et_pb_row][\/et_pb_section][et_pb_section fb_built=&#8221;1&#8243; admin_label=&#8221;Testimonials&#8221; _builder_version=&#8221;4.16&#8243; use_background_color_gradient=&#8221;on&#8221; background_color_gradient_stops=&#8221;rgba(0,106,156,0.85) 0%|rgba(0,106,156,0.85) 100%&#8221; background_color_gradient_start=&#8221;rgba(0,106,156,0.85)&#8221; background_color_gradient_end=&#8221;rgba(0,106,156,0.85)&#8221; custom_padding=&#8221;90px||60px|&#8221; animation_style=&#8221;fold&#8221; animation_direction=&#8221;bottom&#8221; animation_intensity_fold=&#8221;4%&#8221; global_colors_info=&#8221;{}&#8221; theme_builder_area=&#8221;post_content&#8221;][et_pb_row _builder_version=&#8221;4.16&#8243; background_size=&#8221;initial&#8221; background_position=&#8221;top_left&#8221; background_repeat=&#8221;repeat&#8221; custom_width_px=&#8221;710px&#8221; locked=&#8221;off&#8221; global_colors_info=&#8221;{}&#8221; theme_builder_area=&#8221;post_content&#8221;][et_pb_column type=&#8221;4_4&#8243; _builder_version=&#8221;4.16&#8243; background_position=&#8221;top_left&#8221; custom_padding=&#8221;|||&#8221; global_colors_info=&#8221;{}&#8221; custom_padding__hover=&#8221;|||&#8221; theme_builder_area=&#8221;post_content&#8221;][et_pb_text admin_label=&#8221;Testimonials Section Title&#8221; _builder_version=&#8221;4.16&#8243; header_font=&#8221;Montserrat||||&#8221; header_font_size=&#8221;36px&#8221; background_size=&#8221;initial&#8221; background_position=&#8221;top_left&#8221; background_repeat=&#8221;repeat&#8221; text_orientation=&#8221;center&#8221; background_layout=&#8221;dark&#8221; max_width=&#8221;710px&#8221; module_alignment=&#8221;center&#8221; animation_style=&#8221;fold&#8221; animation_direction=&#8221;bottom&#8221; animation_intensity_fold=&#8221;20%&#8221; global_colors_info=&#8221;{}&#8221; theme_builder_area=&#8221;post_content&#8221;]<\/p>\n<h1>\u00dcber 5000 zufriedene Kunden.<\/h1>\n<p>&nbsp;<\/p>\n<p>[\/et_pb_text][et_pb_divider color=&#8221;#ffffff&#8221; divider_weight=&#8221;3px&#8221; disabled_on=&#8221;off|off|off&#8221; _builder_version=&#8221;4.16&#8243; background_color_gradient_direction=&#8221;90deg&#8221; max_width=&#8221;100px&#8221; module_alignment=&#8221;center&#8221; height=&#8221;5px&#8221; custom_margin=&#8221;||20px|&#8221; custom_padding=&#8221;||20px|&#8221; animation_style=&#8221;slide&#8221; animation_direction=&#8221;bottom&#8221; saved_tabs=&#8221;all&#8221; locked=&#8221;off&#8221; global_colors_info=&#8221;{}&#8221; theme_builder_area=&#8221;post_content&#8221;][\/et_pb_divider][\/et_pb_column][\/et_pb_row][et_pb_row column_structure=&#8221;1_2,1_2&#8243; _builder_version=&#8221;4.18.1&#8243; _module_preset=&#8221;default&#8221; global_colors_info=&#8221;{}&#8221; theme_builder_area=&#8221;post_content&#8221;][et_pb_column type=&#8221;1_2&#8243; _builder_version=&#8221;4.18.1&#8243; _module_preset=&#8221;default&#8221; global_colors_info=&#8221;{}&#8221; theme_builder_area=&#8221;post_content&#8221;][et_pb_testimonial author=&#8221;Marco&#8221; portrait_url=&#8221;https:\/\/ag-frisch.com\/wp-content\/uploads\/2021\/08\/Harald.png&#8221; quote_icon=&#8221;off&#8221; _builder_version=&#8221;4.18.1&#8243; _module_preset=&#8221;default&#8221; body_font_size=&#8221;16px&#8221; use_background_color=&#8221;off&#8221; background_layout=&#8221;dark&#8221; global_colors_info=&#8221;{}&#8221; theme_builder_area=&#8221;post_content&#8221;]Ich habe die Agentur Frisch beauftragt ein gr\u00f6\u00dferes M\u00f6belst\u00fcck in China produzieren zu lassen um es dann folglich nach Deutschland zu \u00fcberf\u00fchren. Per Mail erfolgte die ganze Zeit \u00fcber eine reibungslose Kommunikation! Sehr schnelle und zuverl\u00e4ssige Antworten vermittelten mir st\u00e4ndig die Sicherheiten, die bei so einen Unterfangen unerl\u00e4sslich sind. Jederzeit wurde mir durch den B\u00fcrokratiedschungel geholfen und dabei wurden keine Formulare vergessen oder falsch ausgef\u00fcllt. Sehr lobenswert!<a href=\"&lt;div class=&quot;pe-richsnippets&quot;&gt;&amp;nbsp;&lt;\/div&gt; &lt;script type=&quot;text\/javascript&quot; src=&quot;https:\/\/www.provenexpert.com\/widget\/richsnippet.js?u=1NUA0VwZ4RUZ5tmAi5zA4RaplNKAlWwZ&amp;v=2&quot; async&gt;&lt;\/script&gt; &lt;div style=&quot;text-align: justify;&quot;&gt;&lt;br \/&gt;\"><\/a><\/p>\n<div class=\"brow ratingBarMargin\">\n<div class=\"ratingBar\">\n<div class=\"brow\">\n<div class=\"pe-richsnippets\">&nbsp;<\/div>\n<p><script type=\"text\/javascript\" src=\"https:\/\/www.provenexpert.com\/widget\/richsnippet.js?u=1NUA0VwZ4RUZ5tmAi5zA4RaplNKAlWwZ&#038;v=2\" async><\/script><\/p>\n<div style=\"text-align: justify;\"><\/p>\n<div class=\"col-lg-9 col-md-8 col-xs-10 mt20 mb20\">\n<div class=\"col-xs-12 surveyNameForRating\"><\/div>\n<\/div>\n<\/div>\n<\/div>\n<\/div>\n<\/div>\n<p>[\/et_pb_testimonial][\/et_pb_column][et_pb_column type=&#8221;1_2&#8243; _builder_version=&#8221;4.18.1&#8243; _module_preset=&#8221;default&#8221; global_colors_info=&#8221;{}&#8221; theme_builder_area=&#8221;post_content&#8221;][et_pb_testimonial author=&#8221;Simone L.&#8221; portrait_url=&#8221;https:\/\/ag-frisch.com\/wp-content\/uploads\/2021\/08\/Harald.png&#8221; quote_icon=&#8221;off&#8221; _builder_version=&#8221;4.18.1&#8243; _module_preset=&#8221;default&#8221; body_font_size=&#8221;16px&#8221; use_background_color=&#8221;off&#8221; background_layout=&#8221;dark&#8221; global_colors_info=&#8221;{}&#8221; theme_builder_area=&#8221;post_content&#8221;]<\/p>\n<p>Alles Top. Besser geht nicht. Beratung und Durchf\u00fchrung kann man nicht besser machen. Wir sind nach mehreren Bestellungen bei diesem Unternehmen mehr als zufrieden und setzen die Zusammenarbeit fort.<\/p>\n<div class=\"brow ratingBarMargin\">\n<div class=\"ratingBar\">\n<div class=\"brow\">\n<div class=\"pe-richsnippets\">\u00a0<\/div>\n<p>\n<script type=\"text\/javascript\" src=\"https:\/\/www.provenexpert.com\/widget\/richsnippet.js?u=1NUA0VwZ4RUZ5tmAi5zA4RaplNKAlWwZ&amp;v=2\" async=\"\"><\/script>\n<\/p>\n<div style=\"text-align: justify;\">\n<p>&nbsp;<\/p>\n<div class=\"col-lg-9 col-md-8 col-xs-10 mt20 mb20\">\n<div class=\"col-xs-12 surveyNameForRating\"><\/div>\n<\/div>\n<\/div>\n<\/div>\n<\/div>\n<\/div>\n<p>[\/et_pb_testimonial][\/et_pb_column][\/et_pb_row][et_pb_row _builder_version=&#8221;4.16&#8243; background_size=&#8221;initial&#8221; background_position=&#8221;top_left&#8221; background_repeat=&#8221;repeat&#8221; custom_padding=&#8221;50px|0px|30px|0px&#8221; custom_css_main_element=&#8221;text-align: center;&#8221; global_colors_info=&#8221;{}&#8221; theme_builder_area=&#8221;post_content&#8221;][et_pb_column type=&#8221;4_4&#8243; _builder_version=&#8221;4.16&#8243; custom_padding=&#8221;|||&#8221; global_colors_info=&#8221;{}&#8221; custom_padding__hover=&#8221;|||&#8221; theme_builder_area=&#8221;post_content&#8221;][et_pb_button button_url=&#8221;https:\/\/www.provenexpert.com\/de-de\/agentur-frisch-international-consulting-gmbh-und-co-kg\/&#8221; button_text=&#8221;MEHR BEWERTUNGEN&#8221; button_alignment=&#8221;left&#8221; admin_label=&#8221;Testimonial Button&#8221; _builder_version=&#8221;4.16&#8243; custom_button=&#8221;on&#8221; button_text_size=&#8221;18px&#8221; button_text_color=&#8221;#ffffff&#8221; button_bg_color=&#8221;#6eba01&#8243; button_border_width=&#8221;2px&#8221; button_border_color=&#8221;#6eba01&#8243; button_border_radius=&#8221;0px&#8221; button_letter_spacing=&#8221;2px&#8221; button_font=&#8221;Montserrat|||on|&#8221; button_use_icon=&#8221;off&#8221; animation_style=&#8221;fold&#8221; animation_direction=&#8221;bottom&#8221; button_text_color_hover=&#8221;#ffffff&#8221; button_border_color_hover=&#8221;#ffffff&#8221; button_border_radius_hover=&#8221;0px&#8221; button_letter_spacing_hover=&#8221;2px&#8221; button_bg_color_hover=&#8221;rgba(255,255,255,0)&#8221; locked=&#8221;off&#8221; global_colors_info=&#8221;{}&#8221; button_text_size__hover_enabled=&#8221;off&#8221; button_one_text_size__hover_enabled=&#8221;off&#8221; button_two_text_size__hover_enabled=&#8221;off&#8221; button_text_color__hover_enabled=&#8221;on&#8221; button_text_color__hover=&#8221;#ffffff&#8221; button_one_text_color__hover_enabled=&#8221;off&#8221; button_two_text_color__hover_enabled=&#8221;off&#8221; button_border_width__hover_enabled=&#8221;off&#8221; button_one_border_width__hover_enabled=&#8221;off&#8221; button_two_border_width__hover_enabled=&#8221;off&#8221; button_border_color__hover_enabled=&#8221;on&#8221; button_border_color__hover=&#8221;#ffffff&#8221; button_one_border_color__hover_enabled=&#8221;off&#8221; button_two_border_color__hover_enabled=&#8221;off&#8221; button_border_radius__hover_enabled=&#8221;on&#8221; button_border_radius__hover=&#8221;0px&#8221; button_one_border_radius__hover_enabled=&#8221;off&#8221; button_two_border_radius__hover_enabled=&#8221;off&#8221; button_letter_spacing__hover_enabled=&#8221;on&#8221; button_letter_spacing__hover=&#8221;2px&#8221; button_one_letter_spacing__hover_enabled=&#8221;off&#8221; button_two_letter_spacing__hover_enabled=&#8221;off&#8221; button_bg_color__hover_enabled=&#8221;on&#8221; button_bg_color__hover=&#8221;rgba(255,255,255,0)&#8221; button_one_bg_color__hover_enabled=&#8221;off&#8221; button_two_bg_color__hover_enabled=&#8221;off&#8221; theme_builder_area=&#8221;post_content&#8221;][\/et_pb_button][\/et_pb_column][\/et_pb_row][\/et_pb_section]<\/p>\n","protected":false},"excerpt":{"rendered":"<p>Pr\u00fcfen Sie direkt in China vor Ort, ob die Ger\u00e4te die Vorgaben der ERP Richtlinie erf\u00fcllen.\u00a0ERP-Richtlinie: \u00d6kodesign-Richtlinien-Pr\u00fcfung f\u00fcr China-ProdukteERP-Richtlinie (\u00d6kodesign-Richtlinie) Einhaltung der ERP-Richtlinie bei Produkten aus China Die \u00d6kodesign-Richtlinie ist eine europ\u00e4ische Richtlinie, die f\u00fcr optimale Umweltvertr\u00e4glichkeit und Energieeffizienz von Produkten auf dem EU-Markt sorgen soll. Wer Waren aus China importiert, muss die Anforderungen der [&hellip;]<\/p>\n","protected":false},"author":2,"featured_media":0,"parent":0,"menu_order":0,"comment_status":"closed","ping_status":"closed","template":"","meta":{"_et_pb_use_builder":"on","_et_pb_old_content":"","_et_gb_content_width":"","footnotes":""},"class_list":["post-4616","page","type-page","status-publish","hentry"],"yoast_head":"<!-- This site is optimized with the Yoast SEO plugin v27.2 - https:\/\/yoast.com\/product\/yoast-seo-wordpress\/ -->\n<title>ERP-Pr\u00fcfung in China | \u00d6kodesign-Richtlinie f\u00fcr China-Produkte<\/title>\n<meta name=\"description\" content=\"ERP-Pr\u00fcfung (\u00d6kodesign-Richtlinie) in China \u25ba ausgiebige Risikoanalyse \u25ba CE-Kennzeichnung zur Einhaltung der ERP-Richtlinie \u25ba Jetzt beraten lassen!\" \/>\n<meta name=\"robots\" content=\"index, follow, max-snippet:-1, max-image-preview:large, max-video-preview:-1\" \/>\n<link rel=\"canonical\" href=\"https:\/\/ag-frisch.com\/de\/erp-oekodesign-richtlinie-pruefung-china\/\" \/>\n<meta property=\"og:locale\" content=\"de_DE\" \/>\n<meta property=\"og:type\" content=\"article\" \/>\n<meta property=\"og:title\" content=\"ERP-Pr\u00fcfung in China | \u00d6kodesign-Richtlinie f\u00fcr China-Produkte\" \/>\n<meta property=\"og:description\" content=\"ERP-Pr\u00fcfung (\u00d6kodesign-Richtlinie) in China \u25ba ausgiebige Risikoanalyse \u25ba CE-Kennzeichnung zur Einhaltung der ERP-Richtlinie \u25ba Jetzt beraten lassen!\" \/>\n<meta property=\"og:url\" content=\"https:\/\/ag-frisch.com\/de\/erp-oekodesign-richtlinie-pruefung-china\/\" \/>\n<meta property=\"og:site_name\" content=\"China Import Beratung f\u00fcr den Einkauf aus China\" \/>\n<meta property=\"article:publisher\" content=\"https:\/\/www.facebook.com\/China.Import\" \/>\n<meta property=\"article:modified_time\" content=\"2022-11-17T19:31:18+00:00\" \/>\n<meta name=\"twitter:card\" content=\"summary_large_image\" \/>\n<meta name=\"twitter:site\" content=\"@agenturfrisch\" \/>\n<meta name=\"twitter:label1\" content=\"Gesch\u00e4tzte Lesezeit\" \/>\n\t<meta name=\"twitter:data1\" content=\"8\u00a0Minuten\" \/>\n<script type=\"application\/ld+json\" class=\"yoast-schema-graph\">{\"@context\":\"https:\/\/schema.org\",\"@graph\":[{\"@type\":\"WebPage\",\"@id\":\"https:\/\/ag-frisch.com\/de\/erp-oekodesign-richtlinie-pruefung-china\/\",\"url\":\"https:\/\/ag-frisch.com\/de\/erp-oekodesign-richtlinie-pruefung-china\/\",\"name\":\"ERP-Pr\u00fcfung in China | \u00d6kodesign-Richtlinie f\u00fcr China-Produkte\",\"isPartOf\":{\"@id\":\"https:\/\/ag-frisch.com\/de\/#website\"},\"datePublished\":\"2022-07-24T05:14:46+00:00\",\"dateModified\":\"2022-11-17T19:31:18+00:00\",\"description\":\"ERP-Pr\u00fcfung (\u00d6kodesign-Richtlinie) in China \u25ba ausgiebige Risikoanalyse \u25ba CE-Kennzeichnung zur Einhaltung der ERP-Richtlinie \u25ba Jetzt beraten lassen!\",\"breadcrumb\":{\"@id\":\"https:\/\/ag-frisch.com\/de\/erp-oekodesign-richtlinie-pruefung-china\/#breadcrumb\"},\"inLanguage\":\"de\",\"potentialAction\":[{\"@type\":\"ReadAction\",\"target\":[\"https:\/\/ag-frisch.com\/de\/erp-oekodesign-richtlinie-pruefung-china\/\"]}]},{\"@type\":\"BreadcrumbList\",\"@id\":\"https:\/\/ag-frisch.com\/de\/erp-oekodesign-richtlinie-pruefung-china\/#breadcrumb\",\"itemListElement\":[{\"@type\":\"ListItem\",\"position\":1,\"name\":\"Startseite\",\"item\":\"https:\/\/ag-frisch.com\/de\/\"},{\"@type\":\"ListItem\",\"position\":2,\"name\":\"ERP-Richtlinie\"}]},{\"@type\":\"WebSite\",\"@id\":\"https:\/\/ag-frisch.com\/de\/#website\",\"url\":\"https:\/\/ag-frisch.com\/de\/\",\"name\":\"China Import Beratung f\u00fcr den Einkauf aus China\",\"description\":\"China Import &amp; Export Beratung - Der Dienstleister Ihres Vertrauens f\u00fcr Ihren China Import\",\"publisher\":{\"@id\":\"https:\/\/ag-frisch.com\/de\/#organization\"},\"potentialAction\":[{\"@type\":\"SearchAction\",\"target\":{\"@type\":\"EntryPoint\",\"urlTemplate\":\"https:\/\/ag-frisch.com\/de\/?s={search_term_string}\"},\"query-input\":{\"@type\":\"PropertyValueSpecification\",\"valueRequired\":true,\"valueName\":\"search_term_string\"}}],\"inLanguage\":\"de\"},{\"@type\":\"Organization\",\"@id\":\"https:\/\/ag-frisch.com\/de\/#organization\",\"name\":\"Agentur Frisch International Consulting GmbH & Co. KG\",\"url\":\"https:\/\/ag-frisch.com\/de\/\",\"logo\":{\"@type\":\"ImageObject\",\"inLanguage\":\"de\",\"@id\":\"https:\/\/ag-frisch.com\/de\/#\/schema\/logo\/image\/\",\"url\":\"https:\/\/ag-frisch.com\/wp-content\/uploads\/2021\/08\/ag_logo_rgb_300_small.png\",\"contentUrl\":\"https:\/\/ag-frisch.com\/wp-content\/uploads\/2021\/08\/ag_logo_rgb_300_small.png\",\"width\":153,\"height\":102,\"caption\":\"Agentur Frisch International Consulting GmbH & Co. KG\"},\"image\":{\"@id\":\"https:\/\/ag-frisch.com\/de\/#\/schema\/logo\/image\/\"},\"sameAs\":[\"https:\/\/www.facebook.com\/China.Import\",\"https:\/\/x.com\/agenturfrisch\"]}]}<\/script>\n<!-- \/ Yoast SEO plugin. -->","yoast_head_json":{"title":"ERP-Pr\u00fcfung in China | \u00d6kodesign-Richtlinie f\u00fcr China-Produkte","description":"ERP-Pr\u00fcfung (\u00d6kodesign-Richtlinie) in China \u25ba ausgiebige Risikoanalyse \u25ba CE-Kennzeichnung zur Einhaltung der ERP-Richtlinie \u25ba Jetzt beraten lassen!","robots":{"index":"index","follow":"follow","max-snippet":"max-snippet:-1","max-image-preview":"max-image-preview:large","max-video-preview":"max-video-preview:-1"},"canonical":"https:\/\/ag-frisch.com\/de\/erp-oekodesign-richtlinie-pruefung-china\/","og_locale":"de_DE","og_type":"article","og_title":"ERP-Pr\u00fcfung in China | \u00d6kodesign-Richtlinie f\u00fcr China-Produkte","og_description":"ERP-Pr\u00fcfung (\u00d6kodesign-Richtlinie) in China \u25ba ausgiebige Risikoanalyse \u25ba CE-Kennzeichnung zur Einhaltung der ERP-Richtlinie \u25ba Jetzt beraten lassen!","og_url":"https:\/\/ag-frisch.com\/de\/erp-oekodesign-richtlinie-pruefung-china\/","og_site_name":"China Import Beratung f\u00fcr den Einkauf aus China","article_publisher":"https:\/\/www.facebook.com\/China.Import","article_modified_time":"2022-11-17T19:31:18+00:00","twitter_card":"summary_large_image","twitter_site":"@agenturfrisch","twitter_misc":{"Gesch\u00e4tzte Lesezeit":"8\u00a0Minuten"},"schema":{"@context":"https:\/\/schema.org","@graph":[{"@type":"WebPage","@id":"https:\/\/ag-frisch.com\/de\/erp-oekodesign-richtlinie-pruefung-china\/","url":"https:\/\/ag-frisch.com\/de\/erp-oekodesign-richtlinie-pruefung-china\/","name":"ERP-Pr\u00fcfung in China | \u00d6kodesign-Richtlinie f\u00fcr China-Produkte","isPartOf":{"@id":"https:\/\/ag-frisch.com\/de\/#website"},"datePublished":"2022-07-24T05:14:46+00:00","dateModified":"2022-11-17T19:31:18+00:00","description":"ERP-Pr\u00fcfung (\u00d6kodesign-Richtlinie) in China \u25ba ausgiebige Risikoanalyse \u25ba CE-Kennzeichnung zur Einhaltung der ERP-Richtlinie \u25ba Jetzt beraten lassen!","breadcrumb":{"@id":"https:\/\/ag-frisch.com\/de\/erp-oekodesign-richtlinie-pruefung-china\/#breadcrumb"},"inLanguage":"de","potentialAction":[{"@type":"ReadAction","target":["https:\/\/ag-frisch.com\/de\/erp-oekodesign-richtlinie-pruefung-china\/"]}]},{"@type":"BreadcrumbList","@id":"https:\/\/ag-frisch.com\/de\/erp-oekodesign-richtlinie-pruefung-china\/#breadcrumb","itemListElement":[{"@type":"ListItem","position":1,"name":"Startseite","item":"https:\/\/ag-frisch.com\/de\/"},{"@type":"ListItem","position":2,"name":"ERP-Richtlinie"}]},{"@type":"WebSite","@id":"https:\/\/ag-frisch.com\/de\/#website","url":"https:\/\/ag-frisch.com\/de\/","name":"China Import Beratung f\u00fcr den Einkauf aus China","description":"China Import &amp; Export Beratung - Der Dienstleister Ihres Vertrauens f\u00fcr Ihren China Import","publisher":{"@id":"https:\/\/ag-frisch.com\/de\/#organization"},"potentialAction":[{"@type":"SearchAction","target":{"@type":"EntryPoint","urlTemplate":"https:\/\/ag-frisch.com\/de\/?s={search_term_string}"},"query-input":{"@type":"PropertyValueSpecification","valueRequired":true,"valueName":"search_term_string"}}],"inLanguage":"de"},{"@type":"Organization","@id":"https:\/\/ag-frisch.com\/de\/#organization","name":"Agentur Frisch International Consulting GmbH & Co. KG","url":"https:\/\/ag-frisch.com\/de\/","logo":{"@type":"ImageObject","inLanguage":"de","@id":"https:\/\/ag-frisch.com\/de\/#\/schema\/logo\/image\/","url":"https:\/\/ag-frisch.com\/wp-content\/uploads\/2021\/08\/ag_logo_rgb_300_small.png","contentUrl":"https:\/\/ag-frisch.com\/wp-content\/uploads\/2021\/08\/ag_logo_rgb_300_small.png","width":153,"height":102,"caption":"Agentur Frisch International Consulting GmbH & Co. KG"},"image":{"@id":"https:\/\/ag-frisch.com\/de\/#\/schema\/logo\/image\/"},"sameAs":["https:\/\/www.facebook.com\/China.Import","https:\/\/x.com\/agenturfrisch"]}]}},"_links":{"self":[{"href":"https:\/\/ag-frisch.com\/de\/wp-json\/wp\/v2\/pages\/4616","targetHints":{"allow":["GET"]}}],"collection":[{"href":"https:\/\/ag-frisch.com\/de\/wp-json\/wp\/v2\/pages"}],"about":[{"href":"https:\/\/ag-frisch.com\/de\/wp-json\/wp\/v2\/types\/page"}],"author":[{"embeddable":true,"href":"https:\/\/ag-frisch.com\/de\/wp-json\/wp\/v2\/users\/2"}],"replies":[{"embeddable":true,"href":"https:\/\/ag-frisch.com\/de\/wp-json\/wp\/v2\/comments?post=4616"}],"version-history":[{"count":0,"href":"https:\/\/ag-frisch.com\/de\/wp-json\/wp\/v2\/pages\/4616\/revisions"}],"wp:attachment":[{"href":"https:\/\/ag-frisch.com\/de\/wp-json\/wp\/v2\/media?parent=4616"}],"curies":[{"name":"wp","href":"https:\/\/api.w.org\/{rel}","templated":true}]}}