{"id":4630,"date":"2022-07-25T17:01:38","date_gmt":"2022-07-25T15:01:38","guid":{"rendered":"https:\/\/ag-frisch.com\/?page_id=4630"},"modified":"2022-11-09T18:29:42","modified_gmt":"2022-11-09T17:29:42","slug":"konformitaetserklaerung-ce-kennzeichnung-china","status":"publish","type":"page","link":"https:\/\/ag-frisch.com\/de\/konformitaetserklaerung-ce-kennzeichnung-china\/","title":{"rendered":"Konformit\u00e4tserkl\u00e4rung"},"content":{"rendered":"<p>[et_pb_section fb_built=&#8221;1&#8243; _builder_version=&#8221;4.16&#8243; _module_preset=&#8221;default&#8221; global_colors_info=&#8221;{}&#8221;][et_pb_row _builder_version=&#8221;4.16&#8243; _module_preset=&#8221;default&#8221; global_colors_info=&#8221;{}&#8221;][et_pb_column type=&#8221;4_4&#8243; _builder_version=&#8221;4.16&#8243; _module_preset=&#8221;default&#8221; global_colors_info=&#8221;{}&#8221;][et_pb_cta title=&#8221;Konformit\u00e4tserkl\u00e4rung f\u00fcr Ihre Import-Ware&#8221; button_url=&#8221;\/kontakt\/&#8221; button_text=&#8221;Jetzt vom Profi erstellen lassen&#8221; _builder_version=&#8221;4.18.1&#8243; _module_preset=&#8221;default&#8221; global_colors_info=&#8221;{}&#8221;]<\/p>\n<p>F\u00fcr viele verpflichtende Tests wie die f\u00fcr CE pflichtige Produkte oder Produkte die dem LFGB unterliegen, ist eine Konformit\u00e4tserkl\u00e4rung zwingend vorgeschrieben.\u00a0<\/p>\n<p>[\/et_pb_cta][et_pb_text admin_label=&#8221;H1&#8243; _builder_version=&#8221;4.18.1&#8243; _module_preset=&#8221;default&#8221; global_colors_info=&#8221;{}&#8221;]<\/p>\n<h1>Konformit\u00e4tserkl\u00e4rung: CE-Kennzeichnung f\u00fcr den China-Import<\/h1>\n<p>[\/et_pb_text][et_pb_text _builder_version=&#8221;4.18.1&#8243; _module_preset=&#8221;default&#8221; global_colors_info=&#8221;{}&#8221;]<\/p>\n<h2><strong>Einhaltung der CE-Richtlinie beim China-Import<\/strong><\/h2>\n<p>Das Produktsicherheitsgesetz sieht vor, dass nur Produkte in Deutschland verkauft werden d\u00fcrfen, die den hierzulande geltenden Regeln und Richtlinien gen\u00fcgen. Als China-Importeur werden Sie rechtlich in Deutschland wie ein Hersteller behandelt. Das hei\u00dft, Sie haften vollst\u00e4ndig f\u00fcr die von Ihnen in Verkehr gebrachten Waren. Damit daraus niemandem ein Schaden entsteht, m\u00fcssen Produkte den verschiedensten Richtlinien entsprechen. Das k\u00f6nnen zum Beispiel sein:<\/p>\n<ul>\n<li>Maschinenrichtlinie<\/li>\n<li>Messger\u00e4terichtlinie<\/li>\n<li>Spielzeugrichtlinie<\/li>\n<li>Medizinprodukterichtlinie<\/li>\n<li>v.m.<\/li>\n<\/ul>\n<p>Neben den hier genannten Richtlinien existiert noch eine Vielzahl weiterer Bestimmungen f\u00fcr andere Produktgruppen. Viele Produkte erfordern zudem die Anbringung eines CE-Kennzeichens. F\u00fcr dieses Kennzeichen ist wiederum die Konformit\u00e4tserkl\u00e4rung Grundlage und notwendiger Bestandteil.<\/p>\n<h3><strong>Das Erstellen der Konformit\u00e4tserkl\u00e4rung ist notwendig und geh\u00f6rt in die H\u00e4nde von Fachleuten.<\/strong><\/h3>\n<p>Die Konformit\u00e4tserkl\u00e4rung im Rahmen des Nachweises einer CE-konformen Produktion in China ist absolut notwendiger Teil des China-Imports. Die Agentur Frisch \u00fcbernimmt diesen Service gern f\u00fcr Sie fachkundig und gewissenhaft.<\/p>\n<p>&nbsp;<\/p>\n<h3><strong>CE bei der Produktion in China<\/strong><\/h3>\n<p>Wer die CE-Kennzeichnung auf seinen Produkten anbringt, erkl\u00e4rt damit, dass er die geltenden Normen und Bestimmungen kennt und dass sein Produkt diese einh\u00e4lt. Das CE-Kennzeichen soll f\u00fcr Sicherheit und Vertrauensw\u00fcrdigkeit beim Handeln im nationalen, aber auch im internationalen Kontext sorgen.<\/p>\n<p>Nicht alle Produkte ben\u00f6tigen eine CE-Kennzeichnung. Zu den Warengruppen, die eine Einhaltung der CE-Richtlinie durch Kennzeichnung nachweisen m\u00fcssen, geh\u00f6ren zum Beispiel:<\/p>\n<ul>\n<li>Telekommunikationsmittel<\/li>\n<li>Messger\u00e4te<\/li>\n<li>Pyrotechnische Gegenst\u00e4nde<\/li>\n<li>Bauprodukte<\/li>\n<li>Spielzeug<\/li>\n<li>Schutzausr\u00fcstungen<\/li>\n<li>Medizinprodukte<\/li>\n<li>Heizkessel und Gasverbrauchseinrichtungen<\/li>\n<li>Aufz\u00fcge<\/li>\n<li>v.m.<\/li>\n<\/ul>\n<p>&nbsp;<\/p>\n<h4><strong>Konformit\u00e4tserkl\u00e4rung als Teil der Betriebsanleitung<\/strong><\/h4>\n<p>In einigen F\u00e4llen muss die Konformit\u00e4tserkl\u00e4rung bei jedem verkauften Produkt in der Betriebsanleitung mitgeliefert werden. Dies ist zum Beispiel bei der Maschinenrichtlinie der Fall. Ob Ihr Produkt von dieser Verpflichtung betroffen ist, kl\u00e4ren wir gern f\u00fcr Sie. Sie haben durch den Import-Rundum-Service der Agentur Frisch die M\u00f6glichkeit, Pr\u00fcfung und Umsetzung dieser Pflichten direkt und auf k\u00fcrzestem Wege aus einer Hand durchf\u00fchren zu lassen.<\/p>\n<p>&nbsp;<\/p>\n<p><strong>CE-konforme Produktion durch Hersteller in China<\/strong><\/p>\n<p>Bei der Auswahl der f\u00fcr Ihren Auftrag geeigneten Hersteller legen wir gro\u00dfen Wert darauf, dass diese eine CE-konforme Produktion gew\u00e4hrleisten k\u00f6nnen. Daher kommen nur seri\u00f6se Gesch\u00e4ftspartner in Frage, mit denen es sp\u00e4ter keine b\u00f6sen \u00dcberraschungen gibt. Das Fixieren aller Bedingungen in den Vertr\u00e4gen, die wir in Ihrem Auftrag gestalten, sorgt ebenfalls f\u00fcr mehr Sicherheit im Zusammenhang mit der Einhaltung der CE-Richtlinie bei Ihrem China-Import.<\/p>\n<p>&nbsp;<\/p>\n<p><strong>Ermittlung der relevanten Normen und Richtlinien<\/strong><\/p>\n<p>In der Konformit\u00e4tserkl\u00e4rung, beziehungsweise im CE-Kennzeichnungs-Prozess, m\u00fcssen die Normen und Richtlinien ermittelt und benannt werden, die f\u00fcr Ihr Produkt gelten. Die Agentur Frisch \u00fcbernimmt diese Leistung gern f\u00fcr Sie. Mit unserer umfassenden Expertise finden wir f\u00fcr Sie heraus, welche Bedingungen Sie im Rahmen der CE-Kennzeichnung bei Produktion in China erf\u00fcllen m\u00fcssen.<\/p>\n<p>&nbsp;<\/p>\n<p><strong>Ohne Konformit\u00e4tserkl\u00e4rung und ggf. CE-Kennzeichnung ist kein Import aus China m\u00f6glich!<\/strong><\/p>\n<p><strong>Die Agentur Frisch pr\u00fcft gern f\u00fcr Sie die technischen Dokumentationen Ihrer Produktion und erstellt Ihnen daraus die Konformit\u00e4tserkl\u00e4rung, die Sie zwingend f\u00fcr die Einfuhr und den Vertrieb in Deutschland ben\u00f6tigen. <\/strong><\/p>\n<p>&nbsp;<\/p>\n<p>Die CE-konforme Produktion in China und die Einhaltung der CE-Richtlinie ist nicht optional. Diese Leistungen sind zwingend notwendig, um Waren nach Deutschland importieren und verkaufen zu k\u00f6nnen. Die Agentur Frisch ber\u00e4t Sie gerne auch zu diesem Thema.<\/p>\n<p>&nbsp;[\/et_pb_text][\/et_pb_column][\/et_pb_row][\/et_pb_section][et_pb_section fb_built=&#8221;1&#8243; admin_label=&#8221;Testimonials&#8221; _builder_version=&#8221;4.16&#8243; use_background_color_gradient=&#8221;on&#8221; background_color_gradient_stops=&#8221;rgba(0,106,156,0.85) 0%|rgba(0,106,156,0.85) 100%&#8221; background_color_gradient_start=&#8221;rgba(0,106,156,0.85)&#8221; background_color_gradient_end=&#8221;rgba(0,106,156,0.85)&#8221; custom_padding=&#8221;90px||60px|&#8221; animation_style=&#8221;fold&#8221; animation_direction=&#8221;bottom&#8221; animation_intensity_fold=&#8221;4%&#8221; global_colors_info=&#8221;{}&#8221; theme_builder_area=&#8221;post_content&#8221;][et_pb_row _builder_version=&#8221;4.16&#8243; background_size=&#8221;initial&#8221; background_position=&#8221;top_left&#8221; background_repeat=&#8221;repeat&#8221; custom_width_px=&#8221;710px&#8221; locked=&#8221;off&#8221; global_colors_info=&#8221;{}&#8221; theme_builder_area=&#8221;post_content&#8221;][et_pb_column type=&#8221;4_4&#8243; _builder_version=&#8221;4.16&#8243; background_position=&#8221;top_left&#8221; custom_padding=&#8221;|||&#8221; global_colors_info=&#8221;{}&#8221; custom_padding__hover=&#8221;|||&#8221; theme_builder_area=&#8221;post_content&#8221;][et_pb_text admin_label=&#8221;Testimonials Section Title&#8221; _builder_version=&#8221;4.16&#8243; header_font=&#8221;Montserrat||||&#8221; header_font_size=&#8221;36px&#8221; background_size=&#8221;initial&#8221; background_position=&#8221;top_left&#8221; background_repeat=&#8221;repeat&#8221; text_orientation=&#8221;center&#8221; background_layout=&#8221;dark&#8221; max_width=&#8221;710px&#8221; module_alignment=&#8221;center&#8221; animation_style=&#8221;fold&#8221; animation_direction=&#8221;bottom&#8221; animation_intensity_fold=&#8221;20%&#8221; global_colors_info=&#8221;{}&#8221; theme_builder_area=&#8221;post_content&#8221;]<\/p>\n<h1>\u00dcber 5000 zufriedene Kunden.<\/h1>\n<p>&nbsp;<\/p>\n<p>[\/et_pb_text][et_pb_divider color=&#8221;#ffffff&#8221; divider_weight=&#8221;3px&#8221; disabled_on=&#8221;off|off|off&#8221; _builder_version=&#8221;4.16&#8243; background_color_gradient_direction=&#8221;90deg&#8221; max_width=&#8221;100px&#8221; module_alignment=&#8221;center&#8221; height=&#8221;5px&#8221; custom_margin=&#8221;||20px|&#8221; custom_padding=&#8221;||20px|&#8221; animation_style=&#8221;slide&#8221; animation_direction=&#8221;bottom&#8221; saved_tabs=&#8221;all&#8221; locked=&#8221;off&#8221; global_colors_info=&#8221;{}&#8221; theme_builder_area=&#8221;post_content&#8221;][\/et_pb_divider][\/et_pb_column][\/et_pb_row][et_pb_row column_structure=&#8221;1_2,1_2&#8243; _builder_version=&#8221;4.18.1&#8243; _module_preset=&#8221;default&#8221; global_colors_info=&#8221;{}&#8221; theme_builder_area=&#8221;post_content&#8221;][et_pb_column type=&#8221;1_2&#8243; _builder_version=&#8221;4.18.1&#8243; _module_preset=&#8221;default&#8221; global_colors_info=&#8221;{}&#8221; theme_builder_area=&#8221;post_content&#8221;][et_pb_testimonial author=&#8221;Marco&#8221; portrait_url=&#8221;https:\/\/ag-frisch.com\/wp-content\/uploads\/2021\/08\/Harald.png&#8221; quote_icon=&#8221;off&#8221; _builder_version=&#8221;4.18.1&#8243; _module_preset=&#8221;default&#8221; body_font_size=&#8221;16px&#8221; use_background_color=&#8221;off&#8221; background_layout=&#8221;dark&#8221; global_colors_info=&#8221;{}&#8221; theme_builder_area=&#8221;post_content&#8221;]Ich habe die Agentur Frisch beauftragt ein gr\u00f6\u00dferes M\u00f6belst\u00fcck in China produzieren zu lassen um es dann folglich nach Deutschland zu \u00fcberf\u00fchren. Per Mail erfolgte die ganze Zeit \u00fcber eine reibungslose Kommunikation! Sehr schnelle und zuverl\u00e4ssige Antworten vermittelten mir st\u00e4ndig die Sicherheiten, die bei so einen Unterfangen unerl\u00e4sslich sind. Jederzeit wurde mir durch den B\u00fcrokratiedschungel geholfen und dabei wurden keine Formulare vergessen oder falsch ausgef\u00fcllt. Sehr lobenswert!<a href=\"&lt;div class=&quot;pe-richsnippets&quot;&gt;&amp;nbsp;&lt;\/div&gt; &lt;script type=&quot;text\/javascript&quot; src=&quot;https:\/\/www.provenexpert.com\/widget\/richsnippet.js?u=1NUA0VwZ4RUZ5tmAi5zA4RaplNKAlWwZ&amp;v=2&quot; async&gt;&lt;\/script&gt; &lt;div style=&quot;text-align: justify;&quot;&gt;&lt;br \/&gt;\"><\/a><\/p>\n<div class=\"brow ratingBarMargin\">\n<div class=\"ratingBar\">\n<div class=\"brow\">\n<div class=\"pe-richsnippets\">&nbsp;<\/div>\n<p><script type=\"text\/javascript\" src=\"https:\/\/www.provenexpert.com\/widget\/richsnippet.js?u=1NUA0VwZ4RUZ5tmAi5zA4RaplNKAlWwZ&#038;v=2\" async><\/script><\/p>\n<div style=\"text-align: justify;\"><\/p>\n<div class=\"col-lg-9 col-md-8 col-xs-10 mt20 mb20\">\n<div class=\"col-xs-12 surveyNameForRating\"><\/div>\n<\/div>\n<\/div>\n<\/div>\n<\/div>\n<\/div>\n<p>[\/et_pb_testimonial][\/et_pb_column][et_pb_column type=&#8221;1_2&#8243; _builder_version=&#8221;4.18.1&#8243; _module_preset=&#8221;default&#8221; global_colors_info=&#8221;{}&#8221; theme_builder_area=&#8221;post_content&#8221;][et_pb_testimonial author=&#8221;Simone L.&#8221; portrait_url=&#8221;https:\/\/ag-frisch.com\/wp-content\/uploads\/2021\/08\/Harald.png&#8221; quote_icon=&#8221;off&#8221; _builder_version=&#8221;4.18.1&#8243; _module_preset=&#8221;default&#8221; body_font_size=&#8221;16px&#8221; use_background_color=&#8221;off&#8221; background_layout=&#8221;dark&#8221; global_colors_info=&#8221;{}&#8221; theme_builder_area=&#8221;post_content&#8221;]<\/p>\n<p>Alles Top. Besser geht nicht. Beratung und Durchf\u00fchrung kann man nicht besser machen. Wir sind nach mehreren Bestellungen bei diesem Unternehmen mehr als zufrieden und setzen die Zusammenarbeit fort.<\/p>\n<div class=\"brow ratingBarMargin\">\n<div class=\"ratingBar\">\n<div class=\"brow\">\n<div class=\"pe-richsnippets\">\u00a0<\/div>\n<p>\n<script type=\"text\/javascript\" src=\"https:\/\/www.provenexpert.com\/widget\/richsnippet.js?u=1NUA0VwZ4RUZ5tmAi5zA4RaplNKAlWwZ&amp;v=2\" async=\"\"><\/script>\n<\/p>\n<div style=\"text-align: justify;\">\n<p>&nbsp;<\/p>\n<div class=\"col-lg-9 col-md-8 col-xs-10 mt20 mb20\">\n<div class=\"col-xs-12 surveyNameForRating\"><\/div>\n<\/div>\n<\/div>\n<\/div>\n<\/div>\n<\/div>\n<p>[\/et_pb_testimonial][\/et_pb_column][\/et_pb_row][et_pb_row _builder_version=&#8221;4.16&#8243; background_size=&#8221;initial&#8221; background_position=&#8221;top_left&#8221; background_repeat=&#8221;repeat&#8221; custom_padding=&#8221;50px|0px|30px|0px&#8221; custom_css_main_element=&#8221;text-align: center;&#8221; global_colors_info=&#8221;{}&#8221; theme_builder_area=&#8221;post_content&#8221;][et_pb_column type=&#8221;4_4&#8243; _builder_version=&#8221;4.16&#8243; custom_padding=&#8221;|||&#8221; global_colors_info=&#8221;{}&#8221; custom_padding__hover=&#8221;|||&#8221; theme_builder_area=&#8221;post_content&#8221;][et_pb_button button_url=&#8221;https:\/\/www.provenexpert.com\/de-de\/agentur-frisch-international-consulting-gmbh-und-co-kg\/&#8221; button_text=&#8221;MEHR BEWERTUNGEN&#8221; button_alignment=&#8221;left&#8221; admin_label=&#8221;Testimonial Button&#8221; _builder_version=&#8221;4.16&#8243; custom_button=&#8221;on&#8221; button_text_size=&#8221;18px&#8221; button_text_color=&#8221;#ffffff&#8221; button_bg_color=&#8221;#6eba01&#8243; button_border_width=&#8221;2px&#8221; button_border_color=&#8221;#6eba01&#8243; button_border_radius=&#8221;0px&#8221; button_letter_spacing=&#8221;2px&#8221; button_font=&#8221;Montserrat|||on|&#8221; button_use_icon=&#8221;off&#8221; animation_style=&#8221;fold&#8221; animation_direction=&#8221;bottom&#8221; button_text_color_hover=&#8221;#ffffff&#8221; button_border_color_hover=&#8221;#ffffff&#8221; button_border_radius_hover=&#8221;0px&#8221; button_letter_spacing_hover=&#8221;2px&#8221; button_bg_color_hover=&#8221;rgba(255,255,255,0)&#8221; locked=&#8221;off&#8221; global_colors_info=&#8221;{}&#8221; button_text_size__hover_enabled=&#8221;off&#8221; button_one_text_size__hover_enabled=&#8221;off&#8221; button_two_text_size__hover_enabled=&#8221;off&#8221; button_text_color__hover_enabled=&#8221;on&#8221; button_text_color__hover=&#8221;#ffffff&#8221; button_one_text_color__hover_enabled=&#8221;off&#8221; button_two_text_color__hover_enabled=&#8221;off&#8221; button_border_width__hover_enabled=&#8221;off&#8221; button_one_border_width__hover_enabled=&#8221;off&#8221; button_two_border_width__hover_enabled=&#8221;off&#8221; button_border_color__hover_enabled=&#8221;on&#8221; button_border_color__hover=&#8221;#ffffff&#8221; button_one_border_color__hover_enabled=&#8221;off&#8221; button_two_border_color__hover_enabled=&#8221;off&#8221; button_border_radius__hover_enabled=&#8221;on&#8221; button_border_radius__hover=&#8221;0px&#8221; button_one_border_radius__hover_enabled=&#8221;off&#8221; button_two_border_radius__hover_enabled=&#8221;off&#8221; button_letter_spacing__hover_enabled=&#8221;on&#8221; button_letter_spacing__hover=&#8221;2px&#8221; button_one_letter_spacing__hover_enabled=&#8221;off&#8221; button_two_letter_spacing__hover_enabled=&#8221;off&#8221; button_bg_color__hover_enabled=&#8221;on&#8221; button_bg_color__hover=&#8221;rgba(255,255,255,0)&#8221; button_one_bg_color__hover_enabled=&#8221;off&#8221; button_two_bg_color__hover_enabled=&#8221;off&#8221; theme_builder_area=&#8221;post_content&#8221;][\/et_pb_button][\/et_pb_column][\/et_pb_row][\/et_pb_section]<\/p>\n","protected":false},"excerpt":{"rendered":"<p>F\u00fcr viele verpflichtende Tests wie die f\u00fcr CE pflichtige Produkte oder Produkte die dem LFGB unterliegen, ist eine Konformit\u00e4tserkl\u00e4rung zwingend vorgeschrieben.\u00a0Konformit\u00e4tserkl\u00e4rung: CE-Kennzeichnung f\u00fcr den China-ImportEinhaltung der CE-Richtlinie beim China-Import Das Produktsicherheitsgesetz sieht vor, dass nur Produkte in Deutschland verkauft werden d\u00fcrfen, die den hierzulande geltenden Regeln und Richtlinien gen\u00fcgen. Als China-Importeur werden Sie rechtlich in [&hellip;]<\/p>\n","protected":false},"author":2,"featured_media":0,"parent":0,"menu_order":0,"comment_status":"closed","ping_status":"closed","template":"","meta":{"_et_pb_use_builder":"on","_et_pb_old_content":"","_et_gb_content_width":"","footnotes":""},"class_list":["post-4630","page","type-page","status-publish","hentry"],"yoast_head":"<!-- This site is optimized with the Yoast SEO plugin v27.2 - https:\/\/yoast.com\/product\/yoast-seo-wordpress\/ -->\n<title>CE-Kennzeichnung China: Konformit\u00e4tserkl\u00e4rung f\u00fcr China-Import<\/title>\n<meta name=\"description\" content=\"Einhaltung CE-Kennzeichnung bei China-Produkten inkl. Konformit\u00e4tserkl\u00e4rung \u25ba Hilfe bei CE-konformer Produktion in China \u25ba Jetzt beraten lassen!\" \/>\n<meta name=\"robots\" content=\"index, follow, max-snippet:-1, max-image-preview:large, max-video-preview:-1\" \/>\n<link rel=\"canonical\" href=\"https:\/\/ag-frisch.com\/de\/konformitaetserklaerung-ce-kennzeichnung-china\/\" \/>\n<meta property=\"og:locale\" content=\"de_DE\" \/>\n<meta property=\"og:type\" content=\"article\" \/>\n<meta property=\"og:title\" content=\"CE-Kennzeichnung China: Konformit\u00e4tserkl\u00e4rung f\u00fcr China-Import\" \/>\n<meta property=\"og:description\" content=\"Einhaltung CE-Kennzeichnung bei China-Produkten inkl. Konformit\u00e4tserkl\u00e4rung \u25ba Hilfe bei CE-konformer Produktion in China \u25ba Jetzt beraten lassen!\" \/>\n<meta property=\"og:url\" content=\"https:\/\/ag-frisch.com\/de\/konformitaetserklaerung-ce-kennzeichnung-china\/\" \/>\n<meta property=\"og:site_name\" content=\"China Import Beratung f\u00fcr den Einkauf aus China\" \/>\n<meta property=\"article:publisher\" content=\"https:\/\/www.facebook.com\/China.Import\" \/>\n<meta property=\"article:modified_time\" content=\"2022-11-09T17:29:42+00:00\" \/>\n<meta name=\"twitter:card\" content=\"summary_large_image\" \/>\n<meta name=\"twitter:site\" content=\"@agenturfrisch\" \/>\n<meta name=\"twitter:label1\" content=\"Gesch\u00e4tzte Lesezeit\" \/>\n\t<meta name=\"twitter:data1\" content=\"8\u00a0Minuten\" \/>\n<script type=\"application\/ld+json\" class=\"yoast-schema-graph\">{\"@context\":\"https:\/\/schema.org\",\"@graph\":[{\"@type\":\"WebPage\",\"@id\":\"https:\/\/ag-frisch.com\/de\/konformitaetserklaerung-ce-kennzeichnung-china\/\",\"url\":\"https:\/\/ag-frisch.com\/de\/konformitaetserklaerung-ce-kennzeichnung-china\/\",\"name\":\"CE-Kennzeichnung China: Konformit\u00e4tserkl\u00e4rung f\u00fcr China-Import\",\"isPartOf\":{\"@id\":\"https:\/\/ag-frisch.com\/de\/#website\"},\"datePublished\":\"2022-07-25T15:01:38+00:00\",\"dateModified\":\"2022-11-09T17:29:42+00:00\",\"description\":\"Einhaltung CE-Kennzeichnung bei China-Produkten inkl. Konformit\u00e4tserkl\u00e4rung \u25ba Hilfe bei CE-konformer Produktion in China \u25ba Jetzt beraten lassen!\",\"breadcrumb\":{\"@id\":\"https:\/\/ag-frisch.com\/de\/konformitaetserklaerung-ce-kennzeichnung-china\/#breadcrumb\"},\"inLanguage\":\"de\",\"potentialAction\":[{\"@type\":\"ReadAction\",\"target\":[\"https:\/\/ag-frisch.com\/de\/konformitaetserklaerung-ce-kennzeichnung-china\/\"]}]},{\"@type\":\"BreadcrumbList\",\"@id\":\"https:\/\/ag-frisch.com\/de\/konformitaetserklaerung-ce-kennzeichnung-china\/#breadcrumb\",\"itemListElement\":[{\"@type\":\"ListItem\",\"position\":1,\"name\":\"Startseite\",\"item\":\"https:\/\/ag-frisch.com\/de\/\"},{\"@type\":\"ListItem\",\"position\":2,\"name\":\"Konformit\u00e4tserkl\u00e4rung\"}]},{\"@type\":\"WebSite\",\"@id\":\"https:\/\/ag-frisch.com\/de\/#website\",\"url\":\"https:\/\/ag-frisch.com\/de\/\",\"name\":\"China Import Beratung f\u00fcr den Einkauf aus China\",\"description\":\"China Import &amp; Export Beratung - Der Dienstleister Ihres Vertrauens f\u00fcr Ihren China Import\",\"publisher\":{\"@id\":\"https:\/\/ag-frisch.com\/de\/#organization\"},\"potentialAction\":[{\"@type\":\"SearchAction\",\"target\":{\"@type\":\"EntryPoint\",\"urlTemplate\":\"https:\/\/ag-frisch.com\/de\/?s={search_term_string}\"},\"query-input\":{\"@type\":\"PropertyValueSpecification\",\"valueRequired\":true,\"valueName\":\"search_term_string\"}}],\"inLanguage\":\"de\"},{\"@type\":\"Organization\",\"@id\":\"https:\/\/ag-frisch.com\/de\/#organization\",\"name\":\"Agentur Frisch International Consulting GmbH & Co. KG\",\"url\":\"https:\/\/ag-frisch.com\/de\/\",\"logo\":{\"@type\":\"ImageObject\",\"inLanguage\":\"de\",\"@id\":\"https:\/\/ag-frisch.com\/de\/#\/schema\/logo\/image\/\",\"url\":\"https:\/\/ag-frisch.com\/wp-content\/uploads\/2021\/08\/ag_logo_rgb_300_small.png\",\"contentUrl\":\"https:\/\/ag-frisch.com\/wp-content\/uploads\/2021\/08\/ag_logo_rgb_300_small.png\",\"width\":153,\"height\":102,\"caption\":\"Agentur Frisch International Consulting GmbH & Co. KG\"},\"image\":{\"@id\":\"https:\/\/ag-frisch.com\/de\/#\/schema\/logo\/image\/\"},\"sameAs\":[\"https:\/\/www.facebook.com\/China.Import\",\"https:\/\/x.com\/agenturfrisch\"]}]}<\/script>\n<!-- \/ Yoast SEO plugin. -->","yoast_head_json":{"title":"CE-Kennzeichnung China: Konformit\u00e4tserkl\u00e4rung f\u00fcr China-Import","description":"Einhaltung CE-Kennzeichnung bei China-Produkten inkl. Konformit\u00e4tserkl\u00e4rung \u25ba Hilfe bei CE-konformer Produktion in China \u25ba Jetzt beraten lassen!","robots":{"index":"index","follow":"follow","max-snippet":"max-snippet:-1","max-image-preview":"max-image-preview:large","max-video-preview":"max-video-preview:-1"},"canonical":"https:\/\/ag-frisch.com\/de\/konformitaetserklaerung-ce-kennzeichnung-china\/","og_locale":"de_DE","og_type":"article","og_title":"CE-Kennzeichnung China: Konformit\u00e4tserkl\u00e4rung f\u00fcr China-Import","og_description":"Einhaltung CE-Kennzeichnung bei China-Produkten inkl. Konformit\u00e4tserkl\u00e4rung \u25ba Hilfe bei CE-konformer Produktion in China \u25ba Jetzt beraten lassen!","og_url":"https:\/\/ag-frisch.com\/de\/konformitaetserklaerung-ce-kennzeichnung-china\/","og_site_name":"China Import Beratung f\u00fcr den Einkauf aus China","article_publisher":"https:\/\/www.facebook.com\/China.Import","article_modified_time":"2022-11-09T17:29:42+00:00","twitter_card":"summary_large_image","twitter_site":"@agenturfrisch","twitter_misc":{"Gesch\u00e4tzte Lesezeit":"8\u00a0Minuten"},"schema":{"@context":"https:\/\/schema.org","@graph":[{"@type":"WebPage","@id":"https:\/\/ag-frisch.com\/de\/konformitaetserklaerung-ce-kennzeichnung-china\/","url":"https:\/\/ag-frisch.com\/de\/konformitaetserklaerung-ce-kennzeichnung-china\/","name":"CE-Kennzeichnung China: Konformit\u00e4tserkl\u00e4rung f\u00fcr China-Import","isPartOf":{"@id":"https:\/\/ag-frisch.com\/de\/#website"},"datePublished":"2022-07-25T15:01:38+00:00","dateModified":"2022-11-09T17:29:42+00:00","description":"Einhaltung CE-Kennzeichnung bei China-Produkten inkl. Konformit\u00e4tserkl\u00e4rung \u25ba Hilfe bei CE-konformer Produktion in China \u25ba Jetzt beraten lassen!","breadcrumb":{"@id":"https:\/\/ag-frisch.com\/de\/konformitaetserklaerung-ce-kennzeichnung-china\/#breadcrumb"},"inLanguage":"de","potentialAction":[{"@type":"ReadAction","target":["https:\/\/ag-frisch.com\/de\/konformitaetserklaerung-ce-kennzeichnung-china\/"]}]},{"@type":"BreadcrumbList","@id":"https:\/\/ag-frisch.com\/de\/konformitaetserklaerung-ce-kennzeichnung-china\/#breadcrumb","itemListElement":[{"@type":"ListItem","position":1,"name":"Startseite","item":"https:\/\/ag-frisch.com\/de\/"},{"@type":"ListItem","position":2,"name":"Konformit\u00e4tserkl\u00e4rung"}]},{"@type":"WebSite","@id":"https:\/\/ag-frisch.com\/de\/#website","url":"https:\/\/ag-frisch.com\/de\/","name":"China Import Beratung f\u00fcr den Einkauf aus China","description":"China Import &amp; Export Beratung - Der Dienstleister Ihres Vertrauens f\u00fcr Ihren China Import","publisher":{"@id":"https:\/\/ag-frisch.com\/de\/#organization"},"potentialAction":[{"@type":"SearchAction","target":{"@type":"EntryPoint","urlTemplate":"https:\/\/ag-frisch.com\/de\/?s={search_term_string}"},"query-input":{"@type":"PropertyValueSpecification","valueRequired":true,"valueName":"search_term_string"}}],"inLanguage":"de"},{"@type":"Organization","@id":"https:\/\/ag-frisch.com\/de\/#organization","name":"Agentur Frisch International Consulting GmbH & Co. KG","url":"https:\/\/ag-frisch.com\/de\/","logo":{"@type":"ImageObject","inLanguage":"de","@id":"https:\/\/ag-frisch.com\/de\/#\/schema\/logo\/image\/","url":"https:\/\/ag-frisch.com\/wp-content\/uploads\/2021\/08\/ag_logo_rgb_300_small.png","contentUrl":"https:\/\/ag-frisch.com\/wp-content\/uploads\/2021\/08\/ag_logo_rgb_300_small.png","width":153,"height":102,"caption":"Agentur Frisch International Consulting GmbH & Co. KG"},"image":{"@id":"https:\/\/ag-frisch.com\/de\/#\/schema\/logo\/image\/"},"sameAs":["https:\/\/www.facebook.com\/China.Import","https:\/\/x.com\/agenturfrisch"]}]}},"_links":{"self":[{"href":"https:\/\/ag-frisch.com\/de\/wp-json\/wp\/v2\/pages\/4630","targetHints":{"allow":["GET"]}}],"collection":[{"href":"https:\/\/ag-frisch.com\/de\/wp-json\/wp\/v2\/pages"}],"about":[{"href":"https:\/\/ag-frisch.com\/de\/wp-json\/wp\/v2\/types\/page"}],"author":[{"embeddable":true,"href":"https:\/\/ag-frisch.com\/de\/wp-json\/wp\/v2\/users\/2"}],"replies":[{"embeddable":true,"href":"https:\/\/ag-frisch.com\/de\/wp-json\/wp\/v2\/comments?post=4630"}],"version-history":[{"count":0,"href":"https:\/\/ag-frisch.com\/de\/wp-json\/wp\/v2\/pages\/4630\/revisions"}],"wp:attachment":[{"href":"https:\/\/ag-frisch.com\/de\/wp-json\/wp\/v2\/media?parent=4630"}],"curies":[{"name":"wp","href":"https:\/\/api.w.org\/{rel}","templated":true}]}}