{"id":4938,"date":"2022-08-12T12:55:32","date_gmt":"2022-08-12T10:55:32","guid":{"rendered":"https:\/\/ag-frisch.com\/?page_id=4938"},"modified":"2022-12-08T10:26:13","modified_gmt":"2022-12-08T09:26:13","slug":"messgeraeterichtlinie-china","status":"publish","type":"page","link":"https:\/\/ag-frisch.com\/de\/messgeraeterichtlinie-china\/","title":{"rendered":"Messgeraeterichtlinie"},"content":{"rendered":"<p>[et_pb_section fb_built=&#8221;1&#8243; _builder_version=&#8221;4.16&#8243; _module_preset=&#8221;default&#8221; global_colors_info=&#8221;{}&#8221;][et_pb_row _builder_version=&#8221;4.18.1&#8243; _module_preset=&#8221;default&#8221;][et_pb_column _builder_version=&#8221;4.18.1&#8243; _module_preset=&#8221;default&#8221; type=&#8221;4_4&#8243;][et_pb_cta title=&#8221;Messger\u00e4trichtlinien Beratung&#8221; button_url=&#8221;\/kontakt\/&#8221; button_text=&#8221;Jetzt Beratung buchen&#8221; _builder_version=&#8221;4.16&#8243; _module_preset=&#8221;default&#8221; global_colors_info=&#8221;{}&#8221; theme_builder_area=&#8221;post_content&#8221;]<\/p>\n<p>Durch die Beratung der China Import Agentur Frisch geschehen Ihnen keine Fehler beim Import von Messger\u00e4ten<\/p>\n<p>[\/et_pb_cta][\/et_pb_column][\/et_pb_row][et_pb_row _builder_version=&#8221;4.16&#8243; _module_preset=&#8221;default&#8221; global_colors_info=&#8221;{}&#8221;][et_pb_column type=&#8221;4_4&#8243; _builder_version=&#8221;4.16&#8243; _module_preset=&#8221;default&#8221; global_colors_info=&#8221;{}&#8221;][et_pb_text admin_label=&#8221;H1&#8243; _builder_version=&#8221;4.18.1&#8243; _module_preset=&#8221;default&#8221; global_colors_info=&#8221;{}&#8221;]<\/p>\n<h1>Messger\u00e4terichtlinie bei Produkten aus China<\/h1>\n<p>[\/et_pb_text][et_pb_text _builder_version=&#8221;4.16&#8243; _module_preset=&#8221;default&#8221; global_colors_info=&#8221;{}&#8221;]<\/p>\n<p><strong>Messger\u00e4terichtlinie<\/strong><\/p>\n<p><strong>Einhaltung der Messger\u00e4terichtlinie bei Produktion aus China<\/strong><\/p>\n<p>Messger\u00e4te dienen der Erfassung von wichtigen Daten, mit denen weiter gearbeitet wird. An die Messger\u00e4te selbst sind daher besonders hohe Anspr\u00fcche zu stellen. Ihre Eichung, die Messgenauigkeit, Art und Abst\u00e4nde der Kalibrierung und vieles mehr sind in der Messger\u00e4terichtlinie geregelt. Wer Messger\u00e4te aus China importiert, muss f\u00fcr die Einhaltung der Richtlinie sorgen \u2013 andernfalls kann es teuer werden. Als Ihr erfahrener China-Importeur k\u00fcmmern wir uns selbstverst\u00e4ndlich auch um diesen Aspekt Ihres Imports gerne. Wir erledigen notwendige Pr\u00fcfungen und besorgen entsprechende Bescheinigungen.<\/p>\n<p>Folgende wichtige Produkte fallen zum Beispiel unter die Messger\u00e4terichtlinie:<\/p>\n<ul>\n<li>Wasserz\u00e4hler<\/li>\n<li>Gasz\u00e4hler<\/li>\n<li>Elektrizit\u00e4tsz\u00e4hler<\/li>\n<li>W\u00e4rmez\u00e4hler<\/li>\n<li>selbstt\u00e4tige Waagen<\/li>\n<\/ul>\n<p>Dar\u00fcber hinaus geh\u00f6ren auch Ger\u00e4te zur Messung von L\u00e4ngen wie Zollst\u00f6cke, Lineale oder Ma\u00dfb\u00e4nder teilweise zu den erfassten Produkten. Auch Abgasanalysatoren und Taxameter unterliegen der Messger\u00e4terichtlinie, deren vollst\u00e4ndige Bezeichnung \u201eRichtlinie 2004\/22\/EG \u00fcber Messger\u00e4te\u201c lautet.<\/p>\n<p><strong>Bitte beachten Sie: Ein Import von Messger\u00e4ten ist nur bei nachweislicher Einhaltung der Messger\u00e4terichtlinie bei Produktion in China m\u00f6glich!<\/strong><\/p>\n<p>Gerne nehmen wir die erforderlichen Pr\u00fcfungen gem\u00e4\u00df Messger\u00e4terichtlinie in China f\u00fcr Sie vor. Wir verf\u00fcgen \u00fcber Labore und qualifiziertes Personal, um diese Pr\u00fcfungen fachgerecht und anforderungsgem\u00e4\u00df durchzuf\u00fchren.<\/p>\n<p>&nbsp;<\/p>\n<p><strong>Pr\u00fcfung gem\u00e4\u00df Messger\u00e4terichtlinie in China<\/strong><\/p>\n<p>Zentrales Element der Einhaltung der Messger\u00e4terichtlinie bei Produktion in China ist die Konformit\u00e4tserkl\u00e4rung. In ihr wird best\u00e4tigt, dass die in Deutschland f\u00fcr die betreffende Produktgruppe geltenden Richtlinien, Normen und Bestimmungen eingehalten werden. Ersteichung und Dokumentation sind Bestandteile dieses Vorgangs \u2013 Aufgaben, die nur von Fachleuten in geeigneten R\u00e4umen vorgenommen werden k\u00f6nnen.<\/p>\n<p>&nbsp;<\/p>\n<p><strong>BEIDE Compliance Laboratory der Agentur Frisch<\/strong><\/p>\n<p>Die Agentur Frisch betreibt mit ihrer Tochterfirma BEIDE Compliance Laboratory professionelle Pr\u00fcflabore, in denen unter anderem auch die Pr\u00fcfungen gem\u00e4\u00df Messger\u00e4terichtlinie in China vorgenommen werden k\u00f6nnen. Wir besch\u00e4ftigen dazu ausschlie\u00dflich qualifiziertes Fachpersonal und legen strenge Ma\u00dfst\u00e4be an die Pr\u00fcfbedingungen. Wir erf\u00fcllen die Anforderungen der Messger\u00e4terichtlinie und \u00fcbertreffen diese auf Wunsch sogar.<\/p>\n<p>&nbsp;<\/p>\n<p><strong>Mess- und Eichgesetz (MessEG) und Mess- und Eich-Verordnung (MessEV)<\/strong><\/p>\n<p>Grundlage f\u00fcr die Einhaltung der europ\u00e4ischen Messger\u00e4terichtlinie bei Produktion in China sind in Deutschland das MessEG und die MessEV. Diese konkretisieren die Richtlinie und enthalten s\u00e4mtliche Anforderungen, die an Messger\u00e4te zu stellen sind. Unsere Fachabteilung kennt sich mit der Materie bestens aus und kann Sie zu allen Fragen rund um das Thema Einhaltung der Messger\u00e4terichtlinie bei Produktion in China optimal beraten. Wir bieten Ihnen einen integrierten Rundum-Service. Durch diesen ganzheitlichen Ansatz werden Kosten, Zeit und Aufwand gespart.<\/p>\n<p>&nbsp;<\/p>\n<p><strong>Konformit\u00e4tserkl\u00e4rung<\/strong><\/p>\n<p>Bei der Einfuhr vieler Produkte aus China nach Deutschland muss eine Konformit\u00e4tserkl\u00e4rung vorliegen. Diese wird gepr\u00fcft und muss den jeweiligen Anforderungen entsprechen, damit es beim Zoll und anderen Beh\u00f6rden keine Schwierigkeiten gibt. Die Agentur Frisch kennt die Abl\u00e4ufe und Standards genau und kann Ihren Import somit perfekt vorbereiten und durchf\u00fchren. Das Erstellen einer anforderungsgem\u00e4\u00dfen Konformit\u00e4tserkl\u00e4rung geh\u00f6rt selbstverst\u00e4ndlich dazu.<\/p>\n<p>&nbsp;<\/p>\n<p><strong>Eichung und Pr\u00fcfung durch unabh\u00e4ngige Stellen<\/strong><\/p>\n<p>Nicht jedes Produkt kann von uns gepr\u00fcft werden. Einige Produkte ben\u00f6tigen eine externe Pr\u00fcfung durch staatlich anerkannte Pr\u00fcfstellen. Hier \u00fcbernehmen wir die Vorpr\u00fcfungen und sorgen daf\u00fcr, dass die Pr\u00fcfung durch die Pr\u00fcfstelle positiv verl\u00e4uft. Zu diesen Produkten geh\u00f6ren:<\/p>\n<ul>\n<li>Wasserz\u00e4hler<\/li>\n<li>Gasz\u00e4hler<\/li>\n<li>Elektrizit\u00e4tsz\u00e4hler<\/li>\n<li>W\u00e4rmez\u00e4hler<\/li>\n<\/ul>\n<p>&nbsp;<\/p>\n<p><strong>Wir beraten Sie gern zum Thema Einhaltung der Messger\u00e4terichtlinie bei Produktion in China \u2013 unabh\u00e4ngig und kompetent.<\/strong><\/p>\n<p>[\/et_pb_text][\/et_pb_column][\/et_pb_row][\/et_pb_section][et_pb_section fb_built=&#8221;1&#8243; admin_label=&#8221;Testimonials&#8221; _builder_version=&#8221;4.16&#8243; use_background_color_gradient=&#8221;on&#8221; background_color_gradient_stops=&#8221;rgba(0,106,156,0.85) 0%|rgba(0,106,156,0.85) 100%&#8221; background_color_gradient_start=&#8221;rgba(0,106,156,0.85)&#8221; background_color_gradient_end=&#8221;rgba(0,106,156,0.85)&#8221; custom_padding=&#8221;90px||60px|&#8221; animation_style=&#8221;fold&#8221; animation_direction=&#8221;bottom&#8221; animation_intensity_fold=&#8221;4%&#8221; global_colors_info=&#8221;{}&#8221; theme_builder_area=&#8221;post_content&#8221;][et_pb_row _builder_version=&#8221;4.16&#8243; background_size=&#8221;initial&#8221; background_position=&#8221;top_left&#8221; background_repeat=&#8221;repeat&#8221; custom_width_px=&#8221;710px&#8221; locked=&#8221;off&#8221; global_colors_info=&#8221;{}&#8221; theme_builder_area=&#8221;post_content&#8221;][et_pb_column type=&#8221;4_4&#8243; _builder_version=&#8221;4.16&#8243; background_position=&#8221;top_left&#8221; custom_padding=&#8221;|||&#8221; global_colors_info=&#8221;{}&#8221; custom_padding__hover=&#8221;|||&#8221; theme_builder_area=&#8221;post_content&#8221;][et_pb_text admin_label=&#8221;Testimonials Section Title&#8221; _builder_version=&#8221;4.16&#8243; header_font=&#8221;Montserrat||||&#8221; header_font_size=&#8221;36px&#8221; background_size=&#8221;initial&#8221; background_position=&#8221;top_left&#8221; background_repeat=&#8221;repeat&#8221; text_orientation=&#8221;center&#8221; background_layout=&#8221;dark&#8221; max_width=&#8221;710px&#8221; module_alignment=&#8221;center&#8221; animation_style=&#8221;fold&#8221; animation_direction=&#8221;bottom&#8221; animation_intensity_fold=&#8221;20%&#8221; global_colors_info=&#8221;{}&#8221; theme_builder_area=&#8221;post_content&#8221;]<\/p>\n<h1>\u00dcber 5000 zufriedene Kunden.<\/h1>\n<p>&nbsp;<\/p>\n<p>[\/et_pb_text][et_pb_divider color=&#8221;#ffffff&#8221; divider_weight=&#8221;3px&#8221; disabled_on=&#8221;off|off|off&#8221; _builder_version=&#8221;4.16&#8243; background_color_gradient_direction=&#8221;90deg&#8221; max_width=&#8221;100px&#8221; module_alignment=&#8221;center&#8221; height=&#8221;5px&#8221; custom_margin=&#8221;||20px|&#8221; custom_padding=&#8221;||20px|&#8221; animation_style=&#8221;slide&#8221; animation_direction=&#8221;bottom&#8221; saved_tabs=&#8221;all&#8221; locked=&#8221;off&#8221; global_colors_info=&#8221;{}&#8221; theme_builder_area=&#8221;post_content&#8221;][\/et_pb_divider][\/et_pb_column][\/et_pb_row][et_pb_row column_structure=&#8221;1_2,1_2&#8243; _builder_version=&#8221;4.18.1&#8243; _module_preset=&#8221;default&#8221; global_colors_info=&#8221;{}&#8221; theme_builder_area=&#8221;post_content&#8221;][et_pb_column type=&#8221;1_2&#8243; _builder_version=&#8221;4.18.1&#8243; _module_preset=&#8221;default&#8221; global_colors_info=&#8221;{}&#8221; theme_builder_area=&#8221;post_content&#8221;][et_pb_testimonial author=&#8221;Marco&#8221; portrait_url=&#8221;https:\/\/ag-frisch.com\/wp-content\/uploads\/2021\/08\/Harald.png&#8221; quote_icon=&#8221;off&#8221; _builder_version=&#8221;4.18.1&#8243; _module_preset=&#8221;default&#8221; body_font_size=&#8221;16px&#8221; use_background_color=&#8221;off&#8221; background_layout=&#8221;dark&#8221; global_colors_info=&#8221;{}&#8221; theme_builder_area=&#8221;post_content&#8221;]Ich habe die Agentur Frisch beauftragt ein gr\u00f6\u00dferes M\u00f6belst\u00fcck in China produzieren zu lassen um es dann folglich nach Deutschland zu \u00fcberf\u00fchren. Per Mail erfolgte die ganze Zeit \u00fcber eine reibungslose Kommunikation! Sehr schnelle und zuverl\u00e4ssige Antworten vermittelten mir st\u00e4ndig die Sicherheiten, die bei so einen Unterfangen unerl\u00e4sslich sind. Jederzeit wurde mir durch den B\u00fcrokratiedschungel geholfen und dabei wurden keine Formulare vergessen oder falsch ausgef\u00fcllt. Sehr lobenswert!<a href=\"&lt;div class=&quot;pe-richsnippets&quot;&gt;&amp;nbsp;&lt;\/div&gt; &lt;script type=&quot;text\/javascript&quot; src=&quot;https:\/\/www.provenexpert.com\/widget\/richsnippet.js?u=1NUA0VwZ4RUZ5tmAi5zA4RaplNKAlWwZ&amp;v=2&quot; async&gt;&lt;\/script&gt; &lt;div style=&quot;text-align: justify;&quot;&gt;&lt;br \/&gt;\"><\/a><\/p>\n<div class=\"brow ratingBarMargin\">\n<div class=\"ratingBar\">\n<div class=\"brow\">\n<div class=\"pe-richsnippets\">&nbsp;<\/div>\n<p><script type=\"text\/javascript\" src=\"https:\/\/www.provenexpert.com\/widget\/richsnippet.js?u=1NUA0VwZ4RUZ5tmAi5zA4RaplNKAlWwZ&#038;v=2\" async><\/script><\/p>\n<div style=\"text-align: justify;\"><\/p>\n<div class=\"col-lg-9 col-md-8 col-xs-10 mt20 mb20\">\n<div class=\"col-xs-12 surveyNameForRating\"><\/div>\n<\/div>\n<\/div>\n<\/div>\n<\/div>\n<\/div>\n<p>[\/et_pb_testimonial][\/et_pb_column][et_pb_column type=&#8221;1_2&#8243; _builder_version=&#8221;4.18.1&#8243; _module_preset=&#8221;default&#8221; global_colors_info=&#8221;{}&#8221; theme_builder_area=&#8221;post_content&#8221;][et_pb_testimonial author=&#8221;Simone L.&#8221; portrait_url=&#8221;https:\/\/ag-frisch.com\/wp-content\/uploads\/2021\/08\/Harald.png&#8221; quote_icon=&#8221;off&#8221; _builder_version=&#8221;4.18.1&#8243; _module_preset=&#8221;default&#8221; body_font_size=&#8221;16px&#8221; use_background_color=&#8221;off&#8221; background_layout=&#8221;dark&#8221; global_colors_info=&#8221;{}&#8221; theme_builder_area=&#8221;post_content&#8221;]<\/p>\n<p>Alles Top. Besser geht nicht. Beratung und Durchf\u00fchrung kann man nicht besser machen. Wir sind nach mehreren Bestellungen bei diesem Unternehmen mehr als zufrieden und setzen die Zusammenarbeit fort.<\/p>\n<div class=\"brow ratingBarMargin\">\n<div class=\"ratingBar\">\n<div class=\"brow\">\n<div class=\"pe-richsnippets\">\u00a0<\/div>\n<p>\n<script type=\"text\/javascript\" src=\"https:\/\/www.provenexpert.com\/widget\/richsnippet.js?u=1NUA0VwZ4RUZ5tmAi5zA4RaplNKAlWwZ&amp;v=2\" async=\"\"><\/script>\n<\/p>\n<div style=\"text-align: justify;\">\n<p>&nbsp;<\/p>\n<div class=\"col-lg-9 col-md-8 col-xs-10 mt20 mb20\">\n<div class=\"col-xs-12 surveyNameForRating\"><\/div>\n<\/div>\n<\/div>\n<\/div>\n<\/div>\n<\/div>\n<p>[\/et_pb_testimonial][\/et_pb_column][\/et_pb_row][et_pb_row _builder_version=&#8221;4.16&#8243; background_size=&#8221;initial&#8221; background_position=&#8221;top_left&#8221; background_repeat=&#8221;repeat&#8221; custom_padding=&#8221;50px|0px|30px|0px&#8221; custom_css_main_element=&#8221;text-align: center;&#8221; global_colors_info=&#8221;{}&#8221; theme_builder_area=&#8221;post_content&#8221;][et_pb_column type=&#8221;4_4&#8243; _builder_version=&#8221;4.16&#8243; custom_padding=&#8221;|||&#8221; global_colors_info=&#8221;{}&#8221; custom_padding__hover=&#8221;|||&#8221; theme_builder_area=&#8221;post_content&#8221;][et_pb_button button_url=&#8221;https:\/\/www.provenexpert.com\/de-de\/agentur-frisch-international-consulting-gmbh-und-co-kg\/&#8221; button_text=&#8221;MEHR BEWERTUNGEN&#8221; button_alignment=&#8221;left&#8221; admin_label=&#8221;Testimonial Button&#8221; _builder_version=&#8221;4.16&#8243; custom_button=&#8221;on&#8221; button_text_size=&#8221;18px&#8221; button_text_color=&#8221;#ffffff&#8221; button_bg_color=&#8221;#6eba01&#8243; button_border_width=&#8221;2px&#8221; button_border_color=&#8221;#6eba01&#8243; button_border_radius=&#8221;0px&#8221; button_letter_spacing=&#8221;2px&#8221; button_font=&#8221;Montserrat|||on|&#8221; button_use_icon=&#8221;off&#8221; animation_style=&#8221;fold&#8221; animation_direction=&#8221;bottom&#8221; button_text_color_hover=&#8221;#ffffff&#8221; button_border_color_hover=&#8221;#ffffff&#8221; button_border_radius_hover=&#8221;0px&#8221; button_letter_spacing_hover=&#8221;2px&#8221; button_bg_color_hover=&#8221;rgba(255,255,255,0)&#8221; locked=&#8221;off&#8221; global_colors_info=&#8221;{}&#8221; button_text_size__hover_enabled=&#8221;off&#8221; button_one_text_size__hover_enabled=&#8221;off&#8221; button_two_text_size__hover_enabled=&#8221;off&#8221; button_text_color__hover_enabled=&#8221;on&#8221; button_text_color__hover=&#8221;#ffffff&#8221; button_one_text_color__hover_enabled=&#8221;off&#8221; button_two_text_color__hover_enabled=&#8221;off&#8221; button_border_width__hover_enabled=&#8221;off&#8221; button_one_border_width__hover_enabled=&#8221;off&#8221; button_two_border_width__hover_enabled=&#8221;off&#8221; button_border_color__hover_enabled=&#8221;on&#8221; button_border_color__hover=&#8221;#ffffff&#8221; button_one_border_color__hover_enabled=&#8221;off&#8221; button_two_border_color__hover_enabled=&#8221;off&#8221; button_border_radius__hover_enabled=&#8221;on&#8221; button_border_radius__hover=&#8221;0px&#8221; button_one_border_radius__hover_enabled=&#8221;off&#8221; button_two_border_radius__hover_enabled=&#8221;off&#8221; button_letter_spacing__hover_enabled=&#8221;on&#8221; button_letter_spacing__hover=&#8221;2px&#8221; button_one_letter_spacing__hover_enabled=&#8221;off&#8221; button_two_letter_spacing__hover_enabled=&#8221;off&#8221; button_bg_color__hover_enabled=&#8221;on&#8221; button_bg_color__hover=&#8221;rgba(255,255,255,0)&#8221; button_one_bg_color__hover_enabled=&#8221;off&#8221; button_two_bg_color__hover_enabled=&#8221;off&#8221; theme_builder_area=&#8221;post_content&#8221;][\/et_pb_button][\/et_pb_column][\/et_pb_row][\/et_pb_section]<\/p>\n","protected":false},"excerpt":{"rendered":"<p>Durch die Beratung der China Import Agentur Frisch geschehen Ihnen keine Fehler beim Import von Messger\u00e4tenMessger\u00e4terichtlinie bei Produkten aus ChinaMessger\u00e4terichtlinie Einhaltung der Messger\u00e4terichtlinie bei Produktion aus China Messger\u00e4te dienen der Erfassung von wichtigen Daten, mit denen weiter gearbeitet wird. An die Messger\u00e4te selbst sind daher besonders hohe Anspr\u00fcche zu stellen. Ihre Eichung, die Messgenauigkeit, Art [&hellip;]<\/p>\n","protected":false},"author":2,"featured_media":0,"parent":0,"menu_order":0,"comment_status":"closed","ping_status":"closed","template":"","meta":{"_et_pb_use_builder":"on","_et_pb_old_content":"","_et_gb_content_width":"","footnotes":""},"class_list":["post-4938","page","type-page","status-publish","hentry"],"yoast_head":"<!-- This site is optimized with the Yoast SEO plugin v27.4 - https:\/\/yoast.com\/product\/yoast-seo-wordpress\/ -->\n<title>Messger\u00e4terichtlinie: Einhaltung bei Produkten aus China<\/title>\n<meta name=\"description\" content=\"Einhaltung der Messger\u00e4terichtlinie bei Produktion aus China \u25ba Pr\u00fcfung nach Mess- &amp; Eichgesetz sowie Mess- &amp; Eichverordnung \u25ba Jetzt beraten lassen!\" \/>\n<meta name=\"robots\" content=\"index, follow, max-snippet:-1, max-image-preview:large, max-video-preview:-1\" \/>\n<link rel=\"canonical\" href=\"https:\/\/ag-frisch.com\/de\/messgeraeterichtlinie-china\/\" \/>\n<meta property=\"og:locale\" content=\"de_DE\" \/>\n<meta property=\"og:type\" content=\"article\" \/>\n<meta property=\"og:title\" content=\"Messger\u00e4terichtlinie: Einhaltung bei Produkten aus China\" \/>\n<meta property=\"og:description\" content=\"Einhaltung der Messger\u00e4terichtlinie bei Produktion aus China \u25ba Pr\u00fcfung nach Mess- &amp; Eichgesetz sowie Mess- &amp; Eichverordnung \u25ba Jetzt beraten lassen!\" \/>\n<meta property=\"og:url\" content=\"https:\/\/ag-frisch.com\/de\/messgeraeterichtlinie-china\/\" \/>\n<meta property=\"og:site_name\" content=\"China Import Beratung f\u00fcr den Einkauf aus China\" \/>\n<meta property=\"article:publisher\" content=\"https:\/\/www.facebook.com\/China.Import\" \/>\n<meta property=\"article:modified_time\" content=\"2022-12-08T09:26:13+00:00\" \/>\n<meta name=\"twitter:card\" content=\"summary_large_image\" \/>\n<meta name=\"twitter:site\" content=\"@agenturfrisch\" \/>\n<meta name=\"twitter:label1\" content=\"Gesch\u00e4tzte Lesezeit\" \/>\n\t<meta name=\"twitter:data1\" content=\"8\u00a0Minuten\" \/>\n<script type=\"application\/ld+json\" class=\"yoast-schema-graph\">{\"@context\":\"https:\\\/\\\/schema.org\",\"@graph\":[{\"@type\":\"WebPage\",\"@id\":\"https:\\\/\\\/ag-frisch.com\\\/de\\\/messgeraeterichtlinie-china\\\/\",\"url\":\"https:\\\/\\\/ag-frisch.com\\\/de\\\/messgeraeterichtlinie-china\\\/\",\"name\":\"Messger\u00e4terichtlinie: Einhaltung bei Produkten aus China\",\"isPartOf\":{\"@id\":\"https:\\\/\\\/ag-frisch.com\\\/de\\\/#website\"},\"datePublished\":\"2022-08-12T10:55:32+00:00\",\"dateModified\":\"2022-12-08T09:26:13+00:00\",\"description\":\"Einhaltung der Messger\u00e4terichtlinie bei Produktion aus China \u25ba Pr\u00fcfung nach Mess- & Eichgesetz sowie Mess- & Eichverordnung \u25ba Jetzt beraten lassen!\",\"breadcrumb\":{\"@id\":\"https:\\\/\\\/ag-frisch.com\\\/de\\\/messgeraeterichtlinie-china\\\/#breadcrumb\"},\"inLanguage\":\"de\",\"potentialAction\":[{\"@type\":\"ReadAction\",\"target\":[\"https:\\\/\\\/ag-frisch.com\\\/de\\\/messgeraeterichtlinie-china\\\/\"]}]},{\"@type\":\"BreadcrumbList\",\"@id\":\"https:\\\/\\\/ag-frisch.com\\\/de\\\/messgeraeterichtlinie-china\\\/#breadcrumb\",\"itemListElement\":[{\"@type\":\"ListItem\",\"position\":1,\"name\":\"Startseite\",\"item\":\"https:\\\/\\\/ag-frisch.com\\\/de\\\/\"},{\"@type\":\"ListItem\",\"position\":2,\"name\":\"Messgeraeterichtlinie\"}]},{\"@type\":\"WebSite\",\"@id\":\"https:\\\/\\\/ag-frisch.com\\\/de\\\/#website\",\"url\":\"https:\\\/\\\/ag-frisch.com\\\/de\\\/\",\"name\":\"China Import Beratung f\u00fcr den Einkauf aus China\",\"description\":\"China Import &amp; Export Beratung - Der Dienstleister Ihres Vertrauens f\u00fcr Ihren China Import\",\"publisher\":{\"@id\":\"https:\\\/\\\/ag-frisch.com\\\/de\\\/#organization\"},\"potentialAction\":[{\"@type\":\"SearchAction\",\"target\":{\"@type\":\"EntryPoint\",\"urlTemplate\":\"https:\\\/\\\/ag-frisch.com\\\/de\\\/?s={search_term_string}\"},\"query-input\":{\"@type\":\"PropertyValueSpecification\",\"valueRequired\":true,\"valueName\":\"search_term_string\"}}],\"inLanguage\":\"de\"},{\"@type\":\"Organization\",\"@id\":\"https:\\\/\\\/ag-frisch.com\\\/de\\\/#organization\",\"name\":\"Agentur Frisch International Consulting GmbH & Co. KG\",\"url\":\"https:\\\/\\\/ag-frisch.com\\\/de\\\/\",\"logo\":{\"@type\":\"ImageObject\",\"inLanguage\":\"de\",\"@id\":\"https:\\\/\\\/ag-frisch.com\\\/de\\\/#\\\/schema\\\/logo\\\/image\\\/\",\"url\":\"https:\\\/\\\/ag-frisch.com\\\/wp-content\\\/uploads\\\/2021\\\/08\\\/ag_logo_rgb_300_small.png\",\"contentUrl\":\"https:\\\/\\\/ag-frisch.com\\\/wp-content\\\/uploads\\\/2021\\\/08\\\/ag_logo_rgb_300_small.png\",\"width\":153,\"height\":102,\"caption\":\"Agentur Frisch International Consulting GmbH & Co. KG\"},\"image\":{\"@id\":\"https:\\\/\\\/ag-frisch.com\\\/de\\\/#\\\/schema\\\/logo\\\/image\\\/\"},\"sameAs\":[\"https:\\\/\\\/www.facebook.com\\\/China.Import\",\"https:\\\/\\\/x.com\\\/agenturfrisch\"]}]}<\/script>\n<!-- \/ Yoast SEO plugin. -->","yoast_head_json":{"title":"Messger\u00e4terichtlinie: Einhaltung bei Produkten aus China","description":"Einhaltung der Messger\u00e4terichtlinie bei Produktion aus China \u25ba Pr\u00fcfung nach Mess- & Eichgesetz sowie Mess- & Eichverordnung \u25ba Jetzt beraten lassen!","robots":{"index":"index","follow":"follow","max-snippet":"max-snippet:-1","max-image-preview":"max-image-preview:large","max-video-preview":"max-video-preview:-1"},"canonical":"https:\/\/ag-frisch.com\/de\/messgeraeterichtlinie-china\/","og_locale":"de_DE","og_type":"article","og_title":"Messger\u00e4terichtlinie: Einhaltung bei Produkten aus China","og_description":"Einhaltung der Messger\u00e4terichtlinie bei Produktion aus China \u25ba Pr\u00fcfung nach Mess- & Eichgesetz sowie Mess- & Eichverordnung \u25ba Jetzt beraten lassen!","og_url":"https:\/\/ag-frisch.com\/de\/messgeraeterichtlinie-china\/","og_site_name":"China Import Beratung f\u00fcr den Einkauf aus China","article_publisher":"https:\/\/www.facebook.com\/China.Import","article_modified_time":"2022-12-08T09:26:13+00:00","twitter_card":"summary_large_image","twitter_site":"@agenturfrisch","twitter_misc":{"Gesch\u00e4tzte Lesezeit":"8\u00a0Minuten"},"schema":{"@context":"https:\/\/schema.org","@graph":[{"@type":"WebPage","@id":"https:\/\/ag-frisch.com\/de\/messgeraeterichtlinie-china\/","url":"https:\/\/ag-frisch.com\/de\/messgeraeterichtlinie-china\/","name":"Messger\u00e4terichtlinie: Einhaltung bei Produkten aus China","isPartOf":{"@id":"https:\/\/ag-frisch.com\/de\/#website"},"datePublished":"2022-08-12T10:55:32+00:00","dateModified":"2022-12-08T09:26:13+00:00","description":"Einhaltung der Messger\u00e4terichtlinie bei Produktion aus China \u25ba Pr\u00fcfung nach Mess- & Eichgesetz sowie Mess- & Eichverordnung \u25ba Jetzt beraten lassen!","breadcrumb":{"@id":"https:\/\/ag-frisch.com\/de\/messgeraeterichtlinie-china\/#breadcrumb"},"inLanguage":"de","potentialAction":[{"@type":"ReadAction","target":["https:\/\/ag-frisch.com\/de\/messgeraeterichtlinie-china\/"]}]},{"@type":"BreadcrumbList","@id":"https:\/\/ag-frisch.com\/de\/messgeraeterichtlinie-china\/#breadcrumb","itemListElement":[{"@type":"ListItem","position":1,"name":"Startseite","item":"https:\/\/ag-frisch.com\/de\/"},{"@type":"ListItem","position":2,"name":"Messgeraeterichtlinie"}]},{"@type":"WebSite","@id":"https:\/\/ag-frisch.com\/de\/#website","url":"https:\/\/ag-frisch.com\/de\/","name":"China Import Beratung f\u00fcr den Einkauf aus China","description":"China Import &amp; Export Beratung - Der Dienstleister Ihres Vertrauens f\u00fcr Ihren China Import","publisher":{"@id":"https:\/\/ag-frisch.com\/de\/#organization"},"potentialAction":[{"@type":"SearchAction","target":{"@type":"EntryPoint","urlTemplate":"https:\/\/ag-frisch.com\/de\/?s={search_term_string}"},"query-input":{"@type":"PropertyValueSpecification","valueRequired":true,"valueName":"search_term_string"}}],"inLanguage":"de"},{"@type":"Organization","@id":"https:\/\/ag-frisch.com\/de\/#organization","name":"Agentur Frisch International Consulting GmbH & Co. KG","url":"https:\/\/ag-frisch.com\/de\/","logo":{"@type":"ImageObject","inLanguage":"de","@id":"https:\/\/ag-frisch.com\/de\/#\/schema\/logo\/image\/","url":"https:\/\/ag-frisch.com\/wp-content\/uploads\/2021\/08\/ag_logo_rgb_300_small.png","contentUrl":"https:\/\/ag-frisch.com\/wp-content\/uploads\/2021\/08\/ag_logo_rgb_300_small.png","width":153,"height":102,"caption":"Agentur Frisch International Consulting GmbH & Co. KG"},"image":{"@id":"https:\/\/ag-frisch.com\/de\/#\/schema\/logo\/image\/"},"sameAs":["https:\/\/www.facebook.com\/China.Import","https:\/\/x.com\/agenturfrisch"]}]}},"_links":{"self":[{"href":"https:\/\/ag-frisch.com\/de\/wp-json\/wp\/v2\/pages\/4938","targetHints":{"allow":["GET"]}}],"collection":[{"href":"https:\/\/ag-frisch.com\/de\/wp-json\/wp\/v2\/pages"}],"about":[{"href":"https:\/\/ag-frisch.com\/de\/wp-json\/wp\/v2\/types\/page"}],"author":[{"embeddable":true,"href":"https:\/\/ag-frisch.com\/de\/wp-json\/wp\/v2\/users\/2"}],"replies":[{"embeddable":true,"href":"https:\/\/ag-frisch.com\/de\/wp-json\/wp\/v2\/comments?post=4938"}],"version-history":[{"count":0,"href":"https:\/\/ag-frisch.com\/de\/wp-json\/wp\/v2\/pages\/4938\/revisions"}],"wp:attachment":[{"href":"https:\/\/ag-frisch.com\/de\/wp-json\/wp\/v2\/media?parent=4938"}],"curies":[{"name":"wp","href":"https:\/\/api.w.org\/{rel}","templated":true}]}}