{"id":4944,"date":"2022-08-12T13:00:09","date_gmt":"2022-08-12T11:00:09","guid":{"rendered":"https:\/\/ag-frisch.com\/?page_id=4944"},"modified":"2022-12-08T10:36:59","modified_gmt":"2022-12-08T09:36:59","slug":"niederspannungstechnik-lvd-richtlinie-china","status":"publish","type":"page","link":"https:\/\/ag-frisch.com\/de\/niederspannungstechnik-lvd-richtlinie-china\/","title":{"rendered":"Niederspannungstechnik"},"content":{"rendered":"<p>[et_pb_section fb_built=&#8221;1&#8243; _builder_version=&#8221;4.16&#8243; _module_preset=&#8221;default&#8221; global_colors_info=&#8221;{}&#8221;][et_pb_row _builder_version=&#8221;4.18.1&#8243; _module_preset=&#8221;default&#8221;][et_pb_column _builder_version=&#8221;4.18.1&#8243; _module_preset=&#8221;default&#8221; type=&#8221;4_4&#8243;][et_pb_cta title=&#8221;LVD-Richtlinien Beratung&#8221; button_url=&#8221;\/kontakt\/&#8221; button_text=&#8221;Jetzt Beratung buchen&#8221; _builder_version=&#8221;4.16&#8243; _module_preset=&#8221;default&#8221; global_colors_info=&#8221;{}&#8221; theme_builder_area=&#8221;post_content&#8221;]<\/p>\n<p>Die China Import Agentur Frisch ber\u00e4t Sie gerne bei Fragen zu der LVD-Richtlinie bei Produkten aus China.<\/p>\n<p>[\/et_pb_cta][\/et_pb_column][\/et_pb_row][et_pb_row _builder_version=&#8221;4.16&#8243; _module_preset=&#8221;default&#8221; global_colors_info=&#8221;{}&#8221;][et_pb_column type=&#8221;4_4&#8243; _builder_version=&#8221;4.16&#8243; _module_preset=&#8221;default&#8221; global_colors_info=&#8221;{}&#8221;][et_pb_text admin_label=&#8221;H1&#8243; _builder_version=&#8221;4.18.1&#8243; _module_preset=&#8221;default&#8221; global_colors_info=&#8221;{}&#8221;]<\/p>\n<h1>Niederspannungstechnik &#8211; LVD-Richtlinie bei Produkten aus China<\/h1>\n<p>[\/et_pb_text][et_pb_text _builder_version=&#8221;4.16&#8243; _module_preset=&#8221;default&#8221; global_colors_info=&#8221;{}&#8221;]<\/p>\n<p><strong>Niederspannungstechnik (LVD)<\/strong><\/p>\n<p><strong>Einhaltung der LVD-Richtlinie bei Produktion aus China<\/strong><\/p>\n<p>Die Niederspannungsrichtlinie (engl. Low Voltage Directive) ist gemeinsam mit der Richtlinie zur elektromagnetischen Vertr\u00e4glichkeit die wichtigste Richtlinie f\u00fcr den Verkauf elektronischer Produkte im deutschen\/europ\u00e4ischen Raum. Sie enth\u00e4lt s\u00e4mtliche Anforderungen, die n\u00f6tig sind, um den sicheren Betrieb dieser Ger\u00e4te zu gew\u00e4hrleisten und das Risiko von Sch\u00e4den an Menschen, Tieren, Umwelt und Sachen so gering wie m\u00f6glich zu halten.<\/p>\n<p><strong>Die Einhaltung der LVD-Richtlinie (Low Voltage Directive) bei Produktion in China ist zwingend notwendig. Ohne sie ist kein Import betroffener Ger\u00e4te nach Deutschland m\u00f6glich.<\/strong><\/p>\n<p>Unter die LVD-Richtlinie fallen zum Beispiel:<\/p>\n<ul>\n<li>Beleuchtungseinrichtungen<\/li>\n<li>Elektrische Ger\u00e4te<\/li>\n<li>Elektrische Kabel<\/li>\n<li>Stromversorgungsger\u00e4te (z. B. Netzteile)<\/li>\n<li>Laserger\u00e4te<\/li>\n<\/ul>\n<p>Die Formulierung zum Geltungsbereich der Richtlinie lautet: \u201eelektrische Betriebsmittel zur Verwendung bei einer Nennspannung zwischen 50 und 1000 V f\u00fcr Wechselstrom und zwischen 75 und 1500 V f\u00fcr Gleichstrom\u201c. Ob das von Ihnen importierte Produkt darunter f\u00e4llt, kl\u00e4ren unsere Fachleute gern f\u00fcr Sie.<\/p>\n<p>&nbsp;<\/p>\n<p><strong>LVD-Pr\u00fcfung in China<\/strong><\/p>\n<p>Um die Einhaltung der LVD-Richtlinie bei Produktion in China sicherzustellen, sind Pr\u00fcfungen gem\u00e4\u00df dieser Richtlinie durchzuf\u00fchren. Nur so k\u00f6nnen teure und aufwendige Sch\u00e4den, Verz\u00f6gerungen und Strafverfahren verhindert werden.<\/p>\n<p>Unsere Laboratorien f\u00fchren die LVD-Pr\u00fcfungen in China gerne f\u00fcr Sie durch. Im Allgemeinen werden diese in den Pr\u00fcflaboren unserer Tochterfirma BEIDE Compliance Laboratories vorgenommen. Dies optimiert den Produktions- und Pr\u00fcfvorgang und minimiert das Risiko von Verlusten und schlechter Kommunikation zwischen Anbietern. Es ergibt Sinn, wenn Sie die in den Service der Agentur Frisch eingebettete LVD-Pr\u00fcfung in China in Anspruch nehmen.<\/p>\n<p>&nbsp;<\/p>\n<p><strong>H\u00e4ndlerpflichten: LVD-Pr\u00fcfung, Konformit\u00e4tserkl\u00e4rung &amp; Co<\/strong><\/p>\n<p>Wenn Sie Produkte aus China nach Deutschland importieren, m\u00fcssen Sie eine Konformit\u00e4tserkl\u00e4rung vorweisen k\u00f6nnen. Mit dieser erkl\u00e4ren Sie, dass Sie die in Deutschland geltenden Bestimmungen einhalten. Folgende Aufgaben k\u00f6nnen beispielsweise Teil der Konformit\u00e4tserkl\u00e4rung sein:<\/p>\n<ul>\n<li>Durchf\u00fchren von Sicherheitspr\u00fcfungen<\/li>\n<li>Erstellung technischer Unterlagen<\/li>\n<li>Beif\u00fcgen einer Betriebsanleitung<\/li>\n<li>Anbringen der CE-Kennzeichnung<\/li>\n<\/ul>\n<p>&nbsp;<\/p>\n<p><strong>Einhaltung der LVD-Richtlinie bei Produktion in China<\/strong><\/p>\n<p>Wir k\u00f6nnen nicht genug betonen, dass die Einhaltung der LVD-Richtlinie bei Produktion in China nicht auf die leichte Schulter zu nehmen ist. Die darin und im Produktsicherheitsgesetz (ProdSG) festgelegten Anforderungen m\u00fcssen zwingend eingehalten werden.<\/p>\n<p>Als Ihr seri\u00f6ser und kompetenter China-Importeur helfen wir Ihnen selbstverst\u00e4ndlich gern bei dieser und allen verwandten Aufgaben. Wir f\u00fchren auf Wunsch Risikoanalysen und Risikobewertungen durch, eruieren f\u00fcr Sie, welche deutschen und europ\u00e4ischen Normen zu ber\u00fccksichtigen sind, und beraten Sie praxisnah und eindeutig zu s\u00e4mtlichen Themen rund um Konformit\u00e4t und sicheren Import.<\/p>\n<p>Die Einhaltung der LVD-Richtlinie bei Produktion in China ist ein Teil davon.<\/p>\n<p>&nbsp;<\/p>\n<p><strong>Ausnahmen bei elektronischen Ger\u00e4ten<\/strong><\/p>\n<p>Es gibt eine Reihe von elektronischen Ger\u00e4ten, die zwar im Niederspannungsbereich betrieben werden, aber dennoch nicht unter die LVD-Richtlinie fallen. Dies ist teilweise der Fall, wenn sie von anderen Richtlinien erfasst werden. Beispiele f\u00fcr solche Produkte sind:<\/p>\n<ul>\n<li>Elektrische Betriebsmittel zur Verwendung in explosionsf\u00e4higer Atmosph\u00e4re<\/li>\n<li>Elektro-radiologische und elektro-medizinische Betriebsmittel<\/li>\n<li>Elektrische Teile von Personen- und Lastenaufz\u00fcgen<\/li>\n<li>Elektrizit\u00e4tsz\u00e4hler<\/li>\n<li>Vorrichtungen zur Stromversorgung von elektrischen Weidez\u00e4unen<\/li>\n<li>Funkentst\u00f6rung<\/li>\n<\/ul>\n<p>Ansonsten fallen alle elektronischen Ger\u00e4te im Niederspannungsbereich, von der Wanduhr bis zur Wetterstation, unter die LVD-Richtlinie. Die LVD-Pr\u00fcfung in China ist beim geplanten Import dieser Produkte unumg\u00e4nglich.<\/p>\n<p>&nbsp;<\/p>\n<p><strong>Die Agentur Frisch ber\u00e4t Sie gerne und \u00fcbernimmt f\u00fcr Sie alle Aufgaben rund um die Einhaltung der LVD-Richtlinie bei Produktion in China!<\/strong><\/p>\n<p>[\/et_pb_text][\/et_pb_column][\/et_pb_row][\/et_pb_section][et_pb_section fb_built=&#8221;1&#8243; admin_label=&#8221;Testimonials&#8221; _builder_version=&#8221;4.16&#8243; use_background_color_gradient=&#8221;on&#8221; background_color_gradient_stops=&#8221;rgba(0,106,156,0.85) 0%|rgba(0,106,156,0.85) 100%&#8221; background_color_gradient_start=&#8221;rgba(0,106,156,0.85)&#8221; background_color_gradient_end=&#8221;rgba(0,106,156,0.85)&#8221; custom_padding=&#8221;90px||60px|&#8221; animation_style=&#8221;fold&#8221; animation_direction=&#8221;bottom&#8221; animation_intensity_fold=&#8221;4%&#8221; global_colors_info=&#8221;{}&#8221; theme_builder_area=&#8221;post_content&#8221;][et_pb_row _builder_version=&#8221;4.16&#8243; background_size=&#8221;initial&#8221; background_position=&#8221;top_left&#8221; background_repeat=&#8221;repeat&#8221; custom_width_px=&#8221;710px&#8221; locked=&#8221;off&#8221; global_colors_info=&#8221;{}&#8221; theme_builder_area=&#8221;post_content&#8221;][et_pb_column type=&#8221;4_4&#8243; _builder_version=&#8221;4.16&#8243; background_position=&#8221;top_left&#8221; custom_padding=&#8221;|||&#8221; global_colors_info=&#8221;{}&#8221; custom_padding__hover=&#8221;|||&#8221; theme_builder_area=&#8221;post_content&#8221;][et_pb_text admin_label=&#8221;Testimonials Section Title&#8221; _builder_version=&#8221;4.16&#8243; header_font=&#8221;Montserrat||||&#8221; header_font_size=&#8221;36px&#8221; background_size=&#8221;initial&#8221; background_position=&#8221;top_left&#8221; background_repeat=&#8221;repeat&#8221; text_orientation=&#8221;center&#8221; background_layout=&#8221;dark&#8221; max_width=&#8221;710px&#8221; module_alignment=&#8221;center&#8221; animation_style=&#8221;fold&#8221; animation_direction=&#8221;bottom&#8221; animation_intensity_fold=&#8221;20%&#8221; global_colors_info=&#8221;{}&#8221; theme_builder_area=&#8221;post_content&#8221;]<\/p>\n<h1>\u00dcber 5000 zufriedene Kunden.<\/h1>\n<p>&nbsp;<\/p>\n<p>[\/et_pb_text][et_pb_divider color=&#8221;#ffffff&#8221; divider_weight=&#8221;3px&#8221; disabled_on=&#8221;off|off|off&#8221; _builder_version=&#8221;4.16&#8243; background_color_gradient_direction=&#8221;90deg&#8221; max_width=&#8221;100px&#8221; module_alignment=&#8221;center&#8221; height=&#8221;5px&#8221; custom_margin=&#8221;||20px|&#8221; custom_padding=&#8221;||20px|&#8221; animation_style=&#8221;slide&#8221; animation_direction=&#8221;bottom&#8221; saved_tabs=&#8221;all&#8221; locked=&#8221;off&#8221; global_colors_info=&#8221;{}&#8221; theme_builder_area=&#8221;post_content&#8221;][\/et_pb_divider][\/et_pb_column][\/et_pb_row][et_pb_row column_structure=&#8221;1_2,1_2&#8243; _builder_version=&#8221;4.18.1&#8243; _module_preset=&#8221;default&#8221; global_colors_info=&#8221;{}&#8221; theme_builder_area=&#8221;post_content&#8221;][et_pb_column type=&#8221;1_2&#8243; _builder_version=&#8221;4.18.1&#8243; _module_preset=&#8221;default&#8221; global_colors_info=&#8221;{}&#8221; theme_builder_area=&#8221;post_content&#8221;][et_pb_testimonial author=&#8221;Marco&#8221; portrait_url=&#8221;https:\/\/ag-frisch.com\/wp-content\/uploads\/2021\/08\/Harald.png&#8221; quote_icon=&#8221;off&#8221; _builder_version=&#8221;4.18.1&#8243; _module_preset=&#8221;default&#8221; body_font_size=&#8221;16px&#8221; use_background_color=&#8221;off&#8221; background_layout=&#8221;dark&#8221; global_colors_info=&#8221;{}&#8221; theme_builder_area=&#8221;post_content&#8221;]Ich habe die Agentur Frisch beauftragt ein gr\u00f6\u00dferes M\u00f6belst\u00fcck in China produzieren zu lassen um es dann folglich nach Deutschland zu \u00fcberf\u00fchren. Per Mail erfolgte die ganze Zeit \u00fcber eine reibungslose Kommunikation! Sehr schnelle und zuverl\u00e4ssige Antworten vermittelten mir st\u00e4ndig die Sicherheiten, die bei so einen Unterfangen unerl\u00e4sslich sind. Jederzeit wurde mir durch den B\u00fcrokratiedschungel geholfen und dabei wurden keine Formulare vergessen oder falsch ausgef\u00fcllt. Sehr lobenswert!<a href=\"&lt;div class=&quot;pe-richsnippets&quot;&gt;&amp;nbsp;&lt;\/div&gt; &lt;script type=&quot;text\/javascript&quot; src=&quot;https:\/\/www.provenexpert.com\/widget\/richsnippet.js?u=1NUA0VwZ4RUZ5tmAi5zA4RaplNKAlWwZ&amp;v=2&quot; async&gt;&lt;\/script&gt; &lt;div style=&quot;text-align: justify;&quot;&gt;&lt;br \/&gt;\"><\/a><\/p>\n<div class=\"brow ratingBarMargin\">\n<div class=\"ratingBar\">\n<div class=\"brow\">\n<div class=\"pe-richsnippets\">&nbsp;<\/div>\n<p><script type=\"text\/javascript\" src=\"https:\/\/www.provenexpert.com\/widget\/richsnippet.js?u=1NUA0VwZ4RUZ5tmAi5zA4RaplNKAlWwZ&#038;v=2\" async><\/script><\/p>\n<div style=\"text-align: justify;\"><\/p>\n<div class=\"col-lg-9 col-md-8 col-xs-10 mt20 mb20\">\n<div class=\"col-xs-12 surveyNameForRating\"><\/div>\n<\/div>\n<\/div>\n<\/div>\n<\/div>\n<\/div>\n<p>[\/et_pb_testimonial][\/et_pb_column][et_pb_column type=&#8221;1_2&#8243; _builder_version=&#8221;4.18.1&#8243; _module_preset=&#8221;default&#8221; global_colors_info=&#8221;{}&#8221; theme_builder_area=&#8221;post_content&#8221;][et_pb_testimonial author=&#8221;Simone L.&#8221; portrait_url=&#8221;https:\/\/ag-frisch.com\/wp-content\/uploads\/2021\/08\/Harald.png&#8221; quote_icon=&#8221;off&#8221; _builder_version=&#8221;4.18.1&#8243; _module_preset=&#8221;default&#8221; body_font_size=&#8221;16px&#8221; use_background_color=&#8221;off&#8221; background_layout=&#8221;dark&#8221; global_colors_info=&#8221;{}&#8221; theme_builder_area=&#8221;post_content&#8221;]<\/p>\n<p>Alles Top. Besser geht nicht. Beratung und Durchf\u00fchrung kann man nicht besser machen. Wir sind nach mehreren Bestellungen bei diesem Unternehmen mehr als zufrieden und setzen die Zusammenarbeit fort.<\/p>\n<div class=\"brow ratingBarMargin\">\n<div class=\"ratingBar\">\n<div class=\"brow\">\n<div class=\"pe-richsnippets\">\u00a0<\/div>\n<p>\n<script type=\"text\/javascript\" src=\"https:\/\/www.provenexpert.com\/widget\/richsnippet.js?u=1NUA0VwZ4RUZ5tmAi5zA4RaplNKAlWwZ&amp;v=2\" async=\"\"><\/script>\n<\/p>\n<div style=\"text-align: justify;\">\n<p>&nbsp;<\/p>\n<div class=\"col-lg-9 col-md-8 col-xs-10 mt20 mb20\">\n<div class=\"col-xs-12 surveyNameForRating\"><\/div>\n<\/div>\n<\/div>\n<\/div>\n<\/div>\n<\/div>\n<p>[\/et_pb_testimonial][\/et_pb_column][\/et_pb_row][et_pb_row _builder_version=&#8221;4.16&#8243; background_size=&#8221;initial&#8221; background_position=&#8221;top_left&#8221; background_repeat=&#8221;repeat&#8221; custom_padding=&#8221;50px|0px|30px|0px&#8221; custom_css_main_element=&#8221;text-align: center;&#8221; global_colors_info=&#8221;{}&#8221; theme_builder_area=&#8221;post_content&#8221;][et_pb_column type=&#8221;4_4&#8243; _builder_version=&#8221;4.16&#8243; custom_padding=&#8221;|||&#8221; global_colors_info=&#8221;{}&#8221; custom_padding__hover=&#8221;|||&#8221; theme_builder_area=&#8221;post_content&#8221;][et_pb_button button_url=&#8221;https:\/\/www.provenexpert.com\/de-de\/agentur-frisch-international-consulting-gmbh-und-co-kg\/&#8221; button_text=&#8221;MEHR BEWERTUNGEN&#8221; button_alignment=&#8221;left&#8221; admin_label=&#8221;Testimonial Button&#8221; _builder_version=&#8221;4.16&#8243; custom_button=&#8221;on&#8221; button_text_size=&#8221;18px&#8221; button_text_color=&#8221;#ffffff&#8221; button_bg_color=&#8221;#6eba01&#8243; button_border_width=&#8221;2px&#8221; button_border_color=&#8221;#6eba01&#8243; button_border_radius=&#8221;0px&#8221; button_letter_spacing=&#8221;2px&#8221; button_font=&#8221;Montserrat|||on|&#8221; button_use_icon=&#8221;off&#8221; animation_style=&#8221;fold&#8221; animation_direction=&#8221;bottom&#8221; button_text_color_hover=&#8221;#ffffff&#8221; button_border_color_hover=&#8221;#ffffff&#8221; button_border_radius_hover=&#8221;0px&#8221; button_letter_spacing_hover=&#8221;2px&#8221; button_bg_color_hover=&#8221;rgba(255,255,255,0)&#8221; locked=&#8221;off&#8221; global_colors_info=&#8221;{}&#8221; button_text_size__hover_enabled=&#8221;off&#8221; button_one_text_size__hover_enabled=&#8221;off&#8221; button_two_text_size__hover_enabled=&#8221;off&#8221; button_text_color__hover_enabled=&#8221;on&#8221; button_text_color__hover=&#8221;#ffffff&#8221; button_one_text_color__hover_enabled=&#8221;off&#8221; button_two_text_color__hover_enabled=&#8221;off&#8221; button_border_width__hover_enabled=&#8221;off&#8221; button_one_border_width__hover_enabled=&#8221;off&#8221; button_two_border_width__hover_enabled=&#8221;off&#8221; button_border_color__hover_enabled=&#8221;on&#8221; button_border_color__hover=&#8221;#ffffff&#8221; button_one_border_color__hover_enabled=&#8221;off&#8221; button_two_border_color__hover_enabled=&#8221;off&#8221; button_border_radius__hover_enabled=&#8221;on&#8221; button_border_radius__hover=&#8221;0px&#8221; button_one_border_radius__hover_enabled=&#8221;off&#8221; button_two_border_radius__hover_enabled=&#8221;off&#8221; button_letter_spacing__hover_enabled=&#8221;on&#8221; button_letter_spacing__hover=&#8221;2px&#8221; button_one_letter_spacing__hover_enabled=&#8221;off&#8221; button_two_letter_spacing__hover_enabled=&#8221;off&#8221; button_bg_color__hover_enabled=&#8221;on&#8221; button_bg_color__hover=&#8221;rgba(255,255,255,0)&#8221; button_one_bg_color__hover_enabled=&#8221;off&#8221; button_two_bg_color__hover_enabled=&#8221;off&#8221; theme_builder_area=&#8221;post_content&#8221;][\/et_pb_button][\/et_pb_column][\/et_pb_row][\/et_pb_section]<\/p>\n","protected":false},"excerpt":{"rendered":"<p>Die China Import Agentur Frisch ber\u00e4t Sie gerne bei Fragen zu der LVD-Richtlinie bei Produkten aus China.Niederspannungstechnik &#8211; LVD-Richtlinie bei Produkten aus ChinaNiederspannungstechnik (LVD) Einhaltung der LVD-Richtlinie bei Produktion aus China Die Niederspannungsrichtlinie (engl. Low Voltage Directive) ist gemeinsam mit der Richtlinie zur elektromagnetischen Vertr\u00e4glichkeit die wichtigste Richtlinie f\u00fcr den Verkauf elektronischer Produkte im deutschen\/europ\u00e4ischen [&hellip;]<\/p>\n","protected":false},"author":2,"featured_media":0,"parent":0,"menu_order":0,"comment_status":"closed","ping_status":"closed","template":"","meta":{"_et_pb_use_builder":"on","_et_pb_old_content":"","_et_gb_content_width":"","footnotes":""},"class_list":["post-4944","page","type-page","status-publish","hentry"],"yoast_head":"<!-- This site is optimized with the Yoast SEO plugin v27.2 - https:\/\/yoast.com\/product\/yoast-seo-wordpress\/ -->\n<title>LVD-Richtlinie: Einhaltung bei Produkten aus China<\/title>\n<meta name=\"description\" content=\"Einhaltung der LVD-Richtlinie bei Produktion in China \u25ba LVD-Pr\u00fcfung in China direkt von erfahrenen Experten \u25ba Jetzt beraten lassen!\" \/>\n<meta name=\"robots\" content=\"index, follow, max-snippet:-1, max-image-preview:large, max-video-preview:-1\" \/>\n<link rel=\"canonical\" href=\"https:\/\/ag-frisch.com\/de\/niederspannungstechnik-lvd-richtlinie-china\/\" \/>\n<meta property=\"og:locale\" content=\"de_DE\" \/>\n<meta property=\"og:type\" content=\"article\" \/>\n<meta property=\"og:title\" content=\"LVD-Richtlinie: Einhaltung bei Produkten aus China\" \/>\n<meta property=\"og:description\" content=\"Einhaltung der LVD-Richtlinie bei Produktion in China \u25ba LVD-Pr\u00fcfung in China direkt von erfahrenen Experten \u25ba Jetzt beraten lassen!\" \/>\n<meta property=\"og:url\" content=\"https:\/\/ag-frisch.com\/de\/niederspannungstechnik-lvd-richtlinie-china\/\" \/>\n<meta property=\"og:site_name\" content=\"China Import Beratung f\u00fcr den Einkauf aus China\" \/>\n<meta property=\"article:publisher\" content=\"https:\/\/www.facebook.com\/China.Import\" \/>\n<meta property=\"article:modified_time\" content=\"2022-12-08T09:36:59+00:00\" \/>\n<meta name=\"twitter:card\" content=\"summary_large_image\" \/>\n<meta name=\"twitter:site\" content=\"@agenturfrisch\" \/>\n<meta name=\"twitter:label1\" content=\"Gesch\u00e4tzte Lesezeit\" \/>\n\t<meta name=\"twitter:data1\" content=\"8\u00a0Minuten\" \/>\n<script type=\"application\/ld+json\" class=\"yoast-schema-graph\">{\"@context\":\"https:\/\/schema.org\",\"@graph\":[{\"@type\":\"WebPage\",\"@id\":\"https:\/\/ag-frisch.com\/de\/niederspannungstechnik-lvd-richtlinie-china\/\",\"url\":\"https:\/\/ag-frisch.com\/de\/niederspannungstechnik-lvd-richtlinie-china\/\",\"name\":\"LVD-Richtlinie: Einhaltung bei Produkten aus China\",\"isPartOf\":{\"@id\":\"https:\/\/ag-frisch.com\/de\/#website\"},\"datePublished\":\"2022-08-12T11:00:09+00:00\",\"dateModified\":\"2022-12-08T09:36:59+00:00\",\"description\":\"Einhaltung der LVD-Richtlinie bei Produktion in China \u25ba LVD-Pr\u00fcfung in China direkt von erfahrenen Experten \u25ba Jetzt beraten lassen!\",\"breadcrumb\":{\"@id\":\"https:\/\/ag-frisch.com\/de\/niederspannungstechnik-lvd-richtlinie-china\/#breadcrumb\"},\"inLanguage\":\"de\",\"potentialAction\":[{\"@type\":\"ReadAction\",\"target\":[\"https:\/\/ag-frisch.com\/de\/niederspannungstechnik-lvd-richtlinie-china\/\"]}]},{\"@type\":\"BreadcrumbList\",\"@id\":\"https:\/\/ag-frisch.com\/de\/niederspannungstechnik-lvd-richtlinie-china\/#breadcrumb\",\"itemListElement\":[{\"@type\":\"ListItem\",\"position\":1,\"name\":\"Startseite\",\"item\":\"https:\/\/ag-frisch.com\/de\/\"},{\"@type\":\"ListItem\",\"position\":2,\"name\":\"Niederspannungstechnik\"}]},{\"@type\":\"WebSite\",\"@id\":\"https:\/\/ag-frisch.com\/de\/#website\",\"url\":\"https:\/\/ag-frisch.com\/de\/\",\"name\":\"China Import Beratung f\u00fcr den Einkauf aus China\",\"description\":\"China Import &amp; Export Beratung - Der Dienstleister Ihres Vertrauens f\u00fcr Ihren China Import\",\"publisher\":{\"@id\":\"https:\/\/ag-frisch.com\/de\/#organization\"},\"potentialAction\":[{\"@type\":\"SearchAction\",\"target\":{\"@type\":\"EntryPoint\",\"urlTemplate\":\"https:\/\/ag-frisch.com\/de\/?s={search_term_string}\"},\"query-input\":{\"@type\":\"PropertyValueSpecification\",\"valueRequired\":true,\"valueName\":\"search_term_string\"}}],\"inLanguage\":\"de\"},{\"@type\":\"Organization\",\"@id\":\"https:\/\/ag-frisch.com\/de\/#organization\",\"name\":\"Agentur Frisch International Consulting GmbH & Co. KG\",\"url\":\"https:\/\/ag-frisch.com\/de\/\",\"logo\":{\"@type\":\"ImageObject\",\"inLanguage\":\"de\",\"@id\":\"https:\/\/ag-frisch.com\/de\/#\/schema\/logo\/image\/\",\"url\":\"https:\/\/ag-frisch.com\/wp-content\/uploads\/2021\/08\/ag_logo_rgb_300_small.png\",\"contentUrl\":\"https:\/\/ag-frisch.com\/wp-content\/uploads\/2021\/08\/ag_logo_rgb_300_small.png\",\"width\":153,\"height\":102,\"caption\":\"Agentur Frisch International Consulting GmbH & Co. KG\"},\"image\":{\"@id\":\"https:\/\/ag-frisch.com\/de\/#\/schema\/logo\/image\/\"},\"sameAs\":[\"https:\/\/www.facebook.com\/China.Import\",\"https:\/\/x.com\/agenturfrisch\"]}]}<\/script>\n<!-- \/ Yoast SEO plugin. -->","yoast_head_json":{"title":"LVD-Richtlinie: Einhaltung bei Produkten aus China","description":"Einhaltung der LVD-Richtlinie bei Produktion in China \u25ba LVD-Pr\u00fcfung in China direkt von erfahrenen Experten \u25ba Jetzt beraten lassen!","robots":{"index":"index","follow":"follow","max-snippet":"max-snippet:-1","max-image-preview":"max-image-preview:large","max-video-preview":"max-video-preview:-1"},"canonical":"https:\/\/ag-frisch.com\/de\/niederspannungstechnik-lvd-richtlinie-china\/","og_locale":"de_DE","og_type":"article","og_title":"LVD-Richtlinie: Einhaltung bei Produkten aus China","og_description":"Einhaltung der LVD-Richtlinie bei Produktion in China \u25ba LVD-Pr\u00fcfung in China direkt von erfahrenen Experten \u25ba Jetzt beraten lassen!","og_url":"https:\/\/ag-frisch.com\/de\/niederspannungstechnik-lvd-richtlinie-china\/","og_site_name":"China Import Beratung f\u00fcr den Einkauf aus China","article_publisher":"https:\/\/www.facebook.com\/China.Import","article_modified_time":"2022-12-08T09:36:59+00:00","twitter_card":"summary_large_image","twitter_site":"@agenturfrisch","twitter_misc":{"Gesch\u00e4tzte Lesezeit":"8\u00a0Minuten"},"schema":{"@context":"https:\/\/schema.org","@graph":[{"@type":"WebPage","@id":"https:\/\/ag-frisch.com\/de\/niederspannungstechnik-lvd-richtlinie-china\/","url":"https:\/\/ag-frisch.com\/de\/niederspannungstechnik-lvd-richtlinie-china\/","name":"LVD-Richtlinie: Einhaltung bei Produkten aus China","isPartOf":{"@id":"https:\/\/ag-frisch.com\/de\/#website"},"datePublished":"2022-08-12T11:00:09+00:00","dateModified":"2022-12-08T09:36:59+00:00","description":"Einhaltung der LVD-Richtlinie bei Produktion in China \u25ba LVD-Pr\u00fcfung in China direkt von erfahrenen Experten \u25ba Jetzt beraten lassen!","breadcrumb":{"@id":"https:\/\/ag-frisch.com\/de\/niederspannungstechnik-lvd-richtlinie-china\/#breadcrumb"},"inLanguage":"de","potentialAction":[{"@type":"ReadAction","target":["https:\/\/ag-frisch.com\/de\/niederspannungstechnik-lvd-richtlinie-china\/"]}]},{"@type":"BreadcrumbList","@id":"https:\/\/ag-frisch.com\/de\/niederspannungstechnik-lvd-richtlinie-china\/#breadcrumb","itemListElement":[{"@type":"ListItem","position":1,"name":"Startseite","item":"https:\/\/ag-frisch.com\/de\/"},{"@type":"ListItem","position":2,"name":"Niederspannungstechnik"}]},{"@type":"WebSite","@id":"https:\/\/ag-frisch.com\/de\/#website","url":"https:\/\/ag-frisch.com\/de\/","name":"China Import Beratung f\u00fcr den Einkauf aus China","description":"China Import &amp; Export Beratung - Der Dienstleister Ihres Vertrauens f\u00fcr Ihren China Import","publisher":{"@id":"https:\/\/ag-frisch.com\/de\/#organization"},"potentialAction":[{"@type":"SearchAction","target":{"@type":"EntryPoint","urlTemplate":"https:\/\/ag-frisch.com\/de\/?s={search_term_string}"},"query-input":{"@type":"PropertyValueSpecification","valueRequired":true,"valueName":"search_term_string"}}],"inLanguage":"de"},{"@type":"Organization","@id":"https:\/\/ag-frisch.com\/de\/#organization","name":"Agentur Frisch International Consulting GmbH & Co. KG","url":"https:\/\/ag-frisch.com\/de\/","logo":{"@type":"ImageObject","inLanguage":"de","@id":"https:\/\/ag-frisch.com\/de\/#\/schema\/logo\/image\/","url":"https:\/\/ag-frisch.com\/wp-content\/uploads\/2021\/08\/ag_logo_rgb_300_small.png","contentUrl":"https:\/\/ag-frisch.com\/wp-content\/uploads\/2021\/08\/ag_logo_rgb_300_small.png","width":153,"height":102,"caption":"Agentur Frisch International Consulting GmbH & Co. KG"},"image":{"@id":"https:\/\/ag-frisch.com\/de\/#\/schema\/logo\/image\/"},"sameAs":["https:\/\/www.facebook.com\/China.Import","https:\/\/x.com\/agenturfrisch"]}]}},"_links":{"self":[{"href":"https:\/\/ag-frisch.com\/de\/wp-json\/wp\/v2\/pages\/4944","targetHints":{"allow":["GET"]}}],"collection":[{"href":"https:\/\/ag-frisch.com\/de\/wp-json\/wp\/v2\/pages"}],"about":[{"href":"https:\/\/ag-frisch.com\/de\/wp-json\/wp\/v2\/types\/page"}],"author":[{"embeddable":true,"href":"https:\/\/ag-frisch.com\/de\/wp-json\/wp\/v2\/users\/2"}],"replies":[{"embeddable":true,"href":"https:\/\/ag-frisch.com\/de\/wp-json\/wp\/v2\/comments?post=4944"}],"version-history":[{"count":0,"href":"https:\/\/ag-frisch.com\/de\/wp-json\/wp\/v2\/pages\/4944\/revisions"}],"wp:attachment":[{"href":"https:\/\/ag-frisch.com\/de\/wp-json\/wp\/v2\/media?parent=4944"}],"curies":[{"name":"wp","href":"https:\/\/api.w.org\/{rel}","templated":true}]}}