{"id":4966,"date":"2022-08-15T22:24:08","date_gmt":"2022-08-15T20:24:08","guid":{"rendered":"https:\/\/ag-frisch.com\/?page_id=4966"},"modified":"2022-12-08T10:46:35","modified_gmt":"2022-12-08T09:46:35","slug":"psa-verordnung-sicherheitsausruestung-china","status":"publish","type":"page","link":"https:\/\/ag-frisch.com\/de\/psa-verordnung-sicherheitsausruestung-china\/","title":{"rendered":"Persoenliche-Sicherheitsausruestung"},"content":{"rendered":"<p>[et_pb_section fb_built=&#8221;1&#8243; _builder_version=&#8221;4.16&#8243; _module_preset=&#8221;default&#8221; global_colors_info=&#8221;{}&#8221;][et_pb_row _builder_version=&#8221;4.18.1&#8243; _module_preset=&#8221;default&#8221;][et_pb_column _builder_version=&#8221;4.18.1&#8243; _module_preset=&#8221;default&#8221; type=&#8221;4_4&#8243;][et_pb_cta title=&#8221;PSA-Verordnungs Beratung&#8221; button_url=&#8221;\/kontakt\/&#8221; button_text=&#8221;Jetzt Beratung buchen&#8221; _builder_version=&#8221;4.16&#8243; _module_preset=&#8221;default&#8221; global_colors_info=&#8221;{}&#8221; theme_builder_area=&#8221;post_content&#8221;]<\/p>\n<p>Durch die Beratung der China Import Agentur Frisch geschehen Ihnen keine Fehler beim Import von Pers\u00f6nlicher Sicherheitsausr\u00fcstung aus China.<\/p>\n<p>[\/et_pb_cta][\/et_pb_column][\/et_pb_row][et_pb_row _builder_version=&#8221;4.16&#8243; _module_preset=&#8221;default&#8221; global_colors_info=&#8221;{}&#8221;][et_pb_column type=&#8221;4_4&#8243; _builder_version=&#8221;4.16&#8243; _module_preset=&#8221;default&#8221; global_colors_info=&#8221;{}&#8221;][et_pb_text admin_label=&#8221;H1&#8243; _builder_version=&#8221;4.18.1&#8243; _module_preset=&#8221;default&#8221; global_colors_info=&#8221;{}&#8221;]<\/p>\n<h1>PSA-Verordnung bei Produktion in China<\/h1>\n<p>[\/et_pb_text][et_pb_text _builder_version=&#8221;4.16&#8243; _module_preset=&#8221;default&#8221; global_colors_info=&#8221;{}&#8221;]<\/p>\n<p><strong>Pers\u00f6nliche Sicherheitsausr\u00fcstung (PSA)<\/strong><\/p>\n<p><strong>Einhaltung der PSA-Verordnung bei Produktion in China<\/strong><\/p>\n<p>Von den Einweghandschuhen bis zur kugelsicheren Weste \u2013 pers\u00f6nliche Schutzausr\u00fcstung umfasst einen gro\u00dfen Bereich und ist ein florierender Markt, auf dem gute Gesch\u00e4fte zu machen sind. Beim Import von Artikeln der pers\u00f6nlichen Schutzausr\u00fcstung (PSA) aus China muss jedoch, wie auch bei der Produktion im Inland, die PSA-Verordnung beachtet werden.<\/p>\n<p>Die PSA-Verordnung ersetzt seit 2018 die PSA-Richtlinie und regelt verbindlich die Anforderungen an Produkte, die der pers\u00f6nlichen Sicherheitsausr\u00fcstung dienen. Wenn Sie sch\u00fctzende Produkte aus den folgenden Verwendungsgruppen importieren wollen, besteht eine hohe Wahrscheinlichkeit, dass diese der PSA-Verordnung entsprechen m\u00fcssen:<\/p>\n<ul>\n<li>Schutzausr\u00fcstung im gewerblichen Bereich<\/li>\n<li>medizinischer Bereich und Gesundheitsdienst<\/li>\n<li>sch\u00fctzende Artikel f\u00fcr Freizeit oder Sport<\/li>\n<\/ul>\n<p>Die Fachleute der Agentur Frisch beraten Sie gerne zu der Frage, ob der von Ihnen aus China importierte Artikel unter die PSA-Verordnung f\u00e4llt.<\/p>\n<p>&nbsp;<\/p>\n<p><strong>Die 3 Schutzklassen der PSA-Verordnung<\/strong><\/p>\n<p>Je nach Schutzgrad unterteilt die Verordnung Artikel der PSA in drei gestaffelte Kategorien. F\u00fcr die verschiedenen Kategorien gelten unterschiedliche Bestimmungen, was die Einfuhr und den Verkauf in Deutschland (und der EU) betrifft. Um die Einhaltung der PSA-Verordnung bei Produktion in China zu gew\u00e4hrleisten, m\u00fcssen Sie die Bedingungen der jeweiligen Schutzklasse erf\u00fcllen.<\/p>\n<p>Die Schutzklassen sind:<\/p>\n<ul>\n<li><strong>Kategorie 1 \u2013 leichter Schutz<\/strong><\/li>\n<\/ul>\n<p>Schutzausr\u00fcstung der Kategorie 1 sch\u00fctzt gegen leichte oberfl\u00e4chliche mechanische Verletzungen, Kontakt mit hei\u00dfen Oberfl\u00e4chen bis maximal 50 \u00b0C oder normalen Witterungsbedingungen.<\/p>\n<p>&nbsp;<\/p>\n<p><strong>Beispiele:<\/strong><\/p>\n<ul>\n<li>Sonnenbrillen<\/li>\n<li>Kochsch\u00fcrzen<\/li>\n<li>Gartenhandschuhe<\/li>\n<\/ul>\n<p>&nbsp;<\/p>\n<ul>\n<li><strong>Kategorie 2 \u2013 Diverses und mittlerer Schutz<\/strong><\/li>\n<\/ul>\n<p>Die Schutzausr\u00fcstung der Kategorie 2 umfasst alle Produkte, die nicht in Kategorie 1 oder 3 fallen.<\/p>\n<p>&nbsp;<\/p>\n<p><strong>Beispiele:<\/strong><\/p>\n<ul>\n<li>Schwimmfl\u00fcgel, Schwimmlernhilfen<\/li>\n<li>Fahrradhelme<\/li>\n<li>Arbeitsschutzschuhe und -handschuhe<\/li>\n<\/ul>\n<p>&nbsp;<\/p>\n<ul>\n<li><strong>Kategorie 3 \u2013 starker Schutz <\/strong><\/li>\n<\/ul>\n<p>Diese Kategorie beinhaltet alle PSA, die vor irreversiblen oder t\u00f6dlichen Sch\u00e4den bewahrt. Das kann beispielsweise nukleare Strahlung sein, starke Hitze oder K\u00e4lte, St\u00fcrze, schwere Schnittverletzungen, elektrischer Schlag und Gefahrstoffe.<\/p>\n<p>&nbsp;<\/p>\n<p><strong>Beispiele:<\/strong><\/p>\n<ul>\n<li>Rettungswesten<\/li>\n<li>schnittsichere Handschuhe<\/li>\n<li>Laboranz\u00fcge<\/li>\n<li>Atemschutzmasken<\/li>\n<\/ul>\n<p>&nbsp;<\/p>\n<p>Je nach Schutzkategorie m\u00fcssen Sie strenge Auflagen erf\u00fcllen zur Einhaltung der PSA-Verordnung bei Produktion in China. Wir informieren und beraten Sie gern, und f\u00fchren auch die notwendigen Pr\u00fcfungen in unseren Laboren durch.<\/p>\n<p>&nbsp;<\/p>\n<p><strong>PSA-Pr\u00fcfung in China<\/strong><\/p>\n<p>Die BEIDE Compliance Laboratory ist eine Tochterfirma der Agentur Frisch, die spezifische anspruchsvolle Pr\u00fcfungen durchf\u00fchrt. Darunter sind auch die PSA-Pr\u00fcfungen in China, die n\u00f6tig sind, um f\u00fcr die Einhaltung der PSA-Verordnung bei Produktion in China zu sorgen.<\/p>\n<p>Wir evaluieren f\u00fcr Sie, welcher Kategorie Ihr PSA-Produkt angeh\u00f6rt, und unterziehen es der notwendigen PSA-Pr\u00fcfung in China. Dies bietet f\u00fcr Sie vielf\u00e4ltige Vorteile. So verlieren Sie bei einer Pr\u00fcfung durch BEIDE Compliance Laboratory keine Zeit, und es kann nicht zu Missverst\u00e4ndnissen kommen. Wir \u00fcbernehmen den gesamten Prozess f\u00fcr Sie.<\/p>\n<p>&nbsp;<\/p>\n<p><strong>Konformit\u00e4tserkl\u00e4rung gem\u00e4\u00df PSA-Verordnung<\/strong><\/p>\n<p>Im Rahmen unserer Leistungen f\u00fchren wir f\u00fcr Sie nicht nur die PSA-Pr\u00fcfung in China durch, sondern erstellen zum Beispiel auch die technische Dokumentation mit Pr\u00fcfung der Sicherheits- und Gesundheitsanforderungen, realisieren die interne Fertigungskontrolle und erledigen das gesamte Konformit\u00e4tsverfahren f\u00fcr Sie.<\/p>\n<p>Produkte der PSA ab Kategorie 2 m\u00fcssen durch eine notifizierte Stelle gepr\u00fcft werden. In diesem Fall bereiten wir alles daf\u00fcr vor und begleiten die Prozesse bis zur Erledigung.<\/p>\n<p>&nbsp;<\/p>\n<p><strong>Ein Import von PSA-Artikeln ohne Einhaltung der PSA-Verordnung ist nicht m\u00f6glich. Wir erledigen das f\u00fcr Sie.<\/strong><\/p>\n<p>[\/et_pb_text][\/et_pb_column][\/et_pb_row][\/et_pb_section][et_pb_section fb_built=&#8221;1&#8243; admin_label=&#8221;Testimonials&#8221; _builder_version=&#8221;4.16&#8243; use_background_color_gradient=&#8221;on&#8221; background_color_gradient_stops=&#8221;rgba(0,106,156,0.85) 0%|rgba(0,106,156,0.85) 100%&#8221; background_color_gradient_start=&#8221;rgba(0,106,156,0.85)&#8221; background_color_gradient_end=&#8221;rgba(0,106,156,0.85)&#8221; custom_padding=&#8221;90px||60px|&#8221; animation_style=&#8221;fold&#8221; animation_direction=&#8221;bottom&#8221; animation_intensity_fold=&#8221;4%&#8221; global_colors_info=&#8221;{}&#8221; theme_builder_area=&#8221;post_content&#8221;][et_pb_row _builder_version=&#8221;4.16&#8243; background_size=&#8221;initial&#8221; background_position=&#8221;top_left&#8221; background_repeat=&#8221;repeat&#8221; custom_width_px=&#8221;710px&#8221; locked=&#8221;off&#8221; global_colors_info=&#8221;{}&#8221; theme_builder_area=&#8221;post_content&#8221;][et_pb_column type=&#8221;4_4&#8243; _builder_version=&#8221;4.16&#8243; background_position=&#8221;top_left&#8221; custom_padding=&#8221;|||&#8221; global_colors_info=&#8221;{}&#8221; custom_padding__hover=&#8221;|||&#8221; theme_builder_area=&#8221;post_content&#8221;][et_pb_text admin_label=&#8221;Testimonials Section Title&#8221; _builder_version=&#8221;4.16&#8243; header_font=&#8221;Montserrat||||&#8221; header_font_size=&#8221;36px&#8221; background_size=&#8221;initial&#8221; background_position=&#8221;top_left&#8221; background_repeat=&#8221;repeat&#8221; text_orientation=&#8221;center&#8221; background_layout=&#8221;dark&#8221; max_width=&#8221;710px&#8221; module_alignment=&#8221;center&#8221; animation_style=&#8221;fold&#8221; animation_direction=&#8221;bottom&#8221; animation_intensity_fold=&#8221;20%&#8221; global_colors_info=&#8221;{}&#8221; theme_builder_area=&#8221;post_content&#8221;]<\/p>\n<h1>\u00dcber 5000 zufriedene Kunden.<\/h1>\n<p>&nbsp;<\/p>\n<p>[\/et_pb_text][et_pb_divider color=&#8221;#ffffff&#8221; divider_weight=&#8221;3px&#8221; disabled_on=&#8221;off|off|off&#8221; _builder_version=&#8221;4.16&#8243; background_color_gradient_direction=&#8221;90deg&#8221; max_width=&#8221;100px&#8221; module_alignment=&#8221;center&#8221; height=&#8221;5px&#8221; custom_margin=&#8221;||20px|&#8221; custom_padding=&#8221;||20px|&#8221; animation_style=&#8221;slide&#8221; animation_direction=&#8221;bottom&#8221; saved_tabs=&#8221;all&#8221; locked=&#8221;off&#8221; global_colors_info=&#8221;{}&#8221; theme_builder_area=&#8221;post_content&#8221;][\/et_pb_divider][\/et_pb_column][\/et_pb_row][et_pb_row column_structure=&#8221;1_2,1_2&#8243; _builder_version=&#8221;4.18.1&#8243; _module_preset=&#8221;default&#8221; global_colors_info=&#8221;{}&#8221; theme_builder_area=&#8221;post_content&#8221;][et_pb_column type=&#8221;1_2&#8243; _builder_version=&#8221;4.18.1&#8243; _module_preset=&#8221;default&#8221; global_colors_info=&#8221;{}&#8221; theme_builder_area=&#8221;post_content&#8221;][et_pb_testimonial author=&#8221;Marco&#8221; portrait_url=&#8221;https:\/\/ag-frisch.com\/wp-content\/uploads\/2021\/08\/Harald.png&#8221; quote_icon=&#8221;off&#8221; _builder_version=&#8221;4.18.1&#8243; _module_preset=&#8221;default&#8221; body_font_size=&#8221;16px&#8221; use_background_color=&#8221;off&#8221; background_layout=&#8221;dark&#8221; global_colors_info=&#8221;{}&#8221; theme_builder_area=&#8221;post_content&#8221;]Ich habe die Agentur Frisch beauftragt ein gr\u00f6\u00dferes M\u00f6belst\u00fcck in China produzieren zu lassen um es dann folglich nach Deutschland zu \u00fcberf\u00fchren. Per Mail erfolgte die ganze Zeit \u00fcber eine reibungslose Kommunikation! Sehr schnelle und zuverl\u00e4ssige Antworten vermittelten mir st\u00e4ndig die Sicherheiten, die bei so einen Unterfangen unerl\u00e4sslich sind. Jederzeit wurde mir durch den B\u00fcrokratiedschungel geholfen und dabei wurden keine Formulare vergessen oder falsch ausgef\u00fcllt. Sehr lobenswert!<a href=\"&lt;div class=&quot;pe-richsnippets&quot;&gt;&amp;nbsp;&lt;\/div&gt; &lt;script type=&quot;text\/javascript&quot; src=&quot;https:\/\/www.provenexpert.com\/widget\/richsnippet.js?u=1NUA0VwZ4RUZ5tmAi5zA4RaplNKAlWwZ&amp;v=2&quot; async&gt;&lt;\/script&gt; &lt;div style=&quot;text-align: justify;&quot;&gt;&lt;br \/&gt;\"><\/a><\/p>\n<div class=\"brow ratingBarMargin\">\n<div class=\"ratingBar\">\n<div class=\"brow\">\n<div class=\"pe-richsnippets\">&nbsp;<\/div>\n<p><script type=\"text\/javascript\" src=\"https:\/\/www.provenexpert.com\/widget\/richsnippet.js?u=1NUA0VwZ4RUZ5tmAi5zA4RaplNKAlWwZ&#038;v=2\" async><\/script><\/p>\n<div style=\"text-align: justify;\"><\/p>\n<div class=\"col-lg-9 col-md-8 col-xs-10 mt20 mb20\">\n<div class=\"col-xs-12 surveyNameForRating\"><\/div>\n<\/div>\n<\/div>\n<\/div>\n<\/div>\n<\/div>\n<p>[\/et_pb_testimonial][\/et_pb_column][et_pb_column type=&#8221;1_2&#8243; _builder_version=&#8221;4.18.1&#8243; _module_preset=&#8221;default&#8221; global_colors_info=&#8221;{}&#8221; theme_builder_area=&#8221;post_content&#8221;][et_pb_testimonial author=&#8221;Simone L.&#8221; portrait_url=&#8221;https:\/\/ag-frisch.com\/wp-content\/uploads\/2021\/08\/Harald.png&#8221; quote_icon=&#8221;off&#8221; _builder_version=&#8221;4.18.1&#8243; _module_preset=&#8221;default&#8221; body_font_size=&#8221;16px&#8221; use_background_color=&#8221;off&#8221; background_layout=&#8221;dark&#8221; global_colors_info=&#8221;{}&#8221; theme_builder_area=&#8221;post_content&#8221;]<\/p>\n<p>Alles Top. Besser geht nicht. Beratung und Durchf\u00fchrung kann man nicht besser machen. Wir sind nach mehreren Bestellungen bei diesem Unternehmen mehr als zufrieden und setzen die Zusammenarbeit fort.<\/p>\n<div class=\"brow ratingBarMargin\">\n<div class=\"ratingBar\">\n<div class=\"brow\">\n<div class=\"pe-richsnippets\">\u00a0<\/div>\n<p>\n<script type=\"text\/javascript\" src=\"https:\/\/www.provenexpert.com\/widget\/richsnippet.js?u=1NUA0VwZ4RUZ5tmAi5zA4RaplNKAlWwZ&amp;v=2\" async=\"\"><\/script>\n<\/p>\n<div style=\"text-align: justify;\">\n<p>&nbsp;<\/p>\n<div class=\"col-lg-9 col-md-8 col-xs-10 mt20 mb20\">\n<div class=\"col-xs-12 surveyNameForRating\"><\/div>\n<\/div>\n<\/div>\n<\/div>\n<\/div>\n<\/div>\n<p>[\/et_pb_testimonial][\/et_pb_column][\/et_pb_row][et_pb_row _builder_version=&#8221;4.16&#8243; background_size=&#8221;initial&#8221; background_position=&#8221;top_left&#8221; background_repeat=&#8221;repeat&#8221; custom_padding=&#8221;50px|0px|30px|0px&#8221; custom_css_main_element=&#8221;text-align: center;&#8221; global_colors_info=&#8221;{}&#8221; theme_builder_area=&#8221;post_content&#8221;][et_pb_column type=&#8221;4_4&#8243; _builder_version=&#8221;4.16&#8243; custom_padding=&#8221;|||&#8221; global_colors_info=&#8221;{}&#8221; custom_padding__hover=&#8221;|||&#8221; theme_builder_area=&#8221;post_content&#8221;][et_pb_button button_url=&#8221;https:\/\/www.provenexpert.com\/de-de\/agentur-frisch-international-consulting-gmbh-und-co-kg\/&#8221; button_text=&#8221;MEHR BEWERTUNGEN&#8221; button_alignment=&#8221;left&#8221; admin_label=&#8221;Testimonial Button&#8221; _builder_version=&#8221;4.16&#8243; custom_button=&#8221;on&#8221; button_text_size=&#8221;18px&#8221; button_text_color=&#8221;#ffffff&#8221; button_bg_color=&#8221;#6eba01&#8243; button_border_width=&#8221;2px&#8221; button_border_color=&#8221;#6eba01&#8243; button_border_radius=&#8221;0px&#8221; button_letter_spacing=&#8221;2px&#8221; button_font=&#8221;Montserrat|||on|&#8221; button_use_icon=&#8221;off&#8221; animation_style=&#8221;fold&#8221; animation_direction=&#8221;bottom&#8221; button_text_color_hover=&#8221;#ffffff&#8221; button_border_color_hover=&#8221;#ffffff&#8221; button_border_radius_hover=&#8221;0px&#8221; button_letter_spacing_hover=&#8221;2px&#8221; button_bg_color_hover=&#8221;rgba(255,255,255,0)&#8221; locked=&#8221;off&#8221; global_colors_info=&#8221;{}&#8221; button_text_size__hover_enabled=&#8221;off&#8221; button_one_text_size__hover_enabled=&#8221;off&#8221; button_two_text_size__hover_enabled=&#8221;off&#8221; button_text_color__hover_enabled=&#8221;on&#8221; button_text_color__hover=&#8221;#ffffff&#8221; button_one_text_color__hover_enabled=&#8221;off&#8221; button_two_text_color__hover_enabled=&#8221;off&#8221; button_border_width__hover_enabled=&#8221;off&#8221; button_one_border_width__hover_enabled=&#8221;off&#8221; button_two_border_width__hover_enabled=&#8221;off&#8221; button_border_color__hover_enabled=&#8221;on&#8221; button_border_color__hover=&#8221;#ffffff&#8221; button_one_border_color__hover_enabled=&#8221;off&#8221; button_two_border_color__hover_enabled=&#8221;off&#8221; button_border_radius__hover_enabled=&#8221;on&#8221; button_border_radius__hover=&#8221;0px&#8221; button_one_border_radius__hover_enabled=&#8221;off&#8221; button_two_border_radius__hover_enabled=&#8221;off&#8221; button_letter_spacing__hover_enabled=&#8221;on&#8221; button_letter_spacing__hover=&#8221;2px&#8221; button_one_letter_spacing__hover_enabled=&#8221;off&#8221; button_two_letter_spacing__hover_enabled=&#8221;off&#8221; button_bg_color__hover_enabled=&#8221;on&#8221; button_bg_color__hover=&#8221;rgba(255,255,255,0)&#8221; button_one_bg_color__hover_enabled=&#8221;off&#8221; button_two_bg_color__hover_enabled=&#8221;off&#8221; theme_builder_area=&#8221;post_content&#8221;][\/et_pb_button][\/et_pb_column][\/et_pb_row][\/et_pb_section]<\/p>\n","protected":false},"excerpt":{"rendered":"<p>Durch die Beratung der China Import Agentur Frisch geschehen Ihnen keine Fehler beim Import von Pers\u00f6nlicher Sicherheitsausr\u00fcstung aus China.PSA-Verordnung bei Produktion in ChinaPers\u00f6nliche Sicherheitsausr\u00fcstung (PSA) Einhaltung der PSA-Verordnung bei Produktion in China Von den Einweghandschuhen bis zur kugelsicheren Weste \u2013 pers\u00f6nliche Schutzausr\u00fcstung umfasst einen gro\u00dfen Bereich und ist ein florierender Markt, auf dem gute Gesch\u00e4fte [&hellip;]<\/p>\n","protected":false},"author":2,"featured_media":0,"parent":0,"menu_order":0,"comment_status":"closed","ping_status":"closed","template":"","meta":{"_et_pb_use_builder":"on","_et_pb_old_content":"","_et_gb_content_width":"","footnotes":""},"class_list":["post-4966","page","type-page","status-publish","hentry"],"yoast_head":"<!-- This site is optimized with the Yoast SEO plugin v27.4 - https:\/\/yoast.com\/product\/yoast-seo-wordpress\/ -->\n<title>PSA-Verordnung: Einhaltung bei Produktion in China<\/title>\n<meta name=\"description\" content=\"Einhaltung der PSA-Verordnung bei Produktion in China \u25ba Schutzklassen der PSA-Verordnung \u25ba PSA-Pr\u00fcfung vom Profi \u25ba Jetzt beraten lassen!\" \/>\n<meta name=\"robots\" content=\"index, follow, max-snippet:-1, max-image-preview:large, max-video-preview:-1\" \/>\n<link rel=\"canonical\" href=\"https:\/\/ag-frisch.com\/de\/psa-verordnung-sicherheitsausruestung-china\/\" \/>\n<meta property=\"og:locale\" content=\"de_DE\" \/>\n<meta property=\"og:type\" content=\"article\" \/>\n<meta property=\"og:title\" content=\"PSA-Verordnung: Einhaltung bei Produktion in China\" \/>\n<meta property=\"og:description\" content=\"Einhaltung der PSA-Verordnung bei Produktion in China \u25ba Schutzklassen der PSA-Verordnung \u25ba PSA-Pr\u00fcfung vom Profi \u25ba Jetzt beraten lassen!\" \/>\n<meta property=\"og:url\" content=\"https:\/\/ag-frisch.com\/de\/psa-verordnung-sicherheitsausruestung-china\/\" \/>\n<meta property=\"og:site_name\" content=\"China Import Beratung f\u00fcr den Einkauf aus China\" \/>\n<meta property=\"article:publisher\" content=\"https:\/\/www.facebook.com\/China.Import\" \/>\n<meta property=\"article:modified_time\" content=\"2022-12-08T09:46:35+00:00\" \/>\n<meta name=\"twitter:card\" content=\"summary_large_image\" \/>\n<meta name=\"twitter:site\" content=\"@agenturfrisch\" \/>\n<meta name=\"twitter:label1\" content=\"Gesch\u00e4tzte Lesezeit\" \/>\n\t<meta name=\"twitter:data1\" content=\"8\u00a0Minuten\" \/>\n<script type=\"application\/ld+json\" class=\"yoast-schema-graph\">{\"@context\":\"https:\\\/\\\/schema.org\",\"@graph\":[{\"@type\":\"WebPage\",\"@id\":\"https:\\\/\\\/ag-frisch.com\\\/de\\\/psa-verordnung-sicherheitsausruestung-china\\\/\",\"url\":\"https:\\\/\\\/ag-frisch.com\\\/de\\\/psa-verordnung-sicherheitsausruestung-china\\\/\",\"name\":\"PSA-Verordnung: Einhaltung bei Produktion in China\",\"isPartOf\":{\"@id\":\"https:\\\/\\\/ag-frisch.com\\\/de\\\/#website\"},\"datePublished\":\"2022-08-15T20:24:08+00:00\",\"dateModified\":\"2022-12-08T09:46:35+00:00\",\"description\":\"Einhaltung der PSA-Verordnung bei Produktion in China \u25ba Schutzklassen der PSA-Verordnung \u25ba PSA-Pr\u00fcfung vom Profi \u25ba Jetzt beraten lassen!\",\"breadcrumb\":{\"@id\":\"https:\\\/\\\/ag-frisch.com\\\/de\\\/psa-verordnung-sicherheitsausruestung-china\\\/#breadcrumb\"},\"inLanguage\":\"de\",\"potentialAction\":[{\"@type\":\"ReadAction\",\"target\":[\"https:\\\/\\\/ag-frisch.com\\\/de\\\/psa-verordnung-sicherheitsausruestung-china\\\/\"]}]},{\"@type\":\"BreadcrumbList\",\"@id\":\"https:\\\/\\\/ag-frisch.com\\\/de\\\/psa-verordnung-sicherheitsausruestung-china\\\/#breadcrumb\",\"itemListElement\":[{\"@type\":\"ListItem\",\"position\":1,\"name\":\"Startseite\",\"item\":\"https:\\\/\\\/ag-frisch.com\\\/de\\\/\"},{\"@type\":\"ListItem\",\"position\":2,\"name\":\"Persoenliche-Sicherheitsausruestung\"}]},{\"@type\":\"WebSite\",\"@id\":\"https:\\\/\\\/ag-frisch.com\\\/de\\\/#website\",\"url\":\"https:\\\/\\\/ag-frisch.com\\\/de\\\/\",\"name\":\"China Import Beratung f\u00fcr den Einkauf aus China\",\"description\":\"China Import &amp; Export Beratung - Der Dienstleister Ihres Vertrauens f\u00fcr Ihren China Import\",\"publisher\":{\"@id\":\"https:\\\/\\\/ag-frisch.com\\\/de\\\/#organization\"},\"potentialAction\":[{\"@type\":\"SearchAction\",\"target\":{\"@type\":\"EntryPoint\",\"urlTemplate\":\"https:\\\/\\\/ag-frisch.com\\\/de\\\/?s={search_term_string}\"},\"query-input\":{\"@type\":\"PropertyValueSpecification\",\"valueRequired\":true,\"valueName\":\"search_term_string\"}}],\"inLanguage\":\"de\"},{\"@type\":\"Organization\",\"@id\":\"https:\\\/\\\/ag-frisch.com\\\/de\\\/#organization\",\"name\":\"Agentur Frisch International Consulting GmbH & Co. KG\",\"url\":\"https:\\\/\\\/ag-frisch.com\\\/de\\\/\",\"logo\":{\"@type\":\"ImageObject\",\"inLanguage\":\"de\",\"@id\":\"https:\\\/\\\/ag-frisch.com\\\/de\\\/#\\\/schema\\\/logo\\\/image\\\/\",\"url\":\"https:\\\/\\\/ag-frisch.com\\\/wp-content\\\/uploads\\\/2021\\\/08\\\/ag_logo_rgb_300_small.png\",\"contentUrl\":\"https:\\\/\\\/ag-frisch.com\\\/wp-content\\\/uploads\\\/2021\\\/08\\\/ag_logo_rgb_300_small.png\",\"width\":153,\"height\":102,\"caption\":\"Agentur Frisch International Consulting GmbH & Co. KG\"},\"image\":{\"@id\":\"https:\\\/\\\/ag-frisch.com\\\/de\\\/#\\\/schema\\\/logo\\\/image\\\/\"},\"sameAs\":[\"https:\\\/\\\/www.facebook.com\\\/China.Import\",\"https:\\\/\\\/x.com\\\/agenturfrisch\"]}]}<\/script>\n<!-- \/ Yoast SEO plugin. -->","yoast_head_json":{"title":"PSA-Verordnung: Einhaltung bei Produktion in China","description":"Einhaltung der PSA-Verordnung bei Produktion in China \u25ba Schutzklassen der PSA-Verordnung \u25ba PSA-Pr\u00fcfung vom Profi \u25ba Jetzt beraten lassen!","robots":{"index":"index","follow":"follow","max-snippet":"max-snippet:-1","max-image-preview":"max-image-preview:large","max-video-preview":"max-video-preview:-1"},"canonical":"https:\/\/ag-frisch.com\/de\/psa-verordnung-sicherheitsausruestung-china\/","og_locale":"de_DE","og_type":"article","og_title":"PSA-Verordnung: Einhaltung bei Produktion in China","og_description":"Einhaltung der PSA-Verordnung bei Produktion in China \u25ba Schutzklassen der PSA-Verordnung \u25ba PSA-Pr\u00fcfung vom Profi \u25ba Jetzt beraten lassen!","og_url":"https:\/\/ag-frisch.com\/de\/psa-verordnung-sicherheitsausruestung-china\/","og_site_name":"China Import Beratung f\u00fcr den Einkauf aus China","article_publisher":"https:\/\/www.facebook.com\/China.Import","article_modified_time":"2022-12-08T09:46:35+00:00","twitter_card":"summary_large_image","twitter_site":"@agenturfrisch","twitter_misc":{"Gesch\u00e4tzte Lesezeit":"8\u00a0Minuten"},"schema":{"@context":"https:\/\/schema.org","@graph":[{"@type":"WebPage","@id":"https:\/\/ag-frisch.com\/de\/psa-verordnung-sicherheitsausruestung-china\/","url":"https:\/\/ag-frisch.com\/de\/psa-verordnung-sicherheitsausruestung-china\/","name":"PSA-Verordnung: Einhaltung bei Produktion in China","isPartOf":{"@id":"https:\/\/ag-frisch.com\/de\/#website"},"datePublished":"2022-08-15T20:24:08+00:00","dateModified":"2022-12-08T09:46:35+00:00","description":"Einhaltung der PSA-Verordnung bei Produktion in China \u25ba Schutzklassen der PSA-Verordnung \u25ba PSA-Pr\u00fcfung vom Profi \u25ba Jetzt beraten lassen!","breadcrumb":{"@id":"https:\/\/ag-frisch.com\/de\/psa-verordnung-sicherheitsausruestung-china\/#breadcrumb"},"inLanguage":"de","potentialAction":[{"@type":"ReadAction","target":["https:\/\/ag-frisch.com\/de\/psa-verordnung-sicherheitsausruestung-china\/"]}]},{"@type":"BreadcrumbList","@id":"https:\/\/ag-frisch.com\/de\/psa-verordnung-sicherheitsausruestung-china\/#breadcrumb","itemListElement":[{"@type":"ListItem","position":1,"name":"Startseite","item":"https:\/\/ag-frisch.com\/de\/"},{"@type":"ListItem","position":2,"name":"Persoenliche-Sicherheitsausruestung"}]},{"@type":"WebSite","@id":"https:\/\/ag-frisch.com\/de\/#website","url":"https:\/\/ag-frisch.com\/de\/","name":"China Import Beratung f\u00fcr den Einkauf aus China","description":"China Import &amp; Export Beratung - Der Dienstleister Ihres Vertrauens f\u00fcr Ihren China Import","publisher":{"@id":"https:\/\/ag-frisch.com\/de\/#organization"},"potentialAction":[{"@type":"SearchAction","target":{"@type":"EntryPoint","urlTemplate":"https:\/\/ag-frisch.com\/de\/?s={search_term_string}"},"query-input":{"@type":"PropertyValueSpecification","valueRequired":true,"valueName":"search_term_string"}}],"inLanguage":"de"},{"@type":"Organization","@id":"https:\/\/ag-frisch.com\/de\/#organization","name":"Agentur Frisch International Consulting GmbH & Co. KG","url":"https:\/\/ag-frisch.com\/de\/","logo":{"@type":"ImageObject","inLanguage":"de","@id":"https:\/\/ag-frisch.com\/de\/#\/schema\/logo\/image\/","url":"https:\/\/ag-frisch.com\/wp-content\/uploads\/2021\/08\/ag_logo_rgb_300_small.png","contentUrl":"https:\/\/ag-frisch.com\/wp-content\/uploads\/2021\/08\/ag_logo_rgb_300_small.png","width":153,"height":102,"caption":"Agentur Frisch International Consulting GmbH & Co. KG"},"image":{"@id":"https:\/\/ag-frisch.com\/de\/#\/schema\/logo\/image\/"},"sameAs":["https:\/\/www.facebook.com\/China.Import","https:\/\/x.com\/agenturfrisch"]}]}},"_links":{"self":[{"href":"https:\/\/ag-frisch.com\/de\/wp-json\/wp\/v2\/pages\/4966","targetHints":{"allow":["GET"]}}],"collection":[{"href":"https:\/\/ag-frisch.com\/de\/wp-json\/wp\/v2\/pages"}],"about":[{"href":"https:\/\/ag-frisch.com\/de\/wp-json\/wp\/v2\/types\/page"}],"author":[{"embeddable":true,"href":"https:\/\/ag-frisch.com\/de\/wp-json\/wp\/v2\/users\/2"}],"replies":[{"embeddable":true,"href":"https:\/\/ag-frisch.com\/de\/wp-json\/wp\/v2\/comments?post=4966"}],"version-history":[{"count":0,"href":"https:\/\/ag-frisch.com\/de\/wp-json\/wp\/v2\/pages\/4966\/revisions"}],"wp:attachment":[{"href":"https:\/\/ag-frisch.com\/de\/wp-json\/wp\/v2\/media?parent=4966"}],"curies":[{"name":"wp","href":"https:\/\/api.w.org\/{rel}","templated":true}]}}