{"id":5022,"date":"2022-08-23T20:16:41","date_gmt":"2022-08-23T18:16:41","guid":{"rendered":"https:\/\/ag-frisch.com\/?page_id=5022"},"modified":"2022-12-08T11:21:45","modified_gmt":"2022-12-08T10:21:45","slug":"reach-verordnung-pruefung-china","status":"publish","type":"page","link":"https:\/\/ag-frisch.com\/de\/reach-verordnung-pruefung-china\/","title":{"rendered":"Reach-Pruefung-in-China"},"content":{"rendered":"<p>[et_pb_section fb_built=&#8221;1&#8243; _builder_version=&#8221;4.16&#8243; _module_preset=&#8221;default&#8221; global_colors_info=&#8221;{}&#8221;][et_pb_row _builder_version=&#8221;4.16&#8243; _module_preset=&#8221;default&#8221; global_colors_info=&#8221;{}&#8221;][et_pb_column type=&#8221;4_4&#8243; _builder_version=&#8221;4.16&#8243; _module_preset=&#8221;default&#8221; global_colors_info=&#8221;{}&#8221;][et_pb_cta title=&#8221;Reach Laborpr\u00fcfung in China&#8221; button_url=&#8221;\/kontakt\/&#8221; button_text=&#8221;Jetzt REACH Pr\u00fcfung anfragen&#8221; _builder_version=&#8221;4.16&#8243; _module_preset=&#8221;default&#8221; global_colors_info=&#8221;{}&#8221;]<\/p>\n<p>Gerne pr\u00fcfen wir die Vorgaben nach REACH f\u00fcr Ihr Produkt bereits in China.\u00a0<\/p>\n<p>[\/et_pb_cta][et_pb_text admin_label=&#8221;H1&#8243; _builder_version=&#8221;4.18.1&#8243; _module_preset=&#8221;default&#8221; global_colors_info=&#8221;{}&#8221;]<\/p>\n<h1>Professionelle REACH-Pr\u00fcfung f\u00fcr China-Produkte<\/h1>\n<p>[\/et_pb_text][et_pb_text _builder_version=&#8221;4.18.1&#8243; _module_preset=&#8221;default&#8221; global_colors_info=&#8221;{}&#8221;]<\/p>\n<h2><strong>Einhaltung der REACH-Verordnung bei Produkten aus China<\/strong><\/h2>\n<p>Bei der REACH-Verordnung handelt es sich um eine EU-Chemikalienverordnung, die dem Schutz von Mensch, Tier und Umwelt dient. Sie gilt in Deutschland und im gesamten Europa, sowohl f\u00fcr dort hergestellte als auch f\u00fcr importierte Chemikalien, und regelt folgende Aspekte von Chemikalien:<\/p>\n<ul>\n<li>Registrierung<\/li>\n<li>Bewertung<\/li>\n<li>Zulassung<\/li>\n<li>Beschr\u00e4nkung<\/li>\n<\/ul>\n<p>F\u00fcr Sie als Importeur am wichtigsten: Die REACH-Verordnung enth\u00e4lt auch Grenzwerte f\u00fcr die Schadstoffbelastung von Produkten.<\/p>\n<p>&nbsp;<\/p>\n<h3><strong>Aus China importierte Produkte m\u00fcssen nachweislich Schadstoff-Grenzwerte einhalten.<\/strong><\/h3>\n<p>&nbsp;<\/p>\n<p>Um sicherzustellen, dass diese Grenzwerte nicht \u00fcberschritten werden, sollte eine REACH-Pr\u00fcfung in China durchgef\u00fchrt werden. Als Ihr erfahrener China-Importeur kennen wir die Grenzwerte und die Verfahren, mit denen die Unbedenklichkeit nachgewiesen wird. Wir gehen dabei seri\u00f6s und professionell vor, denn nur auf diesem Wege k\u00f6nnen Folgesch\u00e4den ausgeschlossen werden. Wer hier spart, muss mit Problemen beim Zoll und erhebliche Kosten durch R\u00fcckrufaktionen und Strafen rechnen. Eine vertrauensw\u00fcrdige REACH-Pr\u00fcfung in China ist daher unvermeidlich.<\/p>\n<p>&nbsp;<\/p>\n<p><strong>REACH-Pr\u00fcfung in China in den BEIDE-Pr\u00fcflaboren<\/strong><\/p>\n<p>Die Tochterfirma der Agentur Frisch, BEIDE Compliance Laboratory, betreibt REACH-Testlabore in China, die h\u00f6chsten Standards entsprechen. Hier k\u00f6nnen die REACH-Pr\u00fcfungen in China f\u00fcr Ihre Produkte durchgef\u00fchrt werden. Wir besch\u00e4ftigen ausschlie\u00dflich top qualifiziertes Personal und sorgen f\u00fcr kompromisslose Qualit\u00e4t. Uns ist es wichtig, dass die Einhaltung der REACH-Verordnung bei Produkten aus China, die wir importieren, absolut zuverl\u00e4ssig funktioniert.<\/p>\n<p>Produkte, die unter die REACH-Verordnung fallen, sind beispielsweise:<\/p>\n<ul>\n<li>Kleidung<\/li>\n<li>Reinigungsmittel<\/li>\n<li>Farben\/Lacke<\/li>\n<li>M\u00f6bel<\/li>\n<li>Elektroger\u00e4te<\/li>\n<\/ul>\n<p>Doch auch viele andere Warengruppen k\u00f6nnen mit Schadstoffen belastet sein. Als Ihr fachkundiger China-Importeur ber\u00e4t Sie die Agentur Frisch gerne zum Thema Einhaltung der REACH-Verordnung bei Produkten aus China, sowie zur REACH-Pr\u00fcfung in China.<\/p>\n<p>&nbsp;<\/p>\n<p><strong>Seri\u00f6se REACH-Testlabore in China<\/strong><\/p>\n<p>Es ist nicht genug zu betonen, wie wichtig die Auswahl eines seri\u00f6sen, professionellen REACH-Testlabors in China ist. Unseri\u00f6se Anbieter k\u00f6nnen hier zu Problemen f\u00fchren, die den Nutzen einer vermeintlich g\u00fcnstigeren Testung klar \u00fcberwiegen. Die BEIDE Compliance Laboratory bietet Ihnen absolut vertrauensw\u00fcrdige REACH-Pr\u00fcfungen in China.<\/p>\n<p>Die BEIDE Compliance Laboratory arbeitet in ihren REACH-Testlaboren in China nach deutschen Standards, mit Fachkr\u00e4ften, die alle notwendigen Qualifikationen und Zertifizierungen besitzen. Wir wollen, dass die \u00fcber uns importierten Waren reibungslos durch Zoll und Verkauf gehen.<\/p>\n<p>&nbsp;<\/p>\n<p><strong>Risikoanalyse, Konformit\u00e4tserkl\u00e4rung und weitere Leistungen<\/strong><\/p>\n<p>Wenn Sie Produkte aus China importieren, empfiehlt es sich, eine Risikoanalyse durchf\u00fchren zu lassen. Die Agentur Frisch \u00fcbernimmt auch diese Leistung gern f\u00fcr Sie. Unsere Experten analysieren Ihr Produkt und leiten daraus die zu treffenden Ma\u00dfnahmen ab, welche wiederum direkt von uns erf\u00fcllt werden k\u00f6nnen. \u00dcber die Einhaltung der REACH-Verordnung bei Produkten aus China hinaus f\u00fchren wir auf Wunsch s\u00e4mtliche Pr\u00fcfungen in unseren REACH-Testlaboren in China durch, die f\u00fcr Ihr Produkt relevant sein k\u00f6nnen.<\/p>\n<p>Die Agentur Frisch ist stolz, Ihnen einen Rundum-Service bieten zu k\u00f6nnen. Aufgrund unserer langj\u00e4hrigen Erfahrung und unserer exzellenten Expertise sind wir in der Lage, f\u00fcr Sie den besten Import-Service zum fairen Preis zu offerieren. Umfassender Service und eine kompetente Beratung und die Durchf\u00fchrung Ihres Imports auf h\u00f6chstem Niveau sind unser Anspruch an uns selbst. Wir verf\u00fcgen \u00fcber eine gro\u00dfe Anzahl an zufriedenen Stammkunden und w\u00fcrden uns freuen, auch Sie bald darunter begr\u00fc\u00dfen zu k\u00f6nnen.<\/p>\n<p>&nbsp;<\/p>\n<p><strong>REACH-Pr\u00fcfung in China \u2013 ein Service Ihrer Agentur Frisch!<\/strong><\/p>\n<p><strong>\u00a0<\/strong>[\/et_pb_text][\/et_pb_column][\/et_pb_row][\/et_pb_section][et_pb_section fb_built=&#8221;1&#8243; admin_label=&#8221;Testimonials&#8221; _builder_version=&#8221;4.16&#8243; use_background_color_gradient=&#8221;on&#8221; background_color_gradient_stops=&#8221;rgba(0,106,156,0.85) 0%|rgba(0,106,156,0.85) 100%&#8221; background_color_gradient_start=&#8221;rgba(0,106,156,0.85)&#8221; background_color_gradient_end=&#8221;rgba(0,106,156,0.85)&#8221; custom_padding=&#8221;90px||60px|&#8221; animation_style=&#8221;fold&#8221; animation_direction=&#8221;bottom&#8221; animation_intensity_fold=&#8221;4%&#8221; global_colors_info=&#8221;{}&#8221; theme_builder_area=&#8221;post_content&#8221;][et_pb_row _builder_version=&#8221;4.16&#8243; background_size=&#8221;initial&#8221; background_position=&#8221;top_left&#8221; background_repeat=&#8221;repeat&#8221; custom_width_px=&#8221;710px&#8221; locked=&#8221;off&#8221; global_colors_info=&#8221;{}&#8221; theme_builder_area=&#8221;post_content&#8221;][et_pb_column type=&#8221;4_4&#8243; _builder_version=&#8221;4.16&#8243; background_position=&#8221;top_left&#8221; custom_padding=&#8221;|||&#8221; global_colors_info=&#8221;{}&#8221; custom_padding__hover=&#8221;|||&#8221; theme_builder_area=&#8221;post_content&#8221;][et_pb_text admin_label=&#8221;Testimonials Section Title&#8221; _builder_version=&#8221;4.16&#8243; header_font=&#8221;Montserrat||||&#8221; header_font_size=&#8221;36px&#8221; background_size=&#8221;initial&#8221; background_position=&#8221;top_left&#8221; background_repeat=&#8221;repeat&#8221; text_orientation=&#8221;center&#8221; background_layout=&#8221;dark&#8221; max_width=&#8221;710px&#8221; module_alignment=&#8221;center&#8221; animation_style=&#8221;fold&#8221; animation_direction=&#8221;bottom&#8221; animation_intensity_fold=&#8221;20%&#8221; global_colors_info=&#8221;{}&#8221; theme_builder_area=&#8221;post_content&#8221;]<\/p>\n<h1>\u00dcber 5000 zufriedene Kunden.<\/h1>\n<p>&nbsp;<\/p>\n<p>[\/et_pb_text][et_pb_divider color=&#8221;#ffffff&#8221; divider_weight=&#8221;3px&#8221; disabled_on=&#8221;off|off|off&#8221; _builder_version=&#8221;4.16&#8243; background_color_gradient_direction=&#8221;90deg&#8221; max_width=&#8221;100px&#8221; module_alignment=&#8221;center&#8221; height=&#8221;5px&#8221; custom_margin=&#8221;||20px|&#8221; custom_padding=&#8221;||20px|&#8221; animation_style=&#8221;slide&#8221; animation_direction=&#8221;bottom&#8221; saved_tabs=&#8221;all&#8221; locked=&#8221;off&#8221; global_colors_info=&#8221;{}&#8221; theme_builder_area=&#8221;post_content&#8221;][\/et_pb_divider][\/et_pb_column][\/et_pb_row][et_pb_row column_structure=&#8221;1_2,1_2&#8243; _builder_version=&#8221;4.18.1&#8243; _module_preset=&#8221;default&#8221; global_colors_info=&#8221;{}&#8221; theme_builder_area=&#8221;post_content&#8221;][et_pb_column type=&#8221;1_2&#8243; _builder_version=&#8221;4.18.1&#8243; _module_preset=&#8221;default&#8221; global_colors_info=&#8221;{}&#8221; theme_builder_area=&#8221;post_content&#8221;][et_pb_testimonial author=&#8221;Marco&#8221; portrait_url=&#8221;https:\/\/ag-frisch.com\/wp-content\/uploads\/2021\/08\/Harald.png&#8221; quote_icon=&#8221;off&#8221; _builder_version=&#8221;4.18.1&#8243; _module_preset=&#8221;default&#8221; body_font_size=&#8221;16px&#8221; use_background_color=&#8221;off&#8221; background_layout=&#8221;dark&#8221; global_colors_info=&#8221;{}&#8221; theme_builder_area=&#8221;post_content&#8221;]Ich habe die Agentur Frisch beauftragt ein gr\u00f6\u00dferes M\u00f6belst\u00fcck in China produzieren zu lassen um es dann folglich nach Deutschland zu \u00fcberf\u00fchren. Per Mail erfolgte die ganze Zeit \u00fcber eine reibungslose Kommunikation! Sehr schnelle und zuverl\u00e4ssige Antworten vermittelten mir st\u00e4ndig die Sicherheiten, die bei so einen Unterfangen unerl\u00e4sslich sind. Jederzeit wurde mir durch den B\u00fcrokratiedschungel geholfen und dabei wurden keine Formulare vergessen oder falsch ausgef\u00fcllt. Sehr lobenswert!<a href=\"&lt;div class=&quot;pe-richsnippets&quot;&gt;&amp;nbsp;&lt;\/div&gt; &lt;script type=&quot;text\/javascript&quot; src=&quot;https:\/\/www.provenexpert.com\/widget\/richsnippet.js?u=1NUA0VwZ4RUZ5tmAi5zA4RaplNKAlWwZ&amp;v=2&quot; async&gt;&lt;\/script&gt; &lt;div style=&quot;text-align: justify;&quot;&gt;&lt;br \/&gt;\"><\/a><\/p>\n<div class=\"brow ratingBarMargin\">\n<div class=\"ratingBar\">\n<div class=\"brow\">\n<div class=\"pe-richsnippets\">&nbsp;<\/div>\n<p><script type=\"text\/javascript\" src=\"https:\/\/www.provenexpert.com\/widget\/richsnippet.js?u=1NUA0VwZ4RUZ5tmAi5zA4RaplNKAlWwZ&#038;v=2\" async><\/script><\/p>\n<div style=\"text-align: justify;\"><\/p>\n<div class=\"col-lg-9 col-md-8 col-xs-10 mt20 mb20\">\n<div class=\"col-xs-12 surveyNameForRating\"><\/div>\n<\/div>\n<\/div>\n<\/div>\n<\/div>\n<\/div>\n<p>[\/et_pb_testimonial][\/et_pb_column][et_pb_column type=&#8221;1_2&#8243; _builder_version=&#8221;4.18.1&#8243; _module_preset=&#8221;default&#8221; global_colors_info=&#8221;{}&#8221; theme_builder_area=&#8221;post_content&#8221;][et_pb_testimonial author=&#8221;Simone L.&#8221; portrait_url=&#8221;https:\/\/ag-frisch.com\/wp-content\/uploads\/2021\/08\/Harald.png&#8221; quote_icon=&#8221;off&#8221; _builder_version=&#8221;4.18.1&#8243; _module_preset=&#8221;default&#8221; body_font_size=&#8221;16px&#8221; use_background_color=&#8221;off&#8221; background_layout=&#8221;dark&#8221; global_colors_info=&#8221;{}&#8221; theme_builder_area=&#8221;post_content&#8221;]<\/p>\n<p>Alles Top. Besser geht nicht. Beratung und Durchf\u00fchrung kann man nicht besser machen. Wir sind nach mehreren Bestellungen bei diesem Unternehmen mehr als zufrieden und setzen die Zusammenarbeit fort.<\/p>\n<div class=\"brow ratingBarMargin\">\n<div class=\"ratingBar\">\n<div class=\"brow\">\n<div class=\"pe-richsnippets\">\u00a0<\/div>\n<p>\n<script type=\"text\/javascript\" src=\"https:\/\/www.provenexpert.com\/widget\/richsnippet.js?u=1NUA0VwZ4RUZ5tmAi5zA4RaplNKAlWwZ&amp;v=2\" async=\"\"><\/script>\n<\/p>\n<div style=\"text-align: justify;\">\n<p>&nbsp;<\/p>\n<div class=\"col-lg-9 col-md-8 col-xs-10 mt20 mb20\">\n<div class=\"col-xs-12 surveyNameForRating\"><\/div>\n<\/div>\n<\/div>\n<\/div>\n<\/div>\n<\/div>\n<p>[\/et_pb_testimonial][\/et_pb_column][\/et_pb_row][et_pb_row _builder_version=&#8221;4.16&#8243; background_size=&#8221;initial&#8221; background_position=&#8221;top_left&#8221; background_repeat=&#8221;repeat&#8221; custom_padding=&#8221;50px|0px|30px|0px&#8221; custom_css_main_element=&#8221;text-align: center;&#8221; global_colors_info=&#8221;{}&#8221; theme_builder_area=&#8221;post_content&#8221;][et_pb_column type=&#8221;4_4&#8243; _builder_version=&#8221;4.16&#8243; custom_padding=&#8221;|||&#8221; global_colors_info=&#8221;{}&#8221; custom_padding__hover=&#8221;|||&#8221; theme_builder_area=&#8221;post_content&#8221;][et_pb_button button_url=&#8221;https:\/\/www.provenexpert.com\/de-de\/agentur-frisch-international-consulting-gmbh-und-co-kg\/&#8221; button_text=&#8221;MEHR BEWERTUNGEN&#8221; button_alignment=&#8221;left&#8221; admin_label=&#8221;Testimonial Button&#8221; _builder_version=&#8221;4.16&#8243; custom_button=&#8221;on&#8221; button_text_size=&#8221;18px&#8221; button_text_color=&#8221;#ffffff&#8221; button_bg_color=&#8221;#6eba01&#8243; button_border_width=&#8221;2px&#8221; button_border_color=&#8221;#6eba01&#8243; button_border_radius=&#8221;0px&#8221; button_letter_spacing=&#8221;2px&#8221; button_font=&#8221;Montserrat|||on|&#8221; button_use_icon=&#8221;off&#8221; animation_style=&#8221;fold&#8221; animation_direction=&#8221;bottom&#8221; button_text_color_hover=&#8221;#ffffff&#8221; button_border_color_hover=&#8221;#ffffff&#8221; button_border_radius_hover=&#8221;0px&#8221; button_letter_spacing_hover=&#8221;2px&#8221; button_bg_color_hover=&#8221;rgba(255,255,255,0)&#8221; locked=&#8221;off&#8221; global_colors_info=&#8221;{}&#8221; button_text_size__hover_enabled=&#8221;off&#8221; button_one_text_size__hover_enabled=&#8221;off&#8221; button_two_text_size__hover_enabled=&#8221;off&#8221; button_text_color__hover_enabled=&#8221;on&#8221; button_text_color__hover=&#8221;#ffffff&#8221; button_one_text_color__hover_enabled=&#8221;off&#8221; button_two_text_color__hover_enabled=&#8221;off&#8221; button_border_width__hover_enabled=&#8221;off&#8221; button_one_border_width__hover_enabled=&#8221;off&#8221; button_two_border_width__hover_enabled=&#8221;off&#8221; button_border_color__hover_enabled=&#8221;on&#8221; button_border_color__hover=&#8221;#ffffff&#8221; button_one_border_color__hover_enabled=&#8221;off&#8221; button_two_border_color__hover_enabled=&#8221;off&#8221; button_border_radius__hover_enabled=&#8221;on&#8221; button_border_radius__hover=&#8221;0px&#8221; button_one_border_radius__hover_enabled=&#8221;off&#8221; button_two_border_radius__hover_enabled=&#8221;off&#8221; button_letter_spacing__hover_enabled=&#8221;on&#8221; button_letter_spacing__hover=&#8221;2px&#8221; button_one_letter_spacing__hover_enabled=&#8221;off&#8221; button_two_letter_spacing__hover_enabled=&#8221;off&#8221; button_bg_color__hover_enabled=&#8221;on&#8221; button_bg_color__hover=&#8221;rgba(255,255,255,0)&#8221; button_one_bg_color__hover_enabled=&#8221;off&#8221; button_two_bg_color__hover_enabled=&#8221;off&#8221; theme_builder_area=&#8221;post_content&#8221;][\/et_pb_button][\/et_pb_column][\/et_pb_row][\/et_pb_section]<\/p>\n","protected":false},"excerpt":{"rendered":"<p>Gerne pr\u00fcfen wir die Vorgaben nach REACH f\u00fcr Ihr Produkt bereits in China.\u00a0Professionelle REACH-Pr\u00fcfung f\u00fcr China-ProdukteEinhaltung der REACH-Verordnung bei Produkten aus China Bei der REACH-Verordnung handelt es sich um eine EU-Chemikalienverordnung, die dem Schutz von Mensch, Tier und Umwelt dient. Sie gilt in Deutschland und im gesamten Europa, sowohl f\u00fcr dort hergestellte als auch f\u00fcr [&hellip;]<\/p>\n","protected":false},"author":2,"featured_media":0,"parent":0,"menu_order":0,"comment_status":"closed","ping_status":"closed","template":"","meta":{"_et_pb_use_builder":"on","_et_pb_old_content":"","_et_gb_content_width":"","footnotes":""},"class_list":["post-5022","page","type-page","status-publish","hentry"],"yoast_head":"<!-- This site is optimized with the Yoast SEO plugin v27.2 - https:\/\/yoast.com\/product\/yoast-seo-wordpress\/ -->\n<title>REACH-Verordnung: Einhaltung &amp; Pr\u00fcfung bei China-Produkten<\/title>\n<meta name=\"description\" content=\"Einhaltung der REACH-Verordnung bei Produkten aus China \u25ba Professionelle \u00dcberpr\u00fcfung in BEIDE-Pr\u00fcflaboren \u25ba Jetzt von Experten beraten lassen!\" \/>\n<meta name=\"robots\" content=\"index, follow, max-snippet:-1, max-image-preview:large, max-video-preview:-1\" \/>\n<link rel=\"canonical\" href=\"https:\/\/ag-frisch.com\/de\/reach-verordnung-pruefung-china\/\" \/>\n<meta property=\"og:locale\" content=\"de_DE\" \/>\n<meta property=\"og:type\" content=\"article\" \/>\n<meta property=\"og:title\" content=\"REACH-Verordnung: Einhaltung &amp; Pr\u00fcfung bei China-Produkten\" \/>\n<meta property=\"og:description\" content=\"Einhaltung der REACH-Verordnung bei Produkten aus China \u25ba Professionelle \u00dcberpr\u00fcfung in BEIDE-Pr\u00fcflaboren \u25ba Jetzt von Experten beraten lassen!\" \/>\n<meta property=\"og:url\" content=\"https:\/\/ag-frisch.com\/de\/reach-verordnung-pruefung-china\/\" \/>\n<meta property=\"og:site_name\" content=\"China Import Beratung f\u00fcr den Einkauf aus China\" \/>\n<meta property=\"article:publisher\" content=\"https:\/\/www.facebook.com\/China.Import\" \/>\n<meta property=\"article:modified_time\" content=\"2022-12-08T10:21:45+00:00\" \/>\n<meta name=\"twitter:card\" content=\"summary_large_image\" \/>\n<meta name=\"twitter:site\" content=\"@agenturfrisch\" \/>\n<meta name=\"twitter:label1\" content=\"Gesch\u00e4tzte Lesezeit\" \/>\n\t<meta name=\"twitter:data1\" content=\"8\u00a0Minuten\" \/>\n<script type=\"application\/ld+json\" class=\"yoast-schema-graph\">{\"@context\":\"https:\/\/schema.org\",\"@graph\":[{\"@type\":\"WebPage\",\"@id\":\"https:\/\/ag-frisch.com\/de\/reach-verordnung-pruefung-china\/\",\"url\":\"https:\/\/ag-frisch.com\/de\/reach-verordnung-pruefung-china\/\",\"name\":\"REACH-Verordnung: Einhaltung & Pr\u00fcfung bei China-Produkten\",\"isPartOf\":{\"@id\":\"https:\/\/ag-frisch.com\/de\/#website\"},\"datePublished\":\"2022-08-23T18:16:41+00:00\",\"dateModified\":\"2022-12-08T10:21:45+00:00\",\"description\":\"Einhaltung der REACH-Verordnung bei Produkten aus China \u25ba Professionelle \u00dcberpr\u00fcfung in BEIDE-Pr\u00fcflaboren \u25ba Jetzt von Experten beraten lassen!\",\"breadcrumb\":{\"@id\":\"https:\/\/ag-frisch.com\/de\/reach-verordnung-pruefung-china\/#breadcrumb\"},\"inLanguage\":\"de\",\"potentialAction\":[{\"@type\":\"ReadAction\",\"target\":[\"https:\/\/ag-frisch.com\/de\/reach-verordnung-pruefung-china\/\"]}]},{\"@type\":\"BreadcrumbList\",\"@id\":\"https:\/\/ag-frisch.com\/de\/reach-verordnung-pruefung-china\/#breadcrumb\",\"itemListElement\":[{\"@type\":\"ListItem\",\"position\":1,\"name\":\"Startseite\",\"item\":\"https:\/\/ag-frisch.com\/de\/\"},{\"@type\":\"ListItem\",\"position\":2,\"name\":\"Reach-Pruefung-in-China\"}]},{\"@type\":\"WebSite\",\"@id\":\"https:\/\/ag-frisch.com\/de\/#website\",\"url\":\"https:\/\/ag-frisch.com\/de\/\",\"name\":\"China Import Beratung f\u00fcr den Einkauf aus China\",\"description\":\"China Import &amp; Export Beratung - Der Dienstleister Ihres Vertrauens f\u00fcr Ihren China Import\",\"publisher\":{\"@id\":\"https:\/\/ag-frisch.com\/de\/#organization\"},\"potentialAction\":[{\"@type\":\"SearchAction\",\"target\":{\"@type\":\"EntryPoint\",\"urlTemplate\":\"https:\/\/ag-frisch.com\/de\/?s={search_term_string}\"},\"query-input\":{\"@type\":\"PropertyValueSpecification\",\"valueRequired\":true,\"valueName\":\"search_term_string\"}}],\"inLanguage\":\"de\"},{\"@type\":\"Organization\",\"@id\":\"https:\/\/ag-frisch.com\/de\/#organization\",\"name\":\"Agentur Frisch International Consulting GmbH & Co. KG\",\"url\":\"https:\/\/ag-frisch.com\/de\/\",\"logo\":{\"@type\":\"ImageObject\",\"inLanguage\":\"de\",\"@id\":\"https:\/\/ag-frisch.com\/de\/#\/schema\/logo\/image\/\",\"url\":\"https:\/\/ag-frisch.com\/wp-content\/uploads\/2021\/08\/ag_logo_rgb_300_small.png\",\"contentUrl\":\"https:\/\/ag-frisch.com\/wp-content\/uploads\/2021\/08\/ag_logo_rgb_300_small.png\",\"width\":153,\"height\":102,\"caption\":\"Agentur Frisch International Consulting GmbH & Co. KG\"},\"image\":{\"@id\":\"https:\/\/ag-frisch.com\/de\/#\/schema\/logo\/image\/\"},\"sameAs\":[\"https:\/\/www.facebook.com\/China.Import\",\"https:\/\/x.com\/agenturfrisch\"]}]}<\/script>\n<!-- \/ Yoast SEO plugin. -->","yoast_head_json":{"title":"REACH-Verordnung: Einhaltung & Pr\u00fcfung bei China-Produkten","description":"Einhaltung der REACH-Verordnung bei Produkten aus China \u25ba Professionelle \u00dcberpr\u00fcfung in BEIDE-Pr\u00fcflaboren \u25ba Jetzt von Experten beraten lassen!","robots":{"index":"index","follow":"follow","max-snippet":"max-snippet:-1","max-image-preview":"max-image-preview:large","max-video-preview":"max-video-preview:-1"},"canonical":"https:\/\/ag-frisch.com\/de\/reach-verordnung-pruefung-china\/","og_locale":"de_DE","og_type":"article","og_title":"REACH-Verordnung: Einhaltung & Pr\u00fcfung bei China-Produkten","og_description":"Einhaltung der REACH-Verordnung bei Produkten aus China \u25ba Professionelle \u00dcberpr\u00fcfung in BEIDE-Pr\u00fcflaboren \u25ba Jetzt von Experten beraten lassen!","og_url":"https:\/\/ag-frisch.com\/de\/reach-verordnung-pruefung-china\/","og_site_name":"China Import Beratung f\u00fcr den Einkauf aus China","article_publisher":"https:\/\/www.facebook.com\/China.Import","article_modified_time":"2022-12-08T10:21:45+00:00","twitter_card":"summary_large_image","twitter_site":"@agenturfrisch","twitter_misc":{"Gesch\u00e4tzte Lesezeit":"8\u00a0Minuten"},"schema":{"@context":"https:\/\/schema.org","@graph":[{"@type":"WebPage","@id":"https:\/\/ag-frisch.com\/de\/reach-verordnung-pruefung-china\/","url":"https:\/\/ag-frisch.com\/de\/reach-verordnung-pruefung-china\/","name":"REACH-Verordnung: Einhaltung & Pr\u00fcfung bei China-Produkten","isPartOf":{"@id":"https:\/\/ag-frisch.com\/de\/#website"},"datePublished":"2022-08-23T18:16:41+00:00","dateModified":"2022-12-08T10:21:45+00:00","description":"Einhaltung der REACH-Verordnung bei Produkten aus China \u25ba Professionelle \u00dcberpr\u00fcfung in BEIDE-Pr\u00fcflaboren \u25ba Jetzt von Experten beraten lassen!","breadcrumb":{"@id":"https:\/\/ag-frisch.com\/de\/reach-verordnung-pruefung-china\/#breadcrumb"},"inLanguage":"de","potentialAction":[{"@type":"ReadAction","target":["https:\/\/ag-frisch.com\/de\/reach-verordnung-pruefung-china\/"]}]},{"@type":"BreadcrumbList","@id":"https:\/\/ag-frisch.com\/de\/reach-verordnung-pruefung-china\/#breadcrumb","itemListElement":[{"@type":"ListItem","position":1,"name":"Startseite","item":"https:\/\/ag-frisch.com\/de\/"},{"@type":"ListItem","position":2,"name":"Reach-Pruefung-in-China"}]},{"@type":"WebSite","@id":"https:\/\/ag-frisch.com\/de\/#website","url":"https:\/\/ag-frisch.com\/de\/","name":"China Import Beratung f\u00fcr den Einkauf aus China","description":"China Import &amp; Export Beratung - Der Dienstleister Ihres Vertrauens f\u00fcr Ihren China Import","publisher":{"@id":"https:\/\/ag-frisch.com\/de\/#organization"},"potentialAction":[{"@type":"SearchAction","target":{"@type":"EntryPoint","urlTemplate":"https:\/\/ag-frisch.com\/de\/?s={search_term_string}"},"query-input":{"@type":"PropertyValueSpecification","valueRequired":true,"valueName":"search_term_string"}}],"inLanguage":"de"},{"@type":"Organization","@id":"https:\/\/ag-frisch.com\/de\/#organization","name":"Agentur Frisch International Consulting GmbH & Co. KG","url":"https:\/\/ag-frisch.com\/de\/","logo":{"@type":"ImageObject","inLanguage":"de","@id":"https:\/\/ag-frisch.com\/de\/#\/schema\/logo\/image\/","url":"https:\/\/ag-frisch.com\/wp-content\/uploads\/2021\/08\/ag_logo_rgb_300_small.png","contentUrl":"https:\/\/ag-frisch.com\/wp-content\/uploads\/2021\/08\/ag_logo_rgb_300_small.png","width":153,"height":102,"caption":"Agentur Frisch International Consulting GmbH & Co. KG"},"image":{"@id":"https:\/\/ag-frisch.com\/de\/#\/schema\/logo\/image\/"},"sameAs":["https:\/\/www.facebook.com\/China.Import","https:\/\/x.com\/agenturfrisch"]}]}},"_links":{"self":[{"href":"https:\/\/ag-frisch.com\/de\/wp-json\/wp\/v2\/pages\/5022","targetHints":{"allow":["GET"]}}],"collection":[{"href":"https:\/\/ag-frisch.com\/de\/wp-json\/wp\/v2\/pages"}],"about":[{"href":"https:\/\/ag-frisch.com\/de\/wp-json\/wp\/v2\/types\/page"}],"author":[{"embeddable":true,"href":"https:\/\/ag-frisch.com\/de\/wp-json\/wp\/v2\/users\/2"}],"replies":[{"embeddable":true,"href":"https:\/\/ag-frisch.com\/de\/wp-json\/wp\/v2\/comments?post=5022"}],"version-history":[{"count":0,"href":"https:\/\/ag-frisch.com\/de\/wp-json\/wp\/v2\/pages\/5022\/revisions"}],"wp:attachment":[{"href":"https:\/\/ag-frisch.com\/de\/wp-json\/wp\/v2\/media?parent=5022"}],"curies":[{"name":"wp","href":"https:\/\/api.w.org\/{rel}","templated":true}]}}