{"id":5027,"date":"2022-08-23T20:22:01","date_gmt":"2022-08-23T18:22:01","guid":{"rendered":"https:\/\/ag-frisch.com\/?page_id=5027"},"modified":"2022-12-08T11:19:05","modified_gmt":"2022-12-08T10:19:05","slug":"radio-equipment-richtlinie-red-china","status":"publish","type":"page","link":"https:\/\/ag-frisch.com\/de\/radio-equipment-richtlinie-red-china\/","title":{"rendered":"Radio-Equipment-Richtlinie (RED)"},"content":{"rendered":"<p>[et_pb_section fb_built=&#8221;1&#8243; _builder_version=&#8221;4.16&#8243; _module_preset=&#8221;default&#8221; global_colors_info=&#8221;{}&#8221;][et_pb_row _builder_version=&#8221;4.18.1&#8243; _module_preset=&#8221;default&#8221;][et_pb_column _builder_version=&#8221;4.18.1&#8243; _module_preset=&#8221;default&#8221; type=&#8221;4_4&#8243;][et_pb_cta title=&#8221;RED-Richtlinien Beratung&#8221; button_url=&#8221;\/kontakt\/&#8221; button_text=&#8221;Jetzt Beratung buchen&#8221; _builder_version=&#8221;4.16&#8243; _module_preset=&#8221;default&#8221; global_colors_info=&#8221;{}&#8221; theme_builder_area=&#8221;post_content&#8221;]<\/p>\n<p>Durch die Beratung der China Import Agentur Frisch geschehen Ihnen keine Fehler beim Import von Funkanlagen aus China.<\/p>\n<p>[\/et_pb_cta][\/et_pb_column][\/et_pb_row][et_pb_row _builder_version=&#8221;4.16&#8243; _module_preset=&#8221;default&#8221; global_colors_info=&#8221;{}&#8221;][et_pb_column type=&#8221;4_4&#8243; _builder_version=&#8221;4.16&#8243; _module_preset=&#8221;default&#8221; global_colors_info=&#8221;{}&#8221;][et_pb_text admin_label=&#8221;H1&#8243; _builder_version=&#8221;4.18.1&#8243; _module_preset=&#8221;default&#8221; global_colors_info=&#8221;{}&#8221;]<\/p>\n<h1>RED-Richtlinie (Radio Equipment Richtlinie) bei Produktion in China<\/h1>\n<p>[\/et_pb_text][et_pb_text _builder_version=&#8221;4.18.1&#8243; _module_preset=&#8221;default&#8221; global_colors_info=&#8221;{}&#8221;]<\/p>\n<h2><strong>Einhaltung der RED-Richtlinie bei Produktion in China<\/strong><\/h2>\n<p>Die Radio Equipment Richtlinie (Richtlinie 2014\/53\/EU, besser bekannt als \u201eRED-Richtlinie\u201c) regelt im europ\u00e4ischen Raum die Anforderungen an auf dem Markt bereitgestellte Funkanlagen. In Deutschland entspricht das Funkanlagengesetz von 2017 der nationalen Umsetzung der RED-Richtlinie. Wer Waren aus China importiert, die unter die RED-Richtlinie fallen, ist f\u00fcr deren Einhaltung verantwortlich. Das hei\u00dft, Sie als K\u00e4ufer von Funkanlagen und \u00e4hnlichem aus China m\u00fcssen daf\u00fcr sorgen, dass Ihre Produkte nicht gegen die RED-Richtlinie versto\u00dfen.<\/p>\n<p>In der RED-Richtlinie erfasste Produkte sind zum Beispiel:<\/p>\n<ul>\n<li>Mobiltelefone<\/li>\n<li>WLAN-Router<\/li>\n<li>Rundfunkempf\u00e4nger<\/li>\n<li>funkbasierte Kfz-Bauteile<\/li>\n<li>DVB-T2-Antennen<\/li>\n<\/ul>\n<p>Der Vorteil f\u00fcr Sie: Produkte, f\u00fcr welche die RED-Richtlinie gilt, m\u00fcssen nicht extra noch einmal nach EMV-Richtlinie gepr\u00fcft werden.<\/p>\n<p>&nbsp;<\/p>\n<h3><strong>Einhaltung der RED-Richtlinie bei Produktion in China<\/strong><\/h3>\n<p>Wenn Sie Waren aus China nach Deutschland importieren, m\u00fcssen diese deutschen Standards entsprechen. Im elektronischen Bereich sind da die EMV-Richtlinie, die Niederspannungsrichtlinie, und eben die RED-Richtlinie. Mit den in ihr enthaltenen Anforderungen soll folgendes sichergestellt werden:<\/p>\n<ul>\n<li>Schutz der Gesundheit und der Sicherheit<\/li>\n<li>elektromagnetische Vertr\u00e4glichkeit<\/li>\n<li>wirksame und effiziente Nutzung von Funkfrequenzen<\/li>\n<li>Vermeidung funktechnischer St\u00f6rungen<\/li>\n<\/ul>\n<p>&nbsp;<\/p>\n<p><strong>Merke: Eine Einfuhr elektronischer Produkte ist nur unter Einhaltung der RED-Richtlinie m\u00f6glich!<\/strong><\/p>\n<p>&nbsp;<\/p>\n<p>Wir als Ihr Partner f\u00fcr den China-Import informieren Sie rundum zu diesem und allen anderen Themen, und sagen Ihnen alles, was Sie f\u00fcr einen reibungslosen Import wissen m\u00fcssen. Dar\u00fcber hinaus \u00fcbernehmen wir auch gern die RED-Pr\u00fcfung in China in den Laboren unserer Tochterfirma BEIDE Compliance Laboratory.<\/p>\n<p>&nbsp;<\/p>\n<p><strong>Professionelle RED-Pr\u00fcfung in China<\/strong><\/p>\n<p>Unsere Tochterfirma BEIDE Compliance Laboratory kann Sie bei der Einhaltung der RED-Richtlinie bei der Produktion in China unterst\u00fctzen. In ihren hochwertig ausgestatteten Pr\u00fcflaboren werden alle RED-Pr\u00fcfungen in China durchgef\u00fchrt, die im Rahmen Ihres Imports anfallen. Unter professionellen Bedingungen k\u00f6nnen so die ben\u00f6tigten Pr\u00fcfnachweise f\u00fcr das Konformit\u00e4tsbewertungsverfahren erbracht werden. Wenn Sie die RED-Pr\u00fcfung in China in unsere H\u00e4nde legen, k\u00f6nnen Sie darauf vertrauen, dass seri\u00f6s gearbeitet wird. Wir \u00fcbernehmen gegebenenfalls auch Nachpr\u00fcfungen f\u00fcr von anderen Stellen erbrachte Zertifikate und stellen auf diese Weise sicher, dass sich keine Probleme beim Zoll ergeben.<\/p>\n<p>&nbsp;<\/p>\n<p><strong>Die Pflichten des Importeurs<\/strong><\/p>\n<p>Der Import von Produkten, die der RED-Richtlinie unterliegen, ist an Bedingungen gekn\u00fcpft. Verschiedene Akteure an den Punkten der Lieferkette m\u00fcssen entsprechende Leistungen erbringen und nachweisen. Dazu geh\u00f6ren unter anderem:<\/p>\n<ul>\n<li>Konformit\u00e4tsbewertungsverfahren<\/li>\n<li>Aktuelle Konformit\u00e4tserkl\u00e4rung<\/li>\n<li>Produktkennzeichnung<\/li>\n<li>Betriebsanleitung und Sicherheitsinformationen<\/li>\n<\/ul>\n<p>Welche Anforderungen Sie erf\u00fcllen m\u00fcssen, um die Einhaltung der RED-Richtlinie bei Produktion in China zu gew\u00e4hrleisten, ist Gegenstand unserer umf\u00e4nglichen Beratungen. Die Agentur Frisch kennt die Gesetzeslage, aktuelle Rechtsprechung und konkretes Procedere bei der \u00dcberpr\u00fcfung der Einhaltung der RED-Richtlinie bei Produktion in China. Wir erledigen gern s\u00e4mtliche Pr\u00fcfungen und weiteren Aufgaben und bewahren Sie vor typischen Fallstricken.<\/p>\n<p>&nbsp;<\/p>\n<p><strong>BEIDE Compliance Laboratory \u2013 eine Tochterfirma der Agentur Frisch<\/strong><\/p>\n<p>Die BEIDE Compliance Laboratory bietet Ihnen das n\u00f6tige Equipment und geschultes Fachpersonal, das f\u00fcr Ihre Produkte die Pr\u00fcfungen im Zusammenhang mit der Einhaltung der RED-Richtlinie in China durchf\u00fchrt. Wir \u00fcbernehmen f\u00fcr Sie s\u00e4mtliche Transporte und Kontrollen, die w\u00e4hrend der RED-Pr\u00fcfung in China f\u00e4llig werden. Unser Ziel ist es, Ihnen s\u00e4mtliche Leistungen rund um Ihren China-Import aus einer Hand zu bieten.<\/p>\n<p>&nbsp;<\/p>\n<p><strong>Agentur Frisch \u2013 Ihr zuverl\u00e4ssiger und kompetenter Full-Service-Dienstleister im China-Import!<\/strong><\/p>\n<p><strong>\u00a0<\/strong><\/p>\n<p><strong>\u00a0<\/strong>[\/et_pb_text][\/et_pb_column][\/et_pb_row][\/et_pb_section][et_pb_section fb_built=&#8221;1&#8243; admin_label=&#8221;Testimonials&#8221; _builder_version=&#8221;4.16&#8243; use_background_color_gradient=&#8221;on&#8221; background_color_gradient_stops=&#8221;rgba(0,106,156,0.85) 0%|rgba(0,106,156,0.85) 100%&#8221; background_color_gradient_start=&#8221;rgba(0,106,156,0.85)&#8221; background_color_gradient_end=&#8221;rgba(0,106,156,0.85)&#8221; custom_padding=&#8221;90px||60px|&#8221; animation_style=&#8221;fold&#8221; animation_direction=&#8221;bottom&#8221; animation_intensity_fold=&#8221;4%&#8221; global_colors_info=&#8221;{}&#8221; theme_builder_area=&#8221;post_content&#8221;][et_pb_row _builder_version=&#8221;4.16&#8243; background_size=&#8221;initial&#8221; background_position=&#8221;top_left&#8221; background_repeat=&#8221;repeat&#8221; custom_width_px=&#8221;710px&#8221; locked=&#8221;off&#8221; global_colors_info=&#8221;{}&#8221; theme_builder_area=&#8221;post_content&#8221;][et_pb_column type=&#8221;4_4&#8243; _builder_version=&#8221;4.16&#8243; background_position=&#8221;top_left&#8221; custom_padding=&#8221;|||&#8221; global_colors_info=&#8221;{}&#8221; custom_padding__hover=&#8221;|||&#8221; theme_builder_area=&#8221;post_content&#8221;][et_pb_text admin_label=&#8221;Testimonials Section Title&#8221; _builder_version=&#8221;4.16&#8243; header_font=&#8221;Montserrat||||&#8221; header_font_size=&#8221;36px&#8221; background_size=&#8221;initial&#8221; background_position=&#8221;top_left&#8221; background_repeat=&#8221;repeat&#8221; text_orientation=&#8221;center&#8221; background_layout=&#8221;dark&#8221; max_width=&#8221;710px&#8221; module_alignment=&#8221;center&#8221; animation_style=&#8221;fold&#8221; animation_direction=&#8221;bottom&#8221; animation_intensity_fold=&#8221;20%&#8221; global_colors_info=&#8221;{}&#8221; theme_builder_area=&#8221;post_content&#8221;]<\/p>\n<h1>\u00dcber 5000 zufriedene Kunden.<\/h1>\n<p>&nbsp;<\/p>\n<p>[\/et_pb_text][et_pb_divider color=&#8221;#ffffff&#8221; divider_weight=&#8221;3px&#8221; disabled_on=&#8221;off|off|off&#8221; _builder_version=&#8221;4.16&#8243; background_color_gradient_direction=&#8221;90deg&#8221; max_width=&#8221;100px&#8221; module_alignment=&#8221;center&#8221; height=&#8221;5px&#8221; custom_margin=&#8221;||20px|&#8221; custom_padding=&#8221;||20px|&#8221; animation_style=&#8221;slide&#8221; animation_direction=&#8221;bottom&#8221; saved_tabs=&#8221;all&#8221; locked=&#8221;off&#8221; global_colors_info=&#8221;{}&#8221; theme_builder_area=&#8221;post_content&#8221;][\/et_pb_divider][\/et_pb_column][\/et_pb_row][et_pb_row column_structure=&#8221;1_2,1_2&#8243; _builder_version=&#8221;4.18.1&#8243; _module_preset=&#8221;default&#8221; global_colors_info=&#8221;{}&#8221; theme_builder_area=&#8221;post_content&#8221;][et_pb_column type=&#8221;1_2&#8243; _builder_version=&#8221;4.18.1&#8243; _module_preset=&#8221;default&#8221; global_colors_info=&#8221;{}&#8221; theme_builder_area=&#8221;post_content&#8221;][et_pb_testimonial author=&#8221;Marco&#8221; portrait_url=&#8221;https:\/\/ag-frisch.com\/wp-content\/uploads\/2021\/08\/Harald.png&#8221; quote_icon=&#8221;off&#8221; _builder_version=&#8221;4.18.1&#8243; _module_preset=&#8221;default&#8221; body_font_size=&#8221;16px&#8221; use_background_color=&#8221;off&#8221; background_layout=&#8221;dark&#8221; global_colors_info=&#8221;{}&#8221; theme_builder_area=&#8221;post_content&#8221;]Ich habe die Agentur Frisch beauftragt ein gr\u00f6\u00dferes M\u00f6belst\u00fcck in China produzieren zu lassen um es dann folglich nach Deutschland zu \u00fcberf\u00fchren. Per Mail erfolgte die ganze Zeit \u00fcber eine reibungslose Kommunikation! Sehr schnelle und zuverl\u00e4ssige Antworten vermittelten mir st\u00e4ndig die Sicherheiten, die bei so einen Unterfangen unerl\u00e4sslich sind. Jederzeit wurde mir durch den B\u00fcrokratiedschungel geholfen und dabei wurden keine Formulare vergessen oder falsch ausgef\u00fcllt. Sehr lobenswert!<a href=\"&lt;div class=&quot;pe-richsnippets&quot;&gt;&amp;nbsp;&lt;\/div&gt; &lt;script type=&quot;text\/javascript&quot; src=&quot;https:\/\/www.provenexpert.com\/widget\/richsnippet.js?u=1NUA0VwZ4RUZ5tmAi5zA4RaplNKAlWwZ&amp;v=2&quot; async&gt;&lt;\/script&gt; &lt;div style=&quot;text-align: justify;&quot;&gt;&lt;br \/&gt;\"><\/a><\/p>\n<div class=\"brow ratingBarMargin\">\n<div class=\"ratingBar\">\n<div class=\"brow\">\n<div class=\"pe-richsnippets\">&nbsp;<\/div>\n<p><script type=\"text\/javascript\" src=\"https:\/\/www.provenexpert.com\/widget\/richsnippet.js?u=1NUA0VwZ4RUZ5tmAi5zA4RaplNKAlWwZ&#038;v=2\" async><\/script><\/p>\n<div style=\"text-align: justify;\"><\/p>\n<div class=\"col-lg-9 col-md-8 col-xs-10 mt20 mb20\">\n<div class=\"col-xs-12 surveyNameForRating\"><\/div>\n<\/div>\n<\/div>\n<\/div>\n<\/div>\n<\/div>\n<p>[\/et_pb_testimonial][\/et_pb_column][et_pb_column type=&#8221;1_2&#8243; _builder_version=&#8221;4.18.1&#8243; _module_preset=&#8221;default&#8221; global_colors_info=&#8221;{}&#8221; theme_builder_area=&#8221;post_content&#8221;][et_pb_testimonial author=&#8221;Simone L.&#8221; portrait_url=&#8221;https:\/\/ag-frisch.com\/wp-content\/uploads\/2021\/08\/Harald.png&#8221; quote_icon=&#8221;off&#8221; _builder_version=&#8221;4.18.1&#8243; _module_preset=&#8221;default&#8221; body_font_size=&#8221;16px&#8221; use_background_color=&#8221;off&#8221; background_layout=&#8221;dark&#8221; global_colors_info=&#8221;{}&#8221; theme_builder_area=&#8221;post_content&#8221;]<\/p>\n<p>Alles Top. Besser geht nicht. Beratung und Durchf\u00fchrung kann man nicht besser machen. Wir sind nach mehreren Bestellungen bei diesem Unternehmen mehr als zufrieden und setzen die Zusammenarbeit fort.<\/p>\n<div class=\"brow ratingBarMargin\">\n<div class=\"ratingBar\">\n<div class=\"brow\">\n<div class=\"pe-richsnippets\">\u00a0<\/div>\n<p>\n<script type=\"text\/javascript\" src=\"https:\/\/www.provenexpert.com\/widget\/richsnippet.js?u=1NUA0VwZ4RUZ5tmAi5zA4RaplNKAlWwZ&amp;v=2\" async=\"\"><\/script>\n<\/p>\n<div style=\"text-align: justify;\">\n<p>&nbsp;<\/p>\n<div class=\"col-lg-9 col-md-8 col-xs-10 mt20 mb20\">\n<div class=\"col-xs-12 surveyNameForRating\"><\/div>\n<\/div>\n<\/div>\n<\/div>\n<\/div>\n<\/div>\n<p>[\/et_pb_testimonial][\/et_pb_column][\/et_pb_row][et_pb_row _builder_version=&#8221;4.16&#8243; background_size=&#8221;initial&#8221; background_position=&#8221;top_left&#8221; background_repeat=&#8221;repeat&#8221; custom_padding=&#8221;50px|0px|30px|0px&#8221; custom_css_main_element=&#8221;text-align: center;&#8221; global_colors_info=&#8221;{}&#8221; theme_builder_area=&#8221;post_content&#8221;][et_pb_column type=&#8221;4_4&#8243; _builder_version=&#8221;4.16&#8243; custom_padding=&#8221;|||&#8221; global_colors_info=&#8221;{}&#8221; custom_padding__hover=&#8221;|||&#8221; theme_builder_area=&#8221;post_content&#8221;][et_pb_button button_url=&#8221;https:\/\/www.provenexpert.com\/de-de\/agentur-frisch-international-consulting-gmbh-und-co-kg\/&#8221; button_text=&#8221;MEHR BEWERTUNGEN&#8221; button_alignment=&#8221;left&#8221; admin_label=&#8221;Testimonial Button&#8221; _builder_version=&#8221;4.16&#8243; custom_button=&#8221;on&#8221; button_text_size=&#8221;18px&#8221; button_text_color=&#8221;#ffffff&#8221; button_bg_color=&#8221;#6eba01&#8243; button_border_width=&#8221;2px&#8221; button_border_color=&#8221;#6eba01&#8243; button_border_radius=&#8221;0px&#8221; button_letter_spacing=&#8221;2px&#8221; button_font=&#8221;Montserrat|||on|&#8221; button_use_icon=&#8221;off&#8221; animation_style=&#8221;fold&#8221; animation_direction=&#8221;bottom&#8221; button_text_color_hover=&#8221;#ffffff&#8221; button_border_color_hover=&#8221;#ffffff&#8221; button_border_radius_hover=&#8221;0px&#8221; button_letter_spacing_hover=&#8221;2px&#8221; button_bg_color_hover=&#8221;rgba(255,255,255,0)&#8221; locked=&#8221;off&#8221; global_colors_info=&#8221;{}&#8221; button_text_size__hover_enabled=&#8221;off&#8221; button_one_text_size__hover_enabled=&#8221;off&#8221; button_two_text_size__hover_enabled=&#8221;off&#8221; button_text_color__hover_enabled=&#8221;on&#8221; button_text_color__hover=&#8221;#ffffff&#8221; button_one_text_color__hover_enabled=&#8221;off&#8221; button_two_text_color__hover_enabled=&#8221;off&#8221; button_border_width__hover_enabled=&#8221;off&#8221; button_one_border_width__hover_enabled=&#8221;off&#8221; button_two_border_width__hover_enabled=&#8221;off&#8221; button_border_color__hover_enabled=&#8221;on&#8221; button_border_color__hover=&#8221;#ffffff&#8221; button_one_border_color__hover_enabled=&#8221;off&#8221; button_two_border_color__hover_enabled=&#8221;off&#8221; button_border_radius__hover_enabled=&#8221;on&#8221; button_border_radius__hover=&#8221;0px&#8221; button_one_border_radius__hover_enabled=&#8221;off&#8221; button_two_border_radius__hover_enabled=&#8221;off&#8221; button_letter_spacing__hover_enabled=&#8221;on&#8221; button_letter_spacing__hover=&#8221;2px&#8221; button_one_letter_spacing__hover_enabled=&#8221;off&#8221; button_two_letter_spacing__hover_enabled=&#8221;off&#8221; button_bg_color__hover_enabled=&#8221;on&#8221; button_bg_color__hover=&#8221;rgba(255,255,255,0)&#8221; button_one_bg_color__hover_enabled=&#8221;off&#8221; button_two_bg_color__hover_enabled=&#8221;off&#8221; theme_builder_area=&#8221;post_content&#8221;][\/et_pb_button][\/et_pb_column][\/et_pb_row][\/et_pb_section]<\/p>\n","protected":false},"excerpt":{"rendered":"<p>Durch die Beratung der China Import Agentur Frisch geschehen Ihnen keine Fehler beim Import von Funkanlagen aus China.RED-Richtlinie (Radio Equipment Richtlinie) bei Produktion in ChinaEinhaltung der RED-Richtlinie bei Produktion in China Die Radio Equipment Richtlinie (Richtlinie 2014\/53\/EU, besser bekannt als \u201eRED-Richtlinie\u201c) regelt im europ\u00e4ischen Raum die Anforderungen an auf dem Markt bereitgestellte Funkanlagen. In Deutschland [&hellip;]<\/p>\n","protected":false},"author":2,"featured_media":0,"parent":0,"menu_order":0,"comment_status":"closed","ping_status":"closed","template":"","meta":{"_et_pb_use_builder":"on","_et_pb_old_content":"","_et_gb_content_width":"","footnotes":""},"class_list":["post-5027","page","type-page","status-publish","hentry"],"yoast_head":"<!-- This site is optimized with the Yoast SEO plugin v27.2 - https:\/\/yoast.com\/product\/yoast-seo-wordpress\/ -->\n<title>RED-Richtlinie: Einhaltung und Pr\u00fcfung bei Produkten aus China<\/title>\n<meta name=\"description\" content=\"RED-Richtlinie (Radio Equipment Richtlinie) bei China-Produktion \u25ba Professionelle RED-Pr\u00fcfung vor Ort \u25ba Jetzt von Experten beraten lassen!\" \/>\n<meta name=\"robots\" content=\"index, follow, max-snippet:-1, max-image-preview:large, max-video-preview:-1\" \/>\n<link rel=\"canonical\" href=\"https:\/\/ag-frisch.com\/de\/radio-equipment-richtlinie-red-china\/\" \/>\n<meta property=\"og:locale\" content=\"de_DE\" \/>\n<meta property=\"og:type\" content=\"article\" \/>\n<meta property=\"og:title\" content=\"RED-Richtlinie: Einhaltung und Pr\u00fcfung bei Produkten aus China\" \/>\n<meta property=\"og:description\" content=\"RED-Richtlinie (Radio Equipment Richtlinie) bei China-Produktion \u25ba Professionelle RED-Pr\u00fcfung vor Ort \u25ba Jetzt von Experten beraten lassen!\" \/>\n<meta property=\"og:url\" content=\"https:\/\/ag-frisch.com\/de\/radio-equipment-richtlinie-red-china\/\" \/>\n<meta property=\"og:site_name\" content=\"China Import Beratung f\u00fcr den Einkauf aus China\" \/>\n<meta property=\"article:publisher\" content=\"https:\/\/www.facebook.com\/China.Import\" \/>\n<meta property=\"article:modified_time\" content=\"2022-12-08T10:19:05+00:00\" \/>\n<meta name=\"twitter:card\" content=\"summary_large_image\" \/>\n<meta name=\"twitter:site\" content=\"@agenturfrisch\" \/>\n<meta name=\"twitter:label1\" content=\"Gesch\u00e4tzte Lesezeit\" \/>\n\t<meta name=\"twitter:data1\" content=\"8\u00a0Minuten\" \/>\n<script type=\"application\/ld+json\" class=\"yoast-schema-graph\">{\"@context\":\"https:\/\/schema.org\",\"@graph\":[{\"@type\":\"WebPage\",\"@id\":\"https:\/\/ag-frisch.com\/de\/radio-equipment-richtlinie-red-china\/\",\"url\":\"https:\/\/ag-frisch.com\/de\/radio-equipment-richtlinie-red-china\/\",\"name\":\"RED-Richtlinie: Einhaltung und Pr\u00fcfung bei Produkten aus China\",\"isPartOf\":{\"@id\":\"https:\/\/ag-frisch.com\/de\/#website\"},\"datePublished\":\"2022-08-23T18:22:01+00:00\",\"dateModified\":\"2022-12-08T10:19:05+00:00\",\"description\":\"RED-Richtlinie (Radio Equipment Richtlinie) bei China-Produktion \u25ba Professionelle RED-Pr\u00fcfung vor Ort \u25ba Jetzt von Experten beraten lassen!\",\"breadcrumb\":{\"@id\":\"https:\/\/ag-frisch.com\/de\/radio-equipment-richtlinie-red-china\/#breadcrumb\"},\"inLanguage\":\"de\",\"potentialAction\":[{\"@type\":\"ReadAction\",\"target\":[\"https:\/\/ag-frisch.com\/de\/radio-equipment-richtlinie-red-china\/\"]}]},{\"@type\":\"BreadcrumbList\",\"@id\":\"https:\/\/ag-frisch.com\/de\/radio-equipment-richtlinie-red-china\/#breadcrumb\",\"itemListElement\":[{\"@type\":\"ListItem\",\"position\":1,\"name\":\"Startseite\",\"item\":\"https:\/\/ag-frisch.com\/de\/\"},{\"@type\":\"ListItem\",\"position\":2,\"name\":\"Radio-Equipment-Richtlinie (RED)\"}]},{\"@type\":\"WebSite\",\"@id\":\"https:\/\/ag-frisch.com\/de\/#website\",\"url\":\"https:\/\/ag-frisch.com\/de\/\",\"name\":\"China Import Beratung f\u00fcr den Einkauf aus China\",\"description\":\"China Import &amp; Export Beratung - Der Dienstleister Ihres Vertrauens f\u00fcr Ihren China Import\",\"publisher\":{\"@id\":\"https:\/\/ag-frisch.com\/de\/#organization\"},\"potentialAction\":[{\"@type\":\"SearchAction\",\"target\":{\"@type\":\"EntryPoint\",\"urlTemplate\":\"https:\/\/ag-frisch.com\/de\/?s={search_term_string}\"},\"query-input\":{\"@type\":\"PropertyValueSpecification\",\"valueRequired\":true,\"valueName\":\"search_term_string\"}}],\"inLanguage\":\"de\"},{\"@type\":\"Organization\",\"@id\":\"https:\/\/ag-frisch.com\/de\/#organization\",\"name\":\"Agentur Frisch International Consulting GmbH & Co. KG\",\"url\":\"https:\/\/ag-frisch.com\/de\/\",\"logo\":{\"@type\":\"ImageObject\",\"inLanguage\":\"de\",\"@id\":\"https:\/\/ag-frisch.com\/de\/#\/schema\/logo\/image\/\",\"url\":\"https:\/\/ag-frisch.com\/wp-content\/uploads\/2021\/08\/ag_logo_rgb_300_small.png\",\"contentUrl\":\"https:\/\/ag-frisch.com\/wp-content\/uploads\/2021\/08\/ag_logo_rgb_300_small.png\",\"width\":153,\"height\":102,\"caption\":\"Agentur Frisch International Consulting GmbH & Co. KG\"},\"image\":{\"@id\":\"https:\/\/ag-frisch.com\/de\/#\/schema\/logo\/image\/\"},\"sameAs\":[\"https:\/\/www.facebook.com\/China.Import\",\"https:\/\/x.com\/agenturfrisch\"]}]}<\/script>\n<!-- \/ Yoast SEO plugin. -->","yoast_head_json":{"title":"RED-Richtlinie: Einhaltung und Pr\u00fcfung bei Produkten aus China","description":"RED-Richtlinie (Radio Equipment Richtlinie) bei China-Produktion \u25ba Professionelle RED-Pr\u00fcfung vor Ort \u25ba Jetzt von Experten beraten lassen!","robots":{"index":"index","follow":"follow","max-snippet":"max-snippet:-1","max-image-preview":"max-image-preview:large","max-video-preview":"max-video-preview:-1"},"canonical":"https:\/\/ag-frisch.com\/de\/radio-equipment-richtlinie-red-china\/","og_locale":"de_DE","og_type":"article","og_title":"RED-Richtlinie: Einhaltung und Pr\u00fcfung bei Produkten aus China","og_description":"RED-Richtlinie (Radio Equipment Richtlinie) bei China-Produktion \u25ba Professionelle RED-Pr\u00fcfung vor Ort \u25ba Jetzt von Experten beraten lassen!","og_url":"https:\/\/ag-frisch.com\/de\/radio-equipment-richtlinie-red-china\/","og_site_name":"China Import Beratung f\u00fcr den Einkauf aus China","article_publisher":"https:\/\/www.facebook.com\/China.Import","article_modified_time":"2022-12-08T10:19:05+00:00","twitter_card":"summary_large_image","twitter_site":"@agenturfrisch","twitter_misc":{"Gesch\u00e4tzte Lesezeit":"8\u00a0Minuten"},"schema":{"@context":"https:\/\/schema.org","@graph":[{"@type":"WebPage","@id":"https:\/\/ag-frisch.com\/de\/radio-equipment-richtlinie-red-china\/","url":"https:\/\/ag-frisch.com\/de\/radio-equipment-richtlinie-red-china\/","name":"RED-Richtlinie: Einhaltung und Pr\u00fcfung bei Produkten aus China","isPartOf":{"@id":"https:\/\/ag-frisch.com\/de\/#website"},"datePublished":"2022-08-23T18:22:01+00:00","dateModified":"2022-12-08T10:19:05+00:00","description":"RED-Richtlinie (Radio Equipment Richtlinie) bei China-Produktion \u25ba Professionelle RED-Pr\u00fcfung vor Ort \u25ba Jetzt von Experten beraten lassen!","breadcrumb":{"@id":"https:\/\/ag-frisch.com\/de\/radio-equipment-richtlinie-red-china\/#breadcrumb"},"inLanguage":"de","potentialAction":[{"@type":"ReadAction","target":["https:\/\/ag-frisch.com\/de\/radio-equipment-richtlinie-red-china\/"]}]},{"@type":"BreadcrumbList","@id":"https:\/\/ag-frisch.com\/de\/radio-equipment-richtlinie-red-china\/#breadcrumb","itemListElement":[{"@type":"ListItem","position":1,"name":"Startseite","item":"https:\/\/ag-frisch.com\/de\/"},{"@type":"ListItem","position":2,"name":"Radio-Equipment-Richtlinie (RED)"}]},{"@type":"WebSite","@id":"https:\/\/ag-frisch.com\/de\/#website","url":"https:\/\/ag-frisch.com\/de\/","name":"China Import Beratung f\u00fcr den Einkauf aus China","description":"China Import &amp; Export Beratung - Der Dienstleister Ihres Vertrauens f\u00fcr Ihren China Import","publisher":{"@id":"https:\/\/ag-frisch.com\/de\/#organization"},"potentialAction":[{"@type":"SearchAction","target":{"@type":"EntryPoint","urlTemplate":"https:\/\/ag-frisch.com\/de\/?s={search_term_string}"},"query-input":{"@type":"PropertyValueSpecification","valueRequired":true,"valueName":"search_term_string"}}],"inLanguage":"de"},{"@type":"Organization","@id":"https:\/\/ag-frisch.com\/de\/#organization","name":"Agentur Frisch International Consulting GmbH & Co. KG","url":"https:\/\/ag-frisch.com\/de\/","logo":{"@type":"ImageObject","inLanguage":"de","@id":"https:\/\/ag-frisch.com\/de\/#\/schema\/logo\/image\/","url":"https:\/\/ag-frisch.com\/wp-content\/uploads\/2021\/08\/ag_logo_rgb_300_small.png","contentUrl":"https:\/\/ag-frisch.com\/wp-content\/uploads\/2021\/08\/ag_logo_rgb_300_small.png","width":153,"height":102,"caption":"Agentur Frisch International Consulting GmbH & Co. KG"},"image":{"@id":"https:\/\/ag-frisch.com\/de\/#\/schema\/logo\/image\/"},"sameAs":["https:\/\/www.facebook.com\/China.Import","https:\/\/x.com\/agenturfrisch"]}]}},"_links":{"self":[{"href":"https:\/\/ag-frisch.com\/de\/wp-json\/wp\/v2\/pages\/5027","targetHints":{"allow":["GET"]}}],"collection":[{"href":"https:\/\/ag-frisch.com\/de\/wp-json\/wp\/v2\/pages"}],"about":[{"href":"https:\/\/ag-frisch.com\/de\/wp-json\/wp\/v2\/types\/page"}],"author":[{"embeddable":true,"href":"https:\/\/ag-frisch.com\/de\/wp-json\/wp\/v2\/users\/2"}],"replies":[{"embeddable":true,"href":"https:\/\/ag-frisch.com\/de\/wp-json\/wp\/v2\/comments?post=5027"}],"version-history":[{"count":0,"href":"https:\/\/ag-frisch.com\/de\/wp-json\/wp\/v2\/pages\/5027\/revisions"}],"wp:attachment":[{"href":"https:\/\/ag-frisch.com\/de\/wp-json\/wp\/v2\/media?parent=5027"}],"curies":[{"name":"wp","href":"https:\/\/api.w.org\/{rel}","templated":true}]}}