{"id":5051,"date":"2022-08-25T14:15:49","date_gmt":"2022-08-25T12:15:49","guid":{"rendered":"https:\/\/ag-frisch.com\/?page_id=5051"},"modified":"2022-12-08T11:08:35","modified_gmt":"2022-12-08T10:08:35","slug":"pruefen-von-zertifikaten-aus-china","status":"publish","type":"page","link":"https:\/\/ag-frisch.com\/de\/pruefen-von-zertifikaten-aus-china\/","title":{"rendered":"Pr\u00fcfen von Zertifikaten aus China"},"content":{"rendered":"<p>[et_pb_section fb_built=&#8221;1&#8243; _builder_version=&#8221;4.16&#8243; _module_preset=&#8221;default&#8221; global_colors_info=&#8221;{}&#8221;][et_pb_row _builder_version=&#8221;4.18.1&#8243; _module_preset=&#8221;default&#8221;][et_pb_column _builder_version=&#8221;4.18.1&#8243; _module_preset=&#8221;default&#8221; type=&#8221;4_4&#8243;][et_pb_cta title=&#8221;Zertifikationspr\u00fcfung&#8221; button_url=&#8221;\/kontakt\/&#8221; button_text=&#8221;Jetzt Pr\u00fcfung buchen&#8221; _builder_version=&#8221;4.18.1&#8243; _module_preset=&#8221;default&#8221; hover_enabled=&#8221;0&#8243; global_colors_info=&#8221;{}&#8221; theme_builder_area=&#8221;post_content&#8221; sticky_enabled=&#8221;0&#8243;]<\/p>\n<p>Wenn Sie sich bei Ihrem CE-Testreport nicht sicher sind \u00dcbernehmen wir von der China Import Agentur Frisch gerne die Pr\u00fcfung f\u00fcr Sie.<\/p>\n<p>[\/et_pb_cta][\/et_pb_column][\/et_pb_row][et_pb_row _builder_version=&#8221;4.16&#8243; _module_preset=&#8221;default&#8221; global_colors_info=&#8221;{}&#8221;][et_pb_column type=&#8221;4_4&#8243; _builder_version=&#8221;4.16&#8243; _module_preset=&#8221;default&#8221; global_colors_info=&#8221;{}&#8221;][et_pb_text admin_label=&#8221;H1&#8243; _builder_version=&#8221;4.18.1&#8243; _module_preset=&#8221;default&#8221; global_colors_info=&#8221;{}&#8221;]<\/p>\n<h1>China-Import: Zertifikatspr\u00fcfung und Einsch\u00e4tzung<\/h1>\n<p>[\/et_pb_text][et_pb_text _builder_version=&#8221;4.18.1&#8243; _module_preset=&#8221;default&#8221; global_colors_info=&#8221;{}&#8221;]<\/p>\n<h2><strong>Zertifikate und Testreports aus China pr\u00fcfen<\/strong><\/h2>\n<p>Als erfahrener Verk\u00e4ufer wissen Sie, wie wichtig es ist, seinen Handelspartnern vertrauen zu k\u00f6nnen. Manchmal kommt es aber vor, dass Sie sich bei einem Zertifikat oder Testreport Ihres Lieferanten unsicher sind. Daf\u00fcr k\u00f6nnen verschiedene Gr\u00fcnde sprechen: Unklare Angaben auf den Dokumenten, potenzielle Missverst\u00e4ndnisse im Vorfeld, oder schlichtweg ein Lieferant, der nicht so seri\u00f6s ist, wie es den Anschein hatte.<\/p>\n<p>Die Agentur Frisch \u00fcbernimmt gern f\u00fcr Sie die Pr\u00fcfung der Ihnen \u00fcbermittelten Dokumente. Folgende Aspekte k\u00f6nnen wir dabei zum Beispiel checken:<\/p>\n<ul>\n<li>Echtheit<\/li>\n<li>Vollst\u00e4ndigkeit<\/li>\n<li>Plausibilit\u00e4t<\/li>\n<\/ul>\n<p>Mit unserer ersten Einsch\u00e4tzung erhalten Sie eine grobe Orientierung. Um ganz sicher zu gehen, k\u00f6nnen wir auch eigene Tests durchf\u00fchren und entsprechende Dokumentationen und Unterlagen erstellen lassen.<\/p>\n<p>&nbsp;<\/p>\n<h3><strong>Einsch\u00e4tzung der CE-Konformit\u00e4t bei Produkten aus China<\/strong><\/h3>\n<p>Die Agentur Frisch besch\u00e4ftigt Fachleute, die auf dem aktuellen Stand von Normung und Rechtsprechung sind. Wir k\u00f6nnen Ihnen daher absolut verl\u00e4ssliche Aussagen zum Thema CE-Konformit\u00e4t bei Produkten aus China machen. Wir wissen, welche Produkte welchen Bestimmungen entsprechen m\u00fcssen, und zu welchen Leistungen Sie als importierender Verk\u00e4ufer in Deutschland \u2013 oder anderen L\u00e4ndern \u2013 verpflichtet sind. Auf dieser Basis pr\u00fcfen wir, ob die Dokumente ausreichend und korrekt sind, die Sie von Ihrem Lieferanten erhalten haben.<\/p>\n<p>Sollte sich herausstellen, dass die Papiere ungen\u00fcgend oder unplausibel sind, oder es sich sogar um F\u00e4lschungen handelt, k\u00f6nnen wir f\u00fcr Sie passende Ma\u00dfnahmen ergreifen. Oft wird es sich dabei um das Erstellen g\u00fcltiger Dokumente handeln.<\/p>\n<p>&nbsp;<\/p>\n<p><strong>Zertifikate aus China \u2013 Pr\u00fcfung auf Echtheit und Plausibilit\u00e4t<\/strong><\/p>\n<p>Wenn bei Ihnen Zweifel aufkommen, ob Sie den ausgeh\u00e4ndigten Zertifikaten oder CE-Testreports aus China vertrauen k\u00f6nnen, sollten Sie das nicht auf die leichte Schulter nehmen. Die CE-Konformit\u00e4t bei Produkten aus China hat eine Schl\u00fcsselfunktion f\u00fcr den reibungslosen und erfolgreichen Verkauf in Deutschland. Pr\u00fcfen Sie also die Dokumente genauestens, oder \u00fcberlassen Sie diese Aufgabe jemandem, der das aufgrund von Expertise und Erfahrung besser einsch\u00e4tzen kann \u2013 den Fachleuten der Agentur Frisch.<\/p>\n<p>&nbsp;<\/p>\n<p><strong>CE-Testreports aus China auf Plausibilit\u00e4t pr\u00fcfen<\/strong><\/p>\n<p>Neben der Inaugenscheinnahme haben wir auch noch weitere M\u00f6glichkeiten, die CE-Konformit\u00e4t bei Produkten aus China zu pr\u00fcfen. So verf\u00fcgt unsere Tochterfirma BEIDE Compliance Laboratory \u00fcber hochwertig ausgestattete Pr\u00fcflabore, in denen s\u00e4mtliche Pr\u00fcfungen durchgef\u00fchrt werden k\u00f6nnen, die gegebenenfalls n\u00f6tig werden. Wir erstellen Ihnen auf Wunsch neue CE-Testreports aus China und sorgen somit daf\u00fcr, dass Ihre Waren unproblematisch durch den Zoll und alle anderen Kontrollen kommen.<\/p>\n<p>&nbsp;<\/p>\n<p><strong>Echtheitspr\u00fcfung f\u00fcr Zertifikate aus China<\/strong><\/p>\n<p>Leider gibt es \u00fcberall schwarze Schafe, und niemand ist davor gesch\u00fctzt, an einen Betr\u00fcger zu geraten. So kommt es gelegentlich zu gef\u00e4lschten oder teilweise auch einfach qualitativ mangelhaften CE-Testreports aus China, beziehungsweise Zertifikaten aus China. Um Sie vor Problemen zu bewahren, k\u00f6nnen wir gern auf Wunsch die Dokumente Ihres Lieferanten genau unter die Lupe nehmen. Wir kennen die typischen Fehler und wissen, wie die Unterlagen beschaffen sein m\u00fcssen, um die CE-Konformit\u00e4t bei Produkten aus China eindeutig und g\u00fcltig zu dokumentieren.<\/p>\n<p>&nbsp;<\/p>\n<p><strong>Als Ihr erfahrener China-Importeur freuen wir uns, auch die Pr\u00fcfung von Zertifikaten und CE-Testreports aus China in unserem Leistungsspektrum zu f\u00fchren \u2013 und Ihnen damit noch besseren und sichereren Service bieten zu k\u00f6nnen!<\/strong><\/p>\n<p><strong>\u00a0<\/strong><\/p>\n<p>[\/et_pb_text][\/et_pb_column][\/et_pb_row][\/et_pb_section][et_pb_section fb_built=&#8221;1&#8243; admin_label=&#8221;Testimonials&#8221; _builder_version=&#8221;4.16&#8243; use_background_color_gradient=&#8221;on&#8221; background_color_gradient_stops=&#8221;rgba(0,106,156,0.85) 0%|rgba(0,106,156,0.85) 100%&#8221; background_color_gradient_start=&#8221;rgba(0,106,156,0.85)&#8221; background_color_gradient_end=&#8221;rgba(0,106,156,0.85)&#8221; custom_padding=&#8221;90px||60px|&#8221; animation_style=&#8221;fold&#8221; animation_direction=&#8221;bottom&#8221; animation_intensity_fold=&#8221;4%&#8221; global_colors_info=&#8221;{}&#8221; theme_builder_area=&#8221;post_content&#8221;][et_pb_row _builder_version=&#8221;4.16&#8243; background_size=&#8221;initial&#8221; background_position=&#8221;top_left&#8221; background_repeat=&#8221;repeat&#8221; custom_width_px=&#8221;710px&#8221; locked=&#8221;off&#8221; global_colors_info=&#8221;{}&#8221; theme_builder_area=&#8221;post_content&#8221;][et_pb_column type=&#8221;4_4&#8243; _builder_version=&#8221;4.16&#8243; background_position=&#8221;top_left&#8221; custom_padding=&#8221;|||&#8221; global_colors_info=&#8221;{}&#8221; custom_padding__hover=&#8221;|||&#8221; theme_builder_area=&#8221;post_content&#8221;][et_pb_text admin_label=&#8221;Testimonials Section Title&#8221; _builder_version=&#8221;4.16&#8243; header_font=&#8221;Montserrat||||&#8221; header_font_size=&#8221;36px&#8221; background_size=&#8221;initial&#8221; background_position=&#8221;top_left&#8221; background_repeat=&#8221;repeat&#8221; text_orientation=&#8221;center&#8221; background_layout=&#8221;dark&#8221; max_width=&#8221;710px&#8221; module_alignment=&#8221;center&#8221; animation_style=&#8221;fold&#8221; animation_direction=&#8221;bottom&#8221; animation_intensity_fold=&#8221;20%&#8221; global_colors_info=&#8221;{}&#8221; theme_builder_area=&#8221;post_content&#8221;]<\/p>\n<h1>\u00dcber 5000 zufriedene Kunden.<\/h1>\n<p>&nbsp;<\/p>\n<p>[\/et_pb_text][et_pb_divider color=&#8221;#ffffff&#8221; divider_weight=&#8221;3px&#8221; disabled_on=&#8221;off|off|off&#8221; _builder_version=&#8221;4.16&#8243; background_color_gradient_direction=&#8221;90deg&#8221; max_width=&#8221;100px&#8221; module_alignment=&#8221;center&#8221; height=&#8221;5px&#8221; custom_margin=&#8221;||20px|&#8221; custom_padding=&#8221;||20px|&#8221; animation_style=&#8221;slide&#8221; animation_direction=&#8221;bottom&#8221; saved_tabs=&#8221;all&#8221; locked=&#8221;off&#8221; global_colors_info=&#8221;{}&#8221; theme_builder_area=&#8221;post_content&#8221;][\/et_pb_divider][\/et_pb_column][\/et_pb_row][et_pb_row column_structure=&#8221;1_2,1_2&#8243; _builder_version=&#8221;4.18.1&#8243; _module_preset=&#8221;default&#8221; global_colors_info=&#8221;{}&#8221; theme_builder_area=&#8221;post_content&#8221;][et_pb_column type=&#8221;1_2&#8243; _builder_version=&#8221;4.18.1&#8243; _module_preset=&#8221;default&#8221; global_colors_info=&#8221;{}&#8221; theme_builder_area=&#8221;post_content&#8221;][et_pb_testimonial author=&#8221;Marco&#8221; portrait_url=&#8221;https:\/\/ag-frisch.com\/wp-content\/uploads\/2021\/08\/Harald.png&#8221; quote_icon=&#8221;off&#8221; _builder_version=&#8221;4.18.1&#8243; _module_preset=&#8221;default&#8221; body_font_size=&#8221;16px&#8221; use_background_color=&#8221;off&#8221; background_layout=&#8221;dark&#8221; global_colors_info=&#8221;{}&#8221; theme_builder_area=&#8221;post_content&#8221;]Ich habe die Agentur Frisch beauftragt ein gr\u00f6\u00dferes M\u00f6belst\u00fcck in China produzieren zu lassen um es dann folglich nach Deutschland zu \u00fcberf\u00fchren. Per Mail erfolgte die ganze Zeit \u00fcber eine reibungslose Kommunikation! Sehr schnelle und zuverl\u00e4ssige Antworten vermittelten mir st\u00e4ndig die Sicherheiten, die bei so einen Unterfangen unerl\u00e4sslich sind. Jederzeit wurde mir durch den B\u00fcrokratiedschungel geholfen und dabei wurden keine Formulare vergessen oder falsch ausgef\u00fcllt. Sehr lobenswert!<a href=\"&lt;div class=&quot;pe-richsnippets&quot;&gt;&amp;nbsp;&lt;\/div&gt; &lt;script type=&quot;text\/javascript&quot; src=&quot;https:\/\/www.provenexpert.com\/widget\/richsnippet.js?u=1NUA0VwZ4RUZ5tmAi5zA4RaplNKAlWwZ&amp;v=2&quot; async&gt;&lt;\/script&gt; &lt;div style=&quot;text-align: justify;&quot;&gt;&lt;br \/&gt;\"><\/a><\/p>\n<div class=\"brow ratingBarMargin\">\n<div class=\"ratingBar\">\n<div class=\"brow\">\n<div class=\"pe-richsnippets\">&nbsp;<\/div>\n<p><script type=\"text\/javascript\" src=\"https:\/\/www.provenexpert.com\/widget\/richsnippet.js?u=1NUA0VwZ4RUZ5tmAi5zA4RaplNKAlWwZ&#038;v=2\" async><\/script><\/p>\n<div style=\"text-align: justify;\"><\/p>\n<div class=\"col-lg-9 col-md-8 col-xs-10 mt20 mb20\">\n<div class=\"col-xs-12 surveyNameForRating\"><\/div>\n<\/div>\n<\/div>\n<\/div>\n<\/div>\n<\/div>\n<p>[\/et_pb_testimonial][\/et_pb_column][et_pb_column type=&#8221;1_2&#8243; _builder_version=&#8221;4.18.1&#8243; _module_preset=&#8221;default&#8221; global_colors_info=&#8221;{}&#8221; theme_builder_area=&#8221;post_content&#8221;][et_pb_testimonial author=&#8221;Simone L.&#8221; portrait_url=&#8221;https:\/\/ag-frisch.com\/wp-content\/uploads\/2021\/08\/Harald.png&#8221; quote_icon=&#8221;off&#8221; _builder_version=&#8221;4.18.1&#8243; _module_preset=&#8221;default&#8221; body_font_size=&#8221;16px&#8221; use_background_color=&#8221;off&#8221; background_layout=&#8221;dark&#8221; global_colors_info=&#8221;{}&#8221; theme_builder_area=&#8221;post_content&#8221;]<\/p>\n<p>Alles Top. Besser geht nicht. Beratung und Durchf\u00fchrung kann man nicht besser machen. Wir sind nach mehreren Bestellungen bei diesem Unternehmen mehr als zufrieden und setzen die Zusammenarbeit fort.<\/p>\n<div class=\"brow ratingBarMargin\">\n<div class=\"ratingBar\">\n<div class=\"brow\">\n<div class=\"pe-richsnippets\">\u00a0<\/div>\n<p>\n<script type=\"text\/javascript\" src=\"https:\/\/www.provenexpert.com\/widget\/richsnippet.js?u=1NUA0VwZ4RUZ5tmAi5zA4RaplNKAlWwZ&amp;v=2\" async=\"\"><\/script>\n<\/p>\n<div style=\"text-align: justify;\">\n<p>&nbsp;<\/p>\n<div class=\"col-lg-9 col-md-8 col-xs-10 mt20 mb20\">\n<div class=\"col-xs-12 surveyNameForRating\"><\/div>\n<\/div>\n<\/div>\n<\/div>\n<\/div>\n<\/div>\n<p>[\/et_pb_testimonial][\/et_pb_column][\/et_pb_row][et_pb_row _builder_version=&#8221;4.16&#8243; background_size=&#8221;initial&#8221; background_position=&#8221;top_left&#8221; background_repeat=&#8221;repeat&#8221; custom_padding=&#8221;50px|0px|30px|0px&#8221; custom_css_main_element=&#8221;text-align: center;&#8221; global_colors_info=&#8221;{}&#8221; theme_builder_area=&#8221;post_content&#8221;][et_pb_column type=&#8221;4_4&#8243; _builder_version=&#8221;4.16&#8243; custom_padding=&#8221;|||&#8221; global_colors_info=&#8221;{}&#8221; custom_padding__hover=&#8221;|||&#8221; theme_builder_area=&#8221;post_content&#8221;][et_pb_button button_url=&#8221;https:\/\/www.provenexpert.com\/de-de\/agentur-frisch-international-consulting-gmbh-und-co-kg\/&#8221; button_text=&#8221;MEHR BEWERTUNGEN&#8221; button_alignment=&#8221;left&#8221; admin_label=&#8221;Testimonial Button&#8221; _builder_version=&#8221;4.16&#8243; custom_button=&#8221;on&#8221; button_text_size=&#8221;18px&#8221; button_text_color=&#8221;#ffffff&#8221; button_bg_color=&#8221;#6eba01&#8243; button_border_width=&#8221;2px&#8221; button_border_color=&#8221;#6eba01&#8243; button_border_radius=&#8221;0px&#8221; button_letter_spacing=&#8221;2px&#8221; button_font=&#8221;Montserrat|||on|&#8221; button_use_icon=&#8221;off&#8221; animation_style=&#8221;fold&#8221; animation_direction=&#8221;bottom&#8221; button_text_color_hover=&#8221;#ffffff&#8221; button_border_color_hover=&#8221;#ffffff&#8221; button_border_radius_hover=&#8221;0px&#8221; button_letter_spacing_hover=&#8221;2px&#8221; button_bg_color_hover=&#8221;rgba(255,255,255,0)&#8221; locked=&#8221;off&#8221; global_colors_info=&#8221;{}&#8221; button_text_size__hover_enabled=&#8221;off&#8221; button_one_text_size__hover_enabled=&#8221;off&#8221; button_two_text_size__hover_enabled=&#8221;off&#8221; button_text_color__hover_enabled=&#8221;on&#8221; button_text_color__hover=&#8221;#ffffff&#8221; button_one_text_color__hover_enabled=&#8221;off&#8221; button_two_text_color__hover_enabled=&#8221;off&#8221; button_border_width__hover_enabled=&#8221;off&#8221; button_one_border_width__hover_enabled=&#8221;off&#8221; button_two_border_width__hover_enabled=&#8221;off&#8221; button_border_color__hover_enabled=&#8221;on&#8221; button_border_color__hover=&#8221;#ffffff&#8221; button_one_border_color__hover_enabled=&#8221;off&#8221; button_two_border_color__hover_enabled=&#8221;off&#8221; button_border_radius__hover_enabled=&#8221;on&#8221; button_border_radius__hover=&#8221;0px&#8221; button_one_border_radius__hover_enabled=&#8221;off&#8221; button_two_border_radius__hover_enabled=&#8221;off&#8221; button_letter_spacing__hover_enabled=&#8221;on&#8221; button_letter_spacing__hover=&#8221;2px&#8221; button_one_letter_spacing__hover_enabled=&#8221;off&#8221; button_two_letter_spacing__hover_enabled=&#8221;off&#8221; button_bg_color__hover_enabled=&#8221;on&#8221; button_bg_color__hover=&#8221;rgba(255,255,255,0)&#8221; button_one_bg_color__hover_enabled=&#8221;off&#8221; button_two_bg_color__hover_enabled=&#8221;off&#8221; theme_builder_area=&#8221;post_content&#8221;][\/et_pb_button][\/et_pb_column][\/et_pb_row][\/et_pb_section]<\/p>\n","protected":false},"excerpt":{"rendered":"<p>Wenn Sie sich bei Ihrem CE-Testreport nicht sicher sind \u00dcbernehmen wir von der China Import Agentur Frisch gerne die Pr\u00fcfung f\u00fcr Sie.China-Import: Zertifikatspr\u00fcfung und Einsch\u00e4tzungZertifikate und Testreports aus China pr\u00fcfen Als erfahrener Verk\u00e4ufer wissen Sie, wie wichtig es ist, seinen Handelspartnern vertrauen zu k\u00f6nnen. Manchmal kommt es aber vor, dass Sie sich bei einem Zertifikat [&hellip;]<\/p>\n","protected":false},"author":2,"featured_media":0,"parent":0,"menu_order":0,"comment_status":"closed","ping_status":"closed","template":"","meta":{"_et_pb_use_builder":"on","_et_pb_old_content":"","_et_gb_content_width":"","footnotes":""},"class_list":["post-5051","page","type-page","status-publish","hentry"],"yoast_head":"<!-- This site is optimized with the Yoast SEO plugin v27.2 - https:\/\/yoast.com\/product\/yoast-seo-wordpress\/ -->\n<title>China Importe: Pr\u00fcfung Zertifikate auf Echtheit &amp; Plausibilit\u00e4t<\/title>\n<meta name=\"description\" content=\"China-Import Zertifikatspr\u00fcfung \u25ba Zertifikate und Testreports auf Echtheit pr\u00fcfen lassen \u25ba Echtheitspr\u00fcfung nur vom Profi \u25ba Jetzt beraten lassen!\" \/>\n<meta name=\"robots\" content=\"index, follow, max-snippet:-1, max-image-preview:large, max-video-preview:-1\" \/>\n<link rel=\"canonical\" href=\"https:\/\/ag-frisch.com\/de\/pruefen-von-zertifikaten-aus-china\/\" \/>\n<meta property=\"og:locale\" content=\"de_DE\" \/>\n<meta property=\"og:type\" content=\"article\" \/>\n<meta property=\"og:title\" content=\"China Importe: Pr\u00fcfung Zertifikate auf Echtheit &amp; Plausibilit\u00e4t\" \/>\n<meta property=\"og:description\" content=\"China-Import Zertifikatspr\u00fcfung \u25ba Zertifikate und Testreports auf Echtheit pr\u00fcfen lassen \u25ba Echtheitspr\u00fcfung nur vom Profi \u25ba Jetzt beraten lassen!\" \/>\n<meta property=\"og:url\" content=\"https:\/\/ag-frisch.com\/de\/pruefen-von-zertifikaten-aus-china\/\" \/>\n<meta property=\"og:site_name\" content=\"China Import Beratung f\u00fcr den Einkauf aus China\" \/>\n<meta property=\"article:publisher\" content=\"https:\/\/www.facebook.com\/China.Import\" \/>\n<meta property=\"article:modified_time\" content=\"2022-12-08T10:08:35+00:00\" \/>\n<meta name=\"twitter:card\" content=\"summary_large_image\" \/>\n<meta name=\"twitter:site\" content=\"@agenturfrisch\" \/>\n<meta name=\"twitter:label1\" content=\"Gesch\u00e4tzte Lesezeit\" \/>\n\t<meta name=\"twitter:data1\" content=\"8\u00a0Minuten\" \/>\n<script type=\"application\/ld+json\" class=\"yoast-schema-graph\">{\"@context\":\"https:\/\/schema.org\",\"@graph\":[{\"@type\":\"WebPage\",\"@id\":\"https:\/\/ag-frisch.com\/de\/pruefen-von-zertifikaten-aus-china\/\",\"url\":\"https:\/\/ag-frisch.com\/de\/pruefen-von-zertifikaten-aus-china\/\",\"name\":\"China Importe: Pr\u00fcfung Zertifikate auf Echtheit & Plausibilit\u00e4t\",\"isPartOf\":{\"@id\":\"https:\/\/ag-frisch.com\/de\/#website\"},\"datePublished\":\"2022-08-25T12:15:49+00:00\",\"dateModified\":\"2022-12-08T10:08:35+00:00\",\"description\":\"China-Import Zertifikatspr\u00fcfung \u25ba Zertifikate und Testreports auf Echtheit pr\u00fcfen lassen \u25ba Echtheitspr\u00fcfung nur vom Profi \u25ba Jetzt beraten lassen!\",\"breadcrumb\":{\"@id\":\"https:\/\/ag-frisch.com\/de\/pruefen-von-zertifikaten-aus-china\/#breadcrumb\"},\"inLanguage\":\"de\",\"potentialAction\":[{\"@type\":\"ReadAction\",\"target\":[\"https:\/\/ag-frisch.com\/de\/pruefen-von-zertifikaten-aus-china\/\"]}]},{\"@type\":\"BreadcrumbList\",\"@id\":\"https:\/\/ag-frisch.com\/de\/pruefen-von-zertifikaten-aus-china\/#breadcrumb\",\"itemListElement\":[{\"@type\":\"ListItem\",\"position\":1,\"name\":\"Startseite\",\"item\":\"https:\/\/ag-frisch.com\/de\/\"},{\"@type\":\"ListItem\",\"position\":2,\"name\":\"Pr\u00fcfen von Zertifikaten aus China\"}]},{\"@type\":\"WebSite\",\"@id\":\"https:\/\/ag-frisch.com\/de\/#website\",\"url\":\"https:\/\/ag-frisch.com\/de\/\",\"name\":\"China Import Beratung f\u00fcr den Einkauf aus China\",\"description\":\"China Import &amp; Export Beratung - Der Dienstleister Ihres Vertrauens f\u00fcr Ihren China Import\",\"publisher\":{\"@id\":\"https:\/\/ag-frisch.com\/de\/#organization\"},\"potentialAction\":[{\"@type\":\"SearchAction\",\"target\":{\"@type\":\"EntryPoint\",\"urlTemplate\":\"https:\/\/ag-frisch.com\/de\/?s={search_term_string}\"},\"query-input\":{\"@type\":\"PropertyValueSpecification\",\"valueRequired\":true,\"valueName\":\"search_term_string\"}}],\"inLanguage\":\"de\"},{\"@type\":\"Organization\",\"@id\":\"https:\/\/ag-frisch.com\/de\/#organization\",\"name\":\"Agentur Frisch International Consulting GmbH & Co. KG\",\"url\":\"https:\/\/ag-frisch.com\/de\/\",\"logo\":{\"@type\":\"ImageObject\",\"inLanguage\":\"de\",\"@id\":\"https:\/\/ag-frisch.com\/de\/#\/schema\/logo\/image\/\",\"url\":\"https:\/\/ag-frisch.com\/wp-content\/uploads\/2021\/08\/ag_logo_rgb_300_small.png\",\"contentUrl\":\"https:\/\/ag-frisch.com\/wp-content\/uploads\/2021\/08\/ag_logo_rgb_300_small.png\",\"width\":153,\"height\":102,\"caption\":\"Agentur Frisch International Consulting GmbH & Co. KG\"},\"image\":{\"@id\":\"https:\/\/ag-frisch.com\/de\/#\/schema\/logo\/image\/\"},\"sameAs\":[\"https:\/\/www.facebook.com\/China.Import\",\"https:\/\/x.com\/agenturfrisch\"]}]}<\/script>\n<!-- \/ Yoast SEO plugin. -->","yoast_head_json":{"title":"China Importe: Pr\u00fcfung Zertifikate auf Echtheit & Plausibilit\u00e4t","description":"China-Import Zertifikatspr\u00fcfung \u25ba Zertifikate und Testreports auf Echtheit pr\u00fcfen lassen \u25ba Echtheitspr\u00fcfung nur vom Profi \u25ba Jetzt beraten lassen!","robots":{"index":"index","follow":"follow","max-snippet":"max-snippet:-1","max-image-preview":"max-image-preview:large","max-video-preview":"max-video-preview:-1"},"canonical":"https:\/\/ag-frisch.com\/de\/pruefen-von-zertifikaten-aus-china\/","og_locale":"de_DE","og_type":"article","og_title":"China Importe: Pr\u00fcfung Zertifikate auf Echtheit & Plausibilit\u00e4t","og_description":"China-Import Zertifikatspr\u00fcfung \u25ba Zertifikate und Testreports auf Echtheit pr\u00fcfen lassen \u25ba Echtheitspr\u00fcfung nur vom Profi \u25ba Jetzt beraten lassen!","og_url":"https:\/\/ag-frisch.com\/de\/pruefen-von-zertifikaten-aus-china\/","og_site_name":"China Import Beratung f\u00fcr den Einkauf aus China","article_publisher":"https:\/\/www.facebook.com\/China.Import","article_modified_time":"2022-12-08T10:08:35+00:00","twitter_card":"summary_large_image","twitter_site":"@agenturfrisch","twitter_misc":{"Gesch\u00e4tzte Lesezeit":"8\u00a0Minuten"},"schema":{"@context":"https:\/\/schema.org","@graph":[{"@type":"WebPage","@id":"https:\/\/ag-frisch.com\/de\/pruefen-von-zertifikaten-aus-china\/","url":"https:\/\/ag-frisch.com\/de\/pruefen-von-zertifikaten-aus-china\/","name":"China Importe: Pr\u00fcfung Zertifikate auf Echtheit & Plausibilit\u00e4t","isPartOf":{"@id":"https:\/\/ag-frisch.com\/de\/#website"},"datePublished":"2022-08-25T12:15:49+00:00","dateModified":"2022-12-08T10:08:35+00:00","description":"China-Import Zertifikatspr\u00fcfung \u25ba Zertifikate und Testreports auf Echtheit pr\u00fcfen lassen \u25ba Echtheitspr\u00fcfung nur vom Profi \u25ba Jetzt beraten lassen!","breadcrumb":{"@id":"https:\/\/ag-frisch.com\/de\/pruefen-von-zertifikaten-aus-china\/#breadcrumb"},"inLanguage":"de","potentialAction":[{"@type":"ReadAction","target":["https:\/\/ag-frisch.com\/de\/pruefen-von-zertifikaten-aus-china\/"]}]},{"@type":"BreadcrumbList","@id":"https:\/\/ag-frisch.com\/de\/pruefen-von-zertifikaten-aus-china\/#breadcrumb","itemListElement":[{"@type":"ListItem","position":1,"name":"Startseite","item":"https:\/\/ag-frisch.com\/de\/"},{"@type":"ListItem","position":2,"name":"Pr\u00fcfen von Zertifikaten aus China"}]},{"@type":"WebSite","@id":"https:\/\/ag-frisch.com\/de\/#website","url":"https:\/\/ag-frisch.com\/de\/","name":"China Import Beratung f\u00fcr den Einkauf aus China","description":"China Import &amp; Export Beratung - Der Dienstleister Ihres Vertrauens f\u00fcr Ihren China Import","publisher":{"@id":"https:\/\/ag-frisch.com\/de\/#organization"},"potentialAction":[{"@type":"SearchAction","target":{"@type":"EntryPoint","urlTemplate":"https:\/\/ag-frisch.com\/de\/?s={search_term_string}"},"query-input":{"@type":"PropertyValueSpecification","valueRequired":true,"valueName":"search_term_string"}}],"inLanguage":"de"},{"@type":"Organization","@id":"https:\/\/ag-frisch.com\/de\/#organization","name":"Agentur Frisch International Consulting GmbH & Co. KG","url":"https:\/\/ag-frisch.com\/de\/","logo":{"@type":"ImageObject","inLanguage":"de","@id":"https:\/\/ag-frisch.com\/de\/#\/schema\/logo\/image\/","url":"https:\/\/ag-frisch.com\/wp-content\/uploads\/2021\/08\/ag_logo_rgb_300_small.png","contentUrl":"https:\/\/ag-frisch.com\/wp-content\/uploads\/2021\/08\/ag_logo_rgb_300_small.png","width":153,"height":102,"caption":"Agentur Frisch International Consulting GmbH & Co. KG"},"image":{"@id":"https:\/\/ag-frisch.com\/de\/#\/schema\/logo\/image\/"},"sameAs":["https:\/\/www.facebook.com\/China.Import","https:\/\/x.com\/agenturfrisch"]}]}},"_links":{"self":[{"href":"https:\/\/ag-frisch.com\/de\/wp-json\/wp\/v2\/pages\/5051","targetHints":{"allow":["GET"]}}],"collection":[{"href":"https:\/\/ag-frisch.com\/de\/wp-json\/wp\/v2\/pages"}],"about":[{"href":"https:\/\/ag-frisch.com\/de\/wp-json\/wp\/v2\/types\/page"}],"author":[{"embeddable":true,"href":"https:\/\/ag-frisch.com\/de\/wp-json\/wp\/v2\/users\/2"}],"replies":[{"embeddable":true,"href":"https:\/\/ag-frisch.com\/de\/wp-json\/wp\/v2\/comments?post=5051"}],"version-history":[{"count":0,"href":"https:\/\/ag-frisch.com\/de\/wp-json\/wp\/v2\/pages\/5051\/revisions"}],"wp:attachment":[{"href":"https:\/\/ag-frisch.com\/de\/wp-json\/wp\/v2\/media?parent=5051"}],"curies":[{"name":"wp","href":"https:\/\/api.w.org\/{rel}","templated":true}]}}