{"id":5455,"date":"2021-09-12T22:02:38","date_gmt":"2021-09-12T20:02:38","guid":{"rendered":"https:\/\/ag-frisch.com\/tienda\/"},"modified":"2022-09-22T12:23:46","modified_gmt":"2022-09-22T10:23:46","slug":"tienda","status":"publish","type":"page","link":"https:\/\/ag-frisch.com\/de\/tienda\/","title":{"rendered":"Tienda"},"content":{"rendered":"<p>[et_pb_section fb_built=&#8221;1&#8243; _builder_version=&#8221;4.9.10&#8243; _module_preset=&#8221;default&#8221; global_colors_info=&#8221;{}&#8221;][et_pb_row _builder_version=&#8221;4.9.10&#8243; _module_preset=&#8221;default&#8221; global_colors_info=&#8221;{}&#8221;][et_pb_column type=&#8221;4_4&#8243; _builder_version=&#8221;4.9.10&#8243; _module_preset=&#8221;default&#8221; global_colors_info=&#8221;{}&#8221;][et_pb_text _builder_version=&#8221;4.9.10&#8243; _module_preset=&#8221;default&#8221; global_colors_info=&#8221;{}&#8221;]<\/p>\n<h1><strong>Listing der Produkte in Online-Kan\u00e4len<\/strong><\/h1>\n<p><strong>Sichtbarkeit f\u00fcr Ihre Produkte auf Amazon und Co<\/strong><\/p>\n<p>Das sch\u00f6nste Produkt bringt nichts, wenn es von den Kunden nicht gesehen wird. Daher \u00fcbernehmen wir f\u00fcr Sie das Listing Ihrer Produkte auf Online-Marktpl\u00e4tzen und sorgen daf\u00fcr, dass Ihre Waren im besten Licht dastehen \u2013 und von m\u00f6glichst vielen Menschen wahrgenommen werden. Zu den Leistungen der Agentur Frisch geh\u00f6rt im Rahmen des Listings:<\/p>\n<ul>\n<li>Produktfotografie<\/li>\n<li>Erstellen der Produkttexte<\/li>\n<li>Produktlaunch<\/li>\n<li>Werbeanzeigen<\/li>\n<\/ul>\n<p>Idealerweise entscheiden Sie sich f\u00fcr ein Vorablisting. So k\u00f6nnen Sie von den Vorteilen des Listings Ihrer Produkte auf Online-Marktpl\u00e4tzen genau dann profitieren, wenn Sie \u00fcber Ihre angelieferten Waren verf\u00fcgen k\u00f6nnen. Lange Anlaufzeiten f\u00fcrs Business entfallen dadurch ebenso wie hohe Lagerkosten.<\/p>\n<p>Selbstverst\u00e4ndlich \u00fcbernehmen wir Ihr Amazon Listing oder das Listing Ihrer Produkte auf anderen Online-Marktpl\u00e4tzen aber auch, wenn diese bereits laufen. Auch hier k\u00f6nnen wir meist durch Optimierungen erhebliche Erfolge erzielen.<\/p>\n<p>&nbsp;<\/p>\n<p><strong>Vorablisting Ihrer Produkte<\/strong><\/p>\n<p>Um in den Genuss aller Vorteile des Listings zu kommen, ist es sinnvoll, so fr\u00fch wie m\u00f6glich mit dem Listing zu starten. Wir \u00fcbernehmen diese Aufgabe gern f\u00fcr Sie und erstellen alle Eintr\u00e4ge und Advertisements noch bevor Ihre Waren aus China eingetroffen sind. So k\u00f6nnen Sie starten, sobald die Lieferung da ist, und sind dann bereits mitten im Gesch\u00e4ft.<\/p>\n<p>&nbsp;<\/p>\n<p><strong>Agentur Frisch \u2013 Ihr Marketing-Partner f\u00fcr starkes Listing<\/strong><\/p>\n<p>Das Listing von Produkten auf den Online-Marktpl\u00e4tzen folgt gewissen Regeln, die man als Marktteilnehmer kennen muss. Die Agentur Frisch ist auch in diesem Bereich schon seit vielen Jahren erfolgreich aktiv. Wir ermitteln in einem Beratungsgespr\u00e4ch, wie f\u00fcr Ihr individuelles Produkt am besten vorzugehen ist. Dabei kann es sich um Teilleistungen oder auch um ein komplettes E-Commerce Setup handeln. Folgende Dienstleistungen bieten wir Ihnen rund um das Listing:<\/p>\n<ul>\n<li><strong>Produktfotografie<\/strong><\/li>\n<\/ul>\n<p>Unsere erfahrenen Fotografen wissen, wie sie Ihr Produkt gekonnt in Szene setzen, um Kaufanreize zu schaffen. Aussagekr\u00e4ftige und werbewirksame Fotos sind die Folge.<\/p>\n<p>&nbsp;<\/p>\n<ul>\n<li><strong>Produkttexte<\/strong><\/li>\n<\/ul>\n<p>Neben Bildern sind die richtigen Worte im Internet wichtig wie nichts anderes: Professionelle Werbetexter nehmen sich Ihrer Produkte an und vermitteln den Kunden die Vorz\u00fcge Ihrer Produkte. Mit den richtigen Keywords und sprachlicher Suchmaschinenoptimierung holen wir das Beste aus Ihren Artikeln heraus.<\/p>\n<p>&nbsp;<\/p>\n<ul>\n<li><strong>Produktlaunch<\/strong><\/li>\n<\/ul>\n<p>Es gibt verschiedene technische M\u00f6glichkeiten, um Produkte im Listing bei Amazon und Co h\u00f6her zu ranken. Unsere Experten kennen diese und nutzen alle M\u00f6glichkeiten, um Sie optimal zu platzieren.<\/p>\n<p>&nbsp;<\/p>\n<ul>\n<li><strong>Werbeanzeigen<\/strong><\/li>\n<\/ul>\n<p>Advertisements bei Google oder Amazon sind Teil einer gelungenen Marketing-Strategie im Rahmen des E-Commerce Setup. Unsere Online-Marketing-Profis bringen Sie ganz nach oben.<\/p>\n<p>&nbsp;<\/p>\n<p><strong>Amazon Listing \u2013 Top beim Marktf\u00fchrer<\/strong><\/p>\n<p>Amazon ist der f\u00fchrende Online-Marktplatz, und als solcher besonders wichtig f\u00fcr Ihr E-Commerce Setup. Die Plattform von Jeff Bezos folgt eigenen Regeln beim Listing. Die Marketingexperten der Agentur Frisch sind mit diesen vertraut und k\u00f6nnen Ihre Produkte im Amazon Listing ideal nach vorne bringen.<\/p>\n<p>Als Kernplattform des Onlinehandels nehmen wir das Amazon Listing besonders ernst. Hier finden Ihre gro\u00dfen Gewinne statt. Wie erfolgreich Ihr E-Commerce Setup verl\u00e4uft, h\u00e4ngt von den getroffenen Ma\u00dfnahmen ab. \u00dcberlassen Sie das Listing Ihrer Produkte auf Online-Marktpl\u00e4tzen wie Amazon nicht dem Zufall \u2013 legen Sie es in die H\u00e4nde von Profis, die genau wissen, was sie tun.<\/p>\n<p>&nbsp;<\/p>\n<p>&nbsp;<\/p>\n<p><strong>\u00a0<\/strong><\/p>\n<p>&nbsp;<\/p>\n<p>&nbsp;<\/p>\n<p>&nbsp;<\/p>\n<p>&nbsp;<\/p>\n<p>[\/et_pb_text][\/et_pb_column][\/et_pb_row][et_pb_row _builder_version=&#8221;4.9.10&#8243; _module_preset=&#8221;default&#8221; global_colors_info=&#8221;{}&#8221;][et_pb_column type=&#8221;4_4&#8243; _builder_version=&#8221;4.9.10&#8243; _module_preset=&#8221;default&#8221; global_colors_info=&#8221;{}&#8221;][et_pb_code _builder_version=&#8221;4.9.10&#8243; _module_preset=&#8221;default&#8221; global_colors_info=&#8221;{}&#8221;][\/et_pb_code][\/et_pb_column][\/et_pb_row][\/et_pb_section]<\/p>\n","protected":false},"excerpt":{"rendered":"<p>Listing der Produkte in Online-Kan\u00e4len Sichtbarkeit f\u00fcr Ihre Produkte auf Amazon und Co Das sch\u00f6nste Produkt bringt nichts, wenn es von den Kunden nicht gesehen wird. Daher \u00fcbernehmen wir f\u00fcr Sie das Listing Ihrer Produkte auf Online-Marktpl\u00e4tzen und sorgen daf\u00fcr, dass Ihre Waren im besten Licht dastehen \u2013 und von m\u00f6glichst vielen Menschen wahrgenommen werden. [&hellip;]<\/p>\n","protected":false},"author":2,"featured_media":0,"parent":0,"menu_order":0,"comment_status":"closed","ping_status":"closed","template":"","meta":{"_et_pb_use_builder":"on","_et_pb_old_content":"","_et_gb_content_width":"","footnotes":""},"class_list":["post-5455","page","type-page","status-publish","hentry"],"yoast_head":"<!-- This site is optimized with the Yoast SEO plugin v27.2 - https:\/\/yoast.com\/product\/yoast-seo-wordpress\/ -->\n<title>Tienda - China Import Beratung f\u00fcr den Einkauf aus China<\/title>\n<meta name=\"robots\" content=\"index, follow, max-snippet:-1, max-image-preview:large, max-video-preview:-1\" \/>\n<link rel=\"canonical\" href=\"https:\/\/ag-frisch.com\/tienda\/\" \/>\n<meta property=\"og:locale\" content=\"de_DE\" \/>\n<meta property=\"og:type\" content=\"article\" \/>\n<meta property=\"og:title\" content=\"Tienda - China Import Beratung f\u00fcr den Einkauf aus China\" \/>\n<meta property=\"og:description\" content=\"Listing der Produkte in Online-Kan\u00e4len Sichtbarkeit f\u00fcr Ihre Produkte auf Amazon und Co Das sch\u00f6nste Produkt bringt nichts, wenn es von den Kunden nicht gesehen wird. Daher \u00fcbernehmen wir f\u00fcr Sie das Listing Ihrer Produkte auf Online-Marktpl\u00e4tzen und sorgen daf\u00fcr, dass Ihre Waren im besten Licht dastehen \u2013 und von m\u00f6glichst vielen Menschen wahrgenommen werden. [&hellip;]\" \/>\n<meta property=\"og:url\" content=\"https:\/\/ag-frisch.com\/tienda\/\" \/>\n<meta property=\"og:site_name\" content=\"China Import Beratung f\u00fcr den Einkauf aus China\" \/>\n<meta property=\"article:publisher\" content=\"https:\/\/www.facebook.com\/China.Import\" \/>\n<meta property=\"article:modified_time\" content=\"2022-09-22T10:23:46+00:00\" \/>\n<meta name=\"twitter:card\" content=\"summary_large_image\" \/>\n<meta name=\"twitter:site\" content=\"@agenturfrisch\" \/>\n<meta name=\"twitter:label1\" content=\"Gesch\u00e4tzte Lesezeit\" \/>\n\t<meta name=\"twitter:data1\" content=\"3\u00a0Minuten\" \/>\n<script type=\"application\/ld+json\" class=\"yoast-schema-graph\">{\"@context\":\"https:\/\/schema.org\",\"@graph\":[{\"@type\":\"WebPage\",\"@id\":\"https:\/\/ag-frisch.com\/tienda\/\",\"url\":\"https:\/\/ag-frisch.com\/tienda\/\",\"name\":\"Tienda - China Import Beratung f\u00fcr den Einkauf aus China\",\"isPartOf\":{\"@id\":\"https:\/\/ag-frisch.com\/de\/#website\"},\"datePublished\":\"2021-09-12T20:02:38+00:00\",\"dateModified\":\"2022-09-22T10:23:46+00:00\",\"breadcrumb\":{\"@id\":\"https:\/\/ag-frisch.com\/tienda\/#breadcrumb\"},\"inLanguage\":\"de\",\"potentialAction\":[{\"@type\":\"ReadAction\",\"target\":[\"https:\/\/ag-frisch.com\/tienda\/\"]}]},{\"@type\":\"BreadcrumbList\",\"@id\":\"https:\/\/ag-frisch.com\/tienda\/#breadcrumb\",\"itemListElement\":[{\"@type\":\"ListItem\",\"position\":1,\"name\":\"Startseite\",\"item\":\"https:\/\/ag-frisch.com\/de\/\"},{\"@type\":\"ListItem\",\"position\":2,\"name\":\"Tienda\"}]},{\"@type\":\"WebSite\",\"@id\":\"https:\/\/ag-frisch.com\/de\/#website\",\"url\":\"https:\/\/ag-frisch.com\/de\/\",\"name\":\"China Import Beratung f\u00fcr den Einkauf aus China\",\"description\":\"China Import &amp; Export Beratung - Der Dienstleister Ihres Vertrauens f\u00fcr Ihren China Import\",\"publisher\":{\"@id\":\"https:\/\/ag-frisch.com\/de\/#organization\"},\"potentialAction\":[{\"@type\":\"SearchAction\",\"target\":{\"@type\":\"EntryPoint\",\"urlTemplate\":\"https:\/\/ag-frisch.com\/de\/?s={search_term_string}\"},\"query-input\":{\"@type\":\"PropertyValueSpecification\",\"valueRequired\":true,\"valueName\":\"search_term_string\"}}],\"inLanguage\":\"de\"},{\"@type\":\"Organization\",\"@id\":\"https:\/\/ag-frisch.com\/de\/#organization\",\"name\":\"Agentur Frisch International Consulting GmbH & Co. KG\",\"url\":\"https:\/\/ag-frisch.com\/de\/\",\"logo\":{\"@type\":\"ImageObject\",\"inLanguage\":\"de\",\"@id\":\"https:\/\/ag-frisch.com\/de\/#\/schema\/logo\/image\/\",\"url\":\"https:\/\/ag-frisch.com\/wp-content\/uploads\/2021\/08\/ag_logo_rgb_300_small.png\",\"contentUrl\":\"https:\/\/ag-frisch.com\/wp-content\/uploads\/2021\/08\/ag_logo_rgb_300_small.png\",\"width\":153,\"height\":102,\"caption\":\"Agentur Frisch International Consulting GmbH & Co. KG\"},\"image\":{\"@id\":\"https:\/\/ag-frisch.com\/de\/#\/schema\/logo\/image\/\"},\"sameAs\":[\"https:\/\/www.facebook.com\/China.Import\",\"https:\/\/x.com\/agenturfrisch\"]}]}<\/script>\n<!-- \/ Yoast SEO plugin. -->","yoast_head_json":{"title":"Tienda - China Import Beratung f\u00fcr den Einkauf aus China","robots":{"index":"index","follow":"follow","max-snippet":"max-snippet:-1","max-image-preview":"max-image-preview:large","max-video-preview":"max-video-preview:-1"},"canonical":"https:\/\/ag-frisch.com\/tienda\/","og_locale":"de_DE","og_type":"article","og_title":"Tienda - China Import Beratung f\u00fcr den Einkauf aus China","og_description":"Listing der Produkte in Online-Kan\u00e4len Sichtbarkeit f\u00fcr Ihre Produkte auf Amazon und Co Das sch\u00f6nste Produkt bringt nichts, wenn es von den Kunden nicht gesehen wird. Daher \u00fcbernehmen wir f\u00fcr Sie das Listing Ihrer Produkte auf Online-Marktpl\u00e4tzen und sorgen daf\u00fcr, dass Ihre Waren im besten Licht dastehen \u2013 und von m\u00f6glichst vielen Menschen wahrgenommen werden. [&hellip;]","og_url":"https:\/\/ag-frisch.com\/tienda\/","og_site_name":"China Import Beratung f\u00fcr den Einkauf aus China","article_publisher":"https:\/\/www.facebook.com\/China.Import","article_modified_time":"2022-09-22T10:23:46+00:00","twitter_card":"summary_large_image","twitter_site":"@agenturfrisch","twitter_misc":{"Gesch\u00e4tzte Lesezeit":"3\u00a0Minuten"},"schema":{"@context":"https:\/\/schema.org","@graph":[{"@type":"WebPage","@id":"https:\/\/ag-frisch.com\/tienda\/","url":"https:\/\/ag-frisch.com\/tienda\/","name":"Tienda - China Import Beratung f\u00fcr den Einkauf aus China","isPartOf":{"@id":"https:\/\/ag-frisch.com\/de\/#website"},"datePublished":"2021-09-12T20:02:38+00:00","dateModified":"2022-09-22T10:23:46+00:00","breadcrumb":{"@id":"https:\/\/ag-frisch.com\/tienda\/#breadcrumb"},"inLanguage":"de","potentialAction":[{"@type":"ReadAction","target":["https:\/\/ag-frisch.com\/tienda\/"]}]},{"@type":"BreadcrumbList","@id":"https:\/\/ag-frisch.com\/tienda\/#breadcrumb","itemListElement":[{"@type":"ListItem","position":1,"name":"Startseite","item":"https:\/\/ag-frisch.com\/de\/"},{"@type":"ListItem","position":2,"name":"Tienda"}]},{"@type":"WebSite","@id":"https:\/\/ag-frisch.com\/de\/#website","url":"https:\/\/ag-frisch.com\/de\/","name":"China Import Beratung f\u00fcr den Einkauf aus China","description":"China Import &amp; Export Beratung - Der Dienstleister Ihres Vertrauens f\u00fcr Ihren China Import","publisher":{"@id":"https:\/\/ag-frisch.com\/de\/#organization"},"potentialAction":[{"@type":"SearchAction","target":{"@type":"EntryPoint","urlTemplate":"https:\/\/ag-frisch.com\/de\/?s={search_term_string}"},"query-input":{"@type":"PropertyValueSpecification","valueRequired":true,"valueName":"search_term_string"}}],"inLanguage":"de"},{"@type":"Organization","@id":"https:\/\/ag-frisch.com\/de\/#organization","name":"Agentur Frisch International Consulting GmbH & Co. KG","url":"https:\/\/ag-frisch.com\/de\/","logo":{"@type":"ImageObject","inLanguage":"de","@id":"https:\/\/ag-frisch.com\/de\/#\/schema\/logo\/image\/","url":"https:\/\/ag-frisch.com\/wp-content\/uploads\/2021\/08\/ag_logo_rgb_300_small.png","contentUrl":"https:\/\/ag-frisch.com\/wp-content\/uploads\/2021\/08\/ag_logo_rgb_300_small.png","width":153,"height":102,"caption":"Agentur Frisch International Consulting GmbH & Co. KG"},"image":{"@id":"https:\/\/ag-frisch.com\/de\/#\/schema\/logo\/image\/"},"sameAs":["https:\/\/www.facebook.com\/China.Import","https:\/\/x.com\/agenturfrisch"]}]}},"_links":{"self":[{"href":"https:\/\/ag-frisch.com\/de\/wp-json\/wp\/v2\/pages\/5455","targetHints":{"allow":["GET"]}}],"collection":[{"href":"https:\/\/ag-frisch.com\/de\/wp-json\/wp\/v2\/pages"}],"about":[{"href":"https:\/\/ag-frisch.com\/de\/wp-json\/wp\/v2\/types\/page"}],"author":[{"embeddable":true,"href":"https:\/\/ag-frisch.com\/de\/wp-json\/wp\/v2\/users\/2"}],"replies":[{"embeddable":true,"href":"https:\/\/ag-frisch.com\/de\/wp-json\/wp\/v2\/comments?post=5455"}],"version-history":[{"count":0,"href":"https:\/\/ag-frisch.com\/de\/wp-json\/wp\/v2\/pages\/5455\/revisions"}],"wp:attachment":[{"href":"https:\/\/ag-frisch.com\/de\/wp-json\/wp\/v2\/media?parent=5455"}],"curies":[{"name":"wp","href":"https:\/\/api.w.org\/{rel}","templated":true}]}}