{"id":766,"date":"2021-10-14T23:56:22","date_gmt":"2021-10-14T21:56:22","guid":{"rendered":"https:\/\/ag-frisch.com\/?page_id=766"},"modified":"2022-10-11T05:22:50","modified_gmt":"2022-10-11T03:22:50","slug":"fabrikbesuch-geschaeftsreise-china","status":"publish","type":"page","link":"https:\/\/ag-frisch.com\/de\/fabrikbesuch-geschaeftsreise-china\/","title":{"rendered":"China-Reise"},"content":{"rendered":"<p>[et_pb_section fb_built=&#8221;1&#8243; _builder_version=&#8221;4.9.10&#8243; _module_preset=&#8221;default&#8221; global_colors_info=&#8221;{}&#8221;][et_pb_row _builder_version=&#8221;4.9.10&#8243; _module_preset=&#8221;default&#8221; global_colors_info=&#8221;{}&#8221;][et_pb_column type=&#8221;4_4&#8243; _builder_version=&#8221;4.9.10&#8243; _module_preset=&#8221;default&#8221; global_colors_info=&#8221;{}&#8221;][et_pb_text _builder_version=&#8221;4.9.10&#8243; _module_preset=&#8221;default&#8221; global_colors_info=&#8221;{}&#8221;]<\/p>\n<p style=\"font-weight: 900;\">Gesch\u00e4ftsreise oder Fabrikbesuch in China oder Europa &#8211; Wir sind schon vor Ort f\u00fcr Sie!<\/p>\n<p>Sie sind in Europa oder sonst ausserhalb Chinas und m\u00f6chten Ihre Handelspartner in Asien, vornehmlich in China besuchen? Wir unterst\u00fctzen Sie bei Ihrem Fabrikbesuch.<\/p>\n<p>Auch wenn Sie in Asien oder sonstigem Ausland leben und Ihre Handelspartner in Deutschland besuchen m\u00f6chten, sind wir f\u00fcr Sie der richtige Ansprechpartner.<\/p>\n<p>Schon bei der Vorbereitung der Reise unterst\u00fctzen wir Sie, um Ihre Gesch\u00e4ftsreise zum positiven Ergebnis zu bringen.<\/p>\n<p>&nbsp;<\/p>\n<p><strong>Gesch\u00e4ftsreise nach China<\/strong><\/p>\n<p>\u00a0China geh\u00f6rt, neben den USA, seit einigen Jahren zu den Topzielen f\u00fcr Gesch\u00e4ftsreisen. Denn die Volksrepublik zeigt sich offen gegen\u00fcber ausl\u00e4ndische Investoren. Es ist empfehlenswert, auf einer Gesch\u00e4ftsreise nach China, einige St\u00e4dte zu besuchen, um neue Kontakte kennenzulernen oder neue Standorte zu ermitteln.<\/p>\n<p>&nbsp;<\/p>\n<p><strong>Shanghai \u2013 Chinas Weltstadt<\/strong><\/p>\n<p>\u00a0Shanghai sollte auf einer Gesch\u00e4ftsreise nach China immer dazugeh\u00f6ren. Die 23 Millionen Einwohner Metropole (Stand 2010) ist neben\u00a0<span>\u00a0<\/span>dem wichtigsten Verkehrsknotenpunkt des Landes, ein Zentrum f\u00fcr Kultur und Bildung. Zudem ist Shanghai seit dem Opiumkrieg mit Gro\u00dfbritannien von 1842 sehr offen f\u00fcr den Handel mit der westlichen Welt. Das bedeutet gleichzeitig, dass vor allem im Gesch\u00e4ftsleben die englische Sprache \u00fcblich ist.\u00a0<span>\u00a0<\/span>Bis heute ist Shanghai Chinas Industriehaush\u00e4ngeschild. Neben der Textilindustrie, ist Shanghai im Land Vorreiter der Produktion von pharmazeutischen Pr\u00e4paraten, Fahrzeugen und Druckerzeugnissen. Inzwischen haben sich etwa 50.000 ausl\u00e4ndische Investoren in Shanghai niedergelassen. Eine gute Grundlage, um neue Kontakte in China zu kn\u00fcpfen.<\/p>\n<p>&nbsp;<\/p>\n<p><strong>Hongkong \u2013 das Finanzzentrum Chinas<\/strong><\/p>\n<p>\u00a0Auch Hongkong hat sich zu einem bedeutenden Zentrum f\u00fcr ausl\u00e4ndische Unternehmen etabliert. Nicht zuletzt, weil die Metropole einen liberalen Sonderstatus in China eingenommen hat. Hongkong geh\u00f6rt seit Jahren zu den wichtigsten Finanzsektoren weltweit und ist auch deshalb stark vom internationalen Handel abh\u00e4ngig. Weitere Vorteile der Stadt sind die Steuer, die im Vergleich zu anderen chinesischen Sektoren niedrig sind. Deshalb ist nicht nur einkaufen besonders g\u00fcnstig, auch Investitionen k\u00f6nnen sich durch den niedrigen Steuersatz lohnenswert sein.<\/p>\n<p>&nbsp;<\/p>\n<p><strong>Peking als wichtigster Wirtschaftsmotor<\/strong><\/p>\n<p>\u00a0Peking ist Chinas Hauptstadt und steht deshalb direkt unter der chinesischen Regierung, was f\u00fcr ausl\u00e4ndische Unternehmen durchaus vorteilhaft sein kann. Denn Chinas Premierminister sieht Deutschland und China als neues Traumpaar und m\u00f6chte ausl\u00e4ndischen Investoren eine faire Behandlung garantieren. Die wird, wenn sie in Kraft tritt, zun\u00e4chst in Peking kommen. Allein deshalb, aber auch weil Peking Chinas wichtigster Wirtschaftsmotor ist, darf Chinas Hauptstadt als Reiseziel auf einer Gesch\u00e4ftsreise nicht fehlen.<\/p>\n<p>&nbsp;<\/p>\n<p><strong>Die Agentur Frisch managed Ihre gesamte Gesch\u00e4ftsreise<\/strong><\/p>\n<p><span>Vorbereitung auf die Reise durch Beratung und Training<\/span><\/p>\n<p><em>Planung und Organisation Ihrer Gesch\u00e4ftstermine<\/em><\/p>\n<p><span>Planung und Organisaton Ihrer Flugreise und auch von Inlandsverbindungen im Ausland<\/span><\/p>\n<p><em>Organisation und Planung Ihrer Reisebegleitung<\/em><\/p>\n<p><span>Unterst\u00fctzung bei den Einreiseformalit\u00e4ten<\/span><\/p>\n<p><span>Organisation Ihrer Unterkunft<\/span><\/p>\n<p><span><\/span><\/p>\n<p><span><strong>Wir machen Sie bereit f\u00fcr China\u00a0<\/strong><\/span><\/p>\n<p>Wir bereiten mit Ihnen Ihre Gesch\u00e4ftsreise vor, damit Sie bestens auf die Reise vorbereitet sind. Machen Sie sich fit f\u00fcr das Land Ihres Gesch\u00e4ftspartners &#8211; Die Agentur Frisch unterst\u00fctzt Sie umffassend dabei.<\/p>\n<p>Kompetenztraining f\u00fcr den asiatischen oder europ\u00e4ischen Markt. Wir unterst\u00fctzen Sie damit Sie den besten Eindruck hinterlassen und eine einwandfreie interkulturelle Zusammenarbeit vorbereitet ist.<\/p>\n<p><strong>Wir unterst\u00fctzen Sie bei der Ankunft und beim Aufenthalt in China<\/strong><\/p>\n<p><span>Damit Ihre Gesch\u00e4ftsreise ein Erfolg wird, unterst\u00fctzen wir Sie bei Ihrem Aufenthalt in China.<\/span><\/p>\n<p><span>Durch unsere Partner, Mitarbeiter und Ansprechpartner vor Ort k\u00f6nnen wir f\u00fcr Sie u. a. folgenden Service realisieren:<\/span><\/p>\n<p><em>Transfer vom Flughafen zum Hotel<\/em><\/p>\n<p><span>Begleitung bei Gesch\u00e4ftsterminen, gerne mit \u00dcbersetzung<\/span><\/p>\n<p><em>St\u00e4dte- und Ortsf\u00fchrungen<\/em><\/p>\n<p><span>Unterst\u00fctzung bei der Freizeitgestaltung<\/span><\/p>\n<p><em>Transfers innerhalb der Reise, z. B. in weitere St\u00e4dte oder zu weiteren Handelspartnern<\/em><\/p>\n<p><span>Transfer zur\u00fcck zum Abflughafen<\/span><br \/><strong><br \/>Wir sind auch vor Ort immer f\u00fcr Sie da. Bitte besprechen Sie mit uns die Details Ihrer Aufenthaltsw\u00fcnsche und wir machen Ihnen ein Angebot um Ihre Pl\u00e4ne passend zu realisieren<\/strong><span>.<\/span><\/p>\n<p><img loading=\"lazy\" decoding=\"async\" width=\"180\" height=\"101\" alt=\"\" src=\"http:\/\/www.ag-frisch.de\/cmsstore\/S73F5675.JPG\" \/><\/p>\n<p><strong>Sue Keke mit Klienten auf Gesch\u00e4ftsreise<\/strong><\/p>\n<p><strong><\/strong><\/p>\n<p><strong>Ihr Aufenthalt im Ausland<\/strong><\/p>\n<p><strong> <\/strong><\/p>\n<p><strong><\/strong>Wir w\u00e4hlen f\u00fcr Sie die optimale Unterbringung im Land Ihrer Lieferanten oder Ihrer Kunden. Dabei haben wir bereits Kontakte zu Hotels und Herbergen, damit Sie Ihren Bed\u00fcrfnissen zugeschnitten die optimale Unterkunftsm\u00f6glichkeit erhalten.<\/p>\n<p>In vielen St\u00e4dten besteht auch die M\u00f6glichkeit Sie in Appartments oder G\u00e4stewohnungen mit eigener K\u00fcche preisg\u00fcnstig unterzubringen.<\/p>\n<p>Unsere Schwerpunkte liegen dabei in Deutschland und in China. Kontaktieren Sie uns, um auch f\u00fcr Ihr Anliegen die beste L\u00f6sung zu finden.<\/p>\n<p>Nat\u00fcrlich sind wir auch f\u00fcr Ihre Anreise der richtige Ansprechpartner und unterst\u00fctzen Sie sehr gerne.<\/p>\n<p>&nbsp;<\/p>\n<h4><strong>Sie sind selbst Lieferant und m\u00f6chten sich auf Messen in Deutschland oder in China vorstellen?<\/strong><\/h4>\n<p><span>Sie wollen in China oder in Deutschland einkaufen und suchen einen Agenten der potentielle Lieferanten auf dortige Messen recherchiert?<\/span><\/p>\n<p><span>Dann ist die Agentur Frisch der richtige Ansprechpartner, denn wir sind gerne f\u00fcr Sie da, damit der Messebesuch ein Erfolg f\u00fcr Sie wird.<\/span><\/p>\n<p><span>Wir bereiten Messen f\u00fcr Sie als Aussteller vor und organisieren den gesamten Ablauf f\u00fcr Sie. Von der Platzbuchung \u00fcber dem Aufbau und der Einrichtung des Messestand, bis zur Durchf\u00fchrung von Promotion, wir unterst\u00fctzen Sie umfangreich.<\/span><\/p>\n<p><span>oder<\/span><\/p>\n<p><span>wir besuchen Messen und treten mit potentiellen Lieferanten f\u00fcr Sie in Kontakt. Sie erhalten \u00fcbersichtliche Ergebnisse und Berichte, damit wir Ihre Vertretung f\u00fcr den Einkauf auf der Messe sind und Sie damit entlasten.<\/span><\/p>\n<p>&nbsp;<\/p>\n<p>[\/et_pb_text][\/et_pb_column][\/et_pb_row][\/et_pb_section]<\/p>\n","protected":false},"excerpt":{"rendered":"<p>Gesch\u00e4ftsreise oder Fabrikbesuch in China oder Europa &#8211; Wir sind schon vor Ort f\u00fcr Sie! Sie sind in Europa oder sonst ausserhalb Chinas und m\u00f6chten Ihre Handelspartner in Asien, vornehmlich in China besuchen? Wir unterst\u00fctzen Sie bei Ihrem Fabrikbesuch. Auch wenn Sie in Asien oder sonstigem Ausland leben und Ihre Handelspartner in Deutschland besuchen m\u00f6chten, [&hellip;]<\/p>\n","protected":false},"author":2,"featured_media":0,"parent":0,"menu_order":0,"comment_status":"closed","ping_status":"closed","template":"","meta":{"_et_pb_use_builder":"on","_et_pb_old_content":"","_et_gb_content_width":"","footnotes":""},"class_list":["post-766","page","type-page","status-publish","hentry"],"yoast_head":"<!-- This site is optimized with the Yoast SEO plugin v27.2 - https:\/\/yoast.com\/product\/yoast-seo-wordpress\/ -->\n<title>Fabrikbesuch in China\/ Gesch\u00e4ftsreise nach China<\/title>\n<meta name=\"description\" content=\"Besuch der Fabrik in China- Geschaeftsreise nach China- Lieferant in China besuchen - jetzt von Experten begleiten lassen.\" \/>\n<meta name=\"robots\" content=\"index, follow, max-snippet:-1, max-image-preview:large, max-video-preview:-1\" \/>\n<link rel=\"canonical\" href=\"https:\/\/ag-frisch.com\/de\/fabrikbesuch-geschaeftsreise-china\/\" \/>\n<meta property=\"og:locale\" content=\"de_DE\" \/>\n<meta property=\"og:type\" content=\"article\" \/>\n<meta property=\"og:title\" content=\"Fabrikbesuch in China\/ Gesch\u00e4ftsreise nach China\" \/>\n<meta property=\"og:description\" content=\"Besuch der Fabrik in China- Geschaeftsreise nach China- Lieferant in China besuchen - jetzt von Experten begleiten lassen.\" \/>\n<meta property=\"og:url\" content=\"https:\/\/ag-frisch.com\/de\/fabrikbesuch-geschaeftsreise-china\/\" \/>\n<meta property=\"og:site_name\" content=\"China Import Beratung f\u00fcr den Einkauf aus China\" \/>\n<meta property=\"article:publisher\" content=\"https:\/\/www.facebook.com\/China.Import\" \/>\n<meta property=\"article:modified_time\" content=\"2022-10-11T03:22:50+00:00\" \/>\n<meta property=\"og:image\" content=\"http:\/\/www.ag-frisch.de\/cmsstore\/S73F5675.JPG\" \/>\n<meta name=\"twitter:card\" content=\"summary_large_image\" \/>\n<meta name=\"twitter:site\" content=\"@agenturfrisch\" \/>\n<meta name=\"twitter:label1\" content=\"Gesch\u00e4tzte Lesezeit\" \/>\n\t<meta name=\"twitter:data1\" content=\"5\u00a0Minuten\" \/>\n<script type=\"application\/ld+json\" class=\"yoast-schema-graph\">{\"@context\":\"https:\/\/schema.org\",\"@graph\":[{\"@type\":\"WebPage\",\"@id\":\"https:\/\/ag-frisch.com\/de\/fabrikbesuch-geschaeftsreise-china\/\",\"url\":\"https:\/\/ag-frisch.com\/de\/fabrikbesuch-geschaeftsreise-china\/\",\"name\":\"Fabrikbesuch in China\/ Gesch\u00e4ftsreise nach China\",\"isPartOf\":{\"@id\":\"https:\/\/ag-frisch.com\/de\/#website\"},\"primaryImageOfPage\":{\"@id\":\"https:\/\/ag-frisch.com\/de\/fabrikbesuch-geschaeftsreise-china\/#primaryimage\"},\"image\":{\"@id\":\"https:\/\/ag-frisch.com\/de\/fabrikbesuch-geschaeftsreise-china\/#primaryimage\"},\"thumbnailUrl\":\"http:\/\/www.ag-frisch.de\/cmsstore\/S73F5675.JPG\",\"datePublished\":\"2021-10-14T21:56:22+00:00\",\"dateModified\":\"2022-10-11T03:22:50+00:00\",\"description\":\"Besuch der Fabrik in China- Geschaeftsreise nach China- Lieferant in China besuchen - jetzt von Experten begleiten lassen.\",\"breadcrumb\":{\"@id\":\"https:\/\/ag-frisch.com\/de\/fabrikbesuch-geschaeftsreise-china\/#breadcrumb\"},\"inLanguage\":\"de\",\"potentialAction\":[{\"@type\":\"ReadAction\",\"target\":[\"https:\/\/ag-frisch.com\/de\/fabrikbesuch-geschaeftsreise-china\/\"]}]},{\"@type\":\"ImageObject\",\"inLanguage\":\"de\",\"@id\":\"https:\/\/ag-frisch.com\/de\/fabrikbesuch-geschaeftsreise-china\/#primaryimage\",\"url\":\"http:\/\/www.ag-frisch.de\/cmsstore\/S73F5675.JPG\",\"contentUrl\":\"http:\/\/www.ag-frisch.de\/cmsstore\/S73F5675.JPG\"},{\"@type\":\"BreadcrumbList\",\"@id\":\"https:\/\/ag-frisch.com\/de\/fabrikbesuch-geschaeftsreise-china\/#breadcrumb\",\"itemListElement\":[{\"@type\":\"ListItem\",\"position\":1,\"name\":\"Startseite\",\"item\":\"https:\/\/ag-frisch.com\/de\/\"},{\"@type\":\"ListItem\",\"position\":2,\"name\":\"China-Reise\"}]},{\"@type\":\"WebSite\",\"@id\":\"https:\/\/ag-frisch.com\/de\/#website\",\"url\":\"https:\/\/ag-frisch.com\/de\/\",\"name\":\"China Import Beratung f\u00fcr den Einkauf aus China\",\"description\":\"China Import &amp; Export Beratung - Der Dienstleister Ihres Vertrauens f\u00fcr Ihren China Import\",\"publisher\":{\"@id\":\"https:\/\/ag-frisch.com\/de\/#organization\"},\"potentialAction\":[{\"@type\":\"SearchAction\",\"target\":{\"@type\":\"EntryPoint\",\"urlTemplate\":\"https:\/\/ag-frisch.com\/de\/?s={search_term_string}\"},\"query-input\":{\"@type\":\"PropertyValueSpecification\",\"valueRequired\":true,\"valueName\":\"search_term_string\"}}],\"inLanguage\":\"de\"},{\"@type\":\"Organization\",\"@id\":\"https:\/\/ag-frisch.com\/de\/#organization\",\"name\":\"Agentur Frisch International Consulting GmbH & Co. KG\",\"url\":\"https:\/\/ag-frisch.com\/de\/\",\"logo\":{\"@type\":\"ImageObject\",\"inLanguage\":\"de\",\"@id\":\"https:\/\/ag-frisch.com\/de\/#\/schema\/logo\/image\/\",\"url\":\"https:\/\/ag-frisch.com\/wp-content\/uploads\/2021\/08\/ag_logo_rgb_300_small.png\",\"contentUrl\":\"https:\/\/ag-frisch.com\/wp-content\/uploads\/2021\/08\/ag_logo_rgb_300_small.png\",\"width\":153,\"height\":102,\"caption\":\"Agentur Frisch International Consulting GmbH & Co. KG\"},\"image\":{\"@id\":\"https:\/\/ag-frisch.com\/de\/#\/schema\/logo\/image\/\"},\"sameAs\":[\"https:\/\/www.facebook.com\/China.Import\",\"https:\/\/x.com\/agenturfrisch\"]}]}<\/script>\n<!-- \/ Yoast SEO plugin. -->","yoast_head_json":{"title":"Fabrikbesuch in China\/ Gesch\u00e4ftsreise nach China","description":"Besuch der Fabrik in China- Geschaeftsreise nach China- Lieferant in China besuchen - jetzt von Experten begleiten lassen.","robots":{"index":"index","follow":"follow","max-snippet":"max-snippet:-1","max-image-preview":"max-image-preview:large","max-video-preview":"max-video-preview:-1"},"canonical":"https:\/\/ag-frisch.com\/de\/fabrikbesuch-geschaeftsreise-china\/","og_locale":"de_DE","og_type":"article","og_title":"Fabrikbesuch in China\/ Gesch\u00e4ftsreise nach China","og_description":"Besuch der Fabrik in China- Geschaeftsreise nach China- Lieferant in China besuchen - jetzt von Experten begleiten lassen.","og_url":"https:\/\/ag-frisch.com\/de\/fabrikbesuch-geschaeftsreise-china\/","og_site_name":"China Import Beratung f\u00fcr den Einkauf aus China","article_publisher":"https:\/\/www.facebook.com\/China.Import","article_modified_time":"2022-10-11T03:22:50+00:00","og_image":[{"url":"http:\/\/www.ag-frisch.de\/cmsstore\/S73F5675.JPG","type":"","width":"","height":""}],"twitter_card":"summary_large_image","twitter_site":"@agenturfrisch","twitter_misc":{"Gesch\u00e4tzte Lesezeit":"5\u00a0Minuten"},"schema":{"@context":"https:\/\/schema.org","@graph":[{"@type":"WebPage","@id":"https:\/\/ag-frisch.com\/de\/fabrikbesuch-geschaeftsreise-china\/","url":"https:\/\/ag-frisch.com\/de\/fabrikbesuch-geschaeftsreise-china\/","name":"Fabrikbesuch in China\/ Gesch\u00e4ftsreise nach China","isPartOf":{"@id":"https:\/\/ag-frisch.com\/de\/#website"},"primaryImageOfPage":{"@id":"https:\/\/ag-frisch.com\/de\/fabrikbesuch-geschaeftsreise-china\/#primaryimage"},"image":{"@id":"https:\/\/ag-frisch.com\/de\/fabrikbesuch-geschaeftsreise-china\/#primaryimage"},"thumbnailUrl":"http:\/\/www.ag-frisch.de\/cmsstore\/S73F5675.JPG","datePublished":"2021-10-14T21:56:22+00:00","dateModified":"2022-10-11T03:22:50+00:00","description":"Besuch der Fabrik in China- Geschaeftsreise nach China- Lieferant in China besuchen - jetzt von Experten begleiten lassen.","breadcrumb":{"@id":"https:\/\/ag-frisch.com\/de\/fabrikbesuch-geschaeftsreise-china\/#breadcrumb"},"inLanguage":"de","potentialAction":[{"@type":"ReadAction","target":["https:\/\/ag-frisch.com\/de\/fabrikbesuch-geschaeftsreise-china\/"]}]},{"@type":"ImageObject","inLanguage":"de","@id":"https:\/\/ag-frisch.com\/de\/fabrikbesuch-geschaeftsreise-china\/#primaryimage","url":"http:\/\/www.ag-frisch.de\/cmsstore\/S73F5675.JPG","contentUrl":"http:\/\/www.ag-frisch.de\/cmsstore\/S73F5675.JPG"},{"@type":"BreadcrumbList","@id":"https:\/\/ag-frisch.com\/de\/fabrikbesuch-geschaeftsreise-china\/#breadcrumb","itemListElement":[{"@type":"ListItem","position":1,"name":"Startseite","item":"https:\/\/ag-frisch.com\/de\/"},{"@type":"ListItem","position":2,"name":"China-Reise"}]},{"@type":"WebSite","@id":"https:\/\/ag-frisch.com\/de\/#website","url":"https:\/\/ag-frisch.com\/de\/","name":"China Import Beratung f\u00fcr den Einkauf aus China","description":"China Import &amp; Export Beratung - Der Dienstleister Ihres Vertrauens f\u00fcr Ihren China Import","publisher":{"@id":"https:\/\/ag-frisch.com\/de\/#organization"},"potentialAction":[{"@type":"SearchAction","target":{"@type":"EntryPoint","urlTemplate":"https:\/\/ag-frisch.com\/de\/?s={search_term_string}"},"query-input":{"@type":"PropertyValueSpecification","valueRequired":true,"valueName":"search_term_string"}}],"inLanguage":"de"},{"@type":"Organization","@id":"https:\/\/ag-frisch.com\/de\/#organization","name":"Agentur Frisch International Consulting GmbH & Co. KG","url":"https:\/\/ag-frisch.com\/de\/","logo":{"@type":"ImageObject","inLanguage":"de","@id":"https:\/\/ag-frisch.com\/de\/#\/schema\/logo\/image\/","url":"https:\/\/ag-frisch.com\/wp-content\/uploads\/2021\/08\/ag_logo_rgb_300_small.png","contentUrl":"https:\/\/ag-frisch.com\/wp-content\/uploads\/2021\/08\/ag_logo_rgb_300_small.png","width":153,"height":102,"caption":"Agentur Frisch International Consulting GmbH & Co. KG"},"image":{"@id":"https:\/\/ag-frisch.com\/de\/#\/schema\/logo\/image\/"},"sameAs":["https:\/\/www.facebook.com\/China.Import","https:\/\/x.com\/agenturfrisch"]}]}},"_links":{"self":[{"href":"https:\/\/ag-frisch.com\/de\/wp-json\/wp\/v2\/pages\/766","targetHints":{"allow":["GET"]}}],"collection":[{"href":"https:\/\/ag-frisch.com\/de\/wp-json\/wp\/v2\/pages"}],"about":[{"href":"https:\/\/ag-frisch.com\/de\/wp-json\/wp\/v2\/types\/page"}],"author":[{"embeddable":true,"href":"https:\/\/ag-frisch.com\/de\/wp-json\/wp\/v2\/users\/2"}],"replies":[{"embeddable":true,"href":"https:\/\/ag-frisch.com\/de\/wp-json\/wp\/v2\/comments?post=766"}],"version-history":[{"count":0,"href":"https:\/\/ag-frisch.com\/de\/wp-json\/wp\/v2\/pages\/766\/revisions"}],"wp:attachment":[{"href":"https:\/\/ag-frisch.com\/de\/wp-json\/wp\/v2\/media?parent=766"}],"curies":[{"name":"wp","href":"https:\/\/api.w.org\/{rel}","templated":true}]}}