{"id":7784,"date":"2023-01-19T06:29:30","date_gmt":"2023-01-19T05:29:30","guid":{"rendered":"https:\/\/ag-frisch.com\/?page_id=7784"},"modified":"2023-01-28T23:07:06","modified_gmt":"2023-01-28T22:07:06","slug":"uebersetzungen-deutsch-chinesisch-handel","status":"publish","type":"page","link":"https:\/\/ag-frisch.com\/de\/uebersetzungen-deutsch-chinesisch-handel\/","title":{"rendered":"Uebersetzungen-Deutsch-Chinesisch-Handel"},"content":{"rendered":"<p>[et_pb_section fb_built=&#8221;1&#8243; _builder_version=&#8221;4.16&#8243; locked=&#8221;off&#8221; global_colors_info=&#8221;{}&#8221;][et_pb_row _builder_version=&#8221;4.16&#8243; background_size=&#8221;initial&#8221; background_position=&#8221;top_left&#8221; background_repeat=&#8221;repeat&#8221; custom_padding=&#8221;144px|||||&#8221; global_colors_info=&#8221;{}&#8221;][et_pb_column type=&#8221;4_4&#8243; _builder_version=&#8221;4.16&#8243; custom_padding=&#8221;|||&#8221; global_colors_info=&#8221;{}&#8221; custom_padding__hover=&#8221;|||&#8221;][et_pb_cta title=&#8221;Professionelle Chinesisch \u00dcbersetzungen f\u00fcr den Handel&#8221; button_url=&#8221;\/kontakt\/&#8221; button_text=&#8221;Jetzt \u00dcbersetzung anfragen oder direkt buchen&#8221; _builder_version=&#8221;4.18.1&#8243; _module_preset=&#8221;default&#8221; global_colors_info=&#8221;{}&#8221;]<\/p>\n<p>\u00dcberzeugen Sie Ihre Vertragspartner in China mit professionellen \u00dcbersetzungen Deutsch &#8211; Chinesisch oder Englisch &#8211; Chinesisch bzw. Englisch- Deutsch.\u00a0<\/p>\n<p>[\/et_pb_cta][et_pb_text _builder_version=&#8221;4.16&#8243; background_size=&#8221;initial&#8221; background_position=&#8221;top_left&#8221; background_repeat=&#8221;repeat&#8221; global_colors_info=&#8221;{}&#8221;]<\/p>\n<h1><strong>\u00dcbersetzungen f\u00fcr Ihren Handel mit China &#8211; Deutsch-Chinesisch-\u00dcbersetzer<\/strong><\/h1>\n<p>Wenn Sie mit chinesischen Handelspartnern zu tun haben und professionelle \u00dcbersetzungen ben\u00f6tigen, unterst\u00fctzen wir Sie gerne bei <strong>\u00dcbersetzungen von Deutsch zu Chinesisch<\/strong> oder Chinesisch &#8211; Deutsch. Wir k\u00f6nnen aber auch \u00dcbersetzungen weiterer Sprachen \u00fcbernehmen, u. a. sprechen wir auch Englisch, Italienisch, Franz\u00f6sisch, Spanisch Polnisch, Niederl\u00e4ndisch und Russisch. Unser <strong>\u00dcbersetzungsb\u00fcro f\u00fcr Chinesisch<\/strong> hat seit fast 20 Jahren Erfahrungen mit dem Handel in China und entsprechende <strong>\u00dcbersetzungen Deutsch &#8211; Chinesisch<\/strong>. Unsere speziellen und langj\u00e4hrigen Kenntnisse im Handel und in der Kultur und Mentalit\u00e4t Chinas bef\u00e4higen uns zu \u00fcberzeugende \u00dcbersetzungen insbesondere f\u00fcr den Handel mit China. Wenn Sie Handel mit China betreiben sind wir Ihr Partner f\u00fcr die <strong>\u00dcbersetzungen zwischen China und Deutschland<\/strong>.<\/p>\n<p>Oft sprechen zwar die Verkaufsmitarbeiter Ihres Lieferanten gut Englisch, oft hakt es aber bei den technischen Mitarbeitern des Lieferanten und insbesondere bei Prototyp-Entwicklungen, technischen Besonderheiten oder Reklamationen wird es schwierig die W\u00fcnsche und Details optimal verst\u00e4ndlich zu machen. Professionell unterst\u00fctzen wir Sie bei den <strong>Deutsch- Chinesisch \u00dcbersetzungen<\/strong>.<\/p>\n<p>Was uns bei \u00dcbersetzungen auszeichnet:<\/p>\n<ul>\n<li>Erfahrene muttersprachliche \u00dcbersetzer<\/li>\n<li>Schneller und unkomplizierter Service<\/li>\n<li>Fach\u00fcbersetzungen im Handel und im technischen Bereich<\/li>\n<li>Fast 20 Jahre Erfahrung mit China<\/li>\n<\/ul>\n<p>&nbsp;<\/p>\n<p>Weitere Sprachen neben Chinesisch und Deutsch sind folgende:<\/p>\n<p>&nbsp;<\/p>\n<p>Polnisch<\/p>\n<p>Niederl\u00e4ndisch<\/p>\n<p>Englisch<\/p>\n<p>Franz\u00f6sisch<\/p>\n<p>Italienisch<\/p>\n<p>Polnisch<\/p>\n<p>Spanisch<\/p>\n<p>&nbsp;<\/p>\n<p>&nbsp;<\/p>\n<p>[\/et_pb_text][\/et_pb_column][\/et_pb_row][\/et_pb_section][et_pb_section fb_built=&#8221;1&#8243; admin_label=&#8221;Testimonials&#8221; _builder_version=&#8221;4.16&#8243; use_background_color_gradient=&#8221;on&#8221; background_color_gradient_stops=&#8221;rgba(0,106,156,0.85) 0%|rgba(0,106,156,0.85) 100%&#8221; background_color_gradient_start=&#8221;rgba(0,106,156,0.85)&#8221; background_color_gradient_end=&#8221;rgba(0,106,156,0.85)&#8221; custom_padding=&#8221;90px||60px|&#8221; animation_style=&#8221;fold&#8221; animation_direction=&#8221;bottom&#8221; animation_intensity_fold=&#8221;4%&#8221; global_colors_info=&#8221;{}&#8221;][et_pb_row _builder_version=&#8221;4.16&#8243; background_size=&#8221;initial&#8221; background_position=&#8221;top_left&#8221; background_repeat=&#8221;repeat&#8221; custom_width_px=&#8221;710px&#8221; locked=&#8221;off&#8221; global_colors_info=&#8221;{}&#8221;][et_pb_column type=&#8221;4_4&#8243; _builder_version=&#8221;4.16&#8243; background_position=&#8221;top_left&#8221; custom_padding=&#8221;|||&#8221; global_colors_info=&#8221;{}&#8221; custom_padding__hover=&#8221;|||&#8221;][et_pb_text admin_label=&#8221;Testimonials Section Title&#8221; _builder_version=&#8221;4.16&#8243; header_font=&#8221;Montserrat||||&#8221; header_font_size=&#8221;36px&#8221; background_size=&#8221;initial&#8221; background_position=&#8221;top_left&#8221; background_repeat=&#8221;repeat&#8221; text_orientation=&#8221;center&#8221; background_layout=&#8221;dark&#8221; max_width=&#8221;710px&#8221; module_alignment=&#8221;center&#8221; animation_style=&#8221;fold&#8221; animation_direction=&#8221;bottom&#8221; animation_intensity_fold=&#8221;20%&#8221; global_colors_info=&#8221;{}&#8221;]<\/p>\n<h1>\u00dcber 5000 zufriedene Kunden.<\/h1>\n<p>&nbsp;<\/p>\n<p>[\/et_pb_text][et_pb_divider color=&#8221;#ffffff&#8221; divider_weight=&#8221;3px&#8221; disabled_on=&#8221;off|off|off&#8221; _builder_version=&#8221;4.16&#8243; background_color_gradient_direction=&#8221;90deg&#8221; max_width=&#8221;100px&#8221; module_alignment=&#8221;center&#8221; height=&#8221;5px&#8221; custom_margin=&#8221;||20px|&#8221; custom_padding=&#8221;||20px|&#8221; animation_style=&#8221;slide&#8221; animation_direction=&#8221;bottom&#8221; saved_tabs=&#8221;all&#8221; locked=&#8221;off&#8221; global_colors_info=&#8221;{}&#8221;][\/et_pb_divider][\/et_pb_column][\/et_pb_row][et_pb_row column_structure=&#8221;1_2,1_2&#8243; _builder_version=&#8221;4.18.1&#8243; _module_preset=&#8221;default&#8221; global_colors_info=&#8221;{}&#8221;][et_pb_column type=&#8221;1_2&#8243; _builder_version=&#8221;4.18.1&#8243; _module_preset=&#8221;default&#8221; global_colors_info=&#8221;{}&#8221;][et_pb_testimonial author=&#8221;Marco&#8221; portrait_url=&#8221;https:\/\/ag-frisch.com\/wp-content\/uploads\/2021\/08\/Harald.png&#8221; quote_icon=&#8221;off&#8221; _builder_version=&#8221;4.18.1&#8243; _module_preset=&#8221;default&#8221; body_font_size=&#8221;16px&#8221; use_background_color=&#8221;off&#8221; background_layout=&#8221;dark&#8221; global_colors_info=&#8221;{}&#8221;]Ich habe die Agentur Frisch beauftragt ein gr\u00f6\u00dferes M\u00f6belst\u00fcck in China produzieren zu lassen um es dann folglich nach Deutschland zu \u00fcberf\u00fchren. Per Mail erfolgte die ganze Zeit \u00fcber eine reibungslose Kommunikation! Sehr schnelle und zuverl\u00e4ssige Antworten vermittelten mir st\u00e4ndig die Sicherheiten, die bei so einen Unterfangen unerl\u00e4sslich sind. Jederzeit wurde mir durch den B\u00fcrokratiedschungel geholfen und dabei wurden keine Formulare vergessen oder falsch ausgef\u00fcllt. Sehr lobenswert!<a href=\"&lt;div class=&quot;pe-richsnippets&quot;&gt;&amp;nbsp;&lt;\/div&gt; &lt;script type=&quot;text\/javascript&quot; src=&quot;https:\/\/www.provenexpert.com\/widget\/richsnippet.js?u=1NUA0VwZ4RUZ5tmAi5zA4RaplNKAlWwZ&amp;v=2&quot; async&gt;&lt;\/script&gt; &lt;div style=&quot;text-align: justify;&quot;&gt;&lt;br \/&gt;\"><\/a><\/p>\n<div class=\"brow ratingBarMargin\">\n<div class=\"ratingBar\">\n<div class=\"brow\">\n<div class=\"pe-richsnippets\">&nbsp;<\/div>\n<p><script type=\"text\/javascript\" src=\"https:\/\/www.provenexpert.com\/widget\/richsnippet.js?u=1NUA0VwZ4RUZ5tmAi5zA4RaplNKAlWwZ&#038;v=2\" async><\/script><\/p>\n<div style=\"text-align: justify;\"><\/p>\n<div class=\"col-lg-9 col-md-8 col-xs-10 mt20 mb20\">\n<div class=\"col-xs-12 surveyNameForRating\"><\/div>\n<\/div>\n<\/div>\n<\/div>\n<\/div>\n<\/div>\n<p>[\/et_pb_testimonial][\/et_pb_column][et_pb_column type=&#8221;1_2&#8243; _builder_version=&#8221;4.18.1&#8243; _module_preset=&#8221;default&#8221; global_colors_info=&#8221;{}&#8221;][et_pb_testimonial author=&#8221;Simone L.&#8221; portrait_url=&#8221;https:\/\/ag-frisch.com\/wp-content\/uploads\/2021\/08\/Harald.png&#8221; quote_icon=&#8221;off&#8221; _builder_version=&#8221;4.18.1&#8243; _module_preset=&#8221;default&#8221; body_font_size=&#8221;16px&#8221; use_background_color=&#8221;off&#8221; background_layout=&#8221;dark&#8221; global_colors_info=&#8221;{}&#8221;]<\/p>\n<p>Alles Top. Besser geht nicht. Beratung und Durchf\u00fchrung kann man nicht besser machen. Wir sind nach mehreren Bestellungen bei diesem Unternehmen mehr als zufrieden und setzen die Zusammenarbeit fort.<\/p>\n<div class=\"brow ratingBarMargin\">\n<div class=\"ratingBar\">\n<div class=\"brow\">\n<div class=\"pe-richsnippets\">\u00a0<\/div>\n<p>\n<script type=\"text\/javascript\" src=\"https:\/\/www.provenexpert.com\/widget\/richsnippet.js?u=1NUA0VwZ4RUZ5tmAi5zA4RaplNKAlWwZ&amp;v=2\" async=\"\"><\/script>\n<\/p>\n<div style=\"text-align: justify;\">\n<p>&nbsp;<\/p>\n<div class=\"col-lg-9 col-md-8 col-xs-10 mt20 mb20\">\n<div class=\"col-xs-12 surveyNameForRating\"><\/div>\n<\/div>\n<\/div>\n<\/div>\n<\/div>\n<\/div>\n<p>[\/et_pb_testimonial][\/et_pb_column][\/et_pb_row][et_pb_row _builder_version=&#8221;4.16&#8243; background_size=&#8221;initial&#8221; background_position=&#8221;top_left&#8221; background_repeat=&#8221;repeat&#8221; custom_padding=&#8221;50px|0px|30px|0px&#8221; custom_css_main_element=&#8221;text-align: center;&#8221; global_colors_info=&#8221;{}&#8221;][et_pb_column type=&#8221;4_4&#8243; _builder_version=&#8221;4.16&#8243; custom_padding=&#8221;|||&#8221; global_colors_info=&#8221;{}&#8221; custom_padding__hover=&#8221;|||&#8221;][et_pb_button button_url=&#8221;https:\/\/www.provenexpert.com\/de-de\/agentur-frisch-international-consulting-gmbh-und-co-kg\/&#8221; button_text=&#8221;MEHR BEWERTUNGEN&#8221; button_alignment=&#8221;left&#8221; admin_label=&#8221;Testimonial Button&#8221; _builder_version=&#8221;4.16&#8243; custom_button=&#8221;on&#8221; button_text_size=&#8221;18px&#8221; button_text_color=&#8221;#ffffff&#8221; button_bg_color=&#8221;#6eba01&#8243; button_border_width=&#8221;2px&#8221; button_border_color=&#8221;#6eba01&#8243; button_border_radius=&#8221;0px&#8221; button_letter_spacing=&#8221;2px&#8221; button_font=&#8221;Montserrat|||on|&#8221; button_use_icon=&#8221;off&#8221; animation_style=&#8221;fold&#8221; animation_direction=&#8221;bottom&#8221; button_text_color_hover=&#8221;#ffffff&#8221; button_border_color_hover=&#8221;#ffffff&#8221; button_border_radius_hover=&#8221;0px&#8221; button_letter_spacing_hover=&#8221;2px&#8221; button_bg_color_hover=&#8221;rgba(255,255,255,0)&#8221; locked=&#8221;off&#8221; global_colors_info=&#8221;{}&#8221; button_text_size__hover_enabled=&#8221;off&#8221; button_one_text_size__hover_enabled=&#8221;off&#8221; button_two_text_size__hover_enabled=&#8221;off&#8221; button_text_color__hover_enabled=&#8221;on&#8221; button_text_color__hover=&#8221;#ffffff&#8221; button_one_text_color__hover_enabled=&#8221;off&#8221; button_two_text_color__hover_enabled=&#8221;off&#8221; button_border_width__hover_enabled=&#8221;off&#8221; button_one_border_width__hover_enabled=&#8221;off&#8221; button_two_border_width__hover_enabled=&#8221;off&#8221; button_border_color__hover_enabled=&#8221;on&#8221; button_border_color__hover=&#8221;#ffffff&#8221; button_one_border_color__hover_enabled=&#8221;off&#8221; button_two_border_color__hover_enabled=&#8221;off&#8221; button_border_radius__hover_enabled=&#8221;on&#8221; button_border_radius__hover=&#8221;0px&#8221; button_one_border_radius__hover_enabled=&#8221;off&#8221; button_two_border_radius__hover_enabled=&#8221;off&#8221; button_letter_spacing__hover_enabled=&#8221;on&#8221; button_letter_spacing__hover=&#8221;2px&#8221; button_one_letter_spacing__hover_enabled=&#8221;off&#8221; button_two_letter_spacing__hover_enabled=&#8221;off&#8221; button_bg_color__hover_enabled=&#8221;on&#8221; button_bg_color__hover=&#8221;rgba(255,255,255,0)&#8221; button_one_bg_color__hover_enabled=&#8221;off&#8221; button_two_bg_color__hover_enabled=&#8221;off&#8221;][\/et_pb_button][\/et_pb_column][\/et_pb_row][\/et_pb_section]<\/p>\n","protected":false},"excerpt":{"rendered":"<p>\u00dcberzeugen Sie Ihre Vertragspartner in China mit professionellen \u00dcbersetzungen Deutsch &#8211; Chinesisch oder Englisch &#8211; Chinesisch bzw. Englisch- Deutsch.\u00a0\u00dcbersetzungen f\u00fcr Ihren Handel mit China &#8211; Deutsch-Chinesisch-\u00dcbersetzer Wenn Sie mit chinesischen Handelspartnern zu tun haben und professionelle \u00dcbersetzungen ben\u00f6tigen, unterst\u00fctzen wir Sie gerne bei \u00dcbersetzungen von Deutsch zu Chinesisch oder Chinesisch &#8211; Deutsch. Wir k\u00f6nnen aber [&hellip;]<\/p>\n","protected":false},"author":2,"featured_media":0,"parent":0,"menu_order":0,"comment_status":"closed","ping_status":"closed","template":"","meta":{"_et_pb_use_builder":"on","_et_pb_old_content":"","_et_gb_content_width":"","footnotes":""},"class_list":["post-7784","page","type-page","status-publish","hentry"],"yoast_head":"<!-- This site is optimized with the Yoast SEO plugin v27.2 - https:\/\/yoast.com\/product\/yoast-seo-wordpress\/ -->\n<title>\u00dcbersetzungen Deutsch Chinesisch f\u00fcr den Handel mit China<\/title>\n<meta name=\"description\" content=\"\u00dcbersetzungen Chinesisch Deutsch\u25bb \u00dcbersetzungsb\u00fcro China \u2713 \u00dcbersetzungen Handel China\u2713 technische \u00dcbersetzungen\u2713 \u25bb Jetzt \u00dcbersetzung buchen\" \/>\n<meta name=\"robots\" content=\"index, follow, max-snippet:-1, max-image-preview:large, max-video-preview:-1\" \/>\n<link rel=\"canonical\" href=\"https:\/\/ag-frisch.com\/de\/uebersetzungen-deutsch-chinesisch-handel\/\" \/>\n<meta property=\"og:locale\" content=\"de_DE\" \/>\n<meta property=\"og:type\" content=\"article\" \/>\n<meta property=\"og:title\" content=\"\u00dcbersetzungen Deutsch Chinesisch f\u00fcr den Handel mit China\" \/>\n<meta property=\"og:description\" content=\"\u00dcbersetzungen Chinesisch Deutsch\u25bb \u00dcbersetzungsb\u00fcro China \u2713 \u00dcbersetzungen Handel China\u2713 technische \u00dcbersetzungen\u2713 \u25bb Jetzt \u00dcbersetzung buchen\" \/>\n<meta property=\"og:url\" content=\"https:\/\/ag-frisch.com\/de\/uebersetzungen-deutsch-chinesisch-handel\/\" \/>\n<meta property=\"og:site_name\" content=\"China Import Beratung f\u00fcr den Einkauf aus China\" \/>\n<meta property=\"article:publisher\" content=\"https:\/\/www.facebook.com\/China.Import\" \/>\n<meta property=\"article:modified_time\" content=\"2023-01-28T22:07:06+00:00\" \/>\n<meta name=\"twitter:card\" content=\"summary_large_image\" \/>\n<meta name=\"twitter:site\" content=\"@agenturfrisch\" \/>\n<meta name=\"twitter:label1\" content=\"Gesch\u00e4tzte Lesezeit\" \/>\n\t<meta name=\"twitter:data1\" content=\"6\u00a0Minuten\" \/>\n<script type=\"application\/ld+json\" class=\"yoast-schema-graph\">{\"@context\":\"https:\/\/schema.org\",\"@graph\":[{\"@type\":\"WebPage\",\"@id\":\"https:\/\/ag-frisch.com\/de\/uebersetzungen-deutsch-chinesisch-handel\/\",\"url\":\"https:\/\/ag-frisch.com\/de\/uebersetzungen-deutsch-chinesisch-handel\/\",\"name\":\"\u00dcbersetzungen Deutsch Chinesisch f\u00fcr den Handel mit China\",\"isPartOf\":{\"@id\":\"https:\/\/ag-frisch.com\/de\/#website\"},\"datePublished\":\"2023-01-19T05:29:30+00:00\",\"dateModified\":\"2023-01-28T22:07:06+00:00\",\"description\":\"\u00dcbersetzungen Chinesisch Deutsch\u25bb \u00dcbersetzungsb\u00fcro China \u2713 \u00dcbersetzungen Handel China\u2713 technische \u00dcbersetzungen\u2713 \u25bb Jetzt \u00dcbersetzung buchen\",\"breadcrumb\":{\"@id\":\"https:\/\/ag-frisch.com\/de\/uebersetzungen-deutsch-chinesisch-handel\/#breadcrumb\"},\"inLanguage\":\"de\",\"potentialAction\":[{\"@type\":\"ReadAction\",\"target\":[\"https:\/\/ag-frisch.com\/de\/uebersetzungen-deutsch-chinesisch-handel\/\"]}]},{\"@type\":\"BreadcrumbList\",\"@id\":\"https:\/\/ag-frisch.com\/de\/uebersetzungen-deutsch-chinesisch-handel\/#breadcrumb\",\"itemListElement\":[{\"@type\":\"ListItem\",\"position\":1,\"name\":\"Startseite\",\"item\":\"https:\/\/ag-frisch.com\/de\/\"},{\"@type\":\"ListItem\",\"position\":2,\"name\":\"Uebersetzungen-Deutsch-Chinesisch-Handel\"}]},{\"@type\":\"WebSite\",\"@id\":\"https:\/\/ag-frisch.com\/de\/#website\",\"url\":\"https:\/\/ag-frisch.com\/de\/\",\"name\":\"China Import Beratung f\u00fcr den Einkauf aus China\",\"description\":\"China Import &amp; Export Beratung - Der Dienstleister Ihres Vertrauens f\u00fcr Ihren China Import\",\"publisher\":{\"@id\":\"https:\/\/ag-frisch.com\/de\/#organization\"},\"potentialAction\":[{\"@type\":\"SearchAction\",\"target\":{\"@type\":\"EntryPoint\",\"urlTemplate\":\"https:\/\/ag-frisch.com\/de\/?s={search_term_string}\"},\"query-input\":{\"@type\":\"PropertyValueSpecification\",\"valueRequired\":true,\"valueName\":\"search_term_string\"}}],\"inLanguage\":\"de\"},{\"@type\":\"Organization\",\"@id\":\"https:\/\/ag-frisch.com\/de\/#organization\",\"name\":\"Agentur Frisch International Consulting GmbH & Co. KG\",\"url\":\"https:\/\/ag-frisch.com\/de\/\",\"logo\":{\"@type\":\"ImageObject\",\"inLanguage\":\"de\",\"@id\":\"https:\/\/ag-frisch.com\/de\/#\/schema\/logo\/image\/\",\"url\":\"https:\/\/ag-frisch.com\/wp-content\/uploads\/2021\/08\/ag_logo_rgb_300_small.png\",\"contentUrl\":\"https:\/\/ag-frisch.com\/wp-content\/uploads\/2021\/08\/ag_logo_rgb_300_small.png\",\"width\":153,\"height\":102,\"caption\":\"Agentur Frisch International Consulting GmbH & Co. KG\"},\"image\":{\"@id\":\"https:\/\/ag-frisch.com\/de\/#\/schema\/logo\/image\/\"},\"sameAs\":[\"https:\/\/www.facebook.com\/China.Import\",\"https:\/\/x.com\/agenturfrisch\"]}]}<\/script>\n<!-- \/ Yoast SEO plugin. -->","yoast_head_json":{"title":"\u00dcbersetzungen Deutsch Chinesisch f\u00fcr den Handel mit China","description":"\u00dcbersetzungen Chinesisch Deutsch\u25bb \u00dcbersetzungsb\u00fcro China \u2713 \u00dcbersetzungen Handel China\u2713 technische \u00dcbersetzungen\u2713 \u25bb Jetzt \u00dcbersetzung buchen","robots":{"index":"index","follow":"follow","max-snippet":"max-snippet:-1","max-image-preview":"max-image-preview:large","max-video-preview":"max-video-preview:-1"},"canonical":"https:\/\/ag-frisch.com\/de\/uebersetzungen-deutsch-chinesisch-handel\/","og_locale":"de_DE","og_type":"article","og_title":"\u00dcbersetzungen Deutsch Chinesisch f\u00fcr den Handel mit China","og_description":"\u00dcbersetzungen Chinesisch Deutsch\u25bb \u00dcbersetzungsb\u00fcro China \u2713 \u00dcbersetzungen Handel China\u2713 technische \u00dcbersetzungen\u2713 \u25bb Jetzt \u00dcbersetzung buchen","og_url":"https:\/\/ag-frisch.com\/de\/uebersetzungen-deutsch-chinesisch-handel\/","og_site_name":"China Import Beratung f\u00fcr den Einkauf aus China","article_publisher":"https:\/\/www.facebook.com\/China.Import","article_modified_time":"2023-01-28T22:07:06+00:00","twitter_card":"summary_large_image","twitter_site":"@agenturfrisch","twitter_misc":{"Gesch\u00e4tzte Lesezeit":"6\u00a0Minuten"},"schema":{"@context":"https:\/\/schema.org","@graph":[{"@type":"WebPage","@id":"https:\/\/ag-frisch.com\/de\/uebersetzungen-deutsch-chinesisch-handel\/","url":"https:\/\/ag-frisch.com\/de\/uebersetzungen-deutsch-chinesisch-handel\/","name":"\u00dcbersetzungen Deutsch Chinesisch f\u00fcr den Handel mit China","isPartOf":{"@id":"https:\/\/ag-frisch.com\/de\/#website"},"datePublished":"2023-01-19T05:29:30+00:00","dateModified":"2023-01-28T22:07:06+00:00","description":"\u00dcbersetzungen Chinesisch Deutsch\u25bb \u00dcbersetzungsb\u00fcro China \u2713 \u00dcbersetzungen Handel China\u2713 technische \u00dcbersetzungen\u2713 \u25bb Jetzt \u00dcbersetzung buchen","breadcrumb":{"@id":"https:\/\/ag-frisch.com\/de\/uebersetzungen-deutsch-chinesisch-handel\/#breadcrumb"},"inLanguage":"de","potentialAction":[{"@type":"ReadAction","target":["https:\/\/ag-frisch.com\/de\/uebersetzungen-deutsch-chinesisch-handel\/"]}]},{"@type":"BreadcrumbList","@id":"https:\/\/ag-frisch.com\/de\/uebersetzungen-deutsch-chinesisch-handel\/#breadcrumb","itemListElement":[{"@type":"ListItem","position":1,"name":"Startseite","item":"https:\/\/ag-frisch.com\/de\/"},{"@type":"ListItem","position":2,"name":"Uebersetzungen-Deutsch-Chinesisch-Handel"}]},{"@type":"WebSite","@id":"https:\/\/ag-frisch.com\/de\/#website","url":"https:\/\/ag-frisch.com\/de\/","name":"China Import Beratung f\u00fcr den Einkauf aus China","description":"China Import &amp; Export Beratung - Der Dienstleister Ihres Vertrauens f\u00fcr Ihren China Import","publisher":{"@id":"https:\/\/ag-frisch.com\/de\/#organization"},"potentialAction":[{"@type":"SearchAction","target":{"@type":"EntryPoint","urlTemplate":"https:\/\/ag-frisch.com\/de\/?s={search_term_string}"},"query-input":{"@type":"PropertyValueSpecification","valueRequired":true,"valueName":"search_term_string"}}],"inLanguage":"de"},{"@type":"Organization","@id":"https:\/\/ag-frisch.com\/de\/#organization","name":"Agentur Frisch International Consulting GmbH & Co. KG","url":"https:\/\/ag-frisch.com\/de\/","logo":{"@type":"ImageObject","inLanguage":"de","@id":"https:\/\/ag-frisch.com\/de\/#\/schema\/logo\/image\/","url":"https:\/\/ag-frisch.com\/wp-content\/uploads\/2021\/08\/ag_logo_rgb_300_small.png","contentUrl":"https:\/\/ag-frisch.com\/wp-content\/uploads\/2021\/08\/ag_logo_rgb_300_small.png","width":153,"height":102,"caption":"Agentur Frisch International Consulting GmbH & Co. KG"},"image":{"@id":"https:\/\/ag-frisch.com\/de\/#\/schema\/logo\/image\/"},"sameAs":["https:\/\/www.facebook.com\/China.Import","https:\/\/x.com\/agenturfrisch"]}]}},"_links":{"self":[{"href":"https:\/\/ag-frisch.com\/de\/wp-json\/wp\/v2\/pages\/7784","targetHints":{"allow":["GET"]}}],"collection":[{"href":"https:\/\/ag-frisch.com\/de\/wp-json\/wp\/v2\/pages"}],"about":[{"href":"https:\/\/ag-frisch.com\/de\/wp-json\/wp\/v2\/types\/page"}],"author":[{"embeddable":true,"href":"https:\/\/ag-frisch.com\/de\/wp-json\/wp\/v2\/users\/2"}],"replies":[{"embeddable":true,"href":"https:\/\/ag-frisch.com\/de\/wp-json\/wp\/v2\/comments?post=7784"}],"version-history":[{"count":0,"href":"https:\/\/ag-frisch.com\/de\/wp-json\/wp\/v2\/pages\/7784\/revisions"}],"wp:attachment":[{"href":"https:\/\/ag-frisch.com\/de\/wp-json\/wp\/v2\/media?parent=7784"}],"curies":[{"name":"wp","href":"https:\/\/api.w.org\/{rel}","templated":true}]}}