{"id":7976,"date":"2023-01-23T23:05:50","date_gmt":"2023-01-23T22:05:50","guid":{"rendered":"https:\/\/ag-frisch.com\/?page_id=7976"},"modified":"2023-01-23T23:09:38","modified_gmt":"2023-01-23T22:09:38","slug":"einkaufskoerbe-aus-china","status":"publish","type":"page","link":"https:\/\/ag-frisch.com\/de\/einkaufskoerbe-aus-china\/","title":{"rendered":"Einkaufsk\u00f6rbe aus China"},"content":{"rendered":"<p>[et_pb_section fb_built=&#8221;1&#8243; _builder_version=&#8221;4.16&#8243; global_colors_info=&#8221;{}&#8221;][et_pb_row _builder_version=&#8221;4.18.1&#8243; _module_preset=&#8221;default&#8221; global_colors_info=&#8221;{}&#8221;][et_pb_column type=&#8221;4_4&#8243; _builder_version=&#8221;4.18.1&#8243; _module_preset=&#8221;default&#8221; global_colors_info=&#8221;{}&#8221;][et_pb_cta title=&#8221;Einkaufsk\u00f6rbe aus China importieren&#8221; button_url=&#8221;\/kontakt\/&#8221; button_text=&#8221;Jetzt die Profis importieren lassen!&#8221; _builder_version=&#8221;4.18.1&#8243; _module_preset=&#8221;default&#8221; global_colors_info=&#8221;{}&#8221;]<\/p>\n<p>Die Agentur Frisch unterst\u00fctzt Sie beim Einkauf von Einkaufsk\u00f6rben, Einkaufstaschen und allen Arten von Taschen aus China von der ersten Anfrage bis zur Anlieferung.\u00a0<\/p>\n<p>[\/et_pb_cta][\/et_pb_column][\/et_pb_row][et_pb_row _builder_version=&#8221;4.16&#8243; background_size=&#8221;initial&#8221; background_position=&#8221;top_left&#8221; background_repeat=&#8221;repeat&#8221; global_colors_info=&#8221;{}&#8221;][et_pb_column type=&#8221;4_4&#8243; _builder_version=&#8221;4.16&#8243; custom_padding=&#8221;|||&#8221; global_colors_info=&#8221;{}&#8221; custom_padding__hover=&#8221;|||&#8221;][et_pb_text _builder_version=&#8221;4.16&#8243; background_size=&#8221;initial&#8221; background_position=&#8221;top_left&#8221; background_repeat=&#8221;repeat&#8221; global_colors_info=&#8221;{}&#8221;]<\/p>\n<h1><strong>Einkaufsk\u00f6rbe aus China importieren<\/strong><\/h1>\n<p>Einkaufsk\u00f6rbe und Einkaufstaschen werden in gro\u00dfen Mengen in China hergestellt. Die praktischen Einkaufshelfer haben in der Regel einen Tragegriff und zur Stabilit\u00e4t des Korbes einen Alurahmen und lassen sich nach der Nutzung zusammenklappen und somit praktisch im Kofferraum verstauen. F\u00fcr den Einkauf von Tiefk\u00fchlkost oder um f\u00fcr ein Picknick z. B. Getr\u00e4nke k\u00fchl zu halten, gibt es die Einkaufsk\u00f6rbe und Einkaufstaschen meistens auch mit Thermo-Einlage. Mittlerweile lassen sich in China auch sehr hochwertige K\u00f6rbe und Taschen produzieren und es gibt die K\u00f6rbe in den unterschiedlichsten Versionen, wie z. B. aus Polyester oder geflochten z. B. aus Bambus, Weide oder Rattan.<\/p>\n<h2><strong>G\u00fcnstige Einkaufsk\u00f6rbe direkt aus China bestellen<\/strong><\/h2>\n<p>g\u00fcnstige Einkaufsk\u00f6rbe lassen sich direkt aus China bestellen. Je nach Gr\u00f6\u00dfe des Einkaufskorbs und je nach Packweise, lassen sich ca. 4000 bis 6000 Einkaufsk\u00f6rbe in einen 20 Fu\u00df Standard Container verstauen. In der Regel ist es m\u00f6glich die Farben dabei zu mischen, so dass man bei einem Einkauf von z. B. 5000 K\u00f6rben unter Umst\u00e4nden zehn unterschiedliche Farben unterbringen kann bzw. einen Teil mit Thermoeinlage und einen Teil als Standard-K\u00f6rbe. Somit kann man sich schnell ein breites Sortiment an K\u00f6rben unterschiedlicher Farben und Funktionen aufbauen. Durch den Direktbezug von der Fabrik in China k\u00f6nnen Sie die Einkaufskosten erheblich senken.<\/p>\n<h3><strong>Faltbarer Einkaufskorb als Werbeartikel<\/strong><\/h3>\n<p>Einkaufsk\u00f6rbe mit einem Aufdruck z. B. Ihrer Firma, eines Projekts oder eines Vereins eignen sich auch sehr gut als Werbeartikel. Da der Korb vom Nutzer in der \u00d6ffentlichkeit z. B. beim Einkaufen verwendet wird, platzieren Sie Ihr Logo bzw. Ihren Aufdruck \u00f6ffentlichkeitswirksam. Die Produktion inklusive dem Aufdruck l\u00e4sst sich direkt in China umsetzen. Viele Einkaufsk\u00f6rbe lassen sich mit kleinen Schrauben vom Aluminiumrahmen l\u00f6sen und auch noch nachtr\u00e4glich einzeln bedrucken, wenn Sie individuelle Artikel f\u00fcr Ihre Kunden anbieten m\u00f6chten.<br \/>\n[\/et_pb_text][\/et_pb_column][\/et_pb_row][\/et_pb_section][et_pb_section fb_built=&#8221;1&#8243; admin_label=&#8221;Testimonials&#8221; _builder_version=&#8221;4.16&#8243; use_background_color_gradient=&#8221;on&#8221; background_color_gradient_stops=&#8221;rgba(0,106,156,0.85) 0%|rgba(0,106,156,0.85) 100%&#8221; background_color_gradient_start=&#8221;rgba(0,106,156,0.85)&#8221; background_color_gradient_end=&#8221;rgba(0,106,156,0.85)&#8221; custom_padding=&#8221;90px||60px|&#8221; animation_style=&#8221;fold&#8221; animation_direction=&#8221;bottom&#8221; animation_intensity_fold=&#8221;4%&#8221; global_colors_info=&#8221;{}&#8221;][et_pb_row _builder_version=&#8221;4.16&#8243; background_size=&#8221;initial&#8221; background_position=&#8221;top_left&#8221; background_repeat=&#8221;repeat&#8221; custom_width_px=&#8221;710px&#8221; locked=&#8221;off&#8221; global_colors_info=&#8221;{}&#8221;][et_pb_column type=&#8221;4_4&#8243; _builder_version=&#8221;4.16&#8243; background_position=&#8221;top_left&#8221; custom_padding=&#8221;|||&#8221; global_colors_info=&#8221;{}&#8221; custom_padding__hover=&#8221;|||&#8221;][et_pb_text admin_label=&#8221;Testimonials Section Title&#8221; _builder_version=&#8221;4.16&#8243; header_font=&#8221;Montserrat||||&#8221; header_font_size=&#8221;36px&#8221; background_size=&#8221;initial&#8221; background_position=&#8221;top_left&#8221; background_repeat=&#8221;repeat&#8221; text_orientation=&#8221;center&#8221; background_layout=&#8221;dark&#8221; max_width=&#8221;710px&#8221; module_alignment=&#8221;center&#8221; animation_style=&#8221;fold&#8221; animation_direction=&#8221;bottom&#8221; animation_intensity_fold=&#8221;20%&#8221; global_colors_info=&#8221;{}&#8221;]<\/p>\n<h1>\u00dcber 5000 zufriedene Kunden.<\/h1>\n<p>&nbsp;<\/p>\n<p>[\/et_pb_text][et_pb_divider color=&#8221;#ffffff&#8221; divider_weight=&#8221;3px&#8221; disabled_on=&#8221;off|off|off&#8221; _builder_version=&#8221;4.16&#8243; background_color_gradient_direction=&#8221;90deg&#8221; max_width=&#8221;100px&#8221; module_alignment=&#8221;center&#8221; height=&#8221;5px&#8221; custom_margin=&#8221;||20px|&#8221; custom_padding=&#8221;||20px|&#8221; animation_style=&#8221;slide&#8221; animation_direction=&#8221;bottom&#8221; saved_tabs=&#8221;all&#8221; locked=&#8221;off&#8221; global_colors_info=&#8221;{}&#8221;][\/et_pb_divider][\/et_pb_column][\/et_pb_row][et_pb_row column_structure=&#8221;1_2,1_2&#8243; _builder_version=&#8221;4.18.1&#8243; _module_preset=&#8221;default&#8221; global_colors_info=&#8221;{}&#8221;][et_pb_column type=&#8221;1_2&#8243; _builder_version=&#8221;4.18.1&#8243; _module_preset=&#8221;default&#8221; global_colors_info=&#8221;{}&#8221;][et_pb_testimonial author=&#8221;Marco&#8221; portrait_url=&#8221;https:\/\/ag-frisch.com\/wp-content\/uploads\/2021\/08\/Harald.png&#8221; quote_icon=&#8221;off&#8221; _builder_version=&#8221;4.18.1&#8243; _module_preset=&#8221;default&#8221; body_font_size=&#8221;16px&#8221; use_background_color=&#8221;off&#8221; background_layout=&#8221;dark&#8221; global_colors_info=&#8221;{}&#8221;]Ich habe die Agentur Frisch beauftragt ein gr\u00f6\u00dferes M\u00f6belst\u00fcck in China produzieren zu lassen um es dann folglich nach Deutschland zu \u00fcberf\u00fchren. Per Mail erfolgte die ganze Zeit \u00fcber eine reibungslose Kommunikation! Sehr schnelle und zuverl\u00e4ssige Antworten vermittelten mir st\u00e4ndig die Sicherheiten, die bei so einen Unterfangen unerl\u00e4sslich sind. Jederzeit wurde mir durch den B\u00fcrokratiedschungel geholfen und dabei wurden keine Formulare vergessen oder falsch ausgef\u00fcllt. Sehr lobenswert!<a href=\"&lt;div class=&quot;pe-richsnippets&quot;&gt;&amp;nbsp;&lt;\/div&gt; &lt;script type=&quot;text\/javascript&quot; src=&quot;https:\/\/www.provenexpert.com\/widget\/richsnippet.js?u=1NUA0VwZ4RUZ5tmAi5zA4RaplNKAlWwZ&amp;v=2&quot; async&gt;&lt;\/script&gt; &lt;div style=&quot;text-align: justify;&quot;&gt;&lt;br \/&gt;\"><\/a><\/p>\n<div class=\"brow ratingBarMargin\">\n<div class=\"ratingBar\">\n<div class=\"brow\">\n<div class=\"pe-richsnippets\">&nbsp;<\/div>\n<p><script type=\"text\/javascript\" src=\"https:\/\/www.provenexpert.com\/widget\/richsnippet.js?u=1NUA0VwZ4RUZ5tmAi5zA4RaplNKAlWwZ&#038;v=2\" async><\/script><\/p>\n<div style=\"text-align: justify;\"><\/p>\n<div class=\"col-lg-9 col-md-8 col-xs-10 mt20 mb20\">\n<div class=\"col-xs-12 surveyNameForRating\"><\/div>\n<\/div>\n<\/div>\n<\/div>\n<\/div>\n<\/div>\n<p>[\/et_pb_testimonial][\/et_pb_column][et_pb_column type=&#8221;1_2&#8243; _builder_version=&#8221;4.18.1&#8243; _module_preset=&#8221;default&#8221; global_colors_info=&#8221;{}&#8221;][et_pb_testimonial author=&#8221;Simone L.&#8221; portrait_url=&#8221;https:\/\/ag-frisch.com\/wp-content\/uploads\/2021\/08\/Harald.png&#8221; quote_icon=&#8221;off&#8221; _builder_version=&#8221;4.18.1&#8243; _module_preset=&#8221;default&#8221; body_font_size=&#8221;16px&#8221; use_background_color=&#8221;off&#8221; background_layout=&#8221;dark&#8221; global_colors_info=&#8221;{}&#8221;]<\/p>\n<p>Alles Top. Besser geht nicht. Beratung und Durchf\u00fchrung kann man nicht besser machen. Wir sind nach mehreren Bestellungen bei diesem Unternehmen mehr als zufrieden und setzen die Zusammenarbeit fort.<\/p>\n<div class=\"brow ratingBarMargin\">\n<div class=\"ratingBar\">\n<div class=\"brow\">\n<div class=\"pe-richsnippets\">\u00a0<\/div>\n<p>\n<script type=\"text\/javascript\" src=\"https:\/\/www.provenexpert.com\/widget\/richsnippet.js?u=1NUA0VwZ4RUZ5tmAi5zA4RaplNKAlWwZ&amp;v=2\" async=\"\"><\/script>\n<\/p>\n<div style=\"text-align: justify;\">\n<p>&nbsp;<\/p>\n<div class=\"col-lg-9 col-md-8 col-xs-10 mt20 mb20\">\n<div class=\"col-xs-12 surveyNameForRating\"><\/div>\n<\/div>\n<\/div>\n<\/div>\n<\/div>\n<\/div>\n<p>[\/et_pb_testimonial][\/et_pb_column][\/et_pb_row][et_pb_row _builder_version=&#8221;4.16&#8243; background_size=&#8221;initial&#8221; background_position=&#8221;top_left&#8221; background_repeat=&#8221;repeat&#8221; custom_padding=&#8221;50px|0px|30px|0px&#8221; custom_css_main_element=&#8221;text-align: center;&#8221; global_colors_info=&#8221;{}&#8221;][et_pb_column type=&#8221;4_4&#8243; _builder_version=&#8221;4.16&#8243; custom_padding=&#8221;|||&#8221; global_colors_info=&#8221;{}&#8221; custom_padding__hover=&#8221;|||&#8221;][et_pb_button button_url=&#8221;https:\/\/www.provenexpert.com\/de-de\/agentur-frisch-international-consulting-gmbh-und-co-kg\/&#8221; button_text=&#8221;MEHR BEWERTUNGEN&#8221; button_alignment=&#8221;left&#8221; admin_label=&#8221;Testimonial Button&#8221; _builder_version=&#8221;4.16&#8243; custom_button=&#8221;on&#8221; button_text_size=&#8221;18px&#8221; button_text_color=&#8221;#ffffff&#8221; button_bg_color=&#8221;#6eba01&#8243; button_border_width=&#8221;2px&#8221; button_border_color=&#8221;#6eba01&#8243; button_border_radius=&#8221;0px&#8221; button_letter_spacing=&#8221;2px&#8221; button_font=&#8221;Montserrat|||on|&#8221; button_use_icon=&#8221;off&#8221; animation_style=&#8221;fold&#8221; animation_direction=&#8221;bottom&#8221; button_text_color_hover=&#8221;#ffffff&#8221; button_border_color_hover=&#8221;#ffffff&#8221; button_border_radius_hover=&#8221;0px&#8221; button_letter_spacing_hover=&#8221;2px&#8221; button_bg_color_hover=&#8221;rgba(255,255,255,0)&#8221; locked=&#8221;off&#8221; global_colors_info=&#8221;{}&#8221; button_text_size__hover_enabled=&#8221;off&#8221; button_one_text_size__hover_enabled=&#8221;off&#8221; button_two_text_size__hover_enabled=&#8221;off&#8221; button_text_color__hover_enabled=&#8221;on&#8221; button_text_color__hover=&#8221;#ffffff&#8221; button_one_text_color__hover_enabled=&#8221;off&#8221; button_two_text_color__hover_enabled=&#8221;off&#8221; button_border_width__hover_enabled=&#8221;off&#8221; button_one_border_width__hover_enabled=&#8221;off&#8221; button_two_border_width__hover_enabled=&#8221;off&#8221; button_border_color__hover_enabled=&#8221;on&#8221; button_border_color__hover=&#8221;#ffffff&#8221; button_one_border_color__hover_enabled=&#8221;off&#8221; button_two_border_color__hover_enabled=&#8221;off&#8221; button_border_radius__hover_enabled=&#8221;on&#8221; button_border_radius__hover=&#8221;0px&#8221; button_one_border_radius__hover_enabled=&#8221;off&#8221; button_two_border_radius__hover_enabled=&#8221;off&#8221; button_letter_spacing__hover_enabled=&#8221;on&#8221; button_letter_spacing__hover=&#8221;2px&#8221; button_one_letter_spacing__hover_enabled=&#8221;off&#8221; button_two_letter_spacing__hover_enabled=&#8221;off&#8221; button_bg_color__hover_enabled=&#8221;on&#8221; button_bg_color__hover=&#8221;rgba(255,255,255,0)&#8221; button_one_bg_color__hover_enabled=&#8221;off&#8221; button_two_bg_color__hover_enabled=&#8221;off&#8221;][\/et_pb_button][\/et_pb_column][\/et_pb_row][\/et_pb_section]<\/p>\n","protected":false},"excerpt":{"rendered":"<p>Die Agentur Frisch unterst\u00fctzt Sie beim Einkauf von Einkaufsk\u00f6rben, Einkaufstaschen und allen Arten von Taschen aus China von der ersten Anfrage bis zur Anlieferung.\u00a0Einkaufsk\u00f6rbe aus China importieren Einkaufsk\u00f6rbe und Einkaufstaschen werden in gro\u00dfen Mengen in China hergestellt. Die praktischen Einkaufshelfer haben in der Regel einen Tragegriff und zur Stabilit\u00e4t des Korbes einen Alurahmen und lassen [&hellip;]<\/p>\n","protected":false},"author":2,"featured_media":0,"parent":0,"menu_order":0,"comment_status":"closed","ping_status":"closed","template":"","meta":{"_et_pb_use_builder":"on","_et_pb_old_content":"<h1><strong>Einkaufsk\u00f6rbe aus China importieren<\/strong><\/h1><p>Einkaufsk\u00f6rbe und Einkaufstaschen werden in gro\u00dfen Mengen in China hergestellt. Die praktischen Einkaufshelfer haben in der Regel einen Tragegriff und zur Stabilit\u00e4t des Korbes einen Alurahmen und lassen sich nach der Nutzung zusammenklappen und somit praktisch im Kofferraum verstauen. F\u00fcr den Einkauf von Tiefk\u00fchlkost oder um f\u00fcr ein Picknick z. B. Getr\u00e4nke k\u00fchl zu halten, gibt es die Einkaufsk\u00f6rbe und Einkaufstaschen meistens auch mit Thermo-Einlage. Mittlerweile lassen sich in China auch sehr hochwertige K\u00f6rbe und Taschen produzieren und es gibt die K\u00f6rbe in den unterschiedlichsten Versionen, wie z. B. aus Polyester oder geflochten z. B. aus Bambus, Weide oder Rattan.\u00a0<\/p><h2><strong>G\u00fcnstige Einkaufsk\u00f6rbe direkt aus China bestellen<\/strong><\/h2><p>g\u00fcnstige Einkaufsk\u00f6rbe lassen sich direkt aus China bestellen. Je nach Gr\u00f6\u00dfe des Einkaufskorbs und je nach Packweise, lassen sich ca. 4000 bis 6000 Einkaufsk\u00f6rbe in einen 20 Fu\u00df Standard Container verstauen. In der Regel ist es m\u00f6glich die Farben dabei zu mischen, so dass man bei einem Einkauf von z. B. 5000 K\u00f6rben unter Umst\u00e4nden zehn unterschiedliche Farben unterbringen kann bzw. einen Teil mit Thermoeinlage und einen Teil als Standard-K\u00f6rbe. Somit kann man sich schnell ein breites Sortiment an K\u00f6rben unterschiedlicher Farben und Funktionen aufbauen. Durch den Direktbezug von der Fabrik in China k\u00f6nnen Sie die Einkaufskosten erheblich senken.\u00a0<\/p><h3><strong>Faltbarer Einkaufskorb als Werbeartikel<\/strong><\/h3><p>Einkaufsk\u00f6rbe mit einem Aufdruck z. B. Ihrer Firma, eines Projekts oder eines Vereins eignen sich auch sehr gut als Werbeartikel. Da der Korb vom Nutzer in der \u00d6ffentlichkeit z. B. beim Einkaufen verwendet wird, platzieren Sie Ihr Logo bzw. Ihren Aufdruck \u00f6ffentlichkeitswirksam. Die Produktion inklusive dem Aufdruck l\u00e4sst sich direkt in China umsetzen. Viele Einkaufsk\u00f6rbe lassen sich mit kleinen Schrauben vom Aluminiumrahmen l\u00f6sen und auch noch nachtr\u00e4glich einzeln bedrucken, wenn Sie individuelle Artikel f\u00fcr Ihre Kunden anbieten m\u00f6chten.\u00a0<\/p>","_et_gb_content_width":"","footnotes":""},"class_list":["post-7976","page","type-page","status-publish","hentry"],"yoast_head":"<!-- This site is optimized with the Yoast SEO plugin v27.2 - https:\/\/yoast.com\/product\/yoast-seo-wordpress\/ -->\n<title>Einkaufsk\u00f6rbe aus China importieren - Direktimport von Fabriken<\/title>\n<meta name=\"description\" content=\"Einkaufsk\u00f6rbe aus China importieren \u2713 Einkaufsk\u00f6rbe\u2713 Einkaufstaschen\u2713 Handtaschen\u2713 Rucks\u00e4cke\u2713\u25bb Wir helfen beim Import \u25bb Jetzt beraten lassen!\" \/>\n<meta name=\"robots\" content=\"index, follow, max-snippet:-1, max-image-preview:large, max-video-preview:-1\" \/>\n<link rel=\"canonical\" href=\"https:\/\/ag-frisch.com\/de\/einkaufskoerbe-aus-china\/\" \/>\n<meta property=\"og:locale\" content=\"de_DE\" \/>\n<meta property=\"og:type\" content=\"article\" \/>\n<meta property=\"og:title\" content=\"Einkaufsk\u00f6rbe aus China importieren - Direktimport von Fabriken\" \/>\n<meta property=\"og:description\" content=\"Einkaufsk\u00f6rbe aus China importieren \u2713 Einkaufsk\u00f6rbe\u2713 Einkaufstaschen\u2713 Handtaschen\u2713 Rucks\u00e4cke\u2713\u25bb Wir helfen beim Import \u25bb Jetzt beraten lassen!\" \/>\n<meta property=\"og:url\" content=\"https:\/\/ag-frisch.com\/de\/einkaufskoerbe-aus-china\/\" \/>\n<meta property=\"og:site_name\" content=\"China Import Beratung f\u00fcr den Einkauf aus China\" \/>\n<meta property=\"article:publisher\" content=\"https:\/\/www.facebook.com\/China.Import\" \/>\n<meta property=\"article:modified_time\" content=\"2023-01-23T22:09:38+00:00\" \/>\n<meta name=\"twitter:card\" content=\"summary_large_image\" \/>\n<meta name=\"twitter:site\" content=\"@agenturfrisch\" \/>\n<meta name=\"twitter:label1\" content=\"Gesch\u00e4tzte Lesezeit\" \/>\n\t<meta name=\"twitter:data1\" content=\"6\u00a0Minuten\" \/>\n<script type=\"application\/ld+json\" class=\"yoast-schema-graph\">{\"@context\":\"https:\/\/schema.org\",\"@graph\":[{\"@type\":\"WebPage\",\"@id\":\"https:\/\/ag-frisch.com\/de\/einkaufskoerbe-aus-china\/\",\"url\":\"https:\/\/ag-frisch.com\/de\/einkaufskoerbe-aus-china\/\",\"name\":\"Einkaufsk\u00f6rbe aus China importieren - Direktimport von Fabriken\",\"isPartOf\":{\"@id\":\"https:\/\/ag-frisch.com\/de\/#website\"},\"datePublished\":\"2023-01-23T22:05:50+00:00\",\"dateModified\":\"2023-01-23T22:09:38+00:00\",\"description\":\"Einkaufsk\u00f6rbe aus China importieren \u2713 Einkaufsk\u00f6rbe\u2713 Einkaufstaschen\u2713 Handtaschen\u2713 Rucks\u00e4cke\u2713\u25bb Wir helfen beim Import \u25bb Jetzt beraten lassen!\",\"breadcrumb\":{\"@id\":\"https:\/\/ag-frisch.com\/de\/einkaufskoerbe-aus-china\/#breadcrumb\"},\"inLanguage\":\"de\",\"potentialAction\":[{\"@type\":\"ReadAction\",\"target\":[\"https:\/\/ag-frisch.com\/de\/einkaufskoerbe-aus-china\/\"]}]},{\"@type\":\"BreadcrumbList\",\"@id\":\"https:\/\/ag-frisch.com\/de\/einkaufskoerbe-aus-china\/#breadcrumb\",\"itemListElement\":[{\"@type\":\"ListItem\",\"position\":1,\"name\":\"Startseite\",\"item\":\"https:\/\/ag-frisch.com\/de\/\"},{\"@type\":\"ListItem\",\"position\":2,\"name\":\"Einkaufsk\u00f6rbe aus China\"}]},{\"@type\":\"WebSite\",\"@id\":\"https:\/\/ag-frisch.com\/de\/#website\",\"url\":\"https:\/\/ag-frisch.com\/de\/\",\"name\":\"China Import Beratung f\u00fcr den Einkauf aus China\",\"description\":\"China Import &amp; Export Beratung - Der Dienstleister Ihres Vertrauens f\u00fcr Ihren China Import\",\"publisher\":{\"@id\":\"https:\/\/ag-frisch.com\/de\/#organization\"},\"potentialAction\":[{\"@type\":\"SearchAction\",\"target\":{\"@type\":\"EntryPoint\",\"urlTemplate\":\"https:\/\/ag-frisch.com\/de\/?s={search_term_string}\"},\"query-input\":{\"@type\":\"PropertyValueSpecification\",\"valueRequired\":true,\"valueName\":\"search_term_string\"}}],\"inLanguage\":\"de\"},{\"@type\":\"Organization\",\"@id\":\"https:\/\/ag-frisch.com\/de\/#organization\",\"name\":\"Agentur Frisch International Consulting GmbH & Co. KG\",\"url\":\"https:\/\/ag-frisch.com\/de\/\",\"logo\":{\"@type\":\"ImageObject\",\"inLanguage\":\"de\",\"@id\":\"https:\/\/ag-frisch.com\/de\/#\/schema\/logo\/image\/\",\"url\":\"https:\/\/ag-frisch.com\/wp-content\/uploads\/2021\/08\/ag_logo_rgb_300_small.png\",\"contentUrl\":\"https:\/\/ag-frisch.com\/wp-content\/uploads\/2021\/08\/ag_logo_rgb_300_small.png\",\"width\":153,\"height\":102,\"caption\":\"Agentur Frisch International Consulting GmbH & Co. KG\"},\"image\":{\"@id\":\"https:\/\/ag-frisch.com\/de\/#\/schema\/logo\/image\/\"},\"sameAs\":[\"https:\/\/www.facebook.com\/China.Import\",\"https:\/\/x.com\/agenturfrisch\"]}]}<\/script>\n<!-- \/ Yoast SEO plugin. -->","yoast_head_json":{"title":"Einkaufsk\u00f6rbe aus China importieren - Direktimport von Fabriken","description":"Einkaufsk\u00f6rbe aus China importieren \u2713 Einkaufsk\u00f6rbe\u2713 Einkaufstaschen\u2713 Handtaschen\u2713 Rucks\u00e4cke\u2713\u25bb Wir helfen beim Import \u25bb Jetzt beraten lassen!","robots":{"index":"index","follow":"follow","max-snippet":"max-snippet:-1","max-image-preview":"max-image-preview:large","max-video-preview":"max-video-preview:-1"},"canonical":"https:\/\/ag-frisch.com\/de\/einkaufskoerbe-aus-china\/","og_locale":"de_DE","og_type":"article","og_title":"Einkaufsk\u00f6rbe aus China importieren - Direktimport von Fabriken","og_description":"Einkaufsk\u00f6rbe aus China importieren \u2713 Einkaufsk\u00f6rbe\u2713 Einkaufstaschen\u2713 Handtaschen\u2713 Rucks\u00e4cke\u2713\u25bb Wir helfen beim Import \u25bb Jetzt beraten lassen!","og_url":"https:\/\/ag-frisch.com\/de\/einkaufskoerbe-aus-china\/","og_site_name":"China Import Beratung f\u00fcr den Einkauf aus China","article_publisher":"https:\/\/www.facebook.com\/China.Import","article_modified_time":"2023-01-23T22:09:38+00:00","twitter_card":"summary_large_image","twitter_site":"@agenturfrisch","twitter_misc":{"Gesch\u00e4tzte Lesezeit":"6\u00a0Minuten"},"schema":{"@context":"https:\/\/schema.org","@graph":[{"@type":"WebPage","@id":"https:\/\/ag-frisch.com\/de\/einkaufskoerbe-aus-china\/","url":"https:\/\/ag-frisch.com\/de\/einkaufskoerbe-aus-china\/","name":"Einkaufsk\u00f6rbe aus China importieren - Direktimport von Fabriken","isPartOf":{"@id":"https:\/\/ag-frisch.com\/de\/#website"},"datePublished":"2023-01-23T22:05:50+00:00","dateModified":"2023-01-23T22:09:38+00:00","description":"Einkaufsk\u00f6rbe aus China importieren \u2713 Einkaufsk\u00f6rbe\u2713 Einkaufstaschen\u2713 Handtaschen\u2713 Rucks\u00e4cke\u2713\u25bb Wir helfen beim Import \u25bb Jetzt beraten lassen!","breadcrumb":{"@id":"https:\/\/ag-frisch.com\/de\/einkaufskoerbe-aus-china\/#breadcrumb"},"inLanguage":"de","potentialAction":[{"@type":"ReadAction","target":["https:\/\/ag-frisch.com\/de\/einkaufskoerbe-aus-china\/"]}]},{"@type":"BreadcrumbList","@id":"https:\/\/ag-frisch.com\/de\/einkaufskoerbe-aus-china\/#breadcrumb","itemListElement":[{"@type":"ListItem","position":1,"name":"Startseite","item":"https:\/\/ag-frisch.com\/de\/"},{"@type":"ListItem","position":2,"name":"Einkaufsk\u00f6rbe aus China"}]},{"@type":"WebSite","@id":"https:\/\/ag-frisch.com\/de\/#website","url":"https:\/\/ag-frisch.com\/de\/","name":"China Import Beratung f\u00fcr den Einkauf aus China","description":"China Import &amp; Export Beratung - Der Dienstleister Ihres Vertrauens f\u00fcr Ihren China Import","publisher":{"@id":"https:\/\/ag-frisch.com\/de\/#organization"},"potentialAction":[{"@type":"SearchAction","target":{"@type":"EntryPoint","urlTemplate":"https:\/\/ag-frisch.com\/de\/?s={search_term_string}"},"query-input":{"@type":"PropertyValueSpecification","valueRequired":true,"valueName":"search_term_string"}}],"inLanguage":"de"},{"@type":"Organization","@id":"https:\/\/ag-frisch.com\/de\/#organization","name":"Agentur Frisch International Consulting GmbH & Co. KG","url":"https:\/\/ag-frisch.com\/de\/","logo":{"@type":"ImageObject","inLanguage":"de","@id":"https:\/\/ag-frisch.com\/de\/#\/schema\/logo\/image\/","url":"https:\/\/ag-frisch.com\/wp-content\/uploads\/2021\/08\/ag_logo_rgb_300_small.png","contentUrl":"https:\/\/ag-frisch.com\/wp-content\/uploads\/2021\/08\/ag_logo_rgb_300_small.png","width":153,"height":102,"caption":"Agentur Frisch International Consulting GmbH & Co. KG"},"image":{"@id":"https:\/\/ag-frisch.com\/de\/#\/schema\/logo\/image\/"},"sameAs":["https:\/\/www.facebook.com\/China.Import","https:\/\/x.com\/agenturfrisch"]}]}},"_links":{"self":[{"href":"https:\/\/ag-frisch.com\/de\/wp-json\/wp\/v2\/pages\/7976","targetHints":{"allow":["GET"]}}],"collection":[{"href":"https:\/\/ag-frisch.com\/de\/wp-json\/wp\/v2\/pages"}],"about":[{"href":"https:\/\/ag-frisch.com\/de\/wp-json\/wp\/v2\/types\/page"}],"author":[{"embeddable":true,"href":"https:\/\/ag-frisch.com\/de\/wp-json\/wp\/v2\/users\/2"}],"replies":[{"embeddable":true,"href":"https:\/\/ag-frisch.com\/de\/wp-json\/wp\/v2\/comments?post=7976"}],"version-history":[{"count":0,"href":"https:\/\/ag-frisch.com\/de\/wp-json\/wp\/v2\/pages\/7976\/revisions"}],"wp:attachment":[{"href":"https:\/\/ag-frisch.com\/de\/wp-json\/wp\/v2\/media?parent=7976"}],"curies":[{"name":"wp","href":"https:\/\/api.w.org\/{rel}","templated":true}]}}